{"id":9482,"date":"2024-06-20T08:49:02","date_gmt":"2024-06-20T00:49:02","guid":{"rendered":"https:\/\/theo.niranbio.com\/acide-dl-tartrique\/"},"modified":"2024-08-19T11:27:21","modified_gmt":"2024-08-19T03:27:21","slug":"acide-dl-tartrique","status":"publish","type":"product","link":"https:\/\/theo.niranbio.com\/fr\/acide-dl-tartrique.html","title":{"rendered":"Acide DL-Tartrique"},"content":{"rendered":"<h2><span class=\"ez-toc-section\" id=\"Quest-ce_que_lacide_DL-tartrique\"><\/span>Qu&rsquo;est-ce que l&rsquo;acide DL-tartrique ?<span class=\"ez-toc-section-end\"><\/span><\/h2>\n<p>L&rsquo;acide DL-tartrique se pr\u00e9sente sous forme de cristaux ou de poudre blancs, sans odeur irritante. L&rsquo;acide DL-tartrique se pr\u00e9sente sous forme de cristaux ou de poudre blancs, n&rsquo;a pas d&rsquo;odeur piquante, est relativement stable dans l&rsquo;air et peut \u00eatre utilis\u00e9 comme acidulant dans divers aliments. Son acidit\u00e9 est 1 fois sup\u00e9rieure \u00e0 celle de l&rsquo;acide citrique. Les m\u00e9thodes de production industrielle de l&rsquo;acide tartrique comprennent principalement l&rsquo;extraction, la synth\u00e8se chimique, la semi-synth\u00e8se et la fermentation, parmi lesquelles la plus populaire en Chine est la synth\u00e8se chimique.<\/p>\n<h3><span class=\"ez-toc-section\" id=\"1_Methode_dextraction\"><\/span>1. M\u00e9thode d&rsquo;extraction<span class=\"ez-toc-section-end\"><\/span><\/h3>\n<p>L&rsquo;acide tartrique est extrait \u00e0 partir des s\u00e9diments du fond du processus de vinification. Les principaux composants de cette substance sont l&rsquo;acide tartrique et le sel hydrog\u00e9n\u00e9 de potassium. Le tartre est broy\u00e9 et dissous, puis mis \u00e0 r\u00e9agir avec de l&rsquo;hydroxyde de calcium, puis du chlorure de calcium est ajout\u00e9 pour le transformer en sel de calcium. L&rsquo;acidification avec un l\u00e9ger exc\u00e8s d&rsquo;acide sulfurique permet d&rsquo;obtenir de l&rsquo;acide tartrique libre, qui est ensuite concentr\u00e9, raffin\u00e9 et s\u00e9ch\u00e9 pour obtenir de l&rsquo;acide tartrique solide.<\/p>\n<h3><span class=\"ez-toc-section\" id=\"2_Methode_de_synthese_chimique\"><\/span>2. M\u00e9thode de synth\u00e8se chimique<span class=\"ez-toc-section-end\"><\/span><\/h3>\n<p>\uff081\uff09Oxydation du benz\u00e8ne ou du naphtal\u00e8ne pour obtenir de l&rsquo;acide mal\u00e9ique et de l&rsquo;acide fumarique, puis ajout de peroxyde d&rsquo;hydrog\u00e8ne pour r\u00e9agir afin d&rsquo;obtenir de l&rsquo;acide DL-tartrique. \uff082\uff09L&rsquo;anhydride mal\u00e9ique peut \u00e9galement \u00eatre utilis\u00e9 comme mati\u00e8re premi\u00e8re, le peroxyde d&rsquo;hydrog\u00e8ne comme oxydant et l&rsquo;acide tungstique comme catalyseur pour g\u00e9n\u00e9rer de l&rsquo;acide \u00e9poxy succinique, qui est finalement hydrolys\u00e9 pour obtenir de l&rsquo;acide tartrique, puis le produit acide tartrique est finalement obtenu par refroidissement, cristallisation, s\u00e9paration, s\u00e9chage et d&rsquo;autres moyens de traitement.<\/p>\n<h3><span class=\"ez-toc-section\" id=\"3_Methode_semi-synthetique\"><\/span>3. M\u00e9thode semi-synth\u00e9tique<span class=\"ez-toc-section-end\"><\/span><\/h3>\n<p>L&rsquo;acide mal\u00e9ique est d&rsquo;abord \u00e9poxyd\u00e9 pour g\u00e9n\u00e9rer l&rsquo;acide cis-\u00e9poxy succinique et ses sels, puis l&rsquo;hydrolase d&rsquo;acide \u00e9poxy succinique est utilis\u00e9e pour l&rsquo;hydrolyser afin d&rsquo;obtenir de l&rsquo;acide tartrique. Une autre m\u00e9thode consiste \u00e0 utiliser le cis-\u00e9poxysuccinate disodique comme pr\u00e9curseur et \u00e0 obtenir finalement de l&rsquo;acide tartrique par fermentation. \u00c0 l&rsquo;heure actuelle, le taux de bioconversion de l&rsquo;acide tartrique obtenu par fermentation en laboratoire avec l&rsquo;acide cis-\u00e9poxysuccinique disodique comme substrat est de 100 %. La m\u00e9thode semi-synth\u00e9tique peut non seulement am\u00e9liorer le taux de conversion, mais \u00e9galement extraire des produits d&rsquo;une grande puret\u00e9 et d&rsquo;une bonne s\u00e9curit\u00e9.<\/p>\n<h3><span class=\"ez-toc-section\" id=\"4_Methode_de_fermentation\"><\/span>4. M\u00e9thode de fermentation<span class=\"ez-toc-section-end\"><\/span><\/h3>\n<p>La m\u00e9thode de fermentation utilise des cellules microbiennes pour convertir des compos\u00e9s contenant du carbone tels que le glucose et ses d\u00e9riv\u00e9s, les acides organiques, etc. en acide tartrique. D&rsquo;une mani\u00e8re g\u00e9n\u00e9rale, l&rsquo;investissement dans la production par fermentation est relativement faible et le co\u00fbt n&rsquo;est qu&rsquo;une fraction de celui de la m\u00e9thode de synth\u00e8se chimique. Elle est facile \u00e0 utiliser, dispose d&rsquo;une large source de mati\u00e8res premi\u00e8res et ne pr\u00e9sente pas les probl\u00e8mes de pollution caus\u00e9s par les m\u00e9thodes chimiques.<\/p>\n<h2><span class=\"ez-toc-section\" id=\"Parametres_associes\"><\/span>Param\u00e8tres associ\u00e9s :<span class=\"ez-toc-section-end\"><\/span><\/h2>\n<table>\n<tbody>\n<tr>\n<td colspan=\"2\">TITRE DE L&rsquo;INDEX<\/td>\n<td>INDEX<\/td>\n<td>R\u00c9SULTAT<\/td>\n<\/tr>\n<tr>\n<td rowspan=\"2\">Exigences sensorielles<\/td>\n<td>Couleur<\/td>\n<td>Blanc<\/td>\n<td>Blanc<\/td>\n<\/tr>\n<tr>\n<td>Forme<\/td>\n<td>Particules ou poudre<\/td>\n<td>Particules<\/td>\n<\/tr>\n<tr>\n<td colspan=\"2\">Analyse (sur la base de C4H6O6 \u00e0 l&rsquo;\u00e9tat sec) %<\/td>\n<td>\u226599.5<\/td>\n<td>99.8<\/td>\n<\/tr>\n<tr>\n<td colspan=\"2\">Point de fusion : \u2103<\/td>\n<td>200-206<\/td>\n<td>203.2-204.1<\/td>\n<\/tr>\n<tr>\n<td colspan=\"2\">Perte au s\u00e9chage : %<\/td>\n<td>\u22640.5<\/td>\n<td>0.02<\/td>\n<\/tr>\n<tr>\n<td colspan=\"2\">R\u00e9sidu d&rsquo;allumage : %<\/td>\n<td>\u22640.1<\/td>\n<td>0.04<\/td>\n<\/tr>\n<tr>\n<td colspan=\"2\">Test de sulfate : %<\/td>\n<td>\u22640.04<\/td>\n<td>&lt;0.04<\/td>\n<\/tr>\n<tr>\n<td colspan=\"2\">Substances facilement oxydables :<\/td>\n<td>Essai r\u00e9ussi<\/td>\n<td>\u00c9preuve r\u00e9ussie<\/td>\n<\/tr>\n<tr>\n<td colspan=\"2\">M\u00e9taux lourds [Pb]: mg\/kg<\/td>\n<td>\u226410.0<\/td>\n<td>&lt;10.0<\/td>\n<\/tr>\n<tr>\n<td colspan=\"2\">Arsenic [as As]: mg\/kg<\/td>\n<td>\u22642.0<\/td>\n<td>&lt;2.0<\/td>\n<\/tr>\n<tr>\n<td colspan=\"2\">Conclusion :<\/td>\n<td colspan=\"2\">Qualifi\u00e9<\/td>\n<\/tr>\n<\/tbody>\n<\/table>\n<h2><span class=\"ez-toc-section\" id=\"Dosage_recommande\"><\/span>Dosage recommand\u00e9 :<span class=\"ez-toc-section-end\"><\/span><\/h2>\n<table>\n<tbody>\n<tr>\n<td>Nom de l&rsquo;aliment<\/td>\n<td>Utilisation maximale (g\/kg)<\/td>\n<td>Annotation<\/td>\n<\/tr>\n<tr>\n<td>Bonbons<\/td>\n<td>18<\/td>\n<td>dl-acide tartrique uniquement, calcul\u00e9 en tant qu&rsquo;acide tartrique<\/td>\n<\/tr>\n<tr>\n<td>Assaisonnement compos\u00e9 solide<\/td>\n<td>10<\/td>\n<td>Calcul\u00e9 en tant qu&rsquo;acide tartrique<\/td>\n<\/tr>\n<tr>\n<td>Bouillon de poulet, poudre de poulet<\/td>\n<td>10<\/td>\n<td>Calcul\u00e9 en tant qu&rsquo;acide tartrique<\/td>\n<\/tr>\n<tr>\n<td>Boissons \u00e0 base de jus de fruits et de l\u00e9gumes (pulpe)<\/td>\n<td>5<\/td>\n<td>Calcul\u00e9e en tant qu&rsquo;acide tartrique, la quantit\u00e9 de boissons solides \u00e0 utiliser doit \u00eatre augment\u00e9e en fonction du multiple de dilution.<\/td>\n<\/tr>\n<tr>\n<td>Boissons \u00e0 base de prot\u00e9ines v\u00e9g\u00e9tales<\/td>\n<td>5<\/td>\n<td>Calcul\u00e9e en acide tartrique, la quantit\u00e9 de boissons solides \u00e0 utiliser doit \u00eatre augment\u00e9e en fonction du multiple de dilution.<\/td>\n<\/tr>\n<tr>\n<td>Boisson prot\u00e9in\u00e9e compos\u00e9e<\/td>\n<td>5<\/td>\n<td>Calcul\u00e9e en tant qu&rsquo;acide tartrique, la quantit\u00e9 de boissons solides \u00e0 utiliser doit \u00eatre augment\u00e9e en fonction du multiple de dilution.<\/td>\n<\/tr>\n<tr>\n<td>Boissons gazeuses<\/td>\n<td>5<\/td>\n<td>Calcul\u00e9e en tant qu&rsquo;acide tartrique, la quantit\u00e9 de boissons solides \u00e0 utiliser doit \u00eatre augment\u00e9e en fonction du multiple de dilution.<\/td>\n<\/tr>\n<tr>\n<td>Produits \u00e0 base de nouilles saut\u00e9es<\/td>\n<td>10<\/td>\n<td>Calcul\u00e9 en tant qu&rsquo;acide tartrique<\/td>\n<\/tr>\n<tr>\n<td>Th\u00e9, caf\u00e9, boissons v\u00e9g\u00e9tales (type)<\/td>\n<td>5<\/td>\n<td>Calcul\u00e9e en tant qu&rsquo;acide tartrique, la quantit\u00e9 de boissons solides \u00e0 utiliser doit \u00eatre augment\u00e9e en fonction du multiple de dilution.<\/td>\n<\/tr>\n<tr>\n<td>Boissons aromatis\u00e9es<\/td>\n<td>5<\/td>\n<td>Calcul\u00e9e en tant qu&rsquo;acide tartrique, la quantit\u00e9 de boissons solides \u00e0 utiliser doit \u00eatre augment\u00e9e en fonction du multiple de dilution.<\/td>\n<\/tr>\n<tr>\n<td>Vin<\/td>\n<td>4,0 g\/l<\/td>\n<td>Calcul\u00e9 en tant qu&rsquo;acide tartrique<\/td>\n<\/tr>\n<\/tbody>\n<\/table>\n<h2><span class=\"ez-toc-section\" id=\"Lacide_DL-tartrique_a_un_large_eventail_dutilisations\"><\/span>L&rsquo;acide DL-tartrique a un large \u00e9ventail d&rsquo;utilisations<span class=\"ez-toc-section-end\"><\/span><\/h2>\n<h3><span class=\"ez-toc-section\" id=\"1_Lindustrie_alimentaire\"><\/span>1. L&rsquo;industrie alimentaire<span class=\"ez-toc-section-end\"><\/span><\/h3>\n<p>En tant qu&rsquo;acidulant et stabilisateur, il est souvent utilis\u00e9 dans les produits de boulangerie tels que les g\u00e2teaux et le pain pour aider \u00e0 contr\u00f4ler l&rsquo;acidit\u00e9 et la stabilit\u00e9 des aliments.<\/p>\n<h3><span class=\"ez-toc-section\" id=\"2_Industrie_pharmaceutique\"><\/span>2. Industrie pharmaceutique<span class=\"ez-toc-section-end\"><\/span><\/h3>\n<p>Dans le processus pharmaceutique, l&rsquo;acide DL-tartrique peut \u00eatre utilis\u00e9 comme catalyseur ou agent neutralisant dans la r\u00e9action pour ajuster la valeur du pH du m\u00e9dicament et le processus de r\u00e9action chimique.<\/p>\n<h3><span class=\"ez-toc-section\" id=\"3_Autres_applications_industrielles\"><\/span>3. Autres applications industrielles :<span class=\"ez-toc-section-end\"><\/span><\/h3>\n<p>Par exemple, dans les industries du textile et du cuir, il est utilis\u00e9 comme produit chimique pour le d\u00e9capage et l&rsquo;ajustement du pH.<\/p>\n<h2><span class=\"ez-toc-section\" id=\"Question_posee_par_lutilisateur\"><\/span>Question pos\u00e9e par l&rsquo;utilisateur :<span class=\"ez-toc-section-end\"><\/span><\/h2>\n<p><strong>Question : Quelle est la diff\u00e9rence entre l\u2019acide DL-tartrique et l\u2019acide L-tartrique ?<\/strong><\/p>\n<p>R\u00e9ponse : Du point de vue du processus de production, l&rsquo;acide DL-tartrique est un m\u00e9lange obtenu par synth\u00e8se chimique, contenant des quantit\u00e9s \u00e9gales de mol\u00e9cules d&rsquo;acide tartrique gauche (L-) et droite (D-) ; l&rsquo;acide L-tartrique est un isom\u00e8re gauche pur qui existe naturellement ou est obtenu par une m\u00e9thode de synth\u00e8se sp\u00e9cifique.<\/p>\n<p>En termes d&rsquo;application, l&rsquo;acide DL-tartrique est g\u00e9n\u00e9ralement plus courant dans la fabrication d&rsquo;additifs alimentaires et d&rsquo;interm\u00e9diaires pharmaceutiques car il contient deux isom\u00e8res. L&rsquo;acide L-tartrique est principalement utilis\u00e9 dans les domaines qui n\u00e9cessitent une activit\u00e9 optique sp\u00e9cifique, comme la synth\u00e8se chimique et la recherche biologique.<\/p>\n","protected":false},"excerpt":{"rendered":"<ul>\n<li>CAS : 133-37-9<\/li>\n<li>Formule chimique: C<sub>4<\/sub>H<sub>6<\/sub>O<sub>6<\/sub><\/li>\n<li>Certifications : KOSHER, ISO, HALAL, FSSC 22000, BRC, etc.<\/li>\n<li>Quantit\u00e9 minimum de commande : 1000 kg<\/li>\n<li>Dur\u00e9e de conservation : 2 ans<\/li>\n<\/ul>\n","protected":false},"featured_media":9483,"template":"","meta":{"site-sidebar-layout":"default","site-content-layout":"","ast-site-content-layout":"default","site-content-style":"default","site-sidebar-style":"default","ast-global-header-display":"","ast-banner-title-visibility":"","ast-main-header-display":"","ast-hfb-above-header-display":"","ast-hfb-below-header-display":"","ast-hfb-mobile-header-display":"","site-post-title":"","ast-breadcrumbs-content":"","ast-featured-img":"","footer-sml-layout":"","theme-transparent-header-meta":"default","adv-header-id-meta":"","stick-header-meta":"","header-above-stick-meta":"","header-main-stick-meta":"","header-below-stick-meta":"","astra-migrate-meta-layouts":"set","ast-page-background-enabled":"default","ast-page-background-meta":{"desktop":{"background-color":"var(--ast-global-color-4)","background-image":"","background-repeat":"repeat","background-position":"center center","background-size":"auto","background-attachment":"scroll","background-type":"","background-media":"","overlay-type":"","overlay-color":"","overlay-opacity":"","overlay-gradient":""},"tablet":{"background-color":"","background-image":"","background-repeat":"repeat","background-position":"center center","background-size":"auto","background-attachment":"scroll","background-type":"","background-media":"","overlay-type":"","overlay-color":"","overlay-opacity":"","overlay-gradient":""},"mobile":{"background-color":"","background-image":"","background-repeat":"repeat","background-position":"center center","background-size":"auto","background-attachment":"scroll","background-type":"","background-media":"","overlay-type":"","overlay-color":"","overlay-opacity":"","overlay-gradient":""}},"ast-content-background-meta":{"desktop":{"background-color":"var(--ast-global-color-5)","background-image":"","background-repeat":"repeat","background-position":"center center","background-size":"auto","background-attachment":"scroll","background-type":"","background-media":"","overlay-type":"","overlay-color":"","overlay-opacity":"","overlay-gradient":""},"tablet":{"background-color":"var(--ast-global-color-5)","background-image":"","background-repeat":"repeat","background-position":"center center","background-size":"auto","background-attachment":"scroll","background-type":"","background-media":"","overlay-type":"","overlay-color":"","overlay-opacity":"","overlay-gradient":""},"mobile":{"background-color":"var(--ast-global-color-5)","background-image":"","background-repeat":"repeat","background-position":"center center","background-size":"auto","background-attachment":"scroll","background-type":"","background-media":"","overlay-type":"","overlay-color":"","overlay-opacity":"","overlay-gradient":""}}},"product_brand":[],"product_cat":[101],"product_tag":[],"class_list":{"0":"post-9482","1":"product","2":"type-product","3":"status-publish","4":"has-post-thumbnail","6":"product_cat-produit-acidulant","7":"desktop-align-center","8":"tablet-align-left","9":"mobile-align-left","11":"first","12":"instock","13":"shipping-taxable","14":"product-type-simple"},"yoast_head":"<!-- This site is optimized with the Yoast SEO plugin v26.5 - https:\/\/yoast.com\/wordpress\/plugins\/seo\/ -->\n<title>Fournisseur d&#039;acide DL-tartrique, poudre d&#039;acide DL-tartrique de qualit\u00e9 alimentaire | Niranbio Chemical<\/title>\n<meta name=\"description\" content=\"Notre acide DL-tartrique est une poudre cristalline blanche qui pr\u00e9sente un go\u00fbt acidul\u00e9 caract\u00e9ristique et pr\u00e9sente une bonne compatibilit\u00e9 avec d\u2019autres ingr\u00e9dients.\" \/>\n<meta name=\"robots\" content=\"noindex, follow, max-snippet:-1, max-image-preview:large, max-video-preview:-1\" \/>\n<meta name=\"twitter:label1\" content=\"Dur\u00e9e de lecture estim\u00e9e\" \/>\n\t<meta name=\"twitter:data1\" content=\"5 minutes\" \/>\n<script type=\"application\/ld+json\" class=\"yoast-schema-graph\">{\"@context\":\"https:\/\/schema.org\",\"@graph\":[{\"@type\":\"WebPage\",\"@id\":\"https:\/\/theo.niranbio.com\/fr\/acide-dl-tartrique.html\",\"url\":\"https:\/\/theo.niranbio.com\/fr\/acide-dl-tartrique.html\",\"name\":\"Fournisseur d'acide DL-tartrique, poudre d'acide DL-tartrique de qualit\u00e9 alimentaire | Niranbio Chemical\",\"isPartOf\":{\"@id\":\"https:\/\/theo.niranbio.com\/fr\/#website\"},\"primaryImageOfPage\":{\"@id\":\"https:\/\/theo.niranbio.com\/fr\/acide-dl-tartrique.html#primaryimage\"},\"image\":{\"@id\":\"https:\/\/theo.niranbio.com\/fr\/acide-dl-tartrique.html#primaryimage\"},\"thumbnailUrl\":\"https:\/\/theo.niranbio.com\/wp-content\/uploads\/2024\/06\/DL-Tartaric-Acid.webp\",\"datePublished\":\"2024-06-20T00:49:02+00:00\",\"dateModified\":\"2024-08-19T03:27:21+00:00\",\"description\":\"Notre acide DL-tartrique est une poudre cristalline blanche qui pr\u00e9sente un go\u00fbt acidul\u00e9 caract\u00e9ristique et pr\u00e9sente une bonne compatibilit\u00e9 avec d\u2019autres ingr\u00e9dients.\",\"breadcrumb\":{\"@id\":\"https:\/\/theo.niranbio.com\/fr\/acide-dl-tartrique.html#breadcrumb\"},\"inLanguage\":\"fr-FR\",\"potentialAction\":[{\"@type\":\"ReadAction\",\"target\":[\"https:\/\/theo.niranbio.com\/fr\/acide-dl-tartrique.html\"]}]},{\"@type\":\"ImageObject\",\"inLanguage\":\"fr-FR\",\"@id\":\"https:\/\/theo.niranbio.com\/fr\/acide-dl-tartrique.html#primaryimage\",\"url\":\"https:\/\/theo.niranbio.com\/wp-content\/uploads\/2024\/06\/DL-Tartaric-Acid.webp\",\"contentUrl\":\"https:\/\/theo.niranbio.com\/wp-content\/uploads\/2024\/06\/DL-Tartaric-Acid.webp\",\"width\":600,\"height\":600,\"caption\":\"Acide DL-tartrique\"},{\"@type\":\"BreadcrumbList\",\"@id\":\"https:\/\/theo.niranbio.com\/fr\/acide-dl-tartrique.html#breadcrumb\",\"itemListElement\":[{\"@type\":\"ListItem\",\"position\":1,\"name\":\"Home\",\"item\":\"https:\/\/theo.niranbio.com\/fr\/\"},{\"@type\":\"ListItem\",\"position\":2,\"name\":\"Produits\",\"item\":\"https:\/\/theo.niranbio.com\/fr\/produits.html\"},{\"@type\":\"ListItem\",\"position\":3,\"name\":\"Acidulant\",\"item\":\"https:\/\/theo.niranbio.com\/fr\/produit-acidulant\/\"},{\"@type\":\"ListItem\",\"position\":4,\"name\":\"Acide DL-Tartrique\"}]},{\"@type\":\"WebSite\",\"@id\":\"https:\/\/theo.niranbio.com\/fr\/#website\",\"url\":\"https:\/\/theo.niranbio.com\/fr\/\",\"name\":\"Niranbio Chemical\",\"description\":\"\",\"publisher\":{\"@id\":\"https:\/\/theo.niranbio.com\/fr\/#organization\"},\"potentialAction\":[{\"@type\":\"SearchAction\",\"target\":{\"@type\":\"EntryPoint\",\"urlTemplate\":\"https:\/\/theo.niranbio.com\/fr\/?s={search_term_string}\"},\"query-input\":{\"@type\":\"PropertyValueSpecification\",\"valueRequired\":true,\"valueName\":\"search_term_string\"}}],\"inLanguage\":\"fr-FR\"},{\"@type\":\"Organization\",\"@id\":\"https:\/\/theo.niranbio.com\/fr\/#organization\",\"name\":\"Niranbio Chemical\",\"url\":\"https:\/\/theo.niranbio.com\/fr\/\",\"logo\":{\"@type\":\"ImageObject\",\"inLanguage\":\"fr-FR\",\"@id\":\"https:\/\/theo.niranbio.com\/fr\/#\/schema\/logo\/image\/\",\"url\":\"https:\/\/theo.niranbio.com\/wp-content\/uploads\/2024\/06\/Niranbio.png\",\"contentUrl\":\"https:\/\/theo.niranbio.com\/wp-content\/uploads\/2024\/06\/Niranbio.png\",\"width\":270,\"height\":100,\"caption\":\"Niranbio Chemical\"},\"image\":{\"@id\":\"https:\/\/theo.niranbio.com\/fr\/#\/schema\/logo\/image\/\"}}]}<\/script>\n<!-- \/ Yoast SEO plugin. -->","yoast_head_json":{"title":"Fournisseur d'acide DL-tartrique, poudre d'acide DL-tartrique de qualit\u00e9 alimentaire | Niranbio Chemical","description":"Notre acide DL-tartrique est une poudre cristalline blanche qui pr\u00e9sente un go\u00fbt acidul\u00e9 caract\u00e9ristique et pr\u00e9sente une bonne compatibilit\u00e9 avec d\u2019autres ingr\u00e9dients.","robots":{"index":"noindex","follow":"follow","max-snippet":"max-snippet:-1","max-image-preview":"max-image-preview:large","max-video-preview":"max-video-preview:-1"},"twitter_misc":{"Dur\u00e9e de lecture estim\u00e9e":"5 minutes"},"schema":{"@context":"https:\/\/schema.org","@graph":[{"@type":"WebPage","@id":"https:\/\/theo.niranbio.com\/fr\/acide-dl-tartrique.html","url":"https:\/\/theo.niranbio.com\/fr\/acide-dl-tartrique.html","name":"Fournisseur d'acide DL-tartrique, poudre d'acide DL-tartrique de qualit\u00e9 alimentaire | Niranbio Chemical","isPartOf":{"@id":"https:\/\/theo.niranbio.com\/fr\/#website"},"primaryImageOfPage":{"@id":"https:\/\/theo.niranbio.com\/fr\/acide-dl-tartrique.html#primaryimage"},"image":{"@id":"https:\/\/theo.niranbio.com\/fr\/acide-dl-tartrique.html#primaryimage"},"thumbnailUrl":"https:\/\/theo.niranbio.com\/wp-content\/uploads\/2024\/06\/DL-Tartaric-Acid.webp","datePublished":"2024-06-20T00:49:02+00:00","dateModified":"2024-08-19T03:27:21+00:00","description":"Notre acide DL-tartrique est une poudre cristalline blanche qui pr\u00e9sente un go\u00fbt acidul\u00e9 caract\u00e9ristique et pr\u00e9sente une bonne compatibilit\u00e9 avec d\u2019autres ingr\u00e9dients.","breadcrumb":{"@id":"https:\/\/theo.niranbio.com\/fr\/acide-dl-tartrique.html#breadcrumb"},"inLanguage":"fr-FR","potentialAction":[{"@type":"ReadAction","target":["https:\/\/theo.niranbio.com\/fr\/acide-dl-tartrique.html"]}]},{"@type":"ImageObject","inLanguage":"fr-FR","@id":"https:\/\/theo.niranbio.com\/fr\/acide-dl-tartrique.html#primaryimage","url":"https:\/\/theo.niranbio.com\/wp-content\/uploads\/2024\/06\/DL-Tartaric-Acid.webp","contentUrl":"https:\/\/theo.niranbio.com\/wp-content\/uploads\/2024\/06\/DL-Tartaric-Acid.webp","width":600,"height":600,"caption":"Acide DL-tartrique"},{"@type":"BreadcrumbList","@id":"https:\/\/theo.niranbio.com\/fr\/acide-dl-tartrique.html#breadcrumb","itemListElement":[{"@type":"ListItem","position":1,"name":"Home","item":"https:\/\/theo.niranbio.com\/fr\/"},{"@type":"ListItem","position":2,"name":"Produits","item":"https:\/\/theo.niranbio.com\/fr\/produits.html"},{"@type":"ListItem","position":3,"name":"Acidulant","item":"https:\/\/theo.niranbio.com\/fr\/produit-acidulant\/"},{"@type":"ListItem","position":4,"name":"Acide DL-Tartrique"}]},{"@type":"WebSite","@id":"https:\/\/theo.niranbio.com\/fr\/#website","url":"https:\/\/theo.niranbio.com\/fr\/","name":"Niranbio Chemical","description":"","publisher":{"@id":"https:\/\/theo.niranbio.com\/fr\/#organization"},"potentialAction":[{"@type":"SearchAction","target":{"@type":"EntryPoint","urlTemplate":"https:\/\/theo.niranbio.com\/fr\/?s={search_term_string}"},"query-input":{"@type":"PropertyValueSpecification","valueRequired":true,"valueName":"search_term_string"}}],"inLanguage":"fr-FR"},{"@type":"Organization","@id":"https:\/\/theo.niranbio.com\/fr\/#organization","name":"Niranbio Chemical","url":"https:\/\/theo.niranbio.com\/fr\/","logo":{"@type":"ImageObject","inLanguage":"fr-FR","@id":"https:\/\/theo.niranbio.com\/fr\/#\/schema\/logo\/image\/","url":"https:\/\/theo.niranbio.com\/wp-content\/uploads\/2024\/06\/Niranbio.png","contentUrl":"https:\/\/theo.niranbio.com\/wp-content\/uploads\/2024\/06\/Niranbio.png","width":270,"height":100,"caption":"Niranbio Chemical"},"image":{"@id":"https:\/\/theo.niranbio.com\/fr\/#\/schema\/logo\/image\/"}}]}},"_links":{"self":[{"href":"https:\/\/theo.niranbio.com\/fr\/wp-json\/wp\/v2\/product\/9482","targetHints":{"allow":["GET"]}}],"collection":[{"href":"https:\/\/theo.niranbio.com\/fr\/wp-json\/wp\/v2\/product"}],"about":[{"href":"https:\/\/theo.niranbio.com\/fr\/wp-json\/wp\/v2\/types\/product"}],"version-history":[{"count":0,"href":"https:\/\/theo.niranbio.com\/fr\/wp-json\/wp\/v2\/product\/9482\/revisions"}],"wp:featuredmedia":[{"embeddable":true,"href":"https:\/\/theo.niranbio.com\/fr\/wp-json\/wp\/v2\/media\/9483"}],"wp:attachment":[{"href":"https:\/\/theo.niranbio.com\/fr\/wp-json\/wp\/v2\/media?parent=9482"}],"wp:term":[{"taxonomy":"product_brand","embeddable":true,"href":"https:\/\/theo.niranbio.com\/fr\/wp-json\/wp\/v2\/product_brand?post=9482"},{"taxonomy":"product_cat","embeddable":true,"href":"https:\/\/theo.niranbio.com\/fr\/wp-json\/wp\/v2\/product_cat?post=9482"},{"taxonomy":"product_tag","embeddable":true,"href":"https:\/\/theo.niranbio.com\/fr\/wp-json\/wp\/v2\/product_tag?post=9482"}],"curies":[{"name":"wp","href":"https:\/\/api.w.org\/{rel}","templated":true}]}}