{"id":9479,"date":"2024-06-19T16:33:20","date_gmt":"2024-06-19T08:33:20","guid":{"rendered":"https:\/\/theo.niranbio.com\/dap-phosphate-diammonique\/"},"modified":"2024-08-19T14:26:31","modified_gmt":"2024-08-19T06:26:31","slug":"dap-phosphate-diammonique","status":"publish","type":"product","link":"https:\/\/theo.niranbio.com\/fr\/dap-phosphate-diammonique.html","title":{"rendered":"DAP \u2014 Phosphate diammonique"},"content":{"rendered":"<h2><span class=\"ez-toc-section\" id=\"Quest-ce_que_le_phosphate_diammonique\"><\/span>Qu&rsquo;est-ce que le phosphate diammonique ?<span class=\"ez-toc-section-end\"><\/span><\/h2>\n<p>Le phosphate diammonique est un sel inorganique qui ressemble \u00e0 une poudre ou \u00e0 un cristal blanc. Il n&rsquo;est pas facilement expos\u00e9 \u00e0 l&rsquo;air, est facilement soluble dans l&rsquo;eau et insoluble dans l&rsquo;alcool. Il est largement utilis\u00e9 dans le secteur de la transformation des aliments et trouve \u00e9galement une certaine utilisation dans les secteurs chimique, agricole et de l&rsquo;\u00e9levage. Il existe deux proc\u00e9d\u00e9s de pr\u00e9paration du phosphate diammonique en Chine. Le premier est la m\u00e9thode de neutralisation, qui utilise de l&rsquo;acide phosphorique et de l&rsquo;eau ammoniacale pour r\u00e9agir afin de produire du phosphate diammonique.<\/p>\n<p>Des r\u00e9acteurs sont g\u00e9n\u00e9ralement utilis\u00e9s pour effectuer la r\u00e9action. Les conditions de r\u00e9action telles que la temp\u00e9rature, la valeur du pH et le temps de r\u00e9action sont contr\u00f4l\u00e9es pour garantir que la puret\u00e9 et la qualit\u00e9 du produit r\u00e9pondent aux normes de qualit\u00e9 alimentaire. C&rsquo;est \u00e9galement le proc\u00e9d\u00e9 de pr\u00e9paration le plus utilis\u00e9 en Chine. L&rsquo;autre est la r\u00e9action de neutralisation de l&rsquo;acide phosphorique humide et de l&rsquo;ammoniac liquide. Cette m\u00e9thode ajoute d&rsquo;abord une certaine quantit\u00e9 de peroxyde d&rsquo;hydrog\u00e8ne \u00e0 l&rsquo;acide phosphorique d&rsquo;extraction humide pour oxyder le fer divalent dans l&rsquo;acide phosphorique, puis r\u00e9agit avec le gaz ammoniac. Apr\u00e8s filtrage par pressage, concentration, cristallisation par refroidissement, s\u00e9paration centrifuge et s\u00e9chage, on obtient du phosphate d&rsquo;hydrog\u00e8ne diammonique.<\/p>\n<h2><span class=\"ez-toc-section\" id=\"Parametres_associes\"><\/span>Param\u00e8tres associ\u00e9s :<span class=\"ez-toc-section-end\"><\/span><\/h2>\n<table>\n<tbody>\n<tr>\n<td><strong>\u00c9L\u00c9MENT D&rsquo;INSPECTION<\/strong><\/td>\n<td><strong>STANDARD<\/strong><\/td>\n<\/tr>\n<tr>\n<td>CONTENU PRINCIPAL (EN TANT QUE (NH4)2HPO4) W\/% \u2265<\/td>\n<td>99.0<\/td>\n<\/tr>\n<tr>\n<td>PENTOXYDE DE PHOSPHORE (SOUS FORME DE P2O5) P\/% \u2265<\/td>\n<td>53.0<\/td>\n<\/tr>\n<tr>\n<td>AZOTE TOTAL (N) P\/% \u2265<\/td>\n<td>21.0<\/td>\n<\/tr>\n<tr>\n<td>HUMIDIT\u00c9 W\/% \u2264<\/td>\n<td>0.2<\/td>\n<\/tr>\n<tr>\n<td>INSOLUBLE DANS L&rsquo;EAU W\/% \u2264<\/td>\n<td>0.1<\/td>\n<\/tr>\n<tr>\n<td>FLUORURE (SOUS FORME DE F) MG\/KG \u2264<\/td>\n<td>10<\/td>\n<\/tr>\n<tr>\n<td>ARSENIC (EN TANT QUE) MG\/KG \u2264<\/td>\n<td>3<\/td>\n<\/tr>\n<tr>\n<td>M\u00c9TAL LOURD (EN TANT QUE PB) MG\/KG \u2264<\/td>\n<td>10<\/td>\n<\/tr>\n<tr>\n<td>PLOMB (EN TANT QUE PB) MG\/KG \u2264<\/td>\n<td>4<\/td>\n<\/tr>\n<tr>\n<td>VALEUR DU PH DE LA SOLUTION 10G\/L<\/td>\n<td>7.6-8.2<\/td>\n<\/tr>\n<tr>\n<td>CHLORE (EN TANT QUE CL) MG\/KG \u2264<\/td>\n<td>10<\/td>\n<\/tr>\n<tr>\n<td>SULFATE (SOUS FORME DE SO4) MG\/KG \u2264<\/td>\n<td>50<\/td>\n<\/tr>\n<tr>\n<td>FERRUM (AS FE) MG\/KG \u2264<\/td>\n<td>10<\/td>\n<\/tr>\n<tr>\n<td>TAILLE DES PARTICULES (20-60 MESH) W\/% \u2265<\/td>\n<td>75<\/td>\n<\/tr>\n<\/tbody>\n<\/table>\n<h2><span class=\"ez-toc-section\" id=\"Dosage_recommande\"><\/span>Dosage recommand\u00e9 :<span class=\"ez-toc-section-end\"><\/span><\/h2>\n<table>\n<tbody>\n<tr>\n<td><strong>Nom de l&rsquo;aliment<\/strong><\/td>\n<td><strong>Utilisation maximale (g\/kg)<\/strong><\/td>\n<\/tr>\n<tr>\n<td>Pain<\/td>\n<td>2-5 g\/kg<\/td>\n<\/tr>\n<tr>\n<td>Biscuits<\/td>\n<td>2-4 g\/kg<\/td>\n<\/tr>\n<tr>\n<td>Produits ferment\u00e9s \u00e0 la levure<\/td>\n<td>1-3 g\/kg<\/td>\n<\/tr>\n<tr>\n<td>Boissons gazeuses<\/td>\n<td>0,5-1 g\/kg<\/td>\n<\/tr>\n<tr>\n<td>Fromage<\/td>\n<td>0,5-1 g\/kg<\/td>\n<\/tr>\n<tr>\n<td>Yaourt<\/td>\n<td>0,5-1 g\/kg<\/td>\n<\/tr>\n<tr>\n<td>Fruits en conserve<\/td>\n<td>0,5-1 g\/kg<\/td>\n<\/tr>\n<tr>\n<td>Produits \u00e0 base de viande<\/td>\n<td>2-4 g\/kg<\/td>\n<\/tr>\n<tr>\n<td>Saucisses<\/td>\n<td>2-4 g\/kg<\/td>\n<\/tr>\n<tr>\n<td>Poisson en conserve<\/td>\n<td>0,5-1 g\/kg<\/td>\n<\/tr>\n<tr>\n<td>Produits \u00e0 base de soja<\/td>\n<td>1-2 g\/kg<\/td>\n<\/tr>\n<tr>\n<td>Assaisonnements<\/td>\n<td>0,5-1 g\/kg<\/td>\n<\/tr>\n<tr>\n<td>Vinaigrette<\/td>\n<td>1-2 g\/kg<\/td>\n<\/tr>\n<tr>\n<td>Chocolat<\/td>\n<td>1-2 g\/kg<\/td>\n<\/tr>\n<tr>\n<td>Bonbons<\/td>\n<td>1-2 g\/kg<\/td>\n<\/tr>\n<tr>\n<td>Sauce soja<\/td>\n<td>1-2 g\/kg<\/td>\n<\/tr>\n<tr>\n<td>Vinaigre<\/td>\n<td>0,5-1 g\/kg<\/td>\n<\/tr>\n<tr>\n<td>Confiture<\/td>\n<td>1-2 g\/kg<\/td>\n<\/tr>\n<\/tbody>\n<\/table>\n<h2><span class=\"ez-toc-section\" id=\"Le_phosphate_diammonique_a_une_large_gamme_dutilisations\"><\/span>Le phosphate diammonique a une large gamme d&rsquo;utilisations<span class=\"ez-toc-section-end\"><\/span><\/h2>\n<p>1. R\u00e9gulateur acide-base : utilis\u00e9 pour ajuster la valeur du pH des aliments, am\u00e9liorer le go\u00fbt et l&rsquo;effet de conservation.<\/p>\n<p>2. Agent levant : joue un r\u00f4le dans l&rsquo;effet moelleux des produits de boulangerie, rendant le pain, les g\u00e2teaux, etc. plus moelleux.<\/p>\n<p>3. Agent anti-brunissement : peut emp\u00eacher le brunissement des fruits et l\u00e9gumes apr\u00e8s la coupe et maintenir la couleur des ingr\u00e9dients.<\/p>\n<p>4. Agent anti-agglom\u00e9rant : peut emp\u00eacher les substances en poudre de s&rsquo;agglom\u00e9rer pendant la transformation des aliments et aider \u00e0 maintenir un \u00e9tat sec.<\/p>\n<p>5. Antioxydant : peut prolonger la dur\u00e9e de conservation des aliments et ralentir la d\u00e9t\u00e9rioration des aliments.<\/p>\n<p>6. Tampon pH : en ajustant le pH des aliments, stabilisez la valeur du pH des aliments et maintenez la stabilit\u00e9 des aliments.<\/p>\n<h2><span class=\"ez-toc-section\" id=\"Question_posee_par_lutilisateur\"><\/span>Question pos\u00e9e par l&rsquo;utilisateur :<span class=\"ez-toc-section-end\"><\/span><\/h2>\n<p><strong>Question : Quel effet le phosphate diammonique a-t-il sur la levure ?<\/strong><\/p>\n<p>R\u00e9ponse : L&rsquo;industrie alimentaire utilise principalement le phosphate diammonique de qualit\u00e9 alimentaire comme agent levant, r\u00e9gulateur de p\u00e2te, aliment de levure et auxiliaire de fermentation de brassage. Il joue un r\u00f4le important dans le processus de fermentation, favorisant la croissance de la levure, ajustant la valeur du pH, am\u00e9liorant la texture et le go\u00fbt de la p\u00e2te et augmentant la capacit\u00e9 de r\u00e9tention d&rsquo;eau de la p\u00e2te, am\u00e9liorant ainsi la qualit\u00e9 et le go\u00fbt des aliments.<\/p>\n<p>En particulier lors de la fabrication d&rsquo;aliments ferment\u00e9s tels que le pain et les p\u00e2tisseries, l&rsquo;ajout d&rsquo;une quantit\u00e9 appropri\u00e9e de phosphate diammonique de qualit\u00e9 alimentaire peut am\u00e9liorer la qualit\u00e9 et le go\u00fbt des aliments. \u200c De plus, le phosphate diammonique peut \u00e9galement augmenter la valeur nutritionnelle des aliments car il fournit aux cellules de levure deux nutriments importants, le phosphore et l&rsquo;azote, aide la levure \u00e0 absorber d&rsquo;autres oligo-\u00e9l\u00e9ments, acc\u00e9l\u00e8re les r\u00e9actions de fermentation, contr\u00f4le la valeur du pH de la p\u00e2te et renforce et conditionne le m\u00e9lange de p\u00e2te.<\/p>\n<p><strong>Question : Quelle est l\u2019utilisation du phosphate diammonique dans la vinification ?<\/strong><\/p>\n<p>R\u00e9ponse : Le phosphate diammonique est g\u00e9n\u00e9ralement utilis\u00e9 comme sel nutritif et r\u00e9gulateur dans la vinification. Il peut fournir les sources d&rsquo;azote et de phosphore n\u00e9cessaires aux cellules de levure, favoriser la croissance des levures et le processus de fermentation. De plus, le phosphate diammonique peut \u00e9galement ajuster la valeur du pH du vin, aider \u00e0 maintenir l&rsquo;acidit\u00e9 et l&rsquo;alcalinit\u00e9 appropri\u00e9es et aider \u00e0 infuser enfin le go\u00fbt et la saveur id\u00e9aux.<\/p>\n","protected":false},"excerpt":{"rendered":"<ul>\n<li>CAS: 7783-28-0<\/li>\n<li>Formule chimique: (NH<sub>4<\/sub>)<sub>2<\/sub>HPO<sub>4<\/sub><\/li>\n<li>Certifications : KOSHER, ISO, HALAL, FSSC 22000, BRC, etc.<\/li>\n<li>Quantit\u00e9 minimum de commande : 1000 kg<\/li>\n<li>Dur\u00e9e de conservation : 2 ans<\/li>\n<\/ul>\n<div id=\"gtx-trans\" style=\"position: absolute; left: -33px; top: 86.1094px;\">\n<div class=\"gtx-trans-icon\"><\/div>\n<\/div>\n","protected":false},"featured_media":9492,"template":"","meta":{"site-sidebar-layout":"default","site-content-layout":"","ast-site-content-layout":"default","site-content-style":"default","site-sidebar-style":"default","ast-global-header-display":"","ast-banner-title-visibility":"","ast-main-header-display":"","ast-hfb-above-header-display":"","ast-hfb-below-header-display":"","ast-hfb-mobile-header-display":"","site-post-title":"","ast-breadcrumbs-content":"","ast-featured-img":"","footer-sml-layout":"","theme-transparent-header-meta":"default","adv-header-id-meta":"","stick-header-meta":"","header-above-stick-meta":"","header-main-stick-meta":"","header-below-stick-meta":"","astra-migrate-meta-layouts":"set","ast-page-background-enabled":"default","ast-page-background-meta":{"desktop":{"background-color":"var(--ast-global-color-4)","background-image":"","background-repeat":"repeat","background-position":"center center","background-size":"auto","background-attachment":"scroll","background-type":"","background-media":"","overlay-type":"","overlay-color":"","overlay-opacity":"","overlay-gradient":""},"tablet":{"background-color":"","background-image":"","background-repeat":"repeat","background-position":"center center","background-size":"auto","background-attachment":"scroll","background-type":"","background-media":"","overlay-type":"","overlay-color":"","overlay-opacity":"","overlay-gradient":""},"mobile":{"background-color":"","background-image":"","background-repeat":"repeat","background-position":"center center","background-size":"auto","background-attachment":"scroll","background-type":"","background-media":"","overlay-type":"","overlay-color":"","overlay-opacity":"","overlay-gradient":""}},"ast-content-background-meta":{"desktop":{"background-color":"var(--ast-global-color-5)","background-image":"","background-repeat":"repeat","background-position":"center center","background-size":"auto","background-attachment":"scroll","background-type":"","background-media":"","overlay-type":"","overlay-color":"","overlay-opacity":"","overlay-gradient":""},"tablet":{"background-color":"var(--ast-global-color-5)","background-image":"","background-repeat":"repeat","background-position":"center center","background-size":"auto","background-attachment":"scroll","background-type":"","background-media":"","overlay-type":"","overlay-color":"","overlay-opacity":"","overlay-gradient":""},"mobile":{"background-color":"var(--ast-global-color-5)","background-image":"","background-repeat":"repeat","background-position":"center center","background-size":"auto","background-attachment":"scroll","background-type":"","background-media":"","overlay-type":"","overlay-color":"","overlay-opacity":"","overlay-gradient":""}}},"product_brand":[],"product_cat":[108],"product_tag":[],"class_list":{"0":"post-9479","1":"product","2":"type-product","3":"status-publish","4":"has-post-thumbnail","6":"product_cat-produit-phosphate","7":"desktop-align-center","8":"tablet-align-left","9":"mobile-align-left","11":"first","12":"instock","13":"shipping-taxable","14":"product-type-simple"},"yoast_head":"<!-- This site is optimized with the Yoast SEO plugin v26.5 - https:\/\/yoast.com\/wordpress\/plugins\/seo\/ -->\n<title>Fabricant de Phosphate Diammonique Achat Prix | Niranbio Chemical<\/title>\n<meta name=\"description\" content=\"Notre phosphate diammonique (DAP) est un nutriment de qualit\u00e9 alimentaire et agricole avec une consistance de poudre fine, disponible en cartons de 25 kg ou dans des options d&#039;emballage personnalisables.\" \/>\n<meta name=\"robots\" content=\"noindex, follow, max-snippet:-1, max-image-preview:large, max-video-preview:-1\" \/>\n<meta name=\"twitter:label1\" content=\"Dur\u00e9e de lecture estim\u00e9e\" \/>\n\t<meta name=\"twitter:data1\" content=\"4 minutes\" \/>\n<script type=\"application\/ld+json\" class=\"yoast-schema-graph\">{\"@context\":\"https:\/\/schema.org\",\"@graph\":[{\"@type\":\"WebPage\",\"@id\":\"https:\/\/theo.niranbio.com\/fr\/dap-phosphate-diammonique.html\",\"url\":\"https:\/\/theo.niranbio.com\/fr\/dap-phosphate-diammonique.html\",\"name\":\"Fabricant de Phosphate Diammonique Achat Prix | Niranbio Chemical\",\"isPartOf\":{\"@id\":\"https:\/\/theo.niranbio.com\/fr\/#website\"},\"primaryImageOfPage\":{\"@id\":\"https:\/\/theo.niranbio.com\/fr\/dap-phosphate-diammonique.html#primaryimage\"},\"image\":{\"@id\":\"https:\/\/theo.niranbio.com\/fr\/dap-phosphate-diammonique.html#primaryimage\"},\"thumbnailUrl\":\"https:\/\/theo.niranbio.com\/wp-content\/uploads\/2024\/06\/DAP-Diammonium-Phosphate-gengxin.webp\",\"datePublished\":\"2024-06-19T08:33:20+00:00\",\"dateModified\":\"2024-08-19T06:26:31+00:00\",\"description\":\"Notre phosphate diammonique (DAP) est un nutriment de qualit\u00e9 alimentaire et agricole avec une consistance de poudre fine, disponible en cartons de 25 kg ou dans des options d'emballage personnalisables.\",\"breadcrumb\":{\"@id\":\"https:\/\/theo.niranbio.com\/fr\/dap-phosphate-diammonique.html#breadcrumb\"},\"inLanguage\":\"fr-FR\",\"potentialAction\":[{\"@type\":\"ReadAction\",\"target\":[\"https:\/\/theo.niranbio.com\/fr\/dap-phosphate-diammonique.html\"]}]},{\"@type\":\"ImageObject\",\"inLanguage\":\"fr-FR\",\"@id\":\"https:\/\/theo.niranbio.com\/fr\/dap-phosphate-diammonique.html#primaryimage\",\"url\":\"https:\/\/theo.niranbio.com\/wp-content\/uploads\/2024\/06\/DAP-Diammonium-Phosphate-gengxin.webp\",\"contentUrl\":\"https:\/\/theo.niranbio.com\/wp-content\/uploads\/2024\/06\/DAP-Diammonium-Phosphate-gengxin.webp\",\"width\":600,\"height\":600,\"caption\":\"Phosphate diammonique\"},{\"@type\":\"BreadcrumbList\",\"@id\":\"https:\/\/theo.niranbio.com\/fr\/dap-phosphate-diammonique.html#breadcrumb\",\"itemListElement\":[{\"@type\":\"ListItem\",\"position\":1,\"name\":\"Home\",\"item\":\"https:\/\/theo.niranbio.com\/fr\/\"},{\"@type\":\"ListItem\",\"position\":2,\"name\":\"Produits\",\"item\":\"https:\/\/theo.niranbio.com\/fr\/produits.html\"},{\"@type\":\"ListItem\",\"position\":3,\"name\":\"Phosphat\u00e9\",\"item\":\"https:\/\/theo.niranbio.com\/fr\/produit-phosphate\/\"},{\"@type\":\"ListItem\",\"position\":4,\"name\":\"DAP \u2014 Phosphate diammonique\"}]},{\"@type\":\"WebSite\",\"@id\":\"https:\/\/theo.niranbio.com\/fr\/#website\",\"url\":\"https:\/\/theo.niranbio.com\/fr\/\",\"name\":\"Niranbio Chemical\",\"description\":\"\",\"publisher\":{\"@id\":\"https:\/\/theo.niranbio.com\/fr\/#organization\"},\"potentialAction\":[{\"@type\":\"SearchAction\",\"target\":{\"@type\":\"EntryPoint\",\"urlTemplate\":\"https:\/\/theo.niranbio.com\/fr\/?s={search_term_string}\"},\"query-input\":{\"@type\":\"PropertyValueSpecification\",\"valueRequired\":true,\"valueName\":\"search_term_string\"}}],\"inLanguage\":\"fr-FR\"},{\"@type\":\"Organization\",\"@id\":\"https:\/\/theo.niranbio.com\/fr\/#organization\",\"name\":\"Niranbio Chemical\",\"url\":\"https:\/\/theo.niranbio.com\/fr\/\",\"logo\":{\"@type\":\"ImageObject\",\"inLanguage\":\"fr-FR\",\"@id\":\"https:\/\/theo.niranbio.com\/fr\/#\/schema\/logo\/image\/\",\"url\":\"https:\/\/theo.niranbio.com\/wp-content\/uploads\/2024\/06\/Niranbio.png\",\"contentUrl\":\"https:\/\/theo.niranbio.com\/wp-content\/uploads\/2024\/06\/Niranbio.png\",\"width\":270,\"height\":100,\"caption\":\"Niranbio Chemical\"},\"image\":{\"@id\":\"https:\/\/theo.niranbio.com\/fr\/#\/schema\/logo\/image\/\"}}]}<\/script>\n<!-- \/ Yoast SEO plugin. -->","yoast_head_json":{"title":"Fabricant de Phosphate Diammonique Achat Prix | Niranbio Chemical","description":"Notre phosphate diammonique (DAP) est un nutriment de qualit\u00e9 alimentaire et agricole avec une consistance de poudre fine, disponible en cartons de 25 kg ou dans des options d'emballage personnalisables.","robots":{"index":"noindex","follow":"follow","max-snippet":"max-snippet:-1","max-image-preview":"max-image-preview:large","max-video-preview":"max-video-preview:-1"},"twitter_misc":{"Dur\u00e9e de lecture estim\u00e9e":"4 minutes"},"schema":{"@context":"https:\/\/schema.org","@graph":[{"@type":"WebPage","@id":"https:\/\/theo.niranbio.com\/fr\/dap-phosphate-diammonique.html","url":"https:\/\/theo.niranbio.com\/fr\/dap-phosphate-diammonique.html","name":"Fabricant de Phosphate Diammonique Achat Prix | Niranbio Chemical","isPartOf":{"@id":"https:\/\/theo.niranbio.com\/fr\/#website"},"primaryImageOfPage":{"@id":"https:\/\/theo.niranbio.com\/fr\/dap-phosphate-diammonique.html#primaryimage"},"image":{"@id":"https:\/\/theo.niranbio.com\/fr\/dap-phosphate-diammonique.html#primaryimage"},"thumbnailUrl":"https:\/\/theo.niranbio.com\/wp-content\/uploads\/2024\/06\/DAP-Diammonium-Phosphate-gengxin.webp","datePublished":"2024-06-19T08:33:20+00:00","dateModified":"2024-08-19T06:26:31+00:00","description":"Notre phosphate diammonique (DAP) est un nutriment de qualit\u00e9 alimentaire et agricole avec une consistance de poudre fine, disponible en cartons de 25 kg ou dans des options d'emballage personnalisables.","breadcrumb":{"@id":"https:\/\/theo.niranbio.com\/fr\/dap-phosphate-diammonique.html#breadcrumb"},"inLanguage":"fr-FR","potentialAction":[{"@type":"ReadAction","target":["https:\/\/theo.niranbio.com\/fr\/dap-phosphate-diammonique.html"]}]},{"@type":"ImageObject","inLanguage":"fr-FR","@id":"https:\/\/theo.niranbio.com\/fr\/dap-phosphate-diammonique.html#primaryimage","url":"https:\/\/theo.niranbio.com\/wp-content\/uploads\/2024\/06\/DAP-Diammonium-Phosphate-gengxin.webp","contentUrl":"https:\/\/theo.niranbio.com\/wp-content\/uploads\/2024\/06\/DAP-Diammonium-Phosphate-gengxin.webp","width":600,"height":600,"caption":"Phosphate diammonique"},{"@type":"BreadcrumbList","@id":"https:\/\/theo.niranbio.com\/fr\/dap-phosphate-diammonique.html#breadcrumb","itemListElement":[{"@type":"ListItem","position":1,"name":"Home","item":"https:\/\/theo.niranbio.com\/fr\/"},{"@type":"ListItem","position":2,"name":"Produits","item":"https:\/\/theo.niranbio.com\/fr\/produits.html"},{"@type":"ListItem","position":3,"name":"Phosphat\u00e9","item":"https:\/\/theo.niranbio.com\/fr\/produit-phosphate\/"},{"@type":"ListItem","position":4,"name":"DAP \u2014 Phosphate diammonique"}]},{"@type":"WebSite","@id":"https:\/\/theo.niranbio.com\/fr\/#website","url":"https:\/\/theo.niranbio.com\/fr\/","name":"Niranbio Chemical","description":"","publisher":{"@id":"https:\/\/theo.niranbio.com\/fr\/#organization"},"potentialAction":[{"@type":"SearchAction","target":{"@type":"EntryPoint","urlTemplate":"https:\/\/theo.niranbio.com\/fr\/?s={search_term_string}"},"query-input":{"@type":"PropertyValueSpecification","valueRequired":true,"valueName":"search_term_string"}}],"inLanguage":"fr-FR"},{"@type":"Organization","@id":"https:\/\/theo.niranbio.com\/fr\/#organization","name":"Niranbio Chemical","url":"https:\/\/theo.niranbio.com\/fr\/","logo":{"@type":"ImageObject","inLanguage":"fr-FR","@id":"https:\/\/theo.niranbio.com\/fr\/#\/schema\/logo\/image\/","url":"https:\/\/theo.niranbio.com\/wp-content\/uploads\/2024\/06\/Niranbio.png","contentUrl":"https:\/\/theo.niranbio.com\/wp-content\/uploads\/2024\/06\/Niranbio.png","width":270,"height":100,"caption":"Niranbio Chemical"},"image":{"@id":"https:\/\/theo.niranbio.com\/fr\/#\/schema\/logo\/image\/"}}]}},"_links":{"self":[{"href":"https:\/\/theo.niranbio.com\/fr\/wp-json\/wp\/v2\/product\/9479","targetHints":{"allow":["GET"]}}],"collection":[{"href":"https:\/\/theo.niranbio.com\/fr\/wp-json\/wp\/v2\/product"}],"about":[{"href":"https:\/\/theo.niranbio.com\/fr\/wp-json\/wp\/v2\/types\/product"}],"version-history":[{"count":0,"href":"https:\/\/theo.niranbio.com\/fr\/wp-json\/wp\/v2\/product\/9479\/revisions"}],"wp:featuredmedia":[{"embeddable":true,"href":"https:\/\/theo.niranbio.com\/fr\/wp-json\/wp\/v2\/media\/9492"}],"wp:attachment":[{"href":"https:\/\/theo.niranbio.com\/fr\/wp-json\/wp\/v2\/media?parent=9479"}],"wp:term":[{"taxonomy":"product_brand","embeddable":true,"href":"https:\/\/theo.niranbio.com\/fr\/wp-json\/wp\/v2\/product_brand?post=9479"},{"taxonomy":"product_cat","embeddable":true,"href":"https:\/\/theo.niranbio.com\/fr\/wp-json\/wp\/v2\/product_cat?post=9479"},{"taxonomy":"product_tag","embeddable":true,"href":"https:\/\/theo.niranbio.com\/fr\/wp-json\/wp\/v2\/product_tag?post=9479"}],"curies":[{"name":"wp","href":"https:\/\/api.w.org\/{rel}","templated":true}]}}