{"id":9476,"date":"2024-06-20T08:50:23","date_gmt":"2024-06-20T00:50:23","guid":{"rendered":"https:\/\/theo.niranbio.com\/l-acide-tartrique\/"},"modified":"2024-08-19T11:25:44","modified_gmt":"2024-08-19T03:25:44","slug":"l-acide-tartrique","status":"publish","type":"product","link":"https:\/\/theo.niranbio.com\/fr\/l-acide-tartrique.html","title":{"rendered":"Acide L-Tartrique"},"content":{"rendered":"<h2><span class=\"ez-toc-section\" id=\"Quest-ce_que_lacide_L-tartrique\"><\/span>Qu&rsquo;est-ce que l&rsquo;acide L-tartrique ?<span class=\"ez-toc-section-end\"><\/span><\/h2>\n<p>L&rsquo;acide L-tartrique se pr\u00e9sente sous forme de cristaux translucides incolores ou de poudre cristalline blanche fine \u00e0 grossi\u00e8re, a un go\u00fbt aigre, est facilement soluble dans l&rsquo;eau et l&rsquo;\u00e9thanol, mais insoluble dans l&rsquo;\u00e9ther et le chloroforme.<\/p>\n<p>L&rsquo;acide L-tartrique peut \u00eatre utilis\u00e9 comme additif alimentaire et exhausteur de go\u00fbt dans l&rsquo;industrie alimentaire ; dans le domaine biom\u00e9dical, il peut \u00eatre utilis\u00e9 pour fabriquer des m\u00e9dicaments en raison de ses diverses activit\u00e9s biologiques ; de plus, dans l&rsquo;industrie cosm\u00e9tique, l&rsquo;acide L-tartrique peut \u00eatre utilis\u00e9 pour fabriquer des cosm\u00e9tiques en raison de ses propri\u00e9t\u00e9s antioxydantes et hydratantes.<\/p>\n<p>Les principales sources d&rsquo;acide L-tartrique sont le vin et le jus de raisin. De plus, certains fruits, l\u00e9gumes et aliments ferment\u00e9s contiennent \u00e9galement de l&rsquo;acide L(+)-tartrique.<\/p>\n<h2><span class=\"ez-toc-section\" id=\"Parametres_associes\"><\/span>Param\u00e8tres associ\u00e9s :<span class=\"ez-toc-section-end\"><\/span><\/h2>\n<table>\n<tbody>\n<tr>\n<td>Articles<\/td>\n<td>Normes<\/td>\n<td>R\u00e9sultats<\/td>\n<\/tr>\n<tr>\n<td>Description du produit<\/td>\n<td>Cristaux incolores ou poudre cristalline blanche<\/td>\n<td>Conforme<\/td>\n<\/tr>\n<tr>\n<td>Contenu<\/td>\n<td>99.7~100.5<\/td>\n<td>99.8<\/td>\n<\/tr>\n<tr>\n<td>Pouvoir rotatoire sp\u00e9cifique [a]D[\uff08\u00b0]- dm2kg-1<\/td>\n<td>+12.0~+13.0<\/td>\n<td>+12.6<\/td>\n<\/tr>\n<tr>\n<td>Perte au s\u00e9chage<\/td>\n<td>\u22640.5<\/td>\n<td>0.05<\/td>\n<\/tr>\n<tr>\n<td>R\u00e9sidus d&rsquo;allumage<\/td>\n<td>\u22640.05<\/td>\n<td>0.02<\/td>\n<\/tr>\n<tr>\n<td>Sulfate\uff08SO4\uff09<\/td>\n<td>Test r\u00e9ussi<\/td>\n<td>Test r\u00e9ussi<\/td>\n<\/tr>\n<tr>\n<td>Oxalate<\/td>\n<td>Test r\u00e9ussi<\/td>\n<td>Test r\u00e9ussi<\/td>\n<\/tr>\n<tr>\n<td>Plomb mg\/kg<\/td>\n<td>\u22642<\/td>\n<td>&lt;2<\/td>\n<\/tr>\n<\/tbody>\n<\/table>\n<h2><span class=\"ez-toc-section\" id=\"Dosage_recommande\"><\/span>Dosage recommand\u00e9 :<span class=\"ez-toc-section-end\"><\/span><\/h2>\n<table>\n<tbody>\n<tr>\n<td>Nom de l&rsquo;aliment<\/td>\n<td>Utilisation maximale (g\/kg)<\/td>\n<\/tr>\n<tr>\n<td>Menthes<\/td>\n<td>0,8-1,2 g\/kg<\/td>\n<\/tr>\n<tr>\n<td>Boissons<\/td>\n<td>0,6-1,0 g\/kg<\/td>\n<\/tr>\n<tr>\n<td>Caf\u00e9<\/td>\n<td>0,5-0,8 g\/kg<\/td>\n<\/tr>\n<tr>\n<td>Desserts<\/td>\n<td>0,5-1,0 g\/kg<\/td>\n<\/tr>\n<tr>\n<td>Sauces \u00e0 salade<\/td>\n<td>0,6-1,0 g\/kg<\/td>\n<\/tr>\n<tr>\n<td>Aliments marin\u00e9s<\/td>\n<td>0,6-1,0 g\/kg<\/td>\n<\/tr>\n<tr>\n<td>Aliments en conserve<\/td>\n<td>0,6-1,0 g\/kg<\/td>\n<\/tr>\n<tr>\n<td>Assaisonnements<\/td>\n<td>0,8-1,5 g\/kg<\/td>\n<\/tr>\n<tr>\n<td>Gel\u00e9e<\/td>\n<td>0,8-1,5 g\/kg<\/td>\n<\/tr>\n<tr>\n<td>Produits amylac\u00e9s<\/td>\n<td>0,5-1,0 g\/kg<\/td>\n<\/tr>\n<tr>\n<td>Cr\u00e8me glac\u00e9e<\/td>\n<td>0,6-1,0 g\/kg<\/td>\n<\/tr>\n<\/tbody>\n<\/table>\n<h2><span class=\"ez-toc-section\" id=\"Lacide_L-tartrique_a_un_large_eventail_dutilisations\"><\/span>L&rsquo;acide L-tartrique a un large \u00e9ventail d&rsquo;utilisations<span class=\"ez-toc-section-end\"><\/span><\/h2>\n<h3><span class=\"ez-toc-section\" id=\"1_Lindustrie_alimentaire\"><\/span>1. L&rsquo;industrie alimentaire<span class=\"ez-toc-section-end\"><\/span><\/h3>\n<p>Additifs alimentaires : L&rsquo;acide L-tartrique est souvent utilis\u00e9 dans la transformation des aliments, notamment comme acidifiant et stabilisant dans les boissons, les jus, les bonbons, etc. Pr\u00e9cipitation des prot\u00e9ines : Dans la transformation des aliments, ses propri\u00e9t\u00e9s de pr\u00e9cipitation des prot\u00e9ines peuvent \u00eatre utilis\u00e9es pour aider \u00e0 traiter et am\u00e9liorer la qualit\u00e9 du produit.<\/p>\n<h3><span class=\"ez-toc-section\" id=\"2_Lindustrie_pharmaceutique\"><\/span>2. L&rsquo;industrie pharmaceutique :<span class=\"ez-toc-section-end\"><\/span><\/h3>\n<p>Interm\u00e9diaires pharmaceutiques : utilis\u00e9s comme interm\u00e9diaires dans les processus pharmaceutiques pour aider \u00e0 synth\u00e9tiser et \u00e0 traiter les m\u00e9dicaments, en particulier les ingr\u00e9dients pharmaceutiques qui n\u00e9cessitent une activit\u00e9 optique sp\u00e9cifique.<\/p>\n<h3><span class=\"ez-toc-section\" id=\"3_Lindustrie_du_vin\"><\/span>3. L&rsquo;industrie du vin :<span class=\"ez-toc-section-end\"><\/span><\/h3>\n<p>Cristallisation de l&rsquo;acide tartrique : Dans la production de vin, l&rsquo;acide L-tartrique peut cristalliser pour former du tartre, ce qui a un impact important sur la stabilit\u00e9 et la qualit\u00e9 du vin. R\u00e9gulation de l&rsquo;acidit\u00e9 : R\u00e9gule l&rsquo;acidit\u00e9 et le go\u00fbt du vin, et joue un r\u00f4le cl\u00e9 dans l&rsquo;\u00e9quilibre et la persistance de sa saveur.<\/p>\n<h3><span class=\"ez-toc-section\" id=\"4_Synthese_chimique\"><\/span>4. Synth\u00e8se chimique :<span class=\"ez-toc-section-end\"><\/span><\/h3>\n<p>Synth\u00e8se organique : Utilis\u00e9 comme catalyseur ou ligand en synth\u00e8se organique, il a un effet catalytique important sur certaines r\u00e9actions chimiques.<\/p>\n<h3><span class=\"ez-toc-section\" id=\"5_Industrie_de_la_construction\"><\/span>5. Industrie de la construction :<span class=\"ez-toc-section-end\"><\/span><\/h3>\n<p>Additifs pour ciment : En tant qu&rsquo;additif pour ciment, il permet de contr\u00f4ler le temps de prise du ciment et d&rsquo;am\u00e9liorer sa durabilit\u00e9. Mat\u00e9riaux de construction : utilis\u00e9s pour ajuster la vitesse de durcissement et la r\u00e9sistance du b\u00e9ton et am\u00e9liorer les performances et la stabilit\u00e9 des mat\u00e9riaux de construction.<\/p>\n<h2><span class=\"ez-toc-section\" id=\"Question_posee_par_lutilisateur\"><\/span>Question pos\u00e9e par l&rsquo;utilisateur<span class=\"ez-toc-section-end\"><\/span><\/h2>\n<p><strong>Question : Quelle est la diff\u00e9rence entre l\u2019acide L-tartrique et l\u2019acide DL-tartrique ?<\/strong><\/p>\n<p>R\u00e9ponse : L&rsquo;acide DL-tartrique et l&rsquo;acide L-tartrique sont deux compos\u00e9s ayant des structures chimiques similaires mais des activit\u00e9s optiques diff\u00e9rentes. Le m\u00e9lange d&rsquo;acide D-tartrique et d&rsquo;acide L-tartrique est l&rsquo;acide DL-tartrique. Les structures chimiques de ces deux isom\u00e8res sont les m\u00eames, mais leurs st\u00e9r\u00e9ostructures sont sym\u00e9triques en miroir. Le rapport entre l&rsquo;acide D-tartrique et l&rsquo;acide L-tartrique est \u00e9gal, donc l&rsquo;acide DL-tartrique a une rotation optique, mais sa rotation optique est nulle.<\/p>\n<p>En revanche, l&rsquo;acide L-tartrique ne contient qu&rsquo;un seul \u00e9nantiom\u00e8re, l&rsquo;isom\u00e8re gauche. Ce compos\u00e9 a une rotation optique et sa rotation optique est n\u00e9gative. L&rsquo;activit\u00e9 m\u00e9tabolique de l&rsquo;acide L-tartrique dans le corps est \u00e9galement diff\u00e9rente de celle de l&rsquo;acide D-tartrique. Par exemple, l&rsquo;acide L-tartrique peut participer au m\u00e9tabolisme \u00e9nerg\u00e9tique, tandis que l&rsquo;acide D-tartrique est utilis\u00e9 pour fabriquer des m\u00e9dicaments et des additifs alimentaires.<\/p>\n","protected":false},"excerpt":{"rendered":"<ul>\n<li>CAS : 87-69-4<\/li>\n<li>Formule chimique: C<sub>4<\/sub>H<sub>6<\/sub>O<sub>6<\/sub><\/li>\n<li>Certifications : KOSHER, ISO, HALAL, FSSC 22000, BRC, etc.<\/li>\n<li>Quantit\u00e9 minimum de commande : 1000 kg<\/li>\n<li>Dur\u00e9e de conservation : 2 ans<\/li>\n<\/ul>\n","protected":false},"featured_media":9477,"template":"","meta":{"site-sidebar-layout":"default","site-content-layout":"","ast-site-content-layout":"default","site-content-style":"default","site-sidebar-style":"default","ast-global-header-display":"","ast-banner-title-visibility":"","ast-main-header-display":"","ast-hfb-above-header-display":"","ast-hfb-below-header-display":"","ast-hfb-mobile-header-display":"","site-post-title":"","ast-breadcrumbs-content":"","ast-featured-img":"","footer-sml-layout":"","theme-transparent-header-meta":"default","adv-header-id-meta":"","stick-header-meta":"","header-above-stick-meta":"","header-main-stick-meta":"","header-below-stick-meta":"","astra-migrate-meta-layouts":"set","ast-page-background-enabled":"default","ast-page-background-meta":{"desktop":{"background-color":"var(--ast-global-color-4)","background-image":"","background-repeat":"repeat","background-position":"center center","background-size":"auto","background-attachment":"scroll","background-type":"","background-media":"","overlay-type":"","overlay-color":"","overlay-opacity":"","overlay-gradient":""},"tablet":{"background-color":"","background-image":"","background-repeat":"repeat","background-position":"center center","background-size":"auto","background-attachment":"scroll","background-type":"","background-media":"","overlay-type":"","overlay-color":"","overlay-opacity":"","overlay-gradient":""},"mobile":{"background-color":"","background-image":"","background-repeat":"repeat","background-position":"center center","background-size":"auto","background-attachment":"scroll","background-type":"","background-media":"","overlay-type":"","overlay-color":"","overlay-opacity":"","overlay-gradient":""}},"ast-content-background-meta":{"desktop":{"background-color":"var(--ast-global-color-5)","background-image":"","background-repeat":"repeat","background-position":"center center","background-size":"auto","background-attachment":"scroll","background-type":"","background-media":"","overlay-type":"","overlay-color":"","overlay-opacity":"","overlay-gradient":""},"tablet":{"background-color":"var(--ast-global-color-5)","background-image":"","background-repeat":"repeat","background-position":"center center","background-size":"auto","background-attachment":"scroll","background-type":"","background-media":"","overlay-type":"","overlay-color":"","overlay-opacity":"","overlay-gradient":""},"mobile":{"background-color":"var(--ast-global-color-5)","background-image":"","background-repeat":"repeat","background-position":"center center","background-size":"auto","background-attachment":"scroll","background-type":"","background-media":"","overlay-type":"","overlay-color":"","overlay-opacity":"","overlay-gradient":""}}},"product_brand":[],"product_cat":[101],"product_tag":[],"class_list":{"0":"post-9476","1":"product","2":"type-product","3":"status-publish","4":"has-post-thumbnail","6":"product_cat-produit-acidulant","7":"desktop-align-center","8":"tablet-align-left","9":"mobile-align-left","11":"first","12":"instock","13":"shipping-taxable","14":"product-type-simple"},"yoast_head":"<!-- This site is optimized with the Yoast SEO plugin v26.5 - https:\/\/yoast.com\/wordpress\/plugins\/seo\/ -->\n<title>Fournisseur d&#039;acide L-tartrique, prix de la poudre d&#039;acide L-tartrique | Niranbio Chemical<\/title>\n<meta name=\"description\" content=\"Notre acide L-tartrique (r\u00e9gulateur d&#039;acidit\u00e9 E334) b\u00e9n\u00e9ficie d&#039;une grande puret\u00e9, d&#039;une excellente solubilit\u00e9 et d&#039;une qualit\u00e9 constante, offrant une superbe r\u00e9gulation de l&#039;acidit\u00e9 et une acidit\u00e9 naturelle.\" \/>\n<meta name=\"robots\" content=\"noindex, follow, max-snippet:-1, max-image-preview:large, max-video-preview:-1\" \/>\n<meta name=\"twitter:label1\" content=\"Dur\u00e9e de lecture estim\u00e9e\" \/>\n\t<meta name=\"twitter:data1\" content=\"3 minutes\" \/>\n<script type=\"application\/ld+json\" class=\"yoast-schema-graph\">{\"@context\":\"https:\/\/schema.org\",\"@graph\":[{\"@type\":\"WebPage\",\"@id\":\"https:\/\/theo.niranbio.com\/fr\/l-acide-tartrique.html\",\"url\":\"https:\/\/theo.niranbio.com\/fr\/l-acide-tartrique.html\",\"name\":\"Fournisseur d'acide L-tartrique, prix de la poudre d'acide L-tartrique | Niranbio Chemical\",\"isPartOf\":{\"@id\":\"https:\/\/theo.niranbio.com\/fr\/#website\"},\"primaryImageOfPage\":{\"@id\":\"https:\/\/theo.niranbio.com\/fr\/l-acide-tartrique.html#primaryimage\"},\"image\":{\"@id\":\"https:\/\/theo.niranbio.com\/fr\/l-acide-tartrique.html#primaryimage\"},\"thumbnailUrl\":\"https:\/\/theo.niranbio.com\/wp-content\/uploads\/2024\/06\/L-Tartaric-Acid.webp\",\"datePublished\":\"2024-06-20T00:50:23+00:00\",\"dateModified\":\"2024-08-19T03:25:44+00:00\",\"description\":\"Notre acide L-tartrique (r\u00e9gulateur d'acidit\u00e9 E334) b\u00e9n\u00e9ficie d'une grande puret\u00e9, d'une excellente solubilit\u00e9 et d'une qualit\u00e9 constante, offrant une superbe r\u00e9gulation de l'acidit\u00e9 et une acidit\u00e9 naturelle.\",\"breadcrumb\":{\"@id\":\"https:\/\/theo.niranbio.com\/fr\/l-acide-tartrique.html#breadcrumb\"},\"inLanguage\":\"fr-FR\",\"potentialAction\":[{\"@type\":\"ReadAction\",\"target\":[\"https:\/\/theo.niranbio.com\/fr\/l-acide-tartrique.html\"]}]},{\"@type\":\"ImageObject\",\"inLanguage\":\"fr-FR\",\"@id\":\"https:\/\/theo.niranbio.com\/fr\/l-acide-tartrique.html#primaryimage\",\"url\":\"https:\/\/theo.niranbio.com\/wp-content\/uploads\/2024\/06\/L-Tartaric-Acid.webp\",\"contentUrl\":\"https:\/\/theo.niranbio.com\/wp-content\/uploads\/2024\/06\/L-Tartaric-Acid.webp\",\"width\":600,\"height\":600,\"caption\":\"Acide L-Tartrique\"},{\"@type\":\"BreadcrumbList\",\"@id\":\"https:\/\/theo.niranbio.com\/fr\/l-acide-tartrique.html#breadcrumb\",\"itemListElement\":[{\"@type\":\"ListItem\",\"position\":1,\"name\":\"Home\",\"item\":\"https:\/\/theo.niranbio.com\/fr\/\"},{\"@type\":\"ListItem\",\"position\":2,\"name\":\"Produits\",\"item\":\"https:\/\/theo.niranbio.com\/fr\/produits.html\"},{\"@type\":\"ListItem\",\"position\":3,\"name\":\"Acidulant\",\"item\":\"https:\/\/theo.niranbio.com\/fr\/produit-acidulant\/\"},{\"@type\":\"ListItem\",\"position\":4,\"name\":\"Acide L-Tartrique\"}]},{\"@type\":\"WebSite\",\"@id\":\"https:\/\/theo.niranbio.com\/fr\/#website\",\"url\":\"https:\/\/theo.niranbio.com\/fr\/\",\"name\":\"Niranbio Chemical\",\"description\":\"\",\"publisher\":{\"@id\":\"https:\/\/theo.niranbio.com\/fr\/#organization\"},\"potentialAction\":[{\"@type\":\"SearchAction\",\"target\":{\"@type\":\"EntryPoint\",\"urlTemplate\":\"https:\/\/theo.niranbio.com\/fr\/?s={search_term_string}\"},\"query-input\":{\"@type\":\"PropertyValueSpecification\",\"valueRequired\":true,\"valueName\":\"search_term_string\"}}],\"inLanguage\":\"fr-FR\"},{\"@type\":\"Organization\",\"@id\":\"https:\/\/theo.niranbio.com\/fr\/#organization\",\"name\":\"Niranbio Chemical\",\"url\":\"https:\/\/theo.niranbio.com\/fr\/\",\"logo\":{\"@type\":\"ImageObject\",\"inLanguage\":\"fr-FR\",\"@id\":\"https:\/\/theo.niranbio.com\/fr\/#\/schema\/logo\/image\/\",\"url\":\"https:\/\/theo.niranbio.com\/wp-content\/uploads\/2024\/06\/Niranbio.png\",\"contentUrl\":\"https:\/\/theo.niranbio.com\/wp-content\/uploads\/2024\/06\/Niranbio.png\",\"width\":270,\"height\":100,\"caption\":\"Niranbio Chemical\"},\"image\":{\"@id\":\"https:\/\/theo.niranbio.com\/fr\/#\/schema\/logo\/image\/\"}}]}<\/script>\n<!-- \/ Yoast SEO plugin. -->","yoast_head_json":{"title":"Fournisseur d'acide L-tartrique, prix de la poudre d'acide L-tartrique | Niranbio Chemical","description":"Notre acide L-tartrique (r\u00e9gulateur d'acidit\u00e9 E334) b\u00e9n\u00e9ficie d'une grande puret\u00e9, d'une excellente solubilit\u00e9 et d'une qualit\u00e9 constante, offrant une superbe r\u00e9gulation de l'acidit\u00e9 et une acidit\u00e9 naturelle.","robots":{"index":"noindex","follow":"follow","max-snippet":"max-snippet:-1","max-image-preview":"max-image-preview:large","max-video-preview":"max-video-preview:-1"},"twitter_misc":{"Dur\u00e9e de lecture estim\u00e9e":"3 minutes"},"schema":{"@context":"https:\/\/schema.org","@graph":[{"@type":"WebPage","@id":"https:\/\/theo.niranbio.com\/fr\/l-acide-tartrique.html","url":"https:\/\/theo.niranbio.com\/fr\/l-acide-tartrique.html","name":"Fournisseur d'acide L-tartrique, prix de la poudre d'acide L-tartrique | Niranbio Chemical","isPartOf":{"@id":"https:\/\/theo.niranbio.com\/fr\/#website"},"primaryImageOfPage":{"@id":"https:\/\/theo.niranbio.com\/fr\/l-acide-tartrique.html#primaryimage"},"image":{"@id":"https:\/\/theo.niranbio.com\/fr\/l-acide-tartrique.html#primaryimage"},"thumbnailUrl":"https:\/\/theo.niranbio.com\/wp-content\/uploads\/2024\/06\/L-Tartaric-Acid.webp","datePublished":"2024-06-20T00:50:23+00:00","dateModified":"2024-08-19T03:25:44+00:00","description":"Notre acide L-tartrique (r\u00e9gulateur d'acidit\u00e9 E334) b\u00e9n\u00e9ficie d'une grande puret\u00e9, d'une excellente solubilit\u00e9 et d'une qualit\u00e9 constante, offrant une superbe r\u00e9gulation de l'acidit\u00e9 et une acidit\u00e9 naturelle.","breadcrumb":{"@id":"https:\/\/theo.niranbio.com\/fr\/l-acide-tartrique.html#breadcrumb"},"inLanguage":"fr-FR","potentialAction":[{"@type":"ReadAction","target":["https:\/\/theo.niranbio.com\/fr\/l-acide-tartrique.html"]}]},{"@type":"ImageObject","inLanguage":"fr-FR","@id":"https:\/\/theo.niranbio.com\/fr\/l-acide-tartrique.html#primaryimage","url":"https:\/\/theo.niranbio.com\/wp-content\/uploads\/2024\/06\/L-Tartaric-Acid.webp","contentUrl":"https:\/\/theo.niranbio.com\/wp-content\/uploads\/2024\/06\/L-Tartaric-Acid.webp","width":600,"height":600,"caption":"Acide L-Tartrique"},{"@type":"BreadcrumbList","@id":"https:\/\/theo.niranbio.com\/fr\/l-acide-tartrique.html#breadcrumb","itemListElement":[{"@type":"ListItem","position":1,"name":"Home","item":"https:\/\/theo.niranbio.com\/fr\/"},{"@type":"ListItem","position":2,"name":"Produits","item":"https:\/\/theo.niranbio.com\/fr\/produits.html"},{"@type":"ListItem","position":3,"name":"Acidulant","item":"https:\/\/theo.niranbio.com\/fr\/produit-acidulant\/"},{"@type":"ListItem","position":4,"name":"Acide L-Tartrique"}]},{"@type":"WebSite","@id":"https:\/\/theo.niranbio.com\/fr\/#website","url":"https:\/\/theo.niranbio.com\/fr\/","name":"Niranbio Chemical","description":"","publisher":{"@id":"https:\/\/theo.niranbio.com\/fr\/#organization"},"potentialAction":[{"@type":"SearchAction","target":{"@type":"EntryPoint","urlTemplate":"https:\/\/theo.niranbio.com\/fr\/?s={search_term_string}"},"query-input":{"@type":"PropertyValueSpecification","valueRequired":true,"valueName":"search_term_string"}}],"inLanguage":"fr-FR"},{"@type":"Organization","@id":"https:\/\/theo.niranbio.com\/fr\/#organization","name":"Niranbio Chemical","url":"https:\/\/theo.niranbio.com\/fr\/","logo":{"@type":"ImageObject","inLanguage":"fr-FR","@id":"https:\/\/theo.niranbio.com\/fr\/#\/schema\/logo\/image\/","url":"https:\/\/theo.niranbio.com\/wp-content\/uploads\/2024\/06\/Niranbio.png","contentUrl":"https:\/\/theo.niranbio.com\/wp-content\/uploads\/2024\/06\/Niranbio.png","width":270,"height":100,"caption":"Niranbio Chemical"},"image":{"@id":"https:\/\/theo.niranbio.com\/fr\/#\/schema\/logo\/image\/"}}]}},"_links":{"self":[{"href":"https:\/\/theo.niranbio.com\/fr\/wp-json\/wp\/v2\/product\/9476","targetHints":{"allow":["GET"]}}],"collection":[{"href":"https:\/\/theo.niranbio.com\/fr\/wp-json\/wp\/v2\/product"}],"about":[{"href":"https:\/\/theo.niranbio.com\/fr\/wp-json\/wp\/v2\/types\/product"}],"version-history":[{"count":0,"href":"https:\/\/theo.niranbio.com\/fr\/wp-json\/wp\/v2\/product\/9476\/revisions"}],"wp:featuredmedia":[{"embeddable":true,"href":"https:\/\/theo.niranbio.com\/fr\/wp-json\/wp\/v2\/media\/9477"}],"wp:attachment":[{"href":"https:\/\/theo.niranbio.com\/fr\/wp-json\/wp\/v2\/media?parent=9476"}],"wp:term":[{"taxonomy":"product_brand","embeddable":true,"href":"https:\/\/theo.niranbio.com\/fr\/wp-json\/wp\/v2\/product_brand?post=9476"},{"taxonomy":"product_cat","embeddable":true,"href":"https:\/\/theo.niranbio.com\/fr\/wp-json\/wp\/v2\/product_cat?post=9476"},{"taxonomy":"product_tag","embeddable":true,"href":"https:\/\/theo.niranbio.com\/fr\/wp-json\/wp\/v2\/product_tag?post=9476"}],"curies":[{"name":"wp","href":"https:\/\/api.w.org\/{rel}","templated":true}]}}