{"id":9472,"date":"2024-06-20T09:18:28","date_gmt":"2024-06-20T01:18:28","guid":{"rendered":"https:\/\/theo.niranbio.com\/sucralose-de-qualite-alimentaire\/"},"modified":"2024-08-19T13:30:23","modified_gmt":"2024-08-19T05:30:23","slug":"sucralose-de-qualite-alimentaire","status":"publish","type":"product","link":"https:\/\/theo.niranbio.com\/fr\/sucralose-de-qualite-alimentaire.html","title":{"rendered":"Sucralose de qualit\u00e9 alimentaire"},"content":{"rendered":"<h2><span class=\"ez-toc-section\" id=\"Quest-ce_que_le_sucralose\"><\/span>Qu&rsquo;est-ce que le sucralose ?<span class=\"ez-toc-section-end\"><\/span><\/h2>\n<p>Le sucralose est le seul \u00e9dulcorant fonctionnel \u00e0 haute intensit\u00e9 fabriqu\u00e9 \u00e0 partir de saccharose. Il ressemble \u00e0 une poudre cristalline blanche, a une grande stabilit\u00e9 et est extr\u00eamement r\u00e9sistant \u00e0 la chaleur, \u00e0 la lumi\u00e8re et \u00e0 l&rsquo;acidit\u00e9. Il se dissout facilement dans l&rsquo;\u00e9thanol, le m\u00e9thanol et l&rsquo;eau. Il est largement utilis\u00e9 dans l&rsquo;alimentation, la m\u00e9decine, l&rsquo;industrie chimique et d&rsquo;autres industries.<\/p>\n<p>Les principales m\u00e9thodes de production de sucralose en Chine comprennent la chloration traditionnelle, la chloration s\u00e9lective, la synth\u00e8se enzymatique et la chimie verte.<\/p>\n<p>La m\u00e9thode de chloration traditionnelle utilise des r\u00e9actifs de chloration pour chlorer le saccharose. L&rsquo;op\u00e9ration est simple, mais il existe de nombreux sous-produits et le processus de purification est compliqu\u00e9. La m\u00e9thode de chloration s\u00e9lective prot\u00e8ge les groupes hydroxyles qui n&rsquo;ont pas besoin d&rsquo;\u00eatre chlor\u00e9s et chlore s\u00e9lectivement les groupes hydroxyles cibles. Elle a peu de sous-produits et une grande puret\u00e9 du produit. C&rsquo;est la m\u00e9thode courante actuelle. La production \u00e0 grande \u00e9chelle offre de bons avantages \u00e9conomiques malgr\u00e9 le co\u00fbt \u00e9lev\u00e9.<\/p>\n<p>La synth\u00e8se enzymatique utilise l&rsquo;action catalytique des enzymes pour convertir le saccharose en sucralose. Elle pr\u00e9sente les avantages d&rsquo;une protection environnementale verte et de conditions de r\u00e9action douces, mais elle est moins utilis\u00e9e dans les applications industrielles en raison du co\u00fbt \u00e9lev\u00e9 des enzymes.<\/p>\n<p>La m\u00e9thode de chimie verte utilise des r\u00e9actifs respectueux de l&rsquo;environnement et optimise les conditions de r\u00e9action pour r\u00e9duire la pollution de l&rsquo;environnement et am\u00e9liorer l&rsquo;efficacit\u00e9 de la production, mais la technologie est encore au stade de la recherche et du d\u00e9veloppement et a des applications industrielles limit\u00e9es.<\/p>\n<p>En r\u00e9sum\u00e9, la m\u00e9thode de chloration s\u00e9lective est devenue la principale m\u00e9thode de production nationale de sucralose en raison de sa haute qualit\u00e9 de produit et de ses co\u00fbts de production relativement contr\u00f4lables.<\/p>\n<h2><span class=\"ez-toc-section\" id=\"Parametres_associes\"><\/span>Param\u00e8tres associ\u00e9s :<span class=\"ez-toc-section-end\"><\/span><\/h2>\n<table>\n<tbody>\n<tr>\n<td><strong>Articles<\/strong><\/td>\n<td><strong>Normes<\/strong><\/td>\n<\/tr>\n<tr>\n<td>PH<\/td>\n<td>5.0~7.0<\/td>\n<\/tr>\n<tr>\n<td>Rotation sp\u00e9cifique[a]D20<\/td>\n<td>+84.00~ +87.50<\/td>\n<\/tr>\n<tr>\n<td>M\u00e9thanol<\/td>\n<td>Maximum 0,1<\/td>\n<\/tr>\n<tr>\n<td>Essai (sur base s\u00e8che)<\/td>\n<td>98.0~102%~102.0%<\/td>\n<\/tr>\n<tr>\n<td>Eau<\/td>\n<td>Maximum 2%<\/td>\n<\/tr>\n<tr>\n<td>R\u00e9sidus de combustion<\/td>\n<td>Maximum 0,7<\/td>\n<\/tr>\n<tr>\n<td>Substances apparent\u00e9es<\/td>\n<td>0,5 % au maximum<\/td>\n<\/tr>\n<tr>\n<td>Oxyde de triph\u00e9nylphosphine<\/td>\n<td>Maximum 150 ppm<\/td>\n<\/tr>\n<tr>\n<td>Produits d&rsquo;hydrolyse<\/td>\n<td>Maximum 0,1<\/td>\n<\/tr>\n<tr>\n<td>M\u00e9taux lourds (en tant que Pb)<\/td>\n<td>Maximum 10 ppm<\/td>\n<\/tr>\n<tr>\n<td>Arsenic (en tant qu&rsquo;As)<\/td>\n<td>Maximum 3 ppm<\/td>\n<\/tr>\n<tr>\n<td>Plomb<\/td>\n<td>Maximum 1 ppm<\/td>\n<\/tr>\n<tr>\n<td>Levures et moisissures<\/td>\n<td>Maximum 50cfu\/g<\/td>\n<\/tr>\n<tr>\n<td>E. Coli<\/td>\n<td>N\u00e9gatif<\/td>\n<\/tr>\n<tr>\n<td>Salmonelle<\/td>\n<td>N\u00e9gatif<\/td>\n<\/tr>\n<\/tbody>\n<\/table>\n<h2><span class=\"ez-toc-section\" id=\"Dosage_recommande\"><\/span>Dosage recommand\u00e9<span class=\"ez-toc-section-end\"><\/span><\/h2>\n<table>\n<tbody>\n<tr>\n<td><strong>Nom de l&rsquo;aliment<\/strong><\/td>\n<td><strong>Utilisation maximale (g\/kg)<\/strong><\/td>\n<\/tr>\n<tr>\n<td>Boissons gazeuses<\/td>\n<td>0,6 g\/kg<\/td>\n<\/tr>\n<tr>\n<td>Boissons aux fruits<\/td>\n<td>0,5 g\/kg<\/td>\n<\/tr>\n<tr>\n<td>Boissons laiti\u00e8res<\/td>\n<td>Boissons laiti\u00e8res<\/td>\n<\/tr>\n<tr>\n<td>Yaourt<\/td>\n<td>0,5 g\/kg<\/td>\n<\/tr>\n<tr>\n<td>Bonbons<\/td>\n<td>0,8 g\/kg<\/td>\n<\/tr>\n<tr>\n<td>Chocolat<\/td>\n<td>0,5 g\/kg<\/td>\n<\/tr>\n<tr>\n<td>G\u00e2teau<\/td>\n<td>0,4 g\/kg<\/td>\n<\/tr>\n<tr>\n<td>Confiture<\/td>\n<td>0,6 g\/kg<\/td>\n<\/tr>\n<tr>\n<td>Sauce pour salade<\/td>\n<td>0,4 g\/kg<\/td>\n<\/tr>\n<tr>\n<td>Sauce soja<\/td>\n<td>0,3 g\/kg<\/td>\n<\/tr>\n<tr>\n<td>Sauce d&rsquo;assaisonnement<\/td>\n<td>0,5 g\/kg<\/td>\n<\/tr>\n<tr>\n<td>Aliments marin\u00e9s<\/td>\n<td>0,3 g\/kg<\/td>\n<\/tr>\n<tr>\n<td>Aliments en conserve<\/td>\n<td>0,4 g\/kg<\/td>\n<\/tr>\n<tr>\n<td>Pain<\/td>\n<td>0,4 g\/kg<\/td>\n<\/tr>\n<\/tbody>\n<\/table>\n<h2><span class=\"ez-toc-section\" id=\"Le_sucralose_a_une_large_gamme_dutilisations\"><\/span>Le sucralose a une large gamme d&rsquo;utilisations<span class=\"ez-toc-section-end\"><\/span><\/h2>\n<p>Le sucralose a une large gamme d&rsquo;utilisations Le sucralose est un \u00e9dulcorant de haute intensit\u00e9 largement utilis\u00e9 dans de nombreuses industries. Voici ses applications sp\u00e9cifiques dans les industries alimentaire, chimique, cosm\u00e9tique et autres :<\/p>\n<ol>\n<li><span style=\"font-size: 16px;\">Industrie alimentaire Le sucralose est largement utilis\u00e9 dans diverses boissons et aliments de l&rsquo;industrie alimentaire. Il est couramment utilis\u00e9 dans les boissons gazeuses, les jus de fruits, les boissons au th\u00e9 et les produits laitiers pour apporter de la douceur sans ajouter de calories, r\u00e9pondant ainsi \u00e0 la demande des consommateurs en aliments \u00e0 faible teneur en sucre et en calories. Dans les produits de boulangerie, le sucralose est utilis\u00e9 dans le pain, les g\u00e2teaux, les biscuits et autres desserts car il peut maintenir une douceur stable pendant la cuisson \u00e0 haute temp\u00e9rature. De plus, il est \u00e9galement utilis\u00e9 dans les bonbons, les glaces, les gel\u00e9es et les confitures pour apporter une douceur durable et un bon go\u00fbt sans ajouter de calories. <\/span><\/li>\n<li><span style=\"font-size: 16px;\">Industrie chimique Dans l&rsquo;industrie chimique, le sucralose est utilis\u00e9 pour produire divers additifs alimentaires \u00e0 faible teneur en sucre ou sans sucre en remplacement d&rsquo;autres \u00e9dulcorants riches en calories. Il est \u00e9galement utilis\u00e9 dans les processus pharmaceutiques et est ajout\u00e9 aux sirops contre la toux, aux suppl\u00e9ments vitaminiques et \u00e0 d&rsquo;autres m\u00e9dicaments pour am\u00e9liorer le go\u00fbt des m\u00e9dicaments et augmenter l&rsquo;observance du traitement par les patients. L&rsquo;industrie chimique utilise \u00e9galement la stabilit\u00e9 du sucralose pour l&rsquo;appliquer \u00e0 diff\u00e9rentes techniques de traitement afin de garantir que le produit conserve ses propri\u00e9t\u00e9s sucr\u00e9es dans divers environnements. <\/span><\/li>\n<li><span style=\"font-size: 16px;\">Industrie cosm\u00e9tique Le sucralose est principalement utilis\u00e9 dans les produits de soins bucco-dentaires et les cosm\u00e9tiques de l&rsquo;industrie cosm\u00e9tique. Dans les produits de soins bucco-dentaires tels que le dentifrice et le bain de bouche, il est utilis\u00e9 comme \u00e9dulcorant qui ne favorise pas la carie dentaire. Dans le rouge \u00e0 l\u00e8vres, le brillant \u00e0 l\u00e8vres et d&rsquo;autres cosm\u00e9tiques pour les l\u00e8vres, le sucralose est utilis\u00e9 pour apporter de la douceur et am\u00e9liorer l&rsquo;exp\u00e9rience de l&rsquo;utilisateur. En outre, il est \u00e9galement ajout\u00e9 \u00e0 certains produits de soins de la peau et produits de lavage pour am\u00e9liorer les attributs sensoriels globaux du produit. <\/span><\/li>\n<li><span style=\"font-size: 16px;\">Industrie des services de restauration L&rsquo;industrie des services de restauration utilise largement le sucralose pour fabriquer des aliments et des boissons sans sucre et \u00e0 faible teneur en sucre. Dans les caf\u00e9s et les salons de th\u00e9, le sucralose est utilis\u00e9 pour fabriquer du caf\u00e9, du th\u00e9 et d&rsquo;autres boissons sans sucre afin d&rsquo;offrir aux clients des options sucr\u00e9es saines. Dans les restaurants et les h\u00f4tels, le sucralose est utilis\u00e9 pour pr\u00e9parer des desserts et des condiments sans sucre afin de r\u00e9pondre aux besoins des clients en mati\u00e8re de r\u00e9gimes pauvres en sucre et en calories. Il est \u00e9galement utilis\u00e9 comme substitut du sucre sur la table pour que les clients l&rsquo;ajoutent eux-m\u00eames aux boissons ou \u00e0 la nourriture. <\/span><\/li>\n<li><span style=\"font-size: 16px;\">Industrie des aliments pour animaux de compagnie Le sucralose est \u00e9galement utilis\u00e9 dans l&rsquo;industrie des aliments pour animaux de compagnie, en particulier dans la fabrication de collations pour animaux de compagnie \u00e0 faible teneur en sucre. Il apporte de la douceur tout en contr\u00f4lant les calories, r\u00e9pondant aux exigences des propri\u00e9taires d&rsquo;animaux de compagnie pour une alimentation saine pour leurs animaux. En ajoutant du sucralose, les aliments pour animaux de compagnie peuvent non seulement plaire au go\u00fbt des animaux de compagnie, mais \u00e9galement aider \u00e0 contr\u00f4ler le poids et la sant\u00e9 des animaux de compagnie.<\/span><\/li>\n<\/ol>\n<h2><span class=\"ez-toc-section\" id=\"Question_posee_par_lutilisateur\"><\/span>Question pos\u00e9e par l&rsquo;utilisateur :<span class=\"ez-toc-section-end\"><\/span><\/h2>\n<p>Question : Quels sont les avantages du sucralose par rapport \u00e0 l&rsquo;aspartame ?<\/p>\n<p>R\u00e9ponse :<\/p>\n<p>1. Caract\u00e9ristiques sucr\u00e9es : La douceur du sucralose est relativement plus proche de celle du saccharose, avec une meilleure qualit\u00e9 sucr\u00e9e et un meilleur go\u00fbt, et il n&rsquo;est pas facile de produire une amertume ou un go\u00fbt m\u00e9tallique. L&rsquo;aspartame a une forte douceur, mais certaines personnes peuvent ressentir une certaine amertume.<\/p>\n<p>2. Stabilit\u00e9 : Dans une large gamme de pH, le sucralose est relativement stable et n&rsquo;est pas facilement affect\u00e9 par l&rsquo;acide, l&rsquo;alcali ou la temp\u00e9rature \u00e9lev\u00e9e. L&rsquo;aspartame peut perdre une partie de sa douceur dans un environnement acide.<\/p>\n<p>3. Stabilit\u00e9 thermique : Le sucralose ne se d\u00e9compose pas facilement et ne perd pas sa douceur avec la cuisson ou le chauffage. En revanche, l&rsquo;aspartame peut se d\u00e9grader dans un environnement \u00e0 haute temp\u00e9rature, affectant son effet sucr\u00e9.<\/p>\n<div id=\"highlighter--hover-tools\" style=\"display: none;\">\n<div id=\"highlighter--hover-tools--container\">\n<div class=\"highlighter--icon highlighter--icon-copy\" title=\"Copy\"><\/div>\n<div class=\"highlighter--icon highlighter--icon-change-color\" title=\"Change Color\"><\/div>\n<div class=\"highlighter--icon highlighter--icon-delete\" title=\"Delete\"><\/div>\n<\/div>\n<\/div>\n","protected":false},"excerpt":{"rendered":"<ul>\n<li>CAS: 56038-13-2<\/li>\n<li>Formule chimique: C<sub>12<\/sub>H<sub>19<\/sub>Cl<sub>3<\/sub>O<sub>8<\/sub><\/li>\n<li>Certifications : KOSHER, ISO, HALAL, FSSC 22000, BRC, etc.<\/li>\n<li>Norme : FCCVII\/USP34\/EP2368\/EC231\/2012(2008\/60\/EC)\/GB25531<\/li>\n<li>Quantit\u00e9 minimum de commande : 1000 kg<\/li>\n<li>Dur\u00e9e de conservation : 2 ans<\/li>\n<\/ul>\n","protected":false},"featured_media":9473,"template":"","meta":{"site-sidebar-layout":"default","site-content-layout":"","ast-site-content-layout":"default","site-content-style":"default","site-sidebar-style":"default","ast-global-header-display":"","ast-banner-title-visibility":"","ast-main-header-display":"","ast-hfb-above-header-display":"","ast-hfb-below-header-display":"","ast-hfb-mobile-header-display":"","site-post-title":"","ast-breadcrumbs-content":"","ast-featured-img":"","footer-sml-layout":"","theme-transparent-header-meta":"default","adv-header-id-meta":"","stick-header-meta":"","header-above-stick-meta":"","header-main-stick-meta":"","header-below-stick-meta":"","astra-migrate-meta-layouts":"set","ast-page-background-enabled":"default","ast-page-background-meta":{"desktop":{"background-color":"var(--ast-global-color-4)","background-image":"","background-repeat":"repeat","background-position":"center center","background-size":"auto","background-attachment":"scroll","background-type":"","background-media":"","overlay-type":"","overlay-color":"","overlay-opacity":"","overlay-gradient":""},"tablet":{"background-color":"","background-image":"","background-repeat":"repeat","background-position":"center center","background-size":"auto","background-attachment":"scroll","background-type":"","background-media":"","overlay-type":"","overlay-color":"","overlay-opacity":"","overlay-gradient":""},"mobile":{"background-color":"","background-image":"","background-repeat":"repeat","background-position":"center center","background-size":"auto","background-attachment":"scroll","background-type":"","background-media":"","overlay-type":"","overlay-color":"","overlay-opacity":"","overlay-gradient":""}},"ast-content-background-meta":{"desktop":{"background-color":"var(--ast-global-color-5)","background-image":"","background-repeat":"repeat","background-position":"center center","background-size":"auto","background-attachment":"scroll","background-type":"","background-media":"","overlay-type":"","overlay-color":"","overlay-opacity":"","overlay-gradient":""},"tablet":{"background-color":"var(--ast-global-color-5)","background-image":"","background-repeat":"repeat","background-position":"center center","background-size":"auto","background-attachment":"scroll","background-type":"","background-media":"","overlay-type":"","overlay-color":"","overlay-opacity":"","overlay-gradient":""},"mobile":{"background-color":"var(--ast-global-color-5)","background-image":"","background-repeat":"repeat","background-position":"center center","background-size":"auto","background-attachment":"scroll","background-type":"","background-media":"","overlay-type":"","overlay-color":"","overlay-opacity":"","overlay-gradient":""}}},"product_brand":[],"product_cat":[111],"product_tag":[],"class_list":{"0":"post-9472","1":"product","2":"type-product","3":"status-publish","4":"has-post-thumbnail","6":"product_cat-produit-edulcorant","7":"desktop-align-center","8":"tablet-align-left","9":"mobile-align-left","11":"first","12":"instock","13":"shipping-taxable","14":"product-type-simple"},"yoast_head":"<!-- This site is optimized with the Yoast SEO plugin v26.5 - https:\/\/yoast.com\/wordpress\/plugins\/seo\/ -->\n<title>Fabricant de Sucralose, Acheter du Sucralose \u00e0 Bas Prix | Niranbio Chemical<\/title>\n<meta name=\"description\" content=\"Notre poudre de E955 sucralose biologique est hautement soluble dans l&#039;eau, stable \u00e0 la chaleur et conserve sa douceur \u00e0 diff\u00e9rents niveaux de pH, ce qui le rend id\u00e9al pour la cuisine et la p\u00e2tisserie.\" \/>\n<meta name=\"robots\" content=\"noindex, follow, max-snippet:-1, max-image-preview:large, max-video-preview:-1\" \/>\n<meta name=\"twitter:label1\" content=\"Dur\u00e9e de lecture estim\u00e9e\" \/>\n\t<meta name=\"twitter:data1\" content=\"6 minutes\" \/>\n<script type=\"application\/ld+json\" class=\"yoast-schema-graph\">{\"@context\":\"https:\/\/schema.org\",\"@graph\":[{\"@type\":\"WebPage\",\"@id\":\"https:\/\/theo.niranbio.com\/fr\/sucralose-de-qualite-alimentaire.html\",\"url\":\"https:\/\/theo.niranbio.com\/fr\/sucralose-de-qualite-alimentaire.html\",\"name\":\"Fabricant de Sucralose, Acheter du Sucralose \u00e0 Bas Prix | Niranbio Chemical\",\"isPartOf\":{\"@id\":\"https:\/\/theo.niranbio.com\/fr\/#website\"},\"primaryImageOfPage\":{\"@id\":\"https:\/\/theo.niranbio.com\/fr\/sucralose-de-qualite-alimentaire.html#primaryimage\"},\"image\":{\"@id\":\"https:\/\/theo.niranbio.com\/fr\/sucralose-de-qualite-alimentaire.html#primaryimage\"},\"thumbnailUrl\":\"https:\/\/theo.niranbio.com\/wp-content\/uploads\/2024\/06\/Sucralose.webp\",\"datePublished\":\"2024-06-20T01:18:28+00:00\",\"dateModified\":\"2024-08-19T05:30:23+00:00\",\"description\":\"Notre poudre de E955 sucralose biologique est hautement soluble dans l'eau, stable \u00e0 la chaleur et conserve sa douceur \u00e0 diff\u00e9rents niveaux de pH, ce qui le rend id\u00e9al pour la cuisine et la p\u00e2tisserie.\",\"breadcrumb\":{\"@id\":\"https:\/\/theo.niranbio.com\/fr\/sucralose-de-qualite-alimentaire.html#breadcrumb\"},\"inLanguage\":\"fr-FR\",\"potentialAction\":[{\"@type\":\"ReadAction\",\"target\":[\"https:\/\/theo.niranbio.com\/fr\/sucralose-de-qualite-alimentaire.html\"]}]},{\"@type\":\"ImageObject\",\"inLanguage\":\"fr-FR\",\"@id\":\"https:\/\/theo.niranbio.com\/fr\/sucralose-de-qualite-alimentaire.html#primaryimage\",\"url\":\"https:\/\/theo.niranbio.com\/wp-content\/uploads\/2024\/06\/Sucralose.webp\",\"contentUrl\":\"https:\/\/theo.niranbio.com\/wp-content\/uploads\/2024\/06\/Sucralose.webp\",\"width\":600,\"height\":600,\"caption\":\"Sucralose\"},{\"@type\":\"BreadcrumbList\",\"@id\":\"https:\/\/theo.niranbio.com\/fr\/sucralose-de-qualite-alimentaire.html#breadcrumb\",\"itemListElement\":[{\"@type\":\"ListItem\",\"position\":1,\"name\":\"Home\",\"item\":\"https:\/\/theo.niranbio.com\/fr\/\"},{\"@type\":\"ListItem\",\"position\":2,\"name\":\"Produits\",\"item\":\"https:\/\/theo.niranbio.com\/fr\/produits.html\"},{\"@type\":\"ListItem\",\"position\":3,\"name\":\"\u00c9dulcorant\",\"item\":\"https:\/\/theo.niranbio.com\/fr\/produit-edulcorant\/\"},{\"@type\":\"ListItem\",\"position\":4,\"name\":\"Sucralose de qualit\u00e9 alimentaire\"}]},{\"@type\":\"WebSite\",\"@id\":\"https:\/\/theo.niranbio.com\/fr\/#website\",\"url\":\"https:\/\/theo.niranbio.com\/fr\/\",\"name\":\"Niranbio Chemical\",\"description\":\"\",\"publisher\":{\"@id\":\"https:\/\/theo.niranbio.com\/fr\/#organization\"},\"potentialAction\":[{\"@type\":\"SearchAction\",\"target\":{\"@type\":\"EntryPoint\",\"urlTemplate\":\"https:\/\/theo.niranbio.com\/fr\/?s={search_term_string}\"},\"query-input\":{\"@type\":\"PropertyValueSpecification\",\"valueRequired\":true,\"valueName\":\"search_term_string\"}}],\"inLanguage\":\"fr-FR\"},{\"@type\":\"Organization\",\"@id\":\"https:\/\/theo.niranbio.com\/fr\/#organization\",\"name\":\"Niranbio Chemical\",\"url\":\"https:\/\/theo.niranbio.com\/fr\/\",\"logo\":{\"@type\":\"ImageObject\",\"inLanguage\":\"fr-FR\",\"@id\":\"https:\/\/theo.niranbio.com\/fr\/#\/schema\/logo\/image\/\",\"url\":\"https:\/\/theo.niranbio.com\/wp-content\/uploads\/2024\/06\/Niranbio.png\",\"contentUrl\":\"https:\/\/theo.niranbio.com\/wp-content\/uploads\/2024\/06\/Niranbio.png\",\"width\":270,\"height\":100,\"caption\":\"Niranbio Chemical\"},\"image\":{\"@id\":\"https:\/\/theo.niranbio.com\/fr\/#\/schema\/logo\/image\/\"}}]}<\/script>\n<!-- \/ Yoast SEO plugin. -->","yoast_head_json":{"title":"Fabricant de Sucralose, Acheter du Sucralose \u00e0 Bas Prix | Niranbio Chemical","description":"Notre poudre de E955 sucralose biologique est hautement soluble dans l'eau, stable \u00e0 la chaleur et conserve sa douceur \u00e0 diff\u00e9rents niveaux de pH, ce qui le rend id\u00e9al pour la cuisine et la p\u00e2tisserie.","robots":{"index":"noindex","follow":"follow","max-snippet":"max-snippet:-1","max-image-preview":"max-image-preview:large","max-video-preview":"max-video-preview:-1"},"twitter_misc":{"Dur\u00e9e de lecture estim\u00e9e":"6 minutes"},"schema":{"@context":"https:\/\/schema.org","@graph":[{"@type":"WebPage","@id":"https:\/\/theo.niranbio.com\/fr\/sucralose-de-qualite-alimentaire.html","url":"https:\/\/theo.niranbio.com\/fr\/sucralose-de-qualite-alimentaire.html","name":"Fabricant de Sucralose, Acheter du Sucralose \u00e0 Bas Prix | Niranbio Chemical","isPartOf":{"@id":"https:\/\/theo.niranbio.com\/fr\/#website"},"primaryImageOfPage":{"@id":"https:\/\/theo.niranbio.com\/fr\/sucralose-de-qualite-alimentaire.html#primaryimage"},"image":{"@id":"https:\/\/theo.niranbio.com\/fr\/sucralose-de-qualite-alimentaire.html#primaryimage"},"thumbnailUrl":"https:\/\/theo.niranbio.com\/wp-content\/uploads\/2024\/06\/Sucralose.webp","datePublished":"2024-06-20T01:18:28+00:00","dateModified":"2024-08-19T05:30:23+00:00","description":"Notre poudre de E955 sucralose biologique est hautement soluble dans l'eau, stable \u00e0 la chaleur et conserve sa douceur \u00e0 diff\u00e9rents niveaux de pH, ce qui le rend id\u00e9al pour la cuisine et la p\u00e2tisserie.","breadcrumb":{"@id":"https:\/\/theo.niranbio.com\/fr\/sucralose-de-qualite-alimentaire.html#breadcrumb"},"inLanguage":"fr-FR","potentialAction":[{"@type":"ReadAction","target":["https:\/\/theo.niranbio.com\/fr\/sucralose-de-qualite-alimentaire.html"]}]},{"@type":"ImageObject","inLanguage":"fr-FR","@id":"https:\/\/theo.niranbio.com\/fr\/sucralose-de-qualite-alimentaire.html#primaryimage","url":"https:\/\/theo.niranbio.com\/wp-content\/uploads\/2024\/06\/Sucralose.webp","contentUrl":"https:\/\/theo.niranbio.com\/wp-content\/uploads\/2024\/06\/Sucralose.webp","width":600,"height":600,"caption":"Sucralose"},{"@type":"BreadcrumbList","@id":"https:\/\/theo.niranbio.com\/fr\/sucralose-de-qualite-alimentaire.html#breadcrumb","itemListElement":[{"@type":"ListItem","position":1,"name":"Home","item":"https:\/\/theo.niranbio.com\/fr\/"},{"@type":"ListItem","position":2,"name":"Produits","item":"https:\/\/theo.niranbio.com\/fr\/produits.html"},{"@type":"ListItem","position":3,"name":"\u00c9dulcorant","item":"https:\/\/theo.niranbio.com\/fr\/produit-edulcorant\/"},{"@type":"ListItem","position":4,"name":"Sucralose de qualit\u00e9 alimentaire"}]},{"@type":"WebSite","@id":"https:\/\/theo.niranbio.com\/fr\/#website","url":"https:\/\/theo.niranbio.com\/fr\/","name":"Niranbio Chemical","description":"","publisher":{"@id":"https:\/\/theo.niranbio.com\/fr\/#organization"},"potentialAction":[{"@type":"SearchAction","target":{"@type":"EntryPoint","urlTemplate":"https:\/\/theo.niranbio.com\/fr\/?s={search_term_string}"},"query-input":{"@type":"PropertyValueSpecification","valueRequired":true,"valueName":"search_term_string"}}],"inLanguage":"fr-FR"},{"@type":"Organization","@id":"https:\/\/theo.niranbio.com\/fr\/#organization","name":"Niranbio Chemical","url":"https:\/\/theo.niranbio.com\/fr\/","logo":{"@type":"ImageObject","inLanguage":"fr-FR","@id":"https:\/\/theo.niranbio.com\/fr\/#\/schema\/logo\/image\/","url":"https:\/\/theo.niranbio.com\/wp-content\/uploads\/2024\/06\/Niranbio.png","contentUrl":"https:\/\/theo.niranbio.com\/wp-content\/uploads\/2024\/06\/Niranbio.png","width":270,"height":100,"caption":"Niranbio Chemical"},"image":{"@id":"https:\/\/theo.niranbio.com\/fr\/#\/schema\/logo\/image\/"}}]}},"_links":{"self":[{"href":"https:\/\/theo.niranbio.com\/fr\/wp-json\/wp\/v2\/product\/9472","targetHints":{"allow":["GET"]}}],"collection":[{"href":"https:\/\/theo.niranbio.com\/fr\/wp-json\/wp\/v2\/product"}],"about":[{"href":"https:\/\/theo.niranbio.com\/fr\/wp-json\/wp\/v2\/types\/product"}],"version-history":[{"count":0,"href":"https:\/\/theo.niranbio.com\/fr\/wp-json\/wp\/v2\/product\/9472\/revisions"}],"wp:featuredmedia":[{"embeddable":true,"href":"https:\/\/theo.niranbio.com\/fr\/wp-json\/wp\/v2\/media\/9473"}],"wp:attachment":[{"href":"https:\/\/theo.niranbio.com\/fr\/wp-json\/wp\/v2\/media?parent=9472"}],"wp:term":[{"taxonomy":"product_brand","embeddable":true,"href":"https:\/\/theo.niranbio.com\/fr\/wp-json\/wp\/v2\/product_brand?post=9472"},{"taxonomy":"product_cat","embeddable":true,"href":"https:\/\/theo.niranbio.com\/fr\/wp-json\/wp\/v2\/product_cat?post=9472"},{"taxonomy":"product_tag","embeddable":true,"href":"https:\/\/theo.niranbio.com\/fr\/wp-json\/wp\/v2\/product_tag?post=9472"}],"curies":[{"name":"wp","href":"https:\/\/api.w.org\/{rel}","templated":true}]}}