{"id":9466,"date":"2024-06-20T08:51:59","date_gmt":"2024-06-20T00:51:59","guid":{"rendered":"https:\/\/theo.niranbio.com\/lacide-fumarique\/"},"modified":"2024-08-19T11:23:45","modified_gmt":"2024-08-19T03:23:45","slug":"lacide-fumarique","status":"publish","type":"product","link":"https:\/\/theo.niranbio.com\/fr\/lacide-fumarique-e297.html","title":{"rendered":"L&rsquo;acide fumarique"},"content":{"rendered":"<h2><span class=\"ez-toc-section\" id=\"Quest-ce_que_lacide_fumarique\"><\/span>Qu&rsquo;est-ce que l&rsquo;acide fumarique ?<span class=\"ez-toc-section-end\"><\/span><\/h2>\n<p>L&rsquo;acide fumarique se pr\u00e9sente sous forme de cristaux et de poudre incolores ou blancs, avec un go\u00fbt aigre fruit\u00e9. L\u00e9g\u00e8rement soluble dans l&rsquo;eau, l&rsquo;\u00e9ther, etc. L&rsquo;acide fumarique peut \u00eatre utilis\u00e9 comme acidulant, antioxydant, acc\u00e9l\u00e9rateur de d\u00e9capage, etc. De plus, l&rsquo;acide fumarique a \u00e9galement un fort effet tampon et des effets antibact\u00e9riens et anti-moisissure.<\/p>\n<p>Il existe trois principaux proc\u00e9d\u00e9s de production d&rsquo;acide fumarique :<\/p>\n<p>1. M\u00e9thode d&rsquo;isom\u00e9risation de l&rsquo;acide cis : Cette m\u00e9thode de synth\u00e8se est une m\u00e9thode couramment utilis\u00e9e pour produire de l&rsquo;acide fumarique dans mon pays. En utilisant l&rsquo;acide cis comme mati\u00e8re premi\u00e8re, la temp\u00e9rature peut \u00eatre augment\u00e9e \u00e0 145-260\u00b0C gr\u00e2ce \u00e0 l&rsquo;effet catalytique de la thiour\u00e9e, et le produit final peut \u00eatre obtenu par filtration, lavage, s\u00e9chage et d&rsquo;autres proc\u00e9d\u00e9s apr\u00e8s isom\u00e9risation en acide fumarique.<\/p>\n<p>2. M\u00e9thode de fermentation : La paraffine (liquide) peut \u00eatre utilis\u00e9e comme mati\u00e8re premi\u00e8re, puis ferment\u00e9e par Candida, puis s\u00e9par\u00e9e, d\u00e9color\u00e9e, cristallis\u00e9e, s\u00e9ch\u00e9e et d&rsquo;autres moyens pour finalement obtenir de l&rsquo;acide fumarique.<\/p>\n<p>3. M\u00e9thode au furfural : Le furfural peut \u00eatre utilis\u00e9 comme mati\u00e8re premi\u00e8re, du chlorate de sodium est ajout\u00e9 et oxyd\u00e9 pour produire de l&rsquo;acide fumarique.<\/p>\n<h2><span class=\"ez-toc-section\" id=\"Parametres_associes\"><\/span>Param\u00e8tres associ\u00e9s :<span class=\"ez-toc-section-end\"><\/span><\/h2>\n<table>\n<tbody>\n<tr>\n<td>Articles<\/td>\n<td>CONFORME<\/td>\n<td>R\u00c9SULTAT<\/td>\n<\/tr>\n<tr>\n<td>ESSAI (%)<\/td>\n<td>99.5-100.5<\/td>\n<td>99.6<\/td>\n<\/tr>\n<tr>\n<td>POINT DE FUSION(\u2103)<\/td>\n<td>286-302<\/td>\n<td>299<\/td>\n<\/tr>\n<tr>\n<td>ACIDE MALEIQUE(%)<\/td>\n<td>MAX 0,1<\/td>\n<td>0.03<\/td>\n<\/tr>\n<tr>\n<td>HUMIDIT\u00c9(%)<\/td>\n<td>MAX 0,5<\/td>\n<td>0.12<\/td>\n<\/tr>\n<tr>\n<td>R\u00c9SIDU AU FEU(%)<\/td>\n<td>MAX 0,1<\/td>\n<td>0.06<\/td>\n<\/tr>\n<tr>\n<td>ARSENIC PPM<\/td>\n<td>MAX 2<\/td>\n<td>&lt;2<\/td>\n<\/tr>\n<tr>\n<td>LEAD PPM<\/td>\n<td>MAX 2<\/td>\n<td>&lt;2<\/td>\n<\/tr>\n<tr>\n<td>MERCURY PPM<\/td>\n<td>MAX 1<\/td>\n<td>&lt;1<\/td>\n<\/tr>\n<\/tbody>\n<\/table>\n<h2><span class=\"ez-toc-section\" id=\"Dosage_recommande\"><\/span>Dosage recommand\u00e9<span class=\"ez-toc-section-end\"><\/span><\/h2>\n<table>\n<tbody>\n<tr>\n<td>Nom de l&rsquo;aliment<\/td>\n<td>Utilisation maximale (g\/kg)<\/td>\n<\/tr>\n<tr>\n<td>Boissons gazeuses<\/td>\n<td>0,2-0,5 g\/kg<\/td>\n<\/tr>\n<tr>\n<td>Produits amylac\u00e9s<\/td>\n<td>0,1-0,3 g\/kg<\/td>\n<\/tr>\n<tr>\n<td>Gel\u00e9e<\/td>\n<td>0,3-0,5 g\/kg<\/td>\n<\/tr>\n<tr>\n<td>Sauce salade<\/td>\n<td>0,2-0,4 g\/kg<\/td>\n<\/tr>\n<tr>\n<td>Cr\u00e8me glac\u00e9e<\/td>\n<td>0,2-0,3 g\/kg<\/td>\n<\/tr>\n<tr>\n<td>Transformation de produits aquatiques<\/td>\n<td>0,1-0,3 g\/kg<\/td>\n<\/tr>\n<tr>\n<td>Assaisonnements<\/td>\n<td>0,2-0,5 g\/kg<\/td>\n<\/tr>\n<tr>\n<td>Produits \u00e0 base de soja<\/td>\n<td>0,1-0,3 g\/kg<\/td>\n<\/tr>\n<tr>\n<td>Sauce soja<\/td>\n<td>0,1-0,3 g\/kg<\/td>\n<\/tr>\n<tr>\n<td>Jambon<\/td>\n<td>0,1-0,2 g\/kg<\/td>\n<\/tr>\n<tr>\n<td>Pain<\/td>\n<td>0,1-0,2 g\/kg<\/td>\n<\/tr>\n<tr>\n<td>Produits grill\u00e9s<\/td>\n<td>0,2-0,4 g\/kg<\/td>\n<\/tr>\n<tr>\n<td>Produits laitiers<\/td>\n<td>0,2-0,3 g\/kg<\/td>\n<\/tr>\n<tr>\n<td>Aliments surgel\u00e9s<\/td>\n<td>0,1-0,3 g\/kg<\/td>\n<\/tr>\n<tr>\n<td>Chocolat<\/td>\n<td>0,1-0,3 g\/kg<\/td>\n<\/tr>\n<tr>\n<td>Aliments en conserve<\/td>\n<td>0,2-0,4 g\/kg<\/td>\n<\/tr>\n<tr>\n<td>Aliments marin\u00e9s<\/td>\n<td>0,2-0,4 g\/kg<\/td>\n<\/tr>\n<tr>\n<td>Bonbons g\u00e9lifi\u00e9s<\/td>\n<td>0,3-0,5 g\/kg<\/td>\n<\/tr>\n<tr>\n<td>Boissons nutritives<\/td>\n<td>0,2-0,4 g\/kg<\/td>\n<\/tr>\n<\/tbody>\n<\/table>\n<h2><span class=\"ez-toc-section\" id=\"Lacide_fumarique_a_une_large_gamme_dutilisations\"><\/span>L&rsquo;acide fumarique a une large gamme d&rsquo;utilisations<span class=\"ez-toc-section-end\"><\/span><\/h2>\n<p>1. Assaisonnement et conservation des aliments L&rsquo;acide fumarique peut \u00eatre utilis\u00e9 comme un excellent conservateur et acidulant alimentaire, ce qui peut non seulement am\u00e9liorer le go\u00fbt des aliments, mais aussi inhiber efficacement la croissance des bact\u00e9ries et des moisissures dans les aliments. L&rsquo;ajout d&rsquo;acide fumarique aux aliments p\u00e9rissables tels que les produits \u00e0 base de viande peut prolonger leur dur\u00e9e de conservation et garantir la s\u00e9curit\u00e9 et la qualit\u00e9 des produits.<\/p>\n<p>2. Am\u00e9liorer le go\u00fbt L&rsquo;acide fumarique a un fort go\u00fbt aigre et sal\u00e9. L&rsquo;ajouter \u00e0 des aliments tels que les produits \u00e0 base de poisson peut am\u00e9liorer le go\u00fbt et l&rsquo;app\u00e9tit. De plus, l&rsquo;acide fumarique peut \u00eatre utilis\u00e9 comme assaisonnement de fermentation pour fabriquer des produits tels que des l\u00e9gumes marin\u00e9s et du fromage afin d&rsquo;augmenter la saveur du produit.<\/p>\n<p>3. Additifs alimentaires En tant qu&rsquo;additif alimentaire courant, l&rsquo;acide fumarique peut am\u00e9liorer l&rsquo;immunit\u00e9 animale, r\u00e9duire la probabilit\u00e9 de dystocie, de fausse couche et de mortinatalit\u00e9, augmenter le taux de survie des animaux nouveau-n\u00e9s et favoriser la croissance et le d\u00e9veloppement des animaux. Il est \u00e9galement peu co\u00fbteux et tr\u00e8s s\u00fbr, il est donc largement utilis\u00e9 dans le traitement des aliments pour animaux.<\/p>\n<p>4. Am\u00e9liorer la texture L&rsquo;acide fumarique peut \u00e9galement \u00eatre utilis\u00e9 comme \u00e9paississant pour augmenter la viscosit\u00e9 et le go\u00fbt des aliments. Il est largement utilis\u00e9 dans les sauces, condiments, confitures et autres produits.<\/p>\n<p>5. Autres utilisations En plus des utilisations ci-dessus, l&rsquo;acide fumarique peut \u00e9galement \u00eatre utilis\u00e9 pour fabriquer des produits laitiers, des aliments surgel\u00e9s, des biscuits et d&rsquo;autres aliments, et ses effets sont \u00e9galement divers.<\/p>\n<h2><span class=\"ez-toc-section\" id=\"Question_posee_par_lutilisateur\"><\/span>Question pos\u00e9e par l&rsquo;utilisateur :<span class=\"ez-toc-section-end\"><\/span><\/h2>\n<p><strong>Question : L\u2019acide fumarique peut-il \u00eatre extrait naturellement ?<\/strong><\/p>\n<p>R\u00e9ponse : La r\u00e9ponse est oui, l\u2019acide fumarique peut \u00eatre obtenu \u00e0 partir de certaines plantes (comme la sauge) et d\u2019animaux gr\u00e2ce \u00e0 des m\u00e9thodes d\u2019extraction et de purification, et est largement utilis\u00e9 dans l\u2019alimentation, la m\u00e9decine, les cosm\u00e9tiques et l\u2019industrie.<\/p>\n<p><strong>Question : Y a-t-il une diff\u00e9rence entre l\u2019acide fumarique et l\u2019acide citrique ?<\/strong><\/p>\n<p>R\u00e9ponse : Outre la diff\u00e9rence de structure chimique, leurs sources et leurs utilisations sont \u00e9galement tr\u00e8s diff\u00e9rentes. L&rsquo;acide citrique est principalement extrait de l&rsquo;acide citrique et de certains autres agrumes, et peut \u00eatre utilis\u00e9 comme acidulant et conservateur. Il est plus courant que l&rsquo;acide citrique et a un go\u00fbt aigre et une acidit\u00e9 plus \u00e9vidents. En plus d&rsquo;\u00eatre extrait naturellement des poires, l&rsquo;acide fumarique peut \u00e9galement \u00eatre synth\u00e9tis\u00e9 chimiquement et est souvent utilis\u00e9 dans l&rsquo;industrie alimentaire et des boissons comme acidulant et peut \u00eatre utilis\u00e9 comme exhausteur d&rsquo;acidit\u00e9.<\/p>\n","protected":false},"excerpt":{"rendered":"<ul>\n<li>CAS : 110-17-8<\/li>\n<li>Formule chimique: C<sub>4<\/sub>H<sub>4<\/sub>O<sub>4<\/sub><\/li>\n<li>Certifications : KOSHER, ISO, HALAL, FSSC 22000, BRC, etc.<\/li>\n<li>Quantit\u00e9 minimum de commande : 1000 kg<\/li>\n<li>Dur\u00e9e de conservation : 2 ans<\/li>\n<\/ul>\n","protected":false},"featured_media":9467,"template":"","meta":{"site-sidebar-layout":"default","site-content-layout":"","ast-site-content-layout":"default","site-content-style":"default","site-sidebar-style":"default","ast-global-header-display":"","ast-banner-title-visibility":"","ast-main-header-display":"","ast-hfb-above-header-display":"","ast-hfb-below-header-display":"","ast-hfb-mobile-header-display":"","site-post-title":"","ast-breadcrumbs-content":"","ast-featured-img":"","footer-sml-layout":"","theme-transparent-header-meta":"default","adv-header-id-meta":"","stick-header-meta":"","header-above-stick-meta":"","header-main-stick-meta":"","header-below-stick-meta":"","astra-migrate-meta-layouts":"set","ast-page-background-enabled":"default","ast-page-background-meta":{"desktop":{"background-color":"var(--ast-global-color-4)","background-image":"","background-repeat":"repeat","background-position":"center center","background-size":"auto","background-attachment":"scroll","background-type":"","background-media":"","overlay-type":"","overlay-color":"","overlay-opacity":"","overlay-gradient":""},"tablet":{"background-color":"","background-image":"","background-repeat":"repeat","background-position":"center center","background-size":"auto","background-attachment":"scroll","background-type":"","background-media":"","overlay-type":"","overlay-color":"","overlay-opacity":"","overlay-gradient":""},"mobile":{"background-color":"","background-image":"","background-repeat":"repeat","background-position":"center center","background-size":"auto","background-attachment":"scroll","background-type":"","background-media":"","overlay-type":"","overlay-color":"","overlay-opacity":"","overlay-gradient":""}},"ast-content-background-meta":{"desktop":{"background-color":"var(--ast-global-color-5)","background-image":"","background-repeat":"repeat","background-position":"center center","background-size":"auto","background-attachment":"scroll","background-type":"","background-media":"","overlay-type":"","overlay-color":"","overlay-opacity":"","overlay-gradient":""},"tablet":{"background-color":"var(--ast-global-color-5)","background-image":"","background-repeat":"repeat","background-position":"center center","background-size":"auto","background-attachment":"scroll","background-type":"","background-media":"","overlay-type":"","overlay-color":"","overlay-opacity":"","overlay-gradient":""},"mobile":{"background-color":"var(--ast-global-color-5)","background-image":"","background-repeat":"repeat","background-position":"center center","background-size":"auto","background-attachment":"scroll","background-type":"","background-media":"","overlay-type":"","overlay-color":"","overlay-opacity":"","overlay-gradient":""}}},"product_brand":[],"product_cat":[101],"product_tag":[],"class_list":{"0":"post-9466","1":"product","2":"type-product","3":"status-publish","4":"has-post-thumbnail","6":"product_cat-produit-acidulant","7":"desktop-align-center","8":"tablet-align-left","9":"mobile-align-left","11":"first","12":"instock","13":"shipping-taxable","14":"product-type-simple"},"yoast_head":"<!-- This site is optimized with the Yoast SEO plugin v26.5 - https:\/\/yoast.com\/wordpress\/plugins\/seo\/ -->\n<title>Fournisseur d&#039;acide fumarique, Fabricant de poudre acide fumarique | Niranbio Chemical<\/title>\n<meta name=\"description\" content=\"Notre poudre d&#039;acide fumarique de qualit\u00e9 alimentaire (r\u00e9gulateur d&#039;acidit\u00e9 E297) est disponible en mailles solubles dans l&#039;eau chaude 30-100\/60 et en mailles solubles dans l&#039;eau froide 325.\" \/>\n<meta name=\"robots\" content=\"noindex, follow, max-snippet:-1, max-image-preview:large, max-video-preview:-1\" \/>\n<meta name=\"twitter:label1\" content=\"Dur\u00e9e de lecture estim\u00e9e\" \/>\n\t<meta name=\"twitter:data1\" content=\"4 minutes\" \/>\n<script type=\"application\/ld+json\" class=\"yoast-schema-graph\">{\"@context\":\"https:\/\/schema.org\",\"@graph\":[{\"@type\":\"WebPage\",\"@id\":\"https:\/\/theo.niranbio.com\/fr\/lacide-fumarique-e297.html\",\"url\":\"https:\/\/theo.niranbio.com\/fr\/lacide-fumarique-e297.html\",\"name\":\"Fournisseur d'acide fumarique, Fabricant de poudre acide fumarique | Niranbio Chemical\",\"isPartOf\":{\"@id\":\"https:\/\/theo.niranbio.com\/fr\/#website\"},\"primaryImageOfPage\":{\"@id\":\"https:\/\/theo.niranbio.com\/fr\/lacide-fumarique-e297.html#primaryimage\"},\"image\":{\"@id\":\"https:\/\/theo.niranbio.com\/fr\/lacide-fumarique-e297.html#primaryimage\"},\"thumbnailUrl\":\"https:\/\/theo.niranbio.com\/wp-content\/uploads\/2024\/06\/Fumaric-Acid.webp\",\"datePublished\":\"2024-06-20T00:51:59+00:00\",\"dateModified\":\"2024-08-19T03:23:45+00:00\",\"description\":\"Notre poudre d'acide fumarique de qualit\u00e9 alimentaire (r\u00e9gulateur d'acidit\u00e9 E297) est disponible en mailles solubles dans l'eau chaude 30-100\/60 et en mailles solubles dans l'eau froide 325.\",\"breadcrumb\":{\"@id\":\"https:\/\/theo.niranbio.com\/fr\/lacide-fumarique-e297.html#breadcrumb\"},\"inLanguage\":\"fr-FR\",\"potentialAction\":[{\"@type\":\"ReadAction\",\"target\":[\"https:\/\/theo.niranbio.com\/fr\/lacide-fumarique-e297.html\"]}]},{\"@type\":\"ImageObject\",\"inLanguage\":\"fr-FR\",\"@id\":\"https:\/\/theo.niranbio.com\/fr\/lacide-fumarique-e297.html#primaryimage\",\"url\":\"https:\/\/theo.niranbio.com\/wp-content\/uploads\/2024\/06\/Fumaric-Acid.webp\",\"contentUrl\":\"https:\/\/theo.niranbio.com\/wp-content\/uploads\/2024\/06\/Fumaric-Acid.webp\",\"width\":600,\"height\":600,\"caption\":\"Acide fumarique\"},{\"@type\":\"BreadcrumbList\",\"@id\":\"https:\/\/theo.niranbio.com\/fr\/lacide-fumarique-e297.html#breadcrumb\",\"itemListElement\":[{\"@type\":\"ListItem\",\"position\":1,\"name\":\"Home\",\"item\":\"https:\/\/theo.niranbio.com\/fr\/\"},{\"@type\":\"ListItem\",\"position\":2,\"name\":\"Produits\",\"item\":\"https:\/\/theo.niranbio.com\/fr\/produits.html\"},{\"@type\":\"ListItem\",\"position\":3,\"name\":\"Acidulant\",\"item\":\"https:\/\/theo.niranbio.com\/fr\/produit-acidulant\/\"},{\"@type\":\"ListItem\",\"position\":4,\"name\":\"L&#8217;acide fumarique\"}]},{\"@type\":\"WebSite\",\"@id\":\"https:\/\/theo.niranbio.com\/fr\/#website\",\"url\":\"https:\/\/theo.niranbio.com\/fr\/\",\"name\":\"Niranbio Chemical\",\"description\":\"\",\"publisher\":{\"@id\":\"https:\/\/theo.niranbio.com\/fr\/#organization\"},\"potentialAction\":[{\"@type\":\"SearchAction\",\"target\":{\"@type\":\"EntryPoint\",\"urlTemplate\":\"https:\/\/theo.niranbio.com\/fr\/?s={search_term_string}\"},\"query-input\":{\"@type\":\"PropertyValueSpecification\",\"valueRequired\":true,\"valueName\":\"search_term_string\"}}],\"inLanguage\":\"fr-FR\"},{\"@type\":\"Organization\",\"@id\":\"https:\/\/theo.niranbio.com\/fr\/#organization\",\"name\":\"Niranbio Chemical\",\"url\":\"https:\/\/theo.niranbio.com\/fr\/\",\"logo\":{\"@type\":\"ImageObject\",\"inLanguage\":\"fr-FR\",\"@id\":\"https:\/\/theo.niranbio.com\/fr\/#\/schema\/logo\/image\/\",\"url\":\"https:\/\/theo.niranbio.com\/wp-content\/uploads\/2024\/06\/Niranbio.png\",\"contentUrl\":\"https:\/\/theo.niranbio.com\/wp-content\/uploads\/2024\/06\/Niranbio.png\",\"width\":270,\"height\":100,\"caption\":\"Niranbio Chemical\"},\"image\":{\"@id\":\"https:\/\/theo.niranbio.com\/fr\/#\/schema\/logo\/image\/\"}}]}<\/script>\n<!-- \/ Yoast SEO plugin. -->","yoast_head_json":{"title":"Fournisseur d'acide fumarique, Fabricant de poudre acide fumarique | Niranbio Chemical","description":"Notre poudre d'acide fumarique de qualit\u00e9 alimentaire (r\u00e9gulateur d'acidit\u00e9 E297) est disponible en mailles solubles dans l'eau chaude 30-100\/60 et en mailles solubles dans l'eau froide 325.","robots":{"index":"noindex","follow":"follow","max-snippet":"max-snippet:-1","max-image-preview":"max-image-preview:large","max-video-preview":"max-video-preview:-1"},"twitter_misc":{"Dur\u00e9e de lecture estim\u00e9e":"4 minutes"},"schema":{"@context":"https:\/\/schema.org","@graph":[{"@type":"WebPage","@id":"https:\/\/theo.niranbio.com\/fr\/lacide-fumarique-e297.html","url":"https:\/\/theo.niranbio.com\/fr\/lacide-fumarique-e297.html","name":"Fournisseur d'acide fumarique, Fabricant de poudre acide fumarique | Niranbio Chemical","isPartOf":{"@id":"https:\/\/theo.niranbio.com\/fr\/#website"},"primaryImageOfPage":{"@id":"https:\/\/theo.niranbio.com\/fr\/lacide-fumarique-e297.html#primaryimage"},"image":{"@id":"https:\/\/theo.niranbio.com\/fr\/lacide-fumarique-e297.html#primaryimage"},"thumbnailUrl":"https:\/\/theo.niranbio.com\/wp-content\/uploads\/2024\/06\/Fumaric-Acid.webp","datePublished":"2024-06-20T00:51:59+00:00","dateModified":"2024-08-19T03:23:45+00:00","description":"Notre poudre d'acide fumarique de qualit\u00e9 alimentaire (r\u00e9gulateur d'acidit\u00e9 E297) est disponible en mailles solubles dans l'eau chaude 30-100\/60 et en mailles solubles dans l'eau froide 325.","breadcrumb":{"@id":"https:\/\/theo.niranbio.com\/fr\/lacide-fumarique-e297.html#breadcrumb"},"inLanguage":"fr-FR","potentialAction":[{"@type":"ReadAction","target":["https:\/\/theo.niranbio.com\/fr\/lacide-fumarique-e297.html"]}]},{"@type":"ImageObject","inLanguage":"fr-FR","@id":"https:\/\/theo.niranbio.com\/fr\/lacide-fumarique-e297.html#primaryimage","url":"https:\/\/theo.niranbio.com\/wp-content\/uploads\/2024\/06\/Fumaric-Acid.webp","contentUrl":"https:\/\/theo.niranbio.com\/wp-content\/uploads\/2024\/06\/Fumaric-Acid.webp","width":600,"height":600,"caption":"Acide fumarique"},{"@type":"BreadcrumbList","@id":"https:\/\/theo.niranbio.com\/fr\/lacide-fumarique-e297.html#breadcrumb","itemListElement":[{"@type":"ListItem","position":1,"name":"Home","item":"https:\/\/theo.niranbio.com\/fr\/"},{"@type":"ListItem","position":2,"name":"Produits","item":"https:\/\/theo.niranbio.com\/fr\/produits.html"},{"@type":"ListItem","position":3,"name":"Acidulant","item":"https:\/\/theo.niranbio.com\/fr\/produit-acidulant\/"},{"@type":"ListItem","position":4,"name":"L&#8217;acide fumarique"}]},{"@type":"WebSite","@id":"https:\/\/theo.niranbio.com\/fr\/#website","url":"https:\/\/theo.niranbio.com\/fr\/","name":"Niranbio Chemical","description":"","publisher":{"@id":"https:\/\/theo.niranbio.com\/fr\/#organization"},"potentialAction":[{"@type":"SearchAction","target":{"@type":"EntryPoint","urlTemplate":"https:\/\/theo.niranbio.com\/fr\/?s={search_term_string}"},"query-input":{"@type":"PropertyValueSpecification","valueRequired":true,"valueName":"search_term_string"}}],"inLanguage":"fr-FR"},{"@type":"Organization","@id":"https:\/\/theo.niranbio.com\/fr\/#organization","name":"Niranbio Chemical","url":"https:\/\/theo.niranbio.com\/fr\/","logo":{"@type":"ImageObject","inLanguage":"fr-FR","@id":"https:\/\/theo.niranbio.com\/fr\/#\/schema\/logo\/image\/","url":"https:\/\/theo.niranbio.com\/wp-content\/uploads\/2024\/06\/Niranbio.png","contentUrl":"https:\/\/theo.niranbio.com\/wp-content\/uploads\/2024\/06\/Niranbio.png","width":270,"height":100,"caption":"Niranbio Chemical"},"image":{"@id":"https:\/\/theo.niranbio.com\/fr\/#\/schema\/logo\/image\/"}}]}},"_links":{"self":[{"href":"https:\/\/theo.niranbio.com\/fr\/wp-json\/wp\/v2\/product\/9466","targetHints":{"allow":["GET"]}}],"collection":[{"href":"https:\/\/theo.niranbio.com\/fr\/wp-json\/wp\/v2\/product"}],"about":[{"href":"https:\/\/theo.niranbio.com\/fr\/wp-json\/wp\/v2\/types\/product"}],"version-history":[{"count":0,"href":"https:\/\/theo.niranbio.com\/fr\/wp-json\/wp\/v2\/product\/9466\/revisions"}],"wp:featuredmedia":[{"embeddable":true,"href":"https:\/\/theo.niranbio.com\/fr\/wp-json\/wp\/v2\/media\/9467"}],"wp:attachment":[{"href":"https:\/\/theo.niranbio.com\/fr\/wp-json\/wp\/v2\/media?parent=9466"}],"wp:term":[{"taxonomy":"product_brand","embeddable":true,"href":"https:\/\/theo.niranbio.com\/fr\/wp-json\/wp\/v2\/product_brand?post=9466"},{"taxonomy":"product_cat","embeddable":true,"href":"https:\/\/theo.niranbio.com\/fr\/wp-json\/wp\/v2\/product_cat?post=9466"},{"taxonomy":"product_tag","embeddable":true,"href":"https:\/\/theo.niranbio.com\/fr\/wp-json\/wp\/v2\/product_tag?post=9466"}],"curies":[{"name":"wp","href":"https:\/\/api.w.org\/{rel}","templated":true}]}}