{"id":9457,"date":"2024-06-20T09:19:18","date_gmt":"2024-06-20T01:19:18","guid":{"rendered":"https:\/\/theo.niranbio.com\/isomaltooligosaccharide\/"},"modified":"2024-08-19T13:31:58","modified_gmt":"2024-08-19T05:31:58","slug":"isomaltooligosaccharide","status":"publish","type":"product","link":"https:\/\/theo.niranbio.com\/fr\/isomaltooligosaccharide.html","title":{"rendered":"Isomaltooligosaccharide"},"content":{"rendered":"<h2><span class=\"ez-toc-section\" id=\"Quest-ce_que_lisomaltooligosaccharide\"><\/span>Qu&rsquo;est-ce que l&rsquo;isomaltooligosaccharide ?<span class=\"ez-toc-section-end\"><\/span><\/h2>\n<p>Dans la nature, l&rsquo;isomaltooligosaccharide est rarement trouv\u00e9 \u00e0 l&rsquo;\u00e9tat libre. Il se pr\u00e9sente sous la forme d&rsquo;une poudre blanche sans odeur perceptible. Il existe en concentrations infimes dans certains aliments ferment\u00e9s tels que la sauce soja, le vin de riz ou le sirop de glucose enzymatique. Il est utilis\u00e9 dans les condiments, les boissons, les cosm\u00e9tiques et les m\u00e9dicaments.<\/p>\n<p>Il existe trois principaux proc\u00e9d\u00e9s de production d&rsquo;isomaltooligosaccharide en Chine : la synth\u00e8se chimique, la m\u00e9thode enzymatique et la m\u00e9thode acide.<\/p>\n<p>Parmi eux, la m\u00e9thode enzymatique de production d&rsquo;isomaltooligosaccharide est le proc\u00e9d\u00e9 de fabrication le plus courant. Il utilise des mati\u00e8res premi\u00e8res telles que l&rsquo;amidon de ma\u00efs pour le traitement de liqu\u00e9faction. Sous l&rsquo;action de la temp\u00e9rature \u00e9lev\u00e9e et de l&rsquo;alpha-amylase, il sera d\u00e9grad\u00e9 en dextrine et oligosaccharides, puis hydrolys\u00e9 pour produire du glucose et des isomaltooligosaccharides. Le liquide de saccharification suppl\u00e9mentaire est converti en isomaltooligosaccharides par l&rsquo;isomaltase. Les impuret\u00e9s sont \u00e9limin\u00e9es par filtration, centrifugation, concentration, s\u00e9chage et d\u2019autres \u00e9tapes du processus pour obtenir un produit solide d\u2019isomaltooligosaccharides avec une puret\u00e9 plus \u00e9lev\u00e9e.<\/p>\n<h2><span class=\"ez-toc-section\" id=\"Parametres_associes\"><\/span>Param\u00e8tres associ\u00e9s :<span class=\"ez-toc-section-end\"><\/span><\/h2>\n<table>\n<tbody>\n<tr>\n<td><strong>Articles<\/strong><\/td>\n<td><strong>Standard<\/strong><\/td>\n<\/tr>\n<tr>\n<td>Aspect<\/td>\n<td>Poudre blanche sans odeur inhabituelle ni impuret\u00e9 visuellement perceptible<\/td>\n<\/tr>\n<tr>\n<td>Solubilit\u00e9<\/td>\n<td>99% Min<\/td>\n<\/tr>\n<tr>\n<td>Total de Isomaltose. Pantose, somaltotriose (substance s\u00e8che)<\/td>\n<td>45% Min<\/td>\n<\/tr>\n<tr>\n<td>Total d&rsquo;Isomaltooligosaccharide<\/td>\n<td>90% Min<\/td>\n<\/tr>\n<tr>\n<td>Glucose, %<\/td>\n<td>\u2264 1.0%<\/td>\n<\/tr>\n<tr>\n<td>Humidit\u00e9<\/td>\n<td>\u2264 5.0%<\/td>\n<\/tr>\n<tr>\n<td>pH<\/td>\n<td>4.0-6.0<\/td>\n<\/tr>\n<tr>\n<td>Cendre<\/td>\n<td>\u2264 0.3%<\/td>\n<\/tr>\n<tr>\n<td>Arsenic<\/td>\n<td>\u2264 0,3 ppm<\/td>\n<\/tr>\n<tr>\n<td>Plomb<\/td>\n<td>\u2264 0,5 ppm<\/td>\n<\/tr>\n<tr>\n<td>Bact\u00e9ries totales<\/td>\n<td>\u2264 1500 cfu\/g<\/td>\n<\/tr>\n<tr>\n<td>E.coli<\/td>\n<td>\u2264 30 MPN\/100g<\/td>\n<\/tr>\n<\/tbody>\n<\/table>\n<h2><span class=\"ez-toc-section\" id=\"Dosage_recommande\"><\/span>Dosage recommand\u00e9 :<span class=\"ez-toc-section-end\"><\/span><\/h2>\n<table>\n<tbody>\n<tr>\n<td><strong>Nom de l&rsquo;aliment<\/strong><\/td>\n<td><strong>Utilisation maximale (g\/kg)<\/strong><\/td>\n<\/tr>\n<tr>\n<td>Biscuits<\/td>\n<td>10 g\/kg<\/td>\n<\/tr>\n<tr>\n<td>Produits \u00e0 base de chocolat<\/td>\n<td>15 g\/kg<\/td>\n<\/tr>\n<tr>\n<td>Bonbons durs<\/td>\n<td>15 g\/kg<\/td>\n<\/tr>\n<tr>\n<td>Bonbons mous<\/td>\n<td>10 g\/kg<\/td>\n<\/tr>\n<tr>\n<td>Cr\u00e8me \u00e0 caf\u00e9<\/td>\n<td>10 g\/kg<\/td>\n<\/tr>\n<tr>\n<td>Cr\u00e8me glac\u00e9e<\/td>\n<td>10 g\/kg<\/td>\n<\/tr>\n<tr>\n<td>Sauces<\/td>\n<td>10 g\/kg<\/td>\n<\/tr>\n<tr>\n<td>Boissons (jus)<\/td>\n<td>10 g\/kg<\/td>\n<\/tr>\n<tr>\n<td>Boissons (boissons gazeuses)<\/td>\n<td>10 g\/kg<\/td>\n<\/tr>\n<tr>\n<td>Gel\u00e9e<\/td>\n<td>10 g\/kg<\/td>\n<\/tr>\n<tr>\n<td>Fruits en conserve<\/td>\n<td>10 g\/kg<\/td>\n<\/tr>\n<tr>\n<td>G\u00e2teaux<\/td>\n<td>10 g\/kg<\/td>\n<\/tr>\n<tr>\n<td>Levure de boulangerie<\/td>\n<td>10 g\/kg<\/td>\n<\/tr>\n<\/tbody>\n<\/table>\n<h2><span class=\"ez-toc-section\" id=\"Lisomaltooligosaccharide_a_une_large_gamme_dutilisations\"><\/span>L&rsquo;isomaltooligosaccharide a une large gamme d&rsquo;utilisations<span class=\"ez-toc-section-end\"><\/span><\/h2>\n<ol>\n<li>Les isomaltooligosaccharides favorisent la d\u00e9composition, la transformation et l&rsquo;absorption des aliments dans le syst\u00e8me digestif et sont des bact\u00e9ries b\u00e9n\u00e9fiques dans le tube digestif humain.<\/li>\n<li>Les isomaltooligosaccharides dans le tube digestif peuvent jouer le r\u00f4le de cellulose hydrosoluble. Sous l&rsquo;action de cette substance, la fonction p\u00e9ristaltique des tissus des organes digestifs, comme la fonction p\u00e9ristaltique de l&rsquo;estomac et des intestins, sera am\u00e9lior\u00e9e dans une certaine mesure, emp\u00eachant ainsi les patients de ressentir des sympt\u00f4mes ind\u00e9sirables tels que la constipation et la distension abdominale.<\/li>\n<li>Apr\u00e8s avoir \u00e9t\u00e9 ing\u00e9r\u00e9s par le corps humain, les isomaltooligosaccharides peuvent r\u00e9duire efficacement la concentration de lipides sanguins dans le sang, tout en r\u00e9duisant la teneur en substances telles que le cholest\u00e9rol dans le s\u00e9rum du corps, r\u00e9duisant ainsi l&rsquo;incidence des maladies m\u00e9taboliques p\u00e9riodiques.<\/li>\n<\/ol>\n<h2><span class=\"ez-toc-section\" id=\"Question_posee_par_lutilisateur\"><\/span>Question pos\u00e9e par l&rsquo;utilisateur :<span class=\"ez-toc-section-end\"><\/span><\/h2>\n<p>Question : Quels sont les avantages de l&rsquo;isomaltooligosaccharide par rapport aux autres oligosaccharides ?<\/p>\n<p>R\u00e9ponse :<\/p>\n<p>1. Faible sucrosit\u00e9 et faibles calories L&rsquo;isomaltooligosaccharide a une faible sucrosit\u00e9, environ 1\/10 \u00e0 1\/3 du saccharose, il peut donc apporter de la douceur sans augmenter significativement la teneur en calories des aliments. En revanche, certains autres oligosaccharides tels que les fructooligosaccharides (FOS) peuvent \u00eatre l\u00e9g\u00e8rement plus sucr\u00e9s.<\/p>\n<p>2. Bonne r\u00e9sistance \u00e0 la chaleur et stabilit\u00e9 Dans le tube digestif humain, l&rsquo;isomaltooligosaccharide fonctionne comme un pr\u00e9biotique, soutenant le d\u00e9veloppement de bonnes bact\u00e9ries (telles que les bact\u00e9ries lactiques et les bifidobact\u00e9ries) et pr\u00e9servant la sant\u00e9 intestinale. Cela lui permet de conserver sa fonctionnalit\u00e9 et ses propri\u00e9t\u00e9s sucr\u00e9es lors de diverses transformations alimentaires, telles que la fabrication de chocolat ou de produits de boulangerie.<\/p>\n<p>3. Effet pr\u00e9biotique Dans le tube digestif humain, l&rsquo;isomaltooligosaccharide fonctionne comme un pr\u00e9biotique, soutenant le d\u00e9veloppement de bonnes bact\u00e9ries (telles que les bact\u00e9ries lactiques et les bifidobact\u00e9ries) et pr\u00e9servant la sant\u00e9 intestinale. Cet effet pr\u00e9biotique est plus \u00e9vident que celui de certains autres oligosaccharides, tels que les fructooligosaccharides.<\/p>\n<p>4. Meilleur go\u00fbt et meilleure transformabilit\u00e9 L&rsquo;isomaltooligosaccharide peut am\u00e9liorer le go\u00fbt et la texture des aliments, rendant le produit plus onctueux et plus riche en go\u00fbt, particuli\u00e8rement adapt\u00e9 \u00e0 la fabrication d&rsquo;aliments sucr\u00e9s tels que les bonbons mous et les glaces. Par rapport aux autres oligosaccharides, il a une plus large gamme d&rsquo;applications dans la transformation des aliments.<\/p>\n","protected":false},"excerpt":{"rendered":"<ul>\n<li>CAS: 499-40-1<\/li>\n<li>Formule chimique: C<sub>12<\/sub>H<sub>22<\/sub>O<sub>11<\/sub><\/li>\n<li>Certifications : KOSHER, ISO, HALAL, FSSC 22000, BRC, etc.<\/li>\n<li>Quantit\u00e9 minimum de commande : 1000 kg<\/li>\n<li>Dur\u00e9e de conservation : 2 ans<\/li>\n<\/ul>\n","protected":false},"featured_media":9458,"template":"","meta":{"site-sidebar-layout":"default","site-content-layout":"","ast-site-content-layout":"default","site-content-style":"default","site-sidebar-style":"default","ast-global-header-display":"","ast-banner-title-visibility":"","ast-main-header-display":"","ast-hfb-above-header-display":"","ast-hfb-below-header-display":"","ast-hfb-mobile-header-display":"","site-post-title":"","ast-breadcrumbs-content":"","ast-featured-img":"","footer-sml-layout":"","theme-transparent-header-meta":"default","adv-header-id-meta":"","stick-header-meta":"","header-above-stick-meta":"","header-main-stick-meta":"","header-below-stick-meta":"","astra-migrate-meta-layouts":"set","ast-page-background-enabled":"default","ast-page-background-meta":{"desktop":{"background-color":"var(--ast-global-color-4)","background-image":"","background-repeat":"repeat","background-position":"center center","background-size":"auto","background-attachment":"scroll","background-type":"","background-media":"","overlay-type":"","overlay-color":"","overlay-opacity":"","overlay-gradient":""},"tablet":{"background-color":"","background-image":"","background-repeat":"repeat","background-position":"center center","background-size":"auto","background-attachment":"scroll","background-type":"","background-media":"","overlay-type":"","overlay-color":"","overlay-opacity":"","overlay-gradient":""},"mobile":{"background-color":"","background-image":"","background-repeat":"repeat","background-position":"center center","background-size":"auto","background-attachment":"scroll","background-type":"","background-media":"","overlay-type":"","overlay-color":"","overlay-opacity":"","overlay-gradient":""}},"ast-content-background-meta":{"desktop":{"background-color":"var(--ast-global-color-5)","background-image":"","background-repeat":"repeat","background-position":"center center","background-size":"auto","background-attachment":"scroll","background-type":"","background-media":"","overlay-type":"","overlay-color":"","overlay-opacity":"","overlay-gradient":""},"tablet":{"background-color":"var(--ast-global-color-5)","background-image":"","background-repeat":"repeat","background-position":"center center","background-size":"auto","background-attachment":"scroll","background-type":"","background-media":"","overlay-type":"","overlay-color":"","overlay-opacity":"","overlay-gradient":""},"mobile":{"background-color":"var(--ast-global-color-5)","background-image":"","background-repeat":"repeat","background-position":"center center","background-size":"auto","background-attachment":"scroll","background-type":"","background-media":"","overlay-type":"","overlay-color":"","overlay-opacity":"","overlay-gradient":""}}},"product_brand":[],"product_cat":[111],"product_tag":[],"class_list":{"0":"post-9457","1":"product","2":"type-product","3":"status-publish","4":"has-post-thumbnail","6":"product_cat-produit-edulcorant","7":"desktop-align-center","8":"tablet-align-left","9":"mobile-align-left","11":"first","12":"instock","13":"shipping-taxable","14":"product-type-simple"},"yoast_head":"<!-- This site is optimized with the Yoast SEO plugin v26.5 - https:\/\/yoast.com\/wordpress\/plugins\/seo\/ -->\n<title>Poudre d&#039;isomaltooligosaccharide Organique | Niranbio Chemical<\/title>\n<meta name=\"description\" content=\"L&#039;isomaltooligosaccharide, une poudre blanche inodore, se trouve en petites quantit\u00e9s dans les aliments ferment\u00e9s et est utilis\u00e9 dans les condiments, les boissons, les cosm\u00e9tiques et les m\u00e9dicaments.\" \/>\n<meta name=\"robots\" content=\"noindex, follow, max-snippet:-1, max-image-preview:large, max-video-preview:-1\" \/>\n<meta name=\"twitter:label1\" content=\"Dur\u00e9e de lecture estim\u00e9e\" \/>\n\t<meta name=\"twitter:data1\" content=\"4 minutes\" \/>\n<script type=\"application\/ld+json\" class=\"yoast-schema-graph\">{\"@context\":\"https:\/\/schema.org\",\"@graph\":[{\"@type\":\"WebPage\",\"@id\":\"https:\/\/theo.niranbio.com\/fr\/isomaltooligosaccharide.html\",\"url\":\"https:\/\/theo.niranbio.com\/fr\/isomaltooligosaccharide.html\",\"name\":\"Poudre d'isomaltooligosaccharide Organique | Niranbio Chemical\",\"isPartOf\":{\"@id\":\"https:\/\/theo.niranbio.com\/fr\/#website\"},\"primaryImageOfPage\":{\"@id\":\"https:\/\/theo.niranbio.com\/fr\/isomaltooligosaccharide.html#primaryimage\"},\"image\":{\"@id\":\"https:\/\/theo.niranbio.com\/fr\/isomaltooligosaccharide.html#primaryimage\"},\"thumbnailUrl\":\"https:\/\/theo.niranbio.com\/wp-content\/uploads\/2024\/06\/Isomaltooligosaccharide.webp\",\"datePublished\":\"2024-06-20T01:19:18+00:00\",\"dateModified\":\"2024-08-19T05:31:58+00:00\",\"description\":\"L'isomaltooligosaccharide, une poudre blanche inodore, se trouve en petites quantit\u00e9s dans les aliments ferment\u00e9s et est utilis\u00e9 dans les condiments, les boissons, les cosm\u00e9tiques et les m\u00e9dicaments.\",\"breadcrumb\":{\"@id\":\"https:\/\/theo.niranbio.com\/fr\/isomaltooligosaccharide.html#breadcrumb\"},\"inLanguage\":\"fr-FR\",\"potentialAction\":[{\"@type\":\"ReadAction\",\"target\":[\"https:\/\/theo.niranbio.com\/fr\/isomaltooligosaccharide.html\"]}]},{\"@type\":\"ImageObject\",\"inLanguage\":\"fr-FR\",\"@id\":\"https:\/\/theo.niranbio.com\/fr\/isomaltooligosaccharide.html#primaryimage\",\"url\":\"https:\/\/theo.niranbio.com\/wp-content\/uploads\/2024\/06\/Isomaltooligosaccharide.webp\",\"contentUrl\":\"https:\/\/theo.niranbio.com\/wp-content\/uploads\/2024\/06\/Isomaltooligosaccharide.webp\",\"width\":600,\"height\":600,\"caption\":\"Isomaltooligosaccharide\"},{\"@type\":\"BreadcrumbList\",\"@id\":\"https:\/\/theo.niranbio.com\/fr\/isomaltooligosaccharide.html#breadcrumb\",\"itemListElement\":[{\"@type\":\"ListItem\",\"position\":1,\"name\":\"Home\",\"item\":\"https:\/\/theo.niranbio.com\/fr\/\"},{\"@type\":\"ListItem\",\"position\":2,\"name\":\"Produits\",\"item\":\"https:\/\/theo.niranbio.com\/fr\/produits.html\"},{\"@type\":\"ListItem\",\"position\":3,\"name\":\"\u00c9dulcorant\",\"item\":\"https:\/\/theo.niranbio.com\/fr\/produit-edulcorant\/\"},{\"@type\":\"ListItem\",\"position\":4,\"name\":\"Isomaltooligosaccharide\"}]},{\"@type\":\"WebSite\",\"@id\":\"https:\/\/theo.niranbio.com\/fr\/#website\",\"url\":\"https:\/\/theo.niranbio.com\/fr\/\",\"name\":\"Niranbio Chemical\",\"description\":\"\",\"publisher\":{\"@id\":\"https:\/\/theo.niranbio.com\/fr\/#organization\"},\"potentialAction\":[{\"@type\":\"SearchAction\",\"target\":{\"@type\":\"EntryPoint\",\"urlTemplate\":\"https:\/\/theo.niranbio.com\/fr\/?s={search_term_string}\"},\"query-input\":{\"@type\":\"PropertyValueSpecification\",\"valueRequired\":true,\"valueName\":\"search_term_string\"}}],\"inLanguage\":\"fr-FR\"},{\"@type\":\"Organization\",\"@id\":\"https:\/\/theo.niranbio.com\/fr\/#organization\",\"name\":\"Niranbio Chemical\",\"url\":\"https:\/\/theo.niranbio.com\/fr\/\",\"logo\":{\"@type\":\"ImageObject\",\"inLanguage\":\"fr-FR\",\"@id\":\"https:\/\/theo.niranbio.com\/fr\/#\/schema\/logo\/image\/\",\"url\":\"https:\/\/theo.niranbio.com\/wp-content\/uploads\/2024\/06\/Niranbio.png\",\"contentUrl\":\"https:\/\/theo.niranbio.com\/wp-content\/uploads\/2024\/06\/Niranbio.png\",\"width\":270,\"height\":100,\"caption\":\"Niranbio Chemical\"},\"image\":{\"@id\":\"https:\/\/theo.niranbio.com\/fr\/#\/schema\/logo\/image\/\"}}]}<\/script>\n<!-- \/ Yoast SEO plugin. -->","yoast_head_json":{"title":"Poudre d'isomaltooligosaccharide Organique | Niranbio Chemical","description":"L'isomaltooligosaccharide, une poudre blanche inodore, se trouve en petites quantit\u00e9s dans les aliments ferment\u00e9s et est utilis\u00e9 dans les condiments, les boissons, les cosm\u00e9tiques et les m\u00e9dicaments.","robots":{"index":"noindex","follow":"follow","max-snippet":"max-snippet:-1","max-image-preview":"max-image-preview:large","max-video-preview":"max-video-preview:-1"},"twitter_misc":{"Dur\u00e9e de lecture estim\u00e9e":"4 minutes"},"schema":{"@context":"https:\/\/schema.org","@graph":[{"@type":"WebPage","@id":"https:\/\/theo.niranbio.com\/fr\/isomaltooligosaccharide.html","url":"https:\/\/theo.niranbio.com\/fr\/isomaltooligosaccharide.html","name":"Poudre d'isomaltooligosaccharide Organique | Niranbio Chemical","isPartOf":{"@id":"https:\/\/theo.niranbio.com\/fr\/#website"},"primaryImageOfPage":{"@id":"https:\/\/theo.niranbio.com\/fr\/isomaltooligosaccharide.html#primaryimage"},"image":{"@id":"https:\/\/theo.niranbio.com\/fr\/isomaltooligosaccharide.html#primaryimage"},"thumbnailUrl":"https:\/\/theo.niranbio.com\/wp-content\/uploads\/2024\/06\/Isomaltooligosaccharide.webp","datePublished":"2024-06-20T01:19:18+00:00","dateModified":"2024-08-19T05:31:58+00:00","description":"L'isomaltooligosaccharide, une poudre blanche inodore, se trouve en petites quantit\u00e9s dans les aliments ferment\u00e9s et est utilis\u00e9 dans les condiments, les boissons, les cosm\u00e9tiques et les m\u00e9dicaments.","breadcrumb":{"@id":"https:\/\/theo.niranbio.com\/fr\/isomaltooligosaccharide.html#breadcrumb"},"inLanguage":"fr-FR","potentialAction":[{"@type":"ReadAction","target":["https:\/\/theo.niranbio.com\/fr\/isomaltooligosaccharide.html"]}]},{"@type":"ImageObject","inLanguage":"fr-FR","@id":"https:\/\/theo.niranbio.com\/fr\/isomaltooligosaccharide.html#primaryimage","url":"https:\/\/theo.niranbio.com\/wp-content\/uploads\/2024\/06\/Isomaltooligosaccharide.webp","contentUrl":"https:\/\/theo.niranbio.com\/wp-content\/uploads\/2024\/06\/Isomaltooligosaccharide.webp","width":600,"height":600,"caption":"Isomaltooligosaccharide"},{"@type":"BreadcrumbList","@id":"https:\/\/theo.niranbio.com\/fr\/isomaltooligosaccharide.html#breadcrumb","itemListElement":[{"@type":"ListItem","position":1,"name":"Home","item":"https:\/\/theo.niranbio.com\/fr\/"},{"@type":"ListItem","position":2,"name":"Produits","item":"https:\/\/theo.niranbio.com\/fr\/produits.html"},{"@type":"ListItem","position":3,"name":"\u00c9dulcorant","item":"https:\/\/theo.niranbio.com\/fr\/produit-edulcorant\/"},{"@type":"ListItem","position":4,"name":"Isomaltooligosaccharide"}]},{"@type":"WebSite","@id":"https:\/\/theo.niranbio.com\/fr\/#website","url":"https:\/\/theo.niranbio.com\/fr\/","name":"Niranbio Chemical","description":"","publisher":{"@id":"https:\/\/theo.niranbio.com\/fr\/#organization"},"potentialAction":[{"@type":"SearchAction","target":{"@type":"EntryPoint","urlTemplate":"https:\/\/theo.niranbio.com\/fr\/?s={search_term_string}"},"query-input":{"@type":"PropertyValueSpecification","valueRequired":true,"valueName":"search_term_string"}}],"inLanguage":"fr-FR"},{"@type":"Organization","@id":"https:\/\/theo.niranbio.com\/fr\/#organization","name":"Niranbio Chemical","url":"https:\/\/theo.niranbio.com\/fr\/","logo":{"@type":"ImageObject","inLanguage":"fr-FR","@id":"https:\/\/theo.niranbio.com\/fr\/#\/schema\/logo\/image\/","url":"https:\/\/theo.niranbio.com\/wp-content\/uploads\/2024\/06\/Niranbio.png","contentUrl":"https:\/\/theo.niranbio.com\/wp-content\/uploads\/2024\/06\/Niranbio.png","width":270,"height":100,"caption":"Niranbio Chemical"},"image":{"@id":"https:\/\/theo.niranbio.com\/fr\/#\/schema\/logo\/image\/"}}]}},"_links":{"self":[{"href":"https:\/\/theo.niranbio.com\/fr\/wp-json\/wp\/v2\/product\/9457","targetHints":{"allow":["GET"]}}],"collection":[{"href":"https:\/\/theo.niranbio.com\/fr\/wp-json\/wp\/v2\/product"}],"about":[{"href":"https:\/\/theo.niranbio.com\/fr\/wp-json\/wp\/v2\/types\/product"}],"version-history":[{"count":0,"href":"https:\/\/theo.niranbio.com\/fr\/wp-json\/wp\/v2\/product\/9457\/revisions"}],"wp:featuredmedia":[{"embeddable":true,"href":"https:\/\/theo.niranbio.com\/fr\/wp-json\/wp\/v2\/media\/9458"}],"wp:attachment":[{"href":"https:\/\/theo.niranbio.com\/fr\/wp-json\/wp\/v2\/media?parent=9457"}],"wp:term":[{"taxonomy":"product_brand","embeddable":true,"href":"https:\/\/theo.niranbio.com\/fr\/wp-json\/wp\/v2\/product_brand?post=9457"},{"taxonomy":"product_cat","embeddable":true,"href":"https:\/\/theo.niranbio.com\/fr\/wp-json\/wp\/v2\/product_cat?post=9457"},{"taxonomy":"product_tag","embeddable":true,"href":"https:\/\/theo.niranbio.com\/fr\/wp-json\/wp\/v2\/product_tag?post=9457"}],"curies":[{"name":"wp","href":"https:\/\/api.w.org\/{rel}","templated":true}]}}