{"id":9454,"date":"2024-06-20T08:52:56","date_gmt":"2024-06-20T00:52:56","guid":{"rendered":"https:\/\/theo.niranbio.com\/lactate-de-calcium\/"},"modified":"2024-08-19T11:00:15","modified_gmt":"2024-08-19T03:00:15","slug":"lactate-de-calcium","status":"publish","type":"product","link":"https:\/\/theo.niranbio.com\/fr\/lactate-de-calcium.html","title":{"rendered":"Lactate de calcium"},"content":{"rendered":"<h2><span class=\"ez-toc-section\" id=\"Quest-ce_que_le_lactate_de_calcium\"><\/span>Qu&rsquo;est-ce que le lactate de calcium ?<span class=\"ez-toc-section-end\"><\/span><\/h2>\n<p>Le lactate de calcium est un granul\u00e9 ou une poudre blanche, sans odeur particuli\u00e8re et au go\u00fbt amer. Il est l\u00e9g\u00e8rement efflorescent, facilement soluble dans l&rsquo;eau chaude et insoluble dans l&rsquo;\u00e9thanol, l&rsquo;\u00e9ther et le chloroforme. Il a une solubilit\u00e9 \u00e9lev\u00e9e, un taux de dissolution rapide, une biodisponibilit\u00e9 \u00e9lev\u00e9e et un bon go\u00fbt, et est largement utilis\u00e9 dans les produits laitiers, les boissons, les aliments et les produits de sant\u00e9, etc.<\/p>\n<p>Les principales mati\u00e8res premi\u00e8res pour la production de lactate de calcium sont l&rsquo;acide lactique et le carbonate de calcium (l&rsquo;acide lactique peut \u00eatre obtenu \u00e0 partir d&rsquo;amidon ou de saccharose par fermentation, et le carbonate de calcium peut \u00eatre extrait du calcaire naturel). Tout d&rsquo;abord, ajoutez une quantit\u00e9 appropri\u00e9e d&rsquo;acide lactique et de carbonate de calcium au r\u00e9acteur, contr\u00f4lez la temp\u00e9rature et la valeur du pH, faites r\u00e9agir, \u00e9liminez les impuret\u00e9s et les r\u00e9sidus solides, puis lavez les r\u00e9sidus solides avec une quantit\u00e9 appropri\u00e9e d&rsquo;eau pour les rendre plus purs, et enfin s\u00e9chez les r\u00e9sidus solides filtr\u00e9s pour \u00e9liminer l&rsquo;humidit\u00e9, puis broyez et tamisez le lactate de calcium s\u00e9ch\u00e9 pour fabriquer les granul\u00e9s ou les poudres requis.<\/p>\n<h2><span class=\"ez-toc-section\" id=\"Parametres_associes\"><\/span>Param\u00e8tres associ\u00e9s :<span class=\"ez-toc-section-end\"><\/span><\/h2>\n<table>\n<tbody>\n<tr>\n<td>Articles<\/td>\n<td>Actions sp\u00e9cifiques<\/td>\n<td>R\u00e9sultats<\/td>\n<\/tr>\n<tr>\n<td>Solubilit\u00e9<\/td>\n<td>Soluble dans l&rsquo;eau, pratiquement insoluble dans l&rsquo;\u00e9thanol.<\/td>\n<td>R\u00e9pond aux exigences<\/td>\n<\/tr>\n<tr>\n<td>Test pour le lactate<\/td>\n<td>Test r\u00e9ussi<\/td>\n<td>Pass\u00e9<\/td>\n<\/tr>\n<tr>\n<td>Test pour le calcium<\/td>\n<td>Test r\u00e9ussi<\/td>\n<td>Pass\u00e9<\/td>\n<\/tr>\n<tr>\n<td>Essai<\/td>\n<td>&gt;98%<\/td>\n<td>98.91%<\/td>\n<\/tr>\n<tr>\n<td>Perte au s\u00e9chage (120\u2103,4 h)<\/td>\n<td>22.0~27.0%<\/td>\n<td>24.62%<\/td>\n<\/tr>\n<tr>\n<td>PH (1 sur 20)<\/td>\n<td>6.0-8.0<\/td>\n<td>6.88<\/td>\n<\/tr>\n<tr>\n<td>Acidit\u00e9<\/td>\n<td>Dissoudre 1 g de l&rsquo;\u00e9chantillon dans 20 ml d&rsquo;eau, ajouter 3 gouttes de ph\u00e9nolphtal\u00e9ine TS et titrer avec de l&rsquo;hydroxyde de sodium 0,1 N. Il ne faut pas d\u00e9passer 0,5 ml.<\/td>\n<td>R\u00e9pondre \u00e0 l&rsquo;exigence<\/td>\n<\/tr>\n<tr>\n<td>Magn\u00e9sium&amp; m\u00e9tal alcalin<\/td>\n<td>\uff1c1.0%<\/td>\n<td>\uff1c1.0%<\/td>\n<\/tr>\n<tr>\n<td>Fluorure<\/td>\n<td>30ppm<\/td>\n<td>\uff1c15ppm<\/td>\n<\/tr>\n<tr>\n<td>Plomb<\/td>\n<td>\uff1c2ppm<\/td>\n<td>0,09ppm<\/td>\n<\/tr>\n<\/tbody>\n<\/table>\n<h2><span class=\"ez-toc-section\" id=\"Dosage_recommande\"><\/span>Dosage recommand\u00e9<span class=\"ez-toc-section-end\"><\/span><\/h2>\n<table>\n<tbody>\n<tr>\n<td>Nom de l&rsquo;aliment<\/td>\n<td>Utilisation maximale (g\/kg)<\/td>\n<\/tr>\n<tr>\n<td>Boissons gazeuses<\/td>\n<td>0,1-0,3 g\/kg<\/td>\n<\/tr>\n<tr>\n<td>Produits amylac\u00e9s<\/td>\n<td>0,1-0,2 g\/kg<\/td>\n<\/tr>\n<tr>\n<td>Gel\u00e9e<\/td>\n<td>0,2-0,4 g\/kg<\/td>\n<\/tr>\n<tr>\n<td>Sauce salade<\/td>\n<td>0,2-0,4 g\/kg<\/td>\n<\/tr>\n<tr>\n<td>Cr\u00e8me glac\u00e9e<\/td>\n<td>0,2-0,3 g\/kg<\/td>\n<\/tr>\n<tr>\n<td>Transformation de produits aquatiques<\/td>\n<td>0,1-0,3 g\/kg<\/td>\n<\/tr>\n<tr>\n<td>Assaisonnements<\/td>\n<td>0,2-0,5 g\/kg<\/td>\n<\/tr>\n<tr>\n<td>Produits \u00e0 base de soja<\/td>\n<td>0,1-0,3 g\/kg<\/td>\n<\/tr>\n<tr>\n<td>Sauce soja<\/td>\n<td>0,1-0,3 g\/kg<\/td>\n<\/tr>\n<tr>\n<td>Jambon<\/td>\n<td>0,1-0,2 g\/kg<\/td>\n<\/tr>\n<tr>\n<td>Pain<\/td>\n<td>0,1-0,2 g\/kg<\/td>\n<\/tr>\n<tr>\n<td>Produits grill\u00e9s<\/td>\n<td>0,2-0,4 g\/kg<\/td>\n<\/tr>\n<tr>\n<td>Produits laitiers<\/td>\n<td>0,2-0,3 g\/kg<\/td>\n<\/tr>\n<tr>\n<td>Aliments surgel\u00e9s<\/td>\n<td>0,1-0,3 g\/kg<\/td>\n<\/tr>\n<tr>\n<td>Chocolat<\/td>\n<td>0,1-0,3 g\/kg<\/td>\n<\/tr>\n<\/tbody>\n<\/table>\n<h2><span class=\"ez-toc-section\" id=\"Le_lactate_de_calcium_a_un_large_eventail_dutilisations\"><\/span>Le lactate de calcium a un large \u00e9ventail d&rsquo;utilisations<span class=\"ez-toc-section-end\"><\/span><\/h2>\n<p>1. Effet nutritionnel Le lactate de calcium peut fournir au corps humain le calcium n\u00e9cessaire aux os, maintenant ainsi une croissance et un d\u00e9veloppement normaux et la sant\u00e9 des os. 2. Maintenir le pH des aliments L&rsquo;ajout de lactate de calcium peut ajuster le pH des aliments, r\u00e9duire l&rsquo;acidit\u00e9 et le go\u00fbt et am\u00e9liorer la qualit\u00e9 des aliments. 3. Am\u00e9liorer la qualit\u00e9 des produits laitiers Le lactate de calcium peut emp\u00eacher la d\u00e9t\u00e9rioration de la qualit\u00e9 des produits laitiers pendant le stockage et le transport. 4. Effets antioxydants et antibact\u00e9riens Le lactate de calcium a \u00e9galement des effets antioxydants et antibact\u00e9riens, maintenant efficacement la qualit\u00e9 des aliments.<\/p>\n<h2><span class=\"ez-toc-section\" id=\"Question_posee_par_lutilisateur\"><\/span>Question pos\u00e9e par l&rsquo;utilisateur :<span class=\"ez-toc-section-end\"><\/span><\/h2>\n<p><strong>Question : Existe-t-il une diff\u00e9rence entre le lactate de calcium et le citrate de calcium ?<\/strong><\/p>\n<p>R\u00e9ponse : Le lactate de calcium et le citrate de calcium (contenant du calcium \u00e9l\u00e9mentaire, du lactate de calcium et du gluconate de calcium) sont tous deux du calcium organique de deuxi\u00e8me g\u00e9n\u00e9ration, avec des diff\u00e9rences relativement faibles. Qu&rsquo;il s&rsquo;agisse de rentabilit\u00e9, de taux d&rsquo;absorption, de biodisponibilit\u00e9 ou d&rsquo;effets secondaires, les deux sont presque identiques. Par rapport au calcium inorganique de premi\u00e8re g\u00e9n\u00e9ration, il a moins d&rsquo;impact sur les patients, ne n\u00e9cessite pas la participation de l&rsquo;acide gastrique et a tr\u00e8s peu d&rsquo;impact sur le tractus gastro-intestinal.<\/p>\n<p><strong>Question : Peut-on utiliser du bicarbonate de soude \u00e0 la place du lactate de calcium ?<\/strong><\/p>\n<p>R\u00e9ponse : Bien s\u00fbr que non, car le bicarbonate de soude est une substance alcaline, principalement utilis\u00e9e pour r\u00e9guler l&rsquo;\u00e9quilibre acido-basique. Le lactate de calcium est un compl\u00e9ment de calcium, principalement utilis\u00e9 pour compl\u00e9ter l&rsquo;\u00e9l\u00e9ment calcium dont le corps humain a besoin. Bien que les deux contiennent du calcium, leurs propri\u00e9t\u00e9s chimiques et leurs m\u00e9canismes d&rsquo;action sont diff\u00e9rents. Le lactate de calcium est plus facilement absorb\u00e9 et utilis\u00e9 par le corps humain, ce qui peut aider \u00e0 maintenir la sant\u00e9 des os, favoriser la fonction nerveuse et musculaire, maintenir le fonctionnement normal du c\u0153ur, etc. Par cons\u00e9quent, si une suppl\u00e9mentation en calcium est n\u00e9cessaire, il est recommand\u00e9 de choisir des suppl\u00e9ments de lactate de calcium plut\u00f4t que du bicarbonate de soude.<\/p>\n","protected":false},"excerpt":{"rendered":"<ul>\n<li>CAS : 814-80-2<\/li>\n<li>Formule chimique:C<sub>6<\/sub>H<sub>10<\/sub>CaO<sub>6<\/sub>*NH<sub>2<\/sub>O\uff08n=0~5\uff09<\/li>\n<li>Certifications : KOSHER, ISO, HALAL, FSSC 22000, BRC, etc.<\/li>\n<li>Norme : BP\/USP\/EP\/FCC<\/li>\n<li>Quantit\u00e9 minimum de commande : 1000 kg<\/li>\n<li>Dur\u00e9e de conservation : 2 ans<\/li>\n<\/ul>\n","protected":false},"featured_media":9455,"template":"","meta":{"site-sidebar-layout":"default","site-content-layout":"","ast-site-content-layout":"default","site-content-style":"default","site-sidebar-style":"default","ast-global-header-display":"","ast-banner-title-visibility":"","ast-main-header-display":"","ast-hfb-above-header-display":"","ast-hfb-below-header-display":"","ast-hfb-mobile-header-display":"","site-post-title":"","ast-breadcrumbs-content":"","ast-featured-img":"","footer-sml-layout":"","theme-transparent-header-meta":"default","adv-header-id-meta":"","stick-header-meta":"","header-above-stick-meta":"","header-main-stick-meta":"","header-below-stick-meta":"","astra-migrate-meta-layouts":"set","ast-page-background-enabled":"default","ast-page-background-meta":{"desktop":{"background-color":"var(--ast-global-color-4)","background-image":"","background-repeat":"repeat","background-position":"center center","background-size":"auto","background-attachment":"scroll","background-type":"","background-media":"","overlay-type":"","overlay-color":"","overlay-opacity":"","overlay-gradient":""},"tablet":{"background-color":"","background-image":"","background-repeat":"repeat","background-position":"center center","background-size":"auto","background-attachment":"scroll","background-type":"","background-media":"","overlay-type":"","overlay-color":"","overlay-opacity":"","overlay-gradient":""},"mobile":{"background-color":"","background-image":"","background-repeat":"repeat","background-position":"center center","background-size":"auto","background-attachment":"scroll","background-type":"","background-media":"","overlay-type":"","overlay-color":"","overlay-opacity":"","overlay-gradient":""}},"ast-content-background-meta":{"desktop":{"background-color":"var(--ast-global-color-5)","background-image":"","background-repeat":"repeat","background-position":"center center","background-size":"auto","background-attachment":"scroll","background-type":"","background-media":"","overlay-type":"","overlay-color":"","overlay-opacity":"","overlay-gradient":""},"tablet":{"background-color":"var(--ast-global-color-5)","background-image":"","background-repeat":"repeat","background-position":"center center","background-size":"auto","background-attachment":"scroll","background-type":"","background-media":"","overlay-type":"","overlay-color":"","overlay-opacity":"","overlay-gradient":""},"mobile":{"background-color":"var(--ast-global-color-5)","background-image":"","background-repeat":"repeat","background-position":"center center","background-size":"auto","background-attachment":"scroll","background-type":"","background-media":"","overlay-type":"","overlay-color":"","overlay-opacity":"","overlay-gradient":""}}},"product_brand":[],"product_cat":[101],"product_tag":[],"class_list":{"0":"post-9454","1":"product","2":"type-product","3":"status-publish","4":"has-post-thumbnail","6":"product_cat-produit-acidulant","7":"desktop-align-center","8":"tablet-align-left","9":"mobile-align-left","11":"first","12":"instock","13":"shipping-taxable","14":"product-type-simple"},"yoast_head":"<!-- This site is optimized with the Yoast SEO plugin v26.5 - https:\/\/yoast.com\/wordpress\/plugins\/seo\/ -->\n<title>Fournisseur de Lactate de Calcium, Acheter Lactate de Calcium | Niranbio Chemical<\/title>\n<meta name=\"description\" content=\"Notre poudre blanche de lactate de calcium (r\u00e9gulateur d&#039;acidit\u00e9 E327) est non laiti\u00e8re, sans OGM, favorise la sant\u00e9 des os et est disponible en diff\u00e9rentes tailles de mailles.\" \/>\n<meta name=\"robots\" content=\"noindex, follow, max-snippet:-1, max-image-preview:large, max-video-preview:-1\" \/>\n<meta name=\"twitter:label1\" content=\"Dur\u00e9e de lecture estim\u00e9e\" \/>\n\t<meta name=\"twitter:data1\" content=\"4 minutes\" \/>\n<script type=\"application\/ld+json\" class=\"yoast-schema-graph\">{\"@context\":\"https:\/\/schema.org\",\"@graph\":[{\"@type\":\"WebPage\",\"@id\":\"https:\/\/theo.niranbio.com\/fr\/lactate-de-calcium.html\",\"url\":\"https:\/\/theo.niranbio.com\/fr\/lactate-de-calcium.html\",\"name\":\"Fournisseur de Lactate de Calcium, Acheter Lactate de Calcium | Niranbio Chemical\",\"isPartOf\":{\"@id\":\"https:\/\/theo.niranbio.com\/fr\/#website\"},\"primaryImageOfPage\":{\"@id\":\"https:\/\/theo.niranbio.com\/fr\/lactate-de-calcium.html#primaryimage\"},\"image\":{\"@id\":\"https:\/\/theo.niranbio.com\/fr\/lactate-de-calcium.html#primaryimage\"},\"thumbnailUrl\":\"https:\/\/theo.niranbio.com\/wp-content\/uploads\/2024\/06\/Calcium-Lactate.webp\",\"datePublished\":\"2024-06-20T00:52:56+00:00\",\"dateModified\":\"2024-08-19T03:00:15+00:00\",\"description\":\"Notre poudre blanche de lactate de calcium (r\u00e9gulateur d'acidit\u00e9 E327) est non laiti\u00e8re, sans OGM, favorise la sant\u00e9 des os et est disponible en diff\u00e9rentes tailles de mailles.\",\"breadcrumb\":{\"@id\":\"https:\/\/theo.niranbio.com\/fr\/lactate-de-calcium.html#breadcrumb\"},\"inLanguage\":\"fr-FR\",\"potentialAction\":[{\"@type\":\"ReadAction\",\"target\":[\"https:\/\/theo.niranbio.com\/fr\/lactate-de-calcium.html\"]}]},{\"@type\":\"ImageObject\",\"inLanguage\":\"fr-FR\",\"@id\":\"https:\/\/theo.niranbio.com\/fr\/lactate-de-calcium.html#primaryimage\",\"url\":\"https:\/\/theo.niranbio.com\/wp-content\/uploads\/2024\/06\/Calcium-Lactate.webp\",\"contentUrl\":\"https:\/\/theo.niranbio.com\/wp-content\/uploads\/2024\/06\/Calcium-Lactate.webp\",\"width\":600,\"height\":600,\"caption\":\"Lactate de calcium\"},{\"@type\":\"BreadcrumbList\",\"@id\":\"https:\/\/theo.niranbio.com\/fr\/lactate-de-calcium.html#breadcrumb\",\"itemListElement\":[{\"@type\":\"ListItem\",\"position\":1,\"name\":\"Home\",\"item\":\"https:\/\/theo.niranbio.com\/fr\/\"},{\"@type\":\"ListItem\",\"position\":2,\"name\":\"Produits\",\"item\":\"https:\/\/theo.niranbio.com\/fr\/produits.html\"},{\"@type\":\"ListItem\",\"position\":3,\"name\":\"Acidulant\",\"item\":\"https:\/\/theo.niranbio.com\/fr\/produit-acidulant\/\"},{\"@type\":\"ListItem\",\"position\":4,\"name\":\"Lactate de calcium\"}]},{\"@type\":\"WebSite\",\"@id\":\"https:\/\/theo.niranbio.com\/fr\/#website\",\"url\":\"https:\/\/theo.niranbio.com\/fr\/\",\"name\":\"Niranbio Chemical\",\"description\":\"\",\"publisher\":{\"@id\":\"https:\/\/theo.niranbio.com\/fr\/#organization\"},\"potentialAction\":[{\"@type\":\"SearchAction\",\"target\":{\"@type\":\"EntryPoint\",\"urlTemplate\":\"https:\/\/theo.niranbio.com\/fr\/?s={search_term_string}\"},\"query-input\":{\"@type\":\"PropertyValueSpecification\",\"valueRequired\":true,\"valueName\":\"search_term_string\"}}],\"inLanguage\":\"fr-FR\"},{\"@type\":\"Organization\",\"@id\":\"https:\/\/theo.niranbio.com\/fr\/#organization\",\"name\":\"Niranbio Chemical\",\"url\":\"https:\/\/theo.niranbio.com\/fr\/\",\"logo\":{\"@type\":\"ImageObject\",\"inLanguage\":\"fr-FR\",\"@id\":\"https:\/\/theo.niranbio.com\/fr\/#\/schema\/logo\/image\/\",\"url\":\"https:\/\/theo.niranbio.com\/wp-content\/uploads\/2024\/06\/Niranbio.png\",\"contentUrl\":\"https:\/\/theo.niranbio.com\/wp-content\/uploads\/2024\/06\/Niranbio.png\",\"width\":270,\"height\":100,\"caption\":\"Niranbio Chemical\"},\"image\":{\"@id\":\"https:\/\/theo.niranbio.com\/fr\/#\/schema\/logo\/image\/\"}}]}<\/script>\n<!-- \/ Yoast SEO plugin. -->","yoast_head_json":{"title":"Fournisseur de Lactate de Calcium, Acheter Lactate de Calcium | Niranbio Chemical","description":"Notre poudre blanche de lactate de calcium (r\u00e9gulateur d'acidit\u00e9 E327) est non laiti\u00e8re, sans OGM, favorise la sant\u00e9 des os et est disponible en diff\u00e9rentes tailles de mailles.","robots":{"index":"noindex","follow":"follow","max-snippet":"max-snippet:-1","max-image-preview":"max-image-preview:large","max-video-preview":"max-video-preview:-1"},"twitter_misc":{"Dur\u00e9e de lecture estim\u00e9e":"4 minutes"},"schema":{"@context":"https:\/\/schema.org","@graph":[{"@type":"WebPage","@id":"https:\/\/theo.niranbio.com\/fr\/lactate-de-calcium.html","url":"https:\/\/theo.niranbio.com\/fr\/lactate-de-calcium.html","name":"Fournisseur de Lactate de Calcium, Acheter Lactate de Calcium | Niranbio Chemical","isPartOf":{"@id":"https:\/\/theo.niranbio.com\/fr\/#website"},"primaryImageOfPage":{"@id":"https:\/\/theo.niranbio.com\/fr\/lactate-de-calcium.html#primaryimage"},"image":{"@id":"https:\/\/theo.niranbio.com\/fr\/lactate-de-calcium.html#primaryimage"},"thumbnailUrl":"https:\/\/theo.niranbio.com\/wp-content\/uploads\/2024\/06\/Calcium-Lactate.webp","datePublished":"2024-06-20T00:52:56+00:00","dateModified":"2024-08-19T03:00:15+00:00","description":"Notre poudre blanche de lactate de calcium (r\u00e9gulateur d'acidit\u00e9 E327) est non laiti\u00e8re, sans OGM, favorise la sant\u00e9 des os et est disponible en diff\u00e9rentes tailles de mailles.","breadcrumb":{"@id":"https:\/\/theo.niranbio.com\/fr\/lactate-de-calcium.html#breadcrumb"},"inLanguage":"fr-FR","potentialAction":[{"@type":"ReadAction","target":["https:\/\/theo.niranbio.com\/fr\/lactate-de-calcium.html"]}]},{"@type":"ImageObject","inLanguage":"fr-FR","@id":"https:\/\/theo.niranbio.com\/fr\/lactate-de-calcium.html#primaryimage","url":"https:\/\/theo.niranbio.com\/wp-content\/uploads\/2024\/06\/Calcium-Lactate.webp","contentUrl":"https:\/\/theo.niranbio.com\/wp-content\/uploads\/2024\/06\/Calcium-Lactate.webp","width":600,"height":600,"caption":"Lactate de calcium"},{"@type":"BreadcrumbList","@id":"https:\/\/theo.niranbio.com\/fr\/lactate-de-calcium.html#breadcrumb","itemListElement":[{"@type":"ListItem","position":1,"name":"Home","item":"https:\/\/theo.niranbio.com\/fr\/"},{"@type":"ListItem","position":2,"name":"Produits","item":"https:\/\/theo.niranbio.com\/fr\/produits.html"},{"@type":"ListItem","position":3,"name":"Acidulant","item":"https:\/\/theo.niranbio.com\/fr\/produit-acidulant\/"},{"@type":"ListItem","position":4,"name":"Lactate de calcium"}]},{"@type":"WebSite","@id":"https:\/\/theo.niranbio.com\/fr\/#website","url":"https:\/\/theo.niranbio.com\/fr\/","name":"Niranbio Chemical","description":"","publisher":{"@id":"https:\/\/theo.niranbio.com\/fr\/#organization"},"potentialAction":[{"@type":"SearchAction","target":{"@type":"EntryPoint","urlTemplate":"https:\/\/theo.niranbio.com\/fr\/?s={search_term_string}"},"query-input":{"@type":"PropertyValueSpecification","valueRequired":true,"valueName":"search_term_string"}}],"inLanguage":"fr-FR"},{"@type":"Organization","@id":"https:\/\/theo.niranbio.com\/fr\/#organization","name":"Niranbio Chemical","url":"https:\/\/theo.niranbio.com\/fr\/","logo":{"@type":"ImageObject","inLanguage":"fr-FR","@id":"https:\/\/theo.niranbio.com\/fr\/#\/schema\/logo\/image\/","url":"https:\/\/theo.niranbio.com\/wp-content\/uploads\/2024\/06\/Niranbio.png","contentUrl":"https:\/\/theo.niranbio.com\/wp-content\/uploads\/2024\/06\/Niranbio.png","width":270,"height":100,"caption":"Niranbio Chemical"},"image":{"@id":"https:\/\/theo.niranbio.com\/fr\/#\/schema\/logo\/image\/"}}]}},"_links":{"self":[{"href":"https:\/\/theo.niranbio.com\/fr\/wp-json\/wp\/v2\/product\/9454","targetHints":{"allow":["GET"]}}],"collection":[{"href":"https:\/\/theo.niranbio.com\/fr\/wp-json\/wp\/v2\/product"}],"about":[{"href":"https:\/\/theo.niranbio.com\/fr\/wp-json\/wp\/v2\/types\/product"}],"version-history":[{"count":0,"href":"https:\/\/theo.niranbio.com\/fr\/wp-json\/wp\/v2\/product\/9454\/revisions"}],"wp:featuredmedia":[{"embeddable":true,"href":"https:\/\/theo.niranbio.com\/fr\/wp-json\/wp\/v2\/media\/9455"}],"wp:attachment":[{"href":"https:\/\/theo.niranbio.com\/fr\/wp-json\/wp\/v2\/media?parent=9454"}],"wp:term":[{"taxonomy":"product_brand","embeddable":true,"href":"https:\/\/theo.niranbio.com\/fr\/wp-json\/wp\/v2\/product_brand?post=9454"},{"taxonomy":"product_cat","embeddable":true,"href":"https:\/\/theo.niranbio.com\/fr\/wp-json\/wp\/v2\/product_cat?post=9454"},{"taxonomy":"product_tag","embeddable":true,"href":"https:\/\/theo.niranbio.com\/fr\/wp-json\/wp\/v2\/product_tag?post=9454"}],"curies":[{"name":"wp","href":"https:\/\/api.w.org\/{rel}","templated":true}]}}