{"id":9450,"date":"2024-06-20T09:19:56","date_gmt":"2024-06-20T01:19:56","guid":{"rendered":"https:\/\/theo.niranbio.com\/fos-fructooligosaccharides\/"},"modified":"2024-08-19T13:34:51","modified_gmt":"2024-08-19T05:34:51","slug":"fos-fructooligosaccharides","status":"publish","type":"product","link":"https:\/\/theo.niranbio.com\/fr\/fos-fructooligosaccharides.html","title":{"rendered":"Fructooligosaccharides"},"content":{"rendered":"<h2><span class=\"ez-toc-section\" id=\"Quest-ce_que_les_FOS-Fructo-oligosaccharides\"><\/span>Qu&rsquo;est-ce que les FOS-Fructo-oligosaccharides ?<span class=\"ez-toc-section-end\"><\/span><\/h2>\n<p>Le FOS-Fructooligosaccharide est une fibre alimentaire soluble naturelle, que l&rsquo;on trouve principalement dans les fruits, les l\u00e9gumes et certaines plantes. Il n&rsquo;a pas d&rsquo;ar\u00f4me dominant et ressemble \u00e0 une poudre incolore ou jaune p\u00e2le. Il est largement utilis\u00e9 dans l&rsquo;alimentation, les soins de sant\u00e9, les m\u00e9dicaments, les cosm\u00e9tiques et les aliments pour animaux.<\/p>\n<p>Il existe deux principaux proc\u00e9d\u00e9s de production pour le FOS-Fructooligosaccharide.<\/p>\n<p>L&rsquo;un consiste \u00e0 utiliser le saccharose comme mati\u00e8re premi\u00e8re et \u00e0 le transformer \u00e0 l&rsquo;aide de la \u03b2-fructosyltransf\u00e9rase ou de la \u03b2-fructofuranosidase produite par fermentation microbienne ; l&rsquo;autre consiste \u00e0 utiliser l&rsquo;inuline comme mati\u00e8re premi\u00e8re et \u00e0 utiliser l&rsquo;hydrolyse enzymatique.<\/p>\n<p>La principale m\u00e9thode de production en Chine est la premi\u00e8re m\u00e9thode, qui utilise le saccharose comme mati\u00e8re premi\u00e8re et utilise la \u03b2-fructofuranosidase et la \u03b2-fructosyltransf\u00e9rase s\u00e9cr\u00e9t\u00e9es par Aspergillus niger, Fusarium rotundum, Aspergillus japonicus et d&rsquo;autres souches pour la r\u00e9action enzymatique, puis obtient le produit fini par filtration, purification, raffinage et concentration.<\/p>\n<h2><span class=\"ez-toc-section\" id=\"Parametres_associes\"><\/span>Param\u00e8tres associ\u00e9s :<span class=\"ez-toc-section-end\"><\/span><\/h2>\n<table>\n<tbody>\n<tr>\n<td><strong>Article<\/strong><\/td>\n<td><strong>Sp\u00e9cification<\/strong><\/td>\n<\/tr>\n<tr>\n<td>Aspect<\/td>\n<td>Poudre incolore ou jaune paille d\u00e9pourvue d&rsquo;impuret\u00e9s visibles<\/td>\n<\/tr>\n<tr>\n<td>Odeur et go\u00fbt<\/td>\n<td>Pas de saveur ou d&rsquo;odeur particuli\u00e8re, juste une douceur saine.<\/td>\n<\/tr>\n<tr>\n<td>Fructo-oligosaccharide total :<\/td>\n<td>Min 95%<\/td>\n<\/tr>\n<tr>\n<td>PH :<\/td>\n<td>5.0-7.0<\/td>\n<\/tr>\n<tr>\n<td>Humidit\u00e9 :<\/td>\n<td>Max 3.0%<\/td>\n<\/tr>\n<tr>\n<td>Plomb (comptage en tant que Pb) :<\/td>\n<td>Max 0,5mg\/kg<\/td>\n<\/tr>\n<tr>\n<td>Arsenic (sous forme d&rsquo;As) :<\/td>\n<td>Max 1.0mg\/kg<\/td>\n<\/tr>\n<tr>\n<td>Bact\u00e9ries totales :<\/td>\n<td>Jusqu&rsquo;\u00e0 1000 UFC\/g<\/td>\n<\/tr>\n<tr>\n<td>E.coli :<\/td>\n<td>Max 30 cfu\/100g<\/td>\n<\/tr>\n<tr>\n<td>Microzyme :<\/td>\n<td>Max 25 cfu\/10g<\/td>\n<\/tr>\n<\/tbody>\n<\/table>\n<h2><span class=\"ez-toc-section\" id=\"Dosage_recommande\"><\/span>Dosage recommand\u00e9 :<span class=\"ez-toc-section-end\"><\/span><\/h2>\n<table>\n<tbody>\n<tr>\n<td width=\"225\">Nom de l&rsquo;aliment<\/td>\n<td width=\"158\">Utilisation maximale (g\/kg)<\/td>\n<\/tr>\n<tr>\n<td width=\"225\">Biscuits et p\u00e2tisseries<\/td>\n<td width=\"158\">10 g\/kg<\/td>\n<\/tr>\n<tr>\n<td width=\"225\">Gel\u00e9e et confiture<\/td>\n<td width=\"158\">20 g\/kg<\/td>\n<\/tr>\n<tr>\n<td width=\"225\">Produits laitiers<\/td>\n<td width=\"158\">15 g\/kg<\/td>\n<\/tr>\n<tr>\n<td width=\"225\">Jus et boissons<\/td>\n<td width=\"158\">15 g\/kg<\/td>\n<\/tr>\n<tr>\n<td width=\"225\">Fruits en conserve<\/td>\n<td width=\"158\">15 g\/kg<\/td>\n<\/tr>\n<tr>\n<td width=\"225\">Sauce<\/td>\n<td width=\"158\">10 g\/kg<\/td>\n<\/tr>\n<tr>\n<td width=\"225\">Produits \u00e0 base de viande<\/td>\n<td width=\"158\">8 g\/kg<\/td>\n<\/tr>\n<tr>\n<td width=\"225\">Boulangerie<\/td>\n<td width=\"158\">10 g\/kg<\/td>\n<\/tr>\n<tr>\n<td width=\"225\">Nouilles instantan\u00e9es et restauration rapide<\/td>\n<td width=\"158\">10 g\/kg<\/td>\n<\/tr>\n<tr>\n<td width=\"225\">Consommation de produits laitiers<\/td>\n<td width=\"158\">15 g\/kg<\/td>\n<\/tr>\n<tr>\n<td width=\"225\">Sauce pour salade<\/td>\n<td width=\"158\">10 g\/kg<\/td>\n<\/tr>\n<tr>\n<td width=\"225\">En-cas<\/td>\n<td width=\"158\">15 g\/kg<\/td>\n<\/tr>\n<tr>\n<td width=\"225\">Boissons nutritives<\/td>\n<td width=\"158\">15 g\/kg<\/td>\n<\/tr>\n<tr>\n<td width=\"225\">Noix et fruits secs<\/td>\n<td width=\"158\">5-10 g\/kg<\/td>\n<\/tr>\n<\/tbody>\n<\/table>\n<h2><span class=\"ez-toc-section\" id=\"Les_FOS-Fructo-oligosaccharides_ont_une_large_gamme_dutilisations\"><\/span>Les FOS-Fructo-oligosaccharides ont une large gamme d&rsquo;utilisations<span class=\"ez-toc-section-end\"><\/span><\/h2>\n<ol>\n<li>Effet pr\u00e9biotique : les bifidobact\u00e9ries et les lactobacilles sont deux exemples de bonnes bact\u00e9ries intestinales qui sont encourag\u00e9es \u00e0 se d\u00e9velopper et \u00e0 se reproduire par les FOS-Fructooligosaccharides, un pr\u00e9biotique. Ces bact\u00e9ries utiles sont essentielles pour pr\u00e9server un \u00e9quilibre sain de la flore intestinale, favoriser une digestion saine et renforcer le syst\u00e8me immunitaire.<\/li>\n<li>Am\u00e9liorer l&rsquo;absorption du calcium : certaines \u00e9tudes ont montr\u00e9 que la prise de FOS-Fructooligosaccharides peut aider \u00e0 augmenter l&rsquo;absorption du calcium. En particulier pour les personnes atteintes d&rsquo;ost\u00e9oporose ou d&rsquo;autres troubles osseux, cela est essentiel pour maintenir des os sains.<\/li>\n<li>R\u00e9guler la fonction intestinale : les FOS-Fructo-oligosaccharides aident \u00e0 maintenir la sant\u00e9 intestinale, favorisent le p\u00e9ristaltisme intestinal normal, ralentissent la vitesse \u00e0 laquelle les aliments passent dans les intestins et aident \u00e0 soulager les probl\u00e8mes de constipation.<\/li>\n<li>R\u00e9guler la glyc\u00e9mie : certaines \u00e9tudes ont soulign\u00e9 que les FOS-Fructo-oligosaccharides peuvent aider \u00e0 abaisser le taux de sucre dans le sang et affecter le contr\u00f4le de la glyc\u00e9mie dans une certaine mesure, ce qui peut \u00eatre utile pour les patients diab\u00e9tiques.<\/li>\n<li>Pr\u00e9venir les maladies intestinales : l&rsquo;effet pr\u00e9biotique des FOS-Fructo-oligosaccharides aide \u00e0 pr\u00e9venir l&rsquo;apparition de certaines maladies intestinales, telles que l&rsquo;ent\u00e9rite, les infections intestinales, etc.<\/li>\n<\/ol>\n<h2><span class=\"ez-toc-section\" id=\"Question_posee_par_lutilisateur\"><\/span>Question pos\u00e9e par l&rsquo;utilisateur :<span class=\"ez-toc-section-end\"><\/span><\/h2>\n<p>Question : Le stockage ou le transport des fructooligosaccharides n\u00e9cessite-t-il une r\u00e9frig\u00e9ration ?<\/p>\n<p>R\u00e9ponse : Les fructooligosaccharides ne contiennent pas de bact\u00e9ries vivantes et n&rsquo;ont pas besoin d&rsquo;\u00eatre r\u00e9frig\u00e9r\u00e9s ou congel\u00e9s. Il est conseill\u00e9 de conserver les fructooligosaccharides dans un endroit sec et bien ventil\u00e9, en particulier s&rsquo;ils sont en poudre. Les fructooligosaccharides ont une forte hygroscopicit\u00e9 et peuvent facilement absorber l&rsquo;eau et s&rsquo;agglutiner dans un environnement humide.<\/p>\n<div id=\"highlighter--hover-tools\" style=\"display: none;\">\n<div id=\"highlighter--hover-tools--container\">\n<div class=\"highlighter--icon highlighter--icon-copy\" title=\"Copy\"><\/div>\n<div class=\"highlighter--icon highlighter--icon-change-color\" title=\"Change Color\"><\/div>\n<div class=\"highlighter--icon highlighter--icon-delete\" title=\"Delete\"><\/div>\n<\/div>\n<\/div>\n","protected":false},"excerpt":{"rendered":"<ul>\n<li>CAS: 223122-07-4<\/li>\n<li>Certifications : KOSHER, ISO, HALAL, FSSC 22000, BRC, etc.<\/li>\n<li>Quantit\u00e9 minimum de commande : 1000 kg<\/li>\n<li>Dur\u00e9e de conservation : 2 ans<\/li>\n<\/ul>\n","protected":false},"featured_media":9451,"template":"","meta":{"site-sidebar-layout":"default","site-content-layout":"","ast-site-content-layout":"default","site-content-style":"default","site-sidebar-style":"default","ast-global-header-display":"","ast-banner-title-visibility":"","ast-main-header-display":"","ast-hfb-above-header-display":"","ast-hfb-below-header-display":"","ast-hfb-mobile-header-display":"","site-post-title":"","ast-breadcrumbs-content":"","ast-featured-img":"","footer-sml-layout":"","theme-transparent-header-meta":"default","adv-header-id-meta":"","stick-header-meta":"","header-above-stick-meta":"","header-main-stick-meta":"","header-below-stick-meta":"","astra-migrate-meta-layouts":"set","ast-page-background-enabled":"default","ast-page-background-meta":{"desktop":{"background-color":"var(--ast-global-color-4)","background-image":"","background-repeat":"repeat","background-position":"center center","background-size":"auto","background-attachment":"scroll","background-type":"","background-media":"","overlay-type":"","overlay-color":"","overlay-opacity":"","overlay-gradient":""},"tablet":{"background-color":"","background-image":"","background-repeat":"repeat","background-position":"center center","background-size":"auto","background-attachment":"scroll","background-type":"","background-media":"","overlay-type":"","overlay-color":"","overlay-opacity":"","overlay-gradient":""},"mobile":{"background-color":"","background-image":"","background-repeat":"repeat","background-position":"center center","background-size":"auto","background-attachment":"scroll","background-type":"","background-media":"","overlay-type":"","overlay-color":"","overlay-opacity":"","overlay-gradient":""}},"ast-content-background-meta":{"desktop":{"background-color":"var(--ast-global-color-5)","background-image":"","background-repeat":"repeat","background-position":"center center","background-size":"auto","background-attachment":"scroll","background-type":"","background-media":"","overlay-type":"","overlay-color":"","overlay-opacity":"","overlay-gradient":""},"tablet":{"background-color":"var(--ast-global-color-5)","background-image":"","background-repeat":"repeat","background-position":"center center","background-size":"auto","background-attachment":"scroll","background-type":"","background-media":"","overlay-type":"","overlay-color":"","overlay-opacity":"","overlay-gradient":""},"mobile":{"background-color":"var(--ast-global-color-5)","background-image":"","background-repeat":"repeat","background-position":"center center","background-size":"auto","background-attachment":"scroll","background-type":"","background-media":"","overlay-type":"","overlay-color":"","overlay-opacity":"","overlay-gradient":""}}},"product_brand":[],"product_cat":[111],"product_tag":[],"class_list":{"0":"post-9450","1":"product","2":"type-product","3":"status-publish","4":"has-post-thumbnail","6":"product_cat-produit-edulcorant","7":"desktop-align-center","8":"tablet-align-left","9":"mobile-align-left","11":"first","12":"instock","13":"shipping-taxable","14":"product-type-simple"},"yoast_head":"<!-- This site is optimized with the Yoast SEO plugin v26.5 - https:\/\/yoast.com\/wordpress\/plugins\/seo\/ -->\n<title>Poudre de Fructo-oligosaccharides, Fournisseur de Fructo-oligosaccharides Biologiques| Niranbio Chemical<\/title>\n<meta name=\"description\" content=\"Les fructo-oligosaccharides, une poudre incolore ou jaune p\u00e2le, se trouvent dans les fruits, les l\u00e9gumes et les plantes, utilis\u00e9s dans l&#039;alimentation, les soins de sant\u00e9, les cosm\u00e9tiques et les aliments pour animaux.\" \/>\n<meta name=\"robots\" content=\"noindex, follow, max-snippet:-1, max-image-preview:large, max-video-preview:-1\" \/>\n<meta name=\"twitter:label1\" content=\"Dur\u00e9e de lecture estim\u00e9e\" \/>\n\t<meta name=\"twitter:data1\" content=\"3 minutes\" \/>\n<script type=\"application\/ld+json\" class=\"yoast-schema-graph\">{\"@context\":\"https:\/\/schema.org\",\"@graph\":[{\"@type\":\"WebPage\",\"@id\":\"https:\/\/theo.niranbio.com\/fr\/fos-fructooligosaccharides.html\",\"url\":\"https:\/\/theo.niranbio.com\/fr\/fos-fructooligosaccharides.html\",\"name\":\"Poudre de Fructo-oligosaccharides, Fournisseur de Fructo-oligosaccharides Biologiques| Niranbio Chemical\",\"isPartOf\":{\"@id\":\"https:\/\/theo.niranbio.com\/fr\/#website\"},\"primaryImageOfPage\":{\"@id\":\"https:\/\/theo.niranbio.com\/fr\/fos-fructooligosaccharides.html#primaryimage\"},\"image\":{\"@id\":\"https:\/\/theo.niranbio.com\/fr\/fos-fructooligosaccharides.html#primaryimage\"},\"thumbnailUrl\":\"https:\/\/theo.niranbio.com\/wp-content\/uploads\/2024\/06\/FOS-Fructooligosaccharides.webp\",\"datePublished\":\"2024-06-20T01:19:56+00:00\",\"dateModified\":\"2024-08-19T05:34:51+00:00\",\"description\":\"Les fructo-oligosaccharides, une poudre incolore ou jaune p\u00e2le, se trouvent dans les fruits, les l\u00e9gumes et les plantes, utilis\u00e9s dans l'alimentation, les soins de sant\u00e9, les cosm\u00e9tiques et les aliments pour animaux.\",\"breadcrumb\":{\"@id\":\"https:\/\/theo.niranbio.com\/fr\/fos-fructooligosaccharides.html#breadcrumb\"},\"inLanguage\":\"fr-FR\",\"potentialAction\":[{\"@type\":\"ReadAction\",\"target\":[\"https:\/\/theo.niranbio.com\/fr\/fos-fructooligosaccharides.html\"]}]},{\"@type\":\"ImageObject\",\"inLanguage\":\"fr-FR\",\"@id\":\"https:\/\/theo.niranbio.com\/fr\/fos-fructooligosaccharides.html#primaryimage\",\"url\":\"https:\/\/theo.niranbio.com\/wp-content\/uploads\/2024\/06\/FOS-Fructooligosaccharides.webp\",\"contentUrl\":\"https:\/\/theo.niranbio.com\/wp-content\/uploads\/2024\/06\/FOS-Fructooligosaccharides.webp\",\"width\":600,\"height\":600,\"caption\":\"Fructooligosaccharides FOS\"},{\"@type\":\"BreadcrumbList\",\"@id\":\"https:\/\/theo.niranbio.com\/fr\/fos-fructooligosaccharides.html#breadcrumb\",\"itemListElement\":[{\"@type\":\"ListItem\",\"position\":1,\"name\":\"Home\",\"item\":\"https:\/\/theo.niranbio.com\/fr\/\"},{\"@type\":\"ListItem\",\"position\":2,\"name\":\"Produits\",\"item\":\"https:\/\/theo.niranbio.com\/fr\/produits.html\"},{\"@type\":\"ListItem\",\"position\":3,\"name\":\"\u00c9dulcorant\",\"item\":\"https:\/\/theo.niranbio.com\/fr\/produit-edulcorant\/\"},{\"@type\":\"ListItem\",\"position\":4,\"name\":\"Fructooligosaccharides\"}]},{\"@type\":\"WebSite\",\"@id\":\"https:\/\/theo.niranbio.com\/fr\/#website\",\"url\":\"https:\/\/theo.niranbio.com\/fr\/\",\"name\":\"Niranbio Chemical\",\"description\":\"\",\"publisher\":{\"@id\":\"https:\/\/theo.niranbio.com\/fr\/#organization\"},\"potentialAction\":[{\"@type\":\"SearchAction\",\"target\":{\"@type\":\"EntryPoint\",\"urlTemplate\":\"https:\/\/theo.niranbio.com\/fr\/?s={search_term_string}\"},\"query-input\":{\"@type\":\"PropertyValueSpecification\",\"valueRequired\":true,\"valueName\":\"search_term_string\"}}],\"inLanguage\":\"fr-FR\"},{\"@type\":\"Organization\",\"@id\":\"https:\/\/theo.niranbio.com\/fr\/#organization\",\"name\":\"Niranbio Chemical\",\"url\":\"https:\/\/theo.niranbio.com\/fr\/\",\"logo\":{\"@type\":\"ImageObject\",\"inLanguage\":\"fr-FR\",\"@id\":\"https:\/\/theo.niranbio.com\/fr\/#\/schema\/logo\/image\/\",\"url\":\"https:\/\/theo.niranbio.com\/wp-content\/uploads\/2024\/06\/Niranbio.png\",\"contentUrl\":\"https:\/\/theo.niranbio.com\/wp-content\/uploads\/2024\/06\/Niranbio.png\",\"width\":270,\"height\":100,\"caption\":\"Niranbio Chemical\"},\"image\":{\"@id\":\"https:\/\/theo.niranbio.com\/fr\/#\/schema\/logo\/image\/\"}}]}<\/script>\n<!-- \/ Yoast SEO plugin. -->","yoast_head_json":{"title":"Poudre de Fructo-oligosaccharides, Fournisseur de Fructo-oligosaccharides Biologiques| Niranbio Chemical","description":"Les fructo-oligosaccharides, une poudre incolore ou jaune p\u00e2le, se trouvent dans les fruits, les l\u00e9gumes et les plantes, utilis\u00e9s dans l'alimentation, les soins de sant\u00e9, les cosm\u00e9tiques et les aliments pour animaux.","robots":{"index":"noindex","follow":"follow","max-snippet":"max-snippet:-1","max-image-preview":"max-image-preview:large","max-video-preview":"max-video-preview:-1"},"twitter_misc":{"Dur\u00e9e de lecture estim\u00e9e":"3 minutes"},"schema":{"@context":"https:\/\/schema.org","@graph":[{"@type":"WebPage","@id":"https:\/\/theo.niranbio.com\/fr\/fos-fructooligosaccharides.html","url":"https:\/\/theo.niranbio.com\/fr\/fos-fructooligosaccharides.html","name":"Poudre de Fructo-oligosaccharides, Fournisseur de Fructo-oligosaccharides Biologiques| Niranbio Chemical","isPartOf":{"@id":"https:\/\/theo.niranbio.com\/fr\/#website"},"primaryImageOfPage":{"@id":"https:\/\/theo.niranbio.com\/fr\/fos-fructooligosaccharides.html#primaryimage"},"image":{"@id":"https:\/\/theo.niranbio.com\/fr\/fos-fructooligosaccharides.html#primaryimage"},"thumbnailUrl":"https:\/\/theo.niranbio.com\/wp-content\/uploads\/2024\/06\/FOS-Fructooligosaccharides.webp","datePublished":"2024-06-20T01:19:56+00:00","dateModified":"2024-08-19T05:34:51+00:00","description":"Les fructo-oligosaccharides, une poudre incolore ou jaune p\u00e2le, se trouvent dans les fruits, les l\u00e9gumes et les plantes, utilis\u00e9s dans l'alimentation, les soins de sant\u00e9, les cosm\u00e9tiques et les aliments pour animaux.","breadcrumb":{"@id":"https:\/\/theo.niranbio.com\/fr\/fos-fructooligosaccharides.html#breadcrumb"},"inLanguage":"fr-FR","potentialAction":[{"@type":"ReadAction","target":["https:\/\/theo.niranbio.com\/fr\/fos-fructooligosaccharides.html"]}]},{"@type":"ImageObject","inLanguage":"fr-FR","@id":"https:\/\/theo.niranbio.com\/fr\/fos-fructooligosaccharides.html#primaryimage","url":"https:\/\/theo.niranbio.com\/wp-content\/uploads\/2024\/06\/FOS-Fructooligosaccharides.webp","contentUrl":"https:\/\/theo.niranbio.com\/wp-content\/uploads\/2024\/06\/FOS-Fructooligosaccharides.webp","width":600,"height":600,"caption":"Fructooligosaccharides FOS"},{"@type":"BreadcrumbList","@id":"https:\/\/theo.niranbio.com\/fr\/fos-fructooligosaccharides.html#breadcrumb","itemListElement":[{"@type":"ListItem","position":1,"name":"Home","item":"https:\/\/theo.niranbio.com\/fr\/"},{"@type":"ListItem","position":2,"name":"Produits","item":"https:\/\/theo.niranbio.com\/fr\/produits.html"},{"@type":"ListItem","position":3,"name":"\u00c9dulcorant","item":"https:\/\/theo.niranbio.com\/fr\/produit-edulcorant\/"},{"@type":"ListItem","position":4,"name":"Fructooligosaccharides"}]},{"@type":"WebSite","@id":"https:\/\/theo.niranbio.com\/fr\/#website","url":"https:\/\/theo.niranbio.com\/fr\/","name":"Niranbio Chemical","description":"","publisher":{"@id":"https:\/\/theo.niranbio.com\/fr\/#organization"},"potentialAction":[{"@type":"SearchAction","target":{"@type":"EntryPoint","urlTemplate":"https:\/\/theo.niranbio.com\/fr\/?s={search_term_string}"},"query-input":{"@type":"PropertyValueSpecification","valueRequired":true,"valueName":"search_term_string"}}],"inLanguage":"fr-FR"},{"@type":"Organization","@id":"https:\/\/theo.niranbio.com\/fr\/#organization","name":"Niranbio Chemical","url":"https:\/\/theo.niranbio.com\/fr\/","logo":{"@type":"ImageObject","inLanguage":"fr-FR","@id":"https:\/\/theo.niranbio.com\/fr\/#\/schema\/logo\/image\/","url":"https:\/\/theo.niranbio.com\/wp-content\/uploads\/2024\/06\/Niranbio.png","contentUrl":"https:\/\/theo.niranbio.com\/wp-content\/uploads\/2024\/06\/Niranbio.png","width":270,"height":100,"caption":"Niranbio Chemical"},"image":{"@id":"https:\/\/theo.niranbio.com\/fr\/#\/schema\/logo\/image\/"}}]}},"_links":{"self":[{"href":"https:\/\/theo.niranbio.com\/fr\/wp-json\/wp\/v2\/product\/9450","targetHints":{"allow":["GET"]}}],"collection":[{"href":"https:\/\/theo.niranbio.com\/fr\/wp-json\/wp\/v2\/product"}],"about":[{"href":"https:\/\/theo.niranbio.com\/fr\/wp-json\/wp\/v2\/types\/product"}],"version-history":[{"count":0,"href":"https:\/\/theo.niranbio.com\/fr\/wp-json\/wp\/v2\/product\/9450\/revisions"}],"wp:featuredmedia":[{"embeddable":true,"href":"https:\/\/theo.niranbio.com\/fr\/wp-json\/wp\/v2\/media\/9451"}],"wp:attachment":[{"href":"https:\/\/theo.niranbio.com\/fr\/wp-json\/wp\/v2\/media?parent=9450"}],"wp:term":[{"taxonomy":"product_brand","embeddable":true,"href":"https:\/\/theo.niranbio.com\/fr\/wp-json\/wp\/v2\/product_brand?post=9450"},{"taxonomy":"product_cat","embeddable":true,"href":"https:\/\/theo.niranbio.com\/fr\/wp-json\/wp\/v2\/product_cat?post=9450"},{"taxonomy":"product_tag","embeddable":true,"href":"https:\/\/theo.niranbio.com\/fr\/wp-json\/wp\/v2\/product_tag?post=9450"}],"curies":[{"name":"wp","href":"https:\/\/api.w.org\/{rel}","templated":true}]}}