{"id":9446,"date":"2024-06-19T16:47:15","date_gmt":"2024-06-19T08:47:15","guid":{"rendered":"https:\/\/theo.niranbio.com\/tspp-pyrophosphate-tetrasodique\/"},"modified":"2024-08-19T14:20:38","modified_gmt":"2024-08-19T06:20:38","slug":"tspp-pyrophosphate-tetrasodique","status":"publish","type":"product","link":"https:\/\/theo.niranbio.com\/fr\/tspp-pyrophosphate-tetrasodique.html","title":{"rendered":"TSPP-Pyrophosphate t\u00e9trasodique"},"content":{"rendered":"<h2><span class=\"ez-toc-section\" id=\"Quest-ce_que_le_pyrophosphate_tetrasodique\"><\/span>Qu&rsquo;est-ce que le pyrophosphate t\u00e9trasodique ?<span class=\"ez-toc-section-end\"><\/span><\/h2>\n<p>Notre pyrophosphate t\u00e9trasodique est de couleur blanche cristalline, c&rsquo;est une substance chimique, \u00e9galement connue sous le nom de pyrophosphate de sodium. Le pyrophosphate t\u00e9trasodique est utilis\u00e9 comme tampon, agent ch\u00e9lateur et tensioactif dans l&rsquo;industrie. Dans l&rsquo;industrie alimentaire, il est souvent utilis\u00e9 comme \u00e9mulsifiant et stabilisant, et peut \u00e9galement \u00eatre utilis\u00e9 pour ajuster l&rsquo;acidit\u00e9 des aliments. En outre, le pyrophosphate t\u00e9trasodique est \u00e9galement utilis\u00e9 pour fabriquer des d\u00e9tergents, des agents de nettoyage et des inhibiteurs de rouille. Le pyrophosphate t\u00e9trasodique est obtenu en s\u00e9chant une solution aqueuse d&rsquo;hydrog\u00e9nophosphate disodique pour obtenir de l&rsquo;hydrog\u00e9nophosphate disodique anhydre, puis en le d\u00e9shydratant et en le polym\u00e9risant \u00e0 haute temp\u00e9rature.<\/p>\n<p>Il existe deux types : la m\u00e9thode en une \u00e9tape et la m\u00e9thode en deux \u00e9tapes. Le s\u00e9chage et la polym\u00e9risation sont effectu\u00e9s dans un seul appareil, ce qui est appel\u00e9 la m\u00e9thode en une \u00e9tape, et le s\u00e9chage et la polym\u00e9risation sont effectu\u00e9s dans deux appareils, ce qui est appel\u00e9 la m\u00e9thode en deux \u00e9tapes. La m\u00e9thode en une \u00e9tape a un \u00e9quipement simple et un processus court, mais la qualit\u00e9 n&rsquo;est pas tr\u00e8s stable. La m\u00e9thode en deux \u00e9tapes n\u00e9cessite un \u00e9quipement plus complexe, un processus plus long et une qualit\u00e9 de produit plus stable. Le pyrophosphate de sodium utilis\u00e9 dans l&rsquo;industrie alimentaire adopte principalement la m\u00e9thode en deux \u00e9tapes. La formule de r\u00e9action est : Na2HP04\u00b712H20\u2192Na2HP04+12H20 2Na2HP04\u2192Na4P207+H20<\/p>\n<h2><span class=\"ez-toc-section\" id=\"Parametres_associes\"><\/span>Param\u00e8tres associ\u00e9s :<span class=\"ez-toc-section-end\"><\/span><\/h2>\n<table>\n<tbody>\n<tr>\n<td><strong>Articles<\/strong><\/td>\n<td><strong>Unit\u00e9s de mesure<\/strong><\/td>\n<td><strong>Sp\u00e9cifications<\/strong><\/td>\n<\/tr>\n<tr>\n<td>Dosage (en tant que Na4P2O7)<\/td>\n<td>%<\/td>\n<td>96,5 Min.<\/td>\n<\/tr>\n<tr>\n<td>pH\uff081% Solution\uff09<\/td>\n<td><\/td>\n<td>9.8~10.8<\/td>\n<\/tr>\n<tr>\n<td>Insoluble dans l&rsquo;eau, \u03c9<\/td>\n<td>%<\/td>\n<td>0,2 Max.<\/td>\n<\/tr>\n<tr>\n<td>Arsenic(As)<\/td>\n<td>mg\/kg<\/td>\n<td>1 Max.<\/td>\n<\/tr>\n<tr>\n<td>M\u00e9tal lourd<\/td>\n<td>mg\/kg<\/td>\n<td>10 Max.<\/td>\n<\/tr>\n<tr>\n<td>Plomb(Pb)<\/td>\n<td>mg\/kg<\/td>\n<td>1 Max.<\/td>\n<\/tr>\n<tr>\n<td>Fluorure(F)<\/td>\n<td>mg\/kg<\/td>\n<td>10 Max.<\/td>\n<\/tr>\n<tr>\n<td>Blancheur<\/td>\n<td>%<\/td>\n<td>88 Min.<\/td>\n<\/tr>\n<tr>\n<td>Densit\u00e9 apparente<\/td>\n<td>g\/cm3<\/td>\n<td>0.60~0.8<\/td>\n<\/tr>\n<tr>\n<td>Perte \u00e0 l&rsquo;allumage<\/td>\n<td>%<\/td>\n<td>0,5 Max.<\/td>\n<\/tr>\n<tr>\n<td>Orthophosphate<\/td>\n<td><\/td>\n<td>Test r\u00e9ussi<\/td>\n<\/tr>\n<\/tbody>\n<\/table>\n<h2><span class=\"ez-toc-section\" id=\"Dosage_recommande\"><\/span>Dosage recommand\u00e9 :<span class=\"ez-toc-section-end\"><\/span><\/h2>\n<table>\n<tbody>\n<tr>\n<td><strong>Nom de l&rsquo;aliment<\/strong><\/td>\n<td><strong>Utilisation maximale (g\/kg)<\/strong><\/td>\n<\/tr>\n<tr>\n<td>Produits \u00e0 base de viande<\/td>\n<td>2-5 g\/kg<\/td>\n<\/tr>\n<tr>\n<td>Fruits de mer<\/td>\n<td>1-3 g\/kg<\/td>\n<\/tr>\n<tr>\n<td>Produits laitiers<\/td>\n<td>2-4 g\/kg<\/td>\n<\/tr>\n<tr>\n<td>Boissons gazeuses<\/td>\n<td>0,5-1 g\/kg<\/td>\n<\/tr>\n<tr>\n<td>Pain<\/td>\n<td>1-2 g\/kg<\/td>\n<\/tr>\n<tr>\n<td>Charcuterie<\/td>\n<td>2-3 g\/kg<\/td>\n<\/tr>\n<tr>\n<td>Fruits en conserve<\/td>\n<td>0,5-1,5 g\/kg<\/td>\n<\/tr>\n<tr>\n<td>Huiles d&rsquo;assaisonnement<\/td>\n<td>0,5-1 g\/kg<\/td>\n<\/tr>\n<tr>\n<td>Sauces \u00e0 salade<\/td>\n<td>1-2 g\/kg<\/td>\n<\/tr>\n<tr>\n<td>Boissons aux fruits<\/td>\n<td>0,5-1,5 g\/kg<\/td>\n<\/tr>\n<\/tbody>\n<\/table>\n<h2><span class=\"ez-toc-section\" id=\"Le_pyrophosphate_tetrasodique_a_une_large_gamme_dutilisations\"><\/span>Le pyrophosphate t\u00e9trasodique a une large gamme d&rsquo;utilisations<span class=\"ez-toc-section-end\"><\/span><\/h2>\n<h3><span class=\"ez-toc-section\" id=\"1_Conservation_des_aliments\"><\/span>1. Conservation des aliments<span class=\"ez-toc-section-end\"><\/span><\/h3>\n<p>Le pyrophosphate t\u00e9trasodique peut r\u00e9duire la tension superficielle des solutions aqueuses et inhiber la croissance et la reproduction des micro-organismes, jouant ainsi un r\u00f4le dans la conservation.<\/p>\n<h3><span class=\"ez-toc-section\" id=\"2_Augmenter_le_pH_des_aliments\"><\/span>2. Augmenter le pH des aliments<span class=\"ez-toc-section-end\"><\/span><\/h3>\n<p>Cette substance peut neutraliser les substances acides et augmenter le pH des aliments, les rendant ainsi plus adapt\u00e9s au stockage et \u00e0 la consommation.<\/p>\n<h3><span class=\"ez-toc-section\" id=\"3_Chelate_les_ions_metalliques\"><\/span>3. Ch\u00e9late les ions m\u00e9talliques<span class=\"ez-toc-section-end\"><\/span><\/h3>\n<p>Le pyrophosphate t\u00e9trasodique peut former des complexes stables avec les ions m\u00e9talliques pr\u00e9sents dans les aliments pour les emp\u00eacher de s\u2019oxyder ou de se d\u00e9t\u00e9riorer.<\/p>\n<h3><span class=\"ez-toc-section\" id=\"4_Ameliorer_la_saveur_des_aliments\"><\/span>4. Am\u00e9liorer la saveur des aliments<span class=\"ez-toc-section-end\"><\/span><\/h3>\n<p>Le pyrophosphate t\u00e9trasodique peut r\u00e9agir avec des macromol\u00e9cules telles que les prot\u00e9ines pour modifier leur structure et leurs propri\u00e9t\u00e9s, affectant ainsi le go\u00fbt et la saveur des aliments.<\/p>\n<h3><span class=\"ez-toc-section\" id=\"5_Favorise_labsorption_des_mineraux\"><\/span>5. Favorise l&rsquo;absorption des min\u00e9raux<span class=\"ez-toc-section-end\"><\/span><\/h3>\n<p>Le pyrophosphate t\u00e9trasodique lib\u00e8re du phosphore pendant la digestion, ce qui aide le corps \u00e0 absorber le phosphore.<\/p>\n<h2><span class=\"ez-toc-section\" id=\"Questions_posees_par_les_utilisateurs\"><\/span>Questions pos\u00e9es par les utilisateurs :<span class=\"ez-toc-section-end\"><\/span><\/h2>\n<p><strong>Question : Quels sont les substituts du pyrophosphate t\u00e9trasodique dans l\u2019industrie alimentaire ?<\/strong><\/p>\n<p>R\u00e9ponse : Les substituts du pyrophosphate t\u00e9trasodique dans l&rsquo;industrie alimentaire comprennent le tripolyphosphate de sodium, l&rsquo;hexam\u00e9taphosphate de sodium, le phosphate monosodique, etc. Ces substituts ont leurs propres avantages en termes de r\u00e9tention d&rsquo;eau, d&rsquo;\u00e9mulsification, de ch\u00e9lation et de tamponnage, et sont largement utilis\u00e9s dans les produits carn\u00e9s, les produits laitiers, les boissons, les aliments en conserve et les produits de boulangerie. Lors du choix d&rsquo;un substitut sp\u00e9cifique, il est toujours n\u00e9cessaire de prendre en compte la formule alimentaire et les exigences fonctionnelles.<\/p>\n<p><strong>Question : L\u2019utilisation de pyrophosphate t\u00e9trasodique affecte-t-elle le go\u00fbt des aliments ?<\/strong><\/p>\n<p>R\u00e9ponse : L\u2019utilisation de pyrophosphate t\u00e9trasodique avec mod\u00e9ration n\u2019affecte g\u00e9n\u00e9ralement pas de mani\u00e8re significative le go\u00fbt des aliments, mais une utilisation excessive peut provoquer de l\u2019amertume ou d\u2019autres go\u00fbts d\u00e9sagr\u00e9ables.<\/p>\n<p><strong>Question : Quelle est la situation du march\u00e9 du pyrophosphate t\u00e9trasodique de qualit\u00e9 alimentaire ?<\/strong><\/p>\n<p>R\u00e9ponse : En 2024, le march\u00e9 du pyrophosphate t\u00e9trasodique (TSPP) de qualit\u00e9 alimentaire affiche des perspectives g\u00e9n\u00e9ralement positives tant au niveau national qu\u2019international.<\/p>\n<h2><span class=\"ez-toc-section\" id=\"Marche_interieur_China\"><\/span>March\u00e9 int\u00e9rieur (China) :<span class=\"ez-toc-section-end\"><\/span><\/h2>\n<p>La demande de TSPP de qualit\u00e9 alimentaire reste forte, stimul\u00e9e par ses applications alimentaires polyvalentes. Les prix ont connu une augmentation mod\u00e9r\u00e9e en raison de la hausse des co\u00fbts des mati\u00e8res premi\u00e8res et de la demande croissante, en particulier de la part du secteur des aliments transform\u00e9s.<\/p>\n<h2><span class=\"ez-toc-section\" id=\"Marche_international\"><\/span>March\u00e9 international:<span class=\"ez-toc-section-end\"><\/span><\/h2>\n<p>\u00c0 l\u2019\u00e9chelle mondiale, le march\u00e9 du TSPP devrait cro\u00eetre \u00e0 un TCAC de 4,8 % entre 2020 et 2026, ce qui indique une forte demande dans toutes les r\u00e9gions. Les march\u00e9s nord-am\u00e9ricain et europ\u00e9en sont importants, avec une consommation constante dans les applications alimentaires et industrielles. L\u2019Asie-Pacifique, en particulier des pays comme l\u2019Inde, le Japon et la Cor\u00e9e du Sud, affiche le taux de croissance le plus \u00e9lev\u00e9 en raison de l\u2019expansion des industries de transformation alimentaire et de l\u2019urbanisation croissante.<\/p>\n","protected":false},"excerpt":{"rendered":"<ul>\n<li>CAS: 7722-88-5<\/li>\n<li>Formule chimique: Na<sub>4<\/sub>P<sub>2<\/sub>O<sub>7<\/sub><\/li>\n<li>Certifications : KOSHER, ISO, HALAL, FSSC 22000, BRC, etc.<\/li>\n<li>Standard:<\/li>\n<li>Quantit\u00e9 minimum de commande : 1000 kg<\/li>\n<li>Dur\u00e9e de conservation : 2 ans<\/li>\n<\/ul>\n","protected":false},"featured_media":9447,"template":"","meta":{"site-sidebar-layout":"default","site-content-layout":"","ast-site-content-layout":"default","site-content-style":"default","site-sidebar-style":"default","ast-global-header-display":"","ast-banner-title-visibility":"","ast-main-header-display":"","ast-hfb-above-header-display":"","ast-hfb-below-header-display":"","ast-hfb-mobile-header-display":"","site-post-title":"","ast-breadcrumbs-content":"","ast-featured-img":"","footer-sml-layout":"","theme-transparent-header-meta":"default","adv-header-id-meta":"","stick-header-meta":"","header-above-stick-meta":"","header-main-stick-meta":"","header-below-stick-meta":"","astra-migrate-meta-layouts":"set","ast-page-background-enabled":"default","ast-page-background-meta":{"desktop":{"background-color":"var(--ast-global-color-4)","background-image":"","background-repeat":"repeat","background-position":"center center","background-size":"auto","background-attachment":"scroll","background-type":"","background-media":"","overlay-type":"","overlay-color":"","overlay-opacity":"","overlay-gradient":""},"tablet":{"background-color":"","background-image":"","background-repeat":"repeat","background-position":"center center","background-size":"auto","background-attachment":"scroll","background-type":"","background-media":"","overlay-type":"","overlay-color":"","overlay-opacity":"","overlay-gradient":""},"mobile":{"background-color":"","background-image":"","background-repeat":"repeat","background-position":"center center","background-size":"auto","background-attachment":"scroll","background-type":"","background-media":"","overlay-type":"","overlay-color":"","overlay-opacity":"","overlay-gradient":""}},"ast-content-background-meta":{"desktop":{"background-color":"var(--ast-global-color-5)","background-image":"","background-repeat":"repeat","background-position":"center center","background-size":"auto","background-attachment":"scroll","background-type":"","background-media":"","overlay-type":"","overlay-color":"","overlay-opacity":"","overlay-gradient":""},"tablet":{"background-color":"var(--ast-global-color-5)","background-image":"","background-repeat":"repeat","background-position":"center center","background-size":"auto","background-attachment":"scroll","background-type":"","background-media":"","overlay-type":"","overlay-color":"","overlay-opacity":"","overlay-gradient":""},"mobile":{"background-color":"var(--ast-global-color-5)","background-image":"","background-repeat":"repeat","background-position":"center center","background-size":"auto","background-attachment":"scroll","background-type":"","background-media":"","overlay-type":"","overlay-color":"","overlay-opacity":"","overlay-gradient":""}}},"product_brand":[],"product_cat":[108],"product_tag":[],"class_list":{"0":"post-9446","1":"product","2":"type-product","3":"status-publish","4":"has-post-thumbnail","6":"product_cat-produit-phosphate","7":"desktop-align-center","8":"tablet-align-left","9":"mobile-align-left","11":"first","12":"instock","13":"shipping-taxable","14":"product-type-simple"},"yoast_head":"<!-- This site is optimized with the Yoast SEO plugin v26.5 - https:\/\/yoast.com\/wordpress\/plugins\/seo\/ -->\n<title>Fournisseur de Pyrophosphate T\u00e9trasodique, E450 Poudre Prix | Niranbio Chemical<\/title>\n<meta name=\"description\" content=\"Notre pyrophosphate t\u00e9trasodique (TSP) E450 est une poudre fine et blanche utilis\u00e9e comme r\u00e9gulateur d&#039;acidit\u00e9 et agent levant de qualit\u00e9 alimentaire.\" \/>\n<meta name=\"robots\" content=\"noindex, follow, max-snippet:-1, max-image-preview:large, max-video-preview:-1\" \/>\n<meta name=\"twitter:label1\" content=\"Dur\u00e9e de lecture estim\u00e9e\" \/>\n\t<meta name=\"twitter:data1\" content=\"4 minutes\" \/>\n<script type=\"application\/ld+json\" class=\"yoast-schema-graph\">{\"@context\":\"https:\/\/schema.org\",\"@graph\":[{\"@type\":\"WebPage\",\"@id\":\"https:\/\/theo.niranbio.com\/fr\/tspp-pyrophosphate-tetrasodique.html\",\"url\":\"https:\/\/theo.niranbio.com\/fr\/tspp-pyrophosphate-tetrasodique.html\",\"name\":\"Fournisseur de Pyrophosphate T\u00e9trasodique, E450 Poudre Prix | Niranbio Chemical\",\"isPartOf\":{\"@id\":\"https:\/\/theo.niranbio.com\/fr\/#website\"},\"primaryImageOfPage\":{\"@id\":\"https:\/\/theo.niranbio.com\/fr\/tspp-pyrophosphate-tetrasodique.html#primaryimage\"},\"image\":{\"@id\":\"https:\/\/theo.niranbio.com\/fr\/tspp-pyrophosphate-tetrasodique.html#primaryimage\"},\"thumbnailUrl\":\"https:\/\/theo.niranbio.com\/wp-content\/uploads\/2024\/06\/Tetrasodium-Pyrophosphate-TSPP-Food-Grade-gengxin.webp\",\"datePublished\":\"2024-06-19T08:47:15+00:00\",\"dateModified\":\"2024-08-19T06:20:38+00:00\",\"description\":\"Notre pyrophosphate t\u00e9trasodique (TSP) E450 est une poudre fine et blanche utilis\u00e9e comme r\u00e9gulateur d'acidit\u00e9 et agent levant de qualit\u00e9 alimentaire.\",\"breadcrumb\":{\"@id\":\"https:\/\/theo.niranbio.com\/fr\/tspp-pyrophosphate-tetrasodique.html#breadcrumb\"},\"inLanguage\":\"fr-FR\",\"potentialAction\":[{\"@type\":\"ReadAction\",\"target\":[\"https:\/\/theo.niranbio.com\/fr\/tspp-pyrophosphate-tetrasodique.html\"]}]},{\"@type\":\"ImageObject\",\"inLanguage\":\"fr-FR\",\"@id\":\"https:\/\/theo.niranbio.com\/fr\/tspp-pyrophosphate-tetrasodique.html#primaryimage\",\"url\":\"https:\/\/theo.niranbio.com\/wp-content\/uploads\/2024\/06\/Tetrasodium-Pyrophosphate-TSPP-Food-Grade-gengxin.webp\",\"contentUrl\":\"https:\/\/theo.niranbio.com\/wp-content\/uploads\/2024\/06\/Tetrasodium-Pyrophosphate-TSPP-Food-Grade-gengxin.webp\",\"width\":600,\"height\":600,\"caption\":\"Pyrophosphate t\u00e9trasodique (TSPP)\"},{\"@type\":\"BreadcrumbList\",\"@id\":\"https:\/\/theo.niranbio.com\/fr\/tspp-pyrophosphate-tetrasodique.html#breadcrumb\",\"itemListElement\":[{\"@type\":\"ListItem\",\"position\":1,\"name\":\"Home\",\"item\":\"https:\/\/theo.niranbio.com\/fr\/\"},{\"@type\":\"ListItem\",\"position\":2,\"name\":\"Produits\",\"item\":\"https:\/\/theo.niranbio.com\/fr\/produits.html\"},{\"@type\":\"ListItem\",\"position\":3,\"name\":\"Phosphat\u00e9\",\"item\":\"https:\/\/theo.niranbio.com\/fr\/produit-phosphate\/\"},{\"@type\":\"ListItem\",\"position\":4,\"name\":\"TSPP-Pyrophosphate t\u00e9trasodique\"}]},{\"@type\":\"WebSite\",\"@id\":\"https:\/\/theo.niranbio.com\/fr\/#website\",\"url\":\"https:\/\/theo.niranbio.com\/fr\/\",\"name\":\"Niranbio Chemical\",\"description\":\"\",\"publisher\":{\"@id\":\"https:\/\/theo.niranbio.com\/fr\/#organization\"},\"potentialAction\":[{\"@type\":\"SearchAction\",\"target\":{\"@type\":\"EntryPoint\",\"urlTemplate\":\"https:\/\/theo.niranbio.com\/fr\/?s={search_term_string}\"},\"query-input\":{\"@type\":\"PropertyValueSpecification\",\"valueRequired\":true,\"valueName\":\"search_term_string\"}}],\"inLanguage\":\"fr-FR\"},{\"@type\":\"Organization\",\"@id\":\"https:\/\/theo.niranbio.com\/fr\/#organization\",\"name\":\"Niranbio Chemical\",\"url\":\"https:\/\/theo.niranbio.com\/fr\/\",\"logo\":{\"@type\":\"ImageObject\",\"inLanguage\":\"fr-FR\",\"@id\":\"https:\/\/theo.niranbio.com\/fr\/#\/schema\/logo\/image\/\",\"url\":\"https:\/\/theo.niranbio.com\/wp-content\/uploads\/2024\/06\/Niranbio.png\",\"contentUrl\":\"https:\/\/theo.niranbio.com\/wp-content\/uploads\/2024\/06\/Niranbio.png\",\"width\":270,\"height\":100,\"caption\":\"Niranbio Chemical\"},\"image\":{\"@id\":\"https:\/\/theo.niranbio.com\/fr\/#\/schema\/logo\/image\/\"}}]}<\/script>\n<!-- \/ Yoast SEO plugin. -->","yoast_head_json":{"title":"Fournisseur de Pyrophosphate T\u00e9trasodique, E450 Poudre Prix | Niranbio Chemical","description":"Notre pyrophosphate t\u00e9trasodique (TSP) E450 est une poudre fine et blanche utilis\u00e9e comme r\u00e9gulateur d'acidit\u00e9 et agent levant de qualit\u00e9 alimentaire.","robots":{"index":"noindex","follow":"follow","max-snippet":"max-snippet:-1","max-image-preview":"max-image-preview:large","max-video-preview":"max-video-preview:-1"},"twitter_misc":{"Dur\u00e9e de lecture estim\u00e9e":"4 minutes"},"schema":{"@context":"https:\/\/schema.org","@graph":[{"@type":"WebPage","@id":"https:\/\/theo.niranbio.com\/fr\/tspp-pyrophosphate-tetrasodique.html","url":"https:\/\/theo.niranbio.com\/fr\/tspp-pyrophosphate-tetrasodique.html","name":"Fournisseur de Pyrophosphate T\u00e9trasodique, E450 Poudre Prix | Niranbio Chemical","isPartOf":{"@id":"https:\/\/theo.niranbio.com\/fr\/#website"},"primaryImageOfPage":{"@id":"https:\/\/theo.niranbio.com\/fr\/tspp-pyrophosphate-tetrasodique.html#primaryimage"},"image":{"@id":"https:\/\/theo.niranbio.com\/fr\/tspp-pyrophosphate-tetrasodique.html#primaryimage"},"thumbnailUrl":"https:\/\/theo.niranbio.com\/wp-content\/uploads\/2024\/06\/Tetrasodium-Pyrophosphate-TSPP-Food-Grade-gengxin.webp","datePublished":"2024-06-19T08:47:15+00:00","dateModified":"2024-08-19T06:20:38+00:00","description":"Notre pyrophosphate t\u00e9trasodique (TSP) E450 est une poudre fine et blanche utilis\u00e9e comme r\u00e9gulateur d'acidit\u00e9 et agent levant de qualit\u00e9 alimentaire.","breadcrumb":{"@id":"https:\/\/theo.niranbio.com\/fr\/tspp-pyrophosphate-tetrasodique.html#breadcrumb"},"inLanguage":"fr-FR","potentialAction":[{"@type":"ReadAction","target":["https:\/\/theo.niranbio.com\/fr\/tspp-pyrophosphate-tetrasodique.html"]}]},{"@type":"ImageObject","inLanguage":"fr-FR","@id":"https:\/\/theo.niranbio.com\/fr\/tspp-pyrophosphate-tetrasodique.html#primaryimage","url":"https:\/\/theo.niranbio.com\/wp-content\/uploads\/2024\/06\/Tetrasodium-Pyrophosphate-TSPP-Food-Grade-gengxin.webp","contentUrl":"https:\/\/theo.niranbio.com\/wp-content\/uploads\/2024\/06\/Tetrasodium-Pyrophosphate-TSPP-Food-Grade-gengxin.webp","width":600,"height":600,"caption":"Pyrophosphate t\u00e9trasodique (TSPP)"},{"@type":"BreadcrumbList","@id":"https:\/\/theo.niranbio.com\/fr\/tspp-pyrophosphate-tetrasodique.html#breadcrumb","itemListElement":[{"@type":"ListItem","position":1,"name":"Home","item":"https:\/\/theo.niranbio.com\/fr\/"},{"@type":"ListItem","position":2,"name":"Produits","item":"https:\/\/theo.niranbio.com\/fr\/produits.html"},{"@type":"ListItem","position":3,"name":"Phosphat\u00e9","item":"https:\/\/theo.niranbio.com\/fr\/produit-phosphate\/"},{"@type":"ListItem","position":4,"name":"TSPP-Pyrophosphate t\u00e9trasodique"}]},{"@type":"WebSite","@id":"https:\/\/theo.niranbio.com\/fr\/#website","url":"https:\/\/theo.niranbio.com\/fr\/","name":"Niranbio Chemical","description":"","publisher":{"@id":"https:\/\/theo.niranbio.com\/fr\/#organization"},"potentialAction":[{"@type":"SearchAction","target":{"@type":"EntryPoint","urlTemplate":"https:\/\/theo.niranbio.com\/fr\/?s={search_term_string}"},"query-input":{"@type":"PropertyValueSpecification","valueRequired":true,"valueName":"search_term_string"}}],"inLanguage":"fr-FR"},{"@type":"Organization","@id":"https:\/\/theo.niranbio.com\/fr\/#organization","name":"Niranbio Chemical","url":"https:\/\/theo.niranbio.com\/fr\/","logo":{"@type":"ImageObject","inLanguage":"fr-FR","@id":"https:\/\/theo.niranbio.com\/fr\/#\/schema\/logo\/image\/","url":"https:\/\/theo.niranbio.com\/wp-content\/uploads\/2024\/06\/Niranbio.png","contentUrl":"https:\/\/theo.niranbio.com\/wp-content\/uploads\/2024\/06\/Niranbio.png","width":270,"height":100,"caption":"Niranbio Chemical"},"image":{"@id":"https:\/\/theo.niranbio.com\/fr\/#\/schema\/logo\/image\/"}}]}},"_links":{"self":[{"href":"https:\/\/theo.niranbio.com\/fr\/wp-json\/wp\/v2\/product\/9446","targetHints":{"allow":["GET"]}}],"collection":[{"href":"https:\/\/theo.niranbio.com\/fr\/wp-json\/wp\/v2\/product"}],"about":[{"href":"https:\/\/theo.niranbio.com\/fr\/wp-json\/wp\/v2\/types\/product"}],"version-history":[{"count":0,"href":"https:\/\/theo.niranbio.com\/fr\/wp-json\/wp\/v2\/product\/9446\/revisions"}],"wp:featuredmedia":[{"embeddable":true,"href":"https:\/\/theo.niranbio.com\/fr\/wp-json\/wp\/v2\/media\/9447"}],"wp:attachment":[{"href":"https:\/\/theo.niranbio.com\/fr\/wp-json\/wp\/v2\/media?parent=9446"}],"wp:term":[{"taxonomy":"product_brand","embeddable":true,"href":"https:\/\/theo.niranbio.com\/fr\/wp-json\/wp\/v2\/product_brand?post=9446"},{"taxonomy":"product_cat","embeddable":true,"href":"https:\/\/theo.niranbio.com\/fr\/wp-json\/wp\/v2\/product_cat?post=9446"},{"taxonomy":"product_tag","embeddable":true,"href":"https:\/\/theo.niranbio.com\/fr\/wp-json\/wp\/v2\/product_tag?post=9446"}],"curies":[{"name":"wp","href":"https:\/\/api.w.org\/{rel}","templated":true}]}}