{"id":9436,"date":"2024-06-20T09:21:36","date_gmt":"2024-06-20T01:21:36","guid":{"rendered":"https:\/\/theo.niranbio.com\/aspartame\/"},"modified":"2024-08-19T13:36:55","modified_gmt":"2024-08-19T05:36:55","slug":"aspartame","status":"publish","type":"product","link":"https:\/\/theo.niranbio.com\/fr\/aspartame.html","title":{"rendered":"Aspartame"},"content":{"rendered":"<h2><span class=\"ez-toc-section\" id=\"Quest-ce_que_laspartame\"><\/span>Qu&rsquo;est-ce que l&rsquo;aspartame ?<span class=\"ez-toc-section-end\"><\/span><\/h2>\n<p>L&rsquo;aspartame est un oligosaccharide fonctionnel naturel \u00e0 forte sucrosit\u00e9 et aux propri\u00e9t\u00e9s non d\u00e9liquescentes. Il se pr\u00e9sente sous la forme d&rsquo;une poudre cristalline blanche. En raison de sa douceur \u00e9tonnante et de sa teneur exceptionnellement faible en calories, il peut \u00eatre ajout\u00e9 aux boissons, aux produits pharmaceutiques ou aux chewing-gums sans sucre comme alternative au sucre.<\/p>\n<p>Les m\u00e9thodes de pr\u00e9paration courantes de l&rsquo;aspartame sont la synth\u00e8se chimique et les m\u00e9thodes enzymatiques.<\/p>\n<p>Parmi elles, la synth\u00e8se chimique est la m\u00e9thode la plus ancienne et la plus couramment utilis\u00e9e. Son principe de base consiste \u00e0 est\u00e9rifier d&rsquo;abord la ph\u00e9nylalanine avec du m\u00e9thanol ou de l&rsquo;\u00e9thanol pour produire de l&rsquo;ester m\u00e9thylique de ph\u00e9nylalanine ou de l&rsquo;ester \u00e9thylique de ph\u00e9nylalanine, puis \u00e0 condenser avec de l&rsquo;acide aspartique dans des conditions acides pour produire de l&rsquo;aspartame. Ce processus n\u00e9cessite une certaine temp\u00e9rature, une certaine pression et un certain catalyseur, et produira des sous-produits, tels que le \u03b2-aspartame amer. La m\u00e9thode enzymatique est une nouvelle m\u00e9thode d\u00e9velopp\u00e9e ces derni\u00e8res ann\u00e9es. Ses avantages sont une forte sp\u00e9cificit\u00e9, un taux de conversion \u00e9lev\u00e9, des conditions douces et peu de sous-produits.<\/p>\n<p>Le principe de la m\u00e9thode enzymatique consiste \u00e0 utiliser une souche microbienne sp\u00e9ciale pour convertir la ph\u00e9nylalanine et l&rsquo;acide aspartique en esters m\u00e9thyliques d&rsquo;acide correspondants par un processus de fermentation, puis \u00e0 utiliser une enzyme sp\u00e9ciale pour synth\u00e9tiser directement les deux esters m\u00e9thyliques d&rsquo;acide en aspartame. Ce proc\u00e9d\u00e9 ne n\u00e9cessite pas l&rsquo;ajout de solvants ou de catalyseurs externes et peut \u00eatre r\u00e9alis\u00e9 \u00e0 temp\u00e9rature et pression ambiantes.<\/p>\n<h2><span class=\"ez-toc-section\" id=\"Parametres_associes\"><\/span>Param\u00e8tres associ\u00e9s :<span class=\"ez-toc-section-end\"><\/span><\/h2>\n<table>\n<tbody>\n<tr>\n<td><strong>Articles<\/strong><\/td>\n<td><strong>Normes<\/strong><\/td>\n<\/tr>\n<tr>\n<td>Dosage (titrim\u00e9trique)<\/td>\n<td>98,0-102,0 % (base s\u00e8che) p\/p<\/td>\n<\/tr>\n<tr>\n<td>Rotation sp\u00e9cifique [\u03b1]D20<\/td>\n<td>+14.50\u00b0~+16.50\u00b0<\/td>\n<\/tr>\n<tr>\n<td>Perte au s\u00e9chage<\/td>\n<td>\u22644.50%<\/td>\n<\/tr>\n<tr>\n<td>R\u00e9sidus \u00e0 l&rsquo;allumage\uff08Sulfate de cendres\uff09<\/td>\n<td>\u22640.20%<\/td>\n<\/tr>\n<tr>\n<td>PH (0,8 % p\/v dans l&rsquo;eau)<\/td>\n<td>4.50-6.00<\/td>\n<\/tr>\n<tr>\n<td>Acide dik\u00e9topip\u00e9razine (DKP)5-benzyl-3,6-dioxo-2-pip\u00e9razine-ac\u00e9tique<\/td>\n<td>\u22641.5%<\/td>\n<\/tr>\n<tr>\n<td>Autres substances apparent\u00e9esImpuret\u00e9s chromatographiques<\/td>\n<td>\u22642.0%<\/td>\n<\/tr>\n<tr>\n<td>Transmittance<\/td>\n<td>\u226590.0%<\/td>\n<\/tr>\n<tr>\n<td>M\u00e9tal lourd (en tant que Pb)<\/td>\n<td>\u226410 ppm<\/td>\n<\/tr>\n<tr>\n<td>Arsenic (en tant qu&rsquo;As)<\/td>\n<td>\u2264 5 ppm<\/td>\n<\/tr>\n<tr>\n<td>Plomb<\/td>\n<td>\u2264 1 ppm<\/td>\n<\/tr>\n<tr>\n<td>Solvants r\u00e9siduels<\/td>\n<td>R\u00e9pond aux exigences<\/td>\n<\/tr>\n<\/tbody>\n<\/table>\n<h2><span class=\"ez-toc-section\" id=\"Dosage_recommande\"><\/span>Dosage recommand\u00e9 :<span class=\"ez-toc-section-end\"><\/span><\/h2>\n<table>\n<tbody>\n<tr>\n<td><strong>Nom de l&rsquo;aliment<\/strong><\/td>\n<td><strong>Utilisation maximale (g\/kg)<\/strong><\/td>\n<\/tr>\n<tr>\n<td>Boissons gazeuses<\/td>\n<td>0,6 g\/kg<\/td>\n<\/tr>\n<tr>\n<td>Boissons aux fruits<\/td>\n<td>0,5 g\/kg<\/td>\n<\/tr>\n<tr>\n<td>Yogourt<\/td>\n<td>0,3 g\/kg<\/td>\n<\/tr>\n<tr>\n<td>Boissons lact\u00e9es<\/td>\n<td>0,3 g\/kg<\/td>\n<\/tr>\n<tr>\n<td>Pain<\/td>\n<td>0,4 g\/kg<\/td>\n<\/tr>\n<tr>\n<td>Bonbons mous<\/td>\n<td>0,6 g\/kg<\/td>\n<\/tr>\n<tr>\n<td>Bonbons durs<\/td>\n<td>0,6 g\/kg<\/td>\n<\/tr>\n<tr>\n<td>Chocolat<\/td>\n<td>0,3 g\/kg<\/td>\n<\/tr>\n<tr>\n<td>Sauce soja<\/td>\n<td>0,3 g\/kg<\/td>\n<\/tr>\n<tr>\n<td>Vinaigre<\/td>\n<td>0,3 g\/kg<\/td>\n<\/tr>\n<tr>\n<td>Ketchup<\/td>\n<td>0,3 g\/kg<\/td>\n<\/tr>\n<tr>\n<td>Jambon<\/td>\n<td>0,3 g\/kg<\/td>\n<\/tr>\n<tr>\n<td>Saucisse<\/td>\n<td>0,3 g\/kg<\/td>\n<\/tr>\n<tr>\n<td>Bacon<\/td>\n<td>0,3 g\/kg<\/td>\n<\/tr>\n<tr>\n<td>Cr\u00e8me glac\u00e9e<\/td>\n<td>0,5 g\/kg<\/td>\n<\/tr>\n<tr>\n<td>Frites de pommes de terre<\/td>\n<td>0,3 g\/kg<\/td>\n<\/tr>\n<tr>\n<td>Aliment en poudre<\/td>\n<td>0,3 g\/kg<\/td>\n<\/tr>\n<\/tbody>\n<\/table>\n<h2><span class=\"ez-toc-section\" id=\"Laspartame_a_une_large_gamme_dutilisations\"><\/span>L&rsquo;aspartame a une large gamme d&rsquo;utilisations<span class=\"ez-toc-section-end\"><\/span><\/h2>\n<ol>\n<li>Boissons : Applicable \u00e0 tous les types de boissons gazeuses, boissons aux jus de fruits, boissons au th\u00e9, etc., pour offrir une grande douceur tout en maintenant de faibles calories.<\/li>\n<li>Produits laitiers : Y compris le fromage, le yaourt, la cr\u00e8me glac\u00e9e, etc., qui peuvent augmenter la douceur sans augmenter les calories.<\/li>\n<li>Produits de boulangerie : Comme les g\u00e2teaux, les biscuits, le pain, etc., peuvent remplacer une partie ou la totalit\u00e9 du sucre pour obtenir l&rsquo;effet de r\u00e9duire les calories.<\/li>\n<li>Desserts et p\u00e2tisseries : Apporte de la douceur et convient \u00e9galement \u00e0 la production d&rsquo;aliments \u00e0 faible teneur en sucre ou sans sucre.<\/li>\n<li>Chewing-gum et bonbons : Comme principal ingr\u00e9dient \u00e9dulcorant pour rehausser la douceur et le go\u00fbt.<\/li>\n<li>M\u00e9dicaments et produits de sant\u00e9 : Utilis\u00e9 dans certains m\u00e9dicaments oraux et compl\u00e9ments nutritionnels pour masquer l&rsquo;amertume des m\u00e9dicaments ou augmenter le go\u00fbt.<\/li>\n<li>Aliments en conserve et pr\u00e9par\u00e9s : Utilis\u00e9s pour rehausser la douceur des aliments tout en contr\u00f4lant l&rsquo;apport total en sucre.<\/li>\n<li>Vinaigre et condiments : Utilis\u00e9s pour fabriquer des produits \u00e0 base de vinaigre et de sauces \u00e0 faible teneur en sucre ou sans sucre pour r\u00e9pondre aux besoins de sant\u00e9 des diff\u00e9rents consommateurs.<\/li>\n<\/ol>\n<h2><span class=\"ez-toc-section\" id=\"Question_posee_par_lutilisateur\"><\/span>Question pos\u00e9e par l&rsquo;utilisateur :<span class=\"ez-toc-section-end\"><\/span><\/h2>\n<p>Question : Quels sont les avantages de l&rsquo;aspartame par rapport au sucralose ?<\/p>\n<p>R\u00e9ponse :<\/p>\n<p>1. Intensit\u00e9 sucr\u00e9e et calories : L&rsquo;aspartame est environ 200 fois plus sucr\u00e9 que le saccharose, tandis que le sucralose est 600 fois plus sucr\u00e9 que le saccharose, il est donc utilis\u00e9 en plus petite quantit\u00e9 et a moins de calories.<\/p>\n<p>2. Go\u00fbt et douceur naturelle : L&rsquo;aspartame a un go\u00fbt plus proche de la douceur naturelle et ne laisse pas d&rsquo;amertume ou d&rsquo;autres go\u00fbts d\u00e9sagr\u00e9ables, tandis que le sucralose peut apporter un l\u00e9ger go\u00fbt amer \u00e0 des concentrations \u00e9lev\u00e9es.<\/p>\n<p>3. Stabilit\u00e9 : L&rsquo;aspartame a une bonne stabilit\u00e9 dans des conditions courantes de transformation des aliments et n&rsquo;est pas facile \u00e0 d\u00e9composer ou \u00e0 perdre sa douceur, tandis que le sucralose peut se d\u00e9grader dans des conditions de temp\u00e9rature \u00e9lev\u00e9e.<\/p>\n<p>4. Champ d&rsquo;application : L&rsquo;aspartame convient \u00e0 une vari\u00e9t\u00e9 d&rsquo;aliments et de boissons, y compris les produits de boulangerie, les boissons, les produits laitiers, etc., et est largement utilis\u00e9 dans l&rsquo;industrie alimentaire. Le sucralose a \u00e9galement un large \u00e9ventail d&rsquo;applications, mais il convient de pr\u00eater attention \u00e0 sa stabilit\u00e9 dans certaines conditions de transformation des aliments.<\/p>\n","protected":false},"excerpt":{"rendered":"<ul>\n<li>CAS: 22839-47-0<\/li>\n<li>Formule chimique: C<sub>14<\/sub>H<sub>18<\/sub>N<sub>2<\/sub>O<sub>5<\/sub><\/li>\n<li>Certifications : KOSHER, ISO, HALAL, FSSC 22000, BRC, etc.<\/li>\n<li>Norme : FCCVIII \/ USP 36<\/li>\n<li>Quantit\u00e9 minimum de commande : 1000 kg<\/li>\n<li>Dur\u00e9e de conservation : 2 ans<\/li>\n<\/ul>\n","protected":false},"featured_media":9437,"template":"","meta":{"site-sidebar-layout":"default","site-content-layout":"","ast-site-content-layout":"default","site-content-style":"default","site-sidebar-style":"default","ast-global-header-display":"","ast-banner-title-visibility":"","ast-main-header-display":"","ast-hfb-above-header-display":"","ast-hfb-below-header-display":"","ast-hfb-mobile-header-display":"","site-post-title":"","ast-breadcrumbs-content":"","ast-featured-img":"","footer-sml-layout":"","theme-transparent-header-meta":"default","adv-header-id-meta":"","stick-header-meta":"","header-above-stick-meta":"","header-main-stick-meta":"","header-below-stick-meta":"","astra-migrate-meta-layouts":"set","ast-page-background-enabled":"default","ast-page-background-meta":{"desktop":{"background-color":"var(--ast-global-color-4)","background-image":"","background-repeat":"repeat","background-position":"center center","background-size":"auto","background-attachment":"scroll","background-type":"","background-media":"","overlay-type":"","overlay-color":"","overlay-opacity":"","overlay-gradient":""},"tablet":{"background-color":"","background-image":"","background-repeat":"repeat","background-position":"center center","background-size":"auto","background-attachment":"scroll","background-type":"","background-media":"","overlay-type":"","overlay-color":"","overlay-opacity":"","overlay-gradient":""},"mobile":{"background-color":"","background-image":"","background-repeat":"repeat","background-position":"center center","background-size":"auto","background-attachment":"scroll","background-type":"","background-media":"","overlay-type":"","overlay-color":"","overlay-opacity":"","overlay-gradient":""}},"ast-content-background-meta":{"desktop":{"background-color":"var(--ast-global-color-5)","background-image":"","background-repeat":"repeat","background-position":"center center","background-size":"auto","background-attachment":"scroll","background-type":"","background-media":"","overlay-type":"","overlay-color":"","overlay-opacity":"","overlay-gradient":""},"tablet":{"background-color":"var(--ast-global-color-5)","background-image":"","background-repeat":"repeat","background-position":"center center","background-size":"auto","background-attachment":"scroll","background-type":"","background-media":"","overlay-type":"","overlay-color":"","overlay-opacity":"","overlay-gradient":""},"mobile":{"background-color":"var(--ast-global-color-5)","background-image":"","background-repeat":"repeat","background-position":"center center","background-size":"auto","background-attachment":"scroll","background-type":"","background-media":"","overlay-type":"","overlay-color":"","overlay-opacity":"","overlay-gradient":""}}},"product_brand":[],"product_cat":[111],"product_tag":[],"class_list":{"0":"post-9436","1":"product","2":"type-product","3":"status-publish","4":"has-post-thumbnail","6":"product_cat-produit-edulcorant","7":"desktop-align-center","8":"tablet-align-left","9":"mobile-align-left","11":"first","12":"instock","13":"shipping-taxable","14":"product-type-simple"},"yoast_head":"<!-- This site is optimized with the Yoast SEO plugin v26.5 - https:\/\/yoast.com\/wordpress\/plugins\/seo\/ -->\n<title>Prix \u200b\u200bde la Poudre d&#039;aspartame, Fabricant Aspartam E951 | Niranbio Chemical<\/title>\n<meta name=\"description\" content=\"L&#039;aspartame, une poudre cristalline blanche, est un \u00e9dulcorant hypocalorique utilis\u00e9 dans les boissons, les produits pharmaceutiques et les chewing-gums sans sucre.\" \/>\n<meta name=\"robots\" content=\"noindex, follow, max-snippet:-1, max-image-preview:large, max-video-preview:-1\" \/>\n<meta name=\"twitter:label1\" content=\"Dur\u00e9e de lecture estim\u00e9e\" \/>\n\t<meta name=\"twitter:data1\" content=\"4 minutes\" \/>\n<script type=\"application\/ld+json\" class=\"yoast-schema-graph\">{\"@context\":\"https:\/\/schema.org\",\"@graph\":[{\"@type\":\"WebPage\",\"@id\":\"https:\/\/theo.niranbio.com\/fr\/aspartame.html\",\"url\":\"https:\/\/theo.niranbio.com\/fr\/aspartame.html\",\"name\":\"Prix \u200b\u200bde la Poudre d'aspartame, Fabricant Aspartam E951 | Niranbio Chemical\",\"isPartOf\":{\"@id\":\"https:\/\/theo.niranbio.com\/fr\/#website\"},\"primaryImageOfPage\":{\"@id\":\"https:\/\/theo.niranbio.com\/fr\/aspartame.html#primaryimage\"},\"image\":{\"@id\":\"https:\/\/theo.niranbio.com\/fr\/aspartame.html#primaryimage\"},\"thumbnailUrl\":\"https:\/\/theo.niranbio.com\/wp-content\/uploads\/2024\/06\/Aspartame.webp\",\"datePublished\":\"2024-06-20T01:21:36+00:00\",\"dateModified\":\"2024-08-19T05:36:55+00:00\",\"description\":\"L'aspartame, une poudre cristalline blanche, est un \u00e9dulcorant hypocalorique utilis\u00e9 dans les boissons, les produits pharmaceutiques et les chewing-gums sans sucre.\",\"breadcrumb\":{\"@id\":\"https:\/\/theo.niranbio.com\/fr\/aspartame.html#breadcrumb\"},\"inLanguage\":\"fr-FR\",\"potentialAction\":[{\"@type\":\"ReadAction\",\"target\":[\"https:\/\/theo.niranbio.com\/fr\/aspartame.html\"]}]},{\"@type\":\"ImageObject\",\"inLanguage\":\"fr-FR\",\"@id\":\"https:\/\/theo.niranbio.com\/fr\/aspartame.html#primaryimage\",\"url\":\"https:\/\/theo.niranbio.com\/wp-content\/uploads\/2024\/06\/Aspartame.webp\",\"contentUrl\":\"https:\/\/theo.niranbio.com\/wp-content\/uploads\/2024\/06\/Aspartame.webp\",\"width\":600,\"height\":600,\"caption\":\"Aspartame\"},{\"@type\":\"BreadcrumbList\",\"@id\":\"https:\/\/theo.niranbio.com\/fr\/aspartame.html#breadcrumb\",\"itemListElement\":[{\"@type\":\"ListItem\",\"position\":1,\"name\":\"Home\",\"item\":\"https:\/\/theo.niranbio.com\/fr\/\"},{\"@type\":\"ListItem\",\"position\":2,\"name\":\"Produits\",\"item\":\"https:\/\/theo.niranbio.com\/fr\/produits.html\"},{\"@type\":\"ListItem\",\"position\":3,\"name\":\"\u00c9dulcorant\",\"item\":\"https:\/\/theo.niranbio.com\/fr\/produit-edulcorant\/\"},{\"@type\":\"ListItem\",\"position\":4,\"name\":\"Aspartame\"}]},{\"@type\":\"WebSite\",\"@id\":\"https:\/\/theo.niranbio.com\/fr\/#website\",\"url\":\"https:\/\/theo.niranbio.com\/fr\/\",\"name\":\"Niranbio Chemical\",\"description\":\"\",\"publisher\":{\"@id\":\"https:\/\/theo.niranbio.com\/fr\/#organization\"},\"potentialAction\":[{\"@type\":\"SearchAction\",\"target\":{\"@type\":\"EntryPoint\",\"urlTemplate\":\"https:\/\/theo.niranbio.com\/fr\/?s={search_term_string}\"},\"query-input\":{\"@type\":\"PropertyValueSpecification\",\"valueRequired\":true,\"valueName\":\"search_term_string\"}}],\"inLanguage\":\"fr-FR\"},{\"@type\":\"Organization\",\"@id\":\"https:\/\/theo.niranbio.com\/fr\/#organization\",\"name\":\"Niranbio Chemical\",\"url\":\"https:\/\/theo.niranbio.com\/fr\/\",\"logo\":{\"@type\":\"ImageObject\",\"inLanguage\":\"fr-FR\",\"@id\":\"https:\/\/theo.niranbio.com\/fr\/#\/schema\/logo\/image\/\",\"url\":\"https:\/\/theo.niranbio.com\/wp-content\/uploads\/2024\/06\/Niranbio.png\",\"contentUrl\":\"https:\/\/theo.niranbio.com\/wp-content\/uploads\/2024\/06\/Niranbio.png\",\"width\":270,\"height\":100,\"caption\":\"Niranbio Chemical\"},\"image\":{\"@id\":\"https:\/\/theo.niranbio.com\/fr\/#\/schema\/logo\/image\/\"}}]}<\/script>\n<!-- \/ Yoast SEO plugin. -->","yoast_head_json":{"title":"Prix \u200b\u200bde la Poudre d'aspartame, Fabricant Aspartam E951 | Niranbio Chemical","description":"L'aspartame, une poudre cristalline blanche, est un \u00e9dulcorant hypocalorique utilis\u00e9 dans les boissons, les produits pharmaceutiques et les chewing-gums sans sucre.","robots":{"index":"noindex","follow":"follow","max-snippet":"max-snippet:-1","max-image-preview":"max-image-preview:large","max-video-preview":"max-video-preview:-1"},"twitter_misc":{"Dur\u00e9e de lecture estim\u00e9e":"4 minutes"},"schema":{"@context":"https:\/\/schema.org","@graph":[{"@type":"WebPage","@id":"https:\/\/theo.niranbio.com\/fr\/aspartame.html","url":"https:\/\/theo.niranbio.com\/fr\/aspartame.html","name":"Prix \u200b\u200bde la Poudre d'aspartame, Fabricant Aspartam E951 | Niranbio Chemical","isPartOf":{"@id":"https:\/\/theo.niranbio.com\/fr\/#website"},"primaryImageOfPage":{"@id":"https:\/\/theo.niranbio.com\/fr\/aspartame.html#primaryimage"},"image":{"@id":"https:\/\/theo.niranbio.com\/fr\/aspartame.html#primaryimage"},"thumbnailUrl":"https:\/\/theo.niranbio.com\/wp-content\/uploads\/2024\/06\/Aspartame.webp","datePublished":"2024-06-20T01:21:36+00:00","dateModified":"2024-08-19T05:36:55+00:00","description":"L'aspartame, une poudre cristalline blanche, est un \u00e9dulcorant hypocalorique utilis\u00e9 dans les boissons, les produits pharmaceutiques et les chewing-gums sans sucre.","breadcrumb":{"@id":"https:\/\/theo.niranbio.com\/fr\/aspartame.html#breadcrumb"},"inLanguage":"fr-FR","potentialAction":[{"@type":"ReadAction","target":["https:\/\/theo.niranbio.com\/fr\/aspartame.html"]}]},{"@type":"ImageObject","inLanguage":"fr-FR","@id":"https:\/\/theo.niranbio.com\/fr\/aspartame.html#primaryimage","url":"https:\/\/theo.niranbio.com\/wp-content\/uploads\/2024\/06\/Aspartame.webp","contentUrl":"https:\/\/theo.niranbio.com\/wp-content\/uploads\/2024\/06\/Aspartame.webp","width":600,"height":600,"caption":"Aspartame"},{"@type":"BreadcrumbList","@id":"https:\/\/theo.niranbio.com\/fr\/aspartame.html#breadcrumb","itemListElement":[{"@type":"ListItem","position":1,"name":"Home","item":"https:\/\/theo.niranbio.com\/fr\/"},{"@type":"ListItem","position":2,"name":"Produits","item":"https:\/\/theo.niranbio.com\/fr\/produits.html"},{"@type":"ListItem","position":3,"name":"\u00c9dulcorant","item":"https:\/\/theo.niranbio.com\/fr\/produit-edulcorant\/"},{"@type":"ListItem","position":4,"name":"Aspartame"}]},{"@type":"WebSite","@id":"https:\/\/theo.niranbio.com\/fr\/#website","url":"https:\/\/theo.niranbio.com\/fr\/","name":"Niranbio Chemical","description":"","publisher":{"@id":"https:\/\/theo.niranbio.com\/fr\/#organization"},"potentialAction":[{"@type":"SearchAction","target":{"@type":"EntryPoint","urlTemplate":"https:\/\/theo.niranbio.com\/fr\/?s={search_term_string}"},"query-input":{"@type":"PropertyValueSpecification","valueRequired":true,"valueName":"search_term_string"}}],"inLanguage":"fr-FR"},{"@type":"Organization","@id":"https:\/\/theo.niranbio.com\/fr\/#organization","name":"Niranbio Chemical","url":"https:\/\/theo.niranbio.com\/fr\/","logo":{"@type":"ImageObject","inLanguage":"fr-FR","@id":"https:\/\/theo.niranbio.com\/fr\/#\/schema\/logo\/image\/","url":"https:\/\/theo.niranbio.com\/wp-content\/uploads\/2024\/06\/Niranbio.png","contentUrl":"https:\/\/theo.niranbio.com\/wp-content\/uploads\/2024\/06\/Niranbio.png","width":270,"height":100,"caption":"Niranbio Chemical"},"image":{"@id":"https:\/\/theo.niranbio.com\/fr\/#\/schema\/logo\/image\/"}}]}},"_links":{"self":[{"href":"https:\/\/theo.niranbio.com\/fr\/wp-json\/wp\/v2\/product\/9436","targetHints":{"allow":["GET"]}}],"collection":[{"href":"https:\/\/theo.niranbio.com\/fr\/wp-json\/wp\/v2\/product"}],"about":[{"href":"https:\/\/theo.niranbio.com\/fr\/wp-json\/wp\/v2\/types\/product"}],"version-history":[{"count":0,"href":"https:\/\/theo.niranbio.com\/fr\/wp-json\/wp\/v2\/product\/9436\/revisions"}],"wp:featuredmedia":[{"embeddable":true,"href":"https:\/\/theo.niranbio.com\/fr\/wp-json\/wp\/v2\/media\/9437"}],"wp:attachment":[{"href":"https:\/\/theo.niranbio.com\/fr\/wp-json\/wp\/v2\/media?parent=9436"}],"wp:term":[{"taxonomy":"product_brand","embeddable":true,"href":"https:\/\/theo.niranbio.com\/fr\/wp-json\/wp\/v2\/product_brand?post=9436"},{"taxonomy":"product_cat","embeddable":true,"href":"https:\/\/theo.niranbio.com\/fr\/wp-json\/wp\/v2\/product_cat?post=9436"},{"taxonomy":"product_tag","embeddable":true,"href":"https:\/\/theo.niranbio.com\/fr\/wp-json\/wp\/v2\/product_tag?post=9436"}],"curies":[{"name":"wp","href":"https:\/\/api.w.org\/{rel}","templated":true}]}}