{"id":9429,"date":"2024-06-20T08:54:22","date_gmt":"2024-06-20T00:54:22","guid":{"rendered":"https:\/\/theo.niranbio.com\/citrate-de-magnesium-de-qualite-alimentaire\/"},"modified":"2024-08-19T10:43:32","modified_gmt":"2024-08-19T02:43:32","slug":"citrate-de-magnesium-de-qualite-alimentaire","status":"publish","type":"product","link":"https:\/\/theo.niranbio.com\/fr\/citrate-de-magnesium-de-qualite-alimentaire.html","title":{"rendered":"Citrate de magn\u00e9sium de qualit\u00e9 alimentaire"},"content":{"rendered":"<h2><span class=\"ez-toc-section\" id=\"Quest-ce_que_le_citrate_de_magnesium_de_qualite_alimentaire\"><\/span>Qu&rsquo;est-ce que le citrate de magn\u00e9sium de qualit\u00e9 alimentaire ?<span class=\"ez-toc-section-end\"><\/span><\/h2>\n<p>Le citrate de magn\u00e9sium est un compos\u00e9 inorganique, un type de citrate, avec une apparence de poudre cristalline blanche et est soluble dans l&rsquo;eau. Il a une bonne solubilit\u00e9 et peut \u00eatre dissous dans l&rsquo;eau pour former une solution. \u00c0 haute temp\u00e9rature, le citrate de magn\u00e9sium peut se d\u00e9composer pour produire du dioxyde de carbone, de l&rsquo;eau et de l&rsquo;oxyde de magn\u00e9sium.\u00a0Il est largement utilis\u00e9 dans l&rsquo;alimentation, les additifs alimentaires, la m\u00e9decine et d&rsquo;autres domaines.<\/p>\n<p>Le citrate de magn\u00e9sium peut \u00eatre obtenu en utilisant du carbonate de magn\u00e9sium ou de l&rsquo;oxyde de magn\u00e9sium ou de l&rsquo;hydroxyde de magn\u00e9sium comme mati\u00e8res premi\u00e8res pour r\u00e9agir avec de l&rsquo;acide citrique comestible pour obtenir du citrate de magn\u00e9sium, puis en refroidissant, en cristallisant, en lavant \u00e0 l&rsquo;eau chaude d\u00e9ionis\u00e9e et en s\u00e9chant pour obtenir du citrate de magn\u00e9sium.<\/p>\n<h2><span class=\"ez-toc-section\" id=\"Parametres_associes\"><\/span>Param\u00e8tres associ\u00e9s :<span class=\"ez-toc-section-end\"><\/span><\/h2>\n<table>\n<tbody>\n<tr>\n<td>Articles<\/td>\n<td>Normes<\/td>\n<\/tr>\n<tr>\n<td>Teneur en magn\u00e9sium ,w\/%<\/td>\n<td>14.5-16.4<\/td>\n<\/tr>\n<tr>\n<td>Ca ,w\/% \u2264<\/td>\n<td>1<\/td>\n<\/tr>\n<tr>\n<td>Fe ,w\/% \u2264<\/td>\n<td>0.02<\/td>\n<\/tr>\n<tr>\n<td>As ,w\/% \u2264<\/td>\n<td>0.0003<\/td>\n<\/tr>\n<tr>\n<td>Chlorure ,w\/% \u2264<\/td>\n<td>0.05<\/td>\n<\/tr>\n<tr>\n<td>M\u00e9taux lourds ,w\/% \u2264<\/td>\n<td>0.005<\/td>\n<\/tr>\n<tr>\n<td>Sulfate ,w\/% \u2264<\/td>\n<td>0.2<\/td>\n<\/tr>\n<tr>\n<td>pH (solution \u00e0 5 %)<\/td>\n<td>5.0-9.0<\/td>\n<\/tr>\n<tr>\n<td>Identification \u2264<\/td>\n<td>Conforme \u00e0 la norme<\/td>\n<\/tr>\n<tr>\n<td>Perte \u00e0 la dessiccation, w\/% \u2264<\/td>\n<td>29.0<\/td>\n<\/tr>\n<\/tbody>\n<\/table>\n<h2><span class=\"ez-toc-section\" id=\"Dosage_recommande\"><\/span>Dosage recommand\u00e9<span class=\"ez-toc-section-end\"><\/span><\/h2>\n<table>\n<tbody>\n<tr>\n<td>Boissons gazeuses<\/td>\n<td>0,1 &#8211; 0,5 g\/kg<\/td>\n<\/tr>\n<tr>\n<td>Boissons aux fruits<\/td>\n<td>0,1 &#8211; 0,5 g\/kg<\/td>\n<\/tr>\n<tr>\n<td>Boissons au th\u00e9<\/td>\n<td>0,1 &#8211; 0,5 g\/kg<\/td>\n<\/tr>\n<tr>\n<td>Produits amylac\u00e9s<\/td>\n<td>0,5 &#8211; 5 g\/kg<\/td>\n<\/tr>\n<tr>\n<td>Assaisonnements<\/td>\n<td>0,2 &#8211; 2 g\/kg<\/td>\n<\/tr>\n<tr>\n<td>Produits laitiers<\/td>\n<td>0,1 &#8211; 1 g\/kg<\/td>\n<\/tr>\n<tr>\n<td>Aliments en conserve<\/td>\n<td>0,2 &#8211; 2 g\/kg<\/td>\n<\/tr>\n<tr>\n<td>Aliments conserv\u00e9s<\/td>\n<td>0,1 &#8211; 1 g\/kg<\/td>\n<\/tr>\n<tr>\n<td>Produits de boulangerie<\/td>\n<td>0,1 &#8211; 1 g\/kg<\/td>\n<\/tr>\n<tr>\n<td>Produits \u00e0 base de viande<\/td>\n<td>0,1 &#8211; 1 g\/kg<\/td>\n<\/tr>\n<tr>\n<td>Biscuits<\/td>\n<td>0,1 &#8211; 1 g\/kg<\/td>\n<\/tr>\n<tr>\n<td>Aliments surgel\u00e9s<\/td>\n<td>0,1 &#8211; 1 g\/kg<\/td>\n<\/tr>\n<tr>\n<td>Aliments en poudre<\/td>\n<td>0,1 &#8211; 1 g\/kg<\/td>\n<\/tr>\n<tr>\n<td>Aliments transform\u00e9s \u00e0 base de c\u00e9r\u00e9ales<\/td>\n<td>0,5 &#8211; 5 g\/kg<\/td>\n<\/tr>\n<\/tbody>\n<\/table>\n<h2><span class=\"ez-toc-section\" id=\"Le_citrate_de_magnesium_de_qualite_alimentaire_a_une_large_gamme_dutilisations\"><\/span>Le citrate de magn\u00e9sium de qualit\u00e9 alimentaire a une large gamme d&rsquo;utilisations<span class=\"ez-toc-section-end\"><\/span><\/h2>\n<p>1. Am\u00e9liorer la sant\u00e9 des os Le citrate de magn\u00e9sium peut favoriser l&rsquo;absorption du calcium, augmenter la densit\u00e9 osseuse et ainsi am\u00e9liorer la sant\u00e9 des os. 2. Pr\u00e9venir la carence en magn\u00e9sium Compl\u00e9tez le magn\u00e9sium n\u00e9cessaire au corps humain et pr\u00e9venez les sympt\u00f4mes caus\u00e9s par une carence en magn\u00e9sium tels que la fatigue et l&rsquo;anxi\u00e9t\u00e9. 3. Soulager l&rsquo;indigestion Soulage les sympt\u00f4mes de l&rsquo;indigestion en augmentant la motilit\u00e9 gastro-intestinale et en r\u00e9duisant la s\u00e9cr\u00e9tion de suc gastrique. 4. R\u00e9guler la fonction du syst\u00e8me nerveux Il a un effet s\u00e9datif et peut soulager efficacement la tension nerveuse et l&rsquo;anxi\u00e9t\u00e9.<\/p>\n<h2><span class=\"ez-toc-section\" id=\"Question_posee_par_lutilisateur\"><\/span>Question pos\u00e9e par l&rsquo;utilisateur :<span class=\"ez-toc-section-end\"><\/span><\/h2>\n<p><strong>Question : Quelles sont les sources naturelles de citrate de magn\u00e9sium ?<\/strong><\/p>\n<p>R\u00e9ponse : Le magn\u00e9sium est un \u00e9l\u00e9ment essentiel du m\u00e9tabolisme du corps humain. Le magn\u00e9sium et le calcium ont une relation de coop\u00e9ration. Ensemble, ils peuvent pr\u00e9venir efficacement l&rsquo;ost\u00e9oporose et renforcer les dents. Le magn\u00e9sium joue \u00e9galement un r\u00f4le b\u00e9n\u00e9fique dans la circulation sanguine. Il est indispensable \u00e0 la structure des prot\u00e9ines, au maintien des muscles et \u00e0 la composition g\u00e9n\u00e9tique. La consommation r\u00e9guli\u00e8re de ces aliments peut vous aider \u00e0 compl\u00e9ter votre apport en magn\u00e9sium : raisins, bananes, longanes, m\u00fbres, dattes noires, oranges, citrons, \u00e9pinards, choux, poivrons, coriandre, oignons, algues, sardines, etc.<\/p>\n<p><strong>Question : Que faut-il prendre en compte lors du stockage du citrate de magn\u00e9sium ?<\/strong><\/p>\n<p>R\u00e9ponse : Ce produit doit \u00eatre scell\u00e9 et \u00e0 l\u2019abri de la lumi\u00e8re et stock\u00e9 dans un endroit sec, frais et bien ventil\u00e9.<\/p>\n","protected":false},"excerpt":{"rendered":"<ul>\n<li>CAS : 7779-25-1<\/li>\n<li>Formule chimique : <sub>C12H10Mg3O14<\/sub><\/li>\n<li>Certifications : KOSHER, ISO, HALAL, FSSC 22000, BRC, etc.<\/li>\n<li>Standard:<\/li>\n<li>Quantit\u00e9 minimum de commande : 1000 kg<\/li>\n<li>Dur\u00e9e de conservation : 2 ans<\/li>\n<\/ul>\n","protected":false},"featured_media":9430,"template":"","meta":{"site-sidebar-layout":"default","site-content-layout":"","ast-site-content-layout":"default","site-content-style":"default","site-sidebar-style":"default","ast-global-header-display":"","ast-banner-title-visibility":"","ast-main-header-display":"","ast-hfb-above-header-display":"","ast-hfb-below-header-display":"","ast-hfb-mobile-header-display":"","site-post-title":"","ast-breadcrumbs-content":"","ast-featured-img":"","footer-sml-layout":"","theme-transparent-header-meta":"default","adv-header-id-meta":"","stick-header-meta":"","header-above-stick-meta":"","header-main-stick-meta":"","header-below-stick-meta":"","astra-migrate-meta-layouts":"set","ast-page-background-enabled":"default","ast-page-background-meta":{"desktop":{"background-color":"var(--ast-global-color-4)","background-image":"","background-repeat":"repeat","background-position":"center center","background-size":"auto","background-attachment":"scroll","background-type":"","background-media":"","overlay-type":"","overlay-color":"","overlay-opacity":"","overlay-gradient":""},"tablet":{"background-color":"","background-image":"","background-repeat":"repeat","background-position":"center center","background-size":"auto","background-attachment":"scroll","background-type":"","background-media":"","overlay-type":"","overlay-color":"","overlay-opacity":"","overlay-gradient":""},"mobile":{"background-color":"","background-image":"","background-repeat":"repeat","background-position":"center center","background-size":"auto","background-attachment":"scroll","background-type":"","background-media":"","overlay-type":"","overlay-color":"","overlay-opacity":"","overlay-gradient":""}},"ast-content-background-meta":{"desktop":{"background-color":"var(--ast-global-color-5)","background-image":"","background-repeat":"repeat","background-position":"center center","background-size":"auto","background-attachment":"scroll","background-type":"","background-media":"","overlay-type":"","overlay-color":"","overlay-opacity":"","overlay-gradient":""},"tablet":{"background-color":"var(--ast-global-color-5)","background-image":"","background-repeat":"repeat","background-position":"center center","background-size":"auto","background-attachment":"scroll","background-type":"","background-media":"","overlay-type":"","overlay-color":"","overlay-opacity":"","overlay-gradient":""},"mobile":{"background-color":"var(--ast-global-color-5)","background-image":"","background-repeat":"repeat","background-position":"center center","background-size":"auto","background-attachment":"scroll","background-type":"","background-media":"","overlay-type":"","overlay-color":"","overlay-opacity":"","overlay-gradient":""}}},"product_brand":[],"product_cat":[101],"product_tag":[],"class_list":{"0":"post-9429","1":"product","2":"type-product","3":"status-publish","4":"has-post-thumbnail","6":"product_cat-produit-acidulant","7":"desktop-align-center","8":"tablet-align-left","9":"mobile-align-left","11":"first","12":"instock","13":"shipping-taxable","14":"product-type-simple"},"yoast_head":"<!-- This site is optimized with the Yoast SEO plugin v26.5 - https:\/\/yoast.com\/wordpress\/plugins\/seo\/ -->\n<title>Fournisseur de Citrate de Magn\u00e9sium, Citrate de Magn\u00e9sium en Poudre | Niranbio Chemical<\/title>\n<meta name=\"description\" content=\"Notre poudre de citrate de magn\u00e9sium (r\u00e9gulateur d&#039;acidit\u00e9 E345) offre une biodisponibilit\u00e9 \u00e9lev\u00e9e, une excellente solubilit\u00e9 et est exempte d&#039;additifs artificiels.\" \/>\n<meta name=\"robots\" content=\"noindex, follow, max-snippet:-1, max-image-preview:large, max-video-preview:-1\" \/>\n<meta name=\"twitter:label1\" content=\"Dur\u00e9e de lecture estim\u00e9e\" \/>\n\t<meta name=\"twitter:data1\" content=\"3 minutes\" \/>\n<script type=\"application\/ld+json\" class=\"yoast-schema-graph\">{\"@context\":\"https:\/\/schema.org\",\"@graph\":[{\"@type\":\"WebPage\",\"@id\":\"https:\/\/theo.niranbio.com\/fr\/citrate-de-magnesium-de-qualite-alimentaire.html\",\"url\":\"https:\/\/theo.niranbio.com\/fr\/citrate-de-magnesium-de-qualite-alimentaire.html\",\"name\":\"Fournisseur de Citrate de Magn\u00e9sium, Citrate de Magn\u00e9sium en Poudre | Niranbio Chemical\",\"isPartOf\":{\"@id\":\"https:\/\/theo.niranbio.com\/fr\/#website\"},\"primaryImageOfPage\":{\"@id\":\"https:\/\/theo.niranbio.com\/fr\/citrate-de-magnesium-de-qualite-alimentaire.html#primaryimage\"},\"image\":{\"@id\":\"https:\/\/theo.niranbio.com\/fr\/citrate-de-magnesium-de-qualite-alimentaire.html#primaryimage\"},\"thumbnailUrl\":\"https:\/\/theo.niranbio.com\/wp-content\/uploads\/2024\/06\/Magnesium-Citrate-Food-Grade.webp\",\"datePublished\":\"2024-06-20T00:54:22+00:00\",\"dateModified\":\"2024-08-19T02:43:32+00:00\",\"description\":\"Notre poudre de citrate de magn\u00e9sium (r\u00e9gulateur d'acidit\u00e9 E345) offre une biodisponibilit\u00e9 \u00e9lev\u00e9e, une excellente solubilit\u00e9 et est exempte d'additifs artificiels.\",\"breadcrumb\":{\"@id\":\"https:\/\/theo.niranbio.com\/fr\/citrate-de-magnesium-de-qualite-alimentaire.html#breadcrumb\"},\"inLanguage\":\"fr-FR\",\"potentialAction\":[{\"@type\":\"ReadAction\",\"target\":[\"https:\/\/theo.niranbio.com\/fr\/citrate-de-magnesium-de-qualite-alimentaire.html\"]}]},{\"@type\":\"ImageObject\",\"inLanguage\":\"fr-FR\",\"@id\":\"https:\/\/theo.niranbio.com\/fr\/citrate-de-magnesium-de-qualite-alimentaire.html#primaryimage\",\"url\":\"https:\/\/theo.niranbio.com\/wp-content\/uploads\/2024\/06\/Magnesium-Citrate-Food-Grade.webp\",\"contentUrl\":\"https:\/\/theo.niranbio.com\/wp-content\/uploads\/2024\/06\/Magnesium-Citrate-Food-Grade.webp\",\"width\":600,\"height\":600,\"caption\":\"Citrate de magn\u00e9sium\"},{\"@type\":\"BreadcrumbList\",\"@id\":\"https:\/\/theo.niranbio.com\/fr\/citrate-de-magnesium-de-qualite-alimentaire.html#breadcrumb\",\"itemListElement\":[{\"@type\":\"ListItem\",\"position\":1,\"name\":\"Home\",\"item\":\"https:\/\/theo.niranbio.com\/fr\/\"},{\"@type\":\"ListItem\",\"position\":2,\"name\":\"Produits\",\"item\":\"https:\/\/theo.niranbio.com\/fr\/produits.html\"},{\"@type\":\"ListItem\",\"position\":3,\"name\":\"Acidulant\",\"item\":\"https:\/\/theo.niranbio.com\/fr\/produit-acidulant\/\"},{\"@type\":\"ListItem\",\"position\":4,\"name\":\"Citrate de magn\u00e9sium de qualit\u00e9 alimentaire\"}]},{\"@type\":\"WebSite\",\"@id\":\"https:\/\/theo.niranbio.com\/fr\/#website\",\"url\":\"https:\/\/theo.niranbio.com\/fr\/\",\"name\":\"Niranbio Chemical\",\"description\":\"\",\"publisher\":{\"@id\":\"https:\/\/theo.niranbio.com\/fr\/#organization\"},\"potentialAction\":[{\"@type\":\"SearchAction\",\"target\":{\"@type\":\"EntryPoint\",\"urlTemplate\":\"https:\/\/theo.niranbio.com\/fr\/?s={search_term_string}\"},\"query-input\":{\"@type\":\"PropertyValueSpecification\",\"valueRequired\":true,\"valueName\":\"search_term_string\"}}],\"inLanguage\":\"fr-FR\"},{\"@type\":\"Organization\",\"@id\":\"https:\/\/theo.niranbio.com\/fr\/#organization\",\"name\":\"Niranbio Chemical\",\"url\":\"https:\/\/theo.niranbio.com\/fr\/\",\"logo\":{\"@type\":\"ImageObject\",\"inLanguage\":\"fr-FR\",\"@id\":\"https:\/\/theo.niranbio.com\/fr\/#\/schema\/logo\/image\/\",\"url\":\"https:\/\/theo.niranbio.com\/wp-content\/uploads\/2024\/06\/Niranbio.png\",\"contentUrl\":\"https:\/\/theo.niranbio.com\/wp-content\/uploads\/2024\/06\/Niranbio.png\",\"width\":270,\"height\":100,\"caption\":\"Niranbio Chemical\"},\"image\":{\"@id\":\"https:\/\/theo.niranbio.com\/fr\/#\/schema\/logo\/image\/\"}}]}<\/script>\n<!-- \/ Yoast SEO plugin. -->","yoast_head_json":{"title":"Fournisseur de Citrate de Magn\u00e9sium, Citrate de Magn\u00e9sium en Poudre | Niranbio Chemical","description":"Notre poudre de citrate de magn\u00e9sium (r\u00e9gulateur d'acidit\u00e9 E345) offre une biodisponibilit\u00e9 \u00e9lev\u00e9e, une excellente solubilit\u00e9 et est exempte d'additifs artificiels.","robots":{"index":"noindex","follow":"follow","max-snippet":"max-snippet:-1","max-image-preview":"max-image-preview:large","max-video-preview":"max-video-preview:-1"},"twitter_misc":{"Dur\u00e9e de lecture estim\u00e9e":"3 minutes"},"schema":{"@context":"https:\/\/schema.org","@graph":[{"@type":"WebPage","@id":"https:\/\/theo.niranbio.com\/fr\/citrate-de-magnesium-de-qualite-alimentaire.html","url":"https:\/\/theo.niranbio.com\/fr\/citrate-de-magnesium-de-qualite-alimentaire.html","name":"Fournisseur de Citrate de Magn\u00e9sium, Citrate de Magn\u00e9sium en Poudre | Niranbio Chemical","isPartOf":{"@id":"https:\/\/theo.niranbio.com\/fr\/#website"},"primaryImageOfPage":{"@id":"https:\/\/theo.niranbio.com\/fr\/citrate-de-magnesium-de-qualite-alimentaire.html#primaryimage"},"image":{"@id":"https:\/\/theo.niranbio.com\/fr\/citrate-de-magnesium-de-qualite-alimentaire.html#primaryimage"},"thumbnailUrl":"https:\/\/theo.niranbio.com\/wp-content\/uploads\/2024\/06\/Magnesium-Citrate-Food-Grade.webp","datePublished":"2024-06-20T00:54:22+00:00","dateModified":"2024-08-19T02:43:32+00:00","description":"Notre poudre de citrate de magn\u00e9sium (r\u00e9gulateur d'acidit\u00e9 E345) offre une biodisponibilit\u00e9 \u00e9lev\u00e9e, une excellente solubilit\u00e9 et est exempte d'additifs artificiels.","breadcrumb":{"@id":"https:\/\/theo.niranbio.com\/fr\/citrate-de-magnesium-de-qualite-alimentaire.html#breadcrumb"},"inLanguage":"fr-FR","potentialAction":[{"@type":"ReadAction","target":["https:\/\/theo.niranbio.com\/fr\/citrate-de-magnesium-de-qualite-alimentaire.html"]}]},{"@type":"ImageObject","inLanguage":"fr-FR","@id":"https:\/\/theo.niranbio.com\/fr\/citrate-de-magnesium-de-qualite-alimentaire.html#primaryimage","url":"https:\/\/theo.niranbio.com\/wp-content\/uploads\/2024\/06\/Magnesium-Citrate-Food-Grade.webp","contentUrl":"https:\/\/theo.niranbio.com\/wp-content\/uploads\/2024\/06\/Magnesium-Citrate-Food-Grade.webp","width":600,"height":600,"caption":"Citrate de magn\u00e9sium"},{"@type":"BreadcrumbList","@id":"https:\/\/theo.niranbio.com\/fr\/citrate-de-magnesium-de-qualite-alimentaire.html#breadcrumb","itemListElement":[{"@type":"ListItem","position":1,"name":"Home","item":"https:\/\/theo.niranbio.com\/fr\/"},{"@type":"ListItem","position":2,"name":"Produits","item":"https:\/\/theo.niranbio.com\/fr\/produits.html"},{"@type":"ListItem","position":3,"name":"Acidulant","item":"https:\/\/theo.niranbio.com\/fr\/produit-acidulant\/"},{"@type":"ListItem","position":4,"name":"Citrate de magn\u00e9sium de qualit\u00e9 alimentaire"}]},{"@type":"WebSite","@id":"https:\/\/theo.niranbio.com\/fr\/#website","url":"https:\/\/theo.niranbio.com\/fr\/","name":"Niranbio Chemical","description":"","publisher":{"@id":"https:\/\/theo.niranbio.com\/fr\/#organization"},"potentialAction":[{"@type":"SearchAction","target":{"@type":"EntryPoint","urlTemplate":"https:\/\/theo.niranbio.com\/fr\/?s={search_term_string}"},"query-input":{"@type":"PropertyValueSpecification","valueRequired":true,"valueName":"search_term_string"}}],"inLanguage":"fr-FR"},{"@type":"Organization","@id":"https:\/\/theo.niranbio.com\/fr\/#organization","name":"Niranbio Chemical","url":"https:\/\/theo.niranbio.com\/fr\/","logo":{"@type":"ImageObject","inLanguage":"fr-FR","@id":"https:\/\/theo.niranbio.com\/fr\/#\/schema\/logo\/image\/","url":"https:\/\/theo.niranbio.com\/wp-content\/uploads\/2024\/06\/Niranbio.png","contentUrl":"https:\/\/theo.niranbio.com\/wp-content\/uploads\/2024\/06\/Niranbio.png","width":270,"height":100,"caption":"Niranbio Chemical"},"image":{"@id":"https:\/\/theo.niranbio.com\/fr\/#\/schema\/logo\/image\/"}}]}},"_links":{"self":[{"href":"https:\/\/theo.niranbio.com\/fr\/wp-json\/wp\/v2\/product\/9429","targetHints":{"allow":["GET"]}}],"collection":[{"href":"https:\/\/theo.niranbio.com\/fr\/wp-json\/wp\/v2\/product"}],"about":[{"href":"https:\/\/theo.niranbio.com\/fr\/wp-json\/wp\/v2\/types\/product"}],"version-history":[{"count":0,"href":"https:\/\/theo.niranbio.com\/fr\/wp-json\/wp\/v2\/product\/9429\/revisions"}],"wp:featuredmedia":[{"embeddable":true,"href":"https:\/\/theo.niranbio.com\/fr\/wp-json\/wp\/v2\/media\/9430"}],"wp:attachment":[{"href":"https:\/\/theo.niranbio.com\/fr\/wp-json\/wp\/v2\/media?parent=9429"}],"wp:term":[{"taxonomy":"product_brand","embeddable":true,"href":"https:\/\/theo.niranbio.com\/fr\/wp-json\/wp\/v2\/product_brand?post=9429"},{"taxonomy":"product_cat","embeddable":true,"href":"https:\/\/theo.niranbio.com\/fr\/wp-json\/wp\/v2\/product_cat?post=9429"},{"taxonomy":"product_tag","embeddable":true,"href":"https:\/\/theo.niranbio.com\/fr\/wp-json\/wp\/v2\/product_tag?post=9429"}],"curies":[{"name":"wp","href":"https:\/\/api.w.org\/{rel}","templated":true}]}}