{"id":9425,"date":"2024-06-19T16:59:11","date_gmt":"2024-06-19T08:59:11","guid":{"rendered":"https:\/\/theo.niranbio.com\/shmp-hexametaphosphate-de-sodium\/"},"modified":"2024-08-19T14:17:54","modified_gmt":"2024-08-19T06:17:54","slug":"shmp-hexametaphosphate-de-sodium","status":"publish","type":"product","link":"https:\/\/theo.niranbio.com\/fr\/shmp-hexametaphosphate-de-sodium.html","title":{"rendered":"SHMP\u2014Hexam\u00e9taphosphate de sodium"},"content":{"rendered":"<h2><span class=\"ez-toc-section\" id=\"Methodes_de_preparation_de_lhexametaphosphate_de_sodium\"><\/span>M\u00e9thodes de pr\u00e9paration de l&rsquo;hexam\u00e9taphosphate de sodium<span class=\"ez-toc-section-end\"><\/span><\/h2>\n<p>Les principales m\u00e9thodes de pr\u00e9paration de l&rsquo;hexam\u00e9taphosphate de sodium en Chine comprennent la polym\u00e9risation thermique et la m\u00e9thode \u00e0 l&rsquo;acide phosphorique. La m\u00e9thode de polym\u00e9risation thermique g\u00e9n\u00e8re de l&rsquo;hexam\u00e9taphosphate de sodium en m\u00e9langeant du phosphate monosodique et du phosphate disodique en proportion et en les chauffant \u00e0 300-500 \u2103 pour la r\u00e9action de polym\u00e9risation ; la m\u00e9thode \u00e0 l&rsquo;acide phosphorique g\u00e9n\u00e8re de l&rsquo;hexam\u00e9taphosphate de sodium en neutralisant l&rsquo;acide phosphorique et le carbonate de sodium pour g\u00e9n\u00e9rer un m\u00e9lange de sels de phosphate de sodium, puis en chauffant et en polym\u00e9risant pour obtenir de l&rsquo;hexam\u00e9taphosphate de sodium. \u00c0 l&rsquo;heure actuelle, la polym\u00e9risation thermique est la m\u00e9thode principale de pr\u00e9paration de l&rsquo;hexam\u00e9taphosphate de sodium en Chine. Cette m\u00e9thode pr\u00e9sente une technologie mature, une efficacit\u00e9 de production \u00e9lev\u00e9e et une puret\u00e9 de produit \u00e9lev\u00e9e.<\/p>\n<h2><span class=\"ez-toc-section\" id=\"Parametres_associes\"><\/span>Param\u00e8tres associ\u00e9s :<span class=\"ez-toc-section-end\"><\/span><\/h2>\n<table>\n<tbody>\n<tr>\n<td><strong>Articles<\/strong><\/td>\n<td><strong>Normes<\/strong><\/td>\n<\/tr>\n<tr>\n<td>Solubility<\/td>\n<td>Very soluble in water<\/td>\n<\/tr>\n<tr>\n<td>Test pour le sodium\/phosphate<\/td>\n<td>Test r\u00e9ussi<\/td>\n<\/tr>\n<tr>\n<td>PH (solution \u00e0 1 %)<\/td>\n<td>5.8-6.5<\/td>\n<\/tr>\n<tr>\n<td>Analyse (en tant que teneur en P2O5)<\/td>\n<td>68% Min<\/td>\n<\/tr>\n<tr>\n<td>Flourure (exprim\u00e9 en fluor)<\/td>\n<td>10 ppm Max<\/td>\n<\/tr>\n<tr>\n<td>Asenic<\/td>\n<td>1 ppm Max<\/td>\n<\/tr>\n<tr>\n<td>Mati\u00e8res insolubles dans l&rsquo;eau<\/td>\n<td>0,05% Max<\/td>\n<\/tr>\n<tr>\n<td>M\u00e9taux lourds (en tant que Pb)<\/td>\n<td>10 ppm Max<\/td>\n<\/tr>\n<tr>\n<td>Plomb<\/td>\n<td>1 ppm Max<\/td>\n<\/tr>\n<tr>\n<td>Mercure (Hg)<\/td>\n<td>0,2 ppm Max<\/td>\n<\/tr>\n<tr>\n<td>Cadmium (Cd)<\/td>\n<td>1 ppm Max<\/td>\n<\/tr>\n<tr>\n<td>Fe<\/td>\n<td>90 ppm Max<\/td>\n<\/tr>\n<tr>\n<td>Perte \u00e0 l&rsquo;allumage<\/td>\n<td>1% Max<\/td>\n<\/tr>\n<tr>\n<td>Densit\u00e9 en vrac<\/td>\n<td>900g\/l~1200g\/l<\/td>\n<\/tr>\n<\/tbody>\n<\/table>\n<h2><span class=\"ez-toc-section\" id=\"Dosage_recommande\"><\/span>Dosage recommand\u00e9 :<span class=\"ez-toc-section-end\"><\/span><\/h2>\n<table>\n<tbody>\n<tr>\n<td><strong>Nom de l&rsquo;aliment<\/strong><\/td>\n<td><strong>Utilisation maximale (g\/kg)<\/strong><\/td>\n<\/tr>\n<tr>\n<td>Pain<\/td>\n<td>2 g\/kg<\/td>\n<\/tr>\n<tr>\n<td>G\u00e2teau<\/td>\n<td>1,5 g\/kg<\/td>\n<\/tr>\n<tr>\n<td>Yaourt<\/td>\n<td>0,7 g\/kg<\/td>\n<\/tr>\n<tr>\n<td>Fromage<\/td>\n<td>1 g\/kg<\/td>\n<\/tr>\n<tr>\n<td>Boissons lact\u00e9es<\/td>\n<td>1 g\/kg<\/td>\n<\/tr>\n<tr>\n<td>Boissons aux fruits<\/td>\n<td>0,5 g\/kg<\/td>\n<\/tr>\n<tr>\n<td>Boissons pour sportifs<\/td>\n<td>0,7 g\/kg<\/td>\n<\/tr>\n<tr>\n<td>Aliments en conserve<\/td>\n<td>1 g\/kg<\/td>\n<\/tr>\n<tr>\n<td>Sauces et condiments<\/td>\n<td>1 g\/kg<\/td>\n<\/tr>\n<tr>\n<td>Bonbons<\/td>\n<td>1,5 g\/kg<\/td>\n<\/tr>\n<tr>\n<td>Chocolat<\/td>\n<td>1 g\/kg<\/td>\n<\/tr>\n<tr>\n<td>Produits \u00e0 base de viande (tels que saucisses, jambon)<\/td>\n<td>1,5 g\/kg<\/td>\n<\/tr>\n<tr>\n<td>Compl\u00e9ments nutritionnels<\/td>\n<td>1 g\/kg<\/td>\n<\/tr>\n<\/tbody>\n<\/table>\n<h2><span class=\"ez-toc-section\" id=\"Lhexametaphosphate_de_sodium_a_une_large_gamme_dutilisations\"><\/span>L&rsquo;hexam\u00e9taphosphate de sodium a une large gamme d&rsquo;utilisations<span class=\"ez-toc-section-end\"><\/span><\/h2>\n<h3><span class=\"ez-toc-section\" id=\"1_Ameliorer_la_couleur_la_saveur_et_larome\"><\/span>1. Am\u00e9liorer la couleur, la saveur et l&rsquo;ar\u00f4me<span class=\"ez-toc-section-end\"><\/span><\/h3>\n<p>L&rsquo;hexam\u00e9taphosphate de sodium est principalement utilis\u00e9 pour am\u00e9liorer la couleur, la saveur et l&rsquo;ar\u00f4me des aliments. Dans les aliments tels que les produits \u00e0 base de viande, les saucisses de poisson et le jambon, l&rsquo;hexam\u00e9taphosphate de sodium peut am\u00e9liorer les propri\u00e9t\u00e9s de r\u00e9tention d&rsquo;eau et de liaison du produit, contribuant ainsi \u00e0 maintenir la couleur, le go\u00fbt et la saveur des aliments.<\/p>\n<h3><span class=\"ez-toc-section\" id=\"2_Prevenir_loxydation_des_graisses\"><\/span>2. Pr\u00e9venir l\u2019oxydation des graisses<span class=\"ez-toc-section-end\"><\/span><\/h3>\n<p>L&rsquo;oxydation des graisses peut entra\u00eener la d\u00e9t\u00e9rioration des aliments, affectant leur go\u00fbt et leur dur\u00e9e de conservation. Le m\u00e9canisme d&rsquo;action de l&rsquo;hexam\u00e9taphosphate de sodium est de stabiliser les mol\u00e9cules de graisse gr\u00e2ce \u00e0 ses propri\u00e9t\u00e9s antioxydantes, prolongeant ainsi la dur\u00e9e de conservation du produit.<\/p>\n<h3><span class=\"ez-toc-section\" id=\"3_Ameliorer_la_capacite_de_retention_deau\"><\/span>3. Am\u00e9liorer la capacit\u00e9 de r\u00e9tention d&rsquo;eau<span class=\"ez-toc-section-end\"><\/span><\/h3>\n<p>L&rsquo;hexam\u00e9taphosphate de sodium est principalement utilis\u00e9 dans l&rsquo;industrie alimentaire pour am\u00e9liorer la capacit\u00e9 de r\u00e9tention d&rsquo;eau des aliments. Cette propri\u00e9t\u00e9 est particuli\u00e8rement adapt\u00e9e aux produits carn\u00e9s tels que les saucisses de poisson et le jambon, car elle permet d&rsquo;\u00e9viter la perte d&rsquo;eau et donc de conserver le go\u00fbt et la texture des aliments.<\/p>\n<h3><span class=\"ez-toc-section\" id=\"4_Stabilisateur\"><\/span>4. Stabilisateur<span class=\"ez-toc-section-end\"><\/span><\/h3>\n<p>L&rsquo;hexam\u00e9taphosphate de sodium est principalement utilis\u00e9 comme stabilisateur alimentaire. Cette substance est utilis\u00e9e dans les aliments en conserve, les jus de fruits, les produits laitiers et les produits \u00e0 base de soja pour \u00e9viter la perte d&rsquo;eau et maintenir la stabilit\u00e9 de la structure des aliments.<\/p>\n<h2><span class=\"ez-toc-section\" id=\"Question_posee_par_lutilisateur\"><\/span>Question pos\u00e9e par l&rsquo;utilisateur :<span class=\"ez-toc-section-end\"><\/span><\/h2>\n<p><strong>Question : Quel est le r\u00f4le de l\u2019hexam\u00e9taphosphate de sodium dans les d\u00e9tergents \u00e0 lessive ?<\/strong><\/p>\n<p>R\u00e9ponse : L&rsquo;hexam\u00e9taphosphate de sodium agit principalement comme adoucisseur d&rsquo;eau et dispersant dans les d\u00e9tergents \u00e0 lessive. Il emp\u00eache la formation de pr\u00e9cipit\u00e9s en ch\u00e9latant les ions calcium et magn\u00e9sium dans l&rsquo;eau, adoucit la qualit\u00e9 de l&rsquo;eau et disperse la salet\u00e9 pour emp\u00eacher sa red\u00e9position, am\u00e9liorant ainsi l&rsquo;effet de d\u00e9contamination et les performances globales du d\u00e9tergent, en particulier dans des conditions d&rsquo;eau dure.<\/p>\n<p><strong>Question : Quel est le prix du march\u00e9 de l\u2019hexam\u00e9taphosphate de sodium de qualit\u00e9 alimentaire dans le pays et \u00e0 l\u2019\u00e9tranger ?<\/strong><\/p>\n<p>R\u00e9ponse : En Chine, le prix est d&rsquo;environ 10 000 \u00e0 13 000 RMB la tonne. Cette fourchette refl\u00e8te les co\u00fbts de production nationaux et la demande de nombreuses industries. La demande est stimul\u00e9e par la croissance de la consommation d&rsquo;aliments transform\u00e9s et des applications industrielles. Sur les march\u00e9s internationaux, les prix peuvent \u00eatre plus \u00e9lev\u00e9s en raison des co\u00fbts de transport et des droits d&rsquo;importation.<\/p>\n<p>Aux \u00c9tats-Unis et en Europe, les prix varient de 1 800 \u00e0 2 400 dollars la tonne. L&rsquo;Am\u00e9rique du Nord reste un march\u00e9 important en raison de la forte pr\u00e9sence d&rsquo;industries d&rsquo;utilisation finale comme la transformation alimentaire et le traitement de l&rsquo;eau. La r\u00e9gion Asie-Pacifique conna\u00eet la croissance la plus rapide, avec des pays comme l&rsquo;Inde, la Chine et les pays d&rsquo;Asie du Sud-Est qui connaissent une demande accrue en raison de l&rsquo;augmentation des revenus disponibles et de l&rsquo;urbanisation, ce qui accro\u00eet le besoin d&rsquo;aliments et de boissons emball\u00e9s.<\/p>\n","protected":false},"excerpt":{"rendered":"<ul>\n<li>CAS: 10124-56-8<\/li>\n<li>Formule chimique: (NaPO<sub>3<\/sub>)<sub>6<\/sub><\/li>\n<li>Certifications : KOSHER, ISO, HALAL, FSSC 22000, BRC, etc.<\/li>\n<li>Norme : BP\/USP\/FCC<\/li>\n<li>Quantit\u00e9 minimum de commande : 1000 kg<\/li>\n<li>Dur\u00e9e de conservation : 2 ans<\/li>\n<\/ul>\n","protected":false},"featured_media":9426,"template":"","meta":{"site-sidebar-layout":"default","site-content-layout":"","ast-site-content-layout":"default","site-content-style":"default","site-sidebar-style":"default","ast-global-header-display":"","ast-banner-title-visibility":"","ast-main-header-display":"","ast-hfb-above-header-display":"","ast-hfb-below-header-display":"","ast-hfb-mobile-header-display":"","site-post-title":"","ast-breadcrumbs-content":"","ast-featured-img":"","footer-sml-layout":"","theme-transparent-header-meta":"default","adv-header-id-meta":"","stick-header-meta":"","header-above-stick-meta":"","header-main-stick-meta":"","header-below-stick-meta":"","astra-migrate-meta-layouts":"set","ast-page-background-enabled":"default","ast-page-background-meta":{"desktop":{"background-color":"var(--ast-global-color-4)","background-image":"","background-repeat":"repeat","background-position":"center center","background-size":"auto","background-attachment":"scroll","background-type":"","background-media":"","overlay-type":"","overlay-color":"","overlay-opacity":"","overlay-gradient":""},"tablet":{"background-color":"","background-image":"","background-repeat":"repeat","background-position":"center center","background-size":"auto","background-attachment":"scroll","background-type":"","background-media":"","overlay-type":"","overlay-color":"","overlay-opacity":"","overlay-gradient":""},"mobile":{"background-color":"","background-image":"","background-repeat":"repeat","background-position":"center center","background-size":"auto","background-attachment":"scroll","background-type":"","background-media":"","overlay-type":"","overlay-color":"","overlay-opacity":"","overlay-gradient":""}},"ast-content-background-meta":{"desktop":{"background-color":"var(--ast-global-color-5)","background-image":"","background-repeat":"repeat","background-position":"center center","background-size":"auto","background-attachment":"scroll","background-type":"","background-media":"","overlay-type":"","overlay-color":"","overlay-opacity":"","overlay-gradient":""},"tablet":{"background-color":"var(--ast-global-color-5)","background-image":"","background-repeat":"repeat","background-position":"center center","background-size":"auto","background-attachment":"scroll","background-type":"","background-media":"","overlay-type":"","overlay-color":"","overlay-opacity":"","overlay-gradient":""},"mobile":{"background-color":"var(--ast-global-color-5)","background-image":"","background-repeat":"repeat","background-position":"center center","background-size":"auto","background-attachment":"scroll","background-type":"","background-media":"","overlay-type":"","overlay-color":"","overlay-opacity":"","overlay-gradient":""}}},"product_brand":[],"product_cat":[108],"product_tag":[],"class_list":{"0":"post-9425","1":"product","2":"type-product","3":"status-publish","4":"has-post-thumbnail","6":"product_cat-produit-phosphate","7":"desktop-align-center","8":"tablet-align-left","9":"mobile-align-left","11":"first","12":"instock","13":"shipping-taxable","14":"product-type-simple"},"yoast_head":"<!-- This site is optimized with the Yoast SEO plugin v26.5 - https:\/\/yoast.com\/wordpress\/plugins\/seo\/ -->\n<title>Fabricant D&#039;hexam\u00e9taphosphate de Sodium, Prix D&#039;usine de Poudre E452i | Niranbio Chemical<\/title>\n<meta name=\"description\" content=\"Nous fournissons de la poudre fine d&#039;hexam\u00e9taphosphate de sodium E452i (SHMP) de haute qualit\u00e9 et de qualit\u00e9 alimentaire, conforme aux normes strictes de s\u00e9curit\u00e9 alimentaire.\" \/>\n<meta name=\"robots\" content=\"noindex, follow, max-snippet:-1, max-image-preview:large, max-video-preview:-1\" \/>\n<meta name=\"twitter:label1\" content=\"Dur\u00e9e de lecture estim\u00e9e\" \/>\n\t<meta name=\"twitter:data1\" content=\"4 minutes\" \/>\n<script type=\"application\/ld+json\" class=\"yoast-schema-graph\">{\"@context\":\"https:\/\/schema.org\",\"@graph\":[{\"@type\":\"WebPage\",\"@id\":\"https:\/\/theo.niranbio.com\/fr\/shmp-hexametaphosphate-de-sodium.html\",\"url\":\"https:\/\/theo.niranbio.com\/fr\/shmp-hexametaphosphate-de-sodium.html\",\"name\":\"Fabricant D'hexam\u00e9taphosphate de Sodium, Prix D'usine de Poudre E452i | Niranbio Chemical\",\"isPartOf\":{\"@id\":\"https:\/\/theo.niranbio.com\/fr\/#website\"},\"primaryImageOfPage\":{\"@id\":\"https:\/\/theo.niranbio.com\/fr\/shmp-hexametaphosphate-de-sodium.html#primaryimage\"},\"image\":{\"@id\":\"https:\/\/theo.niranbio.com\/fr\/shmp-hexametaphosphate-de-sodium.html#primaryimage\"},\"thumbnailUrl\":\"https:\/\/theo.niranbio.com\/wp-content\/uploads\/2024\/06\/Sodium-Hexametaphosphate.webp\",\"datePublished\":\"2024-06-19T08:59:11+00:00\",\"dateModified\":\"2024-08-19T06:17:54+00:00\",\"description\":\"Nous fournissons de la poudre fine d'hexam\u00e9taphosphate de sodium E452i (SHMP) de haute qualit\u00e9 et de qualit\u00e9 alimentaire, conforme aux normes strictes de s\u00e9curit\u00e9 alimentaire.\",\"breadcrumb\":{\"@id\":\"https:\/\/theo.niranbio.com\/fr\/shmp-hexametaphosphate-de-sodium.html#breadcrumb\"},\"inLanguage\":\"fr-FR\",\"potentialAction\":[{\"@type\":\"ReadAction\",\"target\":[\"https:\/\/theo.niranbio.com\/fr\/shmp-hexametaphosphate-de-sodium.html\"]}]},{\"@type\":\"ImageObject\",\"inLanguage\":\"fr-FR\",\"@id\":\"https:\/\/theo.niranbio.com\/fr\/shmp-hexametaphosphate-de-sodium.html#primaryimage\",\"url\":\"https:\/\/theo.niranbio.com\/wp-content\/uploads\/2024\/06\/Sodium-Hexametaphosphate.webp\",\"contentUrl\":\"https:\/\/theo.niranbio.com\/wp-content\/uploads\/2024\/06\/Sodium-Hexametaphosphate.webp\",\"width\":600,\"height\":600,\"caption\":\"Hexam\u00e9taphosphate de sodium (SHMP)\"},{\"@type\":\"BreadcrumbList\",\"@id\":\"https:\/\/theo.niranbio.com\/fr\/shmp-hexametaphosphate-de-sodium.html#breadcrumb\",\"itemListElement\":[{\"@type\":\"ListItem\",\"position\":1,\"name\":\"Home\",\"item\":\"https:\/\/theo.niranbio.com\/fr\/\"},{\"@type\":\"ListItem\",\"position\":2,\"name\":\"Produits\",\"item\":\"https:\/\/theo.niranbio.com\/fr\/produits.html\"},{\"@type\":\"ListItem\",\"position\":3,\"name\":\"Phosphat\u00e9\",\"item\":\"https:\/\/theo.niranbio.com\/fr\/produit-phosphate\/\"},{\"@type\":\"ListItem\",\"position\":4,\"name\":\"SHMP\u2014Hexam\u00e9taphosphate de sodium\"}]},{\"@type\":\"WebSite\",\"@id\":\"https:\/\/theo.niranbio.com\/fr\/#website\",\"url\":\"https:\/\/theo.niranbio.com\/fr\/\",\"name\":\"Niranbio Chemical\",\"description\":\"\",\"publisher\":{\"@id\":\"https:\/\/theo.niranbio.com\/fr\/#organization\"},\"potentialAction\":[{\"@type\":\"SearchAction\",\"target\":{\"@type\":\"EntryPoint\",\"urlTemplate\":\"https:\/\/theo.niranbio.com\/fr\/?s={search_term_string}\"},\"query-input\":{\"@type\":\"PropertyValueSpecification\",\"valueRequired\":true,\"valueName\":\"search_term_string\"}}],\"inLanguage\":\"fr-FR\"},{\"@type\":\"Organization\",\"@id\":\"https:\/\/theo.niranbio.com\/fr\/#organization\",\"name\":\"Niranbio Chemical\",\"url\":\"https:\/\/theo.niranbio.com\/fr\/\",\"logo\":{\"@type\":\"ImageObject\",\"inLanguage\":\"fr-FR\",\"@id\":\"https:\/\/theo.niranbio.com\/fr\/#\/schema\/logo\/image\/\",\"url\":\"https:\/\/theo.niranbio.com\/wp-content\/uploads\/2024\/06\/Niranbio.png\",\"contentUrl\":\"https:\/\/theo.niranbio.com\/wp-content\/uploads\/2024\/06\/Niranbio.png\",\"width\":270,\"height\":100,\"caption\":\"Niranbio Chemical\"},\"image\":{\"@id\":\"https:\/\/theo.niranbio.com\/fr\/#\/schema\/logo\/image\/\"}}]}<\/script>\n<!-- \/ Yoast SEO plugin. -->","yoast_head_json":{"title":"Fabricant D'hexam\u00e9taphosphate de Sodium, Prix D'usine de Poudre E452i | Niranbio Chemical","description":"Nous fournissons de la poudre fine d'hexam\u00e9taphosphate de sodium E452i (SHMP) de haute qualit\u00e9 et de qualit\u00e9 alimentaire, conforme aux normes strictes de s\u00e9curit\u00e9 alimentaire.","robots":{"index":"noindex","follow":"follow","max-snippet":"max-snippet:-1","max-image-preview":"max-image-preview:large","max-video-preview":"max-video-preview:-1"},"twitter_misc":{"Dur\u00e9e de lecture estim\u00e9e":"4 minutes"},"schema":{"@context":"https:\/\/schema.org","@graph":[{"@type":"WebPage","@id":"https:\/\/theo.niranbio.com\/fr\/shmp-hexametaphosphate-de-sodium.html","url":"https:\/\/theo.niranbio.com\/fr\/shmp-hexametaphosphate-de-sodium.html","name":"Fabricant D'hexam\u00e9taphosphate de Sodium, Prix D'usine de Poudre E452i | Niranbio Chemical","isPartOf":{"@id":"https:\/\/theo.niranbio.com\/fr\/#website"},"primaryImageOfPage":{"@id":"https:\/\/theo.niranbio.com\/fr\/shmp-hexametaphosphate-de-sodium.html#primaryimage"},"image":{"@id":"https:\/\/theo.niranbio.com\/fr\/shmp-hexametaphosphate-de-sodium.html#primaryimage"},"thumbnailUrl":"https:\/\/theo.niranbio.com\/wp-content\/uploads\/2024\/06\/Sodium-Hexametaphosphate.webp","datePublished":"2024-06-19T08:59:11+00:00","dateModified":"2024-08-19T06:17:54+00:00","description":"Nous fournissons de la poudre fine d'hexam\u00e9taphosphate de sodium E452i (SHMP) de haute qualit\u00e9 et de qualit\u00e9 alimentaire, conforme aux normes strictes de s\u00e9curit\u00e9 alimentaire.","breadcrumb":{"@id":"https:\/\/theo.niranbio.com\/fr\/shmp-hexametaphosphate-de-sodium.html#breadcrumb"},"inLanguage":"fr-FR","potentialAction":[{"@type":"ReadAction","target":["https:\/\/theo.niranbio.com\/fr\/shmp-hexametaphosphate-de-sodium.html"]}]},{"@type":"ImageObject","inLanguage":"fr-FR","@id":"https:\/\/theo.niranbio.com\/fr\/shmp-hexametaphosphate-de-sodium.html#primaryimage","url":"https:\/\/theo.niranbio.com\/wp-content\/uploads\/2024\/06\/Sodium-Hexametaphosphate.webp","contentUrl":"https:\/\/theo.niranbio.com\/wp-content\/uploads\/2024\/06\/Sodium-Hexametaphosphate.webp","width":600,"height":600,"caption":"Hexam\u00e9taphosphate de sodium (SHMP)"},{"@type":"BreadcrumbList","@id":"https:\/\/theo.niranbio.com\/fr\/shmp-hexametaphosphate-de-sodium.html#breadcrumb","itemListElement":[{"@type":"ListItem","position":1,"name":"Home","item":"https:\/\/theo.niranbio.com\/fr\/"},{"@type":"ListItem","position":2,"name":"Produits","item":"https:\/\/theo.niranbio.com\/fr\/produits.html"},{"@type":"ListItem","position":3,"name":"Phosphat\u00e9","item":"https:\/\/theo.niranbio.com\/fr\/produit-phosphate\/"},{"@type":"ListItem","position":4,"name":"SHMP\u2014Hexam\u00e9taphosphate de sodium"}]},{"@type":"WebSite","@id":"https:\/\/theo.niranbio.com\/fr\/#website","url":"https:\/\/theo.niranbio.com\/fr\/","name":"Niranbio Chemical","description":"","publisher":{"@id":"https:\/\/theo.niranbio.com\/fr\/#organization"},"potentialAction":[{"@type":"SearchAction","target":{"@type":"EntryPoint","urlTemplate":"https:\/\/theo.niranbio.com\/fr\/?s={search_term_string}"},"query-input":{"@type":"PropertyValueSpecification","valueRequired":true,"valueName":"search_term_string"}}],"inLanguage":"fr-FR"},{"@type":"Organization","@id":"https:\/\/theo.niranbio.com\/fr\/#organization","name":"Niranbio Chemical","url":"https:\/\/theo.niranbio.com\/fr\/","logo":{"@type":"ImageObject","inLanguage":"fr-FR","@id":"https:\/\/theo.niranbio.com\/fr\/#\/schema\/logo\/image\/","url":"https:\/\/theo.niranbio.com\/wp-content\/uploads\/2024\/06\/Niranbio.png","contentUrl":"https:\/\/theo.niranbio.com\/wp-content\/uploads\/2024\/06\/Niranbio.png","width":270,"height":100,"caption":"Niranbio Chemical"},"image":{"@id":"https:\/\/theo.niranbio.com\/fr\/#\/schema\/logo\/image\/"}}]}},"_links":{"self":[{"href":"https:\/\/theo.niranbio.com\/fr\/wp-json\/wp\/v2\/product\/9425","targetHints":{"allow":["GET"]}}],"collection":[{"href":"https:\/\/theo.niranbio.com\/fr\/wp-json\/wp\/v2\/product"}],"about":[{"href":"https:\/\/theo.niranbio.com\/fr\/wp-json\/wp\/v2\/types\/product"}],"version-history":[{"count":0,"href":"https:\/\/theo.niranbio.com\/fr\/wp-json\/wp\/v2\/product\/9425\/revisions"}],"wp:featuredmedia":[{"embeddable":true,"href":"https:\/\/theo.niranbio.com\/fr\/wp-json\/wp\/v2\/media\/9426"}],"wp:attachment":[{"href":"https:\/\/theo.niranbio.com\/fr\/wp-json\/wp\/v2\/media?parent=9425"}],"wp:term":[{"taxonomy":"product_brand","embeddable":true,"href":"https:\/\/theo.niranbio.com\/fr\/wp-json\/wp\/v2\/product_brand?post=9425"},{"taxonomy":"product_cat","embeddable":true,"href":"https:\/\/theo.niranbio.com\/fr\/wp-json\/wp\/v2\/product_cat?post=9425"},{"taxonomy":"product_tag","embeddable":true,"href":"https:\/\/theo.niranbio.com\/fr\/wp-json\/wp\/v2\/product_tag?post=9425"}],"curies":[{"name":"wp","href":"https:\/\/api.w.org\/{rel}","templated":true}]}}