{"id":9422,"date":"2024-06-20T08:56:57","date_gmt":"2024-06-20T00:56:57","guid":{"rendered":"https:\/\/theo.niranbio.com\/citrate-tricalcique-tetrahydrate\/"},"modified":"2024-08-19T10:33:29","modified_gmt":"2024-08-19T02:33:29","slug":"citrate-tricalcique-tetrahydrate","status":"publish","type":"product","link":"https:\/\/theo.niranbio.com\/fr\/citrate-tricalcique-tetrahydrate.html","title":{"rendered":"Citrate de calcium de qualit\u00e9 alimentaire"},"content":{"rendered":"<h2><span class=\"ez-toc-section\" id=\"Quest-ce_que_le_citrate_de_calcium\"><\/span>Qu&rsquo;est-ce que le citrate de calcium ?<span class=\"ez-toc-section-end\"><\/span><\/h2>\n<p>Le citrate de calcium, \u00e9galement connu sous le nom de citrate tricalcique t\u00e9trahydrat\u00e9, est un citrate pr\u00e9sentant une bonne biocompatibilit\u00e9. Il se pr\u00e9sente sous forme de cristaux ou de poudre blancs, n&rsquo;a pas d&rsquo;odeur irritante et est l\u00e9g\u00e8rement soluble dans l&rsquo;eau. En tant qu&rsquo;additif alimentaire courant, il est largement utilis\u00e9 dans la vie quotidienne. L&rsquo;eau cristalline perd progressivement de l&rsquo;eau lorsqu&rsquo;elle est chauff\u00e9e \u00e0 100 \u00b0C et perd compl\u00e8tement de l&rsquo;eau \u00e0 120 \u00b0C.<\/p>\n<p>Le citrate de calcium est fabriqu\u00e9 en neutralisant la solution d&rsquo;acide citrique avec du lait de chaux, en filtrant, en lavant et en s\u00e9chant pour obtenir le produit fini. Les coquilles d&rsquo;\u0153ufs peuvent \u00e9galement \u00eatre utilis\u00e9es comme mati\u00e8res premi\u00e8res, qui sont lav\u00e9es, broy\u00e9es et calcin\u00e9es pour fabriquer du lait de chaux, puis neutralis\u00e9es avec une solution d&rsquo;acide citrique, puis filtr\u00e9es, lav\u00e9es et s\u00e9ch\u00e9es pour obtenir le produit fini.<\/p>\n<h2><span class=\"ez-toc-section\" id=\"Parametres_associes\"><\/span>Param\u00e8tres associ\u00e9s :<span class=\"ez-toc-section-end\"><\/span><\/h2>\n<table>\n<tbody>\n<tr>\n<td>Article<\/td>\n<td>Standard<\/td>\n<\/tr>\n<tr>\n<td>Teneur en (Ca3(C6H5O7), sur la base de la mati\u00e8re s\u00e8che), w\/%<\/td>\n<td>98.0-100.5<\/td>\n<\/tr>\n<tr>\n<td>Pb ,mg\/kg \u2264<\/td>\n<td>2<\/td>\n<\/tr>\n<tr>\n<td>As ,w\/% \u2264<\/td>\n<td>0.0003<\/td>\n<\/tr>\n<tr>\n<td>Fluorure ,w\/% \u2264<\/td>\n<td>0.003<\/td>\n<\/tr>\n<tr>\n<td>M\u00e9taux lourds ,w\/% \u2264<\/td>\n<td>0.002<\/td>\n<\/tr>\n<tr>\n<td>Boue \u00e0 l&rsquo;acide chlorhydrique,w\/% \u2264<\/td>\n<td>0.2<\/td>\n<\/tr>\n<tr>\n<td>Perte \u00e0 la dessiccation, w\/% \u2264<\/td>\n<td>10.0-13.3<\/td>\n<\/tr>\n<tr>\n<td>Test de clart\u00e9<\/td>\n<td>Test r\u00e9ussi<\/td>\n<\/tr>\n<\/tbody>\n<\/table>\n<h2><span class=\"ez-toc-section\" id=\"Dosage_recommande\"><\/span>Dosage recommand\u00e9 :<span class=\"ez-toc-section-end\"><\/span><\/h2>\n<table>\n<tbody>\n<tr>\n<td>Nom de l&rsquo;aliment<\/td>\n<td>Utilisation maximale (g\/kg)<\/td>\n<\/tr>\n<tr>\n<td>Jus et boissons<\/td>\n<td>2-5g\/kg<\/td>\n<\/tr>\n<tr>\n<td>Gel\u00e9e et confiture<\/td>\n<td>3-6g\/kg<\/td>\n<\/tr>\n<tr>\n<td>Yaourt et produits laitiers ferment\u00e9s<\/td>\n<td>1-2g\/kg<\/td>\n<\/tr>\n<tr>\n<td>Fromage et lait en poudre<\/td>\n<td>1-3g\/kg<\/td>\n<\/tr>\n<tr>\n<td>Pain et produits de boulangerie<\/td>\n<td>1-3g\/kg<\/td>\n<\/tr>\n<tr>\n<td>G\u00e2teaux et biscuits<\/td>\n<td>1-4g\/kg<\/td>\n<\/tr>\n<\/tbody>\n<\/table>\n<p>Le citrate tricalcique est utilis\u00e9 comme une sorte d&rsquo;am\u00e9liorant nutritionnel dans les produits alimentaires et comme suppl\u00e9ment de calcium dans les m\u00e9dicaments.<\/p>\n<h2><span class=\"ez-toc-section\" id=\"Le_citrate_de_calcium_a_une_large_gamme_dutilisations\"><\/span>Le citrate de calcium a une large gamme d&rsquo;utilisations<span class=\"ez-toc-section-end\"><\/span><\/h2>\n<h3><span class=\"ez-toc-section\" id=\"1_Complement_nutritionnel\"><\/span>1. Compl\u00e9ment nutritionnel<span class=\"ez-toc-section-end\"><\/span><\/h3>\n<p>Il est riche en calcium et en vitamine C, qui peuvent fournir au corps les nutriments n\u00e9cessaires pour maintenir le fonctionnement normal du corps.<\/p>\n<h3><span class=\"ez-toc-section\" id=\"2_Soulager_les_crampes_musculaires\"><\/span>2. Soulager les crampes musculaires<span class=\"ez-toc-section-end\"><\/span><\/h3>\n<p>Une carence en calcium peut provoquer des crampes musculaires. Les comprim\u00e9s de citrate de calcium peuvent aider \u00e0 soulager ce sympt\u00f4me et conviennent aux patients souffrant de crampes aux mains et aux pieds.<\/p>\n<h3><span class=\"ez-toc-section\" id=\"3_Soutenir_la_sante_dentaire\"><\/span>3. Soutenir la sant\u00e9 dentaire<span class=\"ez-toc-section-end\"><\/span><\/h3>\n<p>Un apport suffisant en calcium aide \u00e0 maintenir la force et la sant\u00e9 des dents et pr\u00e9vient des probl\u00e8mes tels que la carie et les maladies parodontales.<\/p>\n<h3><span class=\"ez-toc-section\" id=\"4_Preserver_la_sante_des_os\"><\/span>4. Pr\u00e9server la sant\u00e9 des os<span class=\"ez-toc-section-end\"><\/span><\/h3>\n<p>Le citrate de calcium aide \u00e0 maintenir la structure et la fonction normales des os et pr\u00e9vient l\u2019ost\u00e9oporose et les fractures.<\/p>\n<h3><span class=\"ez-toc-section\" id=\"5_Ameliorer_la_fonction_digestive\"><\/span>5. Am\u00e9liorer la fonction digestive<span class=\"ez-toc-section-end\"><\/span><\/h3>\n<p>Le citrate de calcium aide \u00e0 am\u00e9liorer la fonction digestive et convient aux personnes souffrant d\u2019indigestion.<\/p>\n<h2><span class=\"ez-toc-section\" id=\"Question_posee_par_lutilisateur\"><\/span>Question pos\u00e9e par l&rsquo;utilisateur :<span class=\"ez-toc-section-end\"><\/span><\/h2>\n<p><strong>Question : Le citrate de calcium et le carbonate de calcium sont-ils la m\u00eame substance ? Si ce n&rsquo;est pas le cas, quelle est la diff\u00e9rence ?<\/strong><\/p>\n<p>R\u00e9ponse : 1. Teneur en calcium : le citrate de calcium contient moins de calcium et doit \u00eatre pris en grande quantit\u00e9 pour atteindre l&rsquo;objectif de la suppl\u00e9mentation en calcium ; le carbonate de calcium contient plus de calcium et peut atteindre l&rsquo;objectif de la suppl\u00e9mentation en calcium en prenant une quantit\u00e9 appropri\u00e9e.<\/p>\n<p>2. Absorption : le citrate de calcium peut \u00eatre dissous dans l&rsquo;eau et est facile \u00e0 absorber par l&rsquo;estomac et les intestins ; le carbonate de calcium a une faible solubilit\u00e9 dans l&rsquo;eau et est difficile \u00e0 absorber par l&rsquo;estomac et les intestins.<\/p>\n<p>3. Population applicable : le carbonate de calcium contenant plus de calcium, il convient aux personnes souffrant d&rsquo;une carence s\u00e9v\u00e8re en calcium et d&rsquo;ost\u00e9oporose ; le citrate de calcium convient aux enfants, aux femmes enceintes et \u00e0 d&rsquo;autres personnes, ainsi qu&rsquo;aux personnes souffrant de maladies gastro-intestinales.<\/p>\n<p>4. Effets secondaires : le citrate de calcium \u00e9tant plus facile \u00e0 absorber, il n&rsquo;irrite pas l&rsquo;estomac et les intestins ; le carbonate de calcium est plus difficile \u00e0 absorber et n\u00e9cessite beaucoup d&rsquo;acide gastrique pour se d\u00e9composer, ce qui peut provoquer une distension abdominale et une indigestion.<\/p>\n<p><strong>Question : Quels aliments peuvent entraver l\u2019absorption du calcium ?<\/strong><\/p>\n<p>R\u00e9ponse : Les aliments qui affectent l&rsquo;absorption du calcium varient d&rsquo;une personne \u00e0 l&rsquo;autre et d\u00e9pendent g\u00e9n\u00e9ralement de la consommation d&rsquo;aliments riches en oxalate, en gras, en acide tannique, en phosphates et de boissons contenant de la caf\u00e9ine. Il convient de noter que ces aliments peuvent affecter l&rsquo;absorption du calcium par l&rsquo;organisme, mais ils n&rsquo;ont fondamentalement aucun effet th\u00e9rapeutique.<\/p>\n","protected":false},"excerpt":{"rendered":"<ul>\n<li>CAS : 5785-44-4<\/li>\n<li>Formule chimique : <sub>C12H18Ca3O18<\/sub><\/li>\n<li>Certifications : KOSHER, ISO, HALAL, FSSC 22000, BRC, etc.<\/li>\n<li>Norme : BP\/USP\/EP\/FCC\/E333<\/li>\n<li>Quantit\u00e9 minimum de commande : 1000 kg<\/li>\n<li>Dur\u00e9e de conservation : 3 ans<\/li>\n<\/ul>\n","protected":false},"featured_media":9423,"template":"","meta":{"site-sidebar-layout":"default","site-content-layout":"","ast-site-content-layout":"default","site-content-style":"default","site-sidebar-style":"default","ast-global-header-display":"","ast-banner-title-visibility":"","ast-main-header-display":"","ast-hfb-above-header-display":"","ast-hfb-below-header-display":"","ast-hfb-mobile-header-display":"","site-post-title":"","ast-breadcrumbs-content":"","ast-featured-img":"","footer-sml-layout":"","theme-transparent-header-meta":"default","adv-header-id-meta":"","stick-header-meta":"","header-above-stick-meta":"","header-main-stick-meta":"","header-below-stick-meta":"","astra-migrate-meta-layouts":"set","ast-page-background-enabled":"default","ast-page-background-meta":{"desktop":{"background-color":"var(--ast-global-color-4)","background-image":"","background-repeat":"repeat","background-position":"center center","background-size":"auto","background-attachment":"scroll","background-type":"","background-media":"","overlay-type":"","overlay-color":"","overlay-opacity":"","overlay-gradient":""},"tablet":{"background-color":"","background-image":"","background-repeat":"repeat","background-position":"center center","background-size":"auto","background-attachment":"scroll","background-type":"","background-media":"","overlay-type":"","overlay-color":"","overlay-opacity":"","overlay-gradient":""},"mobile":{"background-color":"","background-image":"","background-repeat":"repeat","background-position":"center center","background-size":"auto","background-attachment":"scroll","background-type":"","background-media":"","overlay-type":"","overlay-color":"","overlay-opacity":"","overlay-gradient":""}},"ast-content-background-meta":{"desktop":{"background-color":"var(--ast-global-color-5)","background-image":"","background-repeat":"repeat","background-position":"center center","background-size":"auto","background-attachment":"scroll","background-type":"","background-media":"","overlay-type":"","overlay-color":"","overlay-opacity":"","overlay-gradient":""},"tablet":{"background-color":"var(--ast-global-color-5)","background-image":"","background-repeat":"repeat","background-position":"center center","background-size":"auto","background-attachment":"scroll","background-type":"","background-media":"","overlay-type":"","overlay-color":"","overlay-opacity":"","overlay-gradient":""},"mobile":{"background-color":"var(--ast-global-color-5)","background-image":"","background-repeat":"repeat","background-position":"center center","background-size":"auto","background-attachment":"scroll","background-type":"","background-media":"","overlay-type":"","overlay-color":"","overlay-opacity":"","overlay-gradient":""}}},"product_brand":[],"product_cat":[101],"product_tag":[],"class_list":{"0":"post-9422","1":"product","2":"type-product","3":"status-publish","4":"has-post-thumbnail","6":"product_cat-produit-acidulant","7":"desktop-align-center","8":"tablet-align-left","9":"mobile-align-left","11":"first","12":"instock","13":"shipping-taxable","14":"product-type-simple"},"yoast_head":"<!-- This site is optimized with the Yoast SEO plugin v26.5 - https:\/\/yoast.com\/wordpress\/plugins\/seo\/ -->\n<title>Fournisseur de citrate tricalcique t\u00e9trahydrat\u00e9, r\u00e9gulateur d&#039;acidit\u00e9 E333 | Niranbio Chemical<\/title>\n<meta name=\"description\" content=\"Le citrate tricalcique t\u00e9trahydrat\u00e9 (r\u00e9gulateur d&#039;acidit\u00e9 E333) offre une excellente biodisponibilit\u00e9, une teneur \u00e9lev\u00e9e en calcium et une faible solubilit\u00e9, il est stable, non toxique et a un go\u00fbt neutre.\" \/>\n<meta name=\"robots\" content=\"noindex, follow, max-snippet:-1, max-image-preview:large, max-video-preview:-1\" \/>\n<meta name=\"twitter:label1\" content=\"Dur\u00e9e de lecture estim\u00e9e\" \/>\n\t<meta name=\"twitter:data1\" content=\"4 minutes\" \/>\n<script type=\"application\/ld+json\" class=\"yoast-schema-graph\">{\"@context\":\"https:\/\/schema.org\",\"@graph\":[{\"@type\":\"WebPage\",\"@id\":\"https:\/\/theo.niranbio.com\/fr\/citrate-tricalcique-tetrahydrate.html\",\"url\":\"https:\/\/theo.niranbio.com\/fr\/citrate-tricalcique-tetrahydrate.html\",\"name\":\"Fournisseur de citrate tricalcique t\u00e9trahydrat\u00e9, r\u00e9gulateur d'acidit\u00e9 E333 | Niranbio Chemical\",\"isPartOf\":{\"@id\":\"https:\/\/theo.niranbio.com\/fr\/#website\"},\"primaryImageOfPage\":{\"@id\":\"https:\/\/theo.niranbio.com\/fr\/citrate-tricalcique-tetrahydrate.html#primaryimage\"},\"image\":{\"@id\":\"https:\/\/theo.niranbio.com\/fr\/citrate-tricalcique-tetrahydrate.html#primaryimage\"},\"thumbnailUrl\":\"https:\/\/theo.niranbio.com\/wp-content\/uploads\/2024\/06\/Calcium-Citrate-Food-Grad.webp\",\"datePublished\":\"2024-06-20T00:56:57+00:00\",\"dateModified\":\"2024-08-19T02:33:29+00:00\",\"description\":\"Le citrate tricalcique t\u00e9trahydrat\u00e9 (r\u00e9gulateur d'acidit\u00e9 E333) offre une excellente biodisponibilit\u00e9, une teneur \u00e9lev\u00e9e en calcium et une faible solubilit\u00e9, il est stable, non toxique et a un go\u00fbt neutre.\",\"breadcrumb\":{\"@id\":\"https:\/\/theo.niranbio.com\/fr\/citrate-tricalcique-tetrahydrate.html#breadcrumb\"},\"inLanguage\":\"fr-FR\",\"potentialAction\":[{\"@type\":\"ReadAction\",\"target\":[\"https:\/\/theo.niranbio.com\/fr\/citrate-tricalcique-tetrahydrate.html\"]}]},{\"@type\":\"ImageObject\",\"inLanguage\":\"fr-FR\",\"@id\":\"https:\/\/theo.niranbio.com\/fr\/citrate-tricalcique-tetrahydrate.html#primaryimage\",\"url\":\"https:\/\/theo.niranbio.com\/wp-content\/uploads\/2024\/06\/Calcium-Citrate-Food-Grad.webp\",\"contentUrl\":\"https:\/\/theo.niranbio.com\/wp-content\/uploads\/2024\/06\/Calcium-Citrate-Food-Grad.webp\",\"width\":600,\"height\":600,\"caption\":\"Citrate de calcium\"},{\"@type\":\"BreadcrumbList\",\"@id\":\"https:\/\/theo.niranbio.com\/fr\/citrate-tricalcique-tetrahydrate.html#breadcrumb\",\"itemListElement\":[{\"@type\":\"ListItem\",\"position\":1,\"name\":\"Home\",\"item\":\"https:\/\/theo.niranbio.com\/fr\/\"},{\"@type\":\"ListItem\",\"position\":2,\"name\":\"Produits\",\"item\":\"https:\/\/theo.niranbio.com\/fr\/produits.html\"},{\"@type\":\"ListItem\",\"position\":3,\"name\":\"Acidulant\",\"item\":\"https:\/\/theo.niranbio.com\/fr\/produit-acidulant\/\"},{\"@type\":\"ListItem\",\"position\":4,\"name\":\"Citrate de calcium de qualit\u00e9 alimentaire\"}]},{\"@type\":\"WebSite\",\"@id\":\"https:\/\/theo.niranbio.com\/fr\/#website\",\"url\":\"https:\/\/theo.niranbio.com\/fr\/\",\"name\":\"Niranbio Chemical\",\"description\":\"\",\"publisher\":{\"@id\":\"https:\/\/theo.niranbio.com\/fr\/#organization\"},\"potentialAction\":[{\"@type\":\"SearchAction\",\"target\":{\"@type\":\"EntryPoint\",\"urlTemplate\":\"https:\/\/theo.niranbio.com\/fr\/?s={search_term_string}\"},\"query-input\":{\"@type\":\"PropertyValueSpecification\",\"valueRequired\":true,\"valueName\":\"search_term_string\"}}],\"inLanguage\":\"fr-FR\"},{\"@type\":\"Organization\",\"@id\":\"https:\/\/theo.niranbio.com\/fr\/#organization\",\"name\":\"Niranbio Chemical\",\"url\":\"https:\/\/theo.niranbio.com\/fr\/\",\"logo\":{\"@type\":\"ImageObject\",\"inLanguage\":\"fr-FR\",\"@id\":\"https:\/\/theo.niranbio.com\/fr\/#\/schema\/logo\/image\/\",\"url\":\"https:\/\/theo.niranbio.com\/wp-content\/uploads\/2024\/06\/Niranbio.png\",\"contentUrl\":\"https:\/\/theo.niranbio.com\/wp-content\/uploads\/2024\/06\/Niranbio.png\",\"width\":270,\"height\":100,\"caption\":\"Niranbio Chemical\"},\"image\":{\"@id\":\"https:\/\/theo.niranbio.com\/fr\/#\/schema\/logo\/image\/\"}}]}<\/script>\n<!-- \/ Yoast SEO plugin. -->","yoast_head_json":{"title":"Fournisseur de citrate tricalcique t\u00e9trahydrat\u00e9, r\u00e9gulateur d'acidit\u00e9 E333 | Niranbio Chemical","description":"Le citrate tricalcique t\u00e9trahydrat\u00e9 (r\u00e9gulateur d'acidit\u00e9 E333) offre une excellente biodisponibilit\u00e9, une teneur \u00e9lev\u00e9e en calcium et une faible solubilit\u00e9, il est stable, non toxique et a un go\u00fbt neutre.","robots":{"index":"noindex","follow":"follow","max-snippet":"max-snippet:-1","max-image-preview":"max-image-preview:large","max-video-preview":"max-video-preview:-1"},"twitter_misc":{"Dur\u00e9e de lecture estim\u00e9e":"4 minutes"},"schema":{"@context":"https:\/\/schema.org","@graph":[{"@type":"WebPage","@id":"https:\/\/theo.niranbio.com\/fr\/citrate-tricalcique-tetrahydrate.html","url":"https:\/\/theo.niranbio.com\/fr\/citrate-tricalcique-tetrahydrate.html","name":"Fournisseur de citrate tricalcique t\u00e9trahydrat\u00e9, r\u00e9gulateur d'acidit\u00e9 E333 | Niranbio Chemical","isPartOf":{"@id":"https:\/\/theo.niranbio.com\/fr\/#website"},"primaryImageOfPage":{"@id":"https:\/\/theo.niranbio.com\/fr\/citrate-tricalcique-tetrahydrate.html#primaryimage"},"image":{"@id":"https:\/\/theo.niranbio.com\/fr\/citrate-tricalcique-tetrahydrate.html#primaryimage"},"thumbnailUrl":"https:\/\/theo.niranbio.com\/wp-content\/uploads\/2024\/06\/Calcium-Citrate-Food-Grad.webp","datePublished":"2024-06-20T00:56:57+00:00","dateModified":"2024-08-19T02:33:29+00:00","description":"Le citrate tricalcique t\u00e9trahydrat\u00e9 (r\u00e9gulateur d'acidit\u00e9 E333) offre une excellente biodisponibilit\u00e9, une teneur \u00e9lev\u00e9e en calcium et une faible solubilit\u00e9, il est stable, non toxique et a un go\u00fbt neutre.","breadcrumb":{"@id":"https:\/\/theo.niranbio.com\/fr\/citrate-tricalcique-tetrahydrate.html#breadcrumb"},"inLanguage":"fr-FR","potentialAction":[{"@type":"ReadAction","target":["https:\/\/theo.niranbio.com\/fr\/citrate-tricalcique-tetrahydrate.html"]}]},{"@type":"ImageObject","inLanguage":"fr-FR","@id":"https:\/\/theo.niranbio.com\/fr\/citrate-tricalcique-tetrahydrate.html#primaryimage","url":"https:\/\/theo.niranbio.com\/wp-content\/uploads\/2024\/06\/Calcium-Citrate-Food-Grad.webp","contentUrl":"https:\/\/theo.niranbio.com\/wp-content\/uploads\/2024\/06\/Calcium-Citrate-Food-Grad.webp","width":600,"height":600,"caption":"Citrate de calcium"},{"@type":"BreadcrumbList","@id":"https:\/\/theo.niranbio.com\/fr\/citrate-tricalcique-tetrahydrate.html#breadcrumb","itemListElement":[{"@type":"ListItem","position":1,"name":"Home","item":"https:\/\/theo.niranbio.com\/fr\/"},{"@type":"ListItem","position":2,"name":"Produits","item":"https:\/\/theo.niranbio.com\/fr\/produits.html"},{"@type":"ListItem","position":3,"name":"Acidulant","item":"https:\/\/theo.niranbio.com\/fr\/produit-acidulant\/"},{"@type":"ListItem","position":4,"name":"Citrate de calcium de qualit\u00e9 alimentaire"}]},{"@type":"WebSite","@id":"https:\/\/theo.niranbio.com\/fr\/#website","url":"https:\/\/theo.niranbio.com\/fr\/","name":"Niranbio Chemical","description":"","publisher":{"@id":"https:\/\/theo.niranbio.com\/fr\/#organization"},"potentialAction":[{"@type":"SearchAction","target":{"@type":"EntryPoint","urlTemplate":"https:\/\/theo.niranbio.com\/fr\/?s={search_term_string}"},"query-input":{"@type":"PropertyValueSpecification","valueRequired":true,"valueName":"search_term_string"}}],"inLanguage":"fr-FR"},{"@type":"Organization","@id":"https:\/\/theo.niranbio.com\/fr\/#organization","name":"Niranbio Chemical","url":"https:\/\/theo.niranbio.com\/fr\/","logo":{"@type":"ImageObject","inLanguage":"fr-FR","@id":"https:\/\/theo.niranbio.com\/fr\/#\/schema\/logo\/image\/","url":"https:\/\/theo.niranbio.com\/wp-content\/uploads\/2024\/06\/Niranbio.png","contentUrl":"https:\/\/theo.niranbio.com\/wp-content\/uploads\/2024\/06\/Niranbio.png","width":270,"height":100,"caption":"Niranbio Chemical"},"image":{"@id":"https:\/\/theo.niranbio.com\/fr\/#\/schema\/logo\/image\/"}}]}},"_links":{"self":[{"href":"https:\/\/theo.niranbio.com\/fr\/wp-json\/wp\/v2\/product\/9422","targetHints":{"allow":["GET"]}}],"collection":[{"href":"https:\/\/theo.niranbio.com\/fr\/wp-json\/wp\/v2\/product"}],"about":[{"href":"https:\/\/theo.niranbio.com\/fr\/wp-json\/wp\/v2\/types\/product"}],"version-history":[{"count":0,"href":"https:\/\/theo.niranbio.com\/fr\/wp-json\/wp\/v2\/product\/9422\/revisions"}],"wp:featuredmedia":[{"embeddable":true,"href":"https:\/\/theo.niranbio.com\/fr\/wp-json\/wp\/v2\/media\/9423"}],"wp:attachment":[{"href":"https:\/\/theo.niranbio.com\/fr\/wp-json\/wp\/v2\/media?parent=9422"}],"wp:term":[{"taxonomy":"product_brand","embeddable":true,"href":"https:\/\/theo.niranbio.com\/fr\/wp-json\/wp\/v2\/product_brand?post=9422"},{"taxonomy":"product_cat","embeddable":true,"href":"https:\/\/theo.niranbio.com\/fr\/wp-json\/wp\/v2\/product_cat?post=9422"},{"taxonomy":"product_tag","embeddable":true,"href":"https:\/\/theo.niranbio.com\/fr\/wp-json\/wp\/v2\/product_tag?post=9422"}],"curies":[{"name":"wp","href":"https:\/\/api.w.org\/{rel}","templated":true}]}}