{"id":9418,"date":"2024-06-19T17:15:32","date_gmt":"2024-06-19T09:15:32","guid":{"rendered":"https:\/\/theo.niranbio.com\/tsp-phosphate-trisodique\/"},"modified":"2024-08-19T14:15:55","modified_gmt":"2024-08-19T06:15:55","slug":"tsp-phosphate-trisodique","status":"publish","type":"product","link":"https:\/\/theo.niranbio.com\/fr\/tsp-phosphate-trisodique.html","title":{"rendered":"TSP \u2014 Phosphate trisodique"},"content":{"rendered":"<h2><span class=\"ez-toc-section\" id=\"Quest-ce_que_le_phosphate_trisodique\"><\/span>Qu&rsquo;est-ce que le phosphate trisodique ?<span class=\"ez-toc-section-end\"><\/span><\/h2>\n<p>Le phosphate trisodique est un compos\u00e9 inorganique ayant une apparence de cristal ou de poudre cristalline incolore \u00e0 blanche. Il est soluble dans l&rsquo;eau et se d\u00e9lique et s&rsquo;alt\u00e8re facilement \u00e0 l&rsquo;air sec. Les m\u00e9thodes de pr\u00e9paration du phosphate trisodique en Chine comprennent principalement la m\u00e9thode de neutralisation et la m\u00e9thode du carbonate de sodium. La m\u00e9thode de neutralisation g\u00e9n\u00e8re du phosphate trisodique en faisant r\u00e9agir de l&rsquo;acide phosphorique avec de l&rsquo;hydroxyde de sodium, et le produit est obtenu apr\u00e8s concentration, cristallisation et s\u00e9chage ; la m\u00e9thode du carbonate de sodium g\u00e9n\u00e8re du phosphate trisodique en faisant r\u00e9agir de l&rsquo;acide phosphorique avec du carbonate de sodium et subit \u00e9galement des \u00e9tapes de concentration, de cristallisation et de s\u00e9chage.<\/p>\n<p>\u00c0 l&rsquo;heure actuelle, la m\u00e9thode de neutralisation est la m\u00e9thode courante de pr\u00e9paration du phosphate trisodique en Chine. Cette m\u00e9thode a un processus simple, des conditions de r\u00e9action faciles \u00e0 contr\u00f4ler et un faible co\u00fbt de production. Elle convient \u00e0 la production industrielle \u00e0 grande \u00e9chelle et est donc largement utilis\u00e9e dans le processus de fabrication du phosphate trisodique.<\/p>\n<h2><span class=\"ez-toc-section\" id=\"Parametres_associes\"><\/span>Param\u00e8tres associ\u00e9s :<span class=\"ez-toc-section-end\"><\/span><\/h2>\n<table>\n<tbody>\n<tr>\n<td><strong>\u00c9L\u00c9MENT D&rsquo;ANALYSE<\/strong><\/td>\n<td><strong>INDICES DE QUALIT\u00c9<\/strong><\/td>\n<\/tr>\n<tr>\n<td>Dosage (en tant que Ca) %<\/td>\n<td>34.0-40.0<\/td>\n<\/tr>\n<tr>\n<td>Identification<\/td>\n<td>Test r\u00e9ussi<\/td>\n<\/tr>\n<tr>\n<td>Substance soluble dans l&rsquo;eau \u2264%<\/td>\n<td>0.5<\/td>\n<\/tr>\n<tr>\n<td>Substance insoluble dans l&rsquo;acide \u2264%<\/td>\n<td>0.2<\/td>\n<\/tr>\n<tr>\n<td>Carbonate<\/td>\n<td>Test r\u00e9ussi<\/td>\n<\/tr>\n<tr>\n<td>Chlorures \u2264%<\/td>\n<td>0.14<\/td>\n<\/tr>\n<tr>\n<td>Sulfate \u2264%<\/td>\n<td>0.8<\/td>\n<\/tr>\n<tr>\n<td>Sel dibasique et oxyde de calcium<\/td>\n<td>Test r\u00e9ussi<\/td>\n<\/tr>\n<tr>\n<td>Arsenic \u2264mg\/kg<\/td>\n<td>3<\/td>\n<\/tr>\n<tr>\n<td>Baryum<\/td>\n<td>Test r\u00e9ussi<\/td>\n<\/tr>\n<tr>\n<td>Fluorures %<\/td>\n<td>75<\/td>\n<\/tr>\n<tr>\n<td>Nitrate<\/td>\n<td>Test r\u00e9ussi<\/td>\n<\/tr>\n<tr>\n<td>M\u00e9taux lourds \u2264mg\/kg<\/td>\n<td>30<\/td>\n<\/tr>\n<tr>\n<td>Plomb \u2264mg\/kg<\/td>\n<td>2<\/td>\n<\/tr>\n<tr>\n<td>Cadmium \u2264mg\/kg<\/td>\n<td>1<\/td>\n<\/tr>\n<tr>\n<td>Mercure \u2264mg\/kg<\/td>\n<td>1<\/td>\n<\/tr>\n<tr>\n<td>Perte au feu \u2264%<\/td>\n<td>\u2264% 8.0<\/td>\n<\/tr>\n<\/tbody>\n<\/table>\n<h2><span class=\"ez-toc-section\" id=\"Dosage_recommande\"><\/span>Dosage recommand\u00e9 :<span class=\"ez-toc-section-end\"><\/span><\/h2>\n<table>\n<tbody>\n<tr>\n<td><strong>Nom de l&rsquo;aliment<\/strong><\/td>\n<td><strong>Utilisation maximale (g\/kg)<\/strong><\/td>\n<\/tr>\n<tr>\n<td>Pain riche en calcium<\/td>\n<td>6 g\/kg<\/td>\n<\/tr>\n<tr>\n<td>Boissons pour sportifs<\/td>\n<td>1,5 g\/kg<\/td>\n<\/tr>\n<tr>\n<td>Produits laitiers (tels que le yaourt, le lait)<\/td>\n<td>3 g\/kg<\/td>\n<\/tr>\n<tr>\n<td>Fromage<\/td>\n<td>5 g\/kg<\/td>\n<\/tr>\n<tr>\n<td>Produits \u00e0 base de chocolat<\/td>\n<td>3 g\/kg<\/td>\n<\/tr>\n<tr>\n<td>Bonbons<\/td>\n<td>2 g\/kg<\/td>\n<\/tr>\n<tr>\n<td>Cr\u00e8me glac\u00e9e<\/td>\n<td>2 g\/kg<\/td>\n<\/tr>\n<tr>\n<td>G\u00e2teaux<\/td>\n<td>5 g\/kg<\/td>\n<\/tr>\n<tr>\n<td>Caf\u00e9 instantan\u00e9<\/td>\n<td>2 g\/kg<\/td>\n<\/tr>\n<tr>\n<td>Th\u00e9 au lait<\/td>\n<td>3 g\/kg<\/td>\n<\/tr>\n<tr>\n<td>Boissons \u00e0 base de jus<\/td>\n<td>1,5 g\/kg<\/td>\n<\/tr>\n<tr>\n<td>Produits de boulangerie (tels que g\u00e2teaux, biscuits)<\/td>\n<td>5 g\/kg<\/td>\n<\/tr>\n<\/tbody>\n<\/table>\n<h2><span class=\"ez-toc-section\" id=\"Le_phosphate_trisodique_a_une_large_gamme_dutilisations\"><\/span>Le phosphate trisodique a une large gamme d&rsquo;utilisations<span class=\"ez-toc-section-end\"><\/span><\/h2>\n<p>1. R\u00e9tention d&rsquo;humidit\u00e9 : Le phosphate trisodique a une bonne capacit\u00e9 de r\u00e9tention d&rsquo;humidit\u00e9, ce qui peut emp\u00eacher les aliments de s\u00e9cher et maintenir leur douceur. Par cons\u00e9quent, il est largement utilis\u00e9 dans les aliments cuits au four tels que le pain et les p\u00e2tisseries.<\/p>\n<p>2. R\u00e9gulateur d&rsquo;acidit\u00e9 : Le phosphate trisodique peut neutraliser les substances acides dans les aliments et ajuster le pH des aliments pour am\u00e9liorer le go\u00fbt et prolonger la dur\u00e9e de conservation. Il est couramment utilis\u00e9 dans les produits laitiers, les boissons et d&rsquo;autres produits.<\/p>\n<p>3. Stabilisateur : Le phosphate trisodique peut stabiliser les propri\u00e9t\u00e9s physiques et chimiques des aliments. Il est couramment utilis\u00e9 dans des produits tels que les confitures et les vinaigrettes.<\/p>\n<p>4. \u00c9paississant : Le phosphate trisodique a un bon effet \u00e9paississant, ce qui peut augmenter la viscosit\u00e9 des aliments et modifier leur texture et leur go\u00fbt. Il est couramment utilis\u00e9 dans des produits tels que la gel\u00e9e et la cr\u00e8me glac\u00e9e.<\/p>\n<h2><span class=\"ez-toc-section\" id=\"Question_posee_par_lutilisateur\"><\/span>Question pos\u00e9e par l&rsquo;utilisateur :<span class=\"ez-toc-section-end\"><\/span><\/h2>\n<p><strong>Question : \u00c0 quoi faut-il faire attention lors de l\u2019utilisation du phosphate trisodique ?<\/strong><\/p>\n<p>R\u00e9ponse : Lors de l&rsquo;utilisation du phosphate trisodique, il convient de porter un \u00e9quipement de protection appropri\u00e9 pour \u00e9viter tout contact direct avec la peau et les yeux et \u00e9viter l&rsquo;inhalation de poussi\u00e8res. En cas d&rsquo;utilisation dans les aliments, les r\u00e9glementations et normes en vigueur doivent \u00eatre respect\u00e9es pour \u00e9viter tout ajout excessif.<\/p>\n<p><strong>Question : Quels sont les avantages du phosphate trisodique par rapport aux autres produits \u00e0 base de phosphate de sodium ?<\/strong><\/p>\n<p>R\u00e9ponse : 1. Le phosphate trisodique a une forte alcalinit\u00e9 et la valeur du pH d&rsquo;une solution aqueuse \u00e0 1 % est d&rsquo;environ 11,5-12,5, ce qui permet de bien r\u00e9guler le pH des aliments.<\/p>\n<p>2. Le phosphate trisodique peut am\u00e9liorer efficacement la texture et le go\u00fbt des aliments et am\u00e9liorer la stabilit\u00e9 et la dur\u00e9e de conservation des aliments. Par exemple, dans les produits \u00e0 base de viande, le phosphate trisodique aide \u00e0 maintenir l&rsquo;humidit\u00e9 et la tendret\u00e9.<\/p>\n<p>3. Dans les aliments en poudre, le phosphate trisodique peut emp\u00eacher l&rsquo;agglom\u00e9ration et maintenir la fluidit\u00e9 et la facilit\u00e9 d&rsquo;utilisation du produit.<\/p>\n<p>4. Le phosphate trisodique est facilement soluble dans l&rsquo;eau et peut se dissoudre rapidement pour former une solution uniforme.<\/p>\n","protected":false},"excerpt":{"rendered":"<ul>\n<li>CAS: 7601-54-9<\/li>\n<li>Formule chimique: Na<sub>3<\/sub>PO<sub>4<\/sub><\/li>\n<li>Certifications : KOSHER, ISO, HALAL, FSSC 22000, BRC, etc.<\/li>\n<li>Norme : GB 25565-2010\/FCC V<\/li>\n<li>Quantit\u00e9 minimum de commande : 1000 kg<\/li>\n<li>Dur\u00e9e de conservation : 2 ans<\/li>\n<\/ul>\n","protected":false},"featured_media":9419,"template":"","meta":{"site-sidebar-layout":"default","site-content-layout":"","ast-site-content-layout":"default","site-content-style":"default","site-sidebar-style":"default","ast-global-header-display":"","ast-banner-title-visibility":"","ast-main-header-display":"","ast-hfb-above-header-display":"","ast-hfb-below-header-display":"","ast-hfb-mobile-header-display":"","site-post-title":"","ast-breadcrumbs-content":"","ast-featured-img":"","footer-sml-layout":"","theme-transparent-header-meta":"default","adv-header-id-meta":"","stick-header-meta":"","header-above-stick-meta":"","header-main-stick-meta":"","header-below-stick-meta":"","astra-migrate-meta-layouts":"set","ast-page-background-enabled":"default","ast-page-background-meta":{"desktop":{"background-color":"var(--ast-global-color-4)","background-image":"","background-repeat":"repeat","background-position":"center center","background-size":"auto","background-attachment":"scroll","background-type":"","background-media":"","overlay-type":"","overlay-color":"","overlay-opacity":"","overlay-gradient":""},"tablet":{"background-color":"","background-image":"","background-repeat":"repeat","background-position":"center center","background-size":"auto","background-attachment":"scroll","background-type":"","background-media":"","overlay-type":"","overlay-color":"","overlay-opacity":"","overlay-gradient":""},"mobile":{"background-color":"","background-image":"","background-repeat":"repeat","background-position":"center center","background-size":"auto","background-attachment":"scroll","background-type":"","background-media":"","overlay-type":"","overlay-color":"","overlay-opacity":"","overlay-gradient":""}},"ast-content-background-meta":{"desktop":{"background-color":"var(--ast-global-color-5)","background-image":"","background-repeat":"repeat","background-position":"center center","background-size":"auto","background-attachment":"scroll","background-type":"","background-media":"","overlay-type":"","overlay-color":"","overlay-opacity":"","overlay-gradient":""},"tablet":{"background-color":"var(--ast-global-color-5)","background-image":"","background-repeat":"repeat","background-position":"center center","background-size":"auto","background-attachment":"scroll","background-type":"","background-media":"","overlay-type":"","overlay-color":"","overlay-opacity":"","overlay-gradient":""},"mobile":{"background-color":"var(--ast-global-color-5)","background-image":"","background-repeat":"repeat","background-position":"center center","background-size":"auto","background-attachment":"scroll","background-type":"","background-media":"","overlay-type":"","overlay-color":"","overlay-opacity":"","overlay-gradient":""}}},"product_brand":[],"product_cat":[108],"product_tag":[],"class_list":{"0":"post-9418","1":"product","2":"type-product","3":"status-publish","4":"has-post-thumbnail","6":"product_cat-produit-phosphate","7":"desktop-align-center","8":"tablet-align-left","9":"mobile-align-left","11":"first","12":"instock","13":"shipping-taxable","14":"product-type-simple"},"yoast_head":"<!-- This site is optimized with the Yoast SEO plugin v26.5 - https:\/\/yoast.com\/wordpress\/plugins\/seo\/ -->\n<title>Fabricant de Phosphate Trisodique, Phosphate Trisodique Achat | Niranbio Chemical<\/title>\n<meta name=\"description\" content=\"Notre phosphate trisodique (TSP) est une poudre de qualit\u00e9 alimentaire de haute qualit\u00e9, elle est conforme aux normes de s\u00e9curit\u00e9 alimentaire.\" \/>\n<meta name=\"robots\" content=\"noindex, follow, max-snippet:-1, max-image-preview:large, max-video-preview:-1\" \/>\n<meta name=\"twitter:label1\" content=\"Dur\u00e9e de lecture estim\u00e9e\" \/>\n\t<meta name=\"twitter:data1\" content=\"4 minutes\" \/>\n<script type=\"application\/ld+json\" class=\"yoast-schema-graph\">{\"@context\":\"https:\/\/schema.org\",\"@graph\":[{\"@type\":\"WebPage\",\"@id\":\"https:\/\/theo.niranbio.com\/fr\/tsp-phosphate-trisodique.html\",\"url\":\"https:\/\/theo.niranbio.com\/fr\/tsp-phosphate-trisodique.html\",\"name\":\"Fabricant de Phosphate Trisodique, Phosphate Trisodique Achat | Niranbio Chemical\",\"isPartOf\":{\"@id\":\"https:\/\/theo.niranbio.com\/fr\/#website\"},\"primaryImageOfPage\":{\"@id\":\"https:\/\/theo.niranbio.com\/fr\/tsp-phosphate-trisodique.html#primaryimage\"},\"image\":{\"@id\":\"https:\/\/theo.niranbio.com\/fr\/tsp-phosphate-trisodique.html#primaryimage\"},\"thumbnailUrl\":\"https:\/\/theo.niranbio.com\/wp-content\/uploads\/2024\/06\/TSP-Trisodium-Phosphate.webp\",\"datePublished\":\"2024-06-19T09:15:32+00:00\",\"dateModified\":\"2024-08-19T06:15:55+00:00\",\"description\":\"Notre phosphate trisodique (TSP) est une poudre de qualit\u00e9 alimentaire de haute qualit\u00e9, elle est conforme aux normes de s\u00e9curit\u00e9 alimentaire.\",\"breadcrumb\":{\"@id\":\"https:\/\/theo.niranbio.com\/fr\/tsp-phosphate-trisodique.html#breadcrumb\"},\"inLanguage\":\"fr-FR\",\"potentialAction\":[{\"@type\":\"ReadAction\",\"target\":[\"https:\/\/theo.niranbio.com\/fr\/tsp-phosphate-trisodique.html\"]}]},{\"@type\":\"ImageObject\",\"inLanguage\":\"fr-FR\",\"@id\":\"https:\/\/theo.niranbio.com\/fr\/tsp-phosphate-trisodique.html#primaryimage\",\"url\":\"https:\/\/theo.niranbio.com\/wp-content\/uploads\/2024\/06\/TSP-Trisodium-Phosphate.webp\",\"contentUrl\":\"https:\/\/theo.niranbio.com\/wp-content\/uploads\/2024\/06\/TSP-Trisodium-Phosphate.webp\",\"width\":600,\"height\":600,\"caption\":\"Phosphate trisodique\"},{\"@type\":\"BreadcrumbList\",\"@id\":\"https:\/\/theo.niranbio.com\/fr\/tsp-phosphate-trisodique.html#breadcrumb\",\"itemListElement\":[{\"@type\":\"ListItem\",\"position\":1,\"name\":\"Home\",\"item\":\"https:\/\/theo.niranbio.com\/fr\/\"},{\"@type\":\"ListItem\",\"position\":2,\"name\":\"Produits\",\"item\":\"https:\/\/theo.niranbio.com\/fr\/produits.html\"},{\"@type\":\"ListItem\",\"position\":3,\"name\":\"Phosphat\u00e9\",\"item\":\"https:\/\/theo.niranbio.com\/fr\/produit-phosphate\/\"},{\"@type\":\"ListItem\",\"position\":4,\"name\":\"TSP \u2014 Phosphate trisodique\"}]},{\"@type\":\"WebSite\",\"@id\":\"https:\/\/theo.niranbio.com\/fr\/#website\",\"url\":\"https:\/\/theo.niranbio.com\/fr\/\",\"name\":\"Niranbio Chemical\",\"description\":\"\",\"publisher\":{\"@id\":\"https:\/\/theo.niranbio.com\/fr\/#organization\"},\"potentialAction\":[{\"@type\":\"SearchAction\",\"target\":{\"@type\":\"EntryPoint\",\"urlTemplate\":\"https:\/\/theo.niranbio.com\/fr\/?s={search_term_string}\"},\"query-input\":{\"@type\":\"PropertyValueSpecification\",\"valueRequired\":true,\"valueName\":\"search_term_string\"}}],\"inLanguage\":\"fr-FR\"},{\"@type\":\"Organization\",\"@id\":\"https:\/\/theo.niranbio.com\/fr\/#organization\",\"name\":\"Niranbio Chemical\",\"url\":\"https:\/\/theo.niranbio.com\/fr\/\",\"logo\":{\"@type\":\"ImageObject\",\"inLanguage\":\"fr-FR\",\"@id\":\"https:\/\/theo.niranbio.com\/fr\/#\/schema\/logo\/image\/\",\"url\":\"https:\/\/theo.niranbio.com\/wp-content\/uploads\/2024\/06\/Niranbio.png\",\"contentUrl\":\"https:\/\/theo.niranbio.com\/wp-content\/uploads\/2024\/06\/Niranbio.png\",\"width\":270,\"height\":100,\"caption\":\"Niranbio Chemical\"},\"image\":{\"@id\":\"https:\/\/theo.niranbio.com\/fr\/#\/schema\/logo\/image\/\"}}]}<\/script>\n<!-- \/ Yoast SEO plugin. -->","yoast_head_json":{"title":"Fabricant de Phosphate Trisodique, Phosphate Trisodique Achat | Niranbio Chemical","description":"Notre phosphate trisodique (TSP) est une poudre de qualit\u00e9 alimentaire de haute qualit\u00e9, elle est conforme aux normes de s\u00e9curit\u00e9 alimentaire.","robots":{"index":"noindex","follow":"follow","max-snippet":"max-snippet:-1","max-image-preview":"max-image-preview:large","max-video-preview":"max-video-preview:-1"},"twitter_misc":{"Dur\u00e9e de lecture estim\u00e9e":"4 minutes"},"schema":{"@context":"https:\/\/schema.org","@graph":[{"@type":"WebPage","@id":"https:\/\/theo.niranbio.com\/fr\/tsp-phosphate-trisodique.html","url":"https:\/\/theo.niranbio.com\/fr\/tsp-phosphate-trisodique.html","name":"Fabricant de Phosphate Trisodique, Phosphate Trisodique Achat | Niranbio Chemical","isPartOf":{"@id":"https:\/\/theo.niranbio.com\/fr\/#website"},"primaryImageOfPage":{"@id":"https:\/\/theo.niranbio.com\/fr\/tsp-phosphate-trisodique.html#primaryimage"},"image":{"@id":"https:\/\/theo.niranbio.com\/fr\/tsp-phosphate-trisodique.html#primaryimage"},"thumbnailUrl":"https:\/\/theo.niranbio.com\/wp-content\/uploads\/2024\/06\/TSP-Trisodium-Phosphate.webp","datePublished":"2024-06-19T09:15:32+00:00","dateModified":"2024-08-19T06:15:55+00:00","description":"Notre phosphate trisodique (TSP) est une poudre de qualit\u00e9 alimentaire de haute qualit\u00e9, elle est conforme aux normes de s\u00e9curit\u00e9 alimentaire.","breadcrumb":{"@id":"https:\/\/theo.niranbio.com\/fr\/tsp-phosphate-trisodique.html#breadcrumb"},"inLanguage":"fr-FR","potentialAction":[{"@type":"ReadAction","target":["https:\/\/theo.niranbio.com\/fr\/tsp-phosphate-trisodique.html"]}]},{"@type":"ImageObject","inLanguage":"fr-FR","@id":"https:\/\/theo.niranbio.com\/fr\/tsp-phosphate-trisodique.html#primaryimage","url":"https:\/\/theo.niranbio.com\/wp-content\/uploads\/2024\/06\/TSP-Trisodium-Phosphate.webp","contentUrl":"https:\/\/theo.niranbio.com\/wp-content\/uploads\/2024\/06\/TSP-Trisodium-Phosphate.webp","width":600,"height":600,"caption":"Phosphate trisodique"},{"@type":"BreadcrumbList","@id":"https:\/\/theo.niranbio.com\/fr\/tsp-phosphate-trisodique.html#breadcrumb","itemListElement":[{"@type":"ListItem","position":1,"name":"Home","item":"https:\/\/theo.niranbio.com\/fr\/"},{"@type":"ListItem","position":2,"name":"Produits","item":"https:\/\/theo.niranbio.com\/fr\/produits.html"},{"@type":"ListItem","position":3,"name":"Phosphat\u00e9","item":"https:\/\/theo.niranbio.com\/fr\/produit-phosphate\/"},{"@type":"ListItem","position":4,"name":"TSP \u2014 Phosphate trisodique"}]},{"@type":"WebSite","@id":"https:\/\/theo.niranbio.com\/fr\/#website","url":"https:\/\/theo.niranbio.com\/fr\/","name":"Niranbio Chemical","description":"","publisher":{"@id":"https:\/\/theo.niranbio.com\/fr\/#organization"},"potentialAction":[{"@type":"SearchAction","target":{"@type":"EntryPoint","urlTemplate":"https:\/\/theo.niranbio.com\/fr\/?s={search_term_string}"},"query-input":{"@type":"PropertyValueSpecification","valueRequired":true,"valueName":"search_term_string"}}],"inLanguage":"fr-FR"},{"@type":"Organization","@id":"https:\/\/theo.niranbio.com\/fr\/#organization","name":"Niranbio Chemical","url":"https:\/\/theo.niranbio.com\/fr\/","logo":{"@type":"ImageObject","inLanguage":"fr-FR","@id":"https:\/\/theo.niranbio.com\/fr\/#\/schema\/logo\/image\/","url":"https:\/\/theo.niranbio.com\/wp-content\/uploads\/2024\/06\/Niranbio.png","contentUrl":"https:\/\/theo.niranbio.com\/wp-content\/uploads\/2024\/06\/Niranbio.png","width":270,"height":100,"caption":"Niranbio Chemical"},"image":{"@id":"https:\/\/theo.niranbio.com\/fr\/#\/schema\/logo\/image\/"}}]}},"_links":{"self":[{"href":"https:\/\/theo.niranbio.com\/fr\/wp-json\/wp\/v2\/product\/9418","targetHints":{"allow":["GET"]}}],"collection":[{"href":"https:\/\/theo.niranbio.com\/fr\/wp-json\/wp\/v2\/product"}],"about":[{"href":"https:\/\/theo.niranbio.com\/fr\/wp-json\/wp\/v2\/types\/product"}],"version-history":[{"count":0,"href":"https:\/\/theo.niranbio.com\/fr\/wp-json\/wp\/v2\/product\/9418\/revisions"}],"wp:featuredmedia":[{"embeddable":true,"href":"https:\/\/theo.niranbio.com\/fr\/wp-json\/wp\/v2\/media\/9419"}],"wp:attachment":[{"href":"https:\/\/theo.niranbio.com\/fr\/wp-json\/wp\/v2\/media?parent=9418"}],"wp:term":[{"taxonomy":"product_brand","embeddable":true,"href":"https:\/\/theo.niranbio.com\/fr\/wp-json\/wp\/v2\/product_brand?post=9418"},{"taxonomy":"product_cat","embeddable":true,"href":"https:\/\/theo.niranbio.com\/fr\/wp-json\/wp\/v2\/product_cat?post=9418"},{"taxonomy":"product_tag","embeddable":true,"href":"https:\/\/theo.niranbio.com\/fr\/wp-json\/wp\/v2\/product_tag?post=9418"}],"curies":[{"name":"wp","href":"https:\/\/api.w.org\/{rel}","templated":true}]}}