{"id":9414,"date":"2024-06-20T09:23:52","date_gmt":"2024-06-20T01:23:52","guid":{"rendered":"https:\/\/theo.niranbio.com\/sirop-de-glucose\/"},"modified":"2024-08-19T13:42:31","modified_gmt":"2024-08-19T05:42:31","slug":"sirop-de-glucose","status":"publish","type":"product","link":"https:\/\/theo.niranbio.com\/fr\/sirop-de-glucose.html","title":{"rendered":"Sirop de glucose"},"content":{"rendered":"<h2><span class=\"ez-toc-section\" id=\"Quest-ce_que_le_sirop_de_glucose\"><\/span>Qu&rsquo;est-ce que le sirop de glucose ?<span class=\"ez-toc-section-end\"><\/span><\/h2>\n<p>Le sirop de glucose, un liquide transparent et visqueux avec une absorption et une r\u00e9tention d&rsquo;humidit\u00e9 \u00e9lev\u00e9es, est fabriqu\u00e9 \u00e0 partir d&rsquo;amidon et est produit par des enzymes ou des acides utilisant l&rsquo;amidon comme mati\u00e8re premi\u00e8re. Il est largement utilis\u00e9 dans l&rsquo;industrie alimentaire pour maintenir la teneur en humidit\u00e9 constante, douce et d\u00e9licieuse des produits de boulangerie.<\/p>\n<p>La m\u00e9thode courante de pr\u00e9paration du sirop de glucose consiste \u00e0 m\u00e9langer l&rsquo;amidon (g\u00e9n\u00e9ralement de l&rsquo;amidon de ma\u00efs) avec de l&rsquo;eau, puis \u00e0 le liqu\u00e9fier et \u00e0 le saccharifier en le chauffant et en l&rsquo;action d&rsquo;acides ou d&rsquo;enzymes pour d\u00e9composer l&rsquo;amidon en glucose ; ensuite, \u00e9liminer les impuret\u00e9s par filtration, puis faire en sorte que le sirop atteigne la concentration souhait\u00e9e gr\u00e2ce \u00e0 une \u00e9tape de concentration ; enfin, le d\u00e9colorer et le d\u00e9min\u00e9raliser pour obtenir un produit de sirop de glucose pur.<\/p>\n<h2><span class=\"ez-toc-section\" id=\"Parametres_associes\"><\/span>Param\u00e8tres associ\u00e9s :<span class=\"ez-toc-section-end\"><\/span><\/h2>\n<table>\n<tbody>\n<tr>\n<td><strong>Test<\/strong><\/td>\n<td><strong>R\u00e9sultat<\/strong><\/td>\n<\/tr>\n<tr>\n<td>Aspect<\/td>\n<td>Sirop incolore ou jaune p\u00e2le, d\u00e9pourvu de tout contaminant visible.<\/td>\n<\/tr>\n<tr>\n<td>Odeur et go\u00fbt<\/td>\n<td>Pas d&rsquo;odeur ni de go\u00fbt inhabituels.<\/td>\n<\/tr>\n<tr>\n<td>Substance solide, en %<\/td>\n<td>75-84<\/td>\n<\/tr>\n<tr>\n<td>DE<\/td>\n<td>41-60<\/td>\n<\/tr>\n<tr>\n<td>pH<\/td>\n<td>4.0-6.0<\/td>\n<\/tr>\n<tr>\n<td>Transmittance (426nm)<\/td>\n<td>Min 94<\/td>\n<\/tr>\n<tr>\n<td>Temp\u00e9rature du coke, en \u00b0C<\/td>\n<td>Max 125<\/td>\n<\/tr>\n<tr>\n<td>Cendres, en %<\/td>\n<td>Max 0,3<\/td>\n<\/tr>\n<tr>\n<td>Plomb, en ppm<\/td>\n<td>Max 0,5 ppm<\/td>\n<\/tr>\n<tr>\n<td>As, en ppm<\/td>\n<td>Max 0,5 ppm<\/td>\n<\/tr>\n<tr>\n<td>Bact\u00e9ries totales, en cfu\/g<\/td>\n<td>Max 1000<\/td>\n<\/tr>\n<tr>\n<td>E.coli, en cfu\/100g<\/td>\n<td>Max 30<\/td>\n<\/tr>\n<\/tbody>\n<\/table>\n<h2><span class=\"ez-toc-section\" id=\"Dosage_recommande\"><\/span>Dosage recommand\u00e9 :<span class=\"ez-toc-section-end\"><\/span><\/h2>\n<table>\n<tbody>\n<tr>\n<td><strong>Nom de l&rsquo;aliment<\/strong><\/td>\n<td><strong>Utilisation maximale (g\/kg)<\/strong><\/td>\n<\/tr>\n<tr>\n<td>Produits de boulangerie<\/td>\n<td>30 g\/kg<\/td>\n<\/tr>\n<tr>\n<td>Confiserie<\/td>\n<td>50 g\/kg<\/td>\n<\/tr>\n<tr>\n<td>Cr\u00e8me glac\u00e9e<\/td>\n<td>50 g\/kg<\/td>\n<\/tr>\n<tr>\n<td>Boissons<\/td>\n<td>15 g\/kg<\/td>\n<\/tr>\n<tr>\n<td>Produits laitiers<\/td>\n<td>30 g\/kg<\/td>\n<\/tr>\n<tr>\n<td>Fruits en conserve<\/td>\n<td>30 g\/kg<\/td>\n<\/tr>\n<tr>\n<td>Confitures et gel\u00e9es<\/td>\n<td>50 g\/kg<\/td>\n<\/tr>\n<tr>\n<td>Chocolats<\/td>\n<td>50 g\/kg<\/td>\n<\/tr>\n<tr>\n<td>Garnitures aux fruits<\/td>\n<td>30 g\/kg<\/td>\n<\/tr>\n<tr>\n<td>Sauces et assaisonnements<\/td>\n<td>15 g\/kg<\/td>\n<\/tr>\n<tr>\n<td>Aliments \u00e0 grignoter<\/td>\n<td>30 g\/kg<\/td>\n<\/tr>\n<tr>\n<td>Desserts \u00e0 la g\u00e9latine<\/td>\n<td>50 g\/kg<\/td>\n<\/tr>\n<tr>\n<td>L\u00e9gumes en conserve<\/td>\n<td>30 g\/kg<\/td>\n<\/tr>\n<tr>\n<td>Aliments fonctionnels<\/td>\n<td>30 g\/kg<\/td>\n<\/tr>\n<\/tbody>\n<\/table>\n<h2><span class=\"ez-toc-section\" id=\"Le_sirop_de_glucose_a_une_large_gamme_dutilisations\"><\/span>Le sirop de glucose a une large gamme d&rsquo;utilisations<span class=\"ez-toc-section-end\"><\/span><\/h2>\n<ol>\n<li>Le domaine de la transformation des aliments Un composant cl\u00e9 de la transformation des aliments est le sirop de glucose. Initialement, il peut \u00eatre ajout\u00e9 aux p\u00e2tisseries, biscuits, chocolat et autres aliments pour leur donner de la douceur en tant qu&rsquo;\u00e9dulcorant. Deuxi\u00e8mement, le sirop de glucose peut \u00e9galement augmenter la r\u00e9tention d&rsquo;humidit\u00e9 et la texture des aliments, rendant les p\u00e2tisseries plus moelleuses et am\u00e9liorant le go\u00fbt. De plus, le sirop de glucose peut \u00e9galement \u00eatre utilis\u00e9 comme agent d&rsquo;enrobage pour rendre la surface des aliments tels que les bonbons et les gel\u00e9es plus lisse et augmenter l&rsquo;attrait des aliments.<\/li>\n<li>Fabrication de boissons Le sirop de glucose a \u00e9galement une application importante dans la fabrication de boissons. Il peut \u00eatre ajout\u00e9 aux boissons comme \u00e9dulcorant pour les rendre plus sucr\u00e9es et avoir meilleur go\u00fbt. Dans le m\u00eame temps, le sirop de glucose peut \u00e9galement augmenter la viscosit\u00e9 des boissons et am\u00e9liorer le go\u00fbt. Dans les boissons \u00e0 base de jus de fruits, le sirop de glucose peut \u00eatre utilis\u00e9 comme stabilisateur pour emp\u00eacher la pr\u00e9cipitation du jus et prolonger la dur\u00e9e de conservation du jus.<\/li>\n<li>Industrie pharmaceutique Le sirop de glucose a une application importante dans l&rsquo;industrie pharmaceutique. Tout d&rsquo;abord, il peut \u00eatre utilis\u00e9 comme excipient pour les m\u00e9dicaments afin d&rsquo;augmenter la stabilit\u00e9 et le go\u00fbt des m\u00e9dicaments. Deuxi\u00e8mement, le sirop de glucose peut \u00e9galement \u00eatre utilis\u00e9 comme solvant pour les m\u00e9dicaments afin de faciliter la dissolution des m\u00e9dicaments. De plus, le sirop de glucose peut \u00e9galement \u00eatre utilis\u00e9 comme stabilisateur pour les injections afin d&rsquo;augmenter la dur\u00e9e de conservation des injections.<\/li>\n<li>Fabrication de cosm\u00e9tiques Le sirop de glucose est \u00e9galement largement utilis\u00e9 dans la fabrication de cosm\u00e9tiques. Il peut \u00eatre utilis\u00e9 comme hydratant pour les cosm\u00e9tiques afin d&rsquo;augmenter l&rsquo;effet hydratant du produit. Le sirop de glucose peut \u00e9galement \u00eatre utilis\u00e9 comme liant dans les cosm\u00e9tiques pour augmenter l&rsquo;adh\u00e9rence du produit. Dans les cosm\u00e9tiques tels que les rouges \u00e0 l\u00e8vres et les baumes \u00e0 l\u00e8vres, le sirop de glucose peut \u00eatre utilis\u00e9 comme \u00e9paississant pour rendre le produit plus facile \u00e0 appliquer.<\/li>\n<\/ol>\n<h2><span class=\"ez-toc-section\" id=\"Question_posee_par_lutilisateur\"><\/span>Question pos\u00e9e par l&rsquo;utilisateur<span class=\"ez-toc-section-end\"><\/span><\/h2>\n<p>Question : Quelle est la diff\u00e9rence entre le sirop de glucose et le sirop de fructose ?<\/p>\n<p>R\u00e9ponse : Le sirop de glucose, parfois appel\u00e9 glucose liquide ou dextrose, est un monosaccharide compos\u00e9 d&rsquo;hexose avec de l&rsquo;ald\u00e9hyde. Il est agr\u00e9able, facilement soluble dans l&rsquo;eau et cristallis\u00e9 blanc. Il est principalement fabriqu\u00e9 par hydrolyse de l&rsquo;amidon de ma\u00efs et appartient aux sucres d&rsquo;amidon. Les sucres, ou glucides, sont abondants dans le sirop de glucose et peuvent donner de l&rsquo;\u00e9nergie au corps. Par exemple, les personnes qui font souvent du travail physique, si elles prennent du sirop de glucose de mani\u00e8re appropri\u00e9e, peuvent rapidement reconstituer le glycog\u00e8ne dans les muscles, fournir de l&rsquo;\u00e9nergie au corps et restaurer la force physique ; le sucre riche en sirop de glucose peut fournir de l&rsquo;\u00e9nergie au m\u00e9tabolisme c\u00e9r\u00e9bral. Si les personnes souffrant de perte de m\u00e9moire prennent du glucose de mani\u00e8re appropri\u00e9e, il peut fournir de l&rsquo;\u00e9nergie au m\u00e9tabolisme c\u00e9r\u00e9bral et a pour effet de b\u00e9n\u00e9ficier \u00e0 l&rsquo;intelligence et \u00e0 la sant\u00e9 du cerveau.<\/p>\n<p>L&rsquo;amidon v\u00e9g\u00e9tal subit une hydrolyse et une isom\u00e9risation pour produire du sirop de fructose, un cristal d&rsquo;amidon. C&rsquo;est un \u00e9dulcorant important. Il est \u00e9galement connu sous le nom de sirop de fructose car le glucose et le fructose sont ses principaux constituants. La fonction du sirop de ma\u00efs \u00e0 haute teneur en fructose est d&rsquo;inhiber la d\u00e9composition des prot\u00e9ines dans le corps, et il convient aux travailleurs manuels et aux athl\u00e8tes ; il a pour fonction de d\u00e9composer l&rsquo;\u00e9thanol, ce qui peut pr\u00e9venir l&rsquo;ivresse, et convient aux patients atteints d&rsquo;h\u00e9patite et de cirrhose ; Une substance qui peut \u00eatre utilis\u00e9e \u00e0 la place du saccharose est le sirop de ma\u00efs \u00e0 haute teneur en fructose, qui est largement utilis\u00e9 dans le secteur des aliments et des boissons. Son go\u00fbt et sa saveur sont meilleurs que ceux du saccharose, et il est quelque peu similaire au jus de fruit naturel.<\/p>\n","protected":false},"excerpt":{"rendered":"<ul>\n<li>CAS: 8029-43-4<\/li>\n<li>Formule chimique: C<sub>6<\/sub>H<sub>12<\/sub>O<sub>6<\/sub><\/li>\n<li>Certifications : KOSHER, ISO, HALAL, FSSC 22000, BRC, etc.<\/li>\n<li>Norme : GB\/FCC<\/li>\n<li>Quantit\u00e9 minimum de commande : 1000 kg<\/li>\n<li>Dur\u00e9e de conservation : 2 ans<\/li>\n<\/ul>\n","protected":false},"featured_media":9415,"template":"","meta":{"site-sidebar-layout":"default","site-content-layout":"","ast-site-content-layout":"default","site-content-style":"default","site-sidebar-style":"default","ast-global-header-display":"","ast-banner-title-visibility":"","ast-main-header-display":"","ast-hfb-above-header-display":"","ast-hfb-below-header-display":"","ast-hfb-mobile-header-display":"","site-post-title":"","ast-breadcrumbs-content":"","ast-featured-img":"","footer-sml-layout":"","theme-transparent-header-meta":"default","adv-header-id-meta":"","stick-header-meta":"","header-above-stick-meta":"","header-main-stick-meta":"","header-below-stick-meta":"","astra-migrate-meta-layouts":"set","ast-page-background-enabled":"default","ast-page-background-meta":{"desktop":{"background-color":"var(--ast-global-color-4)","background-image":"","background-repeat":"repeat","background-position":"center center","background-size":"auto","background-attachment":"scroll","background-type":"","background-media":"","overlay-type":"","overlay-color":"","overlay-opacity":"","overlay-gradient":""},"tablet":{"background-color":"","background-image":"","background-repeat":"repeat","background-position":"center center","background-size":"auto","background-attachment":"scroll","background-type":"","background-media":"","overlay-type":"","overlay-color":"","overlay-opacity":"","overlay-gradient":""},"mobile":{"background-color":"","background-image":"","background-repeat":"repeat","background-position":"center center","background-size":"auto","background-attachment":"scroll","background-type":"","background-media":"","overlay-type":"","overlay-color":"","overlay-opacity":"","overlay-gradient":""}},"ast-content-background-meta":{"desktop":{"background-color":"var(--ast-global-color-5)","background-image":"","background-repeat":"repeat","background-position":"center center","background-size":"auto","background-attachment":"scroll","background-type":"","background-media":"","overlay-type":"","overlay-color":"","overlay-opacity":"","overlay-gradient":""},"tablet":{"background-color":"var(--ast-global-color-5)","background-image":"","background-repeat":"repeat","background-position":"center center","background-size":"auto","background-attachment":"scroll","background-type":"","background-media":"","overlay-type":"","overlay-color":"","overlay-opacity":"","overlay-gradient":""},"mobile":{"background-color":"var(--ast-global-color-5)","background-image":"","background-repeat":"repeat","background-position":"center center","background-size":"auto","background-attachment":"scroll","background-type":"","background-media":"","overlay-type":"","overlay-color":"","overlay-opacity":"","overlay-gradient":""}}},"product_brand":[],"product_cat":[111],"product_tag":[],"class_list":{"0":"post-9414","1":"product","2":"type-product","3":"status-publish","4":"has-post-thumbnail","6":"product_cat-produit-edulcorant","7":"desktop-align-center","8":"tablet-align-left","9":"mobile-align-left","11":"first","12":"instock","13":"shipping-taxable","14":"product-type-simple"},"yoast_head":"<!-- This site is optimized with the Yoast SEO plugin v26.5 - https:\/\/yoast.com\/wordpress\/plugins\/seo\/ -->\n<title>Fournisseur Glucose Liquide, Achetez du Sirop de Glucose \u00c0 Bas Prix | Niranbio Chemical<\/title>\n<meta name=\"description\" content=\"Le sirop de glucose, un liquide clair et visqueux fabriqu\u00e9 \u00e0 partir d&#039;amidon via des enzymes ou des acides, est largement utilis\u00e9 dans l&#039;industrie alimentaire pour la r\u00e9tention d&#039;humidit\u00e9.\" \/>\n<meta name=\"robots\" content=\"noindex, follow, max-snippet:-1, max-image-preview:large, max-video-preview:-1\" \/>\n<meta name=\"twitter:label1\" content=\"Dur\u00e9e de lecture estim\u00e9e\" \/>\n\t<meta name=\"twitter:data1\" content=\"5 minutes\" \/>\n<script type=\"application\/ld+json\" class=\"yoast-schema-graph\">{\"@context\":\"https:\/\/schema.org\",\"@graph\":[{\"@type\":\"WebPage\",\"@id\":\"https:\/\/theo.niranbio.com\/fr\/sirop-de-glucose.html\",\"url\":\"https:\/\/theo.niranbio.com\/fr\/sirop-de-glucose.html\",\"name\":\"Fournisseur Glucose Liquide, Achetez du Sirop de Glucose \u00c0 Bas Prix | Niranbio Chemical\",\"isPartOf\":{\"@id\":\"https:\/\/theo.niranbio.com\/fr\/#website\"},\"primaryImageOfPage\":{\"@id\":\"https:\/\/theo.niranbio.com\/fr\/sirop-de-glucose.html#primaryimage\"},\"image\":{\"@id\":\"https:\/\/theo.niranbio.com\/fr\/sirop-de-glucose.html#primaryimage\"},\"thumbnailUrl\":\"https:\/\/theo.niranbio.com\/wp-content\/uploads\/2024\/06\/Glucose-syrup.webp\",\"datePublished\":\"2024-06-20T01:23:52+00:00\",\"dateModified\":\"2024-08-19T05:42:31+00:00\",\"description\":\"Le sirop de glucose, un liquide clair et visqueux fabriqu\u00e9 \u00e0 partir d'amidon via des enzymes ou des acides, est largement utilis\u00e9 dans l'industrie alimentaire pour la r\u00e9tention d'humidit\u00e9.\",\"breadcrumb\":{\"@id\":\"https:\/\/theo.niranbio.com\/fr\/sirop-de-glucose.html#breadcrumb\"},\"inLanguage\":\"fr-FR\",\"potentialAction\":[{\"@type\":\"ReadAction\",\"target\":[\"https:\/\/theo.niranbio.com\/fr\/sirop-de-glucose.html\"]}]},{\"@type\":\"ImageObject\",\"inLanguage\":\"fr-FR\",\"@id\":\"https:\/\/theo.niranbio.com\/fr\/sirop-de-glucose.html#primaryimage\",\"url\":\"https:\/\/theo.niranbio.com\/wp-content\/uploads\/2024\/06\/Glucose-syrup.webp\",\"contentUrl\":\"https:\/\/theo.niranbio.com\/wp-content\/uploads\/2024\/06\/Glucose-syrup.webp\",\"width\":600,\"height\":600,\"caption\":\"Sirop de glucose\"},{\"@type\":\"BreadcrumbList\",\"@id\":\"https:\/\/theo.niranbio.com\/fr\/sirop-de-glucose.html#breadcrumb\",\"itemListElement\":[{\"@type\":\"ListItem\",\"position\":1,\"name\":\"Home\",\"item\":\"https:\/\/theo.niranbio.com\/fr\/\"},{\"@type\":\"ListItem\",\"position\":2,\"name\":\"Produits\",\"item\":\"https:\/\/theo.niranbio.com\/fr\/produits.html\"},{\"@type\":\"ListItem\",\"position\":3,\"name\":\"\u00c9dulcorant\",\"item\":\"https:\/\/theo.niranbio.com\/fr\/produit-edulcorant\/\"},{\"@type\":\"ListItem\",\"position\":4,\"name\":\"Sirop de glucose\"}]},{\"@type\":\"WebSite\",\"@id\":\"https:\/\/theo.niranbio.com\/fr\/#website\",\"url\":\"https:\/\/theo.niranbio.com\/fr\/\",\"name\":\"Niranbio Chemical\",\"description\":\"\",\"publisher\":{\"@id\":\"https:\/\/theo.niranbio.com\/fr\/#organization\"},\"potentialAction\":[{\"@type\":\"SearchAction\",\"target\":{\"@type\":\"EntryPoint\",\"urlTemplate\":\"https:\/\/theo.niranbio.com\/fr\/?s={search_term_string}\"},\"query-input\":{\"@type\":\"PropertyValueSpecification\",\"valueRequired\":true,\"valueName\":\"search_term_string\"}}],\"inLanguage\":\"fr-FR\"},{\"@type\":\"Organization\",\"@id\":\"https:\/\/theo.niranbio.com\/fr\/#organization\",\"name\":\"Niranbio Chemical\",\"url\":\"https:\/\/theo.niranbio.com\/fr\/\",\"logo\":{\"@type\":\"ImageObject\",\"inLanguage\":\"fr-FR\",\"@id\":\"https:\/\/theo.niranbio.com\/fr\/#\/schema\/logo\/image\/\",\"url\":\"https:\/\/theo.niranbio.com\/wp-content\/uploads\/2024\/06\/Niranbio.png\",\"contentUrl\":\"https:\/\/theo.niranbio.com\/wp-content\/uploads\/2024\/06\/Niranbio.png\",\"width\":270,\"height\":100,\"caption\":\"Niranbio Chemical\"},\"image\":{\"@id\":\"https:\/\/theo.niranbio.com\/fr\/#\/schema\/logo\/image\/\"}}]}<\/script>\n<!-- \/ Yoast SEO plugin. -->","yoast_head_json":{"title":"Fournisseur Glucose Liquide, Achetez du Sirop de Glucose \u00c0 Bas Prix | Niranbio Chemical","description":"Le sirop de glucose, un liquide clair et visqueux fabriqu\u00e9 \u00e0 partir d'amidon via des enzymes ou des acides, est largement utilis\u00e9 dans l'industrie alimentaire pour la r\u00e9tention d'humidit\u00e9.","robots":{"index":"noindex","follow":"follow","max-snippet":"max-snippet:-1","max-image-preview":"max-image-preview:large","max-video-preview":"max-video-preview:-1"},"twitter_misc":{"Dur\u00e9e de lecture estim\u00e9e":"5 minutes"},"schema":{"@context":"https:\/\/schema.org","@graph":[{"@type":"WebPage","@id":"https:\/\/theo.niranbio.com\/fr\/sirop-de-glucose.html","url":"https:\/\/theo.niranbio.com\/fr\/sirop-de-glucose.html","name":"Fournisseur Glucose Liquide, Achetez du Sirop de Glucose \u00c0 Bas Prix | Niranbio Chemical","isPartOf":{"@id":"https:\/\/theo.niranbio.com\/fr\/#website"},"primaryImageOfPage":{"@id":"https:\/\/theo.niranbio.com\/fr\/sirop-de-glucose.html#primaryimage"},"image":{"@id":"https:\/\/theo.niranbio.com\/fr\/sirop-de-glucose.html#primaryimage"},"thumbnailUrl":"https:\/\/theo.niranbio.com\/wp-content\/uploads\/2024\/06\/Glucose-syrup.webp","datePublished":"2024-06-20T01:23:52+00:00","dateModified":"2024-08-19T05:42:31+00:00","description":"Le sirop de glucose, un liquide clair et visqueux fabriqu\u00e9 \u00e0 partir d'amidon via des enzymes ou des acides, est largement utilis\u00e9 dans l'industrie alimentaire pour la r\u00e9tention d'humidit\u00e9.","breadcrumb":{"@id":"https:\/\/theo.niranbio.com\/fr\/sirop-de-glucose.html#breadcrumb"},"inLanguage":"fr-FR","potentialAction":[{"@type":"ReadAction","target":["https:\/\/theo.niranbio.com\/fr\/sirop-de-glucose.html"]}]},{"@type":"ImageObject","inLanguage":"fr-FR","@id":"https:\/\/theo.niranbio.com\/fr\/sirop-de-glucose.html#primaryimage","url":"https:\/\/theo.niranbio.com\/wp-content\/uploads\/2024\/06\/Glucose-syrup.webp","contentUrl":"https:\/\/theo.niranbio.com\/wp-content\/uploads\/2024\/06\/Glucose-syrup.webp","width":600,"height":600,"caption":"Sirop de glucose"},{"@type":"BreadcrumbList","@id":"https:\/\/theo.niranbio.com\/fr\/sirop-de-glucose.html#breadcrumb","itemListElement":[{"@type":"ListItem","position":1,"name":"Home","item":"https:\/\/theo.niranbio.com\/fr\/"},{"@type":"ListItem","position":2,"name":"Produits","item":"https:\/\/theo.niranbio.com\/fr\/produits.html"},{"@type":"ListItem","position":3,"name":"\u00c9dulcorant","item":"https:\/\/theo.niranbio.com\/fr\/produit-edulcorant\/"},{"@type":"ListItem","position":4,"name":"Sirop de glucose"}]},{"@type":"WebSite","@id":"https:\/\/theo.niranbio.com\/fr\/#website","url":"https:\/\/theo.niranbio.com\/fr\/","name":"Niranbio Chemical","description":"","publisher":{"@id":"https:\/\/theo.niranbio.com\/fr\/#organization"},"potentialAction":[{"@type":"SearchAction","target":{"@type":"EntryPoint","urlTemplate":"https:\/\/theo.niranbio.com\/fr\/?s={search_term_string}"},"query-input":{"@type":"PropertyValueSpecification","valueRequired":true,"valueName":"search_term_string"}}],"inLanguage":"fr-FR"},{"@type":"Organization","@id":"https:\/\/theo.niranbio.com\/fr\/#organization","name":"Niranbio Chemical","url":"https:\/\/theo.niranbio.com\/fr\/","logo":{"@type":"ImageObject","inLanguage":"fr-FR","@id":"https:\/\/theo.niranbio.com\/fr\/#\/schema\/logo\/image\/","url":"https:\/\/theo.niranbio.com\/wp-content\/uploads\/2024\/06\/Niranbio.png","contentUrl":"https:\/\/theo.niranbio.com\/wp-content\/uploads\/2024\/06\/Niranbio.png","width":270,"height":100,"caption":"Niranbio Chemical"},"image":{"@id":"https:\/\/theo.niranbio.com\/fr\/#\/schema\/logo\/image\/"}}]}},"_links":{"self":[{"href":"https:\/\/theo.niranbio.com\/fr\/wp-json\/wp\/v2\/product\/9414","targetHints":{"allow":["GET"]}}],"collection":[{"href":"https:\/\/theo.niranbio.com\/fr\/wp-json\/wp\/v2\/product"}],"about":[{"href":"https:\/\/theo.niranbio.com\/fr\/wp-json\/wp\/v2\/types\/product"}],"version-history":[{"count":0,"href":"https:\/\/theo.niranbio.com\/fr\/wp-json\/wp\/v2\/product\/9414\/revisions"}],"wp:featuredmedia":[{"embeddable":true,"href":"https:\/\/theo.niranbio.com\/fr\/wp-json\/wp\/v2\/media\/9415"}],"wp:attachment":[{"href":"https:\/\/theo.niranbio.com\/fr\/wp-json\/wp\/v2\/media?parent=9414"}],"wp:term":[{"taxonomy":"product_brand","embeddable":true,"href":"https:\/\/theo.niranbio.com\/fr\/wp-json\/wp\/v2\/product_brand?post=9414"},{"taxonomy":"product_cat","embeddable":true,"href":"https:\/\/theo.niranbio.com\/fr\/wp-json\/wp\/v2\/product_cat?post=9414"},{"taxonomy":"product_tag","embeddable":true,"href":"https:\/\/theo.niranbio.com\/fr\/wp-json\/wp\/v2\/product_tag?post=9414"}],"curies":[{"name":"wp","href":"https:\/\/api.w.org\/{rel}","templated":true}]}}