{"id":9408,"date":"2024-06-20T08:57:39","date_gmt":"2024-06-20T00:57:39","guid":{"rendered":"https:\/\/theo.niranbio.com\/citrate-de-potassium\/"},"modified":"2024-08-19T10:24:00","modified_gmt":"2024-08-19T02:24:00","slug":"citrate-de-potassium","status":"publish","type":"product","link":"https:\/\/theo.niranbio.com\/fr\/citrate-de-potassium.html","title":{"rendered":"Citrate de potassium"},"content":{"rendered":"<h2><span class=\"ez-toc-section\" id=\"Quest-ce_que_le_citrate_de_potassium\"><\/span>Qu&rsquo;est-ce que le citrate de potassium ?<span class=\"ez-toc-section-end\"><\/span><\/h2>\n<p>Le citrate de potassium est un compos\u00e9 organique qui se pr\u00e9sente sous la forme d&rsquo;une poudre cristalline blanche. Il est facilement soluble dans l&rsquo;eau et le glyc\u00e9rol, mais insoluble dans l&rsquo;\u00e9thanol. Le citrate de potassium est principalement utilis\u00e9 comme conservateur, stabilisant et tampon de pH, et est largement utilis\u00e9 dans les produits industriels et les additifs alimentaires. En outre, le citrate de potassium est \u00e9galement une substance importante dans le domaine m\u00e9dical. Il est class\u00e9 comme un suppl\u00e9ment min\u00e9ral et peut \u00eatre utilis\u00e9 pour contr\u00f4ler les calculs r\u00e9naux, l&rsquo;acide urique ou les maladies li\u00e9es \u00e0 la cystine, ainsi que pour pr\u00e9venir et traiter l&rsquo;hypokali\u00e9mie et alcaliniser l&rsquo;urine.<\/p>\n<p>Les principales mati\u00e8res premi\u00e8res du citrate de potassium sont l&rsquo;amidon de ma\u00efs, le phosphate dihydrog\u00e8ne de potassium, l&rsquo;acide citrique et les bact\u00e9ries de fermentation. Parmi eux, l&rsquo;amidon de ma\u00efs fournit une source de carbone pour la croissance de la fermentation, le phosphate dihydrog\u00e8ne de potassium est utilis\u00e9 pour ajuster la valeur du pH du processus de fermentation, et l&rsquo;acide citrique est un produit de fermentation ; et le produit est obtenu par fermentation, s\u00e9paration, d\u00e9coloration, concentration, cristallisation et autres moyens de traitement.<\/p>\n<h2><span class=\"ez-toc-section\" id=\"Parametres_associes\"><\/span>Param\u00e8tres associ\u00e9s :<span class=\"ez-toc-section-end\"><\/span><\/h2>\n<table>\n<tbody>\n<tr>\n<td>Article<\/td>\n<td>Standard<\/td>\n<\/tr>\n<tr>\n<td>Aspect<\/td>\n<td>Poudre granuleuse blanche ou presque blanche ou cristaux transparents<\/td>\n<\/tr>\n<tr>\n<td>Eau<\/td>\n<td>3.0-6.0%<\/td>\n<\/tr>\n<tr>\n<td>M\u00e9taux lourds<\/td>\n<td>max. 10ppm<\/td>\n<\/tr>\n<tr>\n<td>Plomb<\/td>\n<td>max.<br \/>\n1,0 ppm<\/td>\n<\/tr>\n<tr>\n<td>Sodium<\/td>\n<td>max.<br \/>\n0.3%<\/td>\n<\/tr>\n<tr>\n<td>Chlorures<\/td>\n<td>max.<br \/>\n50ppm<\/td>\n<\/tr>\n<tr>\n<td>Sulfates<\/td>\n<td>max.<br \/>\n150ppm<\/td>\n<\/tr>\n<tr>\n<td>Oxalates<\/td>\n<td>max.<br \/>\n300ppm<\/td>\n<\/tr>\n<tr>\n<td>Le fer<\/td>\n<td>max.<br \/>\n5,0 ppm<\/td>\n<\/tr>\n<tr>\n<td>Mercure<\/td>\n<td>max.<br \/>\n1,0 ppm<\/td>\n<\/tr>\n<tr>\n<td>Arsenic<\/td>\n<td>max.<br \/>\n0,1ppm<\/td>\n<\/tr>\n<tr>\n<td>Cadmium<\/td>\n<td>max.<br \/>\n1,0 ppm<\/td>\n<\/tr>\n<tr>\n<td>Tartrates<\/td>\n<td>Test r\u00e9ussi<\/td>\n<\/tr>\n<tr>\n<td>PH<\/td>\n<td>7.5-9.0<\/td>\n<\/tr>\n<tr>\n<td>Acidit\u00e9\/alcalinit\u00e9<\/td>\n<td>Test r\u00e9ussi<\/td>\n<\/tr>\n<tr>\n<td>Essai sur les substances facilement carbonisables<\/td>\n<td>Test r\u00e9ussi<\/td>\n<\/tr>\n<tr>\n<td>Dosage (sur substance anhydre)<\/td>\n<td>99.0-100.5%<\/td>\n<\/tr>\n<\/tbody>\n<\/table>\n<h2><span class=\"ez-toc-section\" id=\"Dosage_recommande\"><\/span>Dosage recommand\u00e9 :<span class=\"ez-toc-section-end\"><\/span><\/h2>\n<table>\n<tbody>\n<tr>\n<td>Nom de l&rsquo;aliment<\/td>\n<td>Utilisation maximale (g\/kg)<\/td>\n<\/tr>\n<tr>\n<td>Produits de boulangerie<\/td>\n<td>0,5-1g\/kg<\/td>\n<\/tr>\n<tr>\n<td>Pain<\/td>\n<td>0,5-1g\/kg<\/td>\n<\/tr>\n<tr>\n<td>Amidon et produits amylac\u00e9s<\/td>\n<td>0,5-1g\/kg<\/td>\n<\/tr>\n<tr>\n<td>Amidon comestible<\/td>\n<td>0,5-1g\/kg<\/td>\n<\/tr>\n<tr>\n<td>Produits carn\u00e9s pr\u00e9par\u00e9s<\/td>\n<td>0,5-1g\/kg<\/td>\n<\/tr>\n<tr>\n<td>Assaisonnements complexes<\/td>\n<td>0,5-1g\/kg<\/td>\n<\/tr>\n<tr>\n<td>Jambon occidental (jambon fum\u00e9, fum\u00e9, \u00e9tuv\u00e9)<\/td>\n<td>0,5-1g\/kg<\/td>\n<\/tr>\n<tr>\n<td>Sucres de l&rsquo;amidon (fructose, glucose, maltose, certains sucres invertis, etc.)<\/td>\n<td>0,5-1g\/kg<\/td>\n<\/tr>\n<tr>\n<td>Boissons gazeuses<\/td>\n<td>0,5-1g\/kg<\/td>\n<\/tr>\n<tr>\n<td>Caf\u00e9 instantan\u00e9<\/td>\n<td>0,5-1g\/kg<\/td>\n<\/tr>\n<tr>\n<td>Bi\u00e8re et boissons \u00e0 base de malt<\/td>\n<td>0,5-1g\/kg<\/td>\n<\/tr>\n<\/tbody>\n<\/table>\n<h2><span class=\"ez-toc-section\" id=\"Le_citrate_de_potassium_a_un_large_eventail_dutilisations\"><\/span>Le citrate de potassium a un large \u00e9ventail d&rsquo;utilisations<span class=\"ez-toc-section-end\"><\/span><\/h2>\n<h3><span class=\"ez-toc-section\" id=\"1_Acidifiant_alimentaire\"><\/span>1. Acidifiant alimentaire :<span class=\"ez-toc-section-end\"><\/span><\/h3>\n<p>Le citrate de potassium a pour fonction de r\u00e9guler l&rsquo;acidit\u00e9 et l&rsquo;acidit\u00e9, ce qui peut donner de l&rsquo;acidit\u00e9 aux aliments et aux boissons, am\u00e9liorer le go\u00fbt et la saveur. Il est largement utilis\u00e9 dans les boissons gazeuses, les jus de fruits, les bonbons et autres aliments.<\/p>\n<h3><span class=\"ez-toc-section\" id=\"2_Agent_aromatique\"><\/span>2. Agent aromatique :<span class=\"ez-toc-section-end\"><\/span><\/h3>\n<p>Le citrate de potassium peut \u00eatre utilis\u00e9 comme agent aromatisant pour am\u00e9liorer la fra\u00eecheur et augmenter l&rsquo;acidit\u00e9 des aliments. Dans la cuisson et la transformation des aliments, il peut \u00eatre utilis\u00e9 pour le marinage, la pr\u00e9paration de sauces et de salades, etc.<\/p>\n<h3><span class=\"ez-toc-section\" id=\"3_Conservateur\"><\/span>3. Conservateur :<span class=\"ez-toc-section-end\"><\/span><\/h3>\n<p>En tant que substance acide, le citrate de potassium a un certain effet inhibiteur sur certaines bact\u00e9ries et certains micro-organismes.<\/p>\n<h3><span class=\"ez-toc-section\" id=\"4_Favoriser_labsorption_du_fer\"><\/span>4. Favoriser l&rsquo;absorption du fer :<span class=\"ez-toc-section-end\"><\/span><\/h3>\n<p>Le citrate de potassium peut se combiner aux ions fer pour former un complexe de citrate de fer soluble, qui favorise l&rsquo;absorption et l&rsquo;utilisation du fer. Pour les personnes souffrant d&rsquo;an\u00e9mie ferriprive, le citrate de potassium peut aider \u00e0 compl\u00e9ter l&rsquo;apport en fer.<\/p>\n<h3><span class=\"ez-toc-section\" id=\"5_Regulation_metabolique\"><\/span>5. R\u00e9gulation m\u00e9tabolique :<span class=\"ez-toc-section-end\"><\/span><\/h3>\n<p>Le citrate de potassium peut affecter l&rsquo;\u00e9quilibre acido-basique de l&rsquo;organisme et r\u00e9guler le pH des fluides corporels. On pense qu&rsquo;il r\u00e9duit l&rsquo;accumulation de m\u00e9tabolites acides dans l&rsquo;organisme et aide \u00e0 maintenir l&rsquo;\u00e9quilibre acido-basique et la sant\u00e9 m\u00e9tabolique.<\/p>\n<h3><span class=\"ez-toc-section\" id=\"6_Diurese_et_alcalinisation\"><\/span>6. Diur\u00e8se et alcalinisation :<span class=\"ez-toc-section-end\"><\/span><\/h3>\n<p>Le citrate de potassium a un certain effet diur\u00e9tique, qui peut favoriser l&rsquo;excr\u00e9tion de l&rsquo;exc\u00e8s d&rsquo;eau et des d\u00e9chets dans l&rsquo;organisme. De plus, il peut \u00e9galement aider \u00e0 alcaliniser l&rsquo;urine et \u00e0 pr\u00e9venir les probl\u00e8mes li\u00e9s \u00e0 l&rsquo;acidification de l&rsquo;urine, comme la formation de calculs urinaires.<\/p>\n<h2><span class=\"ez-toc-section\" id=\"Question_posee_par_lutilisateur\"><\/span>Question pos\u00e9e par l&rsquo;utilisateur :<span class=\"ez-toc-section-end\"><\/span><\/h2>\n<p><strong>Question : Le citrate de potassium peut-il vraiment traiter les calculs r\u00e9naux ?<\/strong><\/p>\n<p>R\u00e9ponse : Le citrate de potassium est utile dans le traitement des calculs r\u00e9naux. Le citrate de potassium peut augmenter la valeur du pH de l&rsquo;urine et alcaliniser l&rsquo;urine. Il a un effet th\u00e9rapeutique sur les calculs d&rsquo;acide urique. En plus du traitement m\u00e9dicamenteux, les calculs r\u00e9naux doivent \u00e9galement ajuster la structure du r\u00e9gime alimentaire dans la vie quotidienne. Les patients souffrant de calculs d&rsquo;oxalate de calcium doivent \u00e9viter de manger des aliments riches en acide oxalique, tels que les betteraves, les tomates, le chocolat et d&rsquo;autres aliments. Pour les calculs idiopathiques riches en calcium, un r\u00e9gime pauvre en prot\u00e9ines, en sel et en graisses est utilis\u00e9.<\/p>\n<p>De plus, pour les calculs d&rsquo;acide urique, \u00e9vitez de manger des aliments riches en purine, des abats animaux et des fruits de mer. M\u00eame pendant le traitement, vous devez boire plus d&rsquo;eau, uriner plus et traiter activement la maladie primaire.<\/p>\n<p><strong>Question : Si je souhaite importer votre citrate de potassium, pouvez-vous fournir des certificats ?<\/strong><\/p>\n<p>R\u00e9ponse : Oui, nous sommes heureux de vous fournir diverses certifications, notamment USP, FCC, gamme de pH europ\u00e9enne, BP, JSFA et JP.<\/p>\n","protected":false},"excerpt":{"rendered":"<ul>\n<li>CAS : Monohydrate : 6100-05-6, Anhydre : 866-84-2<\/li>\n<li>Formule chimique : Monohydrate : <sub>K3C6H5O7*H2O<\/sub>, Anhydre : <i><sub>K3C6H5O7<\/sub><\/i><\/li>\n<li>Certifications : KOSHER, ISO, HALAL, FSSC 22000, BRC, etc.<\/li>\n<li>Norme : BP\/USP\/FCC<\/li>\n<li>Quantit\u00e9 minimum de commande : 1000 kg<\/li>\n<li>Dur\u00e9e de conservation : 3 ans<\/li>\n<\/ul>\n","protected":false},"featured_media":9409,"template":"","meta":{"site-sidebar-layout":"default","site-content-layout":"","ast-site-content-layout":"default","site-content-style":"default","site-sidebar-style":"default","ast-global-header-display":"","ast-banner-title-visibility":"","ast-main-header-display":"","ast-hfb-above-header-display":"","ast-hfb-below-header-display":"","ast-hfb-mobile-header-display":"","site-post-title":"","ast-breadcrumbs-content":"","ast-featured-img":"","footer-sml-layout":"","theme-transparent-header-meta":"default","adv-header-id-meta":"","stick-header-meta":"","header-above-stick-meta":"","header-main-stick-meta":"","header-below-stick-meta":"","astra-migrate-meta-layouts":"set","ast-page-background-enabled":"default","ast-page-background-meta":{"desktop":{"background-color":"var(--ast-global-color-4)","background-image":"","background-repeat":"repeat","background-position":"center center","background-size":"auto","background-attachment":"scroll","background-type":"","background-media":"","overlay-type":"","overlay-color":"","overlay-opacity":"","overlay-gradient":""},"tablet":{"background-color":"","background-image":"","background-repeat":"repeat","background-position":"center center","background-size":"auto","background-attachment":"scroll","background-type":"","background-media":"","overlay-type":"","overlay-color":"","overlay-opacity":"","overlay-gradient":""},"mobile":{"background-color":"","background-image":"","background-repeat":"repeat","background-position":"center center","background-size":"auto","background-attachment":"scroll","background-type":"","background-media":"","overlay-type":"","overlay-color":"","overlay-opacity":"","overlay-gradient":""}},"ast-content-background-meta":{"desktop":{"background-color":"var(--ast-global-color-5)","background-image":"","background-repeat":"repeat","background-position":"center center","background-size":"auto","background-attachment":"scroll","background-type":"","background-media":"","overlay-type":"","overlay-color":"","overlay-opacity":"","overlay-gradient":""},"tablet":{"background-color":"var(--ast-global-color-5)","background-image":"","background-repeat":"repeat","background-position":"center center","background-size":"auto","background-attachment":"scroll","background-type":"","background-media":"","overlay-type":"","overlay-color":"","overlay-opacity":"","overlay-gradient":""},"mobile":{"background-color":"var(--ast-global-color-5)","background-image":"","background-repeat":"repeat","background-position":"center center","background-size":"auto","background-attachment":"scroll","background-type":"","background-media":"","overlay-type":"","overlay-color":"","overlay-opacity":"","overlay-gradient":""}}},"product_brand":[],"product_cat":[101],"product_tag":[],"class_list":{"0":"post-9408","1":"product","2":"type-product","3":"status-publish","4":"has-post-thumbnail","6":"product_cat-produit-acidulant","7":"desktop-align-center","8":"tablet-align-left","9":"mobile-align-left","11":"first","12":"instock","13":"shipping-taxable","14":"product-type-simple"},"yoast_head":"<!-- This site is optimized with the Yoast SEO plugin v26.5 - https:\/\/yoast.com\/wordpress\/plugins\/seo\/ -->\n<title>Citrate De Potassium En Poudre, Citrate De Potassium Prix | Niranbio Chemical<\/title>\n<meta name=\"description\" content=\"Nous proposons de la poudre de citrate de potassium (r\u00e9gulateur d&#039;acidit\u00e9 332) de qualit\u00e9 alimentaire qui pr\u00e9sente une excellente solubilit\u00e9 et agit comme un agent tampon efficace.\" \/>\n<meta name=\"robots\" content=\"noindex, follow, max-snippet:-1, max-image-preview:large, max-video-preview:-1\" \/>\n<meta name=\"twitter:label1\" content=\"Dur\u00e9e de lecture estim\u00e9e\" \/>\n\t<meta name=\"twitter:data1\" content=\"4 minutes\" \/>\n<script type=\"application\/ld+json\" class=\"yoast-schema-graph\">{\"@context\":\"https:\/\/schema.org\",\"@graph\":[{\"@type\":\"WebPage\",\"@id\":\"https:\/\/theo.niranbio.com\/fr\/citrate-de-potassium.html\",\"url\":\"https:\/\/theo.niranbio.com\/fr\/citrate-de-potassium.html\",\"name\":\"Citrate De Potassium En Poudre, Citrate De Potassium Prix | Niranbio Chemical\",\"isPartOf\":{\"@id\":\"https:\/\/theo.niranbio.com\/fr\/#website\"},\"primaryImageOfPage\":{\"@id\":\"https:\/\/theo.niranbio.com\/fr\/citrate-de-potassium.html#primaryimage\"},\"image\":{\"@id\":\"https:\/\/theo.niranbio.com\/fr\/citrate-de-potassium.html#primaryimage\"},\"thumbnailUrl\":\"https:\/\/theo.niranbio.com\/wp-content\/uploads\/2024\/06\/Potassium-Citrat.webp\",\"datePublished\":\"2024-06-20T00:57:39+00:00\",\"dateModified\":\"2024-08-19T02:24:00+00:00\",\"description\":\"Nous proposons de la poudre de citrate de potassium (r\u00e9gulateur d'acidit\u00e9 332) de qualit\u00e9 alimentaire qui pr\u00e9sente une excellente solubilit\u00e9 et agit comme un agent tampon efficace.\",\"breadcrumb\":{\"@id\":\"https:\/\/theo.niranbio.com\/fr\/citrate-de-potassium.html#breadcrumb\"},\"inLanguage\":\"fr-FR\",\"potentialAction\":[{\"@type\":\"ReadAction\",\"target\":[\"https:\/\/theo.niranbio.com\/fr\/citrate-de-potassium.html\"]}]},{\"@type\":\"ImageObject\",\"inLanguage\":\"fr-FR\",\"@id\":\"https:\/\/theo.niranbio.com\/fr\/citrate-de-potassium.html#primaryimage\",\"url\":\"https:\/\/theo.niranbio.com\/wp-content\/uploads\/2024\/06\/Potassium-Citrat.webp\",\"contentUrl\":\"https:\/\/theo.niranbio.com\/wp-content\/uploads\/2024\/06\/Potassium-Citrat.webp\",\"width\":600,\"height\":600,\"caption\":\"Citrate de potassium\"},{\"@type\":\"BreadcrumbList\",\"@id\":\"https:\/\/theo.niranbio.com\/fr\/citrate-de-potassium.html#breadcrumb\",\"itemListElement\":[{\"@type\":\"ListItem\",\"position\":1,\"name\":\"Home\",\"item\":\"https:\/\/theo.niranbio.com\/fr\/\"},{\"@type\":\"ListItem\",\"position\":2,\"name\":\"Produits\",\"item\":\"https:\/\/theo.niranbio.com\/fr\/produits.html\"},{\"@type\":\"ListItem\",\"position\":3,\"name\":\"Acidulant\",\"item\":\"https:\/\/theo.niranbio.com\/fr\/produit-acidulant\/\"},{\"@type\":\"ListItem\",\"position\":4,\"name\":\"Citrate de potassium\"}]},{\"@type\":\"WebSite\",\"@id\":\"https:\/\/theo.niranbio.com\/fr\/#website\",\"url\":\"https:\/\/theo.niranbio.com\/fr\/\",\"name\":\"Niranbio Chemical\",\"description\":\"\",\"publisher\":{\"@id\":\"https:\/\/theo.niranbio.com\/fr\/#organization\"},\"potentialAction\":[{\"@type\":\"SearchAction\",\"target\":{\"@type\":\"EntryPoint\",\"urlTemplate\":\"https:\/\/theo.niranbio.com\/fr\/?s={search_term_string}\"},\"query-input\":{\"@type\":\"PropertyValueSpecification\",\"valueRequired\":true,\"valueName\":\"search_term_string\"}}],\"inLanguage\":\"fr-FR\"},{\"@type\":\"Organization\",\"@id\":\"https:\/\/theo.niranbio.com\/fr\/#organization\",\"name\":\"Niranbio Chemical\",\"url\":\"https:\/\/theo.niranbio.com\/fr\/\",\"logo\":{\"@type\":\"ImageObject\",\"inLanguage\":\"fr-FR\",\"@id\":\"https:\/\/theo.niranbio.com\/fr\/#\/schema\/logo\/image\/\",\"url\":\"https:\/\/theo.niranbio.com\/wp-content\/uploads\/2024\/06\/Niranbio.png\",\"contentUrl\":\"https:\/\/theo.niranbio.com\/wp-content\/uploads\/2024\/06\/Niranbio.png\",\"width\":270,\"height\":100,\"caption\":\"Niranbio Chemical\"},\"image\":{\"@id\":\"https:\/\/theo.niranbio.com\/fr\/#\/schema\/logo\/image\/\"}}]}<\/script>\n<!-- \/ Yoast SEO plugin. -->","yoast_head_json":{"title":"Citrate De Potassium En Poudre, Citrate De Potassium Prix | Niranbio Chemical","description":"Nous proposons de la poudre de citrate de potassium (r\u00e9gulateur d'acidit\u00e9 332) de qualit\u00e9 alimentaire qui pr\u00e9sente une excellente solubilit\u00e9 et agit comme un agent tampon efficace.","robots":{"index":"noindex","follow":"follow","max-snippet":"max-snippet:-1","max-image-preview":"max-image-preview:large","max-video-preview":"max-video-preview:-1"},"twitter_misc":{"Dur\u00e9e de lecture estim\u00e9e":"4 minutes"},"schema":{"@context":"https:\/\/schema.org","@graph":[{"@type":"WebPage","@id":"https:\/\/theo.niranbio.com\/fr\/citrate-de-potassium.html","url":"https:\/\/theo.niranbio.com\/fr\/citrate-de-potassium.html","name":"Citrate De Potassium En Poudre, Citrate De Potassium Prix | Niranbio Chemical","isPartOf":{"@id":"https:\/\/theo.niranbio.com\/fr\/#website"},"primaryImageOfPage":{"@id":"https:\/\/theo.niranbio.com\/fr\/citrate-de-potassium.html#primaryimage"},"image":{"@id":"https:\/\/theo.niranbio.com\/fr\/citrate-de-potassium.html#primaryimage"},"thumbnailUrl":"https:\/\/theo.niranbio.com\/wp-content\/uploads\/2024\/06\/Potassium-Citrat.webp","datePublished":"2024-06-20T00:57:39+00:00","dateModified":"2024-08-19T02:24:00+00:00","description":"Nous proposons de la poudre de citrate de potassium (r\u00e9gulateur d'acidit\u00e9 332) de qualit\u00e9 alimentaire qui pr\u00e9sente une excellente solubilit\u00e9 et agit comme un agent tampon efficace.","breadcrumb":{"@id":"https:\/\/theo.niranbio.com\/fr\/citrate-de-potassium.html#breadcrumb"},"inLanguage":"fr-FR","potentialAction":[{"@type":"ReadAction","target":["https:\/\/theo.niranbio.com\/fr\/citrate-de-potassium.html"]}]},{"@type":"ImageObject","inLanguage":"fr-FR","@id":"https:\/\/theo.niranbio.com\/fr\/citrate-de-potassium.html#primaryimage","url":"https:\/\/theo.niranbio.com\/wp-content\/uploads\/2024\/06\/Potassium-Citrat.webp","contentUrl":"https:\/\/theo.niranbio.com\/wp-content\/uploads\/2024\/06\/Potassium-Citrat.webp","width":600,"height":600,"caption":"Citrate de potassium"},{"@type":"BreadcrumbList","@id":"https:\/\/theo.niranbio.com\/fr\/citrate-de-potassium.html#breadcrumb","itemListElement":[{"@type":"ListItem","position":1,"name":"Home","item":"https:\/\/theo.niranbio.com\/fr\/"},{"@type":"ListItem","position":2,"name":"Produits","item":"https:\/\/theo.niranbio.com\/fr\/produits.html"},{"@type":"ListItem","position":3,"name":"Acidulant","item":"https:\/\/theo.niranbio.com\/fr\/produit-acidulant\/"},{"@type":"ListItem","position":4,"name":"Citrate de potassium"}]},{"@type":"WebSite","@id":"https:\/\/theo.niranbio.com\/fr\/#website","url":"https:\/\/theo.niranbio.com\/fr\/","name":"Niranbio Chemical","description":"","publisher":{"@id":"https:\/\/theo.niranbio.com\/fr\/#organization"},"potentialAction":[{"@type":"SearchAction","target":{"@type":"EntryPoint","urlTemplate":"https:\/\/theo.niranbio.com\/fr\/?s={search_term_string}"},"query-input":{"@type":"PropertyValueSpecification","valueRequired":true,"valueName":"search_term_string"}}],"inLanguage":"fr-FR"},{"@type":"Organization","@id":"https:\/\/theo.niranbio.com\/fr\/#organization","name":"Niranbio Chemical","url":"https:\/\/theo.niranbio.com\/fr\/","logo":{"@type":"ImageObject","inLanguage":"fr-FR","@id":"https:\/\/theo.niranbio.com\/fr\/#\/schema\/logo\/image\/","url":"https:\/\/theo.niranbio.com\/wp-content\/uploads\/2024\/06\/Niranbio.png","contentUrl":"https:\/\/theo.niranbio.com\/wp-content\/uploads\/2024\/06\/Niranbio.png","width":270,"height":100,"caption":"Niranbio Chemical"},"image":{"@id":"https:\/\/theo.niranbio.com\/fr\/#\/schema\/logo\/image\/"}}]}},"_links":{"self":[{"href":"https:\/\/theo.niranbio.com\/fr\/wp-json\/wp\/v2\/product\/9408","targetHints":{"allow":["GET"]}}],"collection":[{"href":"https:\/\/theo.niranbio.com\/fr\/wp-json\/wp\/v2\/product"}],"about":[{"href":"https:\/\/theo.niranbio.com\/fr\/wp-json\/wp\/v2\/types\/product"}],"version-history":[{"count":0,"href":"https:\/\/theo.niranbio.com\/fr\/wp-json\/wp\/v2\/product\/9408\/revisions"}],"wp:featuredmedia":[{"embeddable":true,"href":"https:\/\/theo.niranbio.com\/fr\/wp-json\/wp\/v2\/media\/9409"}],"wp:attachment":[{"href":"https:\/\/theo.niranbio.com\/fr\/wp-json\/wp\/v2\/media?parent=9408"}],"wp:term":[{"taxonomy":"product_brand","embeddable":true,"href":"https:\/\/theo.niranbio.com\/fr\/wp-json\/wp\/v2\/product_brand?post=9408"},{"taxonomy":"product_cat","embeddable":true,"href":"https:\/\/theo.niranbio.com\/fr\/wp-json\/wp\/v2\/product_cat?post=9408"},{"taxonomy":"product_tag","embeddable":true,"href":"https:\/\/theo.niranbio.com\/fr\/wp-json\/wp\/v2\/product_tag?post=9408"}],"curies":[{"name":"wp","href":"https:\/\/api.w.org\/{rel}","templated":true}]}}