{"id":9405,"date":"2024-06-19T17:20:46","date_gmt":"2024-06-19T09:20:46","guid":{"rendered":"https:\/\/theo.niranbio.com\/dsp-phosphate-disodique-anhydre\/"},"modified":"2024-08-19T14:13:45","modified_gmt":"2024-08-19T06:13:45","slug":"dsp-phosphate-disodique-anhydre","status":"publish","type":"product","link":"https:\/\/theo.niranbio.com\/fr\/dsp-phosphate-disodique-anhydre.html","title":{"rendered":"DSP \u2014 Phosphate disodique anhydre"},"content":{"rendered":"<h2><span class=\"ez-toc-section\" id=\"Quest-ce_que_le_DSP_phosphate_disodique_anhydre\"><\/span>Qu&rsquo;est-ce que le DSP (phosphate disodique anhydre) ?<span class=\"ez-toc-section-end\"><\/span><\/h2>\n<p>Le phosphate disodique anhydre est un compos\u00e9 qui ne contient pas de mol\u00e9cules d&rsquo;eau cristallines. Il se pr\u00e9sente sous la forme d&rsquo;une poudre cristalline blanche, est facilement soluble et sa solution aqueuse est alcaline. Il est largement utilis\u00e9 dans les aliments comme r\u00e9gulateur d&rsquo;acidit\u00e9, \u00e9mulsifiant, stabilisant et agent de r\u00e9tention d&rsquo;humidit\u00e9. Une substance qui ne contient pas de mol\u00e9cules d&rsquo;eau cristallines est le phosphate disodique anhydre. Il est librement soluble, a une solution aqueuse alcaline et se pr\u00e9sente sous la forme d&rsquo;une poudre cristalline blanche. Il est fr\u00e9quemment utilis\u00e9 dans les aliments comme \u00e9mulsifiant, agent de r\u00e9tention d&rsquo;humidit\u00e9, stabilisant et r\u00e9gulateur d&rsquo;acidit\u00e9. Le phosphate disodique anhydre est principalement pr\u00e9par\u00e9 en Chine par neutralisation et d\u00e9shydratation.<\/p>\n<p>La m\u00e9thode de neutralisation consiste \u00e0 faire r\u00e9agir de l&rsquo;acide phosphorique avec du carbonate de sodium ou de l&rsquo;hydroxyde de sodium pour produire de l&rsquo;hydrog\u00e9nophosphate disodique, qui est ensuite \u00e9vapor\u00e9, concentr\u00e9 et s\u00e9ch\u00e9 pour obtenir un produit anhydre. La m\u00e9thode de d\u00e9shydratation consiste \u00e0 chauffer et \u00e0 d\u00e9shydrater le phosphate disodique monohydrat\u00e9 ou dihydrat\u00e9 \u00e0 haute temp\u00e9rature pour obtenir directement du phosphate disodique anhydre. \u00c0 l&rsquo;heure actuelle, la m\u00e9thode de d\u00e9shydratation est la m\u00e9thode courante de pr\u00e9paration du phosphate disodique anhydre en Chine. \u00c9tant donn\u00e9 que la m\u00e9thode de d\u00e9shydratation est simple \u00e0 mettre en \u0153uvre et peu co\u00fbteuse, les mati\u00e8res premi\u00e8res aqueuses existantes de phosphate disodique hydrog\u00e9n\u00e9 peuvent \u00eatre utilis\u00e9es pour obtenir un produit anhydre par chauffage et d\u00e9shydratation, ce qui la rend tr\u00e8s adapt\u00e9e \u00e0 la production \u00e0 grande \u00e9chelle.<\/p>\n<h2><span class=\"ez-toc-section\" id=\"Parametres_associes\"><\/span>Param\u00e8tres associ\u00e9s :<span class=\"ez-toc-section-end\"><\/span><\/h2>\n<table>\n<tbody>\n<tr>\n<td><strong>Objet<\/strong><\/td>\n<td><strong>Unit\u00e9<\/strong><\/td>\n<td><strong>Sp\u00e9cification<\/strong><\/td>\n<\/tr>\n<tr>\n<td>Solubilit\u00e9<\/td>\n<td><\/td>\n<td>Facilement soluble dans l&rsquo;eau.<br \/>\nInsoluble dans l&rsquo;\u00e9thanol<\/td>\n<\/tr>\n<tr>\n<td>PH (solution \u00e0 1%) :<\/td>\n<td><\/td>\n<td>8.5-10.0<\/td>\n<\/tr>\n<tr>\n<td>Dosage (en tant que Na2HPO4)<\/td>\n<td>%<\/td>\n<td>98% Min<\/td>\n<\/tr>\n<tr>\n<td>P2O5(sur base anhydre)<\/td>\n<td>%<\/td>\n<td>Entre 49 % et 51 %<\/td>\n<\/tr>\n<tr>\n<td>Flouride<\/td>\n<td>mg\/kg<\/td>\n<td>Pas plus de 10<\/td>\n<\/tr>\n<tr>\n<td>M\u00e9taux lourds (Pb)<\/td>\n<td>mg\/kg<\/td>\n<td>Pas plus de 10<\/td>\n<\/tr>\n<tr>\n<td>Arsenic (As)<\/td>\n<td>mg\/kg<\/td>\n<td>Pas plus de 3<\/td>\n<\/tr>\n<tr>\n<td>Mati\u00e8res insolubles dans l&rsquo;eau<\/td>\n<td>%<\/td>\n<td>0,2 % (sur la base anhydre)<\/td>\n<\/tr>\n<tr>\n<td>Plomb<\/td>\n<td>mg\/kg<\/td>\n<td>Pas plus de 2<\/td>\n<\/tr>\n<tr>\n<td>densit\u00e9 apparente<\/td>\n<td>g\/l<\/td>\n<td>650-750<\/td>\n<\/tr>\n<tr>\n<td>Mercure (Hg)<\/td>\n<td>mg\/kg<\/td>\n<td>Pas plus de 1<\/td>\n<\/tr>\n<tr>\n<td>Cadmium (Cd)<\/td>\n<td>mg\/kg<\/td>\n<td>Pas plus de 1<\/td>\n<\/tr>\n<tr>\n<td>Perte au s\u00e9chage (humidit\u00e9)<\/td>\n<td>%<\/td>\n<td>Pas plus de 5%<\/td>\n<\/tr>\n<tr>\n<td>Distribution de la taille des particules<\/td>\n<td>%<\/td>\n<td>A travers 100mesh 80% Min<\/td>\n<\/tr>\n<\/tbody>\n<\/table>\n<h2><span class=\"ez-toc-section\" id=\"Dosage_recommande\"><\/span>Dosage recommand\u00e9 :<span class=\"ez-toc-section-end\"><\/span><\/h2>\n<table>\n<tbody>\n<tr>\n<td><strong>Nom de l&rsquo;aliment<\/strong><\/td>\n<td><strong>Utilisation maximale (g\/kg)<\/strong><\/td>\n<\/tr>\n<tr>\n<td>Pain<\/td>\n<td>1 g\/kg<\/td>\n<\/tr>\n<tr>\n<td>G\u00e2teau<\/td>\n<td>1 g\/kg<\/td>\n<\/tr>\n<tr>\n<td>Cr\u00e8me glac\u00e9e<\/td>\n<td>1 g\/kg<\/td>\n<\/tr>\n<tr>\n<td>Yaourt<\/td>\n<td>0,7 g\/kg<\/td>\n<\/tr>\n<tr>\n<td>Fromage<\/td>\n<td>1 g\/kg<\/td>\n<\/tr>\n<tr>\n<td>Boissons lact\u00e9es<\/td>\n<td>1 g\/kg<\/td>\n<\/tr>\n<tr>\n<td>Boissons aux fruits<\/td>\n<td>0,5 g\/kg<\/td>\n<\/tr>\n<tr>\n<td>Boissons pour sportifs<\/td>\n<td>0,7 g\/kg<\/td>\n<\/tr>\n<tr>\n<td>Aliments en conserve<\/td>\n<td>0,6 g\/kg<\/td>\n<\/tr>\n<tr>\n<td>Sauces et condiments<\/td>\n<td>0,6 g\/kg<\/td>\n<\/tr>\n<tr>\n<td>Bonbons<\/td>\n<td>1 g\/kg<\/td>\n<\/tr>\n<tr>\n<td>Chocolat<\/td>\n<td>1 g\/kg<\/td>\n<\/tr>\n<tr>\n<td>Gel\u00e9e<\/td>\n<td>0,7 g\/kg<\/td>\n<\/tr>\n<tr>\n<td>Produits \u00e0 base de viande (tels que saucisses et jambon)<\/td>\n<td>1 g\/kg<\/td>\n<\/tr>\n<tr>\n<td>Th\u00e9 au lait<\/td>\n<td>0,7 g\/kg<\/td>\n<\/tr>\n<\/tbody>\n<\/table>\n<h2><span class=\"ez-toc-section\" id=\"Le_phosphate_disodique_anhydre_a_une_large_gamme_dutilisations\"><\/span>Le phosphate disodique anhydre a une large gamme d&rsquo;utilisations<span class=\"ez-toc-section-end\"><\/span><\/h2>\n<p>1. R\u00e9gulateur d&rsquo;acidit\u00e9 : ajuste et stabilise la valeur du pH des aliments pour emp\u00eacher l&rsquo;acidit\u00e9 ou l&rsquo;alcalinit\u00e9 d&rsquo;affecter le go\u00fbt et la dur\u00e9e de conservation des aliments.<\/p>\n<p>2. \u00c9mulsifiant : aide l&rsquo;huile et l&rsquo;eau \u00e0 se m\u00e9langer uniform\u00e9ment, emp\u00eache la s\u00e9paration et am\u00e9liore la texture et l&rsquo;apparence des aliments.<\/p>\n<p>3. Stabilisateur : augmente la stabilit\u00e9 des aliments, emp\u00eache la s\u00e9paration et la cristallisation des ingr\u00e9dients.<\/p>\n<p>4. Agent antiagglom\u00e9rant : emp\u00eache les aliments en poudre ou en granul\u00e9s de s&rsquo;agglom\u00e9rer pendant le stockage et maintient leur fluidit\u00e9.<\/p>\n<p>5. Exhausteur de nutrition : fournit des \u00e9l\u00e9ments de sodium et de phosphore pour am\u00e9liorer la valeur nutritionnelle des aliments.<\/p>\n<h2><span class=\"ez-toc-section\" id=\"Question_posee_par_lutilisateur\"><\/span>Question pos\u00e9e par l&rsquo;utilisateur :<span class=\"ez-toc-section-end\"><\/span><\/h2>\n<p><strong>Question : Quelle est la diff\u00e9rence entre le phosphate disodique anhydre et le phosphate de sodium dihydrat\u00e9 ?<\/strong><\/p>\n<p>R\u00e9ponse : Le phosphate disodique anhydre ne contient pas d&rsquo;eau de cristallisation, tandis que le phosphate de sodium dihydrat\u00e9 (tel que monohydrat\u00e9 ou dihydrat\u00e9) contient de l&rsquo;eau de cristallisation. Le phosphate disodique anhydre convient aux applications sensibles \u00e0 l&rsquo;humidit\u00e9 et pr\u00e9sente une puret\u00e9 et une stabilit\u00e9 sup\u00e9rieures.<\/p>\n<p><strong>Question : Comment conserver le phosphate disodique anhydre ?<\/strong><\/p>\n<p>R\u00e9ponse : Le phosphate disodique anhydre doit \u00eatre stock\u00e9 dans un endroit frais, sec et bien ventil\u00e9, en \u00e9vitant tout contact avec un environnement humide pour \u00e9viter l&rsquo;absorption d&rsquo;humidit\u00e9 et l&rsquo;agglom\u00e9ration.<\/p>\n","protected":false},"excerpt":{"rendered":"<ul>\n<li>CAS: 7558-79-4<\/li>\n<li>Formule chimique: Na<sub>2<\/sub>HPO<sub>4<\/sub><\/li>\n<li>Certifications : KOSHER, ISO, HALAL, FSSC 22000, BRC, etc.<\/li>\n<li>Quantit\u00e9 minimum de commande : 1000 kg<\/li>\n<li>Dur\u00e9e de conservation : 2 ans<\/li>\n<\/ul>\n<div id=\"gtx-trans\" style=\"position: absolute; left: -29px; top: 134.109px;\">\n<div class=\"gtx-trans-icon\"><\/div>\n<\/div>\n","protected":false},"featured_media":9406,"template":"","meta":{"site-sidebar-layout":"default","site-content-layout":"","ast-site-content-layout":"default","site-content-style":"default","site-sidebar-style":"default","ast-global-header-display":"","ast-banner-title-visibility":"","ast-main-header-display":"","ast-hfb-above-header-display":"","ast-hfb-below-header-display":"","ast-hfb-mobile-header-display":"","site-post-title":"","ast-breadcrumbs-content":"","ast-featured-img":"","footer-sml-layout":"","theme-transparent-header-meta":"default","adv-header-id-meta":"","stick-header-meta":"","header-above-stick-meta":"","header-main-stick-meta":"","header-below-stick-meta":"","astra-migrate-meta-layouts":"set","ast-page-background-enabled":"default","ast-page-background-meta":{"desktop":{"background-color":"var(--ast-global-color-4)","background-image":"","background-repeat":"repeat","background-position":"center center","background-size":"auto","background-attachment":"scroll","background-type":"","background-media":"","overlay-type":"","overlay-color":"","overlay-opacity":"","overlay-gradient":""},"tablet":{"background-color":"","background-image":"","background-repeat":"repeat","background-position":"center center","background-size":"auto","background-attachment":"scroll","background-type":"","background-media":"","overlay-type":"","overlay-color":"","overlay-opacity":"","overlay-gradient":""},"mobile":{"background-color":"","background-image":"","background-repeat":"repeat","background-position":"center center","background-size":"auto","background-attachment":"scroll","background-type":"","background-media":"","overlay-type":"","overlay-color":"","overlay-opacity":"","overlay-gradient":""}},"ast-content-background-meta":{"desktop":{"background-color":"var(--ast-global-color-5)","background-image":"","background-repeat":"repeat","background-position":"center center","background-size":"auto","background-attachment":"scroll","background-type":"","background-media":"","overlay-type":"","overlay-color":"","overlay-opacity":"","overlay-gradient":""},"tablet":{"background-color":"var(--ast-global-color-5)","background-image":"","background-repeat":"repeat","background-position":"center center","background-size":"auto","background-attachment":"scroll","background-type":"","background-media":"","overlay-type":"","overlay-color":"","overlay-opacity":"","overlay-gradient":""},"mobile":{"background-color":"var(--ast-global-color-5)","background-image":"","background-repeat":"repeat","background-position":"center center","background-size":"auto","background-attachment":"scroll","background-type":"","background-media":"","overlay-type":"","overlay-color":"","overlay-opacity":"","overlay-gradient":""}}},"product_brand":[],"product_cat":[108],"product_tag":[],"class_list":{"0":"post-9405","1":"product","2":"type-product","3":"status-publish","4":"has-post-thumbnail","6":"product_cat-produit-phosphate","7":"desktop-align-center","8":"tablet-align-left","9":"mobile-align-left","11":"first","12":"instock","13":"shipping-taxable","14":"product-type-simple"},"yoast_head":"<!-- This site is optimized with the Yoast SEO plugin v26.5 - https:\/\/yoast.com\/wordpress\/plugins\/seo\/ -->\n<title>Fournisseur de Phosphate Disodique Anhydre | Niranbio Chemical<\/title>\n<meta name=\"description\" content=\"Nos phosphates disodiques anhydres (DSP) sont certifi\u00e9s selon les normes KOSHER, HALAL, ISO, FSSC22000 et BRC. DSP garantit la qualit\u00e9 et la s\u00e9curit\u00e9 des applications alimentaires.\" \/>\n<meta name=\"robots\" content=\"noindex, follow, max-snippet:-1, max-image-preview:large, max-video-preview:-1\" \/>\n<meta name=\"twitter:label1\" content=\"Dur\u00e9e de lecture estim\u00e9e\" \/>\n\t<meta name=\"twitter:data1\" content=\"4 minutes\" \/>\n<script type=\"application\/ld+json\" class=\"yoast-schema-graph\">{\"@context\":\"https:\/\/schema.org\",\"@graph\":[{\"@type\":\"WebPage\",\"@id\":\"https:\/\/theo.niranbio.com\/fr\/dsp-phosphate-disodique-anhydre.html\",\"url\":\"https:\/\/theo.niranbio.com\/fr\/dsp-phosphate-disodique-anhydre.html\",\"name\":\"Fournisseur de Phosphate Disodique Anhydre | Niranbio Chemical\",\"isPartOf\":{\"@id\":\"https:\/\/theo.niranbio.com\/fr\/#website\"},\"primaryImageOfPage\":{\"@id\":\"https:\/\/theo.niranbio.com\/fr\/dsp-phosphate-disodique-anhydre.html#primaryimage\"},\"image\":{\"@id\":\"https:\/\/theo.niranbio.com\/fr\/dsp-phosphate-disodique-anhydre.html#primaryimage\"},\"thumbnailUrl\":\"https:\/\/theo.niranbio.com\/wp-content\/uploads\/2024\/06\/DSP-Disodium-Phosphate-anhydrous.webp\",\"datePublished\":\"2024-06-19T09:20:46+00:00\",\"dateModified\":\"2024-08-19T06:13:45+00:00\",\"description\":\"Nos phosphates disodiques anhydres (DSP) sont certifi\u00e9s selon les normes KOSHER, HALAL, ISO, FSSC22000 et BRC. DSP garantit la qualit\u00e9 et la s\u00e9curit\u00e9 des applications alimentaires.\",\"breadcrumb\":{\"@id\":\"https:\/\/theo.niranbio.com\/fr\/dsp-phosphate-disodique-anhydre.html#breadcrumb\"},\"inLanguage\":\"fr-FR\",\"potentialAction\":[{\"@type\":\"ReadAction\",\"target\":[\"https:\/\/theo.niranbio.com\/fr\/dsp-phosphate-disodique-anhydre.html\"]}]},{\"@type\":\"ImageObject\",\"inLanguage\":\"fr-FR\",\"@id\":\"https:\/\/theo.niranbio.com\/fr\/dsp-phosphate-disodique-anhydre.html#primaryimage\",\"url\":\"https:\/\/theo.niranbio.com\/wp-content\/uploads\/2024\/06\/DSP-Disodium-Phosphate-anhydrous.webp\",\"contentUrl\":\"https:\/\/theo.niranbio.com\/wp-content\/uploads\/2024\/06\/DSP-Disodium-Phosphate-anhydrous.webp\",\"width\":600,\"height\":600,\"caption\":\"Phosphate disodique anhydre\"},{\"@type\":\"BreadcrumbList\",\"@id\":\"https:\/\/theo.niranbio.com\/fr\/dsp-phosphate-disodique-anhydre.html#breadcrumb\",\"itemListElement\":[{\"@type\":\"ListItem\",\"position\":1,\"name\":\"Home\",\"item\":\"https:\/\/theo.niranbio.com\/fr\/\"},{\"@type\":\"ListItem\",\"position\":2,\"name\":\"Produits\",\"item\":\"https:\/\/theo.niranbio.com\/fr\/produits.html\"},{\"@type\":\"ListItem\",\"position\":3,\"name\":\"Phosphat\u00e9\",\"item\":\"https:\/\/theo.niranbio.com\/fr\/produit-phosphate\/\"},{\"@type\":\"ListItem\",\"position\":4,\"name\":\"DSP \u2014 Phosphate disodique anhydre\"}]},{\"@type\":\"WebSite\",\"@id\":\"https:\/\/theo.niranbio.com\/fr\/#website\",\"url\":\"https:\/\/theo.niranbio.com\/fr\/\",\"name\":\"Niranbio Chemical\",\"description\":\"\",\"publisher\":{\"@id\":\"https:\/\/theo.niranbio.com\/fr\/#organization\"},\"potentialAction\":[{\"@type\":\"SearchAction\",\"target\":{\"@type\":\"EntryPoint\",\"urlTemplate\":\"https:\/\/theo.niranbio.com\/fr\/?s={search_term_string}\"},\"query-input\":{\"@type\":\"PropertyValueSpecification\",\"valueRequired\":true,\"valueName\":\"search_term_string\"}}],\"inLanguage\":\"fr-FR\"},{\"@type\":\"Organization\",\"@id\":\"https:\/\/theo.niranbio.com\/fr\/#organization\",\"name\":\"Niranbio Chemical\",\"url\":\"https:\/\/theo.niranbio.com\/fr\/\",\"logo\":{\"@type\":\"ImageObject\",\"inLanguage\":\"fr-FR\",\"@id\":\"https:\/\/theo.niranbio.com\/fr\/#\/schema\/logo\/image\/\",\"url\":\"https:\/\/theo.niranbio.com\/wp-content\/uploads\/2024\/06\/Niranbio.png\",\"contentUrl\":\"https:\/\/theo.niranbio.com\/wp-content\/uploads\/2024\/06\/Niranbio.png\",\"width\":270,\"height\":100,\"caption\":\"Niranbio Chemical\"},\"image\":{\"@id\":\"https:\/\/theo.niranbio.com\/fr\/#\/schema\/logo\/image\/\"}}]}<\/script>\n<!-- \/ Yoast SEO plugin. -->","yoast_head_json":{"title":"Fournisseur de Phosphate Disodique Anhydre | Niranbio Chemical","description":"Nos phosphates disodiques anhydres (DSP) sont certifi\u00e9s selon les normes KOSHER, HALAL, ISO, FSSC22000 et BRC. DSP garantit la qualit\u00e9 et la s\u00e9curit\u00e9 des applications alimentaires.","robots":{"index":"noindex","follow":"follow","max-snippet":"max-snippet:-1","max-image-preview":"max-image-preview:large","max-video-preview":"max-video-preview:-1"},"twitter_misc":{"Dur\u00e9e de lecture estim\u00e9e":"4 minutes"},"schema":{"@context":"https:\/\/schema.org","@graph":[{"@type":"WebPage","@id":"https:\/\/theo.niranbio.com\/fr\/dsp-phosphate-disodique-anhydre.html","url":"https:\/\/theo.niranbio.com\/fr\/dsp-phosphate-disodique-anhydre.html","name":"Fournisseur de Phosphate Disodique Anhydre | Niranbio Chemical","isPartOf":{"@id":"https:\/\/theo.niranbio.com\/fr\/#website"},"primaryImageOfPage":{"@id":"https:\/\/theo.niranbio.com\/fr\/dsp-phosphate-disodique-anhydre.html#primaryimage"},"image":{"@id":"https:\/\/theo.niranbio.com\/fr\/dsp-phosphate-disodique-anhydre.html#primaryimage"},"thumbnailUrl":"https:\/\/theo.niranbio.com\/wp-content\/uploads\/2024\/06\/DSP-Disodium-Phosphate-anhydrous.webp","datePublished":"2024-06-19T09:20:46+00:00","dateModified":"2024-08-19T06:13:45+00:00","description":"Nos phosphates disodiques anhydres (DSP) sont certifi\u00e9s selon les normes KOSHER, HALAL, ISO, FSSC22000 et BRC. DSP garantit la qualit\u00e9 et la s\u00e9curit\u00e9 des applications alimentaires.","breadcrumb":{"@id":"https:\/\/theo.niranbio.com\/fr\/dsp-phosphate-disodique-anhydre.html#breadcrumb"},"inLanguage":"fr-FR","potentialAction":[{"@type":"ReadAction","target":["https:\/\/theo.niranbio.com\/fr\/dsp-phosphate-disodique-anhydre.html"]}]},{"@type":"ImageObject","inLanguage":"fr-FR","@id":"https:\/\/theo.niranbio.com\/fr\/dsp-phosphate-disodique-anhydre.html#primaryimage","url":"https:\/\/theo.niranbio.com\/wp-content\/uploads\/2024\/06\/DSP-Disodium-Phosphate-anhydrous.webp","contentUrl":"https:\/\/theo.niranbio.com\/wp-content\/uploads\/2024\/06\/DSP-Disodium-Phosphate-anhydrous.webp","width":600,"height":600,"caption":"Phosphate disodique anhydre"},{"@type":"BreadcrumbList","@id":"https:\/\/theo.niranbio.com\/fr\/dsp-phosphate-disodique-anhydre.html#breadcrumb","itemListElement":[{"@type":"ListItem","position":1,"name":"Home","item":"https:\/\/theo.niranbio.com\/fr\/"},{"@type":"ListItem","position":2,"name":"Produits","item":"https:\/\/theo.niranbio.com\/fr\/produits.html"},{"@type":"ListItem","position":3,"name":"Phosphat\u00e9","item":"https:\/\/theo.niranbio.com\/fr\/produit-phosphate\/"},{"@type":"ListItem","position":4,"name":"DSP \u2014 Phosphate disodique anhydre"}]},{"@type":"WebSite","@id":"https:\/\/theo.niranbio.com\/fr\/#website","url":"https:\/\/theo.niranbio.com\/fr\/","name":"Niranbio Chemical","description":"","publisher":{"@id":"https:\/\/theo.niranbio.com\/fr\/#organization"},"potentialAction":[{"@type":"SearchAction","target":{"@type":"EntryPoint","urlTemplate":"https:\/\/theo.niranbio.com\/fr\/?s={search_term_string}"},"query-input":{"@type":"PropertyValueSpecification","valueRequired":true,"valueName":"search_term_string"}}],"inLanguage":"fr-FR"},{"@type":"Organization","@id":"https:\/\/theo.niranbio.com\/fr\/#organization","name":"Niranbio Chemical","url":"https:\/\/theo.niranbio.com\/fr\/","logo":{"@type":"ImageObject","inLanguage":"fr-FR","@id":"https:\/\/theo.niranbio.com\/fr\/#\/schema\/logo\/image\/","url":"https:\/\/theo.niranbio.com\/wp-content\/uploads\/2024\/06\/Niranbio.png","contentUrl":"https:\/\/theo.niranbio.com\/wp-content\/uploads\/2024\/06\/Niranbio.png","width":270,"height":100,"caption":"Niranbio Chemical"},"image":{"@id":"https:\/\/theo.niranbio.com\/fr\/#\/schema\/logo\/image\/"}}]}},"_links":{"self":[{"href":"https:\/\/theo.niranbio.com\/fr\/wp-json\/wp\/v2\/product\/9405","targetHints":{"allow":["GET"]}}],"collection":[{"href":"https:\/\/theo.niranbio.com\/fr\/wp-json\/wp\/v2\/product"}],"about":[{"href":"https:\/\/theo.niranbio.com\/fr\/wp-json\/wp\/v2\/types\/product"}],"version-history":[{"count":0,"href":"https:\/\/theo.niranbio.com\/fr\/wp-json\/wp\/v2\/product\/9405\/revisions"}],"wp:featuredmedia":[{"embeddable":true,"href":"https:\/\/theo.niranbio.com\/fr\/wp-json\/wp\/v2\/media\/9406"}],"wp:attachment":[{"href":"https:\/\/theo.niranbio.com\/fr\/wp-json\/wp\/v2\/media?parent=9405"}],"wp:term":[{"taxonomy":"product_brand","embeddable":true,"href":"https:\/\/theo.niranbio.com\/fr\/wp-json\/wp\/v2\/product_brand?post=9405"},{"taxonomy":"product_cat","embeddable":true,"href":"https:\/\/theo.niranbio.com\/fr\/wp-json\/wp\/v2\/product_cat?post=9405"},{"taxonomy":"product_tag","embeddable":true,"href":"https:\/\/theo.niranbio.com\/fr\/wp-json\/wp\/v2\/product_tag?post=9405"}],"curies":[{"name":"wp","href":"https:\/\/api.w.org\/{rel}","templated":true}]}}