{"id":9399,"date":"2024-06-20T08:58:17","date_gmt":"2024-06-20T00:58:17","guid":{"rendered":"https:\/\/theo.niranbio.com\/acide-acetique-glacial-de-qualite-alimentaire\/"},"modified":"2024-08-19T10:19:40","modified_gmt":"2024-08-19T02:19:40","slug":"acide-acetique-glacial-de-qualite-alimentaire","status":"publish","type":"product","link":"https:\/\/theo.niranbio.com\/fr\/acide-acetique-glacial-de-qualite-alimentaire.html","title":{"rendered":"Acide ac\u00e9tique glacial de qualit\u00e9 alimentaire"},"content":{"rendered":"<h2><span class=\"ez-toc-section\" id=\"Quest-ce_que_lacide_acetique_glacial_de_qualite_alimentaire\"><\/span>Qu\u2019est-ce que l\u2019acide ac\u00e9tique glacial de qualit\u00e9 alimentaire ?<span class=\"ez-toc-section-end\"><\/span><\/h2>\n<p>L&rsquo;acide ac\u00e9tique glacial de qualit\u00e9 alimentaire est sp\u00e9cialement trait\u00e9 et purifi\u00e9 pour r\u00e9pondre aux normes de s\u00e9curit\u00e9 alimentaire. Il se pr\u00e9sente sous la forme d&rsquo;un liquide transparent incolore ou blanc. Il peut se solidifier en cristaux \u00e0 basse temp\u00e9rature et a une odeur piquante distincte. Il peut \u00eatre utilis\u00e9 comme additif alimentaire, acidulant, etc.<\/p>\n<p>L&rsquo;acide ac\u00e9tique glacial de qualit\u00e9 alimentaire est principalement produit des deux mani\u00e8res suivantes<\/p>\n<p>1. Fabriqu\u00e9 \u00e0 partir d&rsquo;\u00e9thanol produit par fermentation La fermentation de l&rsquo;acide ac\u00e9tique passe par trois \u00e9tapes. Tout d&rsquo;abord, sous l&rsquo;action des enzymes, les substances amylac\u00e9es des mati\u00e8res premi\u00e8res sont hydrolys\u00e9es en sucres. Deuxi\u00e8mement, sous l&rsquo;action de la levure, les sucres sont transform\u00e9s en alcool. Ces deux \u00e9tapes se produisent g\u00e9n\u00e9ralement en m\u00eame temps, de sorte que ces deux \u00e9tapes sont g\u00e9n\u00e9ralement appel\u00e9es l&rsquo;\u00e9tape de fermentation alcoolique. Troisi\u00e8mement, sous l&rsquo;action des bact\u00e9ries ac\u00e9tiques, l&rsquo;alcool est transform\u00e9 en acide ac\u00e9tique, qui est g\u00e9n\u00e9ralement la m\u00e9thode de fermentation du vinaigre comestible. Il a un degr\u00e9 \u00e9lev\u00e9 de naturel, mais la concentration en acide ac\u00e9tique n&rsquo;est pas \u00e9lev\u00e9e et il est tr\u00e8s s\u00fbr. Fran\u00e7ais Le processus de base de la fermentation de l&rsquo;acide ac\u00e9tique dans l&rsquo;industrie alimentaire moderne consiste \u00e0 utiliser l&rsquo;\u00e9thanol produit par fermentation comme mati\u00e8re premi\u00e8re, puis \u00e0 produire de l&rsquo;acide ac\u00e9tique glacial de qualit\u00e9 alimentaire par oxydation. Le degr\u00e9 naturel est sup\u00e9rieur \u00e0 98, la concentration en acide ac\u00e9tique est \u00e9galement sup\u00e9rieure \u00e0 99,5 % et la s\u00e9curit\u00e9 est relativement \u00e9lev\u00e9e.<\/p>\n<p>2. Il est produit par la m\u00e9thode de carbonylation \u00e0 basse pression, en utilisant du m\u00e9thanol et du monoxyde de carbone comme mati\u00e8res premi\u00e8res. Il utilise du m\u00e9thanol industriel comme mati\u00e8re premi\u00e8re et produit de l&rsquo;acide ac\u00e9tique glacial avec du monoxyde de carbone sous carbonylation \u00e0 basse pression, puis obtient de l&rsquo;acide ac\u00e9tique glacial de qualit\u00e9 alimentaire (m\u00e9thode de carbonylation) par purification ult\u00e9rieure. En fait, cette m\u00e9thode est \u00e9galement le processus de production de base de l&rsquo;acide ac\u00e9tique glacial industriel, mais apr\u00e8s un processus de purification relativement rigoureux, l&rsquo;acide ac\u00e9tique industriel est converti en acide ac\u00e9tique utilisable, de sorte que la purification occupe une position tr\u00e8s importante dans ce processus. Diff\u00e9rents degr\u00e9s de purification entra\u00eenent une qualit\u00e9 de produit et un rendement de produit diff\u00e9rents.<\/p>\n<h2><span class=\"ez-toc-section\" id=\"Parametres_associes\"><\/span>Param\u00e8tres associ\u00e9s :<span class=\"ez-toc-section-end\"><\/span><\/h2>\n<table>\n<tbody>\n<tr>\n<td>\u00c9l\u00e9ment de test<\/td>\n<td>Sp\u00e9cification<\/td>\n<td>R\u00e9sultats<\/td>\n<\/tr>\n<tr>\n<td>Aspect<\/td>\n<td>Incolore<\/td>\n<td>Test de r\u00e9ussite<\/td>\n<\/tr>\n<tr>\n<td>Statut<\/td>\n<td>Liquide<\/td>\n<td>Test r\u00e9ussi<\/td>\n<\/tr>\n<tr>\n<td>Odeur<\/td>\n<td>Vinaigre fort et piquant<\/td>\n<td>Test r\u00e9ussi<\/td>\n<\/tr>\n<tr>\n<td>Teneur en acide ac\u00e9tique w\/%<\/td>\n<td><\/td>\n<td>99.97<\/td>\n<\/tr>\n<tr>\n<td>Test au permanganate de potassium<\/td>\n<td>Test r\u00e9ussi<\/td>\n<td>R\u00e9ussir le test<\/td>\n<\/tr>\n<tr>\n<td>R\u00e9sidus d&rsquo;\u00e9vaporation w\/%<\/td>\n<td>\u226599.8<\/td>\n<td>0.001<\/td>\n<\/tr>\n<tr>\n<td>Point de cong\u00e9lation\uff08\u00b0C\uff09<\/td>\n<td>\u22640.005<\/td>\n<td>16.3<\/td>\n<\/tr>\n<tr>\n<td>M\u00e9taux lourds\uff08Pb mg\/kg\uff09<\/td>\n<td>\u226516.2<\/td>\n<td>&lt;2<\/td>\n<\/tr>\n<tr>\n<td>As\uff08mg\/kg\uff09<\/td>\n<td>\u22652<\/td>\n<td>&lt;0.01<\/td>\n<\/tr>\n<tr>\n<td>Conclusion<\/td>\n<td>\u22641.0<\/td>\n<td>Qualifi\u00e9<\/td>\n<\/tr>\n<\/tbody>\n<\/table>\n<h2><span class=\"ez-toc-section\" id=\"Dosage_recommande_dosage_recommande_pour_certaines_applications\"><\/span>Dosage recommand\u00e9 (dosage recommand\u00e9 pour certaines applications)<span class=\"ez-toc-section-end\"><\/span><\/h2>\n<table>\n<tbody>\n<tr>\n<td>Nom de l&rsquo;aliment<\/td>\n<td>Utilisation maximale (g\/kg)<\/td>\n<\/tr>\n<tr>\n<td>Lait modifi\u00e9<\/td>\n<td>0,01-0,1g\/kg<\/td>\n<\/tr>\n<tr>\n<td>Boissons congel\u00e9es<\/td>\n<td>0,01-0,1g\/kg<\/td>\n<\/tr>\n<tr>\n<td>Fruits en conserve<\/td>\n<td>0,5-2g\/kg<\/td>\n<\/tr>\n<tr>\n<td>G\u00e2teaux aux fruits<\/td>\n<td>1-5g\/kg<\/td>\n<\/tr>\n<tr>\n<td>Produits \u00e0 base de haricots<\/td>\n<td>1-5g\/kg<\/td>\n<\/tr>\n<tr>\n<td>Fruits \u00e0 coque et graines transform\u00e9s<\/td>\n<td>1-5g\/kg<\/td>\n<\/tr>\n<tr>\n<td>Bonbons<\/td>\n<td>2-5g\/kg<\/td>\n<\/tr>\n<tr>\n<td>Amidons et produits amylac\u00e9s<\/td>\n<td>1-5g\/kg<\/td>\n<\/tr>\n<tr>\n<td>Produits de boulangerie<\/td>\n<td>1-5g\/kg<\/td>\n<\/tr>\n<tr>\n<td>Assaisonnements complexes<\/td>\n<td>2-5g\/kg<\/td>\n<\/tr>\n<tr>\n<td>Boissons gazeuses<\/td>\n<td>1-5g\/kg<\/td>\n<\/tr>\n<\/tbody>\n<\/table>\n<h2><span class=\"ez-toc-section\" id=\"Lacide_acetique_glacial_de_qualite_alimentaire_a_une_large_gamme_dutilisations\"><\/span>L&rsquo;acide ac\u00e9tique glacial de qualit\u00e9 alimentaire a une large gamme d&rsquo;utilisations<span class=\"ez-toc-section-end\"><\/span><\/h2>\n<h3><span class=\"ez-toc-section\" id=\"1_Agent_aromatisant_et_conservateur_alimentaire\"><\/span>1. Agent aromatisant et conservateur alimentaire<span class=\"ez-toc-section-end\"><\/span><\/h3>\n<p>L&rsquo;acide ac\u00e9tique glacial peut non seulement \u00eatre utilis\u00e9 pour fabriquer du vinaigre, ajouter de l&rsquo;acidit\u00e9 et de la saveur umami aux aliments et am\u00e9liorer le go\u00fbt des aliments, mais \u00e9galement inhiber la croissance des bact\u00e9ries et des champignons et prolonger la dur\u00e9e de conservation des aliments.<\/p>\n<h3><span class=\"ez-toc-section\" id=\"2_Nettoyage\"><\/span>2. Nettoyage<span class=\"ez-toc-section-end\"><\/span><\/h3>\n<p>L&rsquo;acide ac\u00e9tique glacial a un bon effet nettoyant et d\u00e9contaminant. L&rsquo;acide ac\u00e9tique glacial a un bon effet nettoyant et d\u00e9contaminant. C&rsquo;est l&rsquo;un des principaux ingr\u00e9dients des agents de nettoyage et est largement utilis\u00e9 \u00e0 des fins de nettoyage telles que le nettoyage des meubles et l&rsquo;\u00e9limination du tartre.<\/p>\n<h3><span class=\"ez-toc-section\" id=\"4_Herbicide\"><\/span>4. Herbicide<span class=\"ez-toc-section-end\"><\/span><\/h3>\n<p>L&rsquo;acide ac\u00e9tique glacial peut \u00eatre utilis\u00e9 comme herbicide pour \u00e9viter l&rsquo;utilisation de pesticides chimiques et prot\u00e9ger l&rsquo;environnement. Il peut \u00eatre utilis\u00e9 dans les parterres de fleurs, le jardinage et l&rsquo;agriculture.<\/p>\n<h3><span class=\"ez-toc-section\" id=\"5_Traitement_medical\"><\/span>5. Traitement m\u00e9dical<span class=\"ez-toc-section-end\"><\/span><\/h3>\n<p>L&rsquo;acide ac\u00e9tique glacial a certaines applications en m\u00e9decine, comme pour le traitement de l&rsquo;onychomycose, des verrues plantaires, de l&rsquo;hyperhidrose des mains et des pieds, etc.<\/p>\n<h2><span class=\"ez-toc-section\" id=\"Question_posee_par_lutilisateur\"><\/span>Question pos\u00e9e par l&rsquo;utilisateur :<span class=\"ez-toc-section-end\"><\/span><\/h2>\n<p><strong>Question : Quelle est la diff\u00e9rence entre l\u2019acide ac\u00e9tique glacial de qualit\u00e9 industrielle et celui de qualit\u00e9 alimentaire ?<\/strong><\/p>\n<p>R\u00e9ponse : La diff\u00e9rence entre l&rsquo;acide ac\u00e9tique glacial de qualit\u00e9 industrielle et l&rsquo;acide ac\u00e9tique glacial de qualit\u00e9 alimentaire r\u00e9side principalement dans les ingr\u00e9dients et le processus de production. L&rsquo;acide ac\u00e9tique glacial de qualit\u00e9 industrielle contient g\u00e9n\u00e9ralement plus de chlorures et de sulfates, tandis que l&rsquo;acide ac\u00e9tique glacial de qualit\u00e9 alimentaire contient plus d&rsquo;acide ac\u00e9tique. De plus, le processus de production de l&rsquo;acide ac\u00e9tique glacial de qualit\u00e9 industrielle est plus simple et le co\u00fbt est inf\u00e9rieur.<\/p>\n<p><strong>Question : Exigences de stockage pour l&rsquo;acide ac\u00e9tique<\/strong><\/p>\n<p>R\u00e9ponse : 1. Temp\u00e9rature de stockage : L&rsquo;acide ac\u00e9tique glacial doit \u00eatre stock\u00e9 dans un endroit \u00e0 l&rsquo;abri de la lumi\u00e8re, sec et bien ventil\u00e9. La temp\u00e9rature de stockage doit \u00eatre inf\u00e9rieure \u00e0 30 \u00b0C et \u00e9viter les temp\u00e9ratures \u00e9lev\u00e9es et l&rsquo;exposition au soleil et \u00e0 la pluie. 2. Choisissez le r\u00e9cipient : Vous pouvez choisir des r\u00e9cipients en verre ou en plastique r\u00e9sistants \u00e0 la corrosion. Ils doivent \u00eatre scell\u00e9s et \u00e9tanches. 3. R\u00e9sistant \u00e0 l&rsquo;humidit\u00e9 : L&rsquo;acide ac\u00e9tique glacial absorbe facilement l&rsquo;humidit\u00e9, il doit donc \u00eatre stock\u00e9 dans un environnement sec et le r\u00e9cipient doit \u00eatre maintenu scell\u00e9. 4. \u00c9vitez la lumi\u00e8re : l&rsquo;acide ac\u00e9tique glacial est facilement photolys\u00e9, il doit donc \u00eatre plac\u00e9 dans un endroit \u00e0 l&rsquo;abri de la lumi\u00e8re et peut \u00eatre recouvert d&rsquo;une bo\u00eete en papier ou d&rsquo;un chiffon.<\/p>\n","protected":false},"excerpt":{"rendered":"<ul>\n<li>CAS : 64-19-7<\/li>\n<li>Formule chimique : <sub>CH3COOH<\/sub><\/li>\n<li>Certifications : KOSHER, ISO, HALAL, FSSC 22000, BRC, etc.<\/li>\n<li>MOQ : 5MT<\/li>\n<li>Dur\u00e9e de conservation : 2 ans<\/li>\n<\/ul>\n","protected":false},"featured_media":9400,"template":"","meta":{"site-sidebar-layout":"default","site-content-layout":"","ast-site-content-layout":"default","site-content-style":"default","site-sidebar-style":"default","ast-global-header-display":"","ast-banner-title-visibility":"","ast-main-header-display":"","ast-hfb-above-header-display":"","ast-hfb-below-header-display":"","ast-hfb-mobile-header-display":"","site-post-title":"","ast-breadcrumbs-content":"","ast-featured-img":"","footer-sml-layout":"","theme-transparent-header-meta":"default","adv-header-id-meta":"","stick-header-meta":"","header-above-stick-meta":"","header-main-stick-meta":"","header-below-stick-meta":"","astra-migrate-meta-layouts":"set","ast-page-background-enabled":"default","ast-page-background-meta":{"desktop":{"background-color":"var(--ast-global-color-4)","background-image":"","background-repeat":"repeat","background-position":"center center","background-size":"auto","background-attachment":"scroll","background-type":"","background-media":"","overlay-type":"","overlay-color":"","overlay-opacity":"","overlay-gradient":""},"tablet":{"background-color":"","background-image":"","background-repeat":"repeat","background-position":"center center","background-size":"auto","background-attachment":"scroll","background-type":"","background-media":"","overlay-type":"","overlay-color":"","overlay-opacity":"","overlay-gradient":""},"mobile":{"background-color":"","background-image":"","background-repeat":"repeat","background-position":"center center","background-size":"auto","background-attachment":"scroll","background-type":"","background-media":"","overlay-type":"","overlay-color":"","overlay-opacity":"","overlay-gradient":""}},"ast-content-background-meta":{"desktop":{"background-color":"var(--ast-global-color-5)","background-image":"","background-repeat":"repeat","background-position":"center center","background-size":"auto","background-attachment":"scroll","background-type":"","background-media":"","overlay-type":"","overlay-color":"","overlay-opacity":"","overlay-gradient":""},"tablet":{"background-color":"var(--ast-global-color-5)","background-image":"","background-repeat":"repeat","background-position":"center center","background-size":"auto","background-attachment":"scroll","background-type":"","background-media":"","overlay-type":"","overlay-color":"","overlay-opacity":"","overlay-gradient":""},"mobile":{"background-color":"var(--ast-global-color-5)","background-image":"","background-repeat":"repeat","background-position":"center center","background-size":"auto","background-attachment":"scroll","background-type":"","background-media":"","overlay-type":"","overlay-color":"","overlay-opacity":"","overlay-gradient":""}}},"product_brand":[],"product_cat":[101],"product_tag":[],"class_list":{"0":"post-9399","1":"product","2":"type-product","3":"status-publish","4":"has-post-thumbnail","6":"product_cat-produit-acidulant","7":"desktop-align-center","8":"tablet-align-left","9":"mobile-align-left","11":"first","12":"instock","13":"shipping-taxable","14":"product-type-simple"},"yoast_head":"<!-- This site is optimized with the Yoast SEO plugin v26.5 - https:\/\/yoast.com\/wordpress\/plugins\/seo\/ -->\n<title>Fournisseur d&#039;acide ac\u00e9tique glacial, prix de l&#039;acide ac\u00e9tique glacial liquide \u00e0 99,9 % | Niranbio Chemical<\/title>\n<meta name=\"description\" content=\"Nous fournissons de l&#039;acide ac\u00e9tique glacial (r\u00e9gulateur d&#039;acidit\u00e9 E260) liquide clair, incolore et de haute puret\u00e9 \u00e0 99,97 % avec une odeur piquante.\" \/>\n<meta name=\"robots\" content=\"noindex, follow, max-snippet:-1, max-image-preview:large, max-video-preview:-1\" \/>\n<meta name=\"twitter:label1\" content=\"Dur\u00e9e de lecture estim\u00e9e\" \/>\n\t<meta name=\"twitter:data1\" content=\"5 minutes\" \/>\n<script type=\"application\/ld+json\" class=\"yoast-schema-graph\">{\"@context\":\"https:\/\/schema.org\",\"@graph\":[{\"@type\":\"WebPage\",\"@id\":\"https:\/\/theo.niranbio.com\/fr\/acide-acetique-glacial-de-qualite-alimentaire.html\",\"url\":\"https:\/\/theo.niranbio.com\/fr\/acide-acetique-glacial-de-qualite-alimentaire.html\",\"name\":\"Fournisseur d'acide ac\u00e9tique glacial, prix de l'acide ac\u00e9tique glacial liquide \u00e0 99,9 % | Niranbio Chemical\",\"isPartOf\":{\"@id\":\"https:\/\/theo.niranbio.com\/fr\/#website\"},\"primaryImageOfPage\":{\"@id\":\"https:\/\/theo.niranbio.com\/fr\/acide-acetique-glacial-de-qualite-alimentaire.html#primaryimage\"},\"image\":{\"@id\":\"https:\/\/theo.niranbio.com\/fr\/acide-acetique-glacial-de-qualite-alimentaire.html#primaryimage\"},\"thumbnailUrl\":\"https:\/\/theo.niranbio.com\/wp-content\/uploads\/2024\/06\/Glacial-Acetic-Acid.webp\",\"datePublished\":\"2024-06-20T00:58:17+00:00\",\"dateModified\":\"2024-08-19T02:19:40+00:00\",\"description\":\"Nous fournissons de l'acide ac\u00e9tique glacial (r\u00e9gulateur d'acidit\u00e9 E260) liquide clair, incolore et de haute puret\u00e9 \u00e0 99,97 % avec une odeur piquante.\",\"breadcrumb\":{\"@id\":\"https:\/\/theo.niranbio.com\/fr\/acide-acetique-glacial-de-qualite-alimentaire.html#breadcrumb\"},\"inLanguage\":\"fr-FR\",\"potentialAction\":[{\"@type\":\"ReadAction\",\"target\":[\"https:\/\/theo.niranbio.com\/fr\/acide-acetique-glacial-de-qualite-alimentaire.html\"]}]},{\"@type\":\"ImageObject\",\"inLanguage\":\"fr-FR\",\"@id\":\"https:\/\/theo.niranbio.com\/fr\/acide-acetique-glacial-de-qualite-alimentaire.html#primaryimage\",\"url\":\"https:\/\/theo.niranbio.com\/wp-content\/uploads\/2024\/06\/Glacial-Acetic-Acid.webp\",\"contentUrl\":\"https:\/\/theo.niranbio.com\/wp-content\/uploads\/2024\/06\/Glacial-Acetic-Acid.webp\",\"width\":600,\"height\":600,\"caption\":\"Acide ac\u00e9tique glacial\"},{\"@type\":\"BreadcrumbList\",\"@id\":\"https:\/\/theo.niranbio.com\/fr\/acide-acetique-glacial-de-qualite-alimentaire.html#breadcrumb\",\"itemListElement\":[{\"@type\":\"ListItem\",\"position\":1,\"name\":\"Home\",\"item\":\"https:\/\/theo.niranbio.com\/fr\/\"},{\"@type\":\"ListItem\",\"position\":2,\"name\":\"Produits\",\"item\":\"https:\/\/theo.niranbio.com\/fr\/produits.html\"},{\"@type\":\"ListItem\",\"position\":3,\"name\":\"Acidulant\",\"item\":\"https:\/\/theo.niranbio.com\/fr\/produit-acidulant\/\"},{\"@type\":\"ListItem\",\"position\":4,\"name\":\"Acide ac\u00e9tique glacial de qualit\u00e9 alimentaire\"}]},{\"@type\":\"WebSite\",\"@id\":\"https:\/\/theo.niranbio.com\/fr\/#website\",\"url\":\"https:\/\/theo.niranbio.com\/fr\/\",\"name\":\"Niranbio Chemical\",\"description\":\"\",\"publisher\":{\"@id\":\"https:\/\/theo.niranbio.com\/fr\/#organization\"},\"potentialAction\":[{\"@type\":\"SearchAction\",\"target\":{\"@type\":\"EntryPoint\",\"urlTemplate\":\"https:\/\/theo.niranbio.com\/fr\/?s={search_term_string}\"},\"query-input\":{\"@type\":\"PropertyValueSpecification\",\"valueRequired\":true,\"valueName\":\"search_term_string\"}}],\"inLanguage\":\"fr-FR\"},{\"@type\":\"Organization\",\"@id\":\"https:\/\/theo.niranbio.com\/fr\/#organization\",\"name\":\"Niranbio Chemical\",\"url\":\"https:\/\/theo.niranbio.com\/fr\/\",\"logo\":{\"@type\":\"ImageObject\",\"inLanguage\":\"fr-FR\",\"@id\":\"https:\/\/theo.niranbio.com\/fr\/#\/schema\/logo\/image\/\",\"url\":\"https:\/\/theo.niranbio.com\/wp-content\/uploads\/2024\/06\/Niranbio.png\",\"contentUrl\":\"https:\/\/theo.niranbio.com\/wp-content\/uploads\/2024\/06\/Niranbio.png\",\"width\":270,\"height\":100,\"caption\":\"Niranbio Chemical\"},\"image\":{\"@id\":\"https:\/\/theo.niranbio.com\/fr\/#\/schema\/logo\/image\/\"}}]}<\/script>\n<!-- \/ Yoast SEO plugin. -->","yoast_head_json":{"title":"Fournisseur d'acide ac\u00e9tique glacial, prix de l'acide ac\u00e9tique glacial liquide \u00e0 99,9 % | Niranbio Chemical","description":"Nous fournissons de l'acide ac\u00e9tique glacial (r\u00e9gulateur d'acidit\u00e9 E260) liquide clair, incolore et de haute puret\u00e9 \u00e0 99,97 % avec une odeur piquante.","robots":{"index":"noindex","follow":"follow","max-snippet":"max-snippet:-1","max-image-preview":"max-image-preview:large","max-video-preview":"max-video-preview:-1"},"twitter_misc":{"Dur\u00e9e de lecture estim\u00e9e":"5 minutes"},"schema":{"@context":"https:\/\/schema.org","@graph":[{"@type":"WebPage","@id":"https:\/\/theo.niranbio.com\/fr\/acide-acetique-glacial-de-qualite-alimentaire.html","url":"https:\/\/theo.niranbio.com\/fr\/acide-acetique-glacial-de-qualite-alimentaire.html","name":"Fournisseur d'acide ac\u00e9tique glacial, prix de l'acide ac\u00e9tique glacial liquide \u00e0 99,9 % | Niranbio Chemical","isPartOf":{"@id":"https:\/\/theo.niranbio.com\/fr\/#website"},"primaryImageOfPage":{"@id":"https:\/\/theo.niranbio.com\/fr\/acide-acetique-glacial-de-qualite-alimentaire.html#primaryimage"},"image":{"@id":"https:\/\/theo.niranbio.com\/fr\/acide-acetique-glacial-de-qualite-alimentaire.html#primaryimage"},"thumbnailUrl":"https:\/\/theo.niranbio.com\/wp-content\/uploads\/2024\/06\/Glacial-Acetic-Acid.webp","datePublished":"2024-06-20T00:58:17+00:00","dateModified":"2024-08-19T02:19:40+00:00","description":"Nous fournissons de l'acide ac\u00e9tique glacial (r\u00e9gulateur d'acidit\u00e9 E260) liquide clair, incolore et de haute puret\u00e9 \u00e0 99,97 % avec une odeur piquante.","breadcrumb":{"@id":"https:\/\/theo.niranbio.com\/fr\/acide-acetique-glacial-de-qualite-alimentaire.html#breadcrumb"},"inLanguage":"fr-FR","potentialAction":[{"@type":"ReadAction","target":["https:\/\/theo.niranbio.com\/fr\/acide-acetique-glacial-de-qualite-alimentaire.html"]}]},{"@type":"ImageObject","inLanguage":"fr-FR","@id":"https:\/\/theo.niranbio.com\/fr\/acide-acetique-glacial-de-qualite-alimentaire.html#primaryimage","url":"https:\/\/theo.niranbio.com\/wp-content\/uploads\/2024\/06\/Glacial-Acetic-Acid.webp","contentUrl":"https:\/\/theo.niranbio.com\/wp-content\/uploads\/2024\/06\/Glacial-Acetic-Acid.webp","width":600,"height":600,"caption":"Acide ac\u00e9tique glacial"},{"@type":"BreadcrumbList","@id":"https:\/\/theo.niranbio.com\/fr\/acide-acetique-glacial-de-qualite-alimentaire.html#breadcrumb","itemListElement":[{"@type":"ListItem","position":1,"name":"Home","item":"https:\/\/theo.niranbio.com\/fr\/"},{"@type":"ListItem","position":2,"name":"Produits","item":"https:\/\/theo.niranbio.com\/fr\/produits.html"},{"@type":"ListItem","position":3,"name":"Acidulant","item":"https:\/\/theo.niranbio.com\/fr\/produit-acidulant\/"},{"@type":"ListItem","position":4,"name":"Acide ac\u00e9tique glacial de qualit\u00e9 alimentaire"}]},{"@type":"WebSite","@id":"https:\/\/theo.niranbio.com\/fr\/#website","url":"https:\/\/theo.niranbio.com\/fr\/","name":"Niranbio Chemical","description":"","publisher":{"@id":"https:\/\/theo.niranbio.com\/fr\/#organization"},"potentialAction":[{"@type":"SearchAction","target":{"@type":"EntryPoint","urlTemplate":"https:\/\/theo.niranbio.com\/fr\/?s={search_term_string}"},"query-input":{"@type":"PropertyValueSpecification","valueRequired":true,"valueName":"search_term_string"}}],"inLanguage":"fr-FR"},{"@type":"Organization","@id":"https:\/\/theo.niranbio.com\/fr\/#organization","name":"Niranbio Chemical","url":"https:\/\/theo.niranbio.com\/fr\/","logo":{"@type":"ImageObject","inLanguage":"fr-FR","@id":"https:\/\/theo.niranbio.com\/fr\/#\/schema\/logo\/image\/","url":"https:\/\/theo.niranbio.com\/wp-content\/uploads\/2024\/06\/Niranbio.png","contentUrl":"https:\/\/theo.niranbio.com\/wp-content\/uploads\/2024\/06\/Niranbio.png","width":270,"height":100,"caption":"Niranbio Chemical"},"image":{"@id":"https:\/\/theo.niranbio.com\/fr\/#\/schema\/logo\/image\/"}}]}},"_links":{"self":[{"href":"https:\/\/theo.niranbio.com\/fr\/wp-json\/wp\/v2\/product\/9399","targetHints":{"allow":["GET"]}}],"collection":[{"href":"https:\/\/theo.niranbio.com\/fr\/wp-json\/wp\/v2\/product"}],"about":[{"href":"https:\/\/theo.niranbio.com\/fr\/wp-json\/wp\/v2\/types\/product"}],"version-history":[{"count":0,"href":"https:\/\/theo.niranbio.com\/fr\/wp-json\/wp\/v2\/product\/9399\/revisions"}],"wp:featuredmedia":[{"embeddable":true,"href":"https:\/\/theo.niranbio.com\/fr\/wp-json\/wp\/v2\/media\/9400"}],"wp:attachment":[{"href":"https:\/\/theo.niranbio.com\/fr\/wp-json\/wp\/v2\/media?parent=9399"}],"wp:term":[{"taxonomy":"product_brand","embeddable":true,"href":"https:\/\/theo.niranbio.com\/fr\/wp-json\/wp\/v2\/product_brand?post=9399"},{"taxonomy":"product_cat","embeddable":true,"href":"https:\/\/theo.niranbio.com\/fr\/wp-json\/wp\/v2\/product_cat?post=9399"},{"taxonomy":"product_tag","embeddable":true,"href":"https:\/\/theo.niranbio.com\/fr\/wp-json\/wp\/v2\/product_tag?post=9399"}],"curies":[{"name":"wp","href":"https:\/\/api.w.org\/{rel}","templated":true}]}}