{"id":9395,"date":"2024-06-20T09:24:52","date_gmt":"2024-06-20T01:24:52","guid":{"rendered":"https:\/\/theo.niranbio.com\/maltitol\/"},"modified":"2024-08-19T13:44:50","modified_gmt":"2024-08-19T05:44:50","slug":"maltitol","status":"publish","type":"product","link":"https:\/\/theo.niranbio.com\/fr\/maltitol.html","title":{"rendered":"Maltitol"},"content":{"rendered":"<h2><span class=\"ez-toc-section\" id=\"Quest-ce_que_le_maltitol\"><\/span>Qu&rsquo;est-ce que le maltitol ?<span class=\"ez-toc-section-end\"><\/span><\/h2>\n<p>Le maltitol, parfois appel\u00e9 maltose hydrog\u00e9n\u00e9, est un nouveau type d&rsquo;\u00e9dulcorant qui pr\u00e9sente plusieurs avantages par rapport aux \u00e9dulcorants existants, notamment une grande douceur, une faible teneur en calories, une bonne s\u00e9curit\u00e9, une tr\u00e8s petite quantit\u00e9 de mati\u00e8res premi\u00e8res n\u00e9cessaires, un processus de fabrication facile et des qualit\u00e9s sp\u00e9ciales que l&rsquo;on ne retrouve pas dans d&rsquo;autres \u00e9dulcorants. C&rsquo;est un composant largement utilis\u00e9 dans la cr\u00e9ation de plats aromatis\u00e9s au sucre. Il se dissout facilement dans l&rsquo;eau mais plus lentement dans le m\u00e9thanol et l&rsquo;\u00e9thanol. Il se pr\u00e9sente sous la forme d&rsquo;une poudre blanche cristalline.<\/p>\n<p>Le maltitol utilise l&rsquo;amidon comme mati\u00e8re premi\u00e8re et utilise l&rsquo;\u03b1-amylase, la \u03b2-amylase et l&rsquo;enzyme de d\u00e9ramification pour hydrolyser l&rsquo;amidon, d\u00e9grader l&rsquo;amidon macromol\u00e9culaire en sirop de maltose avec le maltose comme composant principal, puis convertir le sirop de maltose en sirop de maltitol apr\u00e8s r\u00e9duction par hydrog\u00e9nation. Il est ensuite raffin\u00e9 par filtration, centrifugation, d\u00e9coloration et d\u00e9min\u00e9ralisation, et finalement un produit de maltitol pur est obtenu par concentration, cristallisation et s\u00e9chage, qui convient \u00e0 l&rsquo;alimentation, \u00e0 la m\u00e9decine et aux cosm\u00e9tiques.<\/p>\n<h2><span class=\"ez-toc-section\" id=\"Parametres_associes\"><\/span>Param\u00e8tres associ\u00e9s :<span class=\"ez-toc-section-end\"><\/span><\/h2>\n<table>\n<tbody>\n<tr>\n<td><strong>Article<\/strong><\/td>\n<td><strong>Standard<\/strong><\/td>\n<\/tr>\n<tr>\n<td>Aspect<\/td>\n<td>Cristaux blancs<\/td>\n<\/tr>\n<tr>\n<td>Analyse(Maltitol)<\/td>\n<td>98,0% Min<\/td>\n<\/tr>\n<tr>\n<td>Teneur en eau<\/td>\n<td>\u2264 1.0%<\/td>\n<\/tr>\n<tr>\n<td>Sucres r\u00e9ducteurs<\/td>\n<td>\u2264 0.1%<\/td>\n<\/tr>\n<tr>\n<td>Point de fusion\u2103<\/td>\n<td>148-151<\/td>\n<\/tr>\n<tr>\n<td>Sulfate<\/td>\n<td>\u2264 100 ppm<\/td>\n<\/tr>\n<tr>\n<td>Plomb<\/td>\n<td>\u2264 1 ppm<\/td>\n<\/tr>\n<tr>\n<td>Nickel<\/td>\n<td>\u2264 1 ppm<\/td>\n<\/tr>\n<tr>\n<td>Chlorures<\/td>\n<td>\u2264 50 ppm<\/td>\n<\/tr>\n<tr>\n<td>M\u00e9taux lourds<\/td>\n<td>\u2264 10 ppm<\/td>\n<\/tr>\n<\/tbody>\n<\/table>\n<h2><span class=\"ez-toc-section\" id=\"Dosage_recommande\"><\/span>Dosage recommand\u00e9 :<span class=\"ez-toc-section-end\"><\/span><\/h2>\n<table>\n<tbody>\n<tr>\n<td><strong>Nom de l&rsquo;aliment<\/strong><\/td>\n<td><strong>Utilisation maximale (g\/kg)<\/strong><\/td>\n<\/tr>\n<tr>\n<td>Boissons gazeuses<\/td>\n<td>5 g\/kg<\/td>\n<\/tr>\n<tr>\n<td>Boissons au th\u00e9<\/td>\n<td>5 g\/kg<\/td>\n<\/tr>\n<tr>\n<td>Boissons aux fruits<\/td>\n<td>5 g\/kg<\/td>\n<\/tr>\n<tr>\n<td>Yaourt<\/td>\n<td>5 g\/kg<\/td>\n<\/tr>\n<tr>\n<td>Pain<\/td>\n<td>10 g\/kg<\/td>\n<\/tr>\n<tr>\n<td>G\u00e2teau<\/td>\n<td>10 g\/kg<\/td>\n<\/tr>\n<tr>\n<td>Sauce soja<\/td>\n<td>3 g\/kg<\/td>\n<\/tr>\n<tr>\n<td>Vinaigre<\/td>\n<td>3 g\/kg<\/td>\n<\/tr>\n<tr>\n<td>Jambon<\/td>\n<td>5 g\/kg<\/td>\n<\/tr>\n<tr>\n<td>Saucisse<\/td>\n<td>5 g\/kg<\/td>\n<\/tr>\n<tr>\n<td>Aliment en poudre<\/td>\n<td>5 g\/kg<\/td>\n<\/tr>\n<tr>\n<td>Boissons \u00e0 base de bact\u00e9ries lactiques<\/td>\n<td>5 g\/kg<\/td>\n<\/tr>\n<\/tbody>\n<\/table>\n<h2><span class=\"ez-toc-section\" id=\"Le_maltitol_a_une_large_gamme_dutilisations\"><\/span>Le maltitol a une large gamme d&rsquo;utilisations<span class=\"ez-toc-section-end\"><\/span><\/h2>\n<ol>\n<li>Industrie alimentaire : Le maltitol est largement utilis\u00e9 dans divers aliments tels que les bonbons, le chocolat, les produits de boulangerie, les boissons, etc. en raison de ses propri\u00e9t\u00e9s uniques. Il peut apporter de la douceur, des propri\u00e9t\u00e9s hydratantes et antiseptiques, et am\u00e9liorer le go\u00fbt et la texture des aliments.<\/li>\n<li>Industrie pharmaceutique : Le maltitol est \u00e9galement utilis\u00e9 dans certains m\u00e9dicaments et produits de sant\u00e9, tels que les aliments pour diab\u00e9tiques, les aliments amaigrissants, etc. Ses caract\u00e9ristiques de faible teneur en calories et de faible indice glyc\u00e9mique en font un choix appropri\u00e9 pour les personnes ayant des besoins de sant\u00e9 sp\u00e9cifiques.<\/li>\n<li>Industrie cosm\u00e9tique : Le maltitol a de bonnes propri\u00e9t\u00e9s hydratantes et est largement utilis\u00e9 dans les cosm\u00e9tiques. Ses propri\u00e9t\u00e9s hydratantes apportent une valeur ajout\u00e9e aux cosm\u00e9tiques.<\/li>\n<li>Am\u00e9liorer la fonction h\u00e9patique, pr\u00e9venir la carie dentaire, perdre du poids et stabiliser la glyc\u00e9mie : L&rsquo;apport de maltitol peut favoriser la production de glycog\u00e8ne, r\u00e9parer les cellules h\u00e9patiques endommag\u00e9es et am\u00e9liorer la fonction h\u00e9patique. En m\u00eame temps, il contient une faible teneur en sucre, ce qui peut favoriser la s\u00e9cr\u00e9tion de salive, nettoyer la bouche et pr\u00e9venir la formation de caries dentaires et de plaque dentaire. De plus, le maltitol peut \u00e9galement r\u00e9duire la teneur en graisse du corps, acc\u00e9l\u00e9rer la fonction m\u00e9tabolique du corps et aider \u00e0 perdre du poids. Enfin, le maltitol est m\u00e9tabolis\u00e9 lentement dans le corps et peut contr\u00f4ler efficacement et r\u00e9guli\u00e8rement la glyc\u00e9mie.<\/li>\n<li>En tant qu&rsquo;additif alimentaire : En tant qu&rsquo;additif alimentaire, le liquide de maltitol a pour principales fonctions d&rsquo;am\u00e9liorer le go\u00fbt, de reconstituer l&rsquo;\u00e9nergie, de soulager les sympt\u00f4mes d&rsquo;hypoglyc\u00e9mie, de favoriser la motilit\u00e9 gastro-intestinale et d&rsquo;am\u00e9liorer l&rsquo;app\u00e9tit. De nombreux g\u00e2teaux, glaces, bonbons et autres plats sont pr\u00e9par\u00e9s avec. Une consommation mod\u00e9r\u00e9e peut am\u00e9liorer le go\u00fbt des aliments et augmenter l&rsquo;app\u00e9tit.<\/li>\n<li>Application dans les boissons froides sans sucre et les produits laitiers : le maltitol peut \u00eatre utilis\u00e9 comme \u00e9dulcorant sans sucre dans les produits \u00e0 base de yaourt fonctionnel, les glaces sans sucre, les glaces et l&rsquo;eau glac\u00e9e aux jus de fruits sans sucre pour am\u00e9liorer le go\u00fbt, la saveur et la douceur. Il peut \u00e9galement abaisser le point de cong\u00e9lation de l&rsquo;eau, rendant la cr\u00e8me glac\u00e9e et d&rsquo;autres aliments plus souples et plus moelleux \u00e0 une temp\u00e9rature donn\u00e9e.<\/li>\n<\/ol>\n<h2><span class=\"ez-toc-section\" id=\"Question_posee_par_lutilisateur\"><\/span>Question pos\u00e9e par l&rsquo;utilisateur :<span class=\"ez-toc-section-end\"><\/span><\/h2>\n<p>Question : Qu&rsquo;est-ce qui diff\u00e9rencie le xylitol du maltitol ?<\/p>\n<p>R\u00e9ponse : 1. Sources diverses :<\/p>\n<p>Le xylitol est un \u00e9dulcorant naturel extrait de mati\u00e8res v\u00e9g\u00e9tales telles que les \u00e9pis de ma\u00efs, le ch\u00eane et le bouleau. Dans la nature, le xylitol est pr\u00e9sent dans une grande vari\u00e9t\u00e9 de fruits, de l\u00e9gumes et de c\u00e9r\u00e9ales, mais sa concentration n&rsquo;est pas tr\u00e8s \u00e9lev\u00e9e.<\/p>\n<p>2. Propri\u00e9t\u00e9s diff\u00e9rentes : Le maltitol est obtenu par hydrog\u00e9nation du maltose et \u00e9tait utilis\u00e9 comme \u00e9dulcorant hypocalorique au d\u00e9but. Le xylitol a des caract\u00e9ristiques physiologiques telles qu&rsquo;une faible teneur en calories, une indigestion et l&rsquo;absence de carie.<\/p>\n<p>3. Effets diff\u00e9rents : Le maltitol n&rsquo;est pas corrosif, ne stimule pas la s\u00e9cr\u00e9tion d&rsquo;insuline, peut inhiber l&rsquo;accumulation excessive de graisse dans le corps et est difficile \u00e0 dig\u00e9rer. Cependant, le maltitol est facilement soluble dans l&rsquo;eau et n&rsquo;est pas facilement utilis\u00e9 par les moisissures, les levures et les bact\u00e9ries lactiques. Pour les patients diab\u00e9tiques, le xylitol peut \u00eatre utilis\u00e9 comme compl\u00e9ment alimentaire, \u00e9dulcorant et th\u00e9rapie compl\u00e9mentaire. Fran\u00e7ais Il peut \u00e9galement aider les patients atteints d&rsquo;une maladie du foie \u00e0 \u00e9viter la st\u00e9atose h\u00e9patique en am\u00e9liorant la fonction h\u00e9patique et en encourageant la synth\u00e8se du glycog\u00e8ne dans le foie.<\/p>\n<p>Question : Quels sont les avantages du maltitol par rapport \u00e0 la st\u00e9via ?<\/p>\n<p>R\u00e9ponse : En termes de go\u00fbt et de saveur, la douceur du maltitol est plus proche de celle du saccharose, avec une douceur pure, sans amertume ni arri\u00e8re-go\u00fbt, ce qui le rend plus acceptable pour les consommateurs dans de nombreux aliments. Bien que la st\u00e9via soit sucr\u00e9e, certaines vari\u00e9t\u00e9s peuvent avoir un go\u00fbt amer ou m\u00e9dicinal, et le go\u00fbt n&rsquo;est pas aussi naturel que le maltitol.<\/p>\n<p>Deuxi\u00e8mement, le maltitol est largement utilis\u00e9 dans une vari\u00e9t\u00e9 d&rsquo;aliments tels que la p\u00e2tisserie, les bonbons, les produits laitiers, les boissons, etc., et poss\u00e8de de bonnes propri\u00e9t\u00e9s de r\u00e9tention d&rsquo;humidit\u00e9 et anti-cristallisation, ce qui peut am\u00e9liorer la texture et la dur\u00e9e de conservation des aliments.<\/p>\n<p>La st\u00e9via a une stabilit\u00e9 thermique et une solubilit\u00e9 relativement m\u00e9diocres, et peut ne pas \u00eatre aussi stable que le maltitol dans certains processus de transformation des aliments.<\/p>\n<p>Ensuite, bien que le maltitol ait des calories, sa voie m\u00e9tabolique est diff\u00e9rente de celle du saccharose et son indice glyc\u00e9mique est plus faible, ce qui convient mieux aux patients diab\u00e9tiques et aux personnes qui ont besoin de contr\u00f4ler leur glyc\u00e9mie. La st\u00e9via n&rsquo;a presque aucune calorie et est un \u00e9dulcorant non nutritif, mais sa voie m\u00e9tabolique est compl\u00e8tement diff\u00e9rente. En mati\u00e8re de gestion des calories, chacun a ses avantages et ses inconv\u00e9nients.<\/p>\n<p>Enfin, le maltitol peut am\u00e9liorer efficacement le go\u00fbt et la texture des aliments, augmenter l&rsquo;humidit\u00e9 et la douceur du produit, et est particuli\u00e8rement adapt\u00e9 aux produits de boulangerie et de confiserie. La st\u00e9via peut devoir \u00eatre combin\u00e9e \u00e0 d&rsquo;autres \u00e9dulcorants dans certaines applications afin de masquer toute amertume potentielle et toute saveur \u00e9trange.<\/p>\n","protected":false},"excerpt":{"rendered":"<ul>\n<li>CAS: C<sub>12<\/sub>H<sub>24<\/sub>O<sub>11<\/sub><\/li>\n<li>Formule chimique : 585-88-6<\/li>\n<li>Certifications : KOSHER, ISO, HALAL, FSSC 22000, BRC, etc.<\/li>\n<li>Norme : FCC<\/li>\n<li>Quantit\u00e9 minimum de commande : 1000 kg<\/li>\n<li>Dur\u00e9e de conservation : 2 ans<\/li>\n<\/ul>\n","protected":false},"featured_media":9396,"template":"","meta":{"site-sidebar-layout":"default","site-content-layout":"","ast-site-content-layout":"default","site-content-style":"default","site-sidebar-style":"default","ast-global-header-display":"","ast-banner-title-visibility":"","ast-main-header-display":"","ast-hfb-above-header-display":"","ast-hfb-below-header-display":"","ast-hfb-mobile-header-display":"","site-post-title":"","ast-breadcrumbs-content":"","ast-featured-img":"","footer-sml-layout":"","theme-transparent-header-meta":"default","adv-header-id-meta":"","stick-header-meta":"","header-above-stick-meta":"","header-main-stick-meta":"","header-below-stick-meta":"","astra-migrate-meta-layouts":"set","ast-page-background-enabled":"default","ast-page-background-meta":{"desktop":{"background-color":"var(--ast-global-color-4)","background-image":"","background-repeat":"repeat","background-position":"center center","background-size":"auto","background-attachment":"scroll","background-type":"","background-media":"","overlay-type":"","overlay-color":"","overlay-opacity":"","overlay-gradient":""},"tablet":{"background-color":"","background-image":"","background-repeat":"repeat","background-position":"center center","background-size":"auto","background-attachment":"scroll","background-type":"","background-media":"","overlay-type":"","overlay-color":"","overlay-opacity":"","overlay-gradient":""},"mobile":{"background-color":"","background-image":"","background-repeat":"repeat","background-position":"center center","background-size":"auto","background-attachment":"scroll","background-type":"","background-media":"","overlay-type":"","overlay-color":"","overlay-opacity":"","overlay-gradient":""}},"ast-content-background-meta":{"desktop":{"background-color":"var(--ast-global-color-5)","background-image":"","background-repeat":"repeat","background-position":"center center","background-size":"auto","background-attachment":"scroll","background-type":"","background-media":"","overlay-type":"","overlay-color":"","overlay-opacity":"","overlay-gradient":""},"tablet":{"background-color":"var(--ast-global-color-5)","background-image":"","background-repeat":"repeat","background-position":"center center","background-size":"auto","background-attachment":"scroll","background-type":"","background-media":"","overlay-type":"","overlay-color":"","overlay-opacity":"","overlay-gradient":""},"mobile":{"background-color":"var(--ast-global-color-5)","background-image":"","background-repeat":"repeat","background-position":"center center","background-size":"auto","background-attachment":"scroll","background-type":"","background-media":"","overlay-type":"","overlay-color":"","overlay-opacity":"","overlay-gradient":""}}},"product_brand":[],"product_cat":[111],"product_tag":[],"class_list":{"0":"post-9395","1":"product","2":"type-product","3":"status-publish","4":"has-post-thumbnail","6":"product_cat-produit-edulcorant","7":"desktop-align-center","8":"tablet-align-left","9":"mobile-align-left","11":"first","12":"instock","13":"shipping-taxable","14":"product-type-simple"},"yoast_head":"<!-- This site is optimized with the Yoast SEO plugin v26.5 - https:\/\/yoast.com\/wordpress\/plugins\/seo\/ -->\n<title>Prix \u200b\u200bde la Poudre de Maltitol, Fournisseur E965 Maltitol | Niranbio Chemical<\/title>\n<meta name=\"description\" content=\"Le maltitol, un \u00e9dulcorant \u00e9galement connu sous le nom de maltose hydrog\u00e9n\u00e9, est une poudre cristalline blanche utilis\u00e9e dans les aliments aromatis\u00e9s au sucre, se dissolvant facilement dans l&#039;eau.\" \/>\n<meta name=\"robots\" content=\"noindex, follow, max-snippet:-1, max-image-preview:large, max-video-preview:-1\" \/>\n<meta name=\"twitter:label1\" content=\"Dur\u00e9e de lecture estim\u00e9e\" \/>\n\t<meta name=\"twitter:data1\" content=\"6 minutes\" \/>\n<script type=\"application\/ld+json\" class=\"yoast-schema-graph\">{\"@context\":\"https:\/\/schema.org\",\"@graph\":[{\"@type\":\"WebPage\",\"@id\":\"https:\/\/theo.niranbio.com\/fr\/maltitol.html\",\"url\":\"https:\/\/theo.niranbio.com\/fr\/maltitol.html\",\"name\":\"Prix \u200b\u200bde la Poudre de Maltitol, Fournisseur E965 Maltitol | Niranbio Chemical\",\"isPartOf\":{\"@id\":\"https:\/\/theo.niranbio.com\/fr\/#website\"},\"primaryImageOfPage\":{\"@id\":\"https:\/\/theo.niranbio.com\/fr\/maltitol.html#primaryimage\"},\"image\":{\"@id\":\"https:\/\/theo.niranbio.com\/fr\/maltitol.html#primaryimage\"},\"thumbnailUrl\":\"https:\/\/theo.niranbio.com\/wp-content\/uploads\/2024\/06\/Maltitol.webp\",\"datePublished\":\"2024-06-20T01:24:52+00:00\",\"dateModified\":\"2024-08-19T05:44:50+00:00\",\"description\":\"Le maltitol, un \u00e9dulcorant \u00e9galement connu sous le nom de maltose hydrog\u00e9n\u00e9, est une poudre cristalline blanche utilis\u00e9e dans les aliments aromatis\u00e9s au sucre, se dissolvant facilement dans l'eau.\",\"breadcrumb\":{\"@id\":\"https:\/\/theo.niranbio.com\/fr\/maltitol.html#breadcrumb\"},\"inLanguage\":\"fr-FR\",\"potentialAction\":[{\"@type\":\"ReadAction\",\"target\":[\"https:\/\/theo.niranbio.com\/fr\/maltitol.html\"]}]},{\"@type\":\"ImageObject\",\"inLanguage\":\"fr-FR\",\"@id\":\"https:\/\/theo.niranbio.com\/fr\/maltitol.html#primaryimage\",\"url\":\"https:\/\/theo.niranbio.com\/wp-content\/uploads\/2024\/06\/Maltitol.webp\",\"contentUrl\":\"https:\/\/theo.niranbio.com\/wp-content\/uploads\/2024\/06\/Maltitol.webp\",\"width\":600,\"height\":600,\"caption\":\"Maltitol\"},{\"@type\":\"BreadcrumbList\",\"@id\":\"https:\/\/theo.niranbio.com\/fr\/maltitol.html#breadcrumb\",\"itemListElement\":[{\"@type\":\"ListItem\",\"position\":1,\"name\":\"Home\",\"item\":\"https:\/\/theo.niranbio.com\/fr\/\"},{\"@type\":\"ListItem\",\"position\":2,\"name\":\"Produits\",\"item\":\"https:\/\/theo.niranbio.com\/fr\/produits.html\"},{\"@type\":\"ListItem\",\"position\":3,\"name\":\"\u00c9dulcorant\",\"item\":\"https:\/\/theo.niranbio.com\/fr\/produit-edulcorant\/\"},{\"@type\":\"ListItem\",\"position\":4,\"name\":\"Maltitol\"}]},{\"@type\":\"WebSite\",\"@id\":\"https:\/\/theo.niranbio.com\/fr\/#website\",\"url\":\"https:\/\/theo.niranbio.com\/fr\/\",\"name\":\"Niranbio Chemical\",\"description\":\"\",\"publisher\":{\"@id\":\"https:\/\/theo.niranbio.com\/fr\/#organization\"},\"potentialAction\":[{\"@type\":\"SearchAction\",\"target\":{\"@type\":\"EntryPoint\",\"urlTemplate\":\"https:\/\/theo.niranbio.com\/fr\/?s={search_term_string}\"},\"query-input\":{\"@type\":\"PropertyValueSpecification\",\"valueRequired\":true,\"valueName\":\"search_term_string\"}}],\"inLanguage\":\"fr-FR\"},{\"@type\":\"Organization\",\"@id\":\"https:\/\/theo.niranbio.com\/fr\/#organization\",\"name\":\"Niranbio Chemical\",\"url\":\"https:\/\/theo.niranbio.com\/fr\/\",\"logo\":{\"@type\":\"ImageObject\",\"inLanguage\":\"fr-FR\",\"@id\":\"https:\/\/theo.niranbio.com\/fr\/#\/schema\/logo\/image\/\",\"url\":\"https:\/\/theo.niranbio.com\/wp-content\/uploads\/2024\/06\/Niranbio.png\",\"contentUrl\":\"https:\/\/theo.niranbio.com\/wp-content\/uploads\/2024\/06\/Niranbio.png\",\"width\":270,\"height\":100,\"caption\":\"Niranbio Chemical\"},\"image\":{\"@id\":\"https:\/\/theo.niranbio.com\/fr\/#\/schema\/logo\/image\/\"}}]}<\/script>\n<!-- \/ Yoast SEO plugin. -->","yoast_head_json":{"title":"Prix \u200b\u200bde la Poudre de Maltitol, Fournisseur E965 Maltitol | Niranbio Chemical","description":"Le maltitol, un \u00e9dulcorant \u00e9galement connu sous le nom de maltose hydrog\u00e9n\u00e9, est une poudre cristalline blanche utilis\u00e9e dans les aliments aromatis\u00e9s au sucre, se dissolvant facilement dans l'eau.","robots":{"index":"noindex","follow":"follow","max-snippet":"max-snippet:-1","max-image-preview":"max-image-preview:large","max-video-preview":"max-video-preview:-1"},"twitter_misc":{"Dur\u00e9e de lecture estim\u00e9e":"6 minutes"},"schema":{"@context":"https:\/\/schema.org","@graph":[{"@type":"WebPage","@id":"https:\/\/theo.niranbio.com\/fr\/maltitol.html","url":"https:\/\/theo.niranbio.com\/fr\/maltitol.html","name":"Prix \u200b\u200bde la Poudre de Maltitol, Fournisseur E965 Maltitol | Niranbio Chemical","isPartOf":{"@id":"https:\/\/theo.niranbio.com\/fr\/#website"},"primaryImageOfPage":{"@id":"https:\/\/theo.niranbio.com\/fr\/maltitol.html#primaryimage"},"image":{"@id":"https:\/\/theo.niranbio.com\/fr\/maltitol.html#primaryimage"},"thumbnailUrl":"https:\/\/theo.niranbio.com\/wp-content\/uploads\/2024\/06\/Maltitol.webp","datePublished":"2024-06-20T01:24:52+00:00","dateModified":"2024-08-19T05:44:50+00:00","description":"Le maltitol, un \u00e9dulcorant \u00e9galement connu sous le nom de maltose hydrog\u00e9n\u00e9, est une poudre cristalline blanche utilis\u00e9e dans les aliments aromatis\u00e9s au sucre, se dissolvant facilement dans l'eau.","breadcrumb":{"@id":"https:\/\/theo.niranbio.com\/fr\/maltitol.html#breadcrumb"},"inLanguage":"fr-FR","potentialAction":[{"@type":"ReadAction","target":["https:\/\/theo.niranbio.com\/fr\/maltitol.html"]}]},{"@type":"ImageObject","inLanguage":"fr-FR","@id":"https:\/\/theo.niranbio.com\/fr\/maltitol.html#primaryimage","url":"https:\/\/theo.niranbio.com\/wp-content\/uploads\/2024\/06\/Maltitol.webp","contentUrl":"https:\/\/theo.niranbio.com\/wp-content\/uploads\/2024\/06\/Maltitol.webp","width":600,"height":600,"caption":"Maltitol"},{"@type":"BreadcrumbList","@id":"https:\/\/theo.niranbio.com\/fr\/maltitol.html#breadcrumb","itemListElement":[{"@type":"ListItem","position":1,"name":"Home","item":"https:\/\/theo.niranbio.com\/fr\/"},{"@type":"ListItem","position":2,"name":"Produits","item":"https:\/\/theo.niranbio.com\/fr\/produits.html"},{"@type":"ListItem","position":3,"name":"\u00c9dulcorant","item":"https:\/\/theo.niranbio.com\/fr\/produit-edulcorant\/"},{"@type":"ListItem","position":4,"name":"Maltitol"}]},{"@type":"WebSite","@id":"https:\/\/theo.niranbio.com\/fr\/#website","url":"https:\/\/theo.niranbio.com\/fr\/","name":"Niranbio Chemical","description":"","publisher":{"@id":"https:\/\/theo.niranbio.com\/fr\/#organization"},"potentialAction":[{"@type":"SearchAction","target":{"@type":"EntryPoint","urlTemplate":"https:\/\/theo.niranbio.com\/fr\/?s={search_term_string}"},"query-input":{"@type":"PropertyValueSpecification","valueRequired":true,"valueName":"search_term_string"}}],"inLanguage":"fr-FR"},{"@type":"Organization","@id":"https:\/\/theo.niranbio.com\/fr\/#organization","name":"Niranbio Chemical","url":"https:\/\/theo.niranbio.com\/fr\/","logo":{"@type":"ImageObject","inLanguage":"fr-FR","@id":"https:\/\/theo.niranbio.com\/fr\/#\/schema\/logo\/image\/","url":"https:\/\/theo.niranbio.com\/wp-content\/uploads\/2024\/06\/Niranbio.png","contentUrl":"https:\/\/theo.niranbio.com\/wp-content\/uploads\/2024\/06\/Niranbio.png","width":270,"height":100,"caption":"Niranbio Chemical"},"image":{"@id":"https:\/\/theo.niranbio.com\/fr\/#\/schema\/logo\/image\/"}}]}},"_links":{"self":[{"href":"https:\/\/theo.niranbio.com\/fr\/wp-json\/wp\/v2\/product\/9395","targetHints":{"allow":["GET"]}}],"collection":[{"href":"https:\/\/theo.niranbio.com\/fr\/wp-json\/wp\/v2\/product"}],"about":[{"href":"https:\/\/theo.niranbio.com\/fr\/wp-json\/wp\/v2\/types\/product"}],"version-history":[{"count":0,"href":"https:\/\/theo.niranbio.com\/fr\/wp-json\/wp\/v2\/product\/9395\/revisions"}],"wp:featuredmedia":[{"embeddable":true,"href":"https:\/\/theo.niranbio.com\/fr\/wp-json\/wp\/v2\/media\/9396"}],"wp:attachment":[{"href":"https:\/\/theo.niranbio.com\/fr\/wp-json\/wp\/v2\/media?parent=9395"}],"wp:term":[{"taxonomy":"product_brand","embeddable":true,"href":"https:\/\/theo.niranbio.com\/fr\/wp-json\/wp\/v2\/product_brand?post=9395"},{"taxonomy":"product_cat","embeddable":true,"href":"https:\/\/theo.niranbio.com\/fr\/wp-json\/wp\/v2\/product_cat?post=9395"},{"taxonomy":"product_tag","embeddable":true,"href":"https:\/\/theo.niranbio.com\/fr\/wp-json\/wp\/v2\/product_tag?post=9395"}],"curies":[{"name":"wp","href":"https:\/\/api.w.org\/{rel}","templated":true}]}}