{"id":9392,"date":"2024-06-19T17:24:03","date_gmt":"2024-06-19T09:24:03","guid":{"rendered":"https:\/\/theo.niranbio.com\/phosphate-tricalcique\/"},"modified":"2024-08-19T14:06:11","modified_gmt":"2024-08-19T06:06:11","slug":"phosphate-tricalcique","status":"publish","type":"product","link":"https:\/\/theo.niranbio.com\/fr\/phosphate-tricalcique.html","title":{"rendered":"Phosphate tricalcique"},"content":{"rendered":"<h2><span class=\"ez-toc-section\" id=\"Quest-ce_que_le_phosphate_tricalcique\"><\/span>Qu&rsquo;est-ce que le phosphate tricalcique ?<span class=\"ez-toc-section-end\"><\/span><\/h2>\n<p>Le phosphate tricalcique est un compos\u00e9 inorganique courant ayant l&rsquo;apparence d&rsquo;une poudre amorphe blanche. Il est relativement stable dans l&rsquo;air, presque insoluble dans l&rsquo;eau, soluble dans l&rsquo;acide et est g\u00e9n\u00e9ralement utilis\u00e9 comme agent anti-agglom\u00e9rant, exhausteur nutritionnel et agent levant dans l&rsquo;industrie alimentaire. Les principales m\u00e9thodes de pr\u00e9paration du phosphate tricalcique comprennent le proc\u00e9d\u00e9 humide et le proc\u00e9d\u00e9 sec.<\/p>\n<p>Le proc\u00e9d\u00e9 humide g\u00e9n\u00e8re du phosphate dicalcique en faisant r\u00e9agir de l&rsquo;acide phosphorique avec du lait de chaux, puis r\u00e9agit davantage pour g\u00e9n\u00e9rer du phosphate tricalcique. Il est simple \u00e0 utiliser, n\u00e9cessite peu d&rsquo;investissement en \u00e9quipement et pr\u00e9sente une puret\u00e9 \u00e9lev\u00e9e du produit. Le proc\u00e9d\u00e9 sec g\u00e9n\u00e8re du phosphate dicalcique et du sulfate de calcium en faisant r\u00e9agir du minerai de phosphate avec de l&rsquo;acide sulfurique, puis g\u00e9n\u00e8re du phosphate tricalcique par calcination \u00e0 haute temp\u00e9rature. \u00c0 l&rsquo;heure actuelle, le proc\u00e9d\u00e9 humide est devenu le proc\u00e9d\u00e9 de pr\u00e9paration le plus courant en raison de son faible co\u00fbt et de la grande puret\u00e9 du produit.<\/p>\n<h2><span class=\"ez-toc-section\" id=\"Parametres_associes\"><\/span>Param\u00e8tres associ\u00e9s :<span class=\"ez-toc-section-end\"><\/span><\/h2>\n<table>\n<tbody>\n<tr>\n<td><strong>\u00c9L\u00c9MENT D&rsquo;ANALYSE<\/strong><\/td>\n<td><strong>INDICES DE QUALIT\u00c9<\/strong><\/td>\n<\/tr>\n<tr>\n<td>Dosage (en tant que Ca) %<\/td>\n<td>34.0-40.0<\/td>\n<\/tr>\n<tr>\n<td>Identification<\/td>\n<td>Test r\u00e9ussi<\/td>\n<\/tr>\n<tr>\n<td>Substance soluble dans l&rsquo;eau \u2264%<\/td>\n<td>0.5<\/td>\n<\/tr>\n<tr>\n<td>Substance insoluble dans l&rsquo;acide \u2264%<\/td>\n<td>0.2<\/td>\n<\/tr>\n<tr>\n<td>Carbonate<\/td>\n<td>Test r\u00e9ussi<\/td>\n<\/tr>\n<tr>\n<td>Chlorures \u2264%<\/td>\n<td>0.14<\/td>\n<\/tr>\n<tr>\n<td>Sulfate \u2264%<\/td>\n<td>0.8<\/td>\n<\/tr>\n<tr>\n<td>Sel dibasique et oxyde de calcium<\/td>\n<td>Test r\u00e9ussi<\/td>\n<\/tr>\n<tr>\n<td>Arsenic \u2264mg\/kg<\/td>\n<td>3<\/td>\n<\/tr>\n<tr>\n<td>Baryum<\/td>\n<td>Test r\u00e9ussi<\/td>\n<\/tr>\n<tr>\n<td>Fluorures %<\/td>\n<td>75<\/td>\n<\/tr>\n<tr>\n<td>Nitrate<\/td>\n<td>Test r\u00e9ussi<\/td>\n<\/tr>\n<tr>\n<td>M\u00e9taux lourds \u2264mg\/kg<\/td>\n<td>30<\/td>\n<\/tr>\n<tr>\n<td>Plomb \u2264mg\/kg<\/td>\n<td>2<\/td>\n<\/tr>\n<tr>\n<td>Cadmium \u2264mg\/kg<\/td>\n<td>1<\/td>\n<\/tr>\n<tr>\n<td>Mercure \u2264mg\/kg<\/td>\n<td>1<\/td>\n<\/tr>\n<tr>\n<td>Perte au feu \u2264%<\/td>\n<td>\u2264% 8.0<\/td>\n<\/tr>\n<\/tbody>\n<\/table>\n<h2><span class=\"ez-toc-section\" id=\"Dosage_recommande\"><\/span>Dosage recommand\u00e9 :<span class=\"ez-toc-section-end\"><\/span><\/h2>\n<table>\n<tbody>\n<tr>\n<td><strong>Nom de l&rsquo;aliment<\/strong><\/td>\n<td><strong>Utilisation maximale (g\/kg)<\/strong><\/td>\n<\/tr>\n<tr>\n<td>Pain riche en calcium<\/td>\n<td>6 g\/kg<\/td>\n<\/tr>\n<tr>\n<td>Boissons pour sportifs<\/td>\n<td>1,5 g\/kg<\/td>\n<\/tr>\n<tr>\n<td>Produits laitiers (tels que le yaourt, le lait)<\/td>\n<td>3 g\/kg<\/td>\n<\/tr>\n<tr>\n<td>Fromage<\/td>\n<td>5 g\/kg<\/td>\n<\/tr>\n<tr>\n<td>Produits \u00e0 base de chocolat<\/td>\n<td>3 g\/kg<\/td>\n<\/tr>\n<tr>\n<td>Bonbons<\/td>\n<td>2 g\/kg<\/td>\n<\/tr>\n<tr>\n<td>Cr\u00e8me glac\u00e9e<\/td>\n<td>2 g\/kg<\/td>\n<\/tr>\n<tr>\n<td>G\u00e2teaux<\/td>\n<td>5 g\/kg<\/td>\n<\/tr>\n<tr>\n<td>Caf\u00e9 instantan\u00e9<\/td>\n<td>2 g\/kg<\/td>\n<\/tr>\n<tr>\n<td>Th\u00e9 au lait<\/td>\n<td>3 g\/kg<\/td>\n<\/tr>\n<tr>\n<td>Boissons \u00e0 base de jus<\/td>\n<td>1,5 g\/kg<\/td>\n<\/tr>\n<tr>\n<td>Produits de boulangerie (tels que g\u00e2teaux, biscuits)<\/td>\n<td>5 g\/kg<\/td>\n<\/tr>\n<\/tbody>\n<\/table>\n<h2><span class=\"ez-toc-section\" id=\"Utilisation_du_phosphate_tricalcique\"><\/span>Utilisation du phosphate tricalcique<span class=\"ez-toc-section-end\"><\/span><\/h2>\n<ol>\n<li>Agent antiagglom\u00e9rant : \u00e9vite que les aliments en poudre ou en granul\u00e9s ne s&rsquo;agglutinent pendant le stockage, pr\u00e9servant ainsi leur fluidit\u00e9 et leur facilit\u00e9 de manipulation.<\/li>\n<li>Exhausteurs nutritionnels : apportent du calcium et du phosphore, compl\u00e8tent les \u00e9l\u00e9ments calcium et phosphore n\u00e9cessaires au corps humain et sont particuli\u00e8rement adapt\u00e9s aux aliments qui n\u00e9cessitent une suppl\u00e9mentation suppl\u00e9mentaire en calcium.<\/li>\n<li>Agent levant : dans les aliments cuits au four, aide la p\u00e2te \u00e0 lever et am\u00e9liore le volume et la texture de l&rsquo;aliment.<\/li>\n<li>Ajusteur de pH : ajuste la valeur du pH dans certains aliments pour maintenir la stabilit\u00e9 et le go\u00fbt des aliments.<\/li>\n<li>Am\u00e9liorant d&rsquo;\u00e9coulement : am\u00e9liore la fluidit\u00e9 des aliments en poudre et en granul\u00e9s pour faciliter le traitement et le conditionnement.<\/li>\n<li>Stabilisants et \u00e9mulsifiants : dans les produits laitiers et autres aliments \u00e9mulsionn\u00e9s, ils aident \u00e0 maintenir la r\u00e9partition uniforme des ingr\u00e9dients et emp\u00eachent la s\u00e9paration.<\/li>\n<\/ol>\n","protected":false},"excerpt":{"rendered":"<ul>\n<li>CAS: 7758-87-4<\/li>\n<li>Formule chimique: Ca<sub>3<\/sub>(PO<sub>4<\/sub>)<sub>2<\/sub><\/li>\n<li>Certifications : KOSHER, ISO, HALAL, FSSC 22000, BRC, etc.<\/li>\n<li>Quantit\u00e9 minimum de commande : 1000 kg<\/li>\n<li>Dur\u00e9e de conservation : 2 ans<\/li>\n<\/ul>\n<div id=\"gtx-trans\" style=\"position: absolute; left: -22px; top: 86.1094px;\">\n<div class=\"gtx-trans-icon\"><\/div>\n<\/div>\n","protected":false},"featured_media":9393,"template":"","meta":{"site-sidebar-layout":"default","site-content-layout":"","ast-site-content-layout":"default","site-content-style":"default","site-sidebar-style":"default","ast-global-header-display":"","ast-banner-title-visibility":"","ast-main-header-display":"","ast-hfb-above-header-display":"","ast-hfb-below-header-display":"","ast-hfb-mobile-header-display":"","site-post-title":"","ast-breadcrumbs-content":"","ast-featured-img":"","footer-sml-layout":"","theme-transparent-header-meta":"default","adv-header-id-meta":"","stick-header-meta":"","header-above-stick-meta":"","header-main-stick-meta":"","header-below-stick-meta":"","astra-migrate-meta-layouts":"set","ast-page-background-enabled":"default","ast-page-background-meta":{"desktop":{"background-color":"var(--ast-global-color-4)","background-image":"","background-repeat":"repeat","background-position":"center center","background-size":"auto","background-attachment":"scroll","background-type":"","background-media":"","overlay-type":"","overlay-color":"","overlay-opacity":"","overlay-gradient":""},"tablet":{"background-color":"","background-image":"","background-repeat":"repeat","background-position":"center center","background-size":"auto","background-attachment":"scroll","background-type":"","background-media":"","overlay-type":"","overlay-color":"","overlay-opacity":"","overlay-gradient":""},"mobile":{"background-color":"","background-image":"","background-repeat":"repeat","background-position":"center center","background-size":"auto","background-attachment":"scroll","background-type":"","background-media":"","overlay-type":"","overlay-color":"","overlay-opacity":"","overlay-gradient":""}},"ast-content-background-meta":{"desktop":{"background-color":"var(--ast-global-color-5)","background-image":"","background-repeat":"repeat","background-position":"center center","background-size":"auto","background-attachment":"scroll","background-type":"","background-media":"","overlay-type":"","overlay-color":"","overlay-opacity":"","overlay-gradient":""},"tablet":{"background-color":"var(--ast-global-color-5)","background-image":"","background-repeat":"repeat","background-position":"center center","background-size":"auto","background-attachment":"scroll","background-type":"","background-media":"","overlay-type":"","overlay-color":"","overlay-opacity":"","overlay-gradient":""},"mobile":{"background-color":"var(--ast-global-color-5)","background-image":"","background-repeat":"repeat","background-position":"center center","background-size":"auto","background-attachment":"scroll","background-type":"","background-media":"","overlay-type":"","overlay-color":"","overlay-opacity":"","overlay-gradient":""}}},"product_brand":[],"product_cat":[108],"product_tag":[],"class_list":{"0":"post-9392","1":"product","2":"type-product","3":"status-publish","4":"has-post-thumbnail","6":"product_cat-produit-phosphate","7":"desktop-align-center","8":"tablet-align-left","9":"mobile-align-left","11":"first","12":"instock","13":"shipping-taxable","14":"product-type-simple"},"yoast_head":"<!-- This site is optimized with the Yoast SEO plugin v26.5 - https:\/\/yoast.com\/wordpress\/plugins\/seo\/ -->\n<title>Fabricant De Phosphate Tricalcique | Niranbio Chemical<\/title>\n<meta name=\"description\" content=\"Notre poudre de phosphate tricalcique (TCP) est certifi\u00e9e pour la s\u00e9curit\u00e9 et la qualit\u00e9, un additif de qualit\u00e9 alimentaire de haute puret\u00e9.\" \/>\n<meta name=\"robots\" content=\"noindex, follow, max-snippet:-1, max-image-preview:large, max-video-preview:-1\" \/>\n<meta name=\"twitter:label1\" content=\"Dur\u00e9e de lecture estim\u00e9e\" \/>\n\t<meta name=\"twitter:data1\" content=\"3 minutes\" \/>\n<script type=\"application\/ld+json\" class=\"yoast-schema-graph\">{\"@context\":\"https:\/\/schema.org\",\"@graph\":[{\"@type\":\"WebPage\",\"@id\":\"https:\/\/theo.niranbio.com\/fr\/phosphate-tricalcique.html\",\"url\":\"https:\/\/theo.niranbio.com\/fr\/phosphate-tricalcique.html\",\"name\":\"Fabricant De Phosphate Tricalcique | Niranbio Chemical\",\"isPartOf\":{\"@id\":\"https:\/\/theo.niranbio.com\/fr\/#website\"},\"primaryImageOfPage\":{\"@id\":\"https:\/\/theo.niranbio.com\/fr\/phosphate-tricalcique.html#primaryimage\"},\"image\":{\"@id\":\"https:\/\/theo.niranbio.com\/fr\/phosphate-tricalcique.html#primaryimage\"},\"thumbnailUrl\":\"https:\/\/theo.niranbio.com\/wp-content\/uploads\/2024\/06\/Tricalcium-Phosphate.webp\",\"datePublished\":\"2024-06-19T09:24:03+00:00\",\"dateModified\":\"2024-08-19T06:06:11+00:00\",\"description\":\"Notre poudre de phosphate tricalcique (TCP) est certifi\u00e9e pour la s\u00e9curit\u00e9 et la qualit\u00e9, un additif de qualit\u00e9 alimentaire de haute puret\u00e9.\",\"breadcrumb\":{\"@id\":\"https:\/\/theo.niranbio.com\/fr\/phosphate-tricalcique.html#breadcrumb\"},\"inLanguage\":\"fr-FR\",\"potentialAction\":[{\"@type\":\"ReadAction\",\"target\":[\"https:\/\/theo.niranbio.com\/fr\/phosphate-tricalcique.html\"]}]},{\"@type\":\"ImageObject\",\"inLanguage\":\"fr-FR\",\"@id\":\"https:\/\/theo.niranbio.com\/fr\/phosphate-tricalcique.html#primaryimage\",\"url\":\"https:\/\/theo.niranbio.com\/wp-content\/uploads\/2024\/06\/Tricalcium-Phosphate.webp\",\"contentUrl\":\"https:\/\/theo.niranbio.com\/wp-content\/uploads\/2024\/06\/Tricalcium-Phosphate.webp\",\"width\":600,\"height\":600,\"caption\":\"Phosphate tricalcique\"},{\"@type\":\"BreadcrumbList\",\"@id\":\"https:\/\/theo.niranbio.com\/fr\/phosphate-tricalcique.html#breadcrumb\",\"itemListElement\":[{\"@type\":\"ListItem\",\"position\":1,\"name\":\"Home\",\"item\":\"https:\/\/theo.niranbio.com\/fr\/\"},{\"@type\":\"ListItem\",\"position\":2,\"name\":\"Produits\",\"item\":\"https:\/\/theo.niranbio.com\/fr\/produits.html\"},{\"@type\":\"ListItem\",\"position\":3,\"name\":\"Phosphat\u00e9\",\"item\":\"https:\/\/theo.niranbio.com\/fr\/produit-phosphate\/\"},{\"@type\":\"ListItem\",\"position\":4,\"name\":\"Phosphate tricalcique\"}]},{\"@type\":\"WebSite\",\"@id\":\"https:\/\/theo.niranbio.com\/fr\/#website\",\"url\":\"https:\/\/theo.niranbio.com\/fr\/\",\"name\":\"Niranbio Chemical\",\"description\":\"\",\"publisher\":{\"@id\":\"https:\/\/theo.niranbio.com\/fr\/#organization\"},\"potentialAction\":[{\"@type\":\"SearchAction\",\"target\":{\"@type\":\"EntryPoint\",\"urlTemplate\":\"https:\/\/theo.niranbio.com\/fr\/?s={search_term_string}\"},\"query-input\":{\"@type\":\"PropertyValueSpecification\",\"valueRequired\":true,\"valueName\":\"search_term_string\"}}],\"inLanguage\":\"fr-FR\"},{\"@type\":\"Organization\",\"@id\":\"https:\/\/theo.niranbio.com\/fr\/#organization\",\"name\":\"Niranbio Chemical\",\"url\":\"https:\/\/theo.niranbio.com\/fr\/\",\"logo\":{\"@type\":\"ImageObject\",\"inLanguage\":\"fr-FR\",\"@id\":\"https:\/\/theo.niranbio.com\/fr\/#\/schema\/logo\/image\/\",\"url\":\"https:\/\/theo.niranbio.com\/wp-content\/uploads\/2024\/06\/Niranbio.png\",\"contentUrl\":\"https:\/\/theo.niranbio.com\/wp-content\/uploads\/2024\/06\/Niranbio.png\",\"width\":270,\"height\":100,\"caption\":\"Niranbio Chemical\"},\"image\":{\"@id\":\"https:\/\/theo.niranbio.com\/fr\/#\/schema\/logo\/image\/\"}}]}<\/script>\n<!-- \/ Yoast SEO plugin. -->","yoast_head_json":{"title":"Fabricant De Phosphate Tricalcique | Niranbio Chemical","description":"Notre poudre de phosphate tricalcique (TCP) est certifi\u00e9e pour la s\u00e9curit\u00e9 et la qualit\u00e9, un additif de qualit\u00e9 alimentaire de haute puret\u00e9.","robots":{"index":"noindex","follow":"follow","max-snippet":"max-snippet:-1","max-image-preview":"max-image-preview:large","max-video-preview":"max-video-preview:-1"},"twitter_misc":{"Dur\u00e9e de lecture estim\u00e9e":"3 minutes"},"schema":{"@context":"https:\/\/schema.org","@graph":[{"@type":"WebPage","@id":"https:\/\/theo.niranbio.com\/fr\/phosphate-tricalcique.html","url":"https:\/\/theo.niranbio.com\/fr\/phosphate-tricalcique.html","name":"Fabricant De Phosphate Tricalcique | Niranbio Chemical","isPartOf":{"@id":"https:\/\/theo.niranbio.com\/fr\/#website"},"primaryImageOfPage":{"@id":"https:\/\/theo.niranbio.com\/fr\/phosphate-tricalcique.html#primaryimage"},"image":{"@id":"https:\/\/theo.niranbio.com\/fr\/phosphate-tricalcique.html#primaryimage"},"thumbnailUrl":"https:\/\/theo.niranbio.com\/wp-content\/uploads\/2024\/06\/Tricalcium-Phosphate.webp","datePublished":"2024-06-19T09:24:03+00:00","dateModified":"2024-08-19T06:06:11+00:00","description":"Notre poudre de phosphate tricalcique (TCP) est certifi\u00e9e pour la s\u00e9curit\u00e9 et la qualit\u00e9, un additif de qualit\u00e9 alimentaire de haute puret\u00e9.","breadcrumb":{"@id":"https:\/\/theo.niranbio.com\/fr\/phosphate-tricalcique.html#breadcrumb"},"inLanguage":"fr-FR","potentialAction":[{"@type":"ReadAction","target":["https:\/\/theo.niranbio.com\/fr\/phosphate-tricalcique.html"]}]},{"@type":"ImageObject","inLanguage":"fr-FR","@id":"https:\/\/theo.niranbio.com\/fr\/phosphate-tricalcique.html#primaryimage","url":"https:\/\/theo.niranbio.com\/wp-content\/uploads\/2024\/06\/Tricalcium-Phosphate.webp","contentUrl":"https:\/\/theo.niranbio.com\/wp-content\/uploads\/2024\/06\/Tricalcium-Phosphate.webp","width":600,"height":600,"caption":"Phosphate tricalcique"},{"@type":"BreadcrumbList","@id":"https:\/\/theo.niranbio.com\/fr\/phosphate-tricalcique.html#breadcrumb","itemListElement":[{"@type":"ListItem","position":1,"name":"Home","item":"https:\/\/theo.niranbio.com\/fr\/"},{"@type":"ListItem","position":2,"name":"Produits","item":"https:\/\/theo.niranbio.com\/fr\/produits.html"},{"@type":"ListItem","position":3,"name":"Phosphat\u00e9","item":"https:\/\/theo.niranbio.com\/fr\/produit-phosphate\/"},{"@type":"ListItem","position":4,"name":"Phosphate tricalcique"}]},{"@type":"WebSite","@id":"https:\/\/theo.niranbio.com\/fr\/#website","url":"https:\/\/theo.niranbio.com\/fr\/","name":"Niranbio Chemical","description":"","publisher":{"@id":"https:\/\/theo.niranbio.com\/fr\/#organization"},"potentialAction":[{"@type":"SearchAction","target":{"@type":"EntryPoint","urlTemplate":"https:\/\/theo.niranbio.com\/fr\/?s={search_term_string}"},"query-input":{"@type":"PropertyValueSpecification","valueRequired":true,"valueName":"search_term_string"}}],"inLanguage":"fr-FR"},{"@type":"Organization","@id":"https:\/\/theo.niranbio.com\/fr\/#organization","name":"Niranbio Chemical","url":"https:\/\/theo.niranbio.com\/fr\/","logo":{"@type":"ImageObject","inLanguage":"fr-FR","@id":"https:\/\/theo.niranbio.com\/fr\/#\/schema\/logo\/image\/","url":"https:\/\/theo.niranbio.com\/wp-content\/uploads\/2024\/06\/Niranbio.png","contentUrl":"https:\/\/theo.niranbio.com\/wp-content\/uploads\/2024\/06\/Niranbio.png","width":270,"height":100,"caption":"Niranbio Chemical"},"image":{"@id":"https:\/\/theo.niranbio.com\/fr\/#\/schema\/logo\/image\/"}}]}},"_links":{"self":[{"href":"https:\/\/theo.niranbio.com\/fr\/wp-json\/wp\/v2\/product\/9392","targetHints":{"allow":["GET"]}}],"collection":[{"href":"https:\/\/theo.niranbio.com\/fr\/wp-json\/wp\/v2\/product"}],"about":[{"href":"https:\/\/theo.niranbio.com\/fr\/wp-json\/wp\/v2\/types\/product"}],"version-history":[{"count":0,"href":"https:\/\/theo.niranbio.com\/fr\/wp-json\/wp\/v2\/product\/9392\/revisions"}],"wp:featuredmedia":[{"embeddable":true,"href":"https:\/\/theo.niranbio.com\/fr\/wp-json\/wp\/v2\/media\/9393"}],"wp:attachment":[{"href":"https:\/\/theo.niranbio.com\/fr\/wp-json\/wp\/v2\/media?parent=9392"}],"wp:term":[{"taxonomy":"product_brand","embeddable":true,"href":"https:\/\/theo.niranbio.com\/fr\/wp-json\/wp\/v2\/product_brand?post=9392"},{"taxonomy":"product_cat","embeddable":true,"href":"https:\/\/theo.niranbio.com\/fr\/wp-json\/wp\/v2\/product_cat?post=9392"},{"taxonomy":"product_tag","embeddable":true,"href":"https:\/\/theo.niranbio.com\/fr\/wp-json\/wp\/v2\/product_tag?post=9392"}],"curies":[{"name":"wp","href":"https:\/\/api.w.org\/{rel}","templated":true}]}}