{"id":9387,"date":"2024-06-20T08:59:17","date_gmt":"2024-06-20T00:59:17","guid":{"rendered":"https:\/\/theo.niranbio.com\/acide-l-malique\/"},"modified":"2024-08-19T10:02:13","modified_gmt":"2024-08-19T02:02:13","slug":"acide-l-malique","status":"publish","type":"product","link":"https:\/\/theo.niranbio.com\/fr\/acide-l-malique.html","title":{"rendered":"Acide L-malique"},"content":{"rendered":"<h2><span class=\"ez-toc-section\" id=\"Quest-ce_que_lacide_L-malique\"><\/span>Qu&rsquo;est-ce que l&rsquo;acide L-malique ?<span class=\"ez-toc-section-end\"><\/span><\/h2>\n<p>L&rsquo;acide L-malique est un acide organique naturel important, existant sous forme de cristaux blancs ou de poudre cristalline. Il poss\u00e8de un go\u00fbt aigre distinct et de fortes propri\u00e9t\u00e9s hygroscopiques, se dissolvant facilement dans l&rsquo;eau et l&rsquo;\u00e9thanol tout en pr\u00e9sentant des caract\u00e9ristiques antioxydantes. Il est largement pr\u00e9sent dans les plantes, les animaux et les cellules microbiennes. Il a le go\u00fbt aigre des pommes naturelles, d&rsquo;o\u00f9 son nom. En particulier, les fruits tels que les pommes, les cerises, les raisins et les citrons sont riches en acide L-malique, qui est la source du go\u00fbt aigre-doux des fruits. Il est principalement utilis\u00e9 comme acidulant naturel, conservateur, hydratant et antioxydant dans l&rsquo;industrie alimentaire. L&rsquo;acide L-malique trouve \u00e9galement des applications dans les industries pharmaceutiques et cosm\u00e9tiques.<\/p>\n<p>Le processus de production principal de l&rsquo;acide L-malique consiste \u00e0 utiliser une m\u00e9thode de fermentation en une seule \u00e9tape (m\u00e9thode de fermentation directe). Il est reconnu internationalement que les additifs alimentaires produits par fermentation peuvent \u00eatre consid\u00e9r\u00e9s comme des produits \u00ab purement naturels \u00bb. Avec une sensibilisation croissante \u00e0 la s\u00e9curit\u00e9 alimentaire et \u00e0 la sant\u00e9, la recherche sur la fermentation directe pour la production d&rsquo;acide L-malique a suscit\u00e9 une attention consid\u00e9rable. La m\u00e9thode de fermentation en une \u00e9tape est \u00e9galement appel\u00e9e m\u00e9thode de fermentation directe, qui consiste \u00e0 utiliser un micro-organisme pour fermenter directement des mati\u00e8res premi\u00e8res sucr\u00e9es ou des mati\u00e8res premi\u00e8res non sucr\u00e9es (telles que des alcanes normaux) pour produire de l&rsquo;acide L-malique.<\/p>\n<p>Ces derni\u00e8res ann\u00e9es, la recherche sur la production d&rsquo;acide L-malique par fermentation directe a fait des progr\u00e8s rapides. Les micro-organismes utilisant des mati\u00e8res premi\u00e8res d&rsquo;amidon pour produire de l&rsquo;acide L-malique comprennent principalement Aspergillus flavus, Aspergillus oryzae et Aspergillus parasiticus, entre autres. La principale caract\u00e9ristique de ces micro-organismes est que la malate d\u00e9shydrog\u00e9nase dans l&rsquo;\u00e9tape de l&rsquo;acide malique \u00e0 l&rsquo;acide oxaloac\u00e9tique dans le cycle de l&rsquo;acide tricarboxylique est absente ou \u00e0 un niveau faible, ce qui permet \u00e0 l&rsquo;acide malique de s&rsquo;accumuler. La plupart de ces souches ont la capacit\u00e9 de saccharifier l&rsquo;amidon et peuvent utiliser directement les mati\u00e8res premi\u00e8res d&rsquo;amidon. La source de mati\u00e8re premi\u00e8re est tr\u00e8s riche, les conditions du processus de fermentation sont douces et le produit est de type L. Par cons\u00e9quent, la m\u00e9thode de fermentation en une \u00e9tape pr\u00e9sente plus d&rsquo;avantages que les autres m\u00e9thodes.<\/p>\n<h2><span class=\"ez-toc-section\" id=\"Parametres_associes\"><\/span>Param\u00e8tres associ\u00e9s :<span class=\"ez-toc-section-end\"><\/span><\/h2>\n<table>\n<tbody>\n<tr>\n<td>Articles<\/td>\n<td>Normes<\/td>\n<\/tr>\n<tr>\n<td>Essai<\/td>\n<td>99,0% Min<\/td>\n<\/tr>\n<tr>\n<td>Rotation sp\u00e9cifique [a]D25\u2103<\/td>\n<td>-1.6\u00b0~-2.6\u00b0<\/td>\n<\/tr>\n<tr>\n<td>R\u00e9sidus \u00e0 l&rsquo;allumage<\/td>\n<td>1% Max<\/td>\n<\/tr>\n<tr>\n<td>Sulfate<\/td>\n<td>0,02 % au maximum<\/td>\n<\/tr>\n<tr>\n<td>Chlorure<\/td>\n<td>0,004% Max<\/td>\n<\/tr>\n<tr>\n<td>\u00c9tat de la solution<\/td>\n<td>Clarification<\/td>\n<\/tr>\n<tr>\n<td>Acide fumarique<\/td>\n<td>0,5 % au maximum<\/td>\n<\/tr>\n<tr>\n<td>Acide mal\u00e9ique<\/td>\n<td>0,05% Max<\/td>\n<\/tr>\n<tr>\n<td>Arsenic(As)<\/td>\n<td>2 ppm Max<\/td>\n<\/tr>\n<tr>\n<td>M\u00e9taux lourds (Pb)<\/td>\n<td>10 ppm Max<\/td>\n<\/tr>\n<tr>\n<td>Plomb(Pb)<\/td>\n<td>2 ppm Max<\/td>\n<\/tr>\n<tr>\n<td>Emballage<\/td>\n<td>25kg\/sac, 20MT\/20FCL avec palette, 25MT\/20FCL sans palette<\/td>\n<\/tr>\n<\/tbody>\n<\/table>\n<h2><span class=\"ez-toc-section\" id=\"Dosage_recommande\"><\/span>Dosage recommand\u00e9 :<span class=\"ez-toc-section-end\"><\/span><\/h2>\n<table>\n<tbody>\n<tr>\n<td>Nom de l&rsquo;aliment<\/td>\n<td>Utilisation maximale (g\/kg)<\/td>\n<\/tr>\n<tr>\n<td>Boissons gazeuses<\/td>\n<td>0,6-1,2 g\/kg<\/td>\n<\/tr>\n<tr>\n<td>Sauce salade<\/td>\n<td>0,5-1,0 g\/kg<\/td>\n<\/tr>\n<tr>\n<td>Assaisonnements<\/td>\n<td>0,6-1,2 g\/kg<\/td>\n<\/tr>\n<tr>\n<td>Jambon<\/td>\n<td>0,4-0,6 g\/kg<\/td>\n<\/tr>\n<tr>\n<td>Pain<\/td>\n<td>0,4-0,6 g\/kg<\/td>\n<\/tr>\n<tr>\n<td>Aliments en conserve<\/td>\n<td>0,5-1,0 g\/kg<\/td>\n<\/tr>\n<tr>\n<td>Fromage<\/td>\n<td>0,5-0,8 g\/kg<\/td>\n<\/tr>\n<tr>\n<td>Biscuits<\/td>\n<td>0,4-0,8 g\/kg<\/td>\n<\/tr>\n<tr>\n<td>Agent de d\u00e9moulage<\/td>\n<td>0,4-0,6 g\/kg<\/td>\n<\/tr>\n<tr>\n<td>Caf\u00e9<\/td>\n<td>0,4-0,6 g\/kg<\/td>\n<\/tr>\n<tr>\n<td>Bonbons g\u00e9lifi\u00e9s<\/td>\n<td>0,8-1,2 g\/kg<\/td>\n<\/tr>\n<\/tbody>\n<\/table>\n<h2><span class=\"ez-toc-section\" id=\"Lacide_L-malique_a_un_large_eventail_dutilisations\"><\/span>L&rsquo;acide L-malique a un large \u00e9ventail d&rsquo;utilisations<span class=\"ez-toc-section-end\"><\/span><\/h2>\n<h3><span class=\"ez-toc-section\" id=\"1_Ajustement_de_lacidite\"><\/span>1. Ajustement de l&rsquo;acidit\u00e9<span class=\"ez-toc-section-end\"><\/span><\/h3>\n<p>L&rsquo;acide L-malique est largement utilis\u00e9 comme acidifiant, acidifiant et acidifiant alimentaire. Il peut \u00eatre utilis\u00e9 dans les jus, les boissons gazeuses, les gel\u00e9es, les bonbons, les yaourts, les g\u00e2teaux et d&rsquo;autres aliments pour donner aux aliments un go\u00fbt et un go\u00fbt acides.<\/p>\n<h3><span class=\"ez-toc-section\" id=\"2_Proprietes_antioxydantes\"><\/span>2. Propri\u00e9t\u00e9s antioxydantes<span class=\"ez-toc-section-end\"><\/span><\/h3>\n<p>L&rsquo;acide L-malique peut favoriser la production d&rsquo;ATP dans les cellules et renforcer le m\u00e9tabolisme \u00e9nerg\u00e9tique de l&rsquo;organisme. Sous l&rsquo;action de la malate d\u00e9shydrog\u00e9nase, l&rsquo;acide L-malique g\u00e9n\u00e8re du NAD(P)H, dont certaines \u00e9tudes r\u00e9centes ont montr\u00e9 qu&rsquo;il \u00e9limine directement les radicaux libres et joue un r\u00f4le antioxydant. En tant que transporteur d&rsquo;\u00e9lectrons et donneur d&rsquo;hydrog\u00e8ne important dans les organismes, le NAD(P)H participe \u00e0 la r\u00e9duction et \u00e0 la r\u00e9g\u00e9n\u00e9ration de diverses substances antioxydantes, maintient la capacit\u00e9 antioxydante de l&rsquo;organisme et a un effet antioxydant indirect. En tant que transporteur d&rsquo;\u00e9lectrons et donneur d&rsquo;hydrog\u00e8ne important dans les organismes, le NAD(P)H participe \u00e0 la r\u00e9duction et \u00e0 la r\u00e9g\u00e9n\u00e9ration de diverses substances antioxydantes, maintient la capacit\u00e9 antioxydante de l&rsquo;organisme et peut \u00e9liminer directement les radicaux libres et jouer un r\u00f4le antioxydant.<\/p>\n<h3><span class=\"ez-toc-section\" id=\"3_Soulagement_de_la_gueule_de_bois\"><\/span>3. Soulagement de la gueule de bois<span class=\"ez-toc-section-end\"><\/span><\/h3>\n<p>L&rsquo;acide L-malique est riche en pectine, acide malique, vitamines, min\u00e9raux et enzymes. Il est riche en nutriments et acide, a un effet bact\u00e9ricide, peut aider \u00e0 nettoyer le tube digestif et aider l&rsquo;estomac et les intestins \u00e0 \u00e9liminer l&rsquo;alcool.<\/p>\n<h3><span class=\"ez-toc-section\" id=\"4_Favoriser_le_metabolisme\"><\/span>4. Favoriser le m\u00e9tabolisme<span class=\"ez-toc-section-end\"><\/span><\/h3>\n<p>L&rsquo;acide L-malique peut favoriser le fonctionnement normal du m\u00e9tabolisme et peut permettre \u00e0 divers nutriments de se d\u00e9composer en douceur, favoriser l&rsquo;absorption et le m\u00e9tabolisme des aliments dans le corps humain, faible en calories, peut pr\u00e9venir efficacement l&rsquo;ob\u00e9sit\u00e9 et peut jouer un r\u00f4le dans la perte de poids.<\/p>\n<h3><span class=\"ez-toc-section\" id=\"5_Augmentation_de_la_stabilite_et_ajustement_de_la_valeur_du_pH\"><\/span>5. Augmentation de la stabilit\u00e9 et ajustement de la valeur du pH<span class=\"ez-toc-section-end\"><\/span><\/h3>\n<p>Adding malic acid to drugs can increase their stability and promote the absorption and diffusion of drugs in the human body; the production of compound amino acid infusion uses L-malic acid to adjust the pH value. At the same time, as one of the ingredients of mixed amino acid infusion, it can improve the utilization rate of amino acids, and is used to treat uremia, hypertension, etc. and reduce the damage of anticancer drugs to normal cells. It can also be used as an auxiliary drug after cancer radiotherapy and chemotherapy, and can also be used in burn treatment to promote wound healing.<\/p>\n<h2><span class=\"ez-toc-section\" id=\"Question_posee_par_lutilisateur\"><\/span>Question pos\u00e9e par l&rsquo;utilisateur :<span class=\"ez-toc-section-end\"><\/span><\/h2>\n<p><strong>Question : Pourquoi les utilisateurs choisissent-ils l\u2019acide malique plut\u00f4t que l\u2019acide lactique ?<\/strong><\/p>\n<p>R\u00e9ponse : Bien que l&rsquo;acide malique et l&rsquo;acide lactique soient tous deux des acidulants courants, l&rsquo;acide malique a un go\u00fbt bien meilleur que l&rsquo;acide lactique, il est donc plus largement utilis\u00e9 dans l&rsquo;industrie alimentaire et des boissons ; de plus, l&rsquo;acide malique est plus stable dans les environnements \u00e0 haute temp\u00e9rature.<\/p>\n<p><strong>Question : Quelles pr\u00e9cautions faut-il prendre lors du stockage de l\u2019acide L-malique ?<\/strong><\/p>\n<p>R\u00e9ponse : Pour stocker l\u2019acide L-malique, tout d\u2019abord, l\u2019environnement doit \u00eatre maintenu au sec et \u00e9viter l\u2019humidit\u00e9. L&rsquo;acide malique \u00e9tant un solide ou une poudre, l&rsquo;humidit\u00e9 requise est relativement faible. Deuxi\u00e8mement, la temp\u00e9rature de stockage appropri\u00e9e est cruciale. En r\u00e8gle g\u00e9n\u00e9rale, l\u2019acide malique doit \u00eatre conserv\u00e9 \u00e0 une temp\u00e9rature plus basse, de pr\u00e9f\u00e9rence dans la plage de temp\u00e9rature ambiante. Une temp\u00e9rature \u00e9lev\u00e9e peut provoquer la d\u00e9composition de l\u2019acide malique ou des r\u00e9actions chimiques instables. L&rsquo;acide malique est tr\u00e8s corrosif, surtout lorsqu&rsquo;il entre en contact avec des ions m\u00e9talliques (tels que le fer, le cuivre, etc.). Pendant le stockage, \u00e9vitez tout contact avec des r\u00e9cipients m\u00e9talliques ou d\u2019autres produits m\u00e9talliques pour \u00e9viter les r\u00e9actions chimiques.<\/p>\n<p><strong>Question : Quelle est la diff\u00e9rence fondamentale entre l\u2019acide DL-malique et l\u2019acide L-malique ?<\/strong><\/p>\n<p>R\u00e9ponse : Premi\u00e8rement, l&rsquo;acide DL-malique est un acide organique mixte compos\u00e9 de deux st\u00e9r\u00e9oisom\u00e8res : l&rsquo;acide L-malique et l&rsquo;acide D-malique. L&rsquo;acide DL-malique peut \u00eatre obtenu par extraction de fruits ou par synth\u00e8se chimique, mais comme le premier peut \u00eatre plus compliqu\u00e9 dans le processus d&rsquo;extraction et de purification, entra\u00eenant des co\u00fbts de production plus \u00e9lev\u00e9s, il n&rsquo;est g\u00e9n\u00e9ralement pas adopt\u00e9 et repose essentiellement sur la synth\u00e8se chimique. Outre la m\u00e9thode d&rsquo;extraction de fruits, il existe actuellement deux m\u00e9thodes de production nationales d&rsquo;acide L-malique.<\/p>\n<p>L&rsquo;une est une m\u00e9thode de synth\u00e8se chimique similaire \u00e0 l&rsquo;acide DL-malique, et l&rsquo;autre est la fermentation. Ces derni\u00e8res ann\u00e9es, le d\u00e9veloppement de la fermentation a \u00e9t\u00e9 relativement rapide, ce qui contribue non seulement \u00e0 am\u00e9liorer la puret\u00e9 et la consistance du produit, mais peut \u00e9galement r\u00e9duire les co\u00fbts de production, r\u00e9duire l&rsquo;impact sur l&rsquo;environnement et r\u00e9pondre aux exigences du d\u00e9veloppement durable.<\/p>\n<p>En outre, l&rsquo;acide DL-malique est largement utilis\u00e9 comme acidifiant, agent aromatisant et conservateur dans l&rsquo;industrie alimentaire et des boissons, ainsi que dans les produits pharmaceutiques et cosm\u00e9tiques, tandis que l&rsquo;acide L-malique est principalement utilis\u00e9 dans les domaines de la m\u00e9decine et de la recherche, comme ingr\u00e9dient actif dans les m\u00e9dicaments ou comme r\u00e9actif dans la recherche en laboratoire, et a \u00e9galement certaines applications dans l&rsquo;industrie alimentaire. L&rsquo;acide L-malique est parfois consid\u00e9r\u00e9 comme plus actif biologiquement et a des effets pharmacologiques plus sp\u00e9cifiques que l&rsquo;acide DL-malique, il peut donc \u00eatre plus important dans certaines applications pharmaceutiques.<\/p>\n","protected":false},"excerpt":{"rendered":"<ul>\n<li>CAS : 97-67-6<\/li>\n<li>Formule chimique: C<sub>4<\/sub>H<sub>6<\/sub>O<sub>5<\/sub><\/li>\n<li>Certifications : KOSHER, ISO, HALAL, FSSC 22000, BRC, etc.<\/li>\n<li>Quantit\u00e9 minimum de commande : 1000 kg<\/li>\n<li>Dur\u00e9e de conservation : 2 ans<\/li>\n<\/ul>\n","protected":false},"featured_media":9388,"template":"","meta":{"site-sidebar-layout":"default","site-content-layout":"","ast-site-content-layout":"default","site-content-style":"default","site-sidebar-style":"default","ast-global-header-display":"","ast-banner-title-visibility":"","ast-main-header-display":"","ast-hfb-above-header-display":"","ast-hfb-below-header-display":"","ast-hfb-mobile-header-display":"","site-post-title":"","ast-breadcrumbs-content":"","ast-featured-img":"","footer-sml-layout":"","theme-transparent-header-meta":"default","adv-header-id-meta":"","stick-header-meta":"","header-above-stick-meta":"","header-main-stick-meta":"","header-below-stick-meta":"","astra-migrate-meta-layouts":"set","ast-page-background-enabled":"default","ast-page-background-meta":{"desktop":{"background-color":"var(--ast-global-color-4)","background-image":"","background-repeat":"repeat","background-position":"center center","background-size":"auto","background-attachment":"scroll","background-type":"","background-media":"","overlay-type":"","overlay-color":"","overlay-opacity":"","overlay-gradient":""},"tablet":{"background-color":"","background-image":"","background-repeat":"repeat","background-position":"center center","background-size":"auto","background-attachment":"scroll","background-type":"","background-media":"","overlay-type":"","overlay-color":"","overlay-opacity":"","overlay-gradient":""},"mobile":{"background-color":"","background-image":"","background-repeat":"repeat","background-position":"center center","background-size":"auto","background-attachment":"scroll","background-type":"","background-media":"","overlay-type":"","overlay-color":"","overlay-opacity":"","overlay-gradient":""}},"ast-content-background-meta":{"desktop":{"background-color":"var(--ast-global-color-5)","background-image":"","background-repeat":"repeat","background-position":"center center","background-size":"auto","background-attachment":"scroll","background-type":"","background-media":"","overlay-type":"","overlay-color":"","overlay-opacity":"","overlay-gradient":""},"tablet":{"background-color":"var(--ast-global-color-5)","background-image":"","background-repeat":"repeat","background-position":"center center","background-size":"auto","background-attachment":"scroll","background-type":"","background-media":"","overlay-type":"","overlay-color":"","overlay-opacity":"","overlay-gradient":""},"mobile":{"background-color":"var(--ast-global-color-5)","background-image":"","background-repeat":"repeat","background-position":"center center","background-size":"auto","background-attachment":"scroll","background-type":"","background-media":"","overlay-type":"","overlay-color":"","overlay-opacity":"","overlay-gradient":""}}},"product_brand":[],"product_cat":[101],"product_tag":[],"class_list":{"0":"post-9387","1":"product","2":"type-product","3":"status-publish","4":"has-post-thumbnail","6":"product_cat-produit-acidulant","7":"desktop-align-center","8":"tablet-align-left","9":"mobile-align-left","11":"first","12":"instock","13":"shipping-taxable","14":"product-type-simple"},"yoast_head":"<!-- This site is optimized with the Yoast SEO plugin v26.5 - https:\/\/yoast.com\/wordpress\/plugins\/seo\/ -->\n<title>Acide L-malique En Poudre, Acide L-malique Prix | Niranbio Chemical<\/title>\n<meta name=\"description\" content=\"Notre acide L-malique de haute puret\u00e9 est disponible sous forme de cristaux blancs ou de poudre cristalline et est largement utilis\u00e9 dans l&#039;industrie alimentaire.\" \/>\n<meta name=\"robots\" content=\"noindex, follow, max-snippet:-1, max-image-preview:large, max-video-preview:-1\" \/>\n<meta name=\"twitter:label1\" content=\"Dur\u00e9e de lecture estim\u00e9e\" \/>\n\t<meta name=\"twitter:data1\" content=\"6 minutes\" \/>\n<script type=\"application\/ld+json\" class=\"yoast-schema-graph\">{\"@context\":\"https:\/\/schema.org\",\"@graph\":[{\"@type\":\"WebPage\",\"@id\":\"https:\/\/theo.niranbio.com\/fr\/acide-l-malique.html\",\"url\":\"https:\/\/theo.niranbio.com\/fr\/acide-l-malique.html\",\"name\":\"Acide L-malique En Poudre, Acide L-malique Prix | Niranbio Chemical\",\"isPartOf\":{\"@id\":\"https:\/\/theo.niranbio.com\/fr\/#website\"},\"primaryImageOfPage\":{\"@id\":\"https:\/\/theo.niranbio.com\/fr\/acide-l-malique.html#primaryimage\"},\"image\":{\"@id\":\"https:\/\/theo.niranbio.com\/fr\/acide-l-malique.html#primaryimage\"},\"thumbnailUrl\":\"https:\/\/theo.niranbio.com\/wp-content\/uploads\/2024\/06\/L-Malic-Acid.webp\",\"datePublished\":\"2024-06-20T00:59:17+00:00\",\"dateModified\":\"2024-08-19T02:02:13+00:00\",\"description\":\"Notre acide L-malique de haute puret\u00e9 est disponible sous forme de cristaux blancs ou de poudre cristalline et est largement utilis\u00e9 dans l'industrie alimentaire.\",\"breadcrumb\":{\"@id\":\"https:\/\/theo.niranbio.com\/fr\/acide-l-malique.html#breadcrumb\"},\"inLanguage\":\"fr-FR\",\"potentialAction\":[{\"@type\":\"ReadAction\",\"target\":[\"https:\/\/theo.niranbio.com\/fr\/acide-l-malique.html\"]}]},{\"@type\":\"ImageObject\",\"inLanguage\":\"fr-FR\",\"@id\":\"https:\/\/theo.niranbio.com\/fr\/acide-l-malique.html#primaryimage\",\"url\":\"https:\/\/theo.niranbio.com\/wp-content\/uploads\/2024\/06\/L-Malic-Acid.webp\",\"contentUrl\":\"https:\/\/theo.niranbio.com\/wp-content\/uploads\/2024\/06\/L-Malic-Acid.webp\",\"width\":600,\"height\":600,\"caption\":\"Acide L-malique\"},{\"@type\":\"BreadcrumbList\",\"@id\":\"https:\/\/theo.niranbio.com\/fr\/acide-l-malique.html#breadcrumb\",\"itemListElement\":[{\"@type\":\"ListItem\",\"position\":1,\"name\":\"Home\",\"item\":\"https:\/\/theo.niranbio.com\/fr\/\"},{\"@type\":\"ListItem\",\"position\":2,\"name\":\"Produits\",\"item\":\"https:\/\/theo.niranbio.com\/fr\/produits.html\"},{\"@type\":\"ListItem\",\"position\":3,\"name\":\"Acidulant\",\"item\":\"https:\/\/theo.niranbio.com\/fr\/produit-acidulant\/\"},{\"@type\":\"ListItem\",\"position\":4,\"name\":\"Acide L-malique\"}]},{\"@type\":\"WebSite\",\"@id\":\"https:\/\/theo.niranbio.com\/fr\/#website\",\"url\":\"https:\/\/theo.niranbio.com\/fr\/\",\"name\":\"Niranbio Chemical\",\"description\":\"\",\"publisher\":{\"@id\":\"https:\/\/theo.niranbio.com\/fr\/#organization\"},\"potentialAction\":[{\"@type\":\"SearchAction\",\"target\":{\"@type\":\"EntryPoint\",\"urlTemplate\":\"https:\/\/theo.niranbio.com\/fr\/?s={search_term_string}\"},\"query-input\":{\"@type\":\"PropertyValueSpecification\",\"valueRequired\":true,\"valueName\":\"search_term_string\"}}],\"inLanguage\":\"fr-FR\"},{\"@type\":\"Organization\",\"@id\":\"https:\/\/theo.niranbio.com\/fr\/#organization\",\"name\":\"Niranbio Chemical\",\"url\":\"https:\/\/theo.niranbio.com\/fr\/\",\"logo\":{\"@type\":\"ImageObject\",\"inLanguage\":\"fr-FR\",\"@id\":\"https:\/\/theo.niranbio.com\/fr\/#\/schema\/logo\/image\/\",\"url\":\"https:\/\/theo.niranbio.com\/wp-content\/uploads\/2024\/06\/Niranbio.png\",\"contentUrl\":\"https:\/\/theo.niranbio.com\/wp-content\/uploads\/2024\/06\/Niranbio.png\",\"width\":270,\"height\":100,\"caption\":\"Niranbio Chemical\"},\"image\":{\"@id\":\"https:\/\/theo.niranbio.com\/fr\/#\/schema\/logo\/image\/\"}}]}<\/script>\n<!-- \/ Yoast SEO plugin. -->","yoast_head_json":{"title":"Acide L-malique En Poudre, Acide L-malique Prix | Niranbio Chemical","description":"Notre acide L-malique de haute puret\u00e9 est disponible sous forme de cristaux blancs ou de poudre cristalline et est largement utilis\u00e9 dans l'industrie alimentaire.","robots":{"index":"noindex","follow":"follow","max-snippet":"max-snippet:-1","max-image-preview":"max-image-preview:large","max-video-preview":"max-video-preview:-1"},"twitter_misc":{"Dur\u00e9e de lecture estim\u00e9e":"6 minutes"},"schema":{"@context":"https:\/\/schema.org","@graph":[{"@type":"WebPage","@id":"https:\/\/theo.niranbio.com\/fr\/acide-l-malique.html","url":"https:\/\/theo.niranbio.com\/fr\/acide-l-malique.html","name":"Acide L-malique En Poudre, Acide L-malique Prix | Niranbio Chemical","isPartOf":{"@id":"https:\/\/theo.niranbio.com\/fr\/#website"},"primaryImageOfPage":{"@id":"https:\/\/theo.niranbio.com\/fr\/acide-l-malique.html#primaryimage"},"image":{"@id":"https:\/\/theo.niranbio.com\/fr\/acide-l-malique.html#primaryimage"},"thumbnailUrl":"https:\/\/theo.niranbio.com\/wp-content\/uploads\/2024\/06\/L-Malic-Acid.webp","datePublished":"2024-06-20T00:59:17+00:00","dateModified":"2024-08-19T02:02:13+00:00","description":"Notre acide L-malique de haute puret\u00e9 est disponible sous forme de cristaux blancs ou de poudre cristalline et est largement utilis\u00e9 dans l'industrie alimentaire.","breadcrumb":{"@id":"https:\/\/theo.niranbio.com\/fr\/acide-l-malique.html#breadcrumb"},"inLanguage":"fr-FR","potentialAction":[{"@type":"ReadAction","target":["https:\/\/theo.niranbio.com\/fr\/acide-l-malique.html"]}]},{"@type":"ImageObject","inLanguage":"fr-FR","@id":"https:\/\/theo.niranbio.com\/fr\/acide-l-malique.html#primaryimage","url":"https:\/\/theo.niranbio.com\/wp-content\/uploads\/2024\/06\/L-Malic-Acid.webp","contentUrl":"https:\/\/theo.niranbio.com\/wp-content\/uploads\/2024\/06\/L-Malic-Acid.webp","width":600,"height":600,"caption":"Acide L-malique"},{"@type":"BreadcrumbList","@id":"https:\/\/theo.niranbio.com\/fr\/acide-l-malique.html#breadcrumb","itemListElement":[{"@type":"ListItem","position":1,"name":"Home","item":"https:\/\/theo.niranbio.com\/fr\/"},{"@type":"ListItem","position":2,"name":"Produits","item":"https:\/\/theo.niranbio.com\/fr\/produits.html"},{"@type":"ListItem","position":3,"name":"Acidulant","item":"https:\/\/theo.niranbio.com\/fr\/produit-acidulant\/"},{"@type":"ListItem","position":4,"name":"Acide L-malique"}]},{"@type":"WebSite","@id":"https:\/\/theo.niranbio.com\/fr\/#website","url":"https:\/\/theo.niranbio.com\/fr\/","name":"Niranbio Chemical","description":"","publisher":{"@id":"https:\/\/theo.niranbio.com\/fr\/#organization"},"potentialAction":[{"@type":"SearchAction","target":{"@type":"EntryPoint","urlTemplate":"https:\/\/theo.niranbio.com\/fr\/?s={search_term_string}"},"query-input":{"@type":"PropertyValueSpecification","valueRequired":true,"valueName":"search_term_string"}}],"inLanguage":"fr-FR"},{"@type":"Organization","@id":"https:\/\/theo.niranbio.com\/fr\/#organization","name":"Niranbio Chemical","url":"https:\/\/theo.niranbio.com\/fr\/","logo":{"@type":"ImageObject","inLanguage":"fr-FR","@id":"https:\/\/theo.niranbio.com\/fr\/#\/schema\/logo\/image\/","url":"https:\/\/theo.niranbio.com\/wp-content\/uploads\/2024\/06\/Niranbio.png","contentUrl":"https:\/\/theo.niranbio.com\/wp-content\/uploads\/2024\/06\/Niranbio.png","width":270,"height":100,"caption":"Niranbio Chemical"},"image":{"@id":"https:\/\/theo.niranbio.com\/fr\/#\/schema\/logo\/image\/"}}]}},"_links":{"self":[{"href":"https:\/\/theo.niranbio.com\/fr\/wp-json\/wp\/v2\/product\/9387","targetHints":{"allow":["GET"]}}],"collection":[{"href":"https:\/\/theo.niranbio.com\/fr\/wp-json\/wp\/v2\/product"}],"about":[{"href":"https:\/\/theo.niranbio.com\/fr\/wp-json\/wp\/v2\/types\/product"}],"version-history":[{"count":0,"href":"https:\/\/theo.niranbio.com\/fr\/wp-json\/wp\/v2\/product\/9387\/revisions"}],"wp:featuredmedia":[{"embeddable":true,"href":"https:\/\/theo.niranbio.com\/fr\/wp-json\/wp\/v2\/media\/9388"}],"wp:attachment":[{"href":"https:\/\/theo.niranbio.com\/fr\/wp-json\/wp\/v2\/media?parent=9387"}],"wp:term":[{"taxonomy":"product_brand","embeddable":true,"href":"https:\/\/theo.niranbio.com\/fr\/wp-json\/wp\/v2\/product_brand?post=9387"},{"taxonomy":"product_cat","embeddable":true,"href":"https:\/\/theo.niranbio.com\/fr\/wp-json\/wp\/v2\/product_cat?post=9387"},{"taxonomy":"product_tag","embeddable":true,"href":"https:\/\/theo.niranbio.com\/fr\/wp-json\/wp\/v2\/product_tag?post=9387"}],"curies":[{"name":"wp","href":"https:\/\/api.w.org\/{rel}","templated":true}]}}