{"id":9384,"date":"2024-06-19T17:25:06","date_gmt":"2024-06-19T09:25:06","guid":{"rendered":"https:\/\/theo.niranbio.com\/mcp-phosphate-monocalcique\/"},"modified":"2024-08-13T17:37:42","modified_gmt":"2024-08-13T09:37:42","slug":"mcp-phosphate-monocalcique","status":"publish","type":"product","link":"https:\/\/theo.niranbio.com\/fr\/mcp-phosphate-monocalcique.html","title":{"rendered":"MCP \u2014 Phosphate monocalcique"},"content":{"rendered":"<h2><span class=\"ez-toc-section\" id=\"Quest-ce_que_le_MCP-phosphate_monocalcique\"><\/span>Qu&rsquo;est-ce que le MCP-phosphate monocalcique ?<span class=\"ez-toc-section-end\"><\/span><\/h2>\n<p>Semblable \u00e0 une poudre cristalline blanche, le phosphate monocalcique est une substance inorganique. Il se dissout facilement dans les acides nitrique et chlorhydrique et seulement sporadiquement dans l&rsquo;eau. Ses principales applications comprennent l&rsquo;aromatisation du vin, la promotion de la fermentation, la lev\u00e9e des aliments et l&rsquo;enrichissement en calcium.<\/p>\n<h2><span class=\"ez-toc-section\" id=\"Fabrication_de_phosphate_monocalcique_MCP\"><\/span>Fabrication de phosphate monocalcique (MCP)<span class=\"ez-toc-section-end\"><\/span><\/h2>\n<p>Il existe trois m\u00e9thodes principales pour pr\u00e9parer le phosphate monocalcique :<\/p>\n<h3><span class=\"ez-toc-section\" id=\"1_Procede_humide_procede_de_fabrication_traditionnel\"><\/span>1. Proc\u00e9d\u00e9 humide (proc\u00e9d\u00e9 de fabrication traditionnel) :<span class=\"ez-toc-section-end\"><\/span><\/h3>\n<p>Le proc\u00e9d\u00e9 par voie humide est la m\u00e9thode courante de pr\u00e9paration du phosphate monocalcique. Le proc\u00e9d\u00e9 comprend la s\u00e9lection des mati\u00e8res premi\u00e8res, la r\u00e9action d&rsquo;hydrolyse acide, la filtration et le lavage, ainsi que le s\u00e9chage. Tout d&rsquo;abord, de l&rsquo;acide phosphorique de haute puret\u00e9 et du carbonate de calcium ou de l&rsquo;hydroxyde de calcium sont s\u00e9lectionn\u00e9s comme mati\u00e8res premi\u00e8res. Ensuite, l&rsquo;acide phosphorique et le carbonate de calcium ou l&rsquo;hydroxyde de calcium sont soumis \u00e0 une r\u00e9action d&rsquo;hydrolyse acide \u00e0 une temp\u00e9rature appropri\u00e9e pour g\u00e9n\u00e9rer du phosphate monocalcique. Enfin, apr\u00e8s les \u00e9tapes de filtration, de lavage et de s\u00e9chage, des cristaux ou de la poudre de phosphate monocalcique pur sont obtenus.<\/p>\n<h3><span class=\"ez-toc-section\" id=\"2_Processus_thermique\"><\/span>2. Processus thermique :<span class=\"ez-toc-section-end\"><\/span><\/h3>\n<p>Le proc\u00e9d\u00e9 thermique est principalement utilis\u00e9 pour la production \u00e0 grande \u00e9chelle de phosphate monocalcique. Ses \u00e9tapes comprennent la s\u00e9lection des mati\u00e8res premi\u00e8res, la r\u00e9action d&rsquo;hydrolyse acide, la r\u00e9action d&rsquo;acide phosphorique et d&rsquo;hydroxyde de calcium, ainsi que la concentration et la cristallisation. Tout d&rsquo;abord, la roche phosphat\u00e9e de haute puret\u00e9 et l&rsquo;acide sulfurique ou l&rsquo;acide nitrique sont s\u00e9lectionn\u00e9s comme mati\u00e8res premi\u00e8res. Ensuite, la roche phosphat\u00e9e est soumise \u00e0 une r\u00e9action d&rsquo;hydrolyse acide avec de l&rsquo;acide sulfurique ou de l&rsquo;acide nitrique pour g\u00e9n\u00e9rer de l&rsquo;acide phosphorique. Ensuite, l&rsquo;acide phosphorique r\u00e9agit avec l&rsquo;hydroxyde de calcium pour g\u00e9n\u00e9rer du phosphate monocalcique. Enfin, le produit de r\u00e9action est concentr\u00e9 et refroidi pour cristalliser afin d&rsquo;obtenir du phosphate monocalcique.<\/p>\n<h3><span class=\"ez-toc-section\" id=\"3_Methode_de_synthese_directe\"><\/span>3. M\u00e9thode de synth\u00e8se directe :<span class=\"ez-toc-section-end\"><\/span><\/h3>\n<p>La m\u00e9thode de synth\u00e8se directe est principalement utilis\u00e9e pour la production en laboratoire ou \u00e0 petite \u00e9chelle de phosphate monocalcique. Le processus comprend la s\u00e9lection des mati\u00e8res premi\u00e8res, la r\u00e9action directe, la cristallisation et le s\u00e9chage. Tout d&rsquo;abord, l&rsquo;acide phosphorique de haute puret\u00e9 et l&rsquo;oxyde de calcium ou l&rsquo;hydroxyde de calcium sont s\u00e9lectionn\u00e9s comme mati\u00e8res premi\u00e8res. Ensuite, l&rsquo;acide phosphorique est directement m\u00e9lang\u00e9 \u00e0 l&rsquo;oxyde de calcium ou \u00e0 l&rsquo;hydroxyde de calcium pour r\u00e9agir afin de g\u00e9n\u00e9rer du phosphate monocalcique. Enfin, gr\u00e2ce aux \u00e9tapes de cristallisation et de s\u00e9chage, du phosphate monocalcique pur est obtenu. Cette m\u00e9thode convient \u00e0 la recherche en laboratoire et \u00e0 la pr\u00e9paration \u00e0 petite \u00e9chelle.<\/p>\n<h3><span class=\"ez-toc-section\" id=\"Parametres_associes\"><\/span>Param\u00e8tres associ\u00e9s :<span class=\"ez-toc-section-end\"><\/span><\/h3>\n<table>\n<tbody>\n<tr>\n<td><strong>Article<\/strong><\/td>\n<td><strong>SPECIFICATION<\/strong><\/td>\n<\/tr>\n<tr>\n<td>Couleur<\/td>\n<td>Couleur blanche<\/td>\n<\/tr>\n<tr>\n<td>Teneur totale en P (unit\u00e9 de P)% (unit\u00e9 de P)% (unit\u00e9 de P)% (unit\u00e9 de P)<\/td>\n<td>\u226521.00<\/td>\n<\/tr>\n<tr>\n<td>P(soluble dans l&rsquo;eau) %<\/td>\n<td>\u226550.00<\/td>\n<\/tr>\n<tr>\n<td>Teneur en calcium (unit\u00e9 Ca) %<\/td>\n<td>\u226514.00<\/td>\n<\/tr>\n<tr>\n<td>Teneur en fluor (unit\u00e9 F) %<\/td>\n<td>\u22660.10<\/td>\n<\/tr>\n<tr>\n<td>Teneur en arsenic (unit\u00e9) ppm<\/td>\n<td>\u226625<\/td>\n<\/tr>\n<tr>\n<td>Teneur en plomb (unit\u00e9 Pb) ppm<\/td>\n<td>\u226630<\/td>\n<\/tr>\n<tr>\n<td>Taux d&rsquo;humidit\u00e9<\/td>\n<td>\u22664.0<\/td>\n<\/tr>\n<\/tbody>\n<\/table>\n<h3><span class=\"ez-toc-section\" id=\"Dosage_recommande\"><\/span>Dosage recommand\u00e9 :<span class=\"ez-toc-section-end\"><\/span><\/h3>\n<table>\n<tbody>\n<tr>\n<td><strong>Nom de l&rsquo;aliment<\/strong><\/td>\n<td><strong>Utilisation maximale (g\/kg)<\/strong><\/td>\n<\/tr>\n<tr>\n<td>Pain<\/td>\n<td>6 g\/kg<\/td>\n<\/tr>\n<tr>\n<td>G\u00e2teau<\/td>\n<td>5 g\/kg<\/td>\n<\/tr>\n<tr>\n<td>Aliments surgel\u00e9s<\/td>\n<td>2 g\/kg<\/td>\n<\/tr>\n<tr>\n<td>Produits \u00e0 base de viande<\/td>\n<td>4 g\/kg<\/td>\n<\/tr>\n<tr>\n<td>Saucisses<\/td>\n<td>5 g\/kg<\/td>\n<\/tr>\n<tr>\n<td>Aliments en conserve<\/td>\n<td>2 g\/kg<\/td>\n<\/tr>\n<tr>\n<td>Fromage<\/td>\n<td>3 g\/kg<\/td>\n<\/tr>\n<tr>\n<td>Produits laitiers<\/td>\n<td>2 g\/kg<\/td>\n<\/tr>\n<tr>\n<td>Boissons<\/td>\n<td>2 g\/kg<\/td>\n<\/tr>\n<tr>\n<td>Jus de fruits<\/td>\n<td>2 g\/kg<\/td>\n<\/tr>\n<tr>\n<td>Confiture<\/td>\n<td>3 g\/kg<\/td>\n<\/tr>\n<tr>\n<td>Sauce<\/td>\n<td>4 g\/kg<\/td>\n<\/tr>\n<tr>\n<td>Sauce pour salade<\/td>\n<td>3 g\/kg<\/td>\n<\/tr>\n<\/tbody>\n<\/table>\n<h2><span class=\"ez-toc-section\" id=\"Le_phosphate_monocalcique_a_une_large_gamme_dutilisations\"><\/span>Le phosphate monocalcique a une large gamme d&rsquo;utilisations<span class=\"ez-toc-section-end\"><\/span><\/h2>\n<h3><span class=\"ez-toc-section\" id=\"1_Regulateur_de_lacidite\"><\/span>1. R\u00e9gulateur de l&rsquo;acidit\u00e9 :<span class=\"ez-toc-section-end\"><\/span><\/h3>\n<p>Le phosphate monocalcique permet d&rsquo;ajuster l&rsquo;acidit\u00e9 des aliments pour maintenir une valeur de pH appropri\u00e9e, am\u00e9liorant ainsi la stabilit\u00e9 et la saveur des aliments. Il est largement utilis\u00e9 dans les boissons, les condiments et les aliments en conserve.<\/p>\n<h3><span class=\"ez-toc-section\" id=\"2_Agent_levant\"><\/span>2. Agent levant :<span class=\"ez-toc-section-end\"><\/span><\/h3>\n<p>Dans les produits de boulangerie, le phosphate monocalcique, en tant qu&rsquo;agent levant important, peut r\u00e9agir avec le bicarbonate de sodium pour produire du gaz carbonique, ce qui provoque l&rsquo;expansion de la p\u00e2te pendant la cuisson, rendant le produit plus moelleux et plus doux. Il est souvent utilis\u00e9 dans les produits de boulangerie tels que le pain, les g\u00e2teaux et les muffins pour augmenter le volume et la texture du produit.<\/p>\n<h3><span class=\"ez-toc-section\" id=\"3_Supplements_de_calcium_et_de_phosphore\"><\/span>3. Suppl\u00e9ments de calcium et de phosphore :<span class=\"ez-toc-section-end\"><\/span><\/h3>\n<p>Le phosphate monocalcique est riche en calcium et en phosphore et constitue un compl\u00e9ment nutritionnel efficace. Le phosphore et le calcium sont des \u00e9l\u00e9ments essentiels des dents et des os. L&rsquo;ajout de phosphate monocalcique aide \u00e0 pr\u00e9venir les probl\u00e8mes de sant\u00e9 tels que l&rsquo;ost\u00e9oporose et les maladies dentaires, et am\u00e9liore la valeur nutritionnelle des aliments. Les produits laitiers, les boissons et les aliments enrichis en contiennent souvent.<\/p>\n<h3><span class=\"ez-toc-section\" id=\"4_Agent_antiagglomerant\"><\/span>4. Agent antiagglom\u00e9rant :<span class=\"ez-toc-section-end\"><\/span><\/h3>\n<p>Dans les aliments en poudre et les condiments, le phosphate monocalcique peut emp\u00eacher l&rsquo;adh\u00e9rence et l&rsquo;agglom\u00e9ration entre les particules, en maintenant la souplesse et la bonne fluidit\u00e9 du produit. Ceci est tr\u00e8s important pour augmenter la facilit\u00e9 d&rsquo;utilisation des articles et prolonger leur dur\u00e9e de conservation. Il est souvent utilis\u00e9 dans le lait en poudre, le caf\u00e9, les assaisonnements et d&rsquo;autres produits.<\/p>\n<h3><span class=\"ez-toc-section\" id=\"5_Perfectionnement\"><\/span>5. Perfectionnement :<span class=\"ez-toc-section-end\"><\/span><\/h3>\n<p>Le phosphate monocalcique peut am\u00e9liorer la texture et le go\u00fbt des aliments, renforcer la stabilit\u00e9 et la r\u00e9tention d&rsquo;eau des produits. Par exemple, dans les produits \u00e0 base de viande, il peut am\u00e9liorer la tendret\u00e9 et la jutosit\u00e9 du produit ; dans les aliments pr\u00eats \u00e0 consommer, il peut am\u00e9liorer le go\u00fbt des aliments et les rendre plus attrayants. Il est largement utilis\u00e9 dans divers aliments transform\u00e9s et aliments pr\u00eats \u00e0 consommer, am\u00e9liorant consid\u00e9rablement la qualit\u00e9 globale du produit.<\/p>\n<h2><span class=\"ez-toc-section\" id=\"Question_posee_par_lutilisateur\"><\/span>Question pos\u00e9e par l&rsquo;utilisateur :<span class=\"ez-toc-section-end\"><\/span><\/h2>\n<p>Question : Le phosphate monocalcique et le phosphate de calcium sont-ils la m\u00eame substance ? Si ce n&rsquo;est pas le cas, y a-t-il une diff\u00e9rence ?<\/p>\n<p>R\u00e9ponse : Le phosphate monocalcique et le phosphate de calcium ne sont pas la m\u00eame substance. Le phosphate monocalcique (Ca(H\u2082PO\u2084)\u2082) est principalement utilis\u00e9 comme agent levant et r\u00e9gulateur d&rsquo;acidit\u00e9 dans l&rsquo;industrie alimentaire, ainsi que comme additif agricole et alimentaire ; tandis que le phosphate de calcium comprend le phosphate dicalcique (CaHPO\u2084) et le phosphate tricalcique (Ca\u2083(PO\u2084)\u2082), qui sont utilis\u00e9s respectivement comme exhausteur nutritionnel et agent antiagglom\u00e9rant dans les aliments et comme compl\u00e9ment calcium-phosphore en m\u00e9decine. Les deux sont diff\u00e9rents en termes de structure chimique, de solubilit\u00e9 et d&rsquo;utilisations sp\u00e9cifiques.<\/p>\n","protected":false},"excerpt":{"rendered":"<ul>\n<li>CAS : 7758-23-8<\/li>\n<li>Formule chimique: CaH<sub>4<\/sub>P<sub>2<\/sub>O<sub>8<\/sub><\/li>\n<li>Certifications : KOSHER, ISO, HALAL, FSSC 22000, BRC, etc.<\/li>\n<li>Standard:<\/li>\n<li>Quantit\u00e9 minimum de commande : 1000 kg<\/li>\n<li>Dur\u00e9e de conservation : 2 ans<\/li>\n<\/ul>\n","protected":false},"featured_media":9385,"template":"","meta":{"site-sidebar-layout":"default","site-content-layout":"","ast-site-content-layout":"default","site-content-style":"default","site-sidebar-style":"default","ast-global-header-display":"","ast-banner-title-visibility":"","ast-main-header-display":"","ast-hfb-above-header-display":"","ast-hfb-below-header-display":"","ast-hfb-mobile-header-display":"","site-post-title":"","ast-breadcrumbs-content":"","ast-featured-img":"","footer-sml-layout":"","theme-transparent-header-meta":"default","adv-header-id-meta":"","stick-header-meta":"","header-above-stick-meta":"","header-main-stick-meta":"","header-below-stick-meta":"","astra-migrate-meta-layouts":"set","ast-page-background-enabled":"default","ast-page-background-meta":{"desktop":{"background-color":"var(--ast-global-color-4)","background-image":"","background-repeat":"repeat","background-position":"center center","background-size":"auto","background-attachment":"scroll","background-type":"","background-media":"","overlay-type":"","overlay-color":"","overlay-opacity":"","overlay-gradient":""},"tablet":{"background-color":"","background-image":"","background-repeat":"repeat","background-position":"center center","background-size":"auto","background-attachment":"scroll","background-type":"","background-media":"","overlay-type":"","overlay-color":"","overlay-opacity":"","overlay-gradient":""},"mobile":{"background-color":"","background-image":"","background-repeat":"repeat","background-position":"center center","background-size":"auto","background-attachment":"scroll","background-type":"","background-media":"","overlay-type":"","overlay-color":"","overlay-opacity":"","overlay-gradient":""}},"ast-content-background-meta":{"desktop":{"background-color":"var(--ast-global-color-5)","background-image":"","background-repeat":"repeat","background-position":"center center","background-size":"auto","background-attachment":"scroll","background-type":"","background-media":"","overlay-type":"","overlay-color":"","overlay-opacity":"","overlay-gradient":""},"tablet":{"background-color":"var(--ast-global-color-5)","background-image":"","background-repeat":"repeat","background-position":"center center","background-size":"auto","background-attachment":"scroll","background-type":"","background-media":"","overlay-type":"","overlay-color":"","overlay-opacity":"","overlay-gradient":""},"mobile":{"background-color":"var(--ast-global-color-5)","background-image":"","background-repeat":"repeat","background-position":"center center","background-size":"auto","background-attachment":"scroll","background-type":"","background-media":"","overlay-type":"","overlay-color":"","overlay-opacity":"","overlay-gradient":""}}},"product_brand":[],"product_cat":[108],"product_tag":[],"class_list":{"0":"post-9384","1":"product","2":"type-product","3":"status-publish","4":"has-post-thumbnail","6":"product_cat-produit-phosphate","7":"desktop-align-center","8":"tablet-align-left","9":"mobile-align-left","11":"first","12":"instock","13":"shipping-taxable","14":"product-type-simple"},"yoast_head":"<!-- This site is optimized with the Yoast SEO plugin v26.5 - https:\/\/yoast.com\/wordpress\/plugins\/seo\/ -->\n<title>Poudre de phosphate monocalcique, prix de l&#039;additif alimentaire MCP | Niranbio Chemical<\/title>\n<meta name=\"description\" content=\"Notre poudre de phosphate monocalcique (MCP) est un additif polyvalent de qualit\u00e9 alimentaire disponible sous forme anhydre et monohydrat\u00e9e.\" \/>\n<meta name=\"robots\" content=\"noindex, follow, max-snippet:-1, max-image-preview:large, max-video-preview:-1\" \/>\n<meta name=\"twitter:label1\" content=\"Dur\u00e9e de lecture estim\u00e9e\" \/>\n\t<meta name=\"twitter:data1\" content=\"5 minutes\" \/>\n<script type=\"application\/ld+json\" class=\"yoast-schema-graph\">{\"@context\":\"https:\/\/schema.org\",\"@graph\":[{\"@type\":\"WebPage\",\"@id\":\"https:\/\/theo.niranbio.com\/fr\/mcp-phosphate-monocalcique.html\",\"url\":\"https:\/\/theo.niranbio.com\/fr\/mcp-phosphate-monocalcique.html\",\"name\":\"Poudre de phosphate monocalcique, prix de l'additif alimentaire MCP | Niranbio Chemical\",\"isPartOf\":{\"@id\":\"https:\/\/theo.niranbio.com\/fr\/#website\"},\"primaryImageOfPage\":{\"@id\":\"https:\/\/theo.niranbio.com\/fr\/mcp-phosphate-monocalcique.html#primaryimage\"},\"image\":{\"@id\":\"https:\/\/theo.niranbio.com\/fr\/mcp-phosphate-monocalcique.html#primaryimage\"},\"thumbnailUrl\":\"https:\/\/theo.niranbio.com\/wp-content\/uploads\/2024\/06\/MCP-Monocalcium-Phosphate.webp\",\"datePublished\":\"2024-06-19T09:25:06+00:00\",\"dateModified\":\"2024-08-13T09:37:42+00:00\",\"description\":\"Notre poudre de phosphate monocalcique (MCP) est un additif polyvalent de qualit\u00e9 alimentaire disponible sous forme anhydre et monohydrat\u00e9e.\",\"breadcrumb\":{\"@id\":\"https:\/\/theo.niranbio.com\/fr\/mcp-phosphate-monocalcique.html#breadcrumb\"},\"inLanguage\":\"fr-FR\",\"potentialAction\":[{\"@type\":\"ReadAction\",\"target\":[\"https:\/\/theo.niranbio.com\/fr\/mcp-phosphate-monocalcique.html\"]}]},{\"@type\":\"ImageObject\",\"inLanguage\":\"fr-FR\",\"@id\":\"https:\/\/theo.niranbio.com\/fr\/mcp-phosphate-monocalcique.html#primaryimage\",\"url\":\"https:\/\/theo.niranbio.com\/wp-content\/uploads\/2024\/06\/MCP-Monocalcium-Phosphate.webp\",\"contentUrl\":\"https:\/\/theo.niranbio.com\/wp-content\/uploads\/2024\/06\/MCP-Monocalcium-Phosphate.webp\",\"width\":600,\"height\":600,\"caption\":\"Phosphate monocalcique (MCP)\"},{\"@type\":\"BreadcrumbList\",\"@id\":\"https:\/\/theo.niranbio.com\/fr\/mcp-phosphate-monocalcique.html#breadcrumb\",\"itemListElement\":[{\"@type\":\"ListItem\",\"position\":1,\"name\":\"Home\",\"item\":\"https:\/\/theo.niranbio.com\/fr\/\"},{\"@type\":\"ListItem\",\"position\":2,\"name\":\"Produits\",\"item\":\"https:\/\/theo.niranbio.com\/fr\/produits.html\"},{\"@type\":\"ListItem\",\"position\":3,\"name\":\"Phosphat\u00e9\",\"item\":\"https:\/\/theo.niranbio.com\/fr\/produit-phosphate\/\"},{\"@type\":\"ListItem\",\"position\":4,\"name\":\"MCP \u2014 Phosphate monocalcique\"}]},{\"@type\":\"WebSite\",\"@id\":\"https:\/\/theo.niranbio.com\/fr\/#website\",\"url\":\"https:\/\/theo.niranbio.com\/fr\/\",\"name\":\"Niranbio Chemical\",\"description\":\"\",\"publisher\":{\"@id\":\"https:\/\/theo.niranbio.com\/fr\/#organization\"},\"potentialAction\":[{\"@type\":\"SearchAction\",\"target\":{\"@type\":\"EntryPoint\",\"urlTemplate\":\"https:\/\/theo.niranbio.com\/fr\/?s={search_term_string}\"},\"query-input\":{\"@type\":\"PropertyValueSpecification\",\"valueRequired\":true,\"valueName\":\"search_term_string\"}}],\"inLanguage\":\"fr-FR\"},{\"@type\":\"Organization\",\"@id\":\"https:\/\/theo.niranbio.com\/fr\/#organization\",\"name\":\"Niranbio Chemical\",\"url\":\"https:\/\/theo.niranbio.com\/fr\/\",\"logo\":{\"@type\":\"ImageObject\",\"inLanguage\":\"fr-FR\",\"@id\":\"https:\/\/theo.niranbio.com\/fr\/#\/schema\/logo\/image\/\",\"url\":\"https:\/\/theo.niranbio.com\/wp-content\/uploads\/2024\/06\/Niranbio.png\",\"contentUrl\":\"https:\/\/theo.niranbio.com\/wp-content\/uploads\/2024\/06\/Niranbio.png\",\"width\":270,\"height\":100,\"caption\":\"Niranbio Chemical\"},\"image\":{\"@id\":\"https:\/\/theo.niranbio.com\/fr\/#\/schema\/logo\/image\/\"}}]}<\/script>\n<!-- \/ Yoast SEO plugin. -->","yoast_head_json":{"title":"Poudre de phosphate monocalcique, prix de l'additif alimentaire MCP | Niranbio Chemical","description":"Notre poudre de phosphate monocalcique (MCP) est un additif polyvalent de qualit\u00e9 alimentaire disponible sous forme anhydre et monohydrat\u00e9e.","robots":{"index":"noindex","follow":"follow","max-snippet":"max-snippet:-1","max-image-preview":"max-image-preview:large","max-video-preview":"max-video-preview:-1"},"twitter_misc":{"Dur\u00e9e de lecture estim\u00e9e":"5 minutes"},"schema":{"@context":"https:\/\/schema.org","@graph":[{"@type":"WebPage","@id":"https:\/\/theo.niranbio.com\/fr\/mcp-phosphate-monocalcique.html","url":"https:\/\/theo.niranbio.com\/fr\/mcp-phosphate-monocalcique.html","name":"Poudre de phosphate monocalcique, prix de l'additif alimentaire MCP | Niranbio Chemical","isPartOf":{"@id":"https:\/\/theo.niranbio.com\/fr\/#website"},"primaryImageOfPage":{"@id":"https:\/\/theo.niranbio.com\/fr\/mcp-phosphate-monocalcique.html#primaryimage"},"image":{"@id":"https:\/\/theo.niranbio.com\/fr\/mcp-phosphate-monocalcique.html#primaryimage"},"thumbnailUrl":"https:\/\/theo.niranbio.com\/wp-content\/uploads\/2024\/06\/MCP-Monocalcium-Phosphate.webp","datePublished":"2024-06-19T09:25:06+00:00","dateModified":"2024-08-13T09:37:42+00:00","description":"Notre poudre de phosphate monocalcique (MCP) est un additif polyvalent de qualit\u00e9 alimentaire disponible sous forme anhydre et monohydrat\u00e9e.","breadcrumb":{"@id":"https:\/\/theo.niranbio.com\/fr\/mcp-phosphate-monocalcique.html#breadcrumb"},"inLanguage":"fr-FR","potentialAction":[{"@type":"ReadAction","target":["https:\/\/theo.niranbio.com\/fr\/mcp-phosphate-monocalcique.html"]}]},{"@type":"ImageObject","inLanguage":"fr-FR","@id":"https:\/\/theo.niranbio.com\/fr\/mcp-phosphate-monocalcique.html#primaryimage","url":"https:\/\/theo.niranbio.com\/wp-content\/uploads\/2024\/06\/MCP-Monocalcium-Phosphate.webp","contentUrl":"https:\/\/theo.niranbio.com\/wp-content\/uploads\/2024\/06\/MCP-Monocalcium-Phosphate.webp","width":600,"height":600,"caption":"Phosphate monocalcique (MCP)"},{"@type":"BreadcrumbList","@id":"https:\/\/theo.niranbio.com\/fr\/mcp-phosphate-monocalcique.html#breadcrumb","itemListElement":[{"@type":"ListItem","position":1,"name":"Home","item":"https:\/\/theo.niranbio.com\/fr\/"},{"@type":"ListItem","position":2,"name":"Produits","item":"https:\/\/theo.niranbio.com\/fr\/produits.html"},{"@type":"ListItem","position":3,"name":"Phosphat\u00e9","item":"https:\/\/theo.niranbio.com\/fr\/produit-phosphate\/"},{"@type":"ListItem","position":4,"name":"MCP \u2014 Phosphate monocalcique"}]},{"@type":"WebSite","@id":"https:\/\/theo.niranbio.com\/fr\/#website","url":"https:\/\/theo.niranbio.com\/fr\/","name":"Niranbio Chemical","description":"","publisher":{"@id":"https:\/\/theo.niranbio.com\/fr\/#organization"},"potentialAction":[{"@type":"SearchAction","target":{"@type":"EntryPoint","urlTemplate":"https:\/\/theo.niranbio.com\/fr\/?s={search_term_string}"},"query-input":{"@type":"PropertyValueSpecification","valueRequired":true,"valueName":"search_term_string"}}],"inLanguage":"fr-FR"},{"@type":"Organization","@id":"https:\/\/theo.niranbio.com\/fr\/#organization","name":"Niranbio Chemical","url":"https:\/\/theo.niranbio.com\/fr\/","logo":{"@type":"ImageObject","inLanguage":"fr-FR","@id":"https:\/\/theo.niranbio.com\/fr\/#\/schema\/logo\/image\/","url":"https:\/\/theo.niranbio.com\/wp-content\/uploads\/2024\/06\/Niranbio.png","contentUrl":"https:\/\/theo.niranbio.com\/wp-content\/uploads\/2024\/06\/Niranbio.png","width":270,"height":100,"caption":"Niranbio Chemical"},"image":{"@id":"https:\/\/theo.niranbio.com\/fr\/#\/schema\/logo\/image\/"}}]}},"_links":{"self":[{"href":"https:\/\/theo.niranbio.com\/fr\/wp-json\/wp\/v2\/product\/9384","targetHints":{"allow":["GET"]}}],"collection":[{"href":"https:\/\/theo.niranbio.com\/fr\/wp-json\/wp\/v2\/product"}],"about":[{"href":"https:\/\/theo.niranbio.com\/fr\/wp-json\/wp\/v2\/types\/product"}],"version-history":[{"count":0,"href":"https:\/\/theo.niranbio.com\/fr\/wp-json\/wp\/v2\/product\/9384\/revisions"}],"wp:featuredmedia":[{"embeddable":true,"href":"https:\/\/theo.niranbio.com\/fr\/wp-json\/wp\/v2\/media\/9385"}],"wp:attachment":[{"href":"https:\/\/theo.niranbio.com\/fr\/wp-json\/wp\/v2\/media?parent=9384"}],"wp:term":[{"taxonomy":"product_brand","embeddable":true,"href":"https:\/\/theo.niranbio.com\/fr\/wp-json\/wp\/v2\/product_brand?post=9384"},{"taxonomy":"product_cat","embeddable":true,"href":"https:\/\/theo.niranbio.com\/fr\/wp-json\/wp\/v2\/product_cat?post=9384"},{"taxonomy":"product_tag","embeddable":true,"href":"https:\/\/theo.niranbio.com\/fr\/wp-json\/wp\/v2\/product_tag?post=9384"}],"curies":[{"name":"wp","href":"https:\/\/api.w.org\/{rel}","templated":true}]}}