{"id":9366,"date":"2024-06-19T17:25:49","date_gmt":"2024-06-19T09:25:49","guid":{"rendered":"https:\/\/theo.niranbio.com\/dcp-phosphate-dicalcique\/"},"modified":"2024-08-19T14:02:55","modified_gmt":"2024-08-19T06:02:55","slug":"dcp-phosphate-dicalcique","status":"publish","type":"product","link":"https:\/\/theo.niranbio.com\/fr\/dcp-phosphate-dicalcique.html","title":{"rendered":"DCP \u2014 Phosphate dicalcique"},"content":{"rendered":"<h2><span class=\"ez-toc-section\" id=\"Quest-ce_que_le_phosphate_dicalcique\"><\/span>Qu&rsquo;est-ce que le phosphate dicalcique ?<span class=\"ez-toc-section-end\"><\/span><\/h2>\n<p>Le phosphate dicalcique est un compos\u00e9 inorganique ayant l&rsquo;apparence d&rsquo;une poudre cristalline blanche. Il est quelque peu soluble dans l&rsquo;eau, insoluble dans l&rsquo;\u00e9thanol et facilement soluble dans les acides chlorhydrique et nitrique dilu\u00e9s. C&rsquo;est un ajout courant aux aliments. Il existe deux m\u00e9thodes courantes de production de phosphate dicalcique en Chine. L&rsquo;une consiste \u00e0 dissoudre l&rsquo;acide phosphorique (g\u00e9n\u00e9ralement de l&rsquo;acide phosphorique ou du phosphate dicalcique de sodium) dans l&rsquo;eau, puis \u00e0 r\u00e9agir avec du carbonate de calcium pour former un pr\u00e9cipit\u00e9 d&rsquo;hydrog\u00e9nophosphate de calcium. Gr\u00e2ce \u00e0 la formation et \u00e0 la s\u00e9paration du pr\u00e9cipit\u00e9, un produit d&rsquo;hydrog\u00e9nophosphate de calcium peut \u00eatre obtenu.<\/p>\n<p>L&rsquo;autre consiste \u00e0 dissoudre l&rsquo;acide phosphorique dans l&rsquo;eau, puis \u00e0 r\u00e9agir avec de l&rsquo;hydroxyde de calcium (chaux) pour former un pr\u00e9cipit\u00e9 d&rsquo;hydrog\u00e9nophosphate de calcium. Cette m\u00e9thode est relativement simple, mais le pr\u00e9cipit\u00e9 obtenu doit \u00eatre s\u00e9ch\u00e9 et purifi\u00e9 pour obtenir un hydrog\u00e9nophosphate de calcium de haute puret\u00e9.<\/p>\n<h2><span class=\"ez-toc-section\" id=\"Parametres_associes\"><\/span>Param\u00e8tres associ\u00e9s :<span class=\"ez-toc-section-end\"><\/span><\/h2>\n<table>\n<tbody>\n<tr>\n<td colspan=\"2\">Sp\u00e9cification<\/td>\n<td>GB 1886.3-2016<\/td>\n<td>FCC VII<\/td>\n<\/tr>\n<tr>\n<td colspan=\"2\">Teneur (en CaHPO4-2H2O)\uff0cw\/%<\/td>\n<td>98.0-103.0<\/td>\n<td>97.0-105.0<\/td>\n<\/tr>\n<tr>\n<td colspan=\"2\">Arsenic (As)\uff0cmg\/kg \u2264<\/td>\n<td>2<\/td>\n<td>3<\/td>\n<\/tr>\n<tr>\n<td colspan=\"2\">Pb,mg\/kg Pb,mg\/kg \u2264<\/td>\n<td>5<\/td>\n<td>2<\/td>\n<\/tr>\n<tr>\n<td colspan=\"2\">Fluorure (As F),w\/% \u2264<\/td>\n<td>0.005<\/td>\n<td>0.005<\/td>\n<\/tr>\n<tr>\n<td colspan=\"2\">M\u00e9taux lourds (As P b)\uff0cmg\/kg \u2264<\/td>\n<td>10<\/td>\n<td>&#8212;<\/td>\n<\/tr>\n<tr>\n<td rowspan=\"2\">Perte \u00e0 l&rsquo;allumage\uff0cw\/%<\/td>\n<td>Anhydre<\/td>\n<td>&#8212;<\/td>\n<td>7.0-8.5\uff08Anhydre\uff09<\/td>\n<\/tr>\n<tr>\n<td>Dihydrate<\/td>\n<td>24.5-26.5<\/td>\n<td>24.5-26.5\uff08Dihydrate\uff09<\/td>\n<\/tr>\n<tr>\n<td colspan=\"2\">Acide chlorhydrique insoluble\uff0cw\/% \u2264<\/td>\n<td>0.05<\/td>\n<td>&#8212;<\/td>\n<\/tr>\n<\/tbody>\n<\/table>\n<h2><span class=\"ez-toc-section\" id=\"Dosage_recommande\"><\/span>Dosage recommand\u00e9 :<span class=\"ez-toc-section-end\"><\/span><\/h2>\n<table>\n<tbody>\n<tr>\n<td><strong>Nom de l&rsquo;aliment<\/strong><\/td>\n<td><strong>Utilisation maximale (g\/kg)<\/strong><\/td>\n<\/tr>\n<tr>\n<td>Pain et produits \u00e0 base de p\u00e2te<\/td>\n<td>2 g\/kg<\/td>\n<\/tr>\n<tr>\n<td>Biscuits et produits de biscuiterie<\/td>\n<td>1,5 g\/kg<\/td>\n<\/tr>\n<tr>\n<td>P\u00e2tisserie et g\u00e2teaux<\/td>\n<td>2 g\/kg<\/td>\n<\/tr>\n<tr>\n<td>C\u00e9r\u00e9ales (par exemple, c\u00e9r\u00e9ales pour petit-d\u00e9jeuner)<\/td>\n<td>1,5 g\/kg<\/td>\n<\/tr>\n<tr>\n<td>Produits \u00e0 base de viande (par exemple, saucisses, jambon)<\/td>\n<td>1 g\/kg<\/td>\n<\/tr>\n<tr>\n<td>Produits \u00e0 base d&rsquo;\u0153ufs (par exemple, tartes aux \u0153ufs, g\u00e2teaux)<\/td>\n<td>1 g\/kg<\/td>\n<\/tr>\n<tr>\n<td>Produits laitiers (par exemple, fromage, yaourt)<\/td>\n<td>1 g\/kg<\/td>\n<\/tr>\n<tr>\n<td>Chocolat et produits \u00e0 base de chocolat<\/td>\n<td>1,5 g\/kg<\/td>\n<\/tr>\n<tr>\n<td>Assaisonnements et condiments<\/td>\n<td>1,5 g\/kg<\/td>\n<\/tr>\n<tr>\n<td>Boissons (par exemple, jus, soda)<\/td>\n<td>0,5 g\/kg<\/td>\n<\/tr>\n<tr>\n<td>Aliments souffl\u00e9s (par exemple, c\u00e9r\u00e9ales souffl\u00e9es, ma\u00efs souffl\u00e9)<\/td>\n<td>1,5 g\/kg<\/td>\n<\/tr>\n<tr>\n<td>Sauces et aliments marin\u00e9s<\/td>\n<td>1,5 g\/kg<\/td>\n<\/tr>\n<tr>\n<td>Levures et produits apparent\u00e9s<\/td>\n<td>0,5 g\/kg<\/td>\n<\/tr>\n<tr>\n<td>Sauces et assaisonnements pour salades<\/td>\n<td>1,5 g\/kg<\/td>\n<\/tr>\n<tr>\n<td>Pr\u00e9m\u00e9lange d&rsquo;additifs alimentaires<\/td>\n<td>1,5 g\/kg<\/td>\n<\/tr>\n<\/tbody>\n<\/table>\n<h2><span class=\"ez-toc-section\" id=\"Le_phosphate_dicalcique_a_une_large_gamme_dutilisations\"><\/span>Le phosphate dicalcique a une large gamme d&rsquo;utilisations<span class=\"ez-toc-section-end\"><\/span><\/h2>\n<ol>\n<li>\u00c9paississant et stabilisant : L&rsquo;hydrog\u00e9nophosphate de calcium peut \u00eatre utilis\u00e9 pour augmenter la viscosit\u00e9 et la stabilit\u00e9 des aliments, en particulier dans les produits laitiers, les gel\u00e9es, les confitures et autres produits.<\/li>\n<li>R\u00e9gulateur d&rsquo;acidit\u00e9 : En tant que r\u00e9gulateur d&rsquo;acidit\u00e9 alimentaire, il peut ajuster la valeur du pH des aliments, am\u00e9liorer le go\u00fbt et maintenir la stabilit\u00e9 des aliments.<\/li>\n<li>Agent de charge : Dans les aliments cuits au four tels que le pain et les biscuits, l&rsquo;hydrog\u00e9nophosphate de calcium peut produire du dioxyde de carbone, favoriser l&rsquo;expansion de la p\u00e2te et rendre le produit plus moelleux.<\/li>\n<li>Agent antiagglom\u00e9rant : Dans les aliments en poudre s\u00e8che, tels que les boissons instantan\u00e9es et les assaisonnements, l&rsquo;hydrog\u00e9nophosphate de calcium peut les emp\u00eacher de s&rsquo;agglom\u00e9rer et maintenir la fluidit\u00e9 de la poudre.<\/li>\n<li>Exhausteur nutritionnel : L&rsquo;hydrog\u00e9nophosphate de calcium contient du phosphore et du calcium, ce qui contribue \u00e0 augmenter la valeur nutritionnelle des aliments, en particulier pour les personnes qui ont besoin d&rsquo;augmenter leur apport en phosphore ou en calcium.<\/li>\n<\/ol>\n<h2><span class=\"ez-toc-section\" id=\"Question_posee_par_lutilisateur\"><\/span>Question pos\u00e9e par l&rsquo;utilisateur :<span class=\"ez-toc-section-end\"><\/span><\/h2>\n<p><strong>Question : Quels sont les avantages du phosphate dicalcique par rapport au phosphate de calcium ?<\/strong><\/p>\n<p>R\u00e9ponse : Le phosphate dicalcique (DCP) pr\u00e9sente plusieurs avantages par rapport au phosphate tricalcique (TCP). Tout d&rsquo;abord, le DCP a une meilleure solubilit\u00e9 dans les environnements acides, ce qui se traduit par une efficacit\u00e9 d&rsquo;absorption plus \u00e9lev\u00e9e dans le tube digestif, offrant ainsi une biodisponibilit\u00e9 plus \u00e9lev\u00e9e. Cela fait du DCP un compl\u00e9ment de calcium et de phosphore plus id\u00e9al dans les domaines de l&rsquo;alimentation humaine, animale et pharmaceutique.<\/p>\n<p>Parmi les additifs alimentaires, le DCP est largement utilis\u00e9 pour renforcer la teneur en calcium et en phosphore des c\u00e9r\u00e9ales, du pain et des boissons ; dans l&rsquo;alimentation animale, le DCP peut favoriser efficacement le d\u00e9veloppement osseux et la sant\u00e9 des animaux. En outre, le DCP est \u00e9galement utilis\u00e9 dans les compl\u00e9ments de calcium et de phosphore, les dentifrices et les produits de soins bucco-dentaires dans le domaine pharmaceutique. Son taux d&rsquo;absorption et sa biodisponibilit\u00e9 \u00e9lev\u00e9s lui permettent de compl\u00e9ter plus efficacement le calcium et le phosphore et de favoriser la sant\u00e9 des os et des dents. La s\u00e9curit\u00e9 et la stabilit\u00e9 du DCP am\u00e9liorent encore son potentiel d&rsquo;application dans divers domaines, le rendant difficile \u00e0 d\u00e9composer ou \u00e0 d\u00e9t\u00e9riorer pendant le stockage et l&rsquo;utilisation, et pr\u00e9sentant une bonne stabilit\u00e9. Par cons\u00e9quent, le DCP pr\u00e9sente de grands avantages dans de nombreux domaines d&rsquo;application et devient un choix plus populaire.<\/p>\n","protected":false},"excerpt":{"rendered":"<ul>\n<li>CAS : 7757-93-9<\/li>\n<li>Formule chimique : <sub>CaHPO4<\/sub><\/li>\n<li>Certifications : KOSHER, ISO, HALAL, FSSC 22000, BRC, etc.<\/li>\n<li>Norme : GB 1886.3-2016\/FCC VII<\/li>\n<li>Quantit\u00e9 minimum de commande : 1000 kg<\/li>\n<li>Dur\u00e9e de conservation : 2 ans<\/li>\n<\/ul>\n","protected":false},"featured_media":9369,"template":"","meta":{"site-sidebar-layout":"default","site-content-layout":"","ast-site-content-layout":"default","site-content-style":"default","site-sidebar-style":"default","ast-global-header-display":"","ast-banner-title-visibility":"","ast-main-header-display":"","ast-hfb-above-header-display":"","ast-hfb-below-header-display":"","ast-hfb-mobile-header-display":"","site-post-title":"","ast-breadcrumbs-content":"","ast-featured-img":"","footer-sml-layout":"","theme-transparent-header-meta":"default","adv-header-id-meta":"","stick-header-meta":"","header-above-stick-meta":"","header-main-stick-meta":"","header-below-stick-meta":"","astra-migrate-meta-layouts":"set","ast-page-background-enabled":"default","ast-page-background-meta":{"desktop":{"background-color":"var(--ast-global-color-4)","background-image":"","background-repeat":"repeat","background-position":"center center","background-size":"auto","background-attachment":"scroll","background-type":"","background-media":"","overlay-type":"","overlay-color":"","overlay-opacity":"","overlay-gradient":""},"tablet":{"background-color":"","background-image":"","background-repeat":"repeat","background-position":"center center","background-size":"auto","background-attachment":"scroll","background-type":"","background-media":"","overlay-type":"","overlay-color":"","overlay-opacity":"","overlay-gradient":""},"mobile":{"background-color":"","background-image":"","background-repeat":"repeat","background-position":"center center","background-size":"auto","background-attachment":"scroll","background-type":"","background-media":"","overlay-type":"","overlay-color":"","overlay-opacity":"","overlay-gradient":""}},"ast-content-background-meta":{"desktop":{"background-color":"var(--ast-global-color-5)","background-image":"","background-repeat":"repeat","background-position":"center center","background-size":"auto","background-attachment":"scroll","background-type":"","background-media":"","overlay-type":"","overlay-color":"","overlay-opacity":"","overlay-gradient":""},"tablet":{"background-color":"var(--ast-global-color-5)","background-image":"","background-repeat":"repeat","background-position":"center center","background-size":"auto","background-attachment":"scroll","background-type":"","background-media":"","overlay-type":"","overlay-color":"","overlay-opacity":"","overlay-gradient":""},"mobile":{"background-color":"var(--ast-global-color-5)","background-image":"","background-repeat":"repeat","background-position":"center center","background-size":"auto","background-attachment":"scroll","background-type":"","background-media":"","overlay-type":"","overlay-color":"","overlay-opacity":"","overlay-gradient":""}}},"product_brand":[],"product_cat":[108],"product_tag":[],"class_list":{"0":"post-9366","1":"product","2":"type-product","3":"status-publish","4":"has-post-thumbnail","6":"product_cat-produit-phosphate","7":"desktop-align-center","8":"tablet-align-left","9":"mobile-align-left","11":"first","12":"instock","13":"shipping-taxable","14":"product-type-simple"},"yoast_head":"<!-- This site is optimized with the Yoast SEO plugin v26.5 - https:\/\/yoast.com\/wordpress\/plugins\/seo\/ -->\n<title>Fournisseur de phosphate dicalcique (DCP), poudre de E341 | Niranbio Chemical<\/title>\n<meta name=\"description\" content=\"Notre phosphate dicalcique (DCP) est un additif polyvalent de qualit\u00e9 alimentaire disponible sous forme anhydre et dihydrat\u00e9e et est disponible en vari\u00e9t\u00e9s granulaires et en poudre.\" \/>\n<meta name=\"robots\" content=\"noindex, follow, max-snippet:-1, max-image-preview:large, max-video-preview:-1\" \/>\n<meta name=\"twitter:label1\" content=\"Dur\u00e9e de lecture estim\u00e9e\" \/>\n\t<meta name=\"twitter:data1\" content=\"4 minutes\" \/>\n<script type=\"application\/ld+json\" class=\"yoast-schema-graph\">{\"@context\":\"https:\/\/schema.org\",\"@graph\":[{\"@type\":\"WebPage\",\"@id\":\"https:\/\/theo.niranbio.com\/fr\/dcp-phosphate-dicalcique.html\",\"url\":\"https:\/\/theo.niranbio.com\/fr\/dcp-phosphate-dicalcique.html\",\"name\":\"Fournisseur de phosphate dicalcique (DCP), poudre de E341 | Niranbio Chemical\",\"isPartOf\":{\"@id\":\"https:\/\/theo.niranbio.com\/fr\/#website\"},\"primaryImageOfPage\":{\"@id\":\"https:\/\/theo.niranbio.com\/fr\/dcp-phosphate-dicalcique.html#primaryimage\"},\"image\":{\"@id\":\"https:\/\/theo.niranbio.com\/fr\/dcp-phosphate-dicalcique.html#primaryimage\"},\"thumbnailUrl\":\"https:\/\/theo.niranbio.com\/wp-content\/uploads\/2024\/06\/DCP-1.webp\",\"datePublished\":\"2024-06-19T09:25:49+00:00\",\"dateModified\":\"2024-08-19T06:02:55+00:00\",\"description\":\"Notre phosphate dicalcique (DCP) est un additif polyvalent de qualit\u00e9 alimentaire disponible sous forme anhydre et dihydrat\u00e9e et est disponible en vari\u00e9t\u00e9s granulaires et en poudre.\",\"breadcrumb\":{\"@id\":\"https:\/\/theo.niranbio.com\/fr\/dcp-phosphate-dicalcique.html#breadcrumb\"},\"inLanguage\":\"fr-FR\",\"potentialAction\":[{\"@type\":\"ReadAction\",\"target\":[\"https:\/\/theo.niranbio.com\/fr\/dcp-phosphate-dicalcique.html\"]}]},{\"@type\":\"ImageObject\",\"inLanguage\":\"fr-FR\",\"@id\":\"https:\/\/theo.niranbio.com\/fr\/dcp-phosphate-dicalcique.html#primaryimage\",\"url\":\"https:\/\/theo.niranbio.com\/wp-content\/uploads\/2024\/06\/DCP-1.webp\",\"contentUrl\":\"https:\/\/theo.niranbio.com\/wp-content\/uploads\/2024\/06\/DCP-1.webp\",\"width\":600,\"height\":600,\"caption\":\"Phosphate dicalcique (DCP)\"},{\"@type\":\"BreadcrumbList\",\"@id\":\"https:\/\/theo.niranbio.com\/fr\/dcp-phosphate-dicalcique.html#breadcrumb\",\"itemListElement\":[{\"@type\":\"ListItem\",\"position\":1,\"name\":\"Home\",\"item\":\"https:\/\/theo.niranbio.com\/fr\/\"},{\"@type\":\"ListItem\",\"position\":2,\"name\":\"Produits\",\"item\":\"https:\/\/theo.niranbio.com\/fr\/produits.html\"},{\"@type\":\"ListItem\",\"position\":3,\"name\":\"Phosphat\u00e9\",\"item\":\"https:\/\/theo.niranbio.com\/fr\/produit-phosphate\/\"},{\"@type\":\"ListItem\",\"position\":4,\"name\":\"DCP \u2014 Phosphate dicalcique\"}]},{\"@type\":\"WebSite\",\"@id\":\"https:\/\/theo.niranbio.com\/fr\/#website\",\"url\":\"https:\/\/theo.niranbio.com\/fr\/\",\"name\":\"Niranbio Chemical\",\"description\":\"\",\"publisher\":{\"@id\":\"https:\/\/theo.niranbio.com\/fr\/#organization\"},\"potentialAction\":[{\"@type\":\"SearchAction\",\"target\":{\"@type\":\"EntryPoint\",\"urlTemplate\":\"https:\/\/theo.niranbio.com\/fr\/?s={search_term_string}\"},\"query-input\":{\"@type\":\"PropertyValueSpecification\",\"valueRequired\":true,\"valueName\":\"search_term_string\"}}],\"inLanguage\":\"fr-FR\"},{\"@type\":\"Organization\",\"@id\":\"https:\/\/theo.niranbio.com\/fr\/#organization\",\"name\":\"Niranbio Chemical\",\"url\":\"https:\/\/theo.niranbio.com\/fr\/\",\"logo\":{\"@type\":\"ImageObject\",\"inLanguage\":\"fr-FR\",\"@id\":\"https:\/\/theo.niranbio.com\/fr\/#\/schema\/logo\/image\/\",\"url\":\"https:\/\/theo.niranbio.com\/wp-content\/uploads\/2024\/06\/Niranbio.png\",\"contentUrl\":\"https:\/\/theo.niranbio.com\/wp-content\/uploads\/2024\/06\/Niranbio.png\",\"width\":270,\"height\":100,\"caption\":\"Niranbio Chemical\"},\"image\":{\"@id\":\"https:\/\/theo.niranbio.com\/fr\/#\/schema\/logo\/image\/\"}}]}<\/script>\n<!-- \/ Yoast SEO plugin. -->","yoast_head_json":{"title":"Fournisseur de phosphate dicalcique (DCP), poudre de E341 | Niranbio Chemical","description":"Notre phosphate dicalcique (DCP) est un additif polyvalent de qualit\u00e9 alimentaire disponible sous forme anhydre et dihydrat\u00e9e et est disponible en vari\u00e9t\u00e9s granulaires et en poudre.","robots":{"index":"noindex","follow":"follow","max-snippet":"max-snippet:-1","max-image-preview":"max-image-preview:large","max-video-preview":"max-video-preview:-1"},"twitter_misc":{"Dur\u00e9e de lecture estim\u00e9e":"4 minutes"},"schema":{"@context":"https:\/\/schema.org","@graph":[{"@type":"WebPage","@id":"https:\/\/theo.niranbio.com\/fr\/dcp-phosphate-dicalcique.html","url":"https:\/\/theo.niranbio.com\/fr\/dcp-phosphate-dicalcique.html","name":"Fournisseur de phosphate dicalcique (DCP), poudre de E341 | Niranbio Chemical","isPartOf":{"@id":"https:\/\/theo.niranbio.com\/fr\/#website"},"primaryImageOfPage":{"@id":"https:\/\/theo.niranbio.com\/fr\/dcp-phosphate-dicalcique.html#primaryimage"},"image":{"@id":"https:\/\/theo.niranbio.com\/fr\/dcp-phosphate-dicalcique.html#primaryimage"},"thumbnailUrl":"https:\/\/theo.niranbio.com\/wp-content\/uploads\/2024\/06\/DCP-1.webp","datePublished":"2024-06-19T09:25:49+00:00","dateModified":"2024-08-19T06:02:55+00:00","description":"Notre phosphate dicalcique (DCP) est un additif polyvalent de qualit\u00e9 alimentaire disponible sous forme anhydre et dihydrat\u00e9e et est disponible en vari\u00e9t\u00e9s granulaires et en poudre.","breadcrumb":{"@id":"https:\/\/theo.niranbio.com\/fr\/dcp-phosphate-dicalcique.html#breadcrumb"},"inLanguage":"fr-FR","potentialAction":[{"@type":"ReadAction","target":["https:\/\/theo.niranbio.com\/fr\/dcp-phosphate-dicalcique.html"]}]},{"@type":"ImageObject","inLanguage":"fr-FR","@id":"https:\/\/theo.niranbio.com\/fr\/dcp-phosphate-dicalcique.html#primaryimage","url":"https:\/\/theo.niranbio.com\/wp-content\/uploads\/2024\/06\/DCP-1.webp","contentUrl":"https:\/\/theo.niranbio.com\/wp-content\/uploads\/2024\/06\/DCP-1.webp","width":600,"height":600,"caption":"Phosphate dicalcique (DCP)"},{"@type":"BreadcrumbList","@id":"https:\/\/theo.niranbio.com\/fr\/dcp-phosphate-dicalcique.html#breadcrumb","itemListElement":[{"@type":"ListItem","position":1,"name":"Home","item":"https:\/\/theo.niranbio.com\/fr\/"},{"@type":"ListItem","position":2,"name":"Produits","item":"https:\/\/theo.niranbio.com\/fr\/produits.html"},{"@type":"ListItem","position":3,"name":"Phosphat\u00e9","item":"https:\/\/theo.niranbio.com\/fr\/produit-phosphate\/"},{"@type":"ListItem","position":4,"name":"DCP \u2014 Phosphate dicalcique"}]},{"@type":"WebSite","@id":"https:\/\/theo.niranbio.com\/fr\/#website","url":"https:\/\/theo.niranbio.com\/fr\/","name":"Niranbio Chemical","description":"","publisher":{"@id":"https:\/\/theo.niranbio.com\/fr\/#organization"},"potentialAction":[{"@type":"SearchAction","target":{"@type":"EntryPoint","urlTemplate":"https:\/\/theo.niranbio.com\/fr\/?s={search_term_string}"},"query-input":{"@type":"PropertyValueSpecification","valueRequired":true,"valueName":"search_term_string"}}],"inLanguage":"fr-FR"},{"@type":"Organization","@id":"https:\/\/theo.niranbio.com\/fr\/#organization","name":"Niranbio Chemical","url":"https:\/\/theo.niranbio.com\/fr\/","logo":{"@type":"ImageObject","inLanguage":"fr-FR","@id":"https:\/\/theo.niranbio.com\/fr\/#\/schema\/logo\/image\/","url":"https:\/\/theo.niranbio.com\/wp-content\/uploads\/2024\/06\/Niranbio.png","contentUrl":"https:\/\/theo.niranbio.com\/wp-content\/uploads\/2024\/06\/Niranbio.png","width":270,"height":100,"caption":"Niranbio Chemical"},"image":{"@id":"https:\/\/theo.niranbio.com\/fr\/#\/schema\/logo\/image\/"}}]}},"_links":{"self":[{"href":"https:\/\/theo.niranbio.com\/fr\/wp-json\/wp\/v2\/product\/9366","targetHints":{"allow":["GET"]}}],"collection":[{"href":"https:\/\/theo.niranbio.com\/fr\/wp-json\/wp\/v2\/product"}],"about":[{"href":"https:\/\/theo.niranbio.com\/fr\/wp-json\/wp\/v2\/types\/product"}],"version-history":[{"count":0,"href":"https:\/\/theo.niranbio.com\/fr\/wp-json\/wp\/v2\/product\/9366\/revisions"}],"wp:featuredmedia":[{"embeddable":true,"href":"https:\/\/theo.niranbio.com\/fr\/wp-json\/wp\/v2\/media\/9369"}],"wp:attachment":[{"href":"https:\/\/theo.niranbio.com\/fr\/wp-json\/wp\/v2\/media?parent=9366"}],"wp:term":[{"taxonomy":"product_brand","embeddable":true,"href":"https:\/\/theo.niranbio.com\/fr\/wp-json\/wp\/v2\/product_brand?post=9366"},{"taxonomy":"product_cat","embeddable":true,"href":"https:\/\/theo.niranbio.com\/fr\/wp-json\/wp\/v2\/product_cat?post=9366"},{"taxonomy":"product_tag","embeddable":true,"href":"https:\/\/theo.niranbio.com\/fr\/wp-json\/wp\/v2\/product_tag?post=9366"}],"curies":[{"name":"wp","href":"https:\/\/api.w.org\/{rel}","templated":true}]}}