{"id":9354,"date":"2024-06-20T09:27:41","date_gmt":"2024-06-20T01:27:41","guid":{"rendered":"https:\/\/theo.niranbio.com\/d-xylose\/"},"modified":"2024-08-19T13:53:23","modified_gmt":"2024-08-19T05:53:23","slug":"d-xylose","status":"publish","type":"product","link":"https:\/\/theo.niranbio.com\/fr\/d-xylose.html","title":{"rendered":"D-Xylose"},"content":{"rendered":"<h2><span class=\"ez-toc-section\" id=\"Quest-ce_que_le_D-Xylose\"><\/span>Qu&rsquo;est-ce que le D-Xylose ?<span class=\"ez-toc-section-end\"><\/span><\/h2>\n<p>Le D-xylose est un pentose form\u00e9 par hydrolyse de plantes riches en h\u00e9micellulose telles que la sciure, la paille et les \u00e9pis de ma\u00efs. Il se pr\u00e9sente sous forme de cristaux incolores \u00e0 blancs ou de poudre cristalline blanche \u00e0 la surface, avec un petit parfum unique et une douceur agr\u00e9able. Sa douceur est d&rsquo;environ 40 % de celle du saccharose et il a une large gamme d&rsquo;utilisations dans l&rsquo;alimentation humaine et animale, la m\u00e9decine et d&rsquo;autres industries.<\/p>\n<p>La production de D-xylose peut \u00eatre r\u00e9alis\u00e9e en extrayant le xylane des mati\u00e8res v\u00e9g\u00e9tales, en le convertissant en D-xylose par hydrolyse acide, puis en passant par les \u00e9tapes de neutralisation, filtration, d\u00e9coloration, dessalement, concentration, cristallisation et s\u00e9chage pour finalement obtenir un produit D-xylose de haute puret\u00e9.<\/p>\n<h2><span class=\"ez-toc-section\" id=\"Parametres_associes\"><\/span>Param\u00e8tres associ\u00e9s :<span class=\"ez-toc-section-end\"><\/span><\/h2>\n<table>\n<tbody>\n<tr>\n<td><strong>Articles<\/strong><\/td>\n<td><strong>Normes<\/strong><\/td>\n<\/tr>\n<tr>\n<td>Essai (base s\u00e8che)<\/td>\n<td>98.0-102%-102.0%<\/td>\n<\/tr>\n<tr>\n<td>Perte \u00e0 la dessiccation, %<\/td>\n<td>\u22640.5<\/td>\n<\/tr>\n<tr>\n<td>Rotation optique sp\u00e9cifique, \u00b0<\/td>\n<td>18.5-19.5<\/td>\n<\/tr>\n<tr>\n<td>M\u00e9taux lourds, mg\/kg<\/td>\n<td>\u22645<\/td>\n<\/tr>\n<tr>\n<td>Arsenic, mg\/kg<\/td>\n<td>\u22640.5<\/td>\n<\/tr>\n<tr>\n<td>Plomb, mg\/kg<\/td>\n<td>\u22640.5<\/td>\n<\/tr>\n<tr>\n<td>Chlorure, %<\/td>\n<td>\u22640.005<\/td>\n<\/tr>\n<tr>\n<td>Sulfate, %<\/td>\n<td>\u22640.005<\/td>\n<\/tr>\n<tr>\n<td>Cendres sulfat\u00e9es, en pourcentage<\/td>\n<td>\u22640.05<\/td>\n<\/tr>\n<tr>\n<td>Point de fusion, \u2103<\/td>\n<td>147-151<\/td>\n<\/tr>\n<tr>\n<td>pH en solution aqueuse<\/td>\n<td>5.0-7.0<\/td>\n<\/tr>\n<tr>\n<td>Nombre total de plaques, UFC\/g<\/td>\n<td>\u2264100<\/td>\n<\/tr>\n<tr>\n<td>Coliformes,MPN\/g<\/td>\n<td>\u22643<\/td>\n<\/tr>\n<tr>\n<td>Levures et moisissures, CFU\/g<\/td>\n<td>\u2264100<\/td>\n<\/tr>\n<\/tbody>\n<\/table>\n<h2><span class=\"ez-toc-section\" id=\"Dosage_recommande\"><\/span>Dosage recommand\u00e9 :<span class=\"ez-toc-section-end\"><\/span><\/h2>\n<table>\n<tbody>\n<tr>\n<td><strong>Nom de l&rsquo;aliment<\/strong><\/td>\n<td><strong>Utilisation maximale (g\/kg)<\/strong><\/td>\n<\/tr>\n<tr>\n<td>Boissons gazeuses<\/td>\n<td>3 g\/kg<\/td>\n<\/tr>\n<tr>\n<td>Boissons aux fruits<\/td>\n<td>3 g\/kg<\/td>\n<\/tr>\n<tr>\n<td>Yaourt<\/td>\n<td>2 g\/kg<\/td>\n<\/tr>\n<tr>\n<td>Lait<\/td>\n<td>2 g\/kg<\/td>\n<\/tr>\n<tr>\n<td>G\u00e2teau<\/td>\n<td>6 g\/kg<\/td>\n<\/tr>\n<tr>\n<td>Chocolat<\/td>\n<td>3 g\/kg<\/td>\n<\/tr>\n<tr>\n<td>Sauce soja<\/td>\n<td>2 g\/kg<\/td>\n<\/tr>\n<tr>\n<td>Vinaigre<\/td>\n<td>2 g\/kg<\/td>\n<\/tr>\n<tr>\n<td>Ketchup<\/td>\n<td>3 g\/kg<\/td>\n<\/tr>\n<tr>\n<td>Jambon<\/td>\n<td>2 g\/kg<\/td>\n<\/tr>\n<tr>\n<td>Saucisse<\/td>\n<td>2 g\/kg<\/td>\n<\/tr>\n<tr>\n<td>Bacon<\/td>\n<td>2 g\/kg<\/td>\n<\/tr>\n<tr>\n<td>Aliment en poudre<\/td>\n<td>3 g\/kg<\/td>\n<\/tr>\n<tr>\n<td>Noix<\/td>\n<td>2 g\/kg<\/td>\n<\/tr>\n<tr>\n<td>Assaisonnement pour nouilles instantan\u00e9es<\/td>\n<td>2 g\/kg<\/td>\n<\/tr>\n<tr>\n<td>Boissons \u00e0 base de bact\u00e9ries lactiques<\/td>\n<td>3 g\/kg<\/td>\n<\/tr>\n<tr>\n<td>Boissons lact\u00e9es ferment\u00e9es<\/td>\n<td>3 g\/kg<\/td>\n<\/tr>\n<tr>\n<td>Poudre pour boisson aux fruits<\/td>\n<td>3 g\/kg<\/td>\n<\/tr>\n<tr>\n<td>Prot\u00e9ines en poudre<\/td>\n<td>4 g\/kg<\/td>\n<\/tr>\n<\/tbody>\n<\/table>\n<h2><span class=\"ez-toc-section\" id=\"Le_D-Xylose_a_une_large_gamme_dutilisations\"><\/span>Le D-Xylose a une large gamme d&rsquo;utilisations<span class=\"ez-toc-section-end\"><\/span><\/h2>\n<p>1. Utilis\u00e9 pour corriger la saveur, la couleur et rehausser l&rsquo;ar\u00f4me dans la transformation de la viande et les produits c\u00e9r\u00e9aliers trait\u00e9s thermiquement. Le D-xylose est un sucre r\u00e9ducteur qui neutralise efficacement les acides amin\u00e9s des sucres pour produire une r\u00e9action de Maillard. Il peut \u00eatre ajout\u00e9 aux aliments dans n&rsquo;importe quelle proportion selon les besoins. Une petite quantit\u00e9 de xylose peut avoir pour effet de colorer et de rehausser l&rsquo;ar\u00f4me. Il est d\u00e9sormais largement utilis\u00e9 dans les produits \u00e0 base de p\u00e2te de poisson, les aliments cuits au four, les biscuits, le jambon, les saucisses, le bacon, les produits aquatiques, la viande artificielle et la transformation des aliments \u00e0 base de viande. Apr\u00e8s avoir ajout\u00e9 une petite quantit\u00e9 de xylose et chauff\u00e9, la couleur, la saveur et l&rsquo;ar\u00f4me des produits \u00e0 base de viande peuvent \u00eatre am\u00e9lior\u00e9s, et l&rsquo;odeur de la viande peut \u00e9galement \u00eatre ajust\u00e9e. \u00c0 cet \u00e9gard, le xylose a un meilleur effet que le glucose ou le saccharose.<\/p>\n<p>2. Production d&rsquo;ar\u00f4mes de viande et d&rsquo;aliments pour animaux de compagnie Les ar\u00f4mes de viande produits dans le pays et \u00e0 l&rsquo;\u00e9tranger utilisent principalement des extraits enzymatiques de viande comme mati\u00e8re de base, puis ajoutent des acides amin\u00e9s et des sucres pour chauffer et produire une r\u00e9action de Maillard, qui peut obtenir des ar\u00f4mes de viande naturels r\u00e9alistes, y compris l&rsquo;ar\u00f4me de jaune d&rsquo;\u0153uf, l&rsquo;ar\u00f4me de fruits de mer, etc. \u00c0 l&rsquo;heure actuelle, la proportion de xylose comme mati\u00e8re premi\u00e8re dans ces ar\u00f4mes utilis\u00e9s est relativement importante.<\/p>\n<p>3. \u00c9dulcorant non calorique Convient aux personnes ob\u00e8ses et \u00e0 celles ayant un taux de sucre \u00e9lev\u00e9. Le D-xylose est principalement absorb\u00e9 passivement dans l&rsquo;espace vide pendant le m\u00e9tabolisme dans le corps, et 90 % est excr\u00e9t\u00e9 par le corps sans provoquer de diarrh\u00e9e, c&rsquo;est donc un excellent \u00e9dulcorant nutritionnel.<\/p>\n<p>4. Le D-xylose est une substance tr\u00e8s compatible avec les aliments. Une petite quantit\u00e9 de xylose ajout\u00e9e aux aliments peut avoir des r\u00e9sultats positifs.<\/p>\n<p>5. Utilis\u00e9 pour pr\u00e9parer le xylitol.<\/p>\n<h2><span class=\"ez-toc-section\" id=\"Question_posee_par_lutilisateur\"><\/span>Question pos\u00e9e par l&rsquo;utilisateur :<span class=\"ez-toc-section-end\"><\/span><\/h2>\n<p>Question : Le D-xylose et le xylitol sont-ils identiques ?<\/p>\n<p>R\u00e9ponse : Le D-xylose est un monosaccharide appartenant \u00e0 la classe des aldoses. Il est r\u00e9ducteur et peut participer \u00e0 la r\u00e9action de Maillard. Son pouvoir sucrant est d&rsquo;environ 40 % celui du saccharose. Il a un pouvoir sucrant plus faible et peut \u00eatre partiellement absorb\u00e9 et m\u00e9tabolis\u00e9 par le corps humain. Il a une teneur en calories plus faible et peut \u00eatre utilis\u00e9 comme \u00e9dulcorant fonctionnel, mati\u00e8re premi\u00e8re pour la r\u00e9action de Maillard, excipient pharmaceutique, pr\u00e9biotique et mati\u00e8re premi\u00e8re pour la conversion de la biomasse.<\/p>\n<p>Le xylitol est un produit de la r\u00e9duction du D-xylose. Il appartient \u00e0 la classe des alcools de sucre. Il a un go\u00fbt sucr\u00e9 et une douceur proche de celle du saccharose, environ 70 \u00e0 100 % de saccharose. Il a un go\u00fbt frais et n&rsquo;est pas sujet \u00e0 la carie dentaire. Il ne participe pas \u00e0 la r\u00e9action de Maillard et n&rsquo;est pas compl\u00e8tement m\u00e9tabolis\u00e9 par le corps humain. Il ne modifie pas le taux de sucre dans le sang et contient environ 60 % de saccharose sous forme de calories. Il convient aux diab\u00e9tiques et aux r\u00e9gimes hypocaloriques et est largement utilis\u00e9 dans les aliments sans sucre, les aliments pour diab\u00e9tiques, les chewing-gums, les dentifrices, les bains de bouche et les m\u00e9dicaments.<\/p>\n","protected":false},"excerpt":{"rendered":"<ul>\n<li>CAS: 58-86-6<\/li>\n<li>Formule chimique: C<sub>5<\/sub>H<sub>10<\/sub>O<sub>5<\/sub><\/li>\n<li>Certifications : KOSHER, ISO, HALAL, FSSC 22000, BRC, etc.<\/li>\n<li>Norme : USP\/BP<\/li>\n<li>Quantit\u00e9 minimum de commande : 1000 kg<\/li>\n<li>Dur\u00e9e de conservation : 2 ans<\/li>\n<\/ul>\n","protected":false},"featured_media":9355,"template":"","meta":{"site-sidebar-layout":"default","site-content-layout":"","ast-site-content-layout":"default","site-content-style":"default","site-sidebar-style":"default","ast-global-header-display":"","ast-banner-title-visibility":"","ast-main-header-display":"","ast-hfb-above-header-display":"","ast-hfb-below-header-display":"","ast-hfb-mobile-header-display":"","site-post-title":"","ast-breadcrumbs-content":"","ast-featured-img":"","footer-sml-layout":"","theme-transparent-header-meta":"default","adv-header-id-meta":"","stick-header-meta":"","header-above-stick-meta":"","header-main-stick-meta":"","header-below-stick-meta":"","astra-migrate-meta-layouts":"set","ast-page-background-enabled":"default","ast-page-background-meta":{"desktop":{"background-color":"var(--ast-global-color-4)","background-image":"","background-repeat":"repeat","background-position":"center center","background-size":"auto","background-attachment":"scroll","background-type":"","background-media":"","overlay-type":"","overlay-color":"","overlay-opacity":"","overlay-gradient":""},"tablet":{"background-color":"","background-image":"","background-repeat":"repeat","background-position":"center center","background-size":"auto","background-attachment":"scroll","background-type":"","background-media":"","overlay-type":"","overlay-color":"","overlay-opacity":"","overlay-gradient":""},"mobile":{"background-color":"","background-image":"","background-repeat":"repeat","background-position":"center center","background-size":"auto","background-attachment":"scroll","background-type":"","background-media":"","overlay-type":"","overlay-color":"","overlay-opacity":"","overlay-gradient":""}},"ast-content-background-meta":{"desktop":{"background-color":"var(--ast-global-color-5)","background-image":"","background-repeat":"repeat","background-position":"center center","background-size":"auto","background-attachment":"scroll","background-type":"","background-media":"","overlay-type":"","overlay-color":"","overlay-opacity":"","overlay-gradient":""},"tablet":{"background-color":"var(--ast-global-color-5)","background-image":"","background-repeat":"repeat","background-position":"center center","background-size":"auto","background-attachment":"scroll","background-type":"","background-media":"","overlay-type":"","overlay-color":"","overlay-opacity":"","overlay-gradient":""},"mobile":{"background-color":"var(--ast-global-color-5)","background-image":"","background-repeat":"repeat","background-position":"center center","background-size":"auto","background-attachment":"scroll","background-type":"","background-media":"","overlay-type":"","overlay-color":"","overlay-opacity":"","overlay-gradient":""}}},"product_brand":[],"product_cat":[111],"product_tag":[],"class_list":{"0":"post-9354","1":"product","2":"type-product","3":"status-publish","4":"has-post-thumbnail","6":"product_cat-produit-edulcorant","7":"desktop-align-center","8":"tablet-align-left","9":"mobile-align-left","11":"first","12":"instock","13":"shipping-taxable","14":"product-type-simple"},"yoast_head":"<!-- This site is optimized with the Yoast SEO plugin v26.5 - https:\/\/yoast.com\/wordpress\/plugins\/seo\/ -->\n<title>Fournisseur de Poudre de D-Xylose, Prix de D-Xylose | Niranbio Chemical<\/title>\n<meta name=\"description\" content=\"Le D-xylose, une poudre cristalline incolore \u00e0 blanche, a 40 % de la douceur du saccharose et est utilis\u00e9 dans l&#039;alimentation humaine, animale, m\u00e9dicale et d&#039;autres industries.\" \/>\n<meta name=\"robots\" content=\"noindex, follow, max-snippet:-1, max-image-preview:large, max-video-preview:-1\" \/>\n<meta name=\"twitter:label1\" content=\"Dur\u00e9e de lecture estim\u00e9e\" \/>\n\t<meta name=\"twitter:data1\" content=\"4 minutes\" \/>\n<script type=\"application\/ld+json\" class=\"yoast-schema-graph\">{\"@context\":\"https:\/\/schema.org\",\"@graph\":[{\"@type\":\"WebPage\",\"@id\":\"https:\/\/theo.niranbio.com\/fr\/d-xylose.html\",\"url\":\"https:\/\/theo.niranbio.com\/fr\/d-xylose.html\",\"name\":\"Fournisseur de Poudre de D-Xylose, Prix de D-Xylose | Niranbio Chemical\",\"isPartOf\":{\"@id\":\"https:\/\/theo.niranbio.com\/fr\/#website\"},\"primaryImageOfPage\":{\"@id\":\"https:\/\/theo.niranbio.com\/fr\/d-xylose.html#primaryimage\"},\"image\":{\"@id\":\"https:\/\/theo.niranbio.com\/fr\/d-xylose.html#primaryimage\"},\"thumbnailUrl\":\"https:\/\/theo.niranbio.com\/wp-content\/uploads\/2024\/06\/D-XYLOSE.webp\",\"datePublished\":\"2024-06-20T01:27:41+00:00\",\"dateModified\":\"2024-08-19T05:53:23+00:00\",\"description\":\"Le D-xylose, une poudre cristalline incolore \u00e0 blanche, a 40 % de la douceur du saccharose et est utilis\u00e9 dans l'alimentation humaine, animale, m\u00e9dicale et d'autres industries.\",\"breadcrumb\":{\"@id\":\"https:\/\/theo.niranbio.com\/fr\/d-xylose.html#breadcrumb\"},\"inLanguage\":\"fr-FR\",\"potentialAction\":[{\"@type\":\"ReadAction\",\"target\":[\"https:\/\/theo.niranbio.com\/fr\/d-xylose.html\"]}]},{\"@type\":\"ImageObject\",\"inLanguage\":\"fr-FR\",\"@id\":\"https:\/\/theo.niranbio.com\/fr\/d-xylose.html#primaryimage\",\"url\":\"https:\/\/theo.niranbio.com\/wp-content\/uploads\/2024\/06\/D-XYLOSE.webp\",\"contentUrl\":\"https:\/\/theo.niranbio.com\/wp-content\/uploads\/2024\/06\/D-XYLOSE.webp\",\"width\":600,\"height\":600,\"caption\":\"D-XYLOSE\"},{\"@type\":\"BreadcrumbList\",\"@id\":\"https:\/\/theo.niranbio.com\/fr\/d-xylose.html#breadcrumb\",\"itemListElement\":[{\"@type\":\"ListItem\",\"position\":1,\"name\":\"Home\",\"item\":\"https:\/\/theo.niranbio.com\/fr\/\"},{\"@type\":\"ListItem\",\"position\":2,\"name\":\"Produits\",\"item\":\"https:\/\/theo.niranbio.com\/fr\/produits.html\"},{\"@type\":\"ListItem\",\"position\":3,\"name\":\"\u00c9dulcorant\",\"item\":\"https:\/\/theo.niranbio.com\/fr\/produit-edulcorant\/\"},{\"@type\":\"ListItem\",\"position\":4,\"name\":\"D-Xylose\"}]},{\"@type\":\"WebSite\",\"@id\":\"https:\/\/theo.niranbio.com\/fr\/#website\",\"url\":\"https:\/\/theo.niranbio.com\/fr\/\",\"name\":\"Niranbio Chemical\",\"description\":\"\",\"publisher\":{\"@id\":\"https:\/\/theo.niranbio.com\/fr\/#organization\"},\"potentialAction\":[{\"@type\":\"SearchAction\",\"target\":{\"@type\":\"EntryPoint\",\"urlTemplate\":\"https:\/\/theo.niranbio.com\/fr\/?s={search_term_string}\"},\"query-input\":{\"@type\":\"PropertyValueSpecification\",\"valueRequired\":true,\"valueName\":\"search_term_string\"}}],\"inLanguage\":\"fr-FR\"},{\"@type\":\"Organization\",\"@id\":\"https:\/\/theo.niranbio.com\/fr\/#organization\",\"name\":\"Niranbio Chemical\",\"url\":\"https:\/\/theo.niranbio.com\/fr\/\",\"logo\":{\"@type\":\"ImageObject\",\"inLanguage\":\"fr-FR\",\"@id\":\"https:\/\/theo.niranbio.com\/fr\/#\/schema\/logo\/image\/\",\"url\":\"https:\/\/theo.niranbio.com\/wp-content\/uploads\/2024\/06\/Niranbio.png\",\"contentUrl\":\"https:\/\/theo.niranbio.com\/wp-content\/uploads\/2024\/06\/Niranbio.png\",\"width\":270,\"height\":100,\"caption\":\"Niranbio Chemical\"},\"image\":{\"@id\":\"https:\/\/theo.niranbio.com\/fr\/#\/schema\/logo\/image\/\"}}]}<\/script>\n<!-- \/ Yoast SEO plugin. -->","yoast_head_json":{"title":"Fournisseur de Poudre de D-Xylose, Prix de D-Xylose | Niranbio Chemical","description":"Le D-xylose, une poudre cristalline incolore \u00e0 blanche, a 40 % de la douceur du saccharose et est utilis\u00e9 dans l'alimentation humaine, animale, m\u00e9dicale et d'autres industries.","robots":{"index":"noindex","follow":"follow","max-snippet":"max-snippet:-1","max-image-preview":"max-image-preview:large","max-video-preview":"max-video-preview:-1"},"twitter_misc":{"Dur\u00e9e de lecture estim\u00e9e":"4 minutes"},"schema":{"@context":"https:\/\/schema.org","@graph":[{"@type":"WebPage","@id":"https:\/\/theo.niranbio.com\/fr\/d-xylose.html","url":"https:\/\/theo.niranbio.com\/fr\/d-xylose.html","name":"Fournisseur de Poudre de D-Xylose, Prix de D-Xylose | Niranbio Chemical","isPartOf":{"@id":"https:\/\/theo.niranbio.com\/fr\/#website"},"primaryImageOfPage":{"@id":"https:\/\/theo.niranbio.com\/fr\/d-xylose.html#primaryimage"},"image":{"@id":"https:\/\/theo.niranbio.com\/fr\/d-xylose.html#primaryimage"},"thumbnailUrl":"https:\/\/theo.niranbio.com\/wp-content\/uploads\/2024\/06\/D-XYLOSE.webp","datePublished":"2024-06-20T01:27:41+00:00","dateModified":"2024-08-19T05:53:23+00:00","description":"Le D-xylose, une poudre cristalline incolore \u00e0 blanche, a 40 % de la douceur du saccharose et est utilis\u00e9 dans l'alimentation humaine, animale, m\u00e9dicale et d'autres industries.","breadcrumb":{"@id":"https:\/\/theo.niranbio.com\/fr\/d-xylose.html#breadcrumb"},"inLanguage":"fr-FR","potentialAction":[{"@type":"ReadAction","target":["https:\/\/theo.niranbio.com\/fr\/d-xylose.html"]}]},{"@type":"ImageObject","inLanguage":"fr-FR","@id":"https:\/\/theo.niranbio.com\/fr\/d-xylose.html#primaryimage","url":"https:\/\/theo.niranbio.com\/wp-content\/uploads\/2024\/06\/D-XYLOSE.webp","contentUrl":"https:\/\/theo.niranbio.com\/wp-content\/uploads\/2024\/06\/D-XYLOSE.webp","width":600,"height":600,"caption":"D-XYLOSE"},{"@type":"BreadcrumbList","@id":"https:\/\/theo.niranbio.com\/fr\/d-xylose.html#breadcrumb","itemListElement":[{"@type":"ListItem","position":1,"name":"Home","item":"https:\/\/theo.niranbio.com\/fr\/"},{"@type":"ListItem","position":2,"name":"Produits","item":"https:\/\/theo.niranbio.com\/fr\/produits.html"},{"@type":"ListItem","position":3,"name":"\u00c9dulcorant","item":"https:\/\/theo.niranbio.com\/fr\/produit-edulcorant\/"},{"@type":"ListItem","position":4,"name":"D-Xylose"}]},{"@type":"WebSite","@id":"https:\/\/theo.niranbio.com\/fr\/#website","url":"https:\/\/theo.niranbio.com\/fr\/","name":"Niranbio Chemical","description":"","publisher":{"@id":"https:\/\/theo.niranbio.com\/fr\/#organization"},"potentialAction":[{"@type":"SearchAction","target":{"@type":"EntryPoint","urlTemplate":"https:\/\/theo.niranbio.com\/fr\/?s={search_term_string}"},"query-input":{"@type":"PropertyValueSpecification","valueRequired":true,"valueName":"search_term_string"}}],"inLanguage":"fr-FR"},{"@type":"Organization","@id":"https:\/\/theo.niranbio.com\/fr\/#organization","name":"Niranbio Chemical","url":"https:\/\/theo.niranbio.com\/fr\/","logo":{"@type":"ImageObject","inLanguage":"fr-FR","@id":"https:\/\/theo.niranbio.com\/fr\/#\/schema\/logo\/image\/","url":"https:\/\/theo.niranbio.com\/wp-content\/uploads\/2024\/06\/Niranbio.png","contentUrl":"https:\/\/theo.niranbio.com\/wp-content\/uploads\/2024\/06\/Niranbio.png","width":270,"height":100,"caption":"Niranbio Chemical"},"image":{"@id":"https:\/\/theo.niranbio.com\/fr\/#\/schema\/logo\/image\/"}}]}},"_links":{"self":[{"href":"https:\/\/theo.niranbio.com\/fr\/wp-json\/wp\/v2\/product\/9354","targetHints":{"allow":["GET"]}}],"collection":[{"href":"https:\/\/theo.niranbio.com\/fr\/wp-json\/wp\/v2\/product"}],"about":[{"href":"https:\/\/theo.niranbio.com\/fr\/wp-json\/wp\/v2\/types\/product"}],"version-history":[{"count":0,"href":"https:\/\/theo.niranbio.com\/fr\/wp-json\/wp\/v2\/product\/9354\/revisions"}],"wp:featuredmedia":[{"embeddable":true,"href":"https:\/\/theo.niranbio.com\/fr\/wp-json\/wp\/v2\/media\/9355"}],"wp:attachment":[{"href":"https:\/\/theo.niranbio.com\/fr\/wp-json\/wp\/v2\/media?parent=9354"}],"wp:term":[{"taxonomy":"product_brand","embeddable":true,"href":"https:\/\/theo.niranbio.com\/fr\/wp-json\/wp\/v2\/product_brand?post=9354"},{"taxonomy":"product_cat","embeddable":true,"href":"https:\/\/theo.niranbio.com\/fr\/wp-json\/wp\/v2\/product_cat?post=9354"},{"taxonomy":"product_tag","embeddable":true,"href":"https:\/\/theo.niranbio.com\/fr\/wp-json\/wp\/v2\/product_tag?post=9354"}],"curies":[{"name":"wp","href":"https:\/\/api.w.org\/{rel}","templated":true}]}}