{"id":9347,"date":"2024-06-19T17:26:22","date_gmt":"2024-06-19T09:26:22","guid":{"rendered":"https:\/\/theo.niranbio.com\/acide-phosphorique-85\/"},"modified":"2024-08-19T14:01:21","modified_gmt":"2024-08-19T06:01:21","slug":"acide-phosphorique-85","status":"publish","type":"product","link":"https:\/\/theo.niranbio.com\/fr\/acide-phosphorique-85.html","title":{"rendered":"Acide phosphorique 85%"},"content":{"rendered":"<h2><span class=\"ez-toc-section\" id=\"Methodes_de_production_dacide_phosphorique\"><\/span>M\u00e9thodes de production d&rsquo;acide phosphorique<span class=\"ez-toc-section-end\"><\/span><\/h2>\n<p>Il existe deux m\u00e9thodes principales pour pr\u00e9parer l\u2019acide phosphorique :<\/p>\n<h3><span class=\"ez-toc-section\" id=\"1_Production_dacide_phosphorique_par_voie_humide\"><\/span>1. Production d&rsquo;acide phosphorique par voie humide<span class=\"ez-toc-section-end\"><\/span><\/h3>\n<p>La production d&rsquo;acide phosphorique par voie humide utilise la roche phosphat\u00e9e comme mati\u00e8re premi\u00e8re et obtient de l&rsquo;acide phosphorique par de multiples r\u00e9actions. La m\u00e9thode sp\u00e9cifique est la suivante : d&rsquo;abord \u00e9craser et pulv\u00e9riser la roche phosphat\u00e9e, puis la d\u00e9grossir, la s\u00e9lectionner et la pr\u00e9cipiter dans une solution acide, et enfin cristalliser l&rsquo;acide phosphorique. Le processus de production d&rsquo;acide phosphorique par voie humide est relativement compliqu\u00e9 et une grande quantit\u00e9 d&rsquo;\u00e9nergie est consomm\u00e9e dans le processus, ce qui pollue \u00e9galement l&rsquo;environnement dans une certaine mesure.<\/p>\n<h3><span class=\"ez-toc-section\" id=\"2_Production_dacide_phosphorique_sec\"><\/span>2. Production d&rsquo;acide phosphorique sec<span class=\"ez-toc-section-end\"><\/span><\/h3>\n<p>La production d&rsquo;acide phosphorique sec utilise du phosphogypse ou de l&rsquo;apatite comme mati\u00e8res premi\u00e8res et obtient de l&rsquo;acide phosphorique par r\u00e9action de chauffage. La m\u00e9thode sp\u00e9cifique est la suivante : calciner le phosphogypse ou l&rsquo;apatite en t\u00e9trahydrog\u00e9nophosphate de calcium, puis obtenir de l&rsquo;acide phosphorique pur par hydrolyse, raffinage, concentration, cristallisation et autres \u00e9tapes.<\/p>\n<h2><span class=\"ez-toc-section\" id=\"Parametres_associes\"><\/span>Param\u00e8tres associ\u00e9s :<span class=\"ez-toc-section-end\"><\/span><\/h2>\n<table>\n<tbody>\n<tr>\n<td><strong>Articles<\/strong><\/td>\n<td><strong>Normes<\/strong><\/td>\n<\/tr>\n<tr>\n<td>H3PO4<\/td>\n<td>85% MIN.<\/td>\n<\/tr>\n<tr>\n<td>F<\/td>\n<td>10 PPM MAX.<\/td>\n<\/tr>\n<tr>\n<td>AS<\/td>\n<td>0,5 PPM MAX.<\/td>\n<\/tr>\n<tr>\n<td>M\u00c9TAUX LOURDS (SOUS FORME DE PB)<\/td>\n<td>5 PPM MAX.<\/td>\n<\/tr>\n<tr>\n<td>SUBSTANCE FACILEMENT OXYD\u00c9E COMME H3PO3<\/td>\n<td>120 PPM MAX.<\/td>\n<\/tr>\n<\/tbody>\n<\/table>\n<h2><span class=\"ez-toc-section\" id=\"Dosage_recommande\"><\/span>Dosage recommand\u00e9<span class=\"ez-toc-section-end\"><\/span><\/h2>\n<table>\n<tbody>\n<tr>\n<td><strong>Nom de l&rsquo;aliment<\/strong><\/td>\n<td><strong>Utilisation maximale (g\/kg)<\/strong><\/td>\n<\/tr>\n<tr>\n<td>Boissons gazeuses<\/td>\n<td>2 g\/kg<\/td>\n<\/tr>\n<tr>\n<td>Boissons aux fruits<\/td>\n<td>1 g\/kg<\/td>\n<\/tr>\n<tr>\n<td>Boissons \u00e0 base d&rsquo;acide lactique<\/td>\n<td>0,5 g\/kg<\/td>\n<\/tr>\n<tr>\n<td>Yaourt<\/td>\n<td>0,5 g\/kg<\/td>\n<\/tr>\n<tr>\n<td>Fromage<\/td>\n<td>0,5 g\/kg<\/td>\n<\/tr>\n<tr>\n<td>Bonbons<\/td>\n<td>0,5 g\/kg<\/td>\n<\/tr>\n<tr>\n<td>Sauce<\/td>\n<td>0,5 g\/kg<\/td>\n<\/tr>\n<tr>\n<td>Salade<\/td>\n<td>0,5 g\/kg<\/td>\n<\/tr>\n<tr>\n<td>Produits \u00e0 base de viande<\/td>\n<td>1 g\/kg<\/td>\n<\/tr>\n<tr>\n<td>Saucisse<\/td>\n<td>1 g\/kg<\/td>\n<\/tr>\n<tr>\n<td>Jambon<\/td>\n<td>1 g\/kg<\/td>\n<\/tr>\n<tr>\n<td>Bacon<\/td>\n<td>1 g\/kg<\/td>\n<\/tr>\n<tr>\n<td>Charcuterie<\/td>\n<td>1 g\/kg<\/td>\n<\/tr>\n<tr>\n<td>Produits surimi<\/td>\n<td>1 g\/kg<\/td>\n<\/tr>\n<\/tbody>\n<\/table>\n<h2><span class=\"ez-toc-section\" id=\"Lacide_phosphorique_85_a_une_large_gamme_dutilisations\"><\/span>L&rsquo;acide phosphorique 85% a une large gamme d&rsquo;utilisations<span class=\"ez-toc-section-end\"><\/span><\/h2>\n<h3><span class=\"ez-toc-section\" id=\"1_Acidifiant\"><\/span>1. Acidifiant<span class=\"ez-toc-section-end\"><\/span><\/h3>\n<p>L&rsquo;acide phosphorique \u00e0 85 % peut \u00eatre utilis\u00e9 comme acidifiant dans la transformation des aliments pour ajuster l&rsquo;acidit\u00e9 des aliments. L&rsquo;acidit\u00e9 est un facteur tr\u00e8s important dans les bonbons, les g\u00e2teaux et les boissons. L&rsquo;acide phosphorique \u00e0 85 % peut maintenir les aliments \u00e0 une certaine acidit\u00e9, rehausser le go\u00fbt et rendre les aliments plus d\u00e9licieux.<\/p>\n<h3><span class=\"ez-toc-section\" id=\"2_Antioxydant\"><\/span>2. Antioxydant<span class=\"ez-toc-section-end\"><\/span><\/h3>\n<p>L&rsquo;acide phosphorique \u00e0 85 % est \u00e9galement un excellent antioxydant. Lors de la transformation des aliments, certains antioxydants sont ajout\u00e9s pour prot\u00e9ger les aliments de l&rsquo;oxydation et prolonger leur dur\u00e9e de conservation. L&rsquo;acide phosphorique \u00e0 85 % peut \u00eatre utilis\u00e9 comme antioxydant couramment utilis\u00e9 et a un tr\u00e8s bon effet protecteur sur les aliments.<\/p>\n<h3><span class=\"ez-toc-section\" id=\"3_Fixateur_de_couleur\"><\/span>3. Fixateur de couleur<span class=\"ez-toc-section-end\"><\/span><\/h3>\n<p>Lors de la transformation, les pigments des aliments sont facilement affect\u00e9s par la lumi\u00e8re, l&rsquo;oxydation et d&rsquo;autres facteurs. L&rsquo;ajout d&rsquo;une certaine quantit\u00e9 d&rsquo;acide phosphorique \u00e0 85 % peut stabiliser les mol\u00e9cules de pigment dans les aliments et emp\u00eacher le pigment de changer de couleur, ce qui rend les aliments plus beaux en apparence.<\/p>\n<h3><span class=\"ez-toc-section\" id=\"4_Ameliorer_le_gout_des_aliments\"><\/span>4. Am\u00e9liorer le go\u00fbt des aliments<span class=\"ez-toc-section-end\"><\/span><\/h3>\n<p>L&rsquo;acide phosphorique \u00e0 85 % peut \u00e9galement \u00eatre utilis\u00e9 pour ajuster le go\u00fbt des aliments. Il peut rendre le go\u00fbt des aliments plus doux.<\/p>\n<h2><span class=\"ez-toc-section\" id=\"Question_posee_par_lutilisateur\"><\/span>Question pos\u00e9e par l&rsquo;utilisateur :<span class=\"ez-toc-section-end\"><\/span><\/h2>\n<p><strong>Question : Quel est le m\u00e9canisme d\u2019action de l\u2019acide phosphorique \u00e0 85 % dans les aliments ?<\/strong><\/p>\n<p>R\u00e9ponse : 1. R\u00e9gulation de l&rsquo;acidit\u00e9 : L&rsquo;acide phosphorique \u00e0 85 % est un r\u00e9gulateur d&rsquo;acidit\u00e9 qui r\u00e9gule le pH des aliments en lib\u00e9rant des ions hydrog\u00e8ne (H\u207a). Ceci est tr\u00e8s important pour certains aliments tels que les boissons gazeuses, les jus et les produits laitiers, aidant \u00e0 maintenir leur acidit\u00e9 et leur saveur g\u00e9n\u00e9rale.<\/p>\n<p>2. Agent ch\u00e9lateur : L&rsquo;acide phosphorique \u00e0 85 % peut se lier aux ions m\u00e9talliques (tels que le calcium, le magn\u00e9sium, le fer, etc.) pour former des ch\u00e9lates stables. Cela permet d&rsquo;\u00e9viter les r\u00e9actions ind\u00e9sirables caus\u00e9es par ces ions m\u00e9talliques pendant la transformation des aliments, telles que la pr\u00e9vention de l&rsquo;oxydation des graisses, de la d\u00e9naturation des prot\u00e9ines et des changements de couleur. Ceci est particuli\u00e8rement important pour les aliments en conserve, les jus de fruits et les produits laitiers.<\/p>\n<p>3. Conservateurs : En abaissant le pH des aliments, l&rsquo;acide phosphorique \u00e0 85 % peut inhiber la croissance de micro-organismes tels que les bact\u00e9ries, les moisissures et les levures, prolongeant ainsi la dur\u00e9e de conservation des aliments. Les environnements \u00e0 faible pH ne sont pas propices \u00e0 la reproduction de la plupart des micro-organismes, de sorte que l&rsquo;effet conservateur de l&rsquo;acide phosphorique \u00e0 85 % est particuli\u00e8rement \u00e9vident dans les aliments tels que les sauces, les confitures et les bonbons.<\/p>\n<p>4. Go\u00fbt am\u00e9lior\u00e9 : L&rsquo;acide phosphorique \u00e0 85 % peut affecter la texture et la sensation en bouche des aliments. Par exemple, dans les boissons gazeuses, l&rsquo;acide phosphorique \u00e0 85 % apporte non seulement de l&rsquo;acidit\u00e9, mais am\u00e9liore \u00e9galement le go\u00fbt rafra\u00eechissant de la boisson. De plus, l&rsquo;acide phosphorique \u00e0 85 % peut aider \u00e0 former une texture plus lisse dans certains produits laitiers et desserts.<\/p>\n<p>5. Contr\u00f4le de la fermentation : Dans les produits de boulangerie, l&rsquo;acide phosphorique \u00e0 85 % aide \u00e0 contr\u00f4ler le processus de fermentation. Il r\u00e9agit avec le bicarbonate de soude pour produire du gaz carbonique, ce qui fait lever la p\u00e2te. Diff\u00e9rents types de phosphates (tels que le phosphate dihydrog\u00e8ne de sodium et le phosphate d&rsquo;hydrog\u00e8ne de calcium) peuvent contr\u00f4ler la vitesse et le degr\u00e9 de fermentation pour obtenir l&rsquo;effet de levage souhait\u00e9.<\/p>\n<p>6. Fortification nutritionnelle : L&rsquo;acide phosphorique \u00e0 85 % et les sels de phosphate sont des sources min\u00e9rales importantes qui aident \u00e0 compl\u00e9ter l&rsquo;\u00e9l\u00e9ment phosphore dont le corps humain a besoin. Le phosphore est un composant cl\u00e9 du fonctionnement cellulaire et de la sant\u00e9 des os et des dents. L&rsquo;acide phosphorique \u00e0 85 % est ajout\u00e9 \u00e0 certains aliments et boissons enrichis pour am\u00e9liorer leur valeur nutritionnelle.<\/p>\n<p>7. \u00c9mulsifiants et stabilisateurs : Dans les produits laitiers et autres aliments contenant des mati\u00e8res grasses, l&rsquo;acide phosphorique \u00e0 85 % peut agir comme \u00e9mulsifiant pour aider \u00e0 disperser et stabiliser le m\u00e9lange de mati\u00e8res grasses et d&rsquo;eau afin d&rsquo;\u00e9viter la s\u00e9paration et la pr\u00e9cipitation. Par exemple, dans le fromage fondu et la cr\u00e8me glac\u00e9e, les phosphates aident \u00e0 former une \u00e9mulsion homog\u00e8ne et stable.<\/p>\n<p><strong>Question : Quelle est la situation actuelle du march\u00e9 de l\u2019acide phosphorique au niveau national et \u00e0 l\u2019\u00e9tranger ?<\/strong><\/p>\n<p>R\u00e9ponse : March\u00e9 int\u00e9rieur : En Chine, le ralentissement \u00e9conomique et les tensions g\u00e9opolitiques ont entra\u00een\u00e9 des fluctuations des prix des mati\u00e8res premi\u00e8res, ralentissant la croissance du march\u00e9. Cependant, \u00e0 mesure que les probl\u00e8mes de cha\u00eene d&rsquo;approvisionnement s&rsquo;att\u00e9nuent, la demande du march\u00e9 devrait reprendre au second semestre 2024. March\u00e9 international : Le march\u00e9 mondial de l&rsquo;acide phosphorique devrait fluctuer, avec une croissance lente en 2023, mais devrait s&rsquo;am\u00e9liorer d&rsquo;ici 2024.<\/p>\n<p>Le march\u00e9 b\u00e9n\u00e9ficie des politiques de protection de l&rsquo;environnement soutenues par les gouvernements et de la croissance des produits biochimiques. Cependant, la reprise du march\u00e9 dans les diff\u00e9rentes r\u00e9gions est in\u00e9gale et les entreprises doivent se concentrer sur le contr\u00f4le des co\u00fbts et l&rsquo;am\u00e9lioration de l&rsquo;efficacit\u00e9. Le march\u00e9 devrait continuer de cro\u00eetre d&rsquo;ici 2031, en particulier en Am\u00e9rique du Nord, en Europe et en Asie-Pacifique.<\/p>\n","protected":false},"excerpt":{"rendered":"<ul>\n<li>CAS : 7664-38-2<\/li>\n<li>Formule chimique: H<sub>3<\/sub>PO<sub>4<\/sub><\/li>\n<li>Certifications : KOSHER, ISO, HALAL, FSSC 22000, BRC, etc.<\/li>\n<li>Quantit\u00e9 minimum de commande : 1000 kg<\/li>\n<li>Dur\u00e9e de conservation : 2 ans<\/li>\n<\/ul>\n<div id=\"gtx-trans\" style=\"position: absolute; left: -92px; top: 86.1094px;\">\n<div class=\"gtx-trans-icon\"><\/div>\n<\/div>\n","protected":false},"featured_media":9348,"template":"","meta":{"site-sidebar-layout":"default","site-content-layout":"","ast-site-content-layout":"default","site-content-style":"default","site-sidebar-style":"default","ast-global-header-display":"","ast-banner-title-visibility":"","ast-main-header-display":"","ast-hfb-above-header-display":"","ast-hfb-below-header-display":"","ast-hfb-mobile-header-display":"","site-post-title":"","ast-breadcrumbs-content":"","ast-featured-img":"","footer-sml-layout":"","theme-transparent-header-meta":"default","adv-header-id-meta":"","stick-header-meta":"","header-above-stick-meta":"","header-main-stick-meta":"","header-below-stick-meta":"","astra-migrate-meta-layouts":"set","ast-page-background-enabled":"default","ast-page-background-meta":{"desktop":{"background-color":"var(--ast-global-color-4)","background-image":"","background-repeat":"repeat","background-position":"center center","background-size":"auto","background-attachment":"scroll","background-type":"","background-media":"","overlay-type":"","overlay-color":"","overlay-opacity":"","overlay-gradient":""},"tablet":{"background-color":"","background-image":"","background-repeat":"repeat","background-position":"center center","background-size":"auto","background-attachment":"scroll","background-type":"","background-media":"","overlay-type":"","overlay-color":"","overlay-opacity":"","overlay-gradient":""},"mobile":{"background-color":"","background-image":"","background-repeat":"repeat","background-position":"center center","background-size":"auto","background-attachment":"scroll","background-type":"","background-media":"","overlay-type":"","overlay-color":"","overlay-opacity":"","overlay-gradient":""}},"ast-content-background-meta":{"desktop":{"background-color":"var(--ast-global-color-5)","background-image":"","background-repeat":"repeat","background-position":"center center","background-size":"auto","background-attachment":"scroll","background-type":"","background-media":"","overlay-type":"","overlay-color":"","overlay-opacity":"","overlay-gradient":""},"tablet":{"background-color":"var(--ast-global-color-5)","background-image":"","background-repeat":"repeat","background-position":"center center","background-size":"auto","background-attachment":"scroll","background-type":"","background-media":"","overlay-type":"","overlay-color":"","overlay-opacity":"","overlay-gradient":""},"mobile":{"background-color":"var(--ast-global-color-5)","background-image":"","background-repeat":"repeat","background-position":"center center","background-size":"auto","background-attachment":"scroll","background-type":"","background-media":"","overlay-type":"","overlay-color":"","overlay-opacity":"","overlay-gradient":""}}},"product_brand":[],"product_cat":[108],"product_tag":[],"class_list":{"0":"post-9347","1":"product","2":"type-product","3":"status-publish","4":"has-post-thumbnail","6":"product_cat-produit-phosphate","7":"desktop-align-center","8":"tablet-align-left","9":"mobile-align-left","11":"first","12":"instock","13":"shipping-taxable","14":"product-type-simple"},"yoast_head":"<!-- This site is optimized with the Yoast SEO plugin v26.5 - https:\/\/yoast.com\/wordpress\/plugins\/seo\/ -->\n<title>Fournisseur D&#039;acide Phosphorique, Fabricant D&#039;acide Phosphorique Liquide \u00c0 85 %| Niranbio Chemical<\/title>\n<meta name=\"description\" content=\"L&#039;acide phosphorique liquide \u00e0 85 % est un acidulant de haute puret\u00e9 de qualit\u00e9 alimentaire largement utilis\u00e9 dans l&#039;industrie alimentaire et des boissons pour sa saveur piquante et acidul\u00e9e.\" \/>\n<meta name=\"robots\" content=\"noindex, follow, max-snippet:-1, max-image-preview:large, max-video-preview:-1\" \/>\n<meta name=\"twitter:label1\" content=\"Dur\u00e9e de lecture estim\u00e9e\" \/>\n\t<meta name=\"twitter:data1\" content=\"6 minutes\" \/>\n<script type=\"application\/ld+json\" class=\"yoast-schema-graph\">{\"@context\":\"https:\/\/schema.org\",\"@graph\":[{\"@type\":\"WebPage\",\"@id\":\"https:\/\/theo.niranbio.com\/fr\/acide-phosphorique-85.html\",\"url\":\"https:\/\/theo.niranbio.com\/fr\/acide-phosphorique-85.html\",\"name\":\"Fournisseur D'acide Phosphorique, Fabricant D'acide Phosphorique Liquide \u00c0 85 %| Niranbio Chemical\",\"isPartOf\":{\"@id\":\"https:\/\/theo.niranbio.com\/fr\/#website\"},\"primaryImageOfPage\":{\"@id\":\"https:\/\/theo.niranbio.com\/fr\/acide-phosphorique-85.html#primaryimage\"},\"image\":{\"@id\":\"https:\/\/theo.niranbio.com\/fr\/acide-phosphorique-85.html#primaryimage\"},\"thumbnailUrl\":\"https:\/\/theo.niranbio.com\/wp-content\/uploads\/2024\/06\/Phosphoric-Acid.webp\",\"datePublished\":\"2024-06-19T09:26:22+00:00\",\"dateModified\":\"2024-08-19T06:01:21+00:00\",\"description\":\"L'acide phosphorique liquide \u00e0 85 % est un acidulant de haute puret\u00e9 de qualit\u00e9 alimentaire largement utilis\u00e9 dans l'industrie alimentaire et des boissons pour sa saveur piquante et acidul\u00e9e.\",\"breadcrumb\":{\"@id\":\"https:\/\/theo.niranbio.com\/fr\/acide-phosphorique-85.html#breadcrumb\"},\"inLanguage\":\"fr-FR\",\"potentialAction\":[{\"@type\":\"ReadAction\",\"target\":[\"https:\/\/theo.niranbio.com\/fr\/acide-phosphorique-85.html\"]}]},{\"@type\":\"ImageObject\",\"inLanguage\":\"fr-FR\",\"@id\":\"https:\/\/theo.niranbio.com\/fr\/acide-phosphorique-85.html#primaryimage\",\"url\":\"https:\/\/theo.niranbio.com\/wp-content\/uploads\/2024\/06\/Phosphoric-Acid.webp\",\"contentUrl\":\"https:\/\/theo.niranbio.com\/wp-content\/uploads\/2024\/06\/Phosphoric-Acid.webp\",\"width\":600,\"height\":600,\"caption\":\"Acide phosphorique\"},{\"@type\":\"BreadcrumbList\",\"@id\":\"https:\/\/theo.niranbio.com\/fr\/acide-phosphorique-85.html#breadcrumb\",\"itemListElement\":[{\"@type\":\"ListItem\",\"position\":1,\"name\":\"Home\",\"item\":\"https:\/\/theo.niranbio.com\/fr\/\"},{\"@type\":\"ListItem\",\"position\":2,\"name\":\"Produits\",\"item\":\"https:\/\/theo.niranbio.com\/fr\/produits.html\"},{\"@type\":\"ListItem\",\"position\":3,\"name\":\"Phosphat\u00e9\",\"item\":\"https:\/\/theo.niranbio.com\/fr\/produit-phosphate\/\"},{\"@type\":\"ListItem\",\"position\":4,\"name\":\"Acide phosphorique 85%\"}]},{\"@type\":\"WebSite\",\"@id\":\"https:\/\/theo.niranbio.com\/fr\/#website\",\"url\":\"https:\/\/theo.niranbio.com\/fr\/\",\"name\":\"Niranbio Chemical\",\"description\":\"\",\"publisher\":{\"@id\":\"https:\/\/theo.niranbio.com\/fr\/#organization\"},\"potentialAction\":[{\"@type\":\"SearchAction\",\"target\":{\"@type\":\"EntryPoint\",\"urlTemplate\":\"https:\/\/theo.niranbio.com\/fr\/?s={search_term_string}\"},\"query-input\":{\"@type\":\"PropertyValueSpecification\",\"valueRequired\":true,\"valueName\":\"search_term_string\"}}],\"inLanguage\":\"fr-FR\"},{\"@type\":\"Organization\",\"@id\":\"https:\/\/theo.niranbio.com\/fr\/#organization\",\"name\":\"Niranbio Chemical\",\"url\":\"https:\/\/theo.niranbio.com\/fr\/\",\"logo\":{\"@type\":\"ImageObject\",\"inLanguage\":\"fr-FR\",\"@id\":\"https:\/\/theo.niranbio.com\/fr\/#\/schema\/logo\/image\/\",\"url\":\"https:\/\/theo.niranbio.com\/wp-content\/uploads\/2024\/06\/Niranbio.png\",\"contentUrl\":\"https:\/\/theo.niranbio.com\/wp-content\/uploads\/2024\/06\/Niranbio.png\",\"width\":270,\"height\":100,\"caption\":\"Niranbio Chemical\"},\"image\":{\"@id\":\"https:\/\/theo.niranbio.com\/fr\/#\/schema\/logo\/image\/\"}}]}<\/script>\n<!-- \/ Yoast SEO plugin. -->","yoast_head_json":{"title":"Fournisseur D'acide Phosphorique, Fabricant D'acide Phosphorique Liquide \u00c0 85 %| Niranbio Chemical","description":"L'acide phosphorique liquide \u00e0 85 % est un acidulant de haute puret\u00e9 de qualit\u00e9 alimentaire largement utilis\u00e9 dans l'industrie alimentaire et des boissons pour sa saveur piquante et acidul\u00e9e.","robots":{"index":"noindex","follow":"follow","max-snippet":"max-snippet:-1","max-image-preview":"max-image-preview:large","max-video-preview":"max-video-preview:-1"},"twitter_misc":{"Dur\u00e9e de lecture estim\u00e9e":"6 minutes"},"schema":{"@context":"https:\/\/schema.org","@graph":[{"@type":"WebPage","@id":"https:\/\/theo.niranbio.com\/fr\/acide-phosphorique-85.html","url":"https:\/\/theo.niranbio.com\/fr\/acide-phosphorique-85.html","name":"Fournisseur D'acide Phosphorique, Fabricant D'acide Phosphorique Liquide \u00c0 85 %| Niranbio Chemical","isPartOf":{"@id":"https:\/\/theo.niranbio.com\/fr\/#website"},"primaryImageOfPage":{"@id":"https:\/\/theo.niranbio.com\/fr\/acide-phosphorique-85.html#primaryimage"},"image":{"@id":"https:\/\/theo.niranbio.com\/fr\/acide-phosphorique-85.html#primaryimage"},"thumbnailUrl":"https:\/\/theo.niranbio.com\/wp-content\/uploads\/2024\/06\/Phosphoric-Acid.webp","datePublished":"2024-06-19T09:26:22+00:00","dateModified":"2024-08-19T06:01:21+00:00","description":"L'acide phosphorique liquide \u00e0 85 % est un acidulant de haute puret\u00e9 de qualit\u00e9 alimentaire largement utilis\u00e9 dans l'industrie alimentaire et des boissons pour sa saveur piquante et acidul\u00e9e.","breadcrumb":{"@id":"https:\/\/theo.niranbio.com\/fr\/acide-phosphorique-85.html#breadcrumb"},"inLanguage":"fr-FR","potentialAction":[{"@type":"ReadAction","target":["https:\/\/theo.niranbio.com\/fr\/acide-phosphorique-85.html"]}]},{"@type":"ImageObject","inLanguage":"fr-FR","@id":"https:\/\/theo.niranbio.com\/fr\/acide-phosphorique-85.html#primaryimage","url":"https:\/\/theo.niranbio.com\/wp-content\/uploads\/2024\/06\/Phosphoric-Acid.webp","contentUrl":"https:\/\/theo.niranbio.com\/wp-content\/uploads\/2024\/06\/Phosphoric-Acid.webp","width":600,"height":600,"caption":"Acide phosphorique"},{"@type":"BreadcrumbList","@id":"https:\/\/theo.niranbio.com\/fr\/acide-phosphorique-85.html#breadcrumb","itemListElement":[{"@type":"ListItem","position":1,"name":"Home","item":"https:\/\/theo.niranbio.com\/fr\/"},{"@type":"ListItem","position":2,"name":"Produits","item":"https:\/\/theo.niranbio.com\/fr\/produits.html"},{"@type":"ListItem","position":3,"name":"Phosphat\u00e9","item":"https:\/\/theo.niranbio.com\/fr\/produit-phosphate\/"},{"@type":"ListItem","position":4,"name":"Acide phosphorique 85%"}]},{"@type":"WebSite","@id":"https:\/\/theo.niranbio.com\/fr\/#website","url":"https:\/\/theo.niranbio.com\/fr\/","name":"Niranbio Chemical","description":"","publisher":{"@id":"https:\/\/theo.niranbio.com\/fr\/#organization"},"potentialAction":[{"@type":"SearchAction","target":{"@type":"EntryPoint","urlTemplate":"https:\/\/theo.niranbio.com\/fr\/?s={search_term_string}"},"query-input":{"@type":"PropertyValueSpecification","valueRequired":true,"valueName":"search_term_string"}}],"inLanguage":"fr-FR"},{"@type":"Organization","@id":"https:\/\/theo.niranbio.com\/fr\/#organization","name":"Niranbio Chemical","url":"https:\/\/theo.niranbio.com\/fr\/","logo":{"@type":"ImageObject","inLanguage":"fr-FR","@id":"https:\/\/theo.niranbio.com\/fr\/#\/schema\/logo\/image\/","url":"https:\/\/theo.niranbio.com\/wp-content\/uploads\/2024\/06\/Niranbio.png","contentUrl":"https:\/\/theo.niranbio.com\/wp-content\/uploads\/2024\/06\/Niranbio.png","width":270,"height":100,"caption":"Niranbio Chemical"},"image":{"@id":"https:\/\/theo.niranbio.com\/fr\/#\/schema\/logo\/image\/"}}]}},"_links":{"self":[{"href":"https:\/\/theo.niranbio.com\/fr\/wp-json\/wp\/v2\/product\/9347","targetHints":{"allow":["GET"]}}],"collection":[{"href":"https:\/\/theo.niranbio.com\/fr\/wp-json\/wp\/v2\/product"}],"about":[{"href":"https:\/\/theo.niranbio.com\/fr\/wp-json\/wp\/v2\/types\/product"}],"version-history":[{"count":0,"href":"https:\/\/theo.niranbio.com\/fr\/wp-json\/wp\/v2\/product\/9347\/revisions"}],"wp:featuredmedia":[{"embeddable":true,"href":"https:\/\/theo.niranbio.com\/fr\/wp-json\/wp\/v2\/media\/9348"}],"wp:attachment":[{"href":"https:\/\/theo.niranbio.com\/fr\/wp-json\/wp\/v2\/media?parent=9347"}],"wp:term":[{"taxonomy":"product_brand","embeddable":true,"href":"https:\/\/theo.niranbio.com\/fr\/wp-json\/wp\/v2\/product_brand?post=9347"},{"taxonomy":"product_cat","embeddable":true,"href":"https:\/\/theo.niranbio.com\/fr\/wp-json\/wp\/v2\/product_cat?post=9347"},{"taxonomy":"product_tag","embeddable":true,"href":"https:\/\/theo.niranbio.com\/fr\/wp-json\/wp\/v2\/product_tag?post=9347"}],"curies":[{"name":"wp","href":"https:\/\/api.w.org\/{rel}","templated":true}]}}