{"id":9343,"date":"2024-06-20T09:28:35","date_gmt":"2024-06-20T01:28:35","guid":{"rendered":"https:\/\/theo.niranbio.com\/extrait-de-fruit-de-moine-qualite-alimentaire\/"},"modified":"2024-08-19T14:00:09","modified_gmt":"2024-08-19T06:00:09","slug":"extrait-de-fruit-de-moine-qualite-alimentaire","status":"publish","type":"product","link":"https:\/\/theo.niranbio.com\/fr\/extrait-de-fruit-de-moine-qualite-alimentaire.html","title":{"rendered":"Extrait de fruit de moine &#8211; Qualit\u00e9 alimentaire"},"content":{"rendered":"<h2><span class=\"ez-toc-section\" id=\"Quest-ce_que_lextrait_de_fruit_du_moine\"><\/span>Qu&rsquo;est-ce que l&rsquo;extrait de fruit du moine ?<span class=\"ez-toc-section-end\"><\/span><\/h2>\n<p>L&rsquo;extrait de fruit de moine est un \u00e9dulcorant naturel qui se pr\u00e9sente sous la forme d&rsquo;une poudre cristalline blanche. Son go\u00fbt est extr\u00eamement sucr\u00e9, 200 \u00e0 300 fois plus sucr\u00e9 que le saccharose. Il est largement utilis\u00e9 dans les boissons, les bonbons et d&rsquo;autres produits alimentaires. Il se dissout facilement dans l&rsquo;\u00e9thanol et l&rsquo;eau.<\/p>\n<p>L&rsquo;extrait de fruit de moine est le fruit du fruit de moine r\u00e9colt\u00e9 et nettoy\u00e9 qui est broy\u00e9 et s\u00e9ch\u00e9, puis extrait avec de l&rsquo;eau ou de l&rsquo;\u00e9thanol. Une fois l&rsquo;extrait filtr\u00e9 et concentr\u00e9, il est purifi\u00e9 par adsorption et \u00e9lution de r\u00e9sine pour \u00e9liminer les impuret\u00e9s et concentrer les ingr\u00e9dients actifs. L&rsquo;extrait purifi\u00e9 est cristallis\u00e9 et s\u00e9ch\u00e9 pour fabriquer de l&rsquo;extrait de fruit de moine en poudre. Enfin, il est standardis\u00e9 et rigoureusement test\u00e9 pour la qualit\u00e9 afin de garantir la puret\u00e9 et la coh\u00e9rence de chaque lot de produits, et emball\u00e9 et stock\u00e9 pour maintenir la stabilit\u00e9 et la s\u00e9curit\u00e9 du produit.<\/p>\n<h2><span class=\"ez-toc-section\" id=\"Parametres_associes\"><\/span>Param\u00e8tres associ\u00e9s :<span class=\"ez-toc-section-end\"><\/span><\/h2>\n<table>\n<tbody>\n<tr>\n<td><strong>POINTS<\/strong><\/td>\n<td><strong>SPECIFICATION<\/strong><\/td>\n<\/tr>\n<tr>\n<td>Teneur en eau<\/td>\n<td>\u2264 5.0%<\/td>\n<\/tr>\n<tr>\n<td>Cendre<\/td>\n<td>\u2264 2.0%<\/td>\n<\/tr>\n<tr>\n<td>Arsenic (As)<\/td>\n<td>\u2264 0,5ppm<\/td>\n<\/tr>\n<tr>\n<td>Cadmium(Cd)<\/td>\n<td>\u2264 0,5ppm<\/td>\n<\/tr>\n<tr>\n<td>Plomb (Pb)<\/td>\n<td>\u2264 1ppm<\/td>\n<\/tr>\n<tr>\n<td>Mercure (Hg)<\/td>\n<td>\u2264 0,1ppm<\/td>\n<\/tr>\n<tr>\n<td>M\u00e9taux lourds<\/td>\n<td>\u2264 10ppm<\/td>\n<\/tr>\n<tr>\n<td>R\u00e9sidus de pesticides<\/td>\n<td>Conforme \u00e0 GB2763&amp;USP36<\/td>\n<\/tr>\n<tr>\n<td>Nombre total de bact\u00e9ries<\/td>\n<td>\u2264 1000cfu\/g<\/td>\n<\/tr>\n<tr>\n<td>Levures et moisissures<\/td>\n<td>\u2264 100cfu\/g<\/td>\n<\/tr>\n<tr>\n<td>Coliformes<\/td>\n<td>\u226430MPN\/100g<\/td>\n<\/tr>\n<\/tbody>\n<\/table>\n<h2><span class=\"ez-toc-section\" id=\"Dosage_recommande%EF%BC%9A\"><\/span>Dosage recommand\u00e9\uff1a<span class=\"ez-toc-section-end\"><\/span><\/h2>\n<table>\n<tbody>\n<tr>\n<td><strong>Nom de l&rsquo;aliment<\/strong><\/td>\n<td><strong>Utilisation maximale (g\/kg)<\/strong><\/td>\n<\/tr>\n<tr>\n<td>Boisson gazeuse<\/td>\n<td>0,3 g\/kg<\/td>\n<\/tr>\n<tr>\n<td>Chocolat<\/td>\n<td>0,4 g\/kg<\/td>\n<\/tr>\n<tr>\n<td>Yaourt<\/td>\n<td>0,4 g\/kg<\/td>\n<\/tr>\n<tr>\n<td>Lait<\/td>\n<td>0,3 g\/kg<\/td>\n<\/tr>\n<tr>\n<td>Boissons aux fruits<\/td>\n<td>0,5 g\/kg<\/td>\n<\/tr>\n<tr>\n<td>Pain<\/td>\n<td>0,4 g\/kg<\/td>\n<\/tr>\n<tr>\n<td>G\u00e2teau<\/td>\n<td>0,5 g\/kg<\/td>\n<\/tr>\n<tr>\n<td>Sauce soja<\/td>\n<td>0,3 g\/kg<\/td>\n<\/tr>\n<tr>\n<td>Vinaigre<\/td>\n<td>0,3 g\/kg<\/td>\n<\/tr>\n<tr>\n<td>Ketchup<\/td>\n<td>0,4 g\/kg<\/td>\n<\/tr>\n<tr>\n<td>Jambon<\/td>\n<td>0,4 g\/kg<\/td>\n<\/tr>\n<tr>\n<td>Saucisse<\/td>\n<td>0,4 g\/kg<\/td>\n<\/tr>\n<tr>\n<td>Bacon<\/td>\n<td>0,3 g\/kg<\/td>\n<\/tr>\n<tr>\n<td>Aliment en poudre<\/td>\n<td>0,4 g\/kg<\/td>\n<\/tr>\n<tr>\n<td>Boisson \u00e0 base de bact\u00e9ries lactiques<\/td>\n<td>0,4 g\/kg<\/td>\n<\/tr>\n<tr>\n<td>Boisson lact\u00e9e ferment\u00e9e<\/td>\n<td>0,4 g\/kg<\/td>\n<\/tr>\n<\/tbody>\n<\/table>\n<h2><span class=\"ez-toc-section\" id=\"Lextrait_de_fruit_du_moine_a_une_large_gamme_dutilisations\"><\/span>L&rsquo;extrait de fruit du moine a une large gamme d&rsquo;utilisations<span class=\"ez-toc-section-end\"><\/span><\/h2>\n<ol>\n<li>L&rsquo;industrie m\u00e9dicale utilise l&rsquo;extrait de fruit du moine \u00e0 de nombreuses fins diff\u00e9rentes. Le qi pulmonaire, la s\u00e9cheresse et la chaleur pulmonaires ainsi que les mucosit\u00e9s pulmonaires peuvent tous \u00eatre \u00e9limin\u00e9s par la poudre de fruit contenue dans l&rsquo;extrait de fruit du moine. Elle a un bon effet sur le vent-chaleur exog\u00e8ne, la toux, les mucosit\u00e9s et les dommages caus\u00e9s par le froid ou la chaleur pulmonaire. Simultan\u00e9ment, la vitamine C est abondante dans les glycosides de fruit du moine pr\u00e9sents dans l&rsquo;extrait de fruit du moine, et cette vitamine est utile pour la perte de poids, la diminution de la glyc\u00e9mie et des lipides sanguins et la lutte contre le vieillissement.<\/li>\n<li>Pour am\u00e9liorer la saveur et le prix, l&rsquo;extrait de fruit du moine peut \u00e9galement \u00eatre m\u00e9lang\u00e9 \u00e0 d&rsquo;autres \u00e9dulcorants. Par exemple, la combinaison de l&rsquo;extrait de fruit du moine avec des fibres alimentaires fonctionnelles comme l&rsquo;inuline peut augmenter la saveur et favoriser la sant\u00e9 digestive. L&rsquo;ajout de composants correspondants \u00e0 l&rsquo;extrait de fruit du moine peut encore am\u00e9liorer la saveur et constitue un excellent moyen de l&rsquo;inclure dans les produits de boulangerie.<\/li>\n<li>L&rsquo;industrie des succ\u00e9dan\u00e9s du sucre utilise \u00e9galement l&rsquo;extrait de fruit du moine. Dans certains produits, l&rsquo;extrait de fruit du moine remplace enti\u00e8rement ou partiellement le sucre.<\/li>\n<li>Compar\u00e9 au sucre ou aux \u00e9dulcorants plus couramment disponibles sur le march\u00e9, l&rsquo;extrait de fruit de moine est plus sucr\u00e9 que le saccharose ordinaire, qui contient moins de calories et constitue un bon choix pour remplacer le sucre.<\/li>\n<\/ol>\n<h2><span class=\"ez-toc-section\" id=\"Question_posee_par_lutilisateur\"><\/span>Question pos\u00e9e par l&rsquo;utilisateur :<span class=\"ez-toc-section-end\"><\/span><\/h2>\n<ol>\n<li>Les extraits de fruit de moine ont g\u00e9n\u00e9ralement un go\u00fbt plus propre et plus sucr\u00e9 que la st\u00e9via, avec moins d&rsquo;amertume et d&rsquo;arri\u00e8re-go\u00fbt, tandis que la st\u00e9via a souvent un go\u00fbt amer ou de r\u00e9glisse distinct que certaines personnes trouvent d\u00e9sagr\u00e9able.<\/li>\n<li>La douceur des extraits de fruit de moine provient des mogrosides, qui peuvent \u00eatre 200 \u00e0 300 fois plus sucr\u00e9s que le sucre, mais avec une douceur plus \u00e9quilibr\u00e9e, tandis que les st\u00e9viosides et les glycosides de st\u00e9viol peuvent \u00eatre 200 \u00e0 400 fois plus sucr\u00e9s que le sucre, mais sont parfois consid\u00e9r\u00e9s comme trop forts ou trop piquants.<\/li>\n<li>Les extraits de fruit du moine et la st\u00e9via ont tous deux un indice glyc\u00e9mique nul, ce qui les rend adapt\u00e9s aux diab\u00e9tiques. Cependant, les extraits de fruit du moine sont g\u00e9n\u00e9ralement consid\u00e9r\u00e9s comme plus stables en termes de maintien de leurs propri\u00e9t\u00e9s sucr\u00e9es sans affecter la glyc\u00e9mie.<\/li>\n<li>Les extraits de fruit de moine sont plus r\u00e9sistants \u00e0 la chaleur et largement utilis\u00e9s dans une vari\u00e9t\u00e9 d&rsquo;applications de cuisine et de p\u00e2tisserie sans modifier de mani\u00e8re significative la saveur, tandis que la st\u00e9via se d\u00e9compose parfois ou devient am\u00e8re \u00e0 haute temp\u00e9rature, limitant son utilisation dans certaines recettes.<\/li>\n<\/ol>\n<div id=\"highlighter--hover-tools\" style=\"display: none;\">\n<div id=\"highlighter--hover-tools--container\">\n<div class=\"highlighter--icon highlighter--icon-copy\" title=\"Copy\"><\/div>\n<div class=\"highlighter--icon highlighter--icon-change-color\" title=\"Change Color\"><\/div>\n<div class=\"highlighter--icon highlighter--icon-delete\" title=\"Delete\"><\/div>\n<\/div>\n<\/div>\n","protected":false},"excerpt":{"rendered":"<ul>\n<li>CAS: 88901-36-4<\/li>\n<li>Formule chimique:C<sub>60<\/sub>H<sub>102<\/sub>O<sub>29<\/sub><\/li>\n<li>Certifications : KOSHER, ISO, HALAL, FSSC 22000, BRC, etc.<\/li>\n<li>Norme : USP 36<\/li>\n<li>Quantit\u00e9 minimum de commande : 1000 kg<\/li>\n<li>Dur\u00e9e de conservation : 2 ans<\/li>\n<\/ul>\n","protected":false},"featured_media":9344,"template":"","meta":{"site-sidebar-layout":"default","site-content-layout":"","ast-site-content-layout":"default","site-content-style":"default","site-sidebar-style":"default","ast-global-header-display":"","ast-banner-title-visibility":"","ast-main-header-display":"","ast-hfb-above-header-display":"","ast-hfb-below-header-display":"","ast-hfb-mobile-header-display":"","site-post-title":"","ast-breadcrumbs-content":"","ast-featured-img":"","footer-sml-layout":"","theme-transparent-header-meta":"default","adv-header-id-meta":"","stick-header-meta":"","header-above-stick-meta":"","header-main-stick-meta":"","header-below-stick-meta":"","astra-migrate-meta-layouts":"set","ast-page-background-enabled":"default","ast-page-background-meta":{"desktop":{"background-color":"var(--ast-global-color-4)","background-image":"","background-repeat":"repeat","background-position":"center center","background-size":"auto","background-attachment":"scroll","background-type":"","background-media":"","overlay-type":"","overlay-color":"","overlay-opacity":"","overlay-gradient":""},"tablet":{"background-color":"","background-image":"","background-repeat":"repeat","background-position":"center center","background-size":"auto","background-attachment":"scroll","background-type":"","background-media":"","overlay-type":"","overlay-color":"","overlay-opacity":"","overlay-gradient":""},"mobile":{"background-color":"","background-image":"","background-repeat":"repeat","background-position":"center center","background-size":"auto","background-attachment":"scroll","background-type":"","background-media":"","overlay-type":"","overlay-color":"","overlay-opacity":"","overlay-gradient":""}},"ast-content-background-meta":{"desktop":{"background-color":"var(--ast-global-color-5)","background-image":"","background-repeat":"repeat","background-position":"center center","background-size":"auto","background-attachment":"scroll","background-type":"","background-media":"","overlay-type":"","overlay-color":"","overlay-opacity":"","overlay-gradient":""},"tablet":{"background-color":"var(--ast-global-color-5)","background-image":"","background-repeat":"repeat","background-position":"center center","background-size":"auto","background-attachment":"scroll","background-type":"","background-media":"","overlay-type":"","overlay-color":"","overlay-opacity":"","overlay-gradient":""},"mobile":{"background-color":"var(--ast-global-color-5)","background-image":"","background-repeat":"repeat","background-position":"center center","background-size":"auto","background-attachment":"scroll","background-type":"","background-media":"","overlay-type":"","overlay-color":"","overlay-opacity":"","overlay-gradient":""}}},"product_brand":[],"product_cat":[111],"product_tag":[],"class_list":{"0":"post-9343","1":"product","2":"type-product","3":"status-publish","4":"has-post-thumbnail","6":"product_cat-produit-edulcorant","7":"desktop-align-center","8":"tablet-align-left","9":"mobile-align-left","11":"first","12":"instock","13":"shipping-taxable","14":"product-type-simple"},"yoast_head":"<!-- This site is optimized with the Yoast SEO plugin v26.5 - https:\/\/yoast.com\/wordpress\/plugins\/seo\/ -->\n<title>Fournisseur de Poudre d&#039;extrait de Fruit de Moine, Prix de Gros de l&#039;extrait de Fruit de Moine | Niranbio Chemical<\/title>\n<meta name=\"description\" content=\"L&#039;extrait de fruit de moine, une poudre cristalline blanche, est 200 \u00e0 300 fois plus sucr\u00e9 que le saccharose et largement utilis\u00e9 dans les boissons, les bonbons et les industries alimentaires.\" \/>\n<meta name=\"robots\" content=\"noindex, follow, max-snippet:-1, max-image-preview:large, max-video-preview:-1\" \/>\n<meta name=\"twitter:label1\" content=\"Dur\u00e9e de lecture estim\u00e9e\" \/>\n\t<meta name=\"twitter:data1\" content=\"4 minutes\" \/>\n<script type=\"application\/ld+json\" class=\"yoast-schema-graph\">{\"@context\":\"https:\/\/schema.org\",\"@graph\":[{\"@type\":\"WebPage\",\"@id\":\"https:\/\/theo.niranbio.com\/fr\/extrait-de-fruit-de-moine-qualite-alimentaire.html\",\"url\":\"https:\/\/theo.niranbio.com\/fr\/extrait-de-fruit-de-moine-qualite-alimentaire.html\",\"name\":\"Fournisseur de Poudre d'extrait de Fruit de Moine, Prix de Gros de l'extrait de Fruit de Moine | Niranbio Chemical\",\"isPartOf\":{\"@id\":\"https:\/\/theo.niranbio.com\/fr\/#website\"},\"primaryImageOfPage\":{\"@id\":\"https:\/\/theo.niranbio.com\/fr\/extrait-de-fruit-de-moine-qualite-alimentaire.html#primaryimage\"},\"image\":{\"@id\":\"https:\/\/theo.niranbio.com\/fr\/extrait-de-fruit-de-moine-qualite-alimentaire.html#primaryimage\"},\"thumbnailUrl\":\"https:\/\/theo.niranbio.com\/wp-content\/uploads\/2024\/06\/Monk-Fruit-Extract.webp\",\"datePublished\":\"2024-06-20T01:28:35+00:00\",\"dateModified\":\"2024-08-19T06:00:09+00:00\",\"description\":\"L'extrait de fruit de moine, une poudre cristalline blanche, est 200 \u00e0 300 fois plus sucr\u00e9 que le saccharose et largement utilis\u00e9 dans les boissons, les bonbons et les industries alimentaires.\",\"breadcrumb\":{\"@id\":\"https:\/\/theo.niranbio.com\/fr\/extrait-de-fruit-de-moine-qualite-alimentaire.html#breadcrumb\"},\"inLanguage\":\"fr-FR\",\"potentialAction\":[{\"@type\":\"ReadAction\",\"target\":[\"https:\/\/theo.niranbio.com\/fr\/extrait-de-fruit-de-moine-qualite-alimentaire.html\"]}]},{\"@type\":\"ImageObject\",\"inLanguage\":\"fr-FR\",\"@id\":\"https:\/\/theo.niranbio.com\/fr\/extrait-de-fruit-de-moine-qualite-alimentaire.html#primaryimage\",\"url\":\"https:\/\/theo.niranbio.com\/wp-content\/uploads\/2024\/06\/Monk-Fruit-Extract.webp\",\"contentUrl\":\"https:\/\/theo.niranbio.com\/wp-content\/uploads\/2024\/06\/Monk-Fruit-Extract.webp\",\"width\":600,\"height\":600,\"caption\":\"Extrait de fruit de moine\"},{\"@type\":\"BreadcrumbList\",\"@id\":\"https:\/\/theo.niranbio.com\/fr\/extrait-de-fruit-de-moine-qualite-alimentaire.html#breadcrumb\",\"itemListElement\":[{\"@type\":\"ListItem\",\"position\":1,\"name\":\"Home\",\"item\":\"https:\/\/theo.niranbio.com\/fr\/\"},{\"@type\":\"ListItem\",\"position\":2,\"name\":\"Produits\",\"item\":\"https:\/\/theo.niranbio.com\/fr\/produits.html\"},{\"@type\":\"ListItem\",\"position\":3,\"name\":\"\u00c9dulcorant\",\"item\":\"https:\/\/theo.niranbio.com\/fr\/produit-edulcorant\/\"},{\"@type\":\"ListItem\",\"position\":4,\"name\":\"Extrait de fruit de moine &#8211; Qualit\u00e9 alimentaire\"}]},{\"@type\":\"WebSite\",\"@id\":\"https:\/\/theo.niranbio.com\/fr\/#website\",\"url\":\"https:\/\/theo.niranbio.com\/fr\/\",\"name\":\"Niranbio Chemical\",\"description\":\"\",\"publisher\":{\"@id\":\"https:\/\/theo.niranbio.com\/fr\/#organization\"},\"potentialAction\":[{\"@type\":\"SearchAction\",\"target\":{\"@type\":\"EntryPoint\",\"urlTemplate\":\"https:\/\/theo.niranbio.com\/fr\/?s={search_term_string}\"},\"query-input\":{\"@type\":\"PropertyValueSpecification\",\"valueRequired\":true,\"valueName\":\"search_term_string\"}}],\"inLanguage\":\"fr-FR\"},{\"@type\":\"Organization\",\"@id\":\"https:\/\/theo.niranbio.com\/fr\/#organization\",\"name\":\"Niranbio Chemical\",\"url\":\"https:\/\/theo.niranbio.com\/fr\/\",\"logo\":{\"@type\":\"ImageObject\",\"inLanguage\":\"fr-FR\",\"@id\":\"https:\/\/theo.niranbio.com\/fr\/#\/schema\/logo\/image\/\",\"url\":\"https:\/\/theo.niranbio.com\/wp-content\/uploads\/2024\/06\/Niranbio.png\",\"contentUrl\":\"https:\/\/theo.niranbio.com\/wp-content\/uploads\/2024\/06\/Niranbio.png\",\"width\":270,\"height\":100,\"caption\":\"Niranbio Chemical\"},\"image\":{\"@id\":\"https:\/\/theo.niranbio.com\/fr\/#\/schema\/logo\/image\/\"}}]}<\/script>\n<!-- \/ Yoast SEO plugin. -->","yoast_head_json":{"title":"Fournisseur de Poudre d'extrait de Fruit de Moine, Prix de Gros de l'extrait de Fruit de Moine | Niranbio Chemical","description":"L'extrait de fruit de moine, une poudre cristalline blanche, est 200 \u00e0 300 fois plus sucr\u00e9 que le saccharose et largement utilis\u00e9 dans les boissons, les bonbons et les industries alimentaires.","robots":{"index":"noindex","follow":"follow","max-snippet":"max-snippet:-1","max-image-preview":"max-image-preview:large","max-video-preview":"max-video-preview:-1"},"twitter_misc":{"Dur\u00e9e de lecture estim\u00e9e":"4 minutes"},"schema":{"@context":"https:\/\/schema.org","@graph":[{"@type":"WebPage","@id":"https:\/\/theo.niranbio.com\/fr\/extrait-de-fruit-de-moine-qualite-alimentaire.html","url":"https:\/\/theo.niranbio.com\/fr\/extrait-de-fruit-de-moine-qualite-alimentaire.html","name":"Fournisseur de Poudre d'extrait de Fruit de Moine, Prix de Gros de l'extrait de Fruit de Moine | Niranbio Chemical","isPartOf":{"@id":"https:\/\/theo.niranbio.com\/fr\/#website"},"primaryImageOfPage":{"@id":"https:\/\/theo.niranbio.com\/fr\/extrait-de-fruit-de-moine-qualite-alimentaire.html#primaryimage"},"image":{"@id":"https:\/\/theo.niranbio.com\/fr\/extrait-de-fruit-de-moine-qualite-alimentaire.html#primaryimage"},"thumbnailUrl":"https:\/\/theo.niranbio.com\/wp-content\/uploads\/2024\/06\/Monk-Fruit-Extract.webp","datePublished":"2024-06-20T01:28:35+00:00","dateModified":"2024-08-19T06:00:09+00:00","description":"L'extrait de fruit de moine, une poudre cristalline blanche, est 200 \u00e0 300 fois plus sucr\u00e9 que le saccharose et largement utilis\u00e9 dans les boissons, les bonbons et les industries alimentaires.","breadcrumb":{"@id":"https:\/\/theo.niranbio.com\/fr\/extrait-de-fruit-de-moine-qualite-alimentaire.html#breadcrumb"},"inLanguage":"fr-FR","potentialAction":[{"@type":"ReadAction","target":["https:\/\/theo.niranbio.com\/fr\/extrait-de-fruit-de-moine-qualite-alimentaire.html"]}]},{"@type":"ImageObject","inLanguage":"fr-FR","@id":"https:\/\/theo.niranbio.com\/fr\/extrait-de-fruit-de-moine-qualite-alimentaire.html#primaryimage","url":"https:\/\/theo.niranbio.com\/wp-content\/uploads\/2024\/06\/Monk-Fruit-Extract.webp","contentUrl":"https:\/\/theo.niranbio.com\/wp-content\/uploads\/2024\/06\/Monk-Fruit-Extract.webp","width":600,"height":600,"caption":"Extrait de fruit de moine"},{"@type":"BreadcrumbList","@id":"https:\/\/theo.niranbio.com\/fr\/extrait-de-fruit-de-moine-qualite-alimentaire.html#breadcrumb","itemListElement":[{"@type":"ListItem","position":1,"name":"Home","item":"https:\/\/theo.niranbio.com\/fr\/"},{"@type":"ListItem","position":2,"name":"Produits","item":"https:\/\/theo.niranbio.com\/fr\/produits.html"},{"@type":"ListItem","position":3,"name":"\u00c9dulcorant","item":"https:\/\/theo.niranbio.com\/fr\/produit-edulcorant\/"},{"@type":"ListItem","position":4,"name":"Extrait de fruit de moine &#8211; Qualit\u00e9 alimentaire"}]},{"@type":"WebSite","@id":"https:\/\/theo.niranbio.com\/fr\/#website","url":"https:\/\/theo.niranbio.com\/fr\/","name":"Niranbio Chemical","description":"","publisher":{"@id":"https:\/\/theo.niranbio.com\/fr\/#organization"},"potentialAction":[{"@type":"SearchAction","target":{"@type":"EntryPoint","urlTemplate":"https:\/\/theo.niranbio.com\/fr\/?s={search_term_string}"},"query-input":{"@type":"PropertyValueSpecification","valueRequired":true,"valueName":"search_term_string"}}],"inLanguage":"fr-FR"},{"@type":"Organization","@id":"https:\/\/theo.niranbio.com\/fr\/#organization","name":"Niranbio Chemical","url":"https:\/\/theo.niranbio.com\/fr\/","logo":{"@type":"ImageObject","inLanguage":"fr-FR","@id":"https:\/\/theo.niranbio.com\/fr\/#\/schema\/logo\/image\/","url":"https:\/\/theo.niranbio.com\/wp-content\/uploads\/2024\/06\/Niranbio.png","contentUrl":"https:\/\/theo.niranbio.com\/wp-content\/uploads\/2024\/06\/Niranbio.png","width":270,"height":100,"caption":"Niranbio Chemical"},"image":{"@id":"https:\/\/theo.niranbio.com\/fr\/#\/schema\/logo\/image\/"}}]}},"_links":{"self":[{"href":"https:\/\/theo.niranbio.com\/fr\/wp-json\/wp\/v2\/product\/9343","targetHints":{"allow":["GET"]}}],"collection":[{"href":"https:\/\/theo.niranbio.com\/fr\/wp-json\/wp\/v2\/product"}],"about":[{"href":"https:\/\/theo.niranbio.com\/fr\/wp-json\/wp\/v2\/types\/product"}],"version-history":[{"count":0,"href":"https:\/\/theo.niranbio.com\/fr\/wp-json\/wp\/v2\/product\/9343\/revisions"}],"wp:featuredmedia":[{"embeddable":true,"href":"https:\/\/theo.niranbio.com\/fr\/wp-json\/wp\/v2\/media\/9344"}],"wp:attachment":[{"href":"https:\/\/theo.niranbio.com\/fr\/wp-json\/wp\/v2\/media?parent=9343"}],"wp:term":[{"taxonomy":"product_brand","embeddable":true,"href":"https:\/\/theo.niranbio.com\/fr\/wp-json\/wp\/v2\/product_brand?post=9343"},{"taxonomy":"product_cat","embeddable":true,"href":"https:\/\/theo.niranbio.com\/fr\/wp-json\/wp\/v2\/product_cat?post=9343"},{"taxonomy":"product_tag","embeddable":true,"href":"https:\/\/theo.niranbio.com\/fr\/wp-json\/wp\/v2\/product_tag?post=9343"}],"curies":[{"name":"wp","href":"https:\/\/api.w.org\/{rel}","templated":true}]}}