{"id":9336,"date":"2024-06-20T09:03:21","date_gmt":"2024-06-20T01:03:21","guid":{"rendered":"https:\/\/theo.niranbio.com\/acide-citrique-monohydrate\/"},"modified":"2024-08-19T09:48:25","modified_gmt":"2024-08-19T01:48:25","slug":"acide-citrique-monohydrate","status":"publish","type":"product","link":"https:\/\/theo.niranbio.com\/fr\/acide-citrique-monohydrate.html","title":{"rendered":"Acide citrique monohydrat\u00e9"},"content":{"rendered":"<h2><span class=\"ez-toc-section\" id=\"Quest-ce_que_lacide_citrique_monohydrate\"><\/span>Qu&rsquo;est-ce que l&rsquo;acide citrique monohydrat\u00e9 ?<span class=\"ez-toc-section-end\"><\/span><\/h2>\n<p>L&rsquo;acide citrique monohydrat\u00e9 a l&rsquo;apparence de particules cristallines blanches ou de poudre, n&rsquo;a pas d&rsquo;odeur piquante et a un go\u00fbt tr\u00e8s acide. Il est facile \u00e0 alt\u00e9rer dans l&rsquo;air sec et \u00e0 s&rsquo;agglutiner dans l&rsquo;air humide. En cas de grumeaux, le sac peut \u00eatre jet\u00e9. Par cons\u00e9quent, le sac peut \u00eatre retourn\u00e9 r\u00e9guli\u00e8rement pendant le stockage pour \u00e9viter efficacement les grumeaux. Il est souvent utilis\u00e9 comme additif alimentaire tel qu&rsquo;un agent aromatisant, un agent de fermentation, un exhausteur d&rsquo;acidit\u00e9 et un r\u00e9gulateur d&rsquo;acidit\u00e9.<\/p>\n<p>Il existe deux m\u00e9thodes pour produire de l&rsquo;acide citrique monohydrat\u00e9. L&rsquo;une consiste \u00e0 utiliser du ma\u00efs, du manioc et d&rsquo;autres amidons comme mati\u00e8res premi\u00e8res et \u00e0 le produire par fermentation microbienne, qui est \u00e9galement la m\u00e9thode courante de production d&rsquo;acide citrique monohydrat\u00e9 sur le march\u00e9 ; l&rsquo;autre consiste \u00e0 l&rsquo;extraire de mati\u00e8res premi\u00e8res riches en acide, en particulier pour une utilisation compl\u00e8te dans la transformation des fruits, comme le jus sal\u00e9 et acide rejet\u00e9 apr\u00e8s la production d&#8217;embryons de prune, qui a une teneur en acide de 4 \u00e0 5 %. Le jus sal\u00e9 et acide rejet\u00e9 apr\u00e8s la production d&#8217;embryons d&rsquo;agrumes est une bonne mati\u00e8re premi\u00e8re pour l&rsquo;extraction de l&rsquo;acide citrique.<\/p>\n<h2><span class=\"ez-toc-section\" id=\"Parametres_associes\"><\/span>Param\u00e8tres associ\u00e9s :<span class=\"ez-toc-section-end\"><\/span><\/h2>\n<table>\n<tbody>\n<tr>\n<td>Articles<\/td>\n<td>Normes<\/td>\n<\/tr>\n<tr>\n<td>Essai<\/td>\n<td>99.5-100%-100.5%<\/td>\n<\/tr>\n<tr>\n<td>Humidit\u00e9<\/td>\n<td>7.5~8%~8.8%<\/td>\n<\/tr>\n<tr>\n<td>Acide oxalique<\/td>\n<td>100 ppm Max<\/td>\n<\/tr>\n<tr>\n<td>Sulfate<\/td>\n<td>150 ppm Max<\/td>\n<\/tr>\n<tr>\n<td>R\u00e9sidus de combustion (cendres sulfat\u00e9es)<\/td>\n<td>0,05% Max<\/td>\n<\/tr>\n<tr>\n<td>M\u00e9taux lourds<\/td>\n<td>10 ppm Max<\/td>\n<\/tr>\n<tr>\n<td>Mercure<\/td>\n<td>1 ppm Max<\/td>\n<\/tr>\n<tr>\n<td>Plomb<\/td>\n<td>0,5 ppm Max<\/td>\n<\/tr>\n<tr>\n<td>Arsenic<\/td>\n<td>1 ppm Max<\/td>\n<\/tr>\n<tr>\n<td>Aluminium<\/td>\n<td>0,2 ppm Max<\/td>\n<\/tr>\n<tr>\n<td>Endotoxines bact\u00e9riennes<\/td>\n<td>0,5 UI\/mg Max<\/td>\n<\/tr>\n<tr>\n<td>Trilaurylamine<\/td>\n<td>0,1 ppm Max<\/td>\n<\/tr>\n<tr>\n<td>Calcium<\/td>\n<td>200 ppm au maximum<\/td>\n<\/tr>\n<tr>\n<td>Fer<\/td>\n<td>50 ppm Max<\/td>\n<\/tr>\n<tr>\n<td>Chlorure<\/td>\n<td>50 ppm Max<\/td>\n<\/tr>\n<\/tbody>\n<\/table>\n<h2><span class=\"ez-toc-section\" id=\"Dosage_recommande\"><\/span>Dosage recommand\u00e9 :<span class=\"ez-toc-section-end\"><\/span><\/h2>\n<p>L&rsquo;acide citrique monohydrat\u00e9 peut \u00eatre utilis\u00e9 dans la transformation des aliments et la production de boissons, et peut \u00e9galement \u00eatre utilis\u00e9 comme agent nettoyant. Ajoutez-le en fonction des besoins sp\u00e9cifiques lors de l&rsquo;utilisation.<\/p>\n<table>\n<tbody>\n<tr>\n<td>Nom de l&rsquo;aliment<\/td>\n<td>Utilisation maximale (g\/kg)<\/td>\n<\/tr>\n<tr>\n<td>Boissons gazeuses<\/td>\n<td>0,2-0,5 g\/kg<\/td>\n<\/tr>\n<tr>\n<td>Produits amylac\u00e9s<\/td>\n<td>0,1-0,3 g\/kg<\/td>\n<\/tr>\n<tr>\n<td>Cr\u00e8me glac\u00e9e<\/td>\n<td>0,2-0,3 g\/kg<\/td>\n<\/tr>\n<tr>\n<td>Assaisonnements<\/td>\n<td>0,2-0,5 g\/kg<\/td>\n<\/tr>\n<tr>\n<td>Pain<\/td>\n<td>0,1-0,2 g\/kg<\/td>\n<\/tr>\n<tr>\n<td>Produits laitiers<\/td>\n<td>0,2-0,3 g\/kg<\/td>\n<\/tr>\n<tr>\n<td>Aliments surgel\u00e9s<\/td>\n<td>0,1-0,3 g\/kg<\/td>\n<\/tr>\n<tr>\n<td>Confiture<\/td>\n<td>0,3-0,5 g\/kg<\/td>\n<\/tr>\n<tr>\n<td>Aliments en conserve<\/td>\n<td>0,2-0,4 g\/kg<\/td>\n<\/tr>\n<tr>\n<td>Aliments marin\u00e9s<\/td>\n<td>0,2-0,4 g\/kg<\/td>\n<\/tr>\n<tr>\n<td>Bonbons g\u00e9lifi\u00e9s<\/td>\n<td>0,3-0,5 g\/kg<\/td>\n<\/tr>\n<tr>\n<td>Boissons nutritives<\/td>\n<td>0,2-0,4 g\/kg<\/td>\n<\/tr>\n<\/tbody>\n<\/table>\n<h2><span class=\"ez-toc-section\" id=\"Lacide_citrique_monohydrate_a_un_large_eventail_dutilisations\"><\/span>L&rsquo;acide citrique monohydrat\u00e9 a un large \u00e9ventail d&rsquo;utilisations<span class=\"ez-toc-section-end\"><\/span><\/h2>\n<h3><span class=\"ez-toc-section\" id=\"1_Effet_bactericide\"><\/span>1. Effet bact\u00e9ricide<span class=\"ez-toc-section-end\"><\/span><\/h3>\n<p>L&rsquo;acide citrique monohydrat\u00e9 a un effet bact\u00e9ricide important. Lorsqu&rsquo;il est utilis\u00e9 en combinaison avec une temp\u00e9rature de 80 \u00b0C, il peut tuer efficacement les spores bact\u00e9riennes, ce qui est particuli\u00e8rement efficace pour contaminer les spores bact\u00e9riennes dans la canalisation de la machine d&rsquo;h\u00e9modialyse. De plus, il peut atteindre l&rsquo;objectif antibact\u00e9rien en d\u00e9truisant les membranes cellulaires bact\u00e9riennes, en interf\u00e9rant avec la synth\u00e8se des enzymes bact\u00e9riennes et en affectant la r\u00e9plication de l&rsquo;ADN bact\u00e9rien.<\/p>\n<h3><span class=\"ez-toc-section\" id=\"2_Promotion_de_lappetit\"><\/span>2. Promotion de l&rsquo;app\u00e9tit<span class=\"ez-toc-section-end\"><\/span><\/h3>\n<p>L&rsquo;acide citrique monohydrat\u00e9 a pour effet de favoriser l&rsquo;app\u00e9tit. Il peut non seulement \u00eatre utilis\u00e9 comme condiment pour les plats froids quotidiens pour am\u00e9liorer le go\u00fbt des aliments et avoir un effet app\u00e9tissant, mais aussi pour am\u00e9liorer les propri\u00e9t\u00e9s sensorielles des aliments et renforcer encore l&rsquo;app\u00e9tit.<\/p>\n<h3><span class=\"ez-toc-section\" id=\"3_Mise_en_memoire_tampon\"><\/span>3. Mise en m\u00e9moire tampon<span class=\"ez-toc-section-end\"><\/span><\/h3>\n<p>L&rsquo;acide citrique monohydrat\u00e9 a un effet tampon dans les aliments pour animaux et produit un effet synergique avec d&rsquo;autres ingr\u00e9dients des aliments. Cet effet tampon se refl\u00e8te principalement dans la r\u00e9duction de la capacit\u00e9 tampon des prot\u00e9ines et des graisses dans les aliments, ce qui favorise l&rsquo;absorption et le m\u00e9tabolisme de ces nutriments. En raison de la r\u00e9duction de la capacit\u00e9 tampon, la quantit\u00e9 de nourriture consomm\u00e9e et dig\u00e9r\u00e9e sera \u00e9galement affect\u00e9e, ce qui contribue \u00e0 am\u00e9liorer le taux d&rsquo;utilisation global des aliments par les animaux.<\/p>\n<h3><span class=\"ez-toc-section\" id=\"4_Anti-stress\"><\/span>4. Anti-stress<span class=\"ez-toc-section-end\"><\/span><\/h3>\n<p>L&rsquo;acide citrique monohydrat\u00e9 a un effet anti-stress significatif. En aquaculture, en raison de divers facteurs environnementaux tels que la pollution de l&rsquo;eau, une densit\u00e9 de reproduction excessive, une faible teneur en oxyg\u00e8ne dissous, une teneur \u00e9lev\u00e9e en azote ammoniacal et en nitrites, les animaux aquatiques sont sujets au stress, ce qui entra\u00eene une r\u00e9duction de l&rsquo;anabolisme, une augmentation du catabolisme, une fonction immunitaire affaiblie, etc. L&rsquo;acide citrique monohydrat\u00e9 peut att\u00e9nuer efficacement ces r\u00e9actions de stress, pr\u00e9servant ainsi la sant\u00e9 des animaux, am\u00e9liorant leur fonction immunitaire et aidant \u00e0 maintenir des activit\u00e9s m\u00e9taboliques normales.<\/p>\n<h3><span class=\"ez-toc-section\" id=\"5_Degraissage\"><\/span>5. D\u00e9graissage<span class=\"ez-toc-section-end\"><\/span><\/h3>\n<p>L&rsquo;acide citrique monohydrat\u00e9 a \u00e9galement un effet d\u00e9graissant important. En particulier dans les \u00e9tangs d&rsquo;aquaculture, les films d&rsquo;algues et les films d&rsquo;huile peuvent dispara\u00eetre rapidement apr\u00e8s l&rsquo;utilisation d&rsquo;acide citrique. Cela est principalement d\u00fb au fait que l&rsquo;acide citrique a de bonnes capacit\u00e9s de nettoyage et de d\u00e9contamination et peut d\u00e9composer et \u00e9liminer efficacement l&rsquo;huile. Par cons\u00e9quent, l&rsquo;acide citrique n&rsquo;est pas seulement utile dans le nettoyage domestique, mais aussi dans les domaines industriels et agricoles, tels que l&rsquo;entretien des \u00e9tangs d&rsquo;aquaculture, montrant son puissant effet d\u00e9graissant.<\/p>\n<h3><span class=\"ez-toc-section\" id=\"6_Acidulants\"><\/span>6. Acidulants<span class=\"ez-toc-section-end\"><\/span><\/h3>\n<p>L&rsquo;acide citrique monohydrat\u00e9 est un r\u00e9gulateur d&rsquo;acidit\u00e9 couramment utilis\u00e9. Dans l&rsquo;industrie alimentaire et des boissons, il est principalement utilis\u00e9 pour ajuster l&rsquo;acidit\u00e9 des produits et donner aux aliments et aux boissons un go\u00fbt et une saveur sp\u00e9cifiques. De plus, l&rsquo;acide citrique monohydrat\u00e9 a \u00e9galement un effet conservateur et peut prolonger la dur\u00e9e de conservation des produits. Dans l&rsquo;industrie pharmaceutique, il est \u00e9galement utilis\u00e9 comme r\u00e9gulateur d&rsquo;acidit\u00e9 pour les m\u00e9dicaments afin de garantir la meilleure absorption et l&rsquo;effet des m\u00e9dicaments dans l&rsquo;organisme. En g\u00e9n\u00e9ral, l&rsquo;acide citrique monohydrat\u00e9 a une large gamme d&rsquo;applications dans de nombreux domaines, principalement pour ajuster l&rsquo;acidit\u00e9 et am\u00e9liorer la qualit\u00e9 des produits.<\/p>\n<h2><span class=\"ez-toc-section\" id=\"Question_posee_par_lutilisateur\"><\/span>Question pos\u00e9e par l&rsquo;utilisateur :<span class=\"ez-toc-section-end\"><\/span><\/h2>\n<p><strong>Question : Comment conserver l\u2019acide citrique monohydrat\u00e9 ?<\/strong><\/p>\n<p>R\u00e9pondre : Veuillez le placer dans un endroit \u00e0 l&rsquo;abri de la lumi\u00e8re, scell\u00e9, ventil\u00e9, sec et frais, ce qui aidera \u00e0 maintenir la stabilit\u00e9 de l&rsquo;acide citrique monohydrat\u00e9, \u00e0 \u00e9viter la d\u00e9t\u00e9rioration caus\u00e9e par une temp\u00e9rature \u00e9lev\u00e9e ou une humidit\u00e9 \u00e9lev\u00e9e et \u00e0 garantir que l&rsquo;acide citrique monohydrat\u00e9 peut conserver ses propri\u00e9t\u00e9s chimiques et physiques d&rsquo;origine pendant le stockage.<\/p>\n<p><strong>Question : L\u2019acide citrique monohydrat\u00e9 de qualit\u00e9 alimentaire peut-il \u00eatre utilis\u00e9 en m\u00e9decine ?<\/strong><\/p>\n<p>R\u00e9ponse : Le monohydrate de limonade de qualit\u00e9 alimentaire est souvent utilis\u00e9 en m\u00e9decine car il agit comme acidifiant et r\u00e9gulateur de pH dans les formulations de m\u00e9dicaments et peut bien contr\u00f4ler l&rsquo;acidit\u00e9 d&rsquo;un m\u00e9dicament, comme les comprim\u00e9s effervescents, les sirops et d&rsquo;autres m\u00e9dicaments oraux, o\u00f9 l&rsquo;acidit\u00e9 joue un r\u00f4le vital dans la stabilit\u00e9 et l&rsquo;absorption.<\/p>\n<p><strong>Question : fr\u00e9quemment pos\u00e9es pendant le transport?<\/strong><\/p>\n<p>R\u00e9ponse: Lors du transport de l&rsquo;acide citrique monohydrat\u00e9, il est fr\u00e9quent que l&#8217;emballage soit endommag\u00e9, que le produit s&rsquo;agglom\u00e8re ou se solidifie. Cela est d\u00fb au fait que le produit absorbe facilement l&rsquo;humidit\u00e9, en particulier dans un environnement \u00e0 haute temp\u00e9rature ; des mat\u00e9riaux d&#8217;emballage scell\u00e9s et r\u00e9sistants \u00e0 l&rsquo;humidit\u00e9 peuvent \u00eatre utilis\u00e9s pour r\u00e9duire l&rsquo;intrusion de l&rsquo;humidit\u00e9.<\/p>\n","protected":false},"excerpt":{"rendered":"<ul>\n<li>CAS : 5949-29-1<\/li>\n<li>Formule chimique: C6H8O7\u00b7H20<\/li>\n<li>Certifications : KOSHER, ISO, HALAL, FSSC 22000, BRC, etc.<\/li>\n<li>Norme : Conforme \u00e0 BP\/USP\/FCC<\/li>\n<li>Quantit\u00e9 minimum de commande : 1000 kg<\/li>\n<li>Dur\u00e9e de conservation : 3 ans<\/li>\n<\/ul>\n","protected":false},"featured_media":9337,"template":"","meta":{"site-sidebar-layout":"default","site-content-layout":"","ast-site-content-layout":"default","site-content-style":"default","site-sidebar-style":"default","ast-global-header-display":"","ast-banner-title-visibility":"","ast-main-header-display":"","ast-hfb-above-header-display":"","ast-hfb-below-header-display":"","ast-hfb-mobile-header-display":"","site-post-title":"","ast-breadcrumbs-content":"","ast-featured-img":"","footer-sml-layout":"","theme-transparent-header-meta":"default","adv-header-id-meta":"","stick-header-meta":"","header-above-stick-meta":"","header-main-stick-meta":"","header-below-stick-meta":"","astra-migrate-meta-layouts":"set","ast-page-background-enabled":"default","ast-page-background-meta":{"desktop":{"background-color":"var(--ast-global-color-4)","background-image":"","background-repeat":"repeat","background-position":"center center","background-size":"auto","background-attachment":"scroll","background-type":"","background-media":"","overlay-type":"","overlay-color":"","overlay-opacity":"","overlay-gradient":""},"tablet":{"background-color":"","background-image":"","background-repeat":"repeat","background-position":"center center","background-size":"auto","background-attachment":"scroll","background-type":"","background-media":"","overlay-type":"","overlay-color":"","overlay-opacity":"","overlay-gradient":""},"mobile":{"background-color":"","background-image":"","background-repeat":"repeat","background-position":"center center","background-size":"auto","background-attachment":"scroll","background-type":"","background-media":"","overlay-type":"","overlay-color":"","overlay-opacity":"","overlay-gradient":""}},"ast-content-background-meta":{"desktop":{"background-color":"var(--ast-global-color-5)","background-image":"","background-repeat":"repeat","background-position":"center center","background-size":"auto","background-attachment":"scroll","background-type":"","background-media":"","overlay-type":"","overlay-color":"","overlay-opacity":"","overlay-gradient":""},"tablet":{"background-color":"var(--ast-global-color-5)","background-image":"","background-repeat":"repeat","background-position":"center center","background-size":"auto","background-attachment":"scroll","background-type":"","background-media":"","overlay-type":"","overlay-color":"","overlay-opacity":"","overlay-gradient":""},"mobile":{"background-color":"var(--ast-global-color-5)","background-image":"","background-repeat":"repeat","background-position":"center center","background-size":"auto","background-attachment":"scroll","background-type":"","background-media":"","overlay-type":"","overlay-color":"","overlay-opacity":"","overlay-gradient":""}}},"product_brand":[],"product_cat":[101],"product_tag":[],"class_list":{"0":"post-9336","1":"product","2":"type-product","3":"status-publish","4":"has-post-thumbnail","6":"product_cat-produit-acidulant","7":"desktop-align-center","8":"tablet-align-left","9":"mobile-align-left","11":"first","12":"instock","13":"shipping-taxable","14":"product-type-simple"},"yoast_head":"<!-- This site is optimized with the Yoast SEO plugin v26.5 - https:\/\/yoast.com\/wordpress\/plugins\/seo\/ -->\n<title>Fabricant d&#039;acide citrique monohydrat\u00e9, fournisseur de r\u00e9gulateur d&#039;acidit\u00e9 E330 | Niranbio Chemical<\/title>\n<meta name=\"description\" content=\"Notre poudre d&#039;acide citrique monohydrat\u00e9 est un additif alimentaire polyvalent et est disponible dans des tailles de mailles r\u00e9guli\u00e8res de 8 \u00e0 40 ou 8 \u00e0 80, ou personnalis\u00e9es.\" \/>\n<meta name=\"robots\" content=\"noindex, follow, max-snippet:-1, max-image-preview:large, max-video-preview:-1\" \/>\n<meta name=\"twitter:label1\" content=\"Dur\u00e9e de lecture estim\u00e9e\" \/>\n\t<meta name=\"twitter:data1\" content=\"5 minutes\" \/>\n<script type=\"application\/ld+json\" class=\"yoast-schema-graph\">{\"@context\":\"https:\/\/schema.org\",\"@graph\":[{\"@type\":\"WebPage\",\"@id\":\"https:\/\/theo.niranbio.com\/fr\/acide-citrique-monohydrate.html\",\"url\":\"https:\/\/theo.niranbio.com\/fr\/acide-citrique-monohydrate.html\",\"name\":\"Fabricant d'acide citrique monohydrat\u00e9, fournisseur de r\u00e9gulateur d'acidit\u00e9 E330 | Niranbio Chemical\",\"isPartOf\":{\"@id\":\"https:\/\/theo.niranbio.com\/fr\/#website\"},\"primaryImageOfPage\":{\"@id\":\"https:\/\/theo.niranbio.com\/fr\/acide-citrique-monohydrate.html#primaryimage\"},\"image\":{\"@id\":\"https:\/\/theo.niranbio.com\/fr\/acide-citrique-monohydrate.html#primaryimage\"},\"thumbnailUrl\":\"https:\/\/theo.niranbio.com\/wp-content\/uploads\/2024\/06\/Citric-Acid-Monohydrate.webp\",\"datePublished\":\"2024-06-20T01:03:21+00:00\",\"dateModified\":\"2024-08-19T01:48:25+00:00\",\"description\":\"Notre poudre d'acide citrique monohydrat\u00e9 est un additif alimentaire polyvalent et est disponible dans des tailles de mailles r\u00e9guli\u00e8res de 8 \u00e0 40 ou 8 \u00e0 80, ou personnalis\u00e9es.\",\"breadcrumb\":{\"@id\":\"https:\/\/theo.niranbio.com\/fr\/acide-citrique-monohydrate.html#breadcrumb\"},\"inLanguage\":\"fr-FR\",\"potentialAction\":[{\"@type\":\"ReadAction\",\"target\":[\"https:\/\/theo.niranbio.com\/fr\/acide-citrique-monohydrate.html\"]}]},{\"@type\":\"ImageObject\",\"inLanguage\":\"fr-FR\",\"@id\":\"https:\/\/theo.niranbio.com\/fr\/acide-citrique-monohydrate.html#primaryimage\",\"url\":\"https:\/\/theo.niranbio.com\/wp-content\/uploads\/2024\/06\/Citric-Acid-Monohydrate.webp\",\"contentUrl\":\"https:\/\/theo.niranbio.com\/wp-content\/uploads\/2024\/06\/Citric-Acid-Monohydrate.webp\",\"width\":600,\"height\":600,\"caption\":\"Acide citrique monohydrat\u00e9\"},{\"@type\":\"BreadcrumbList\",\"@id\":\"https:\/\/theo.niranbio.com\/fr\/acide-citrique-monohydrate.html#breadcrumb\",\"itemListElement\":[{\"@type\":\"ListItem\",\"position\":1,\"name\":\"Home\",\"item\":\"https:\/\/theo.niranbio.com\/fr\/\"},{\"@type\":\"ListItem\",\"position\":2,\"name\":\"Produits\",\"item\":\"https:\/\/theo.niranbio.com\/fr\/produits.html\"},{\"@type\":\"ListItem\",\"position\":3,\"name\":\"Acidulant\",\"item\":\"https:\/\/theo.niranbio.com\/fr\/produit-acidulant\/\"},{\"@type\":\"ListItem\",\"position\":4,\"name\":\"Acide citrique monohydrat\u00e9\"}]},{\"@type\":\"WebSite\",\"@id\":\"https:\/\/theo.niranbio.com\/fr\/#website\",\"url\":\"https:\/\/theo.niranbio.com\/fr\/\",\"name\":\"Niranbio Chemical\",\"description\":\"\",\"publisher\":{\"@id\":\"https:\/\/theo.niranbio.com\/fr\/#organization\"},\"potentialAction\":[{\"@type\":\"SearchAction\",\"target\":{\"@type\":\"EntryPoint\",\"urlTemplate\":\"https:\/\/theo.niranbio.com\/fr\/?s={search_term_string}\"},\"query-input\":{\"@type\":\"PropertyValueSpecification\",\"valueRequired\":true,\"valueName\":\"search_term_string\"}}],\"inLanguage\":\"fr-FR\"},{\"@type\":\"Organization\",\"@id\":\"https:\/\/theo.niranbio.com\/fr\/#organization\",\"name\":\"Niranbio Chemical\",\"url\":\"https:\/\/theo.niranbio.com\/fr\/\",\"logo\":{\"@type\":\"ImageObject\",\"inLanguage\":\"fr-FR\",\"@id\":\"https:\/\/theo.niranbio.com\/fr\/#\/schema\/logo\/image\/\",\"url\":\"https:\/\/theo.niranbio.com\/wp-content\/uploads\/2024\/06\/Niranbio.png\",\"contentUrl\":\"https:\/\/theo.niranbio.com\/wp-content\/uploads\/2024\/06\/Niranbio.png\",\"width\":270,\"height\":100,\"caption\":\"Niranbio Chemical\"},\"image\":{\"@id\":\"https:\/\/theo.niranbio.com\/fr\/#\/schema\/logo\/image\/\"}}]}<\/script>\n<!-- \/ Yoast SEO plugin. -->","yoast_head_json":{"title":"Fabricant d'acide citrique monohydrat\u00e9, fournisseur de r\u00e9gulateur d'acidit\u00e9 E330 | Niranbio Chemical","description":"Notre poudre d'acide citrique monohydrat\u00e9 est un additif alimentaire polyvalent et est disponible dans des tailles de mailles r\u00e9guli\u00e8res de 8 \u00e0 40 ou 8 \u00e0 80, ou personnalis\u00e9es.","robots":{"index":"noindex","follow":"follow","max-snippet":"max-snippet:-1","max-image-preview":"max-image-preview:large","max-video-preview":"max-video-preview:-1"},"twitter_misc":{"Dur\u00e9e de lecture estim\u00e9e":"5 minutes"},"schema":{"@context":"https:\/\/schema.org","@graph":[{"@type":"WebPage","@id":"https:\/\/theo.niranbio.com\/fr\/acide-citrique-monohydrate.html","url":"https:\/\/theo.niranbio.com\/fr\/acide-citrique-monohydrate.html","name":"Fabricant d'acide citrique monohydrat\u00e9, fournisseur de r\u00e9gulateur d'acidit\u00e9 E330 | Niranbio Chemical","isPartOf":{"@id":"https:\/\/theo.niranbio.com\/fr\/#website"},"primaryImageOfPage":{"@id":"https:\/\/theo.niranbio.com\/fr\/acide-citrique-monohydrate.html#primaryimage"},"image":{"@id":"https:\/\/theo.niranbio.com\/fr\/acide-citrique-monohydrate.html#primaryimage"},"thumbnailUrl":"https:\/\/theo.niranbio.com\/wp-content\/uploads\/2024\/06\/Citric-Acid-Monohydrate.webp","datePublished":"2024-06-20T01:03:21+00:00","dateModified":"2024-08-19T01:48:25+00:00","description":"Notre poudre d'acide citrique monohydrat\u00e9 est un additif alimentaire polyvalent et est disponible dans des tailles de mailles r\u00e9guli\u00e8res de 8 \u00e0 40 ou 8 \u00e0 80, ou personnalis\u00e9es.","breadcrumb":{"@id":"https:\/\/theo.niranbio.com\/fr\/acide-citrique-monohydrate.html#breadcrumb"},"inLanguage":"fr-FR","potentialAction":[{"@type":"ReadAction","target":["https:\/\/theo.niranbio.com\/fr\/acide-citrique-monohydrate.html"]}]},{"@type":"ImageObject","inLanguage":"fr-FR","@id":"https:\/\/theo.niranbio.com\/fr\/acide-citrique-monohydrate.html#primaryimage","url":"https:\/\/theo.niranbio.com\/wp-content\/uploads\/2024\/06\/Citric-Acid-Monohydrate.webp","contentUrl":"https:\/\/theo.niranbio.com\/wp-content\/uploads\/2024\/06\/Citric-Acid-Monohydrate.webp","width":600,"height":600,"caption":"Acide citrique monohydrat\u00e9"},{"@type":"BreadcrumbList","@id":"https:\/\/theo.niranbio.com\/fr\/acide-citrique-monohydrate.html#breadcrumb","itemListElement":[{"@type":"ListItem","position":1,"name":"Home","item":"https:\/\/theo.niranbio.com\/fr\/"},{"@type":"ListItem","position":2,"name":"Produits","item":"https:\/\/theo.niranbio.com\/fr\/produits.html"},{"@type":"ListItem","position":3,"name":"Acidulant","item":"https:\/\/theo.niranbio.com\/fr\/produit-acidulant\/"},{"@type":"ListItem","position":4,"name":"Acide citrique monohydrat\u00e9"}]},{"@type":"WebSite","@id":"https:\/\/theo.niranbio.com\/fr\/#website","url":"https:\/\/theo.niranbio.com\/fr\/","name":"Niranbio Chemical","description":"","publisher":{"@id":"https:\/\/theo.niranbio.com\/fr\/#organization"},"potentialAction":[{"@type":"SearchAction","target":{"@type":"EntryPoint","urlTemplate":"https:\/\/theo.niranbio.com\/fr\/?s={search_term_string}"},"query-input":{"@type":"PropertyValueSpecification","valueRequired":true,"valueName":"search_term_string"}}],"inLanguage":"fr-FR"},{"@type":"Organization","@id":"https:\/\/theo.niranbio.com\/fr\/#organization","name":"Niranbio Chemical","url":"https:\/\/theo.niranbio.com\/fr\/","logo":{"@type":"ImageObject","inLanguage":"fr-FR","@id":"https:\/\/theo.niranbio.com\/fr\/#\/schema\/logo\/image\/","url":"https:\/\/theo.niranbio.com\/wp-content\/uploads\/2024\/06\/Niranbio.png","contentUrl":"https:\/\/theo.niranbio.com\/wp-content\/uploads\/2024\/06\/Niranbio.png","width":270,"height":100,"caption":"Niranbio Chemical"},"image":{"@id":"https:\/\/theo.niranbio.com\/fr\/#\/schema\/logo\/image\/"}}]}},"_links":{"self":[{"href":"https:\/\/theo.niranbio.com\/fr\/wp-json\/wp\/v2\/product\/9336","targetHints":{"allow":["GET"]}}],"collection":[{"href":"https:\/\/theo.niranbio.com\/fr\/wp-json\/wp\/v2\/product"}],"about":[{"href":"https:\/\/theo.niranbio.com\/fr\/wp-json\/wp\/v2\/types\/product"}],"version-history":[{"count":0,"href":"https:\/\/theo.niranbio.com\/fr\/wp-json\/wp\/v2\/product\/9336\/revisions"}],"wp:featuredmedia":[{"embeddable":true,"href":"https:\/\/theo.niranbio.com\/fr\/wp-json\/wp\/v2\/media\/9337"}],"wp:attachment":[{"href":"https:\/\/theo.niranbio.com\/fr\/wp-json\/wp\/v2\/media?parent=9336"}],"wp:term":[{"taxonomy":"product_brand","embeddable":true,"href":"https:\/\/theo.niranbio.com\/fr\/wp-json\/wp\/v2\/product_brand?post=9336"},{"taxonomy":"product_cat","embeddable":true,"href":"https:\/\/theo.niranbio.com\/fr\/wp-json\/wp\/v2\/product_cat?post=9336"},{"taxonomy":"product_tag","embeddable":true,"href":"https:\/\/theo.niranbio.com\/fr\/wp-json\/wp\/v2\/product_tag?post=9336"}],"curies":[{"name":"wp","href":"https:\/\/api.w.org\/{rel}","templated":true}]}}