{"id":9332,"date":"2024-06-19T17:27:20","date_gmt":"2024-06-19T09:27:20","guid":{"rendered":"https:\/\/theo.niranbio.com\/tripolyphosphate-de-sodium\/"},"modified":"2024-08-19T13:59:56","modified_gmt":"2024-08-19T05:59:56","slug":"tripolyphosphate-de-sodium","status":"publish","type":"product","link":"https:\/\/theo.niranbio.com\/fr\/tripolyphosphate-de-sodium.html","title":{"rendered":"Tripolyphosphate de Sodium"},"content":{"rendered":"<h2><span class=\"ez-toc-section\" id=\"Methodes_de_production_de_tripolyphosphate_de_sodium\"><\/span>M\u00e9thodes de production de tripolyphosphate de sodium<span class=\"ez-toc-section-end\"><\/span><\/h2>\n<p>Il existe trois principaux proc\u00e9d\u00e9s de production du tripolyphosphate de sodium :<\/p>\n<p>1. La production par voie humide est l&rsquo;un des principaux proc\u00e9d\u00e9s de production de tripolyphosphate de sodium. Son proc\u00e9d\u00e9 de base comprend la r\u00e9action de neutralisation de l&rsquo;acide phosphorique et de la solution alcaline, la formation, la pr\u00e9cipitation et le s\u00e9chage du tripolyphosphate. Les principaux avantages de ce proc\u00e9d\u00e9 sont un rendement \u00e9lev\u00e9 et une qualit\u00e9 stable, mais le proc\u00e9d\u00e9 est relativement lourd et n\u00e9cessite beaucoup d&rsquo;eau et d&rsquo;\u00e9nergie.<\/p>\n<p>2. La production par voie s\u00e8che est l&rsquo;un des proc\u00e9d\u00e9s de production de tripolyphosphate de sodium les plus simples. Il utilise de l&rsquo;acide phosphorique et des sels de m\u00e9taux alcalins (tels que le carbonate de sodium, etc.) pour s\u00e9cher et d\u00e9shydrater \u00e0 400-500 \u2103 afin d&rsquo;obtenir du tripolyphosphate de sodium. Les avantages de ce proc\u00e9d\u00e9 sont une faible consommation d&rsquo;eau et un proc\u00e9d\u00e9 simple, mais il n\u00e9cessite une r\u00e9action \u00e0 haute temp\u00e9rature et le rendement n&rsquo;est pas aussi bon que la production par voie humide.<\/p>\n<p>3. Le proc\u00e9d\u00e9 de production de carbonate de sodium est une r\u00e9action de neutralisation entre le carbonate de sodium et la solution d&rsquo;acide phosphorique. Le sous-phosphate de sodium est d&rsquo;abord g\u00e9n\u00e9r\u00e9, puis le triphosphate de sodium est pr\u00e9cipit\u00e9 sous l&rsquo;action du carbonate de sodium. Apr\u00e8s filtration, lavage et s\u00e9chage, on obtient du tripolyphosphate de sodium. Les avantages de ce proc\u00e9d\u00e9 sont la basse temp\u00e9rature, la simplicit\u00e9 d\u2019utilisation et la disponibilit\u00e9 ais\u00e9e des mati\u00e8res premi\u00e8res, mais il n\u00e9cessite du carbonate de sodium d\u2019une puret\u00e9 plus \u00e9lev\u00e9e et un co\u00fbt relativement \u00e9lev\u00e9.<\/p>\n<h2><span class=\"ez-toc-section\" id=\"Parametres_associes\"><\/span>Param\u00e8tres associ\u00e9s :<span class=\"ez-toc-section-end\"><\/span><\/h2>\n<table>\n<tbody>\n<tr>\n<td><strong>\u00c9L\u00c9MENTS<\/strong><\/td>\n<td><strong>UNIT\u00c9S<\/strong><\/td>\n<td><strong>SPECIFICATIONS<\/strong><\/td>\n<\/tr>\n<tr>\n<td>Essai<\/td>\n<td>%<\/td>\n<td>Min. 94<\/td>\n<\/tr>\n<tr>\n<td>P2O5<\/td>\n<td>%<\/td>\n<td>56~58<\/td>\n<\/tr>\n<tr>\n<td>pH (solution \u00e0 1 %)<\/td>\n<td><\/td>\n<td>9.2~10.0<\/td>\n<\/tr>\n<tr>\n<td>Insoluble dans l&rsquo;eau<\/td>\n<td>%<\/td>\n<td>Max.<br \/>\n0.5<\/td>\n<\/tr>\n<tr>\n<td>As<\/td>\n<td>mg\/kg<\/td>\n<td>Max. 3<\/td>\n<\/tr>\n<tr>\n<td>M\u00e9tal lourd<\/td>\n<td>mg\/kg<\/td>\n<td>Max.<br \/>\n10<\/td>\n<\/tr>\n<tr>\n<td>Pb<\/td>\n<td>mg\/kg<\/td>\n<td>Max. 2<\/td>\n<\/tr>\n<tr>\n<td>F<\/td>\n<td>mg\/kg<\/td>\n<td>Max.<br \/>\n20<\/td>\n<\/tr>\n<tr>\n<td>Blancheur<\/td>\n<td>%<\/td>\n<td>Min. 90<\/td>\n<\/tr>\n<tr>\n<td>Densit\u00e9 apparente<\/td>\n<td>g\/cm3<\/td>\n<td>0.5~0.7<\/td>\n<\/tr>\n<tr>\n<td>Turbidit\u00e9<\/td>\n<td>NTU<\/td>\n<td>Max.<br \/>\n30<\/td>\n<\/tr>\n<tr>\n<td>Perte au s\u00e9chage<\/td>\n<td>%<\/td>\n<td><\/td>\n<\/tr>\n<\/tbody>\n<\/table>\n<h2><span class=\"ez-toc-section\" id=\"Dosage_recommande\"><\/span>Dosage recommand\u00e9<span class=\"ez-toc-section-end\"><\/span><\/h2>\n<table>\n<tbody>\n<tr>\n<td><strong>Nom de l&rsquo;aliment<\/strong><\/td>\n<td><strong>Utilisation maximale (g\/kg)<\/strong><\/td>\n<\/tr>\n<tr>\n<td>Jambon<\/td>\n<td>4 g\/kg<\/td>\n<\/tr>\n<tr>\n<td>Saucisse<\/td>\n<td>5 g\/kg<\/td>\n<\/tr>\n<tr>\n<td>Viande de grignotage<\/td>\n<td>5 g\/kg<\/td>\n<\/tr>\n<tr>\n<td>Bacon<\/td>\n<td>4 g\/kg<\/td>\n<\/tr>\n<tr>\n<td>Viande s\u00e9ch\u00e9e<\/td>\n<td>4 g\/kg<\/td>\n<\/tr>\n<tr>\n<td>Produits de poulet<\/td>\n<td>5 g\/kg<\/td>\n<\/tr>\n<tr>\n<td>Produits surimi<\/td>\n<td>5 g\/kg<\/td>\n<\/tr>\n<tr>\n<td>Fruits de mer surgel\u00e9s<\/td>\n<td>4 g\/kg<\/td>\n<\/tr>\n<tr>\n<td>Produits \u00e0 base de soja<\/td>\n<td>3 g\/kg<\/td>\n<\/tr>\n<tr>\n<td>Aliments en conserve<\/td>\n<td>3 g\/kg<\/td>\n<\/tr>\n<tr>\n<td>Fruits en conserve<\/td>\n<td>3 g\/kg<\/td>\n<\/tr>\n<tr>\n<td>Fromage<\/td>\n<td>4 g\/kg<\/td>\n<\/tr>\n<tr>\n<td>Cr\u00e8me<\/td>\n<td>3 g\/kg<\/td>\n<\/tr>\n<tr>\n<td>Lait concentr\u00e9<\/td>\n<td>3 g\/kg<\/td>\n<\/tr>\n<tr>\n<td>Produits laitiers<\/td>\n<td>3 g\/kg<\/td>\n<\/tr>\n<tr>\n<td>Sauce<\/td>\n<td>3 g\/kg<\/td>\n<\/tr>\n<\/tbody>\n<\/table>\n<h2><span class=\"ez-toc-section\" id=\"Le_tripolyphosphate_de_sodium_a_un_large_eventail_dutilisations\"><\/span>Le tripolyphosphate de sodium a un large \u00e9ventail d&rsquo;utilisations<span class=\"ez-toc-section-end\"><\/span><\/h2>\n<h3><span class=\"ez-toc-section\" id=\"1_Ameliorateur_de_qualite\"><\/span>1. Am\u00e9liorateur de qualit\u00e9<span class=\"ez-toc-section-end\"><\/span><\/h3>\n<p>Le tripolyphosphate de sodium est un additif alimentaire courant, principalement utilis\u00e9 comme am\u00e9liorant de qualit\u00e9. Il peut am\u00e9liorer les propri\u00e9t\u00e9s de gel de la viande, am\u00e9liorer la force de coupe, l&rsquo;\u00e9lasticit\u00e9 et la flottabilit\u00e9 de la viande, optimisant ainsi le go\u00fbt et l&rsquo;apparence de la viande. la fonction d&rsquo;augmenter le go\u00fbt, agissant comme un conservateur d&rsquo;humidit\u00e9 et un \u00e9paississant. Dans les aliments, le tripolyphosphate de sodium est non seulement utilis\u00e9 pour la conservation et l&rsquo;ajustement du pH, mais interagit \u00e9galement avec les prot\u00e9ines pour fournir des suppl\u00e9ments nutritionnels.<\/p>\n<h3><span class=\"ez-toc-section\" id=\"2_Retention_deau_adoucisseur_attendrisseur\"><\/span>2. R\u00e9tention d&rsquo;eau, adoucisseur, attendrisseur<span class=\"ez-toc-section-end\"><\/span><\/h3>\n<p>Le tripolyphosphate de sodium est principalement utilis\u00e9 comme r\u00e9tenteur d&rsquo;eau, adoucissant et attendrisseur dans les aliments. En tant que r\u00e9tenteur d&rsquo;eau, le tripolyphosphate de sodium peut former un complexe avec la myosine dans la viande, am\u00e9liorant ainsi la capacit\u00e9 de r\u00e9tention d&rsquo;eau de la viande, emp\u00eachant la perte d&rsquo;eau et am\u00e9liorant ainsi sa beaut\u00e9. et la fra\u00eecheur de la viande. De plus, il a \u00e9galement un effet adoucissant et peut am\u00e9liorer le go\u00fbt des aliments. En m\u00eame temps, le tripolyphosphate de sodium est \u00e9galement un attendrisseur qui peut rendre les aliments tels que la viande plus tendres et plus lisses.<\/p>\n<h3><span class=\"ez-toc-section\" id=\"3_Epaississant\"><\/span>3. \u00c9paississant<span class=\"ez-toc-section-end\"><\/span><\/h3>\n<p>En tant qu&rsquo;\u00e9paississant, le tripolyphosphate de sodium peut modifier les propri\u00e9t\u00e9s rh\u00e9ologiques des aliments, les rendant plus \u00e9pais et plus riches.<\/p>\n<h3><span class=\"ez-toc-section\" id=\"4_Ameliorer_la_qualite_comestible_de_la_transformation_des_aliments\"><\/span>4. Am\u00e9liorer la qualit\u00e9 comestible de la transformation des aliments<span class=\"ez-toc-section-end\"><\/span><\/h3>\n<p>Dans les produits \u00e0 base de viande et de poisson, le tripolyphosphate de sodium peut \u00eatre utilis\u00e9 pour augmenter la tendret\u00e9 de la viande, am\u00e9liorer la couleur et aider \u00e0 pr\u00e9venir l&rsquo;oxydation des graisses, prolongeant ainsi la dur\u00e9e de conservation du produit.<\/p>\n<h2><span class=\"ez-toc-section\" id=\"Question_posee_par_lutilisateur\"><\/span>Question pos\u00e9e par l&rsquo;utilisateur :<span class=\"ez-toc-section-end\"><\/span><\/h2>\n<p><strong>Question : Pourquoi faut-il ajouter du tripolyphosphate de sodium aux produits carn\u00e9s ?<\/strong><\/p>\n<p>R\u00e9ponse : 1. Am\u00e9liorer la capacit\u00e9 de s\u00e9paration huile-eau de la viande : pendant la transformation des produits carn\u00e9s, le tripolyphosphate de sodium interagit avec l&rsquo;eau et les prot\u00e9ines de la viande pour former un sol collo\u00efdal, ce qui peut am\u00e9liorer efficacement la capacit\u00e9 de s\u00e9paration huile-eau de la viande. et \u00e9viter un rejet excessif d&rsquo;eau pendant le chauffage ou le stockage des produits carn\u00e9s.<\/p>\n<p>2. Am\u00e9liorer le go\u00fbt et la stabilit\u00e9 du go\u00fbt : \u00e9tant donn\u00e9 que le tripolyphosphate de sodium peut am\u00e9liorer la capacit\u00e9 de s\u00e9paration huile-eau de la viande, son utilisation dans les produits carn\u00e9s peut am\u00e9liorer le go\u00fbt et la stabilit\u00e9 du go\u00fbt de la viande et. am\u00e9liorer la qualit\u00e9 gustative des produits carn\u00e9s..<\/p>\n<p>3. Augmenter la r\u00e9tention d&rsquo;eau et la fra\u00eecheur des aliments : le tripolyphosphate de sodium peut augmenter la teneur en eau des aliments, augmentant ainsi la r\u00e9tention d&rsquo;eau et la fra\u00eecheur des aliments, prolongeant efficacement la p\u00e9riode de stockage des produits carn\u00e9s et r\u00e9duisant la dur\u00e9e de conservation des produits carn\u00e9s. risque de d\u00e9t\u00e9rioration des aliments.<\/p>\n<p><strong>Question : Quelle est la situation du march\u00e9 du tripolyphosphate de sodium de qualit\u00e9 alimentaire ? Le prix fluctue-t-il consid\u00e9rablement ? <\/strong><\/p>\n<p>R\u00e9ponse : March\u00e9 int\u00e9rieur (Chine) En Chine, la tendance des prix du STPP est relativement stable mais pr\u00e9sente de l\u00e9g\u00e8res fluctuations. La demande reste constante, principalement tir\u00e9e par les industries de la transformation alimentaire et des d\u00e9tergents. Cependant, en raison de la reprise \u00e9conomique apr\u00e8s la pand\u00e9mie. Il y a eu une l\u00e9g\u00e8re diminution des co\u00fbts de production, contribuant \u00e0 la stabilit\u00e9 des prix. March\u00e9 international Asie-Pacifique : La r\u00e9gion Asie-Pacifique, en particulier la Chine, a connu une baisse des prix du STPP en raison de la faible demande des secteurs tels que le traitement de l&rsquo;eau, les d\u00e9tergents et l&rsquo;alimentation. et des boissons. Le march\u00e9 est caract\u00e9ris\u00e9 par une offre \u00e9lev\u00e9e et une faible demande, provoquant une tendance baissi\u00e8re en Europe : en Europe, le march\u00e9 a connu des tendances de prix vari\u00e9es \u00e0 la fin de 2023, avec des baisses initiales suivies de l\u00e9g\u00e8res augmentations.<\/p>\n<p>et les cons\u00e9quences des tensions g\u00e9opolitiques comme la guerre en Russie ont influenc\u00e9 le march\u00e9, entra\u00eenant des fluctuations. Dans l&rsquo;ensemble, le march\u00e9 a connu une baisse des prix en raison de la faiblesse de la demande des consommateurs et des stocks \u00e9lev\u00e9s. L&rsquo;Am\u00e9rique du Nord a \u00e9galement connu une baisse des prix du STPP vers l&rsquo;Am\u00e9rique du Nord. fin 2023, influenc\u00e9 par la faible demande des industries en aval et les importations \u00e0 bas prix. La confiance des entreprises \u00e9tait faible, et malgr\u00e9 une l\u00e9g\u00e8re hausse de l&rsquo;indice PMI manufacturier, l&rsquo;activit\u00e9 globale du march\u00e9 est rest\u00e9e inchang\u00e9e. Volatilit\u00e9 des prix : dans l&rsquo;ensemble, la volatilit\u00e9 des prix des produits alimentaires. Le STPP de qualit\u00e9 est mod\u00e9r\u00e9. Bien qu&rsquo;il existe des fluctuations dues \u00e0 la variation de la demande et des conditions \u00e9conomiques dans diff\u00e9rentes r\u00e9gions, le march\u00e9 devrait cro\u00eetre \u00e0 un taux de croissance annuel compos\u00e9 (TCAC) de 4,73 % de 2024 \u00e0 2030, pour atteindre 7,37 milliards de dollars d&rsquo;ici 2030. .<\/p>\n","protected":false},"excerpt":{"rendered":"<ul>\n<li>CAS : 7758-29-4<\/li>\n<li>Formule chimique:Na<sub>5<\/sub>P<sub>3<\/sub>O<sub>10<\/sub><\/li>\n<li>Certifications : KOSHER, ISO, HALAL, FSSC 22000, BRC, etc.<\/li>\n<li>Standard:<\/li>\n<li>Quantit\u00e9 minimum de commande : 1000 kg<\/li>\n<li>Dur\u00e9e de conservation : 2 ans<\/li>\n<\/ul>\n","protected":false},"featured_media":9333,"template":"","meta":{"site-sidebar-layout":"default","site-content-layout":"","ast-site-content-layout":"default","site-content-style":"default","site-sidebar-style":"default","ast-global-header-display":"","ast-banner-title-visibility":"","ast-main-header-display":"","ast-hfb-above-header-display":"","ast-hfb-below-header-display":"","ast-hfb-mobile-header-display":"","site-post-title":"","ast-breadcrumbs-content":"","ast-featured-img":"","footer-sml-layout":"","theme-transparent-header-meta":"default","adv-header-id-meta":"","stick-header-meta":"","header-above-stick-meta":"","header-main-stick-meta":"","header-below-stick-meta":"","astra-migrate-meta-layouts":"set","ast-page-background-enabled":"default","ast-page-background-meta":{"desktop":{"background-color":"var(--ast-global-color-4)","background-image":"","background-repeat":"repeat","background-position":"center center","background-size":"auto","background-attachment":"scroll","background-type":"","background-media":"","overlay-type":"","overlay-color":"","overlay-opacity":"","overlay-gradient":""},"tablet":{"background-color":"","background-image":"","background-repeat":"repeat","background-position":"center center","background-size":"auto","background-attachment":"scroll","background-type":"","background-media":"","overlay-type":"","overlay-color":"","overlay-opacity":"","overlay-gradient":""},"mobile":{"background-color":"","background-image":"","background-repeat":"repeat","background-position":"center center","background-size":"auto","background-attachment":"scroll","background-type":"","background-media":"","overlay-type":"","overlay-color":"","overlay-opacity":"","overlay-gradient":""}},"ast-content-background-meta":{"desktop":{"background-color":"var(--ast-global-color-5)","background-image":"","background-repeat":"repeat","background-position":"center center","background-size":"auto","background-attachment":"scroll","background-type":"","background-media":"","overlay-type":"","overlay-color":"","overlay-opacity":"","overlay-gradient":""},"tablet":{"background-color":"var(--ast-global-color-5)","background-image":"","background-repeat":"repeat","background-position":"center center","background-size":"auto","background-attachment":"scroll","background-type":"","background-media":"","overlay-type":"","overlay-color":"","overlay-opacity":"","overlay-gradient":""},"mobile":{"background-color":"var(--ast-global-color-5)","background-image":"","background-repeat":"repeat","background-position":"center center","background-size":"auto","background-attachment":"scroll","background-type":"","background-media":"","overlay-type":"","overlay-color":"","overlay-opacity":"","overlay-gradient":""}}},"product_brand":[],"product_cat":[108],"product_tag":[],"class_list":{"0":"post-9332","1":"product","2":"type-product","3":"status-publish","4":"has-post-thumbnail","6":"product_cat-produit-phosphate","7":"desktop-align-center","8":"tablet-align-left","9":"mobile-align-left","11":"first","12":"instock","13":"shipping-taxable","14":"product-type-simple"},"yoast_head":"<!-- This site is optimized with the Yoast SEO plugin v26.5 - https:\/\/yoast.com\/wordpress\/plugins\/seo\/ -->\n<title>Fournisseur de Tripolyphosphate de Sodium, Poudre de E451 | Niranbio Chemical<\/title>\n<meta name=\"description\" content=\"Notre tripolyphosphate de sodium est un additif de qualit\u00e9 alimentaire de haute qualit\u00e9, disponible sous forme de poudre fine, allant de 8 \u00e0 100 mesh.\" \/>\n<meta name=\"robots\" content=\"noindex, follow, max-snippet:-1, max-image-preview:large, max-video-preview:-1\" \/>\n<meta name=\"twitter:label1\" content=\"Dur\u00e9e de lecture estim\u00e9e\" \/>\n\t<meta name=\"twitter:data1\" content=\"6 minutes\" \/>\n<script type=\"application\/ld+json\" class=\"yoast-schema-graph\">{\"@context\":\"https:\/\/schema.org\",\"@graph\":[{\"@type\":\"WebPage\",\"@id\":\"https:\/\/theo.niranbio.com\/fr\/tripolyphosphate-de-sodium.html\",\"url\":\"https:\/\/theo.niranbio.com\/fr\/tripolyphosphate-de-sodium.html\",\"name\":\"Fournisseur de Tripolyphosphate de Sodium, Poudre de E451 | Niranbio Chemical\",\"isPartOf\":{\"@id\":\"https:\/\/theo.niranbio.com\/fr\/#website\"},\"primaryImageOfPage\":{\"@id\":\"https:\/\/theo.niranbio.com\/fr\/tripolyphosphate-de-sodium.html#primaryimage\"},\"image\":{\"@id\":\"https:\/\/theo.niranbio.com\/fr\/tripolyphosphate-de-sodium.html#primaryimage\"},\"thumbnailUrl\":\"https:\/\/theo.niranbio.com\/wp-content\/uploads\/2024\/06\/Sodium-Tripolyphosphate.webp\",\"datePublished\":\"2024-06-19T09:27:20+00:00\",\"dateModified\":\"2024-08-19T05:59:56+00:00\",\"description\":\"Notre tripolyphosphate de sodium est un additif de qualit\u00e9 alimentaire de haute qualit\u00e9, disponible sous forme de poudre fine, allant de 8 \u00e0 100 mesh.\",\"breadcrumb\":{\"@id\":\"https:\/\/theo.niranbio.com\/fr\/tripolyphosphate-de-sodium.html#breadcrumb\"},\"inLanguage\":\"fr-FR\",\"potentialAction\":[{\"@type\":\"ReadAction\",\"target\":[\"https:\/\/theo.niranbio.com\/fr\/tripolyphosphate-de-sodium.html\"]}]},{\"@type\":\"ImageObject\",\"inLanguage\":\"fr-FR\",\"@id\":\"https:\/\/theo.niranbio.com\/fr\/tripolyphosphate-de-sodium.html#primaryimage\",\"url\":\"https:\/\/theo.niranbio.com\/wp-content\/uploads\/2024\/06\/Sodium-Tripolyphosphate.webp\",\"contentUrl\":\"https:\/\/theo.niranbio.com\/wp-content\/uploads\/2024\/06\/Sodium-Tripolyphosphate.webp\",\"width\":600,\"height\":600,\"caption\":\"Tripolyphosphate de sodium (STPP)\"},{\"@type\":\"BreadcrumbList\",\"@id\":\"https:\/\/theo.niranbio.com\/fr\/tripolyphosphate-de-sodium.html#breadcrumb\",\"itemListElement\":[{\"@type\":\"ListItem\",\"position\":1,\"name\":\"Home\",\"item\":\"https:\/\/theo.niranbio.com\/fr\/\"},{\"@type\":\"ListItem\",\"position\":2,\"name\":\"Produits\",\"item\":\"https:\/\/theo.niranbio.com\/fr\/produits.html\"},{\"@type\":\"ListItem\",\"position\":3,\"name\":\"Phosphat\u00e9\",\"item\":\"https:\/\/theo.niranbio.com\/fr\/produit-phosphate\/\"},{\"@type\":\"ListItem\",\"position\":4,\"name\":\"Tripolyphosphate de Sodium\"}]},{\"@type\":\"WebSite\",\"@id\":\"https:\/\/theo.niranbio.com\/fr\/#website\",\"url\":\"https:\/\/theo.niranbio.com\/fr\/\",\"name\":\"Niranbio Chemical\",\"description\":\"\",\"publisher\":{\"@id\":\"https:\/\/theo.niranbio.com\/fr\/#organization\"},\"potentialAction\":[{\"@type\":\"SearchAction\",\"target\":{\"@type\":\"EntryPoint\",\"urlTemplate\":\"https:\/\/theo.niranbio.com\/fr\/?s={search_term_string}\"},\"query-input\":{\"@type\":\"PropertyValueSpecification\",\"valueRequired\":true,\"valueName\":\"search_term_string\"}}],\"inLanguage\":\"fr-FR\"},{\"@type\":\"Organization\",\"@id\":\"https:\/\/theo.niranbio.com\/fr\/#organization\",\"name\":\"Niranbio Chemical\",\"url\":\"https:\/\/theo.niranbio.com\/fr\/\",\"logo\":{\"@type\":\"ImageObject\",\"inLanguage\":\"fr-FR\",\"@id\":\"https:\/\/theo.niranbio.com\/fr\/#\/schema\/logo\/image\/\",\"url\":\"https:\/\/theo.niranbio.com\/wp-content\/uploads\/2024\/06\/Niranbio.png\",\"contentUrl\":\"https:\/\/theo.niranbio.com\/wp-content\/uploads\/2024\/06\/Niranbio.png\",\"width\":270,\"height\":100,\"caption\":\"Niranbio Chemical\"},\"image\":{\"@id\":\"https:\/\/theo.niranbio.com\/fr\/#\/schema\/logo\/image\/\"}}]}<\/script>\n<!-- \/ Yoast SEO plugin. -->","yoast_head_json":{"title":"Fournisseur de Tripolyphosphate de Sodium, Poudre de E451 | Niranbio Chemical","description":"Notre tripolyphosphate de sodium est un additif de qualit\u00e9 alimentaire de haute qualit\u00e9, disponible sous forme de poudre fine, allant de 8 \u00e0 100 mesh.","robots":{"index":"noindex","follow":"follow","max-snippet":"max-snippet:-1","max-image-preview":"max-image-preview:large","max-video-preview":"max-video-preview:-1"},"twitter_misc":{"Dur\u00e9e de lecture estim\u00e9e":"6 minutes"},"schema":{"@context":"https:\/\/schema.org","@graph":[{"@type":"WebPage","@id":"https:\/\/theo.niranbio.com\/fr\/tripolyphosphate-de-sodium.html","url":"https:\/\/theo.niranbio.com\/fr\/tripolyphosphate-de-sodium.html","name":"Fournisseur de Tripolyphosphate de Sodium, Poudre de E451 | Niranbio Chemical","isPartOf":{"@id":"https:\/\/theo.niranbio.com\/fr\/#website"},"primaryImageOfPage":{"@id":"https:\/\/theo.niranbio.com\/fr\/tripolyphosphate-de-sodium.html#primaryimage"},"image":{"@id":"https:\/\/theo.niranbio.com\/fr\/tripolyphosphate-de-sodium.html#primaryimage"},"thumbnailUrl":"https:\/\/theo.niranbio.com\/wp-content\/uploads\/2024\/06\/Sodium-Tripolyphosphate.webp","datePublished":"2024-06-19T09:27:20+00:00","dateModified":"2024-08-19T05:59:56+00:00","description":"Notre tripolyphosphate de sodium est un additif de qualit\u00e9 alimentaire de haute qualit\u00e9, disponible sous forme de poudre fine, allant de 8 \u00e0 100 mesh.","breadcrumb":{"@id":"https:\/\/theo.niranbio.com\/fr\/tripolyphosphate-de-sodium.html#breadcrumb"},"inLanguage":"fr-FR","potentialAction":[{"@type":"ReadAction","target":["https:\/\/theo.niranbio.com\/fr\/tripolyphosphate-de-sodium.html"]}]},{"@type":"ImageObject","inLanguage":"fr-FR","@id":"https:\/\/theo.niranbio.com\/fr\/tripolyphosphate-de-sodium.html#primaryimage","url":"https:\/\/theo.niranbio.com\/wp-content\/uploads\/2024\/06\/Sodium-Tripolyphosphate.webp","contentUrl":"https:\/\/theo.niranbio.com\/wp-content\/uploads\/2024\/06\/Sodium-Tripolyphosphate.webp","width":600,"height":600,"caption":"Tripolyphosphate de sodium (STPP)"},{"@type":"BreadcrumbList","@id":"https:\/\/theo.niranbio.com\/fr\/tripolyphosphate-de-sodium.html#breadcrumb","itemListElement":[{"@type":"ListItem","position":1,"name":"Home","item":"https:\/\/theo.niranbio.com\/fr\/"},{"@type":"ListItem","position":2,"name":"Produits","item":"https:\/\/theo.niranbio.com\/fr\/produits.html"},{"@type":"ListItem","position":3,"name":"Phosphat\u00e9","item":"https:\/\/theo.niranbio.com\/fr\/produit-phosphate\/"},{"@type":"ListItem","position":4,"name":"Tripolyphosphate de Sodium"}]},{"@type":"WebSite","@id":"https:\/\/theo.niranbio.com\/fr\/#website","url":"https:\/\/theo.niranbio.com\/fr\/","name":"Niranbio Chemical","description":"","publisher":{"@id":"https:\/\/theo.niranbio.com\/fr\/#organization"},"potentialAction":[{"@type":"SearchAction","target":{"@type":"EntryPoint","urlTemplate":"https:\/\/theo.niranbio.com\/fr\/?s={search_term_string}"},"query-input":{"@type":"PropertyValueSpecification","valueRequired":true,"valueName":"search_term_string"}}],"inLanguage":"fr-FR"},{"@type":"Organization","@id":"https:\/\/theo.niranbio.com\/fr\/#organization","name":"Niranbio Chemical","url":"https:\/\/theo.niranbio.com\/fr\/","logo":{"@type":"ImageObject","inLanguage":"fr-FR","@id":"https:\/\/theo.niranbio.com\/fr\/#\/schema\/logo\/image\/","url":"https:\/\/theo.niranbio.com\/wp-content\/uploads\/2024\/06\/Niranbio.png","contentUrl":"https:\/\/theo.niranbio.com\/wp-content\/uploads\/2024\/06\/Niranbio.png","width":270,"height":100,"caption":"Niranbio Chemical"},"image":{"@id":"https:\/\/theo.niranbio.com\/fr\/#\/schema\/logo\/image\/"}}]}},"_links":{"self":[{"href":"https:\/\/theo.niranbio.com\/fr\/wp-json\/wp\/v2\/product\/9332","targetHints":{"allow":["GET"]}}],"collection":[{"href":"https:\/\/theo.niranbio.com\/fr\/wp-json\/wp\/v2\/product"}],"about":[{"href":"https:\/\/theo.niranbio.com\/fr\/wp-json\/wp\/v2\/types\/product"}],"version-history":[{"count":0,"href":"https:\/\/theo.niranbio.com\/fr\/wp-json\/wp\/v2\/product\/9332\/revisions"}],"wp:featuredmedia":[{"embeddable":true,"href":"https:\/\/theo.niranbio.com\/fr\/wp-json\/wp\/v2\/media\/9333"}],"wp:attachment":[{"href":"https:\/\/theo.niranbio.com\/fr\/wp-json\/wp\/v2\/media?parent=9332"}],"wp:term":[{"taxonomy":"product_brand","embeddable":true,"href":"https:\/\/theo.niranbio.com\/fr\/wp-json\/wp\/v2\/product_brand?post=9332"},{"taxonomy":"product_cat","embeddable":true,"href":"https:\/\/theo.niranbio.com\/fr\/wp-json\/wp\/v2\/product_cat?post=9332"},{"taxonomy":"product_tag","embeddable":true,"href":"https:\/\/theo.niranbio.com\/fr\/wp-json\/wp\/v2\/product_tag?post=9332"}],"curies":[{"name":"wp","href":"https:\/\/api.w.org\/{rel}","templated":true}]}}