{"id":9327,"date":"2024-06-20T09:49:07","date_gmt":"2024-06-20T01:49:07","guid":{"rendered":"https:\/\/theo.niranbio.com\/acide-l-lactique\/"},"modified":"2024-08-19T09:42:51","modified_gmt":"2024-08-19T01:42:51","slug":"acide-l-lactique","status":"publish","type":"product","link":"https:\/\/theo.niranbio.com\/fr\/acide-l-lactique.html","title":{"rendered":"Acide L-Lactique"},"content":{"rendered":"<h2><span class=\"ez-toc-section\" id=\"Quest-ce_que_lacide_L-lactique\"><\/span>Qu&rsquo;est-ce que l&rsquo;acide L-lactique ?<span class=\"ez-toc-section-end\"><\/span><\/h2>\n<p>L&rsquo;acide L-lactique est un isom\u00e8re optiquement actif de l&rsquo;acide lactique. C&rsquo;est un acide organique raffin\u00e9 par fermentation biologique en utilisant l&rsquo;amidon de ma\u00efs comme mati\u00e8re premi\u00e8re. L&rsquo;apparence est un liquide incolore, transparent et visqueux. Avec une excellente biocompatibilit\u00e9 en raison de sa chiralit\u00e9, il est compatible avec les mammif\u00e8res, participant directement au m\u00e9tabolisme humain sans effets secondaires.<\/p>\n<p>Largement appliqu\u00e9 dans l&rsquo;alimentation, la m\u00e9decine et d&rsquo;autres domaines, l&rsquo;acide L-lactique peut \u00eatre produit par synth\u00e8se chimique ou fermentation. La m\u00e9thode de synth\u00e8se chimique utilise g\u00e9n\u00e9ralement l&rsquo;\u00e9thyl\u00e8ne comme mati\u00e8re premi\u00e8re et effectue des r\u00e9actions d&rsquo;est\u00e9rification et d&rsquo;hydrolyse en pr\u00e9sence d&rsquo;un catalyseur ; la m\u00e9thode de fermentation utilise certaines bact\u00e9ries ou champignons, tels que les bact\u00e9ries L-lactiques ou les gibb\u00e9rellines, pour convertir l&rsquo;amidon ou le sucre en acide L-lactique.<\/p>\n<h2><span class=\"ez-toc-section\" id=\"Parametres_associes\"><\/span>Param\u00e8tres associ\u00e9s :<span class=\"ez-toc-section-end\"><\/span><\/h2>\n<table>\n<tbody>\n<tr>\n<td>SP\u00c9CIFICATIONS SENSORIELLES<\/td>\n<td>NORMES<\/td>\n<\/tr>\n<tr>\n<td>Couleur<\/td>\n<td>Liquide incolore ou jaune clair<\/td>\n<\/tr>\n<tr>\n<td>Aspect<\/td>\n<td>Liquide transparent<\/td>\n<\/tr>\n<tr>\n<td>Odeur<\/td>\n<td>Pas d&rsquo;odeur exceptionnelle ou odeur particuli\u00e8re d&rsquo;acide L-Lactique<\/td>\n<\/tr>\n<tr>\n<td>Chroma (frais) Hazen<\/td>\n<td>Max.<br \/>\n50<\/td>\n<\/tr>\n<tr>\n<td>Chroma (apr\u00e8s chauffage 200\u2103, 2h) Hazen<\/td>\n<td>Max.<br \/>\n80<\/td>\n<\/tr>\n<tr>\n<td colspan=\"2\">SP\u00c9CIFICATIONS PHYSICO-CHIMIQUES<\/td>\n<\/tr>\n<tr>\n<td>Test d&rsquo;identification<\/td>\n<td>Test de r\u00e9ussite<\/td>\n<\/tr>\n<tr>\n<td>Teneur en acide lactique % w\/w<\/td>\n<td>\u226590<\/td>\n<\/tr>\n<tr>\n<td>Teneur en acide L-lactique (dans l&rsquo;acide lactique total) % L (+)<\/td>\n<td>Min. 97.5<\/td>\n<\/tr>\n<tr>\n<td>R\u00e9sidu d&rsquo;allumage % w\/w<\/td>\n<td>Max.<br \/>\n0.1<\/td>\n<\/tr>\n<tr>\n<td>Chlorure ppm<\/td>\n<td>Max.<br \/>\n20<\/td>\n<\/tr>\n<tr>\n<td>Sulfate ppm<\/td>\n<td>Max.<br \/>\n50<\/td>\n<\/tr>\n<tr>\n<td>Fer ppm<\/td>\n<td>Max. 10<\/td>\n<\/tr>\n<tr>\n<td>R\u00e9duction du sucre<\/td>\n<td>Test r\u00e9ussi<\/td>\n<\/tr>\n<tr>\n<td>Acide citrique, Acide oxalique, Acide tartrique, Acide phosphorique<\/td>\n<td>PassTest<\/td>\n<\/tr>\n<tr>\n<td>Compos\u00e9 carbonique<\/td>\n<td>Test r\u00e9ussi<\/td>\n<\/tr>\n<tr>\n<td>Cyanure mg\/kg<\/td>\n<td>Max. 1<\/td>\n<\/tr>\n<tr>\n<td>Pb mg\/kg<\/td>\n<td>Max.<br \/>\n2.0<\/td>\n<\/tr>\n<tr>\n<td>As mg\/kg<\/td>\n<td>Max.<br \/>\n1.0<\/td>\n<\/tr>\n<tr>\n<td>CONCLUSION :<\/td>\n<td>LE PRODUIT EST CONFORME AUX NORMES DU CAHIER DES CHARGES<\/td>\n<\/tr>\n<\/tbody>\n<\/table>\n<h2><span class=\"ez-toc-section\" id=\"Dosage_recommande\"><\/span>Dosage recommand\u00e9<span class=\"ez-toc-section-end\"><\/span><\/h2>\n<table>\n<tbody>\n<tr>\n<td>Nom de l&rsquo;aliment<\/td>\n<td>Utilisation maximale (g\/kg)<\/td>\n<\/tr>\n<tr>\n<td>Jus de fruits<\/td>\n<td>0,1 &#8211; 0,3 g\/kg<\/td>\n<\/tr>\n<tr>\n<td>Boissons non alcoolis\u00e9es<\/td>\n<td>0,1 &#8211; 0,3 g\/kg<\/td>\n<\/tr>\n<tr>\n<td>G\u00e2teaux et p\u00e2tisseries<\/td>\n<td>0,1 &#8211; 0,3 g\/kg<\/td>\n<\/tr>\n<tr>\n<td>Biscuits et biscottes<\/td>\n<td>0,1 &#8211; 0,3 g\/kg<\/td>\n<\/tr>\n<tr>\n<td>Yaourt<\/td>\n<td>0,2 &#8211; 0,4 g\/kg<\/td>\n<\/tr>\n<tr>\n<td>Fromage<\/td>\n<td>0,1 &#8211; 0,3 g\/kg<\/td>\n<\/tr>\n<tr>\n<td>Saucisses<\/td>\n<td>0,1 &#8211; 0,3 g\/kg<\/td>\n<\/tr>\n<tr>\n<td>Sauces \u00e0 salade<\/td>\n<td>0,1 &#8211; 0,3 g\/kg<\/td>\n<\/tr>\n<tr>\n<td>L\u00e9gumes<\/td>\n<td>0,1 &#8211; 0,3 g\/kg<\/td>\n<\/tr>\n<tr>\n<td>Fruits<\/td>\n<td>0,1 &#8211; 0,3 g\/kg<\/td>\n<\/tr>\n<\/tbody>\n<\/table>\n<h2><span class=\"ez-toc-section\" id=\"Lacide_L-Lactique_a_un_large_eventail_dutilisations\"><\/span>L&rsquo;acide L-Lactique a un large \u00e9ventail d&rsquo;utilisations<span class=\"ez-toc-section-end\"><\/span><\/h2>\n<ol>\n<li>L&rsquo;acide L-lactique est principalement utilis\u00e9 comme exhausteur d&rsquo;acidit\u00e9 dans les aliments, apportant de l&rsquo;acidit\u00e9 et ajustant l&rsquo;\u00e9quilibre acido-basique des aliments. Il est souvent utilis\u00e9 dans les boissons, les bonbons, les assaisonnements et les produits de boulangerie pour am\u00e9liorer la superposition des saveurs.<\/li>\n<li>L&rsquo;acide L-lactique a des propri\u00e9t\u00e9s antibact\u00e9riennes naturelles, qui peuvent inhiber la croissance de certaines bact\u00e9ries, prolongeant ainsi la dur\u00e9e de conservation des aliments. Il est largement utilis\u00e9 dans les aliments en conserve, les aliments marin\u00e9s et les aliments cuits pour \u00e9viter la d\u00e9t\u00e9rioration des aliments.<\/li>\n<li>En tant que r\u00e9gulateur de pH, l&rsquo;acide L-lactique peut contr\u00f4ler le pH des aliments pour r\u00e9pondre aux exigences de transformation et de stockage. Il est utilis\u00e9 dans les yaourts, les produits laitiers, les condiments, etc. pour aider \u00e0 maintenir la stabilit\u00e9 et la qualit\u00e9 du produit.<\/li>\n<li>L&rsquo;acide L-lactique peut affecter la texture et le go\u00fbt des aliments, fournir une acidit\u00e9 appropri\u00e9e, rendre le go\u00fbt des aliments plus d\u00e9licat et est utilis\u00e9 dans les produits de boulangerie, les produits laitiers et les gel\u00e9es pour am\u00e9liorer le go\u00fbt et la structure des aliments.<\/li>\n<li>L&rsquo;acide L-lactique est utilis\u00e9 comme ingr\u00e9dient hydratant et exfoliant dans les produits de soins de la peau pour aider \u00e0 am\u00e9liorer la texture et la luminosit\u00e9 de la peau, et dans les produits de soins de la peau et les cosm\u00e9tiques tels que les cr\u00e8mes exfoliantes, les masques pour le visage et les lotions hydratantes pour am\u00e9liorer la sant\u00e9 et l&rsquo;apparence de la peau.<\/li>\n<\/ol>\n<h2><span class=\"ez-toc-section\" id=\"Question_posee_par_lutilisateur\"><\/span>Question pos\u00e9e par l&rsquo;utilisateur :<span class=\"ez-toc-section-end\"><\/span><\/h2>\n<p><strong>Question : \u00c0 quoi faut-il faire attention lors du transport ou de l&#8217;emballage de l&rsquo;acide L-lactique ?<\/strong><\/p>\n<p>R : L&rsquo;acide L-lactique \u00e0 usage alimentaire est conditionn\u00e9 dans des f\u00fbts en plastique destin\u00e9s aux r\u00e9actifs pharmaceutiques, scell\u00e9s et stock\u00e9s conform\u00e9ment aux r\u00e9glementations chimiques standard.<\/p>\n<p><strong>Question : L&rsquo;acide L-lactique peut-il vraiment \u00e9claircir les taches brunes ?<\/strong><\/p>\n<p>A : L&rsquo;acide L-lactique est un acide organique hydrosoluble qui a de multiples fonctions telles qu&rsquo;hydratant, antioxydant et exfoliant. Il inhibe \u00e9galement la formation de m\u00e9lanine, r\u00e9duit les taches et le chloasma et pr\u00e9sente un effet blanchissant.<\/p>\n","protected":false},"excerpt":{"rendered":"<ul>\n<li>CAS : 79-33-4<\/li>\n<li>Formule chimique: C<sub>3<\/sub>H<sub>6<\/sub>O<sub>3<\/sub><\/li>\n<li>Certifications : KOSHER, ISO, HALAL, FSSC 22000, BRC, etc.<\/li>\n<li>Standard:<\/li>\n<li>MOQ : 5MT<\/li>\n<li>Dur\u00e9e de conservation : 2 ans<\/li>\n<\/ul>\n","protected":false},"featured_media":9328,"template":"","meta":{"site-sidebar-layout":"default","site-content-layout":"","ast-site-content-layout":"default","site-content-style":"default","site-sidebar-style":"default","ast-global-header-display":"","ast-banner-title-visibility":"","ast-main-header-display":"","ast-hfb-above-header-display":"","ast-hfb-below-header-display":"","ast-hfb-mobile-header-display":"","site-post-title":"","ast-breadcrumbs-content":"","ast-featured-img":"","footer-sml-layout":"","theme-transparent-header-meta":"default","adv-header-id-meta":"","stick-header-meta":"","header-above-stick-meta":"","header-main-stick-meta":"","header-below-stick-meta":"","astra-migrate-meta-layouts":"set","ast-page-background-enabled":"default","ast-page-background-meta":{"desktop":{"background-color":"var(--ast-global-color-4)","background-image":"","background-repeat":"repeat","background-position":"center center","background-size":"auto","background-attachment":"scroll","background-type":"","background-media":"","overlay-type":"","overlay-color":"","overlay-opacity":"","overlay-gradient":""},"tablet":{"background-color":"","background-image":"","background-repeat":"repeat","background-position":"center center","background-size":"auto","background-attachment":"scroll","background-type":"","background-media":"","overlay-type":"","overlay-color":"","overlay-opacity":"","overlay-gradient":""},"mobile":{"background-color":"","background-image":"","background-repeat":"repeat","background-position":"center center","background-size":"auto","background-attachment":"scroll","background-type":"","background-media":"","overlay-type":"","overlay-color":"","overlay-opacity":"","overlay-gradient":""}},"ast-content-background-meta":{"desktop":{"background-color":"var(--ast-global-color-5)","background-image":"","background-repeat":"repeat","background-position":"center center","background-size":"auto","background-attachment":"scroll","background-type":"","background-media":"","overlay-type":"","overlay-color":"","overlay-opacity":"","overlay-gradient":""},"tablet":{"background-color":"var(--ast-global-color-5)","background-image":"","background-repeat":"repeat","background-position":"center center","background-size":"auto","background-attachment":"scroll","background-type":"","background-media":"","overlay-type":"","overlay-color":"","overlay-opacity":"","overlay-gradient":""},"mobile":{"background-color":"var(--ast-global-color-5)","background-image":"","background-repeat":"repeat","background-position":"center center","background-size":"auto","background-attachment":"scroll","background-type":"","background-media":"","overlay-type":"","overlay-color":"","overlay-opacity":"","overlay-gradient":""}}},"product_brand":[],"product_cat":[101],"product_tag":[],"class_list":{"0":"post-9327","1":"product","2":"type-product","3":"status-publish","4":"has-post-thumbnail","6":"product_cat-produit-acidulant","7":"desktop-align-center","8":"tablet-align-left","9":"mobile-align-left","11":"first","12":"instock","13":"shipping-taxable","14":"product-type-simple"},"yoast_head":"<!-- This site is optimized with the Yoast SEO plugin v26.5 - https:\/\/yoast.com\/wordpress\/plugins\/seo\/ -->\n<title>Acide Lactique Liquide, r\u00e9gulateur d&#039;acidit\u00e9 E270 Fournisseur | Niranbio Chemical<\/title>\n<meta name=\"description\" content=\"Notre acide L-lactique est un liquide incolore ou jaune clair, transparent, sans odeur exceptionnelle, ayant une saturation de max 50 Hazen frais, 80 Hazen chauff\u00e9.\" \/>\n<meta name=\"robots\" content=\"noindex, follow, max-snippet:-1, max-image-preview:large, max-video-preview:-1\" \/>\n<meta name=\"twitter:label1\" content=\"Dur\u00e9e de lecture estim\u00e9e\" \/>\n\t<meta name=\"twitter:data1\" content=\"4 minutes\" \/>\n<script type=\"application\/ld+json\" class=\"yoast-schema-graph\">{\"@context\":\"https:\/\/schema.org\",\"@graph\":[{\"@type\":\"WebPage\",\"@id\":\"https:\/\/theo.niranbio.com\/fr\/acide-l-lactique.html\",\"url\":\"https:\/\/theo.niranbio.com\/fr\/acide-l-lactique.html\",\"name\":\"Acide Lactique Liquide, r\u00e9gulateur d'acidit\u00e9 E270 Fournisseur | Niranbio Chemical\",\"isPartOf\":{\"@id\":\"https:\/\/theo.niranbio.com\/fr\/#website\"},\"primaryImageOfPage\":{\"@id\":\"https:\/\/theo.niranbio.com\/fr\/acide-l-lactique.html#primaryimage\"},\"image\":{\"@id\":\"https:\/\/theo.niranbio.com\/fr\/acide-l-lactique.html#primaryimage\"},\"thumbnailUrl\":\"https:\/\/theo.niranbio.com\/wp-content\/uploads\/2024\/06\/Lactic-Acid.webp\",\"datePublished\":\"2024-06-20T01:49:07+00:00\",\"dateModified\":\"2024-08-19T01:42:51+00:00\",\"description\":\"Notre acide L-lactique est un liquide incolore ou jaune clair, transparent, sans odeur exceptionnelle, ayant une saturation de max 50 Hazen frais, 80 Hazen chauff\u00e9.\",\"breadcrumb\":{\"@id\":\"https:\/\/theo.niranbio.com\/fr\/acide-l-lactique.html#breadcrumb\"},\"inLanguage\":\"fr-FR\",\"potentialAction\":[{\"@type\":\"ReadAction\",\"target\":[\"https:\/\/theo.niranbio.com\/fr\/acide-l-lactique.html\"]}]},{\"@type\":\"ImageObject\",\"inLanguage\":\"fr-FR\",\"@id\":\"https:\/\/theo.niranbio.com\/fr\/acide-l-lactique.html#primaryimage\",\"url\":\"https:\/\/theo.niranbio.com\/wp-content\/uploads\/2024\/06\/Lactic-Acid.webp\",\"contentUrl\":\"https:\/\/theo.niranbio.com\/wp-content\/uploads\/2024\/06\/Lactic-Acid.webp\",\"width\":600,\"height\":600,\"caption\":\"Acide lactique\"},{\"@type\":\"BreadcrumbList\",\"@id\":\"https:\/\/theo.niranbio.com\/fr\/acide-l-lactique.html#breadcrumb\",\"itemListElement\":[{\"@type\":\"ListItem\",\"position\":1,\"name\":\"Home\",\"item\":\"https:\/\/theo.niranbio.com\/fr\/\"},{\"@type\":\"ListItem\",\"position\":2,\"name\":\"Produits\",\"item\":\"https:\/\/theo.niranbio.com\/fr\/produits.html\"},{\"@type\":\"ListItem\",\"position\":3,\"name\":\"Acidulant\",\"item\":\"https:\/\/theo.niranbio.com\/fr\/produit-acidulant\/\"},{\"@type\":\"ListItem\",\"position\":4,\"name\":\"Acide L-Lactique\"}]},{\"@type\":\"WebSite\",\"@id\":\"https:\/\/theo.niranbio.com\/fr\/#website\",\"url\":\"https:\/\/theo.niranbio.com\/fr\/\",\"name\":\"Niranbio Chemical\",\"description\":\"\",\"publisher\":{\"@id\":\"https:\/\/theo.niranbio.com\/fr\/#organization\"},\"potentialAction\":[{\"@type\":\"SearchAction\",\"target\":{\"@type\":\"EntryPoint\",\"urlTemplate\":\"https:\/\/theo.niranbio.com\/fr\/?s={search_term_string}\"},\"query-input\":{\"@type\":\"PropertyValueSpecification\",\"valueRequired\":true,\"valueName\":\"search_term_string\"}}],\"inLanguage\":\"fr-FR\"},{\"@type\":\"Organization\",\"@id\":\"https:\/\/theo.niranbio.com\/fr\/#organization\",\"name\":\"Niranbio Chemical\",\"url\":\"https:\/\/theo.niranbio.com\/fr\/\",\"logo\":{\"@type\":\"ImageObject\",\"inLanguage\":\"fr-FR\",\"@id\":\"https:\/\/theo.niranbio.com\/fr\/#\/schema\/logo\/image\/\",\"url\":\"https:\/\/theo.niranbio.com\/wp-content\/uploads\/2024\/06\/Niranbio.png\",\"contentUrl\":\"https:\/\/theo.niranbio.com\/wp-content\/uploads\/2024\/06\/Niranbio.png\",\"width\":270,\"height\":100,\"caption\":\"Niranbio Chemical\"},\"image\":{\"@id\":\"https:\/\/theo.niranbio.com\/fr\/#\/schema\/logo\/image\/\"}}]}<\/script>\n<!-- \/ Yoast SEO plugin. -->","yoast_head_json":{"title":"Acide Lactique Liquide, r\u00e9gulateur d'acidit\u00e9 E270 Fournisseur | Niranbio Chemical","description":"Notre acide L-lactique est un liquide incolore ou jaune clair, transparent, sans odeur exceptionnelle, ayant une saturation de max 50 Hazen frais, 80 Hazen chauff\u00e9.","robots":{"index":"noindex","follow":"follow","max-snippet":"max-snippet:-1","max-image-preview":"max-image-preview:large","max-video-preview":"max-video-preview:-1"},"twitter_misc":{"Dur\u00e9e de lecture estim\u00e9e":"4 minutes"},"schema":{"@context":"https:\/\/schema.org","@graph":[{"@type":"WebPage","@id":"https:\/\/theo.niranbio.com\/fr\/acide-l-lactique.html","url":"https:\/\/theo.niranbio.com\/fr\/acide-l-lactique.html","name":"Acide Lactique Liquide, r\u00e9gulateur d'acidit\u00e9 E270 Fournisseur | Niranbio Chemical","isPartOf":{"@id":"https:\/\/theo.niranbio.com\/fr\/#website"},"primaryImageOfPage":{"@id":"https:\/\/theo.niranbio.com\/fr\/acide-l-lactique.html#primaryimage"},"image":{"@id":"https:\/\/theo.niranbio.com\/fr\/acide-l-lactique.html#primaryimage"},"thumbnailUrl":"https:\/\/theo.niranbio.com\/wp-content\/uploads\/2024\/06\/Lactic-Acid.webp","datePublished":"2024-06-20T01:49:07+00:00","dateModified":"2024-08-19T01:42:51+00:00","description":"Notre acide L-lactique est un liquide incolore ou jaune clair, transparent, sans odeur exceptionnelle, ayant une saturation de max 50 Hazen frais, 80 Hazen chauff\u00e9.","breadcrumb":{"@id":"https:\/\/theo.niranbio.com\/fr\/acide-l-lactique.html#breadcrumb"},"inLanguage":"fr-FR","potentialAction":[{"@type":"ReadAction","target":["https:\/\/theo.niranbio.com\/fr\/acide-l-lactique.html"]}]},{"@type":"ImageObject","inLanguage":"fr-FR","@id":"https:\/\/theo.niranbio.com\/fr\/acide-l-lactique.html#primaryimage","url":"https:\/\/theo.niranbio.com\/wp-content\/uploads\/2024\/06\/Lactic-Acid.webp","contentUrl":"https:\/\/theo.niranbio.com\/wp-content\/uploads\/2024\/06\/Lactic-Acid.webp","width":600,"height":600,"caption":"Acide lactique"},{"@type":"BreadcrumbList","@id":"https:\/\/theo.niranbio.com\/fr\/acide-l-lactique.html#breadcrumb","itemListElement":[{"@type":"ListItem","position":1,"name":"Home","item":"https:\/\/theo.niranbio.com\/fr\/"},{"@type":"ListItem","position":2,"name":"Produits","item":"https:\/\/theo.niranbio.com\/fr\/produits.html"},{"@type":"ListItem","position":3,"name":"Acidulant","item":"https:\/\/theo.niranbio.com\/fr\/produit-acidulant\/"},{"@type":"ListItem","position":4,"name":"Acide L-Lactique"}]},{"@type":"WebSite","@id":"https:\/\/theo.niranbio.com\/fr\/#website","url":"https:\/\/theo.niranbio.com\/fr\/","name":"Niranbio Chemical","description":"","publisher":{"@id":"https:\/\/theo.niranbio.com\/fr\/#organization"},"potentialAction":[{"@type":"SearchAction","target":{"@type":"EntryPoint","urlTemplate":"https:\/\/theo.niranbio.com\/fr\/?s={search_term_string}"},"query-input":{"@type":"PropertyValueSpecification","valueRequired":true,"valueName":"search_term_string"}}],"inLanguage":"fr-FR"},{"@type":"Organization","@id":"https:\/\/theo.niranbio.com\/fr\/#organization","name":"Niranbio Chemical","url":"https:\/\/theo.niranbio.com\/fr\/","logo":{"@type":"ImageObject","inLanguage":"fr-FR","@id":"https:\/\/theo.niranbio.com\/fr\/#\/schema\/logo\/image\/","url":"https:\/\/theo.niranbio.com\/wp-content\/uploads\/2024\/06\/Niranbio.png","contentUrl":"https:\/\/theo.niranbio.com\/wp-content\/uploads\/2024\/06\/Niranbio.png","width":270,"height":100,"caption":"Niranbio Chemical"},"image":{"@id":"https:\/\/theo.niranbio.com\/fr\/#\/schema\/logo\/image\/"}}]}},"_links":{"self":[{"href":"https:\/\/theo.niranbio.com\/fr\/wp-json\/wp\/v2\/product\/9327","targetHints":{"allow":["GET"]}}],"collection":[{"href":"https:\/\/theo.niranbio.com\/fr\/wp-json\/wp\/v2\/product"}],"about":[{"href":"https:\/\/theo.niranbio.com\/fr\/wp-json\/wp\/v2\/types\/product"}],"version-history":[{"count":0,"href":"https:\/\/theo.niranbio.com\/fr\/wp-json\/wp\/v2\/product\/9327\/revisions"}],"wp:featuredmedia":[{"embeddable":true,"href":"https:\/\/theo.niranbio.com\/fr\/wp-json\/wp\/v2\/media\/9328"}],"wp:attachment":[{"href":"https:\/\/theo.niranbio.com\/fr\/wp-json\/wp\/v2\/media?parent=9327"}],"wp:term":[{"taxonomy":"product_brand","embeddable":true,"href":"https:\/\/theo.niranbio.com\/fr\/wp-json\/wp\/v2\/product_brand?post=9327"},{"taxonomy":"product_cat","embeddable":true,"href":"https:\/\/theo.niranbio.com\/fr\/wp-json\/wp\/v2\/product_cat?post=9327"},{"taxonomy":"product_tag","embeddable":true,"href":"https:\/\/theo.niranbio.com\/fr\/wp-json\/wp\/v2\/product_tag?post=9327"}],"curies":[{"name":"wp","href":"https:\/\/api.w.org\/{rel}","templated":true}]}}