{"id":9321,"date":"2024-06-20T09:29:02","date_gmt":"2024-06-20T01:29:02","guid":{"rendered":"https:\/\/theo.niranbio.com\/stevia-biologique\/"},"modified":"2024-08-19T14:07:57","modified_gmt":"2024-08-19T06:07:57","slug":"stevia-biologique","status":"publish","type":"product","link":"https:\/\/theo.niranbio.com\/fr\/stevia-biologique.html","title":{"rendered":"Stevia biologique"},"content":{"rendered":"<h2><span class=\"ez-toc-section\" id=\"Quest-ce_que_la_Stevia\"><\/span>Qu&rsquo;est-ce que la Stevia ?<span class=\"ez-toc-section-end\"><\/span><\/h2>\n<p>La st\u00e9via est un \u00e9dulcorant naturel hypocalorique qui se pr\u00e9sente sous la forme d&rsquo;une poudre cristalline incolore, sans odeur et d&rsquo;une douceur pure. Bien que sa valeur calorifique ne soit que de 1\/300 de celle du saccharose, sa douceur est environ 300 fois sup\u00e9rieure \u00e0 celle du saccharose. Elle absorbe facilement l&rsquo;humidit\u00e9 de l&rsquo;air et est largement utilis\u00e9e dans diverses applications de l&rsquo;industrie alimentaire.<\/p>\n<p>La st\u00e9via est extraite en trempant les feuilles s\u00e9ch\u00e9es dans de l&rsquo;eau, en filtrant le liquide pour \u00e9liminer les tiges et les feuilles, puis en purifiant davantage le liquide \u00e0 l&rsquo;aide d&rsquo;alcool de qualit\u00e9 alimentaire ou d&rsquo;eau. Ce processus d&rsquo;extraction des plantes est enti\u00e8rement conventionnel. Le produit final est un \u00e9dulcorant tr\u00e8s sucr\u00e9, naturel et pur qui peut \u00eatre consomm\u00e9 r\u00e9guli\u00e8rement et qui n&rsquo;augmente ni ne diminue le taux de sucre dans le sang.<\/p>\n<h2><span class=\"ez-toc-section\" id=\"Parametres_associes\"><\/span>Param\u00e8tres associ\u00e9s :<span class=\"ez-toc-section-end\"><\/span><\/h2>\n<table>\n<tbody>\n<tr>\n<td><strong>POINTS<\/strong><\/td>\n<td><strong>SPECIFICATION<\/strong><\/td>\n<\/tr>\n<tr>\n<td>Oder<\/td>\n<td>Caract\u00e9ristique<\/td>\n<\/tr>\n<tr>\n<td>Teneur totale en glucosides\/%<\/td>\n<td>Plus de 99<\/td>\n<\/tr>\n<tr>\n<td>Rebaudioside A \/%<\/td>\n<td>Plus de 99<\/td>\n<\/tr>\n<tr>\n<td>St\u00e9vioside\/%<\/td>\n<td><\/td>\n<\/tr>\n<tr>\n<td>Rebaudioside C \/%<\/td>\n<td><\/td>\n<\/tr>\n<tr>\n<td>Douceur<\/td>\n<td>Plus de 450<\/td>\n<\/tr>\n<tr>\n<td>Rotation sp\u00e9cifique<\/td>\n<td>-30\u00b0~ -38\u00b0<\/td>\n<\/tr>\n<tr>\n<td>Absorption<\/td>\n<td>Moins de 0,05<\/td>\n<\/tr>\n<tr>\n<td>PH<\/td>\n<td>4.5-7.0<\/td>\n<\/tr>\n<tr>\n<td>R\u00e9sidu br\u00fbl\u00e9\/%<\/td>\n<td>Moins de 0,2<\/td>\n<\/tr>\n<tr>\n<td>Perte au s\u00e9chage\/%<\/td>\n<td>Moins de 5<\/td>\n<\/tr>\n<tr>\n<td>Plomb(Pb)\/(mg\/kg)<\/td>\n<td>Moins de 1<\/td>\n<\/tr>\n<tr>\n<td>Arsenic\/(mg\/kg)<\/td>\n<td>Moins de 1<\/td>\n<\/tr>\n<tr>\n<td>M\u00e9thanol\/(mg\/kg)<\/td>\n<td>Moins de 200<\/td>\n<\/tr>\n<tr>\n<td>\u00c9thanol\/(mg\/kg)<\/td>\n<td>Moins de 5000<\/td>\n<\/tr>\n<\/tbody>\n<\/table>\n<h2><span class=\"ez-toc-section\" id=\"Dosage_recommande\"><\/span>Dosage recommand\u00e9<span class=\"ez-toc-section-end\"><\/span><\/h2>\n<table>\n<tbody>\n<tr>\n<td><strong>Nom de l&rsquo;aliment<\/strong><\/td>\n<td><strong>Utilisation maximale (g\/kg)<\/strong><\/td>\n<\/tr>\n<tr>\n<td>Boissons gazeuses<\/td>\n<td>0,3 g\/kg<\/td>\n<\/tr>\n<tr>\n<td>Boissons au th\u00e9<\/td>\n<td>0,5 g\/kg<\/td>\n<\/tr>\n<tr>\n<td>Boissons aux fruits<\/td>\n<td>0,4 g\/kg<\/td>\n<\/tr>\n<tr>\n<td>Pain<\/td>\n<td>0,5 g\/kg<\/td>\n<\/tr>\n<tr>\n<td>G\u00e2teau<\/td>\n<td>0,6 g\/kg<\/td>\n<\/tr>\n<tr>\n<td>Biscuits<\/td>\n<td>0,5 g\/kg<\/td>\n<\/tr>\n<tr>\n<td>Yaourt<\/td>\n<td>0,5 g\/kg<\/td>\n<\/tr>\n<tr>\n<td>Lait<\/td>\n<td>0,4 g\/kg<\/td>\n<\/tr>\n<tr>\n<td>Milkshake<\/td>\n<td>0,5 g\/kg<\/td>\n<\/tr>\n<tr>\n<td>Bonbons mous<\/td>\n<td>0,8 g\/kg<\/td>\n<\/tr>\n<tr>\n<td>Bonbons durs<\/td>\n<td>0,6 g\/kg<\/td>\n<\/tr>\n<tr>\n<td>Chocolat<\/td>\n<td>0,5 g\/kg<\/td>\n<\/tr>\n<tr>\n<td>Sauce soja<\/td>\n<td>0,3 g\/kg<\/td>\n<\/tr>\n<tr>\n<td>Vinaigre<\/td>\n<td>0,3 g\/kg<\/td>\n<\/tr>\n<tr>\n<td>Ketchup<\/td>\n<td>0,5 g\/kg<\/td>\n<\/tr>\n<tr>\n<td>Jambon<\/td>\n<td>0,5 g\/kg<\/td>\n<\/tr>\n<tr>\n<td>Saucisse<\/td>\n<td>0,5 g\/kg<\/td>\n<\/tr>\n<\/tbody>\n<\/table>\n<h2><span class=\"ez-toc-section\" id=\"La_stevia_a_une_large_gamme_dutilisations\"><\/span>La st\u00e9via a une large gamme d&rsquo;utilisations<span class=\"ez-toc-section-end\"><\/span><\/h2>\n<ol>\n<li>Aliments et boissons : En tant qu&rsquo;\u00e9dulcorant naturel, la st\u00e9via est largement utilis\u00e9e dans la production de boissons, de jus de fruits, de yaourts, de glaces, de g\u00e2teaux et d&rsquo;autres aliments. Elle peut apporter de la douceur sans calories suppl\u00e9mentaires, elle a donc attir\u00e9 l&rsquo;attention dans le contr\u00f4le du poids et de la glyc\u00e9mie. La st\u00e9via est stable, il existe donc plusieurs fa\u00e7ons de la manipuler et de la stocker pour l&rsquo;utiliser dans les aliments.<\/li>\n<li>Assaisonnements : Dans les condiments tels que la sauce soja et le vinaigre, la st\u00e9via peut prolonger la dur\u00e9e de conservation des produits et am\u00e9liorer la saveur du produit. Il peut \u00e9galement \u00eatre utilis\u00e9 pour mariner les cornichons, ce qui donne au produit un go\u00fbt pur et d\u00e9licieux, stimule l&rsquo;app\u00e9tit, raccourcit le temps de d\u00e9capage, am\u00e9liore le taux de qualification du produit et pr\u00e9vient la d\u00e9shydratation.<\/li>\n<li>Produits de sant\u00e9 et m\u00e9dicaments : En raison de la forte douceur et des caract\u00e9ristiques hypocaloriques de la st\u00e9via, elle est \u00e9galement transform\u00e9e en divers produits de sant\u00e9, tels que les produits de perte de poids et les aliments sp\u00e9ciaux pour les diab\u00e9tiques. En outre, elle est \u00e9galement utilis\u00e9e pour fabriquer divers m\u00e9dicaments, tels que les produits de soins bucco-dentaires, les sirops contre la toux, etc. Le caract\u00e8re naturel et la forte douceur de la st\u00e9via la rendent de plus en plus largement utilis\u00e9e dans ces domaines.<\/li>\n<li>Produits de soins personnels : Dans certains produits de soins personnels, tels que le dentifrice, le shampoing, etc., la st\u00e9via est \u00e9galement utilis\u00e9e comme \u00e9dulcorant et conservateur. Elle est appropri\u00e9e pour la fabrication et le stockage de ces articles en raison de sa stabilit\u00e9.<\/li>\n<li>Autres applications : La st\u00e9via peut \u00e9galement \u00eatre utilis\u00e9e dans le vin de fruits pour am\u00e9liorer la saveur du vin de fruits, le rendant aigre-doux et modifiant la viscosit\u00e9 du vin de fruits. Dans les fruits confits, les fruits en conserve, les g\u00e2teaux aux fruits, les fruits froids et d&rsquo;autres produits, elle remplace une partie du saccharose et r\u00e9duit la teneur en sucre, ce qui les rend faibles en sucre et en valeur calorique, r\u00e9pondant \u00e0 la demande d&rsquo;aliments sains chez les gens modernes.<\/li>\n<\/ol>\n<h2><span class=\"ez-toc-section\" id=\"Question_posee_par_lutilisateur\"><\/span>Question pos\u00e9e par l&rsquo;utilisateur :<span class=\"ez-toc-section-end\"><\/span><\/h2>\n<p>Question : Pourquoi utiliser de la st\u00e9via plut\u00f4t que du sucre ?<\/p>\n<p>R\u00e9ponse :<\/p>\n<p><strong>Du point de vue de la sant\u00e9 :<\/strong><\/p>\n<p>1. La st\u00e9via ne contient presque pas de calories, ce qui convient parfaitement aux personnes qui doivent contr\u00f4ler leur poids ou leur apport calorique.<\/p>\n<p>2. Elle est sans danger pour les diab\u00e9tiques et n&rsquo;augmente pas sensiblement le taux de sucre dans le sang.<\/p>\n<p>3. La st\u00e9via n&rsquo;est pas facilement ferment\u00e9e par les bact\u00e9ries buccales et ne provoque pas de caries dentaires.<\/p>\n<p><strong>D&rsquo;un point de vue nutritionnel :<\/strong><\/p>\n<p>1. La st\u00e9via est d\u00e9riv\u00e9e de la plante naturelle st\u00e9via et est consid\u00e9r\u00e9e comme une option d&rsquo;\u00e9dulcorant plus saine.<\/p>\n<p>2. Des \u00e9tudes ont montr\u00e9 que la st\u00e9via n&rsquo;a pas d&rsquo;effets secondaires toxiques sur le corps humain et est relativement s\u00fbre pour une consommation \u00e0 long terme.<\/p>\n<p><strong>Du point de vue de la transformation des aliments :<\/strong><\/p>\n<p>1. La douceur de la st\u00e9via est 200 \u00e0 300 fois sup\u00e9rieure \u00e0 celle du saccharose, et seule une petite quantit\u00e9 est n\u00e9cessaire pour obtenir l&rsquo;effet sucrant id\u00e9al, r\u00e9duisant ainsi la quantit\u00e9 utilis\u00e9e.<\/p>\n<p>2. La st\u00e9via r\u00e9siste aux temp\u00e9ratures \u00e9lev\u00e9es et convient \u00e0 la p\u00e2tisserie et aux aliments transform\u00e9s \u00e0 haute temp\u00e9rature.<\/p>\n<p>3. La st\u00e9via est stable dans les environnements acides et alcalins et ne perdra pas sa douceur en raison des changements de pH.<\/p>\n<div id=\"highlighter--hover-tools\" style=\"display: none;\">\n<div id=\"highlighter--hover-tools--container\">\n<div class=\"highlighter--icon highlighter--icon-copy\" title=\"Copy\"><\/div>\n<div class=\"highlighter--icon highlighter--icon-change-color\" title=\"Change Color\"><\/div>\n<div class=\"highlighter--icon highlighter--icon-delete\" title=\"Delete\"><\/div>\n<\/div>\n<\/div>\n","protected":false},"excerpt":{"rendered":"<ul>\n<li>CAS: 57817-89-7<\/li>\n<li>Formule chimique: C<sub>38<\/sub>H<sub>60<\/sub>O<sub>18<\/sub><\/li>\n<li>Certifications : KOSHER, ISO, HALAL, FSSC 22000, BRC, etc.<\/li>\n<li>Quantit\u00e9 minimum de commande : 1000 kg<\/li>\n<li>Dur\u00e9e de conservation : 3 ans<\/li>\n<\/ul>\n<div id=\"highlighter--hover-tools\" style=\"display: none;\">\n<div id=\"highlighter--hover-tools--container\">\n<div class=\"highlighter--icon highlighter--icon-copy\" title=\"Copy\"><\/div>\n<div class=\"highlighter--icon highlighter--icon-change-color\" title=\"Change Color\"><\/div>\n<div class=\"highlighter--icon highlighter--icon-delete\" title=\"Delete\"><\/div>\n<\/div>\n<\/div>\n","protected":false},"featured_media":9322,"template":"","meta":{"site-sidebar-layout":"default","site-content-layout":"","ast-site-content-layout":"default","site-content-style":"default","site-sidebar-style":"default","ast-global-header-display":"","ast-banner-title-visibility":"","ast-main-header-display":"","ast-hfb-above-header-display":"","ast-hfb-below-header-display":"","ast-hfb-mobile-header-display":"","site-post-title":"","ast-breadcrumbs-content":"","ast-featured-img":"","footer-sml-layout":"","theme-transparent-header-meta":"default","adv-header-id-meta":"","stick-header-meta":"","header-above-stick-meta":"","header-main-stick-meta":"","header-below-stick-meta":"","astra-migrate-meta-layouts":"set","ast-page-background-enabled":"default","ast-page-background-meta":{"desktop":{"background-color":"var(--ast-global-color-4)","background-image":"","background-repeat":"repeat","background-position":"center center","background-size":"auto","background-attachment":"scroll","background-type":"","background-media":"","overlay-type":"","overlay-color":"","overlay-opacity":"","overlay-gradient":""},"tablet":{"background-color":"","background-image":"","background-repeat":"repeat","background-position":"center center","background-size":"auto","background-attachment":"scroll","background-type":"","background-media":"","overlay-type":"","overlay-color":"","overlay-opacity":"","overlay-gradient":""},"mobile":{"background-color":"","background-image":"","background-repeat":"repeat","background-position":"center center","background-size":"auto","background-attachment":"scroll","background-type":"","background-media":"","overlay-type":"","overlay-color":"","overlay-opacity":"","overlay-gradient":""}},"ast-content-background-meta":{"desktop":{"background-color":"var(--ast-global-color-5)","background-image":"","background-repeat":"repeat","background-position":"center center","background-size":"auto","background-attachment":"scroll","background-type":"","background-media":"","overlay-type":"","overlay-color":"","overlay-opacity":"","overlay-gradient":""},"tablet":{"background-color":"var(--ast-global-color-5)","background-image":"","background-repeat":"repeat","background-position":"center center","background-size":"auto","background-attachment":"scroll","background-type":"","background-media":"","overlay-type":"","overlay-color":"","overlay-opacity":"","overlay-gradient":""},"mobile":{"background-color":"var(--ast-global-color-5)","background-image":"","background-repeat":"repeat","background-position":"center center","background-size":"auto","background-attachment":"scroll","background-type":"","background-media":"","overlay-type":"","overlay-color":"","overlay-opacity":"","overlay-gradient":""}}},"product_brand":[],"product_cat":[111],"product_tag":[],"class_list":{"0":"post-9321","1":"product","2":"type-product","3":"status-publish","4":"has-post-thumbnail","6":"product_cat-produit-edulcorant","7":"desktop-align-center","8":"tablet-align-left","9":"mobile-align-left","11":"first","12":"instock","13":"shipping-taxable","14":"product-type-simple"},"yoast_head":"<!-- This site is optimized with the Yoast SEO plugin v26.5 - https:\/\/yoast.com\/wordpress\/plugins\/seo\/ -->\n<title>Stevia en Poudre Pas Cher, Fournisseur de E960 Pure | Niranbio Chemical<\/title>\n<meta name=\"description\" content=\"La st\u00e9via, une poudre cristalline incolore, est 300 fois plus sucr\u00e9e que le saccharose avec 1\/300 des calories, largement utilis\u00e9e dans l&#039;industrie alimentaire.\" \/>\n<meta name=\"robots\" content=\"noindex, follow, max-snippet:-1, max-image-preview:large, max-video-preview:-1\" \/>\n<meta name=\"twitter:label1\" content=\"Dur\u00e9e de lecture estim\u00e9e\" \/>\n\t<meta name=\"twitter:data1\" content=\"4 minutes\" \/>\n<script type=\"application\/ld+json\" class=\"yoast-schema-graph\">{\"@context\":\"https:\/\/schema.org\",\"@graph\":[{\"@type\":\"WebPage\",\"@id\":\"https:\/\/theo.niranbio.com\/fr\/stevia-biologique.html\",\"url\":\"https:\/\/theo.niranbio.com\/fr\/stevia-biologique.html\",\"name\":\"Stevia en Poudre Pas Cher, Fournisseur de E960 Pure | Niranbio Chemical\",\"isPartOf\":{\"@id\":\"https:\/\/theo.niranbio.com\/fr\/#website\"},\"primaryImageOfPage\":{\"@id\":\"https:\/\/theo.niranbio.com\/fr\/stevia-biologique.html#primaryimage\"},\"image\":{\"@id\":\"https:\/\/theo.niranbio.com\/fr\/stevia-biologique.html#primaryimage\"},\"thumbnailUrl\":\"https:\/\/theo.niranbio.com\/wp-content\/uploads\/2024\/06\/Stevia.webp\",\"datePublished\":\"2024-06-20T01:29:02+00:00\",\"dateModified\":\"2024-08-19T06:07:57+00:00\",\"description\":\"La st\u00e9via, une poudre cristalline incolore, est 300 fois plus sucr\u00e9e que le saccharose avec 1\/300 des calories, largement utilis\u00e9e dans l'industrie alimentaire.\",\"breadcrumb\":{\"@id\":\"https:\/\/theo.niranbio.com\/fr\/stevia-biologique.html#breadcrumb\"},\"inLanguage\":\"fr-FR\",\"potentialAction\":[{\"@type\":\"ReadAction\",\"target\":[\"https:\/\/theo.niranbio.com\/fr\/stevia-biologique.html\"]}]},{\"@type\":\"ImageObject\",\"inLanguage\":\"fr-FR\",\"@id\":\"https:\/\/theo.niranbio.com\/fr\/stevia-biologique.html#primaryimage\",\"url\":\"https:\/\/theo.niranbio.com\/wp-content\/uploads\/2024\/06\/Stevia.webp\",\"contentUrl\":\"https:\/\/theo.niranbio.com\/wp-content\/uploads\/2024\/06\/Stevia.webp\",\"width\":600,\"height\":600,\"caption\":\"St\u00e9via\"},{\"@type\":\"BreadcrumbList\",\"@id\":\"https:\/\/theo.niranbio.com\/fr\/stevia-biologique.html#breadcrumb\",\"itemListElement\":[{\"@type\":\"ListItem\",\"position\":1,\"name\":\"Home\",\"item\":\"https:\/\/theo.niranbio.com\/fr\/\"},{\"@type\":\"ListItem\",\"position\":2,\"name\":\"Produits\",\"item\":\"https:\/\/theo.niranbio.com\/fr\/produits.html\"},{\"@type\":\"ListItem\",\"position\":3,\"name\":\"\u00c9dulcorant\",\"item\":\"https:\/\/theo.niranbio.com\/fr\/produit-edulcorant\/\"},{\"@type\":\"ListItem\",\"position\":4,\"name\":\"Stevia biologique\"}]},{\"@type\":\"WebSite\",\"@id\":\"https:\/\/theo.niranbio.com\/fr\/#website\",\"url\":\"https:\/\/theo.niranbio.com\/fr\/\",\"name\":\"Niranbio Chemical\",\"description\":\"\",\"publisher\":{\"@id\":\"https:\/\/theo.niranbio.com\/fr\/#organization\"},\"potentialAction\":[{\"@type\":\"SearchAction\",\"target\":{\"@type\":\"EntryPoint\",\"urlTemplate\":\"https:\/\/theo.niranbio.com\/fr\/?s={search_term_string}\"},\"query-input\":{\"@type\":\"PropertyValueSpecification\",\"valueRequired\":true,\"valueName\":\"search_term_string\"}}],\"inLanguage\":\"fr-FR\"},{\"@type\":\"Organization\",\"@id\":\"https:\/\/theo.niranbio.com\/fr\/#organization\",\"name\":\"Niranbio Chemical\",\"url\":\"https:\/\/theo.niranbio.com\/fr\/\",\"logo\":{\"@type\":\"ImageObject\",\"inLanguage\":\"fr-FR\",\"@id\":\"https:\/\/theo.niranbio.com\/fr\/#\/schema\/logo\/image\/\",\"url\":\"https:\/\/theo.niranbio.com\/wp-content\/uploads\/2024\/06\/Niranbio.png\",\"contentUrl\":\"https:\/\/theo.niranbio.com\/wp-content\/uploads\/2024\/06\/Niranbio.png\",\"width\":270,\"height\":100,\"caption\":\"Niranbio Chemical\"},\"image\":{\"@id\":\"https:\/\/theo.niranbio.com\/fr\/#\/schema\/logo\/image\/\"}}]}<\/script>\n<!-- \/ Yoast SEO plugin. -->","yoast_head_json":{"title":"Stevia en Poudre Pas Cher, Fournisseur de E960 Pure | Niranbio Chemical","description":"La st\u00e9via, une poudre cristalline incolore, est 300 fois plus sucr\u00e9e que le saccharose avec 1\/300 des calories, largement utilis\u00e9e dans l'industrie alimentaire.","robots":{"index":"noindex","follow":"follow","max-snippet":"max-snippet:-1","max-image-preview":"max-image-preview:large","max-video-preview":"max-video-preview:-1"},"twitter_misc":{"Dur\u00e9e de lecture estim\u00e9e":"4 minutes"},"schema":{"@context":"https:\/\/schema.org","@graph":[{"@type":"WebPage","@id":"https:\/\/theo.niranbio.com\/fr\/stevia-biologique.html","url":"https:\/\/theo.niranbio.com\/fr\/stevia-biologique.html","name":"Stevia en Poudre Pas Cher, Fournisseur de E960 Pure | Niranbio Chemical","isPartOf":{"@id":"https:\/\/theo.niranbio.com\/fr\/#website"},"primaryImageOfPage":{"@id":"https:\/\/theo.niranbio.com\/fr\/stevia-biologique.html#primaryimage"},"image":{"@id":"https:\/\/theo.niranbio.com\/fr\/stevia-biologique.html#primaryimage"},"thumbnailUrl":"https:\/\/theo.niranbio.com\/wp-content\/uploads\/2024\/06\/Stevia.webp","datePublished":"2024-06-20T01:29:02+00:00","dateModified":"2024-08-19T06:07:57+00:00","description":"La st\u00e9via, une poudre cristalline incolore, est 300 fois plus sucr\u00e9e que le saccharose avec 1\/300 des calories, largement utilis\u00e9e dans l'industrie alimentaire.","breadcrumb":{"@id":"https:\/\/theo.niranbio.com\/fr\/stevia-biologique.html#breadcrumb"},"inLanguage":"fr-FR","potentialAction":[{"@type":"ReadAction","target":["https:\/\/theo.niranbio.com\/fr\/stevia-biologique.html"]}]},{"@type":"ImageObject","inLanguage":"fr-FR","@id":"https:\/\/theo.niranbio.com\/fr\/stevia-biologique.html#primaryimage","url":"https:\/\/theo.niranbio.com\/wp-content\/uploads\/2024\/06\/Stevia.webp","contentUrl":"https:\/\/theo.niranbio.com\/wp-content\/uploads\/2024\/06\/Stevia.webp","width":600,"height":600,"caption":"St\u00e9via"},{"@type":"BreadcrumbList","@id":"https:\/\/theo.niranbio.com\/fr\/stevia-biologique.html#breadcrumb","itemListElement":[{"@type":"ListItem","position":1,"name":"Home","item":"https:\/\/theo.niranbio.com\/fr\/"},{"@type":"ListItem","position":2,"name":"Produits","item":"https:\/\/theo.niranbio.com\/fr\/produits.html"},{"@type":"ListItem","position":3,"name":"\u00c9dulcorant","item":"https:\/\/theo.niranbio.com\/fr\/produit-edulcorant\/"},{"@type":"ListItem","position":4,"name":"Stevia biologique"}]},{"@type":"WebSite","@id":"https:\/\/theo.niranbio.com\/fr\/#website","url":"https:\/\/theo.niranbio.com\/fr\/","name":"Niranbio Chemical","description":"","publisher":{"@id":"https:\/\/theo.niranbio.com\/fr\/#organization"},"potentialAction":[{"@type":"SearchAction","target":{"@type":"EntryPoint","urlTemplate":"https:\/\/theo.niranbio.com\/fr\/?s={search_term_string}"},"query-input":{"@type":"PropertyValueSpecification","valueRequired":true,"valueName":"search_term_string"}}],"inLanguage":"fr-FR"},{"@type":"Organization","@id":"https:\/\/theo.niranbio.com\/fr\/#organization","name":"Niranbio Chemical","url":"https:\/\/theo.niranbio.com\/fr\/","logo":{"@type":"ImageObject","inLanguage":"fr-FR","@id":"https:\/\/theo.niranbio.com\/fr\/#\/schema\/logo\/image\/","url":"https:\/\/theo.niranbio.com\/wp-content\/uploads\/2024\/06\/Niranbio.png","contentUrl":"https:\/\/theo.niranbio.com\/wp-content\/uploads\/2024\/06\/Niranbio.png","width":270,"height":100,"caption":"Niranbio Chemical"},"image":{"@id":"https:\/\/theo.niranbio.com\/fr\/#\/schema\/logo\/image\/"}}]}},"_links":{"self":[{"href":"https:\/\/theo.niranbio.com\/fr\/wp-json\/wp\/v2\/product\/9321","targetHints":{"allow":["GET"]}}],"collection":[{"href":"https:\/\/theo.niranbio.com\/fr\/wp-json\/wp\/v2\/product"}],"about":[{"href":"https:\/\/theo.niranbio.com\/fr\/wp-json\/wp\/v2\/types\/product"}],"version-history":[{"count":0,"href":"https:\/\/theo.niranbio.com\/fr\/wp-json\/wp\/v2\/product\/9321\/revisions"}],"wp:featuredmedia":[{"embeddable":true,"href":"https:\/\/theo.niranbio.com\/fr\/wp-json\/wp\/v2\/media\/9322"}],"wp:attachment":[{"href":"https:\/\/theo.niranbio.com\/fr\/wp-json\/wp\/v2\/media?parent=9321"}],"wp:term":[{"taxonomy":"product_brand","embeddable":true,"href":"https:\/\/theo.niranbio.com\/fr\/wp-json\/wp\/v2\/product_brand?post=9321"},{"taxonomy":"product_cat","embeddable":true,"href":"https:\/\/theo.niranbio.com\/fr\/wp-json\/wp\/v2\/product_cat?post=9321"},{"taxonomy":"product_tag","embeddable":true,"href":"https:\/\/theo.niranbio.com\/fr\/wp-json\/wp\/v2\/product_tag?post=9321"}],"curies":[{"name":"wp","href":"https:\/\/api.w.org\/{rel}","templated":true}]}}