{"id":9317,"date":"2024-06-20T09:29:39","date_gmt":"2024-06-20T01:29:39","guid":{"rendered":"https:\/\/theo.niranbio.com\/extrait-de-malt-liquide\/"},"modified":"2024-08-19T14:10:07","modified_gmt":"2024-08-19T06:10:07","slug":"extrait-de-malt-liquide","status":"publish","type":"product","link":"https:\/\/theo.niranbio.com\/fr\/extrait-de-malt-liquide.html","title":{"rendered":"Extrait de malt liquide"},"content":{"rendered":"<h2><span class=\"ez-toc-section\" id=\"Quest-ce_que_lextrait_de_malt_liquide\"><\/span>Qu&rsquo;est-ce que l&rsquo;extrait de malt liquide ?<span class=\"ez-toc-section-end\"><\/span><\/h2>\n<p>L&rsquo;extrait de malt liquide est un aliment naturel qui provient enti\u00e8rement de c\u00e9r\u00e9ales. Il est fabriqu\u00e9 \u00e0 partir de malt d&rsquo;orge, d&rsquo;orge, d&rsquo;eau et d&rsquo;enzymes, puis est obtenu par criblage, d\u00e9corticage, broyage, saccharification, filtrage, \u00e9vaporation, emballage et autres m\u00e9thodes de traitement. Il se pr\u00e9sente sous la forme d&rsquo;un liquide visqueux brun, riche en maltose, fructose, glucose, acides amin\u00e9s essentiels pour le corps humain, vitamines multiples, etc. Dans plusieurs facettes de l&rsquo;industrie alimentaire, il est couramment utilis\u00e9.<\/p>\n<p>L&rsquo;extrait de malt liquide est fabriqu\u00e9 \u00e0 partir de malt d&rsquo;orge (orge) de haute qualit\u00e9 s\u00e9lectionn\u00e9 comme mati\u00e8re premi\u00e8re, qui est broy\u00e9 et hydrolys\u00e9 enzymatiquement en mo\u00fbt, puis filtr\u00e9 et concentr\u00e9 sous vide pour obtenir un extrait de malt liquide.<\/p>\n<h2><span class=\"ez-toc-section\" id=\"Parametres_associes\"><\/span>Param\u00e8tres associ\u00e9s :<span class=\"ez-toc-section-end\"><\/span><\/h2>\n<table>\n<tbody>\n<tr>\n<td><strong>Test<\/strong><\/td>\n<td><strong>R\u00e9sultat<\/strong><\/td>\n<\/tr>\n<tr>\n<td>Aspect<\/td>\n<td>Liquide visqueux de couleur brune<\/td>\n<\/tr>\n<tr>\n<td>Odeur et saveur<\/td>\n<td>Saveur de malt agr\u00e9able et caract\u00e9ristique, l\u00e9g\u00e8rement sucr\u00e9e<\/td>\n<\/tr>\n<tr>\n<td>Solide sec, %<\/td>\n<td>75-85<\/td>\n<\/tr>\n<tr>\n<td>Prot\u00e9ines (base s\u00e8che), en %.<\/td>\n<td>\u22654.2<\/td>\n<\/tr>\n<tr>\n<td>Valeur DE (%)<\/td>\n<td>30-60<\/td>\n<\/tr>\n<tr>\n<td>Couleur \u00e0 l&rsquo;\u00e9tat frais, EBC<\/td>\n<td>5-15<\/td>\n<\/tr>\n<tr>\n<td>Valeur du pH (solution \u00e0 10 %)<\/td>\n<td>5.0-6.0<\/td>\n<\/tr>\n<tr>\n<td>Acidit\u00e9, ml\/10g<\/td>\n<td>\u226418.0<\/td>\n<\/tr>\n<tr>\n<td>Cendres sulfat\u00e9es, %<\/td>\n<td>\u22642.7<\/td>\n<\/tr>\n<tr>\n<td>R\u00e9sidus de SO2, g\/kg<\/td>\n<td>\u22640.04<\/td>\n<\/tr>\n<tr>\n<td>Plomb (en tant que Pb), mg\/kg<\/td>\n<td>\u22640.5<\/td>\n<\/tr>\n<tr>\n<td>Arsenic total (en tant qu&rsquo;As), mg\/kg<\/td>\n<td>\u22641.0<\/td>\n<\/tr>\n<tr>\n<td>Cuivre (en tant que Cu), mg\/kg<\/td>\n<td>\u22645.0<\/td>\n<\/tr>\n<tr>\n<td>Comptage des plaques a\u00e9robies, cfu\/g<\/td>\n<td>\u22643000<\/td>\n<\/tr>\n<tr>\n<td>Coliformes, MPN\/g<\/td>\n<td>Maximum 0,3 Dosage recommand\u00e9<\/td>\n<\/tr>\n<\/tbody>\n<\/table>\n<h2><span class=\"ez-toc-section\" id=\"Dosage_recommande\"><\/span>Dosage recommand\u00e9<span class=\"ez-toc-section-end\"><\/span><\/h2>\n<table>\n<tbody>\n<tr>\n<td><strong>Nom de l&rsquo;aliment<\/strong><\/td>\n<td><strong>Utilisation maximale (g\/kg)<\/strong><\/td>\n<\/tr>\n<tr>\n<td>Boissons gazeuses<\/td>\n<td>3 g\/kg<\/td>\n<\/tr>\n<tr>\n<td>Boissons au th\u00e9<\/td>\n<td>4 g\/kg<\/td>\n<\/tr>\n<tr>\n<td>Boissons aux fruits<\/td>\n<td>5 g\/kg<\/td>\n<\/tr>\n<tr>\n<td>Pain<\/td>\n<td>15 g\/kg<\/td>\n<\/tr>\n<tr>\n<td>G\u00e2teau<\/td>\n<td>20 g\/kg<\/td>\n<\/tr>\n<tr>\n<td>Yaourt<\/td>\n<td>10 g\/kg<\/td>\n<\/tr>\n<tr>\n<td>Lait<\/td>\n<td>4 g\/kg<\/td>\n<\/tr>\n<tr>\n<td>Bonbons mous<\/td>\n<td>30 g\/kg<\/td>\n<\/tr>\n<tr>\n<td>Bonbons durs<\/td>\n<td>25 g\/kg<\/td>\n<\/tr>\n<tr>\n<td>Sauce soja<\/td>\n<td>5 g\/kg<\/td>\n<\/tr>\n<tr>\n<td>Vinaigre<\/td>\n<td>4 g\/kg<\/td>\n<\/tr>\n<tr>\n<td>Ketchup<\/td>\n<td>8 g\/kg<\/td>\n<\/tr>\n<tr>\n<td>Jambon<\/td>\n<td>10 g\/kg<\/td>\n<\/tr>\n<\/tbody>\n<\/table>\n<h2><span class=\"ez-toc-section\" id=\"Lextrait_de_malt_liquide_a_une_large_gamme_dutilisations\"><\/span>L&rsquo;extrait de malt liquide a une large gamme d&rsquo;utilisations<span class=\"ez-toc-section-end\"><\/span><\/h2>\n<ol>\n<li>Industrie alimentaire : Visqueux iDans le secteur alimentaire, l&rsquo;extrait de malt liquide est principalement utilis\u00e9 comme antioxydant et conservateur naturel. Les aliments peuvent \u00eatre conserv\u00e9s plus longtemps et ne pas se g\u00e2ter gr\u00e2ce \u00e0 leur dur\u00e9e de conservation prolong\u00e9e. De plus, l&rsquo;extrait de malt liquide a \u00e9galement des effets antibact\u00e9riens, antiviraux et anti-inflammatoires, qui peuvent am\u00e9liorer la fonction de sant\u00e9 des aliments. L&rsquo;extrait de malt \u00e9tant un ingr\u00e9dient naturel, il est de plus en plus appr\u00e9ci\u00e9 par les consommateurs.<\/li>\n<li>Industrie des boissons : L&rsquo;extrait de malt liquide est principalement utilis\u00e9 dans l&rsquo;industrie des boissons pour produire des boissons telles que la bi\u00e8re, le th\u00e9 au malt et le caf\u00e9 au malt. Dans la production de bi\u00e8re, l&rsquo;extrait de malt peut fournir le go\u00fbt et l&rsquo;ar\u00f4me uniques de la bi\u00e8re, tout en am\u00e9liorant la fonction de sant\u00e9 de la bi\u00e8re. Dans la production de th\u00e9 au malt et de caf\u00e9 au malt, l&rsquo;extrait de malt peut augmenter le go\u00fbt et la qualit\u00e9 de la boisson, la rendant plus d\u00e9licieuse.<\/li>\n<li>Domaine pharmaceutique : L&rsquo;extrait de malt liquide pr\u00e9sente une vari\u00e9t\u00e9 d&rsquo;effets pharmacologiques dans le domaine pharmaceutique, tels qu&rsquo;anti-inflammatoire, antioxydant, antibact\u00e9rien et antiviral. Par cons\u00e9quent, une large gamme de m\u00e9dicaments, notamment ceux pour le c\u0153ur, le cancer et l&rsquo;inflammation, peuvent \u00eatre fabriqu\u00e9s \u00e0 partir d&rsquo;extrait de malt. 4. Autres domaines : En plus des domaines ci-dessus, l&rsquo;extrait de malt liquide peut \u00e9galement \u00eatre utilis\u00e9 dans les aliments pour animaux de compagnie, les aliments pour animaux, les cosm\u00e9tiques et les pesticides biologiques.<\/li>\n<\/ol>\n<h2><span class=\"ez-toc-section\" id=\"Question_posee_par_lutilisateur\"><\/span>Question pos\u00e9e par l&rsquo;utilisateur :<span class=\"ez-toc-section-end\"><\/span><\/h2>\n<p>Question : Quels sont les avantages de l&rsquo;extrait de malt liquide par rapport \u00e0 l&rsquo;extrait de malt sec ?<\/p>\n<p>R\u00e9ponse : L&rsquo;extrait de malt liquide est plus facile \u00e0 m\u00e9langer avec d&rsquo;autres ingr\u00e9dients liquides, en particulier dans les boissons et les aliments liquides. Il ne n\u00e9cessite pas d&rsquo;\u00e9tapes de dissolution suppl\u00e9mentaires pendant le processus de production et peut \u00eatre utilis\u00e9 directement. Dans certaines applications, la forme liquide peut offrir une texture plus lisse et un meilleur go\u00fbt.<\/p>\n","protected":false},"excerpt":{"rendered":"<ul>\n<li>CAS: 8002-48-0<\/li>\n<li>Certifications : KOSHER, ISO, HALAL, FSSC 22000, BRC, etc.<\/li>\n<li>Quantit\u00e9 minimum de commande : 1000 kg<\/li>\n<li>Dur\u00e9e de conservation : 2 ans<\/li>\n<\/ul>\n","protected":false},"featured_media":9318,"template":"","meta":{"site-sidebar-layout":"default","site-content-layout":"","ast-site-content-layout":"default","site-content-style":"default","site-sidebar-style":"default","ast-global-header-display":"","ast-banner-title-visibility":"","ast-main-header-display":"","ast-hfb-above-header-display":"","ast-hfb-below-header-display":"","ast-hfb-mobile-header-display":"","site-post-title":"","ast-breadcrumbs-content":"","ast-featured-img":"","footer-sml-layout":"","theme-transparent-header-meta":"default","adv-header-id-meta":"","stick-header-meta":"","header-above-stick-meta":"","header-main-stick-meta":"","header-below-stick-meta":"","astra-migrate-meta-layouts":"set","ast-page-background-enabled":"default","ast-page-background-meta":{"desktop":{"background-color":"var(--ast-global-color-4)","background-image":"","background-repeat":"repeat","background-position":"center center","background-size":"auto","background-attachment":"scroll","background-type":"","background-media":"","overlay-type":"","overlay-color":"","overlay-opacity":"","overlay-gradient":""},"tablet":{"background-color":"","background-image":"","background-repeat":"repeat","background-position":"center center","background-size":"auto","background-attachment":"scroll","background-type":"","background-media":"","overlay-type":"","overlay-color":"","overlay-opacity":"","overlay-gradient":""},"mobile":{"background-color":"","background-image":"","background-repeat":"repeat","background-position":"center center","background-size":"auto","background-attachment":"scroll","background-type":"","background-media":"","overlay-type":"","overlay-color":"","overlay-opacity":"","overlay-gradient":""}},"ast-content-background-meta":{"desktop":{"background-color":"var(--ast-global-color-5)","background-image":"","background-repeat":"repeat","background-position":"center center","background-size":"auto","background-attachment":"scroll","background-type":"","background-media":"","overlay-type":"","overlay-color":"","overlay-opacity":"","overlay-gradient":""},"tablet":{"background-color":"var(--ast-global-color-5)","background-image":"","background-repeat":"repeat","background-position":"center center","background-size":"auto","background-attachment":"scroll","background-type":"","background-media":"","overlay-type":"","overlay-color":"","overlay-opacity":"","overlay-gradient":""},"mobile":{"background-color":"var(--ast-global-color-5)","background-image":"","background-repeat":"repeat","background-position":"center center","background-size":"auto","background-attachment":"scroll","background-type":"","background-media":"","overlay-type":"","overlay-color":"","overlay-opacity":"","overlay-gradient":""}}},"product_brand":[],"product_cat":[111],"product_tag":[],"class_list":{"0":"post-9317","1":"product","2":"type-product","3":"status-publish","4":"has-post-thumbnail","6":"product_cat-produit-edulcorant","7":"desktop-align-center","8":"tablet-align-left","9":"mobile-align-left","11":"first","12":"instock","13":"shipping-taxable","14":"product-type-simple"},"yoast_head":"<!-- This site is optimized with the Yoast SEO plugin v26.5 - https:\/\/yoast.com\/wordpress\/plugins\/seo\/ -->\n<title>Fabricant d&#039;extrait de Malt, Extrait de Malt Liquide Biologique | Niranbio Chemical<\/title>\n<meta name=\"description\" content=\"Notre extrait de malt riche en nutriments offre une saveur douce et malt\u00e9e id\u00e9ale pour le brassage et la p\u00e2tisserie, am\u00e9liorant la fermentation, la couleur, la saveur et les bienfaits nutritionnels.\" \/>\n<meta name=\"robots\" content=\"noindex, follow, max-snippet:-1, max-image-preview:large, max-video-preview:-1\" \/>\n<meta name=\"twitter:label1\" content=\"Dur\u00e9e de lecture estim\u00e9e\" \/>\n\t<meta name=\"twitter:data1\" content=\"3 minutes\" \/>\n<script type=\"application\/ld+json\" class=\"yoast-schema-graph\">{\"@context\":\"https:\/\/schema.org\",\"@graph\":[{\"@type\":\"WebPage\",\"@id\":\"https:\/\/theo.niranbio.com\/fr\/extrait-de-malt-liquide.html\",\"url\":\"https:\/\/theo.niranbio.com\/fr\/extrait-de-malt-liquide.html\",\"name\":\"Fabricant d'extrait de Malt, Extrait de Malt Liquide Biologique | Niranbio Chemical\",\"isPartOf\":{\"@id\":\"https:\/\/theo.niranbio.com\/fr\/#website\"},\"primaryImageOfPage\":{\"@id\":\"https:\/\/theo.niranbio.com\/fr\/extrait-de-malt-liquide.html#primaryimage\"},\"image\":{\"@id\":\"https:\/\/theo.niranbio.com\/fr\/extrait-de-malt-liquide.html#primaryimage\"},\"thumbnailUrl\":\"https:\/\/theo.niranbio.com\/wp-content\/uploads\/2024\/06\/Liquid-Malt-Extract.webp\",\"datePublished\":\"2024-06-20T01:29:39+00:00\",\"dateModified\":\"2024-08-19T06:10:07+00:00\",\"description\":\"Notre extrait de malt riche en nutriments offre une saveur douce et malt\u00e9e id\u00e9ale pour le brassage et la p\u00e2tisserie, am\u00e9liorant la fermentation, la couleur, la saveur et les bienfaits nutritionnels.\",\"breadcrumb\":{\"@id\":\"https:\/\/theo.niranbio.com\/fr\/extrait-de-malt-liquide.html#breadcrumb\"},\"inLanguage\":\"fr-FR\",\"potentialAction\":[{\"@type\":\"ReadAction\",\"target\":[\"https:\/\/theo.niranbio.com\/fr\/extrait-de-malt-liquide.html\"]}]},{\"@type\":\"ImageObject\",\"inLanguage\":\"fr-FR\",\"@id\":\"https:\/\/theo.niranbio.com\/fr\/extrait-de-malt-liquide.html#primaryimage\",\"url\":\"https:\/\/theo.niranbio.com\/wp-content\/uploads\/2024\/06\/Liquid-Malt-Extract.webp\",\"contentUrl\":\"https:\/\/theo.niranbio.com\/wp-content\/uploads\/2024\/06\/Liquid-Malt-Extract.webp\",\"width\":600,\"height\":600,\"caption\":\"Extrait de malt liquide\"},{\"@type\":\"BreadcrumbList\",\"@id\":\"https:\/\/theo.niranbio.com\/fr\/extrait-de-malt-liquide.html#breadcrumb\",\"itemListElement\":[{\"@type\":\"ListItem\",\"position\":1,\"name\":\"Home\",\"item\":\"https:\/\/theo.niranbio.com\/fr\/\"},{\"@type\":\"ListItem\",\"position\":2,\"name\":\"Produits\",\"item\":\"https:\/\/theo.niranbio.com\/fr\/produits.html\"},{\"@type\":\"ListItem\",\"position\":3,\"name\":\"\u00c9dulcorant\",\"item\":\"https:\/\/theo.niranbio.com\/fr\/produit-edulcorant\/\"},{\"@type\":\"ListItem\",\"position\":4,\"name\":\"Extrait de malt liquide\"}]},{\"@type\":\"WebSite\",\"@id\":\"https:\/\/theo.niranbio.com\/fr\/#website\",\"url\":\"https:\/\/theo.niranbio.com\/fr\/\",\"name\":\"Niranbio Chemical\",\"description\":\"\",\"publisher\":{\"@id\":\"https:\/\/theo.niranbio.com\/fr\/#organization\"},\"potentialAction\":[{\"@type\":\"SearchAction\",\"target\":{\"@type\":\"EntryPoint\",\"urlTemplate\":\"https:\/\/theo.niranbio.com\/fr\/?s={search_term_string}\"},\"query-input\":{\"@type\":\"PropertyValueSpecification\",\"valueRequired\":true,\"valueName\":\"search_term_string\"}}],\"inLanguage\":\"fr-FR\"},{\"@type\":\"Organization\",\"@id\":\"https:\/\/theo.niranbio.com\/fr\/#organization\",\"name\":\"Niranbio Chemical\",\"url\":\"https:\/\/theo.niranbio.com\/fr\/\",\"logo\":{\"@type\":\"ImageObject\",\"inLanguage\":\"fr-FR\",\"@id\":\"https:\/\/theo.niranbio.com\/fr\/#\/schema\/logo\/image\/\",\"url\":\"https:\/\/theo.niranbio.com\/wp-content\/uploads\/2024\/06\/Niranbio.png\",\"contentUrl\":\"https:\/\/theo.niranbio.com\/wp-content\/uploads\/2024\/06\/Niranbio.png\",\"width\":270,\"height\":100,\"caption\":\"Niranbio Chemical\"},\"image\":{\"@id\":\"https:\/\/theo.niranbio.com\/fr\/#\/schema\/logo\/image\/\"}}]}<\/script>\n<!-- \/ Yoast SEO plugin. -->","yoast_head_json":{"title":"Fabricant d'extrait de Malt, Extrait de Malt Liquide Biologique | Niranbio Chemical","description":"Notre extrait de malt riche en nutriments offre une saveur douce et malt\u00e9e id\u00e9ale pour le brassage et la p\u00e2tisserie, am\u00e9liorant la fermentation, la couleur, la saveur et les bienfaits nutritionnels.","robots":{"index":"noindex","follow":"follow","max-snippet":"max-snippet:-1","max-image-preview":"max-image-preview:large","max-video-preview":"max-video-preview:-1"},"twitter_misc":{"Dur\u00e9e de lecture estim\u00e9e":"3 minutes"},"schema":{"@context":"https:\/\/schema.org","@graph":[{"@type":"WebPage","@id":"https:\/\/theo.niranbio.com\/fr\/extrait-de-malt-liquide.html","url":"https:\/\/theo.niranbio.com\/fr\/extrait-de-malt-liquide.html","name":"Fabricant d'extrait de Malt, Extrait de Malt Liquide Biologique | Niranbio Chemical","isPartOf":{"@id":"https:\/\/theo.niranbio.com\/fr\/#website"},"primaryImageOfPage":{"@id":"https:\/\/theo.niranbio.com\/fr\/extrait-de-malt-liquide.html#primaryimage"},"image":{"@id":"https:\/\/theo.niranbio.com\/fr\/extrait-de-malt-liquide.html#primaryimage"},"thumbnailUrl":"https:\/\/theo.niranbio.com\/wp-content\/uploads\/2024\/06\/Liquid-Malt-Extract.webp","datePublished":"2024-06-20T01:29:39+00:00","dateModified":"2024-08-19T06:10:07+00:00","description":"Notre extrait de malt riche en nutriments offre une saveur douce et malt\u00e9e id\u00e9ale pour le brassage et la p\u00e2tisserie, am\u00e9liorant la fermentation, la couleur, la saveur et les bienfaits nutritionnels.","breadcrumb":{"@id":"https:\/\/theo.niranbio.com\/fr\/extrait-de-malt-liquide.html#breadcrumb"},"inLanguage":"fr-FR","potentialAction":[{"@type":"ReadAction","target":["https:\/\/theo.niranbio.com\/fr\/extrait-de-malt-liquide.html"]}]},{"@type":"ImageObject","inLanguage":"fr-FR","@id":"https:\/\/theo.niranbio.com\/fr\/extrait-de-malt-liquide.html#primaryimage","url":"https:\/\/theo.niranbio.com\/wp-content\/uploads\/2024\/06\/Liquid-Malt-Extract.webp","contentUrl":"https:\/\/theo.niranbio.com\/wp-content\/uploads\/2024\/06\/Liquid-Malt-Extract.webp","width":600,"height":600,"caption":"Extrait de malt liquide"},{"@type":"BreadcrumbList","@id":"https:\/\/theo.niranbio.com\/fr\/extrait-de-malt-liquide.html#breadcrumb","itemListElement":[{"@type":"ListItem","position":1,"name":"Home","item":"https:\/\/theo.niranbio.com\/fr\/"},{"@type":"ListItem","position":2,"name":"Produits","item":"https:\/\/theo.niranbio.com\/fr\/produits.html"},{"@type":"ListItem","position":3,"name":"\u00c9dulcorant","item":"https:\/\/theo.niranbio.com\/fr\/produit-edulcorant\/"},{"@type":"ListItem","position":4,"name":"Extrait de malt liquide"}]},{"@type":"WebSite","@id":"https:\/\/theo.niranbio.com\/fr\/#website","url":"https:\/\/theo.niranbio.com\/fr\/","name":"Niranbio Chemical","description":"","publisher":{"@id":"https:\/\/theo.niranbio.com\/fr\/#organization"},"potentialAction":[{"@type":"SearchAction","target":{"@type":"EntryPoint","urlTemplate":"https:\/\/theo.niranbio.com\/fr\/?s={search_term_string}"},"query-input":{"@type":"PropertyValueSpecification","valueRequired":true,"valueName":"search_term_string"}}],"inLanguage":"fr-FR"},{"@type":"Organization","@id":"https:\/\/theo.niranbio.com\/fr\/#organization","name":"Niranbio Chemical","url":"https:\/\/theo.niranbio.com\/fr\/","logo":{"@type":"ImageObject","inLanguage":"fr-FR","@id":"https:\/\/theo.niranbio.com\/fr\/#\/schema\/logo\/image\/","url":"https:\/\/theo.niranbio.com\/wp-content\/uploads\/2024\/06\/Niranbio.png","contentUrl":"https:\/\/theo.niranbio.com\/wp-content\/uploads\/2024\/06\/Niranbio.png","width":270,"height":100,"caption":"Niranbio Chemical"},"image":{"@id":"https:\/\/theo.niranbio.com\/fr\/#\/schema\/logo\/image\/"}}]}},"_links":{"self":[{"href":"https:\/\/theo.niranbio.com\/fr\/wp-json\/wp\/v2\/product\/9317","targetHints":{"allow":["GET"]}}],"collection":[{"href":"https:\/\/theo.niranbio.com\/fr\/wp-json\/wp\/v2\/product"}],"about":[{"href":"https:\/\/theo.niranbio.com\/fr\/wp-json\/wp\/v2\/types\/product"}],"version-history":[{"count":0,"href":"https:\/\/theo.niranbio.com\/fr\/wp-json\/wp\/v2\/product\/9317\/revisions"}],"wp:featuredmedia":[{"embeddable":true,"href":"https:\/\/theo.niranbio.com\/fr\/wp-json\/wp\/v2\/media\/9318"}],"wp:attachment":[{"href":"https:\/\/theo.niranbio.com\/fr\/wp-json\/wp\/v2\/media?parent=9317"}],"wp:term":[{"taxonomy":"product_brand","embeddable":true,"href":"https:\/\/theo.niranbio.com\/fr\/wp-json\/wp\/v2\/product_brand?post=9317"},{"taxonomy":"product_cat","embeddable":true,"href":"https:\/\/theo.niranbio.com\/fr\/wp-json\/wp\/v2\/product_cat?post=9317"},{"taxonomy":"product_tag","embeddable":true,"href":"https:\/\/theo.niranbio.com\/fr\/wp-json\/wp\/v2\/product_tag?post=9317"}],"curies":[{"name":"wp","href":"https:\/\/api.w.org\/{rel}","templated":true}]}}