{"id":9314,"date":"2024-06-20T09:30:17","date_gmt":"2024-06-20T01:30:17","guid":{"rendered":"https:\/\/theo.niranbio.com\/allulose\/"},"modified":"2024-08-19T14:11:12","modified_gmt":"2024-08-19T06:11:12","slug":"allulose","status":"publish","type":"product","link":"https:\/\/theo.niranbio.com\/fr\/allulose.html","title":{"rendered":"Allulose"},"content":{"rendered":"<h2><span class=\"ez-toc-section\" id=\"Quest-ce_que_lallulose\"><\/span>Qu&rsquo;est-ce que l&rsquo;allulose ?<span class=\"ez-toc-section-end\"><\/span><\/h2>\n<p>Une c\u00e9tose \u00e0 six carbones peu commune, connue sous le nom de cellulose, est de couleur blanche, en granules ou en poudre. Elle est presque enti\u00e8rement sans calories et pr\u00e9sente des avantages uniques pour la sant\u00e9, comme la r\u00e9gulation de la glyc\u00e9mie. Elle est \u00e9valu\u00e9e par l&rsquo;American Food Navigation Network comme le substitut de saccharose le plus prometteur et est largement utilis\u00e9e dans les industries alimentaires et pharmaceutiques.<\/p>\n<p>La production d&rsquo;allulose \u00e9tait \u00e0 l&rsquo;origine principalement constitu\u00e9e de glucides, g\u00e9n\u00e9ralement d&rsquo;amidon, de pectine, de glucose, etc. Ces mati\u00e8res premi\u00e8res sont converties en glucose ou en fructose par hydrolyse enzymatique ou hydrolyse acide \u00e0 une temp\u00e9rature et un pH appropri\u00e9s, puis filtr\u00e9es, cristallis\u00e9es, s\u00e9ch\u00e9es, etc. pour finalement obtenir le produit fini.<\/p>\n<h2><span class=\"ez-toc-section\" id=\"Parametres_associes\"><\/span>Param\u00e8tres associ\u00e9s :<span class=\"ez-toc-section-end\"><\/span><\/h2>\n<table>\n<tbody>\n<tr>\n<td><strong>POINTS<\/strong><\/td>\n<td><strong>Index<\/strong><\/td>\n<\/tr>\n<tr>\n<td>D-Teneur en allulose (base s\u00e8che)\uff0c% \u2265<\/td>\n<td>98<\/td>\n<\/tr>\n<tr>\n<td>R\u00e9sidu d&rsquo;allumage\uff0c% \u2264<\/td>\n<td>0.1<\/td>\n<\/tr>\n<tr>\n<td>Perte au s\u00e9chage\uff0c% \u2264<\/td>\n<td>1.0<\/td>\n<\/tr>\n<tr>\n<td>Plomb\uff08Pb\uff09mg\/kg<\/td>\n<td>\u2264 0.5<\/td>\n<\/tr>\n<tr>\n<td>Arsenic(AS) mg\/kg<\/td>\n<td>\u2264 0.5<\/td>\n<\/tr>\n<tr>\n<td>pH<\/td>\n<td>3.0\uff5e7.0<\/td>\n<\/tr>\n<tr>\n<td>Nombre total de plaques\uff0cCFU\/g<\/td>\n<td>\u2264 100<\/td>\n<\/tr>\n<tr>\n<td>Moisissures et levures, CFU\/g<\/td>\n<td>\u2264 50<\/td>\n<\/tr>\n<\/tbody>\n<\/table>\n<h2><span class=\"ez-toc-section\" id=\"Dosage_recommande\"><\/span>Dosage recommand\u00e9<span class=\"ez-toc-section-end\"><\/span><\/h2>\n<table>\n<tbody>\n<tr>\n<td><strong>Nom de l&rsquo;aliment<\/strong><\/td>\n<td><strong>Utilisation maximale (g\/kg)<\/strong><\/td>\n<\/tr>\n<tr>\n<td>Boissons<\/td>\n<td>1 g\/kg<\/td>\n<\/tr>\n<tr>\n<td>Boulangerie<\/td>\n<td>5 g\/kg<\/td>\n<\/tr>\n<tr>\n<td>Confiture<\/td>\n<td>5 g\/kg<\/td>\n<\/tr>\n<tr>\n<td>Produits laitiers<\/td>\n<td>5 g\/kg<\/td>\n<\/tr>\n<tr>\n<td>Sauce pour salade<\/td>\n<td>5 g\/kg<\/td>\n<\/tr>\n<tr>\n<td>Sauce<\/td>\n<td>5 g\/kg<\/td>\n<\/tr>\n<tr>\n<td>Aliment \u00e0 faible valeur \u00e9nerg\u00e9tique<\/td>\n<td>5 g\/kg<\/td>\n<\/tr>\n<tr>\n<td>Aliments surgel\u00e9s<\/td>\n<td>5 g\/kg<\/td>\n<\/tr>\n<tr>\n<td>Fruits en conserve<\/td>\n<td>5 g\/kg<\/td>\n<\/tr>\n<tr>\n<td>Produits \u00e0 base de chocolat<\/td>\n<td>5 g\/kg<\/td>\n<\/tr>\n<tr>\n<td>Yaourt<\/td>\n<td>5 g\/kg<\/td>\n<\/tr>\n<\/tbody>\n<\/table>\n<h2><span class=\"ez-toc-section\" id=\"Lallulose_a_une_large_gamme_dutilisations\"><\/span>L&rsquo;allulose a une large gamme d&rsquo;utilisations<span class=\"ez-toc-section-end\"><\/span><\/h2>\n<ol>\n<li>Faible en calories : l&rsquo;allose a environ 70 % de la douceur du saccharose mais beaucoup moins de calories, seulement un dixi\u00e8me de celle du saccharose. Selon la r\u00e9glementation de la FDA, l&rsquo;allose fournit 0,4 kcal\/g. Contrairement aux alcools de sucre, la cellulose ne d\u00e9range pas l&rsquo;estomac car elle n&rsquo;est pas dig\u00e9r\u00e9e par l&rsquo;organisme et ne fermente pas rapidement dans les intestins.<\/li>\n<li>Go\u00fbt proche du saccharose : l&rsquo;allose a un go\u00fbt proche du saccharose, offrant une douceur douce, d\u00e9licate et pure semblable au saccharose de haute puret\u00e9. Il stimule les papilles gustatives plus rapidement que le saccharose et ne laisse aucun arri\u00e8re-go\u00fbt d\u00e9sagr\u00e9able. Sa douceur reste constante \u00e0 diff\u00e9rentes temp\u00e9ratures, offrant une douceur pure dans toutes les conditions.<\/li>\n<li>Am\u00e9liorer la qualit\u00e9 du produit : gr\u00e2ce \u00e0 la r\u00e9action de Maillard, la cellulose et la prot\u00e9ine de blanc d&rsquo;\u0153uf peuvent cr\u00e9er une structure de r\u00e9ticulation sup\u00e9rieure qui am\u00e9liore la texture des aliments et produit des compos\u00e9s aux puissantes propri\u00e9t\u00e9s antioxydantes. En r\u00e9duisant les pertes par oxydation pendant la transformation et le stockage des aliments, ces antioxydants aident. Le remplacement d&rsquo;une partie du saccharose par de l&rsquo;allulose dans les g\u00e2teaux peut g\u00e9n\u00e9rer une quantit\u00e9 importante de composants antioxydants via la r\u00e9action de Maillard, am\u00e9liorant ainsi la qualit\u00e9 globale du g\u00e2teau.<\/li>\n<\/ol>\n<h2><span class=\"ez-toc-section\" id=\"Question_posee_par_lutilisateur\"><\/span>Question pos\u00e9e par l&rsquo;utilisateur :<span class=\"ez-toc-section-end\"><\/span><\/h2>\n<p>Question : Quels sont les avantages de l&rsquo;allose par rapport \u00e0 l&rsquo;\u00e9rythritol ?<\/p>\n<p>R\u00e9ponse : L&rsquo;allose et l&rsquo;\u00e9rythritol sont tous deux des \u00e9dulcorants hypocaloriques couramment utilis\u00e9s, mais ils pr\u00e9sentent des avantages diff\u00e9rents en termes de fonction et d&rsquo;application.<\/p>\n<p>Premi\u00e8rement : l&rsquo;allose est environ 70 % aussi sucr\u00e9e que le saccharose, tandis que l&rsquo;\u00e9rythritol est environ 60 \u00e0 70 % aussi sucr\u00e9 que le saccharose. Par cons\u00e9quent, l&rsquo;allose peut \u00eatre utilis\u00e9e en plus petite quantit\u00e9 pour donner un go\u00fbt sucr\u00e9 similaire au saccharose.<\/p>\n<p>Deuxi\u00e8mement, le go\u00fbt de l&rsquo;allose est plus proche de celui du saccharose, sans l&rsquo;effet rafra\u00eechissant (sensation de fra\u00eecheur) commun \u00e0 l&rsquo;\u00e9rythritol. Cela permet \u00e0 l&rsquo;allose de mieux simuler le go\u00fbt du saccharose dans de nombreuses applications, en particulier celles qui ne n\u00e9cessitent pas d&rsquo;effet rafra\u00eechissant.<\/p>\n<p>De plus, l&rsquo;allose a un impact minimal sur la glyc\u00e9mie et les niveaux d&rsquo;insuline, ce qui en fait un excellent choix pour les diab\u00e9tiques et les personnes qui doivent g\u00e9rer leur glyc\u00e9mie. Bien que l&rsquo;\u00e9rythritol ait \u00e9galement un faible effet sur la glyc\u00e9mie, l&rsquo;allose a une r\u00e9ponse plus stable.<\/p>\n<p>Enfin, l&rsquo;allose est principalement excr\u00e9t\u00e9e par l&rsquo;urine et n&rsquo;est pas majoritairement absorb\u00e9e par le corps humain au cours du m\u00e9tabolisme, elle est donc extr\u00eamement faible en calories. L&rsquo;\u00e9rythritol est partiellement absorb\u00e9 par les intestins et excr\u00e9t\u00e9 par l&rsquo;urine, et il existe quelques diff\u00e9rences dans les voies m\u00e9taboliques entre les deux. Par rapport aux bonbons aux agrumes, l&rsquo;allose peut \u00eatre utilis\u00e9e dans une plus large gamme d&rsquo;aliments et de boissons, notamment les boissons, les produits laitiers, les produits de boulangerie, les desserts glac\u00e9s et les bonbons. Sa douceur et son go\u00fbt agr\u00e9ables en font un ingr\u00e9dient polyvalent qui fonctionne bien dans une vari\u00e9t\u00e9 de produits.<\/p>\n","protected":false},"excerpt":{"rendered":"<ul>\n<li>CAS: 551-68-8<\/li>\n<li>Formule chimique: C<sub>6<\/sub>H<sub>12<\/sub>O<sub>6<\/sub><\/li>\n<li>Certifications : KOSHER, ISO, HALAL, FSSC 22000, BRC, etc.<\/li>\n<li>Norme : USP<\/li>\n<li>Quantit\u00e9 minimum de commande : 1000 kg<\/li>\n<li>Dur\u00e9e de conservation : 2 ans<\/li>\n<\/ul>\n","protected":false},"featured_media":9315,"template":"","meta":{"site-sidebar-layout":"default","site-content-layout":"","ast-site-content-layout":"default","site-content-style":"default","site-sidebar-style":"default","ast-global-header-display":"","ast-banner-title-visibility":"","ast-main-header-display":"","ast-hfb-above-header-display":"","ast-hfb-below-header-display":"","ast-hfb-mobile-header-display":"","site-post-title":"","ast-breadcrumbs-content":"","ast-featured-img":"","footer-sml-layout":"","theme-transparent-header-meta":"default","adv-header-id-meta":"","stick-header-meta":"","header-above-stick-meta":"","header-main-stick-meta":"","header-below-stick-meta":"","astra-migrate-meta-layouts":"set","ast-page-background-enabled":"default","ast-page-background-meta":{"desktop":{"background-color":"var(--ast-global-color-4)","background-image":"","background-repeat":"repeat","background-position":"center center","background-size":"auto","background-attachment":"scroll","background-type":"","background-media":"","overlay-type":"","overlay-color":"","overlay-opacity":"","overlay-gradient":""},"tablet":{"background-color":"","background-image":"","background-repeat":"repeat","background-position":"center center","background-size":"auto","background-attachment":"scroll","background-type":"","background-media":"","overlay-type":"","overlay-color":"","overlay-opacity":"","overlay-gradient":""},"mobile":{"background-color":"","background-image":"","background-repeat":"repeat","background-position":"center center","background-size":"auto","background-attachment":"scroll","background-type":"","background-media":"","overlay-type":"","overlay-color":"","overlay-opacity":"","overlay-gradient":""}},"ast-content-background-meta":{"desktop":{"background-color":"var(--ast-global-color-5)","background-image":"","background-repeat":"repeat","background-position":"center center","background-size":"auto","background-attachment":"scroll","background-type":"","background-media":"","overlay-type":"","overlay-color":"","overlay-opacity":"","overlay-gradient":""},"tablet":{"background-color":"var(--ast-global-color-5)","background-image":"","background-repeat":"repeat","background-position":"center center","background-size":"auto","background-attachment":"scroll","background-type":"","background-media":"","overlay-type":"","overlay-color":"","overlay-opacity":"","overlay-gradient":""},"mobile":{"background-color":"var(--ast-global-color-5)","background-image":"","background-repeat":"repeat","background-position":"center center","background-size":"auto","background-attachment":"scroll","background-type":"","background-media":"","overlay-type":"","overlay-color":"","overlay-opacity":"","overlay-gradient":""}}},"product_brand":[],"product_cat":[111],"product_tag":[],"class_list":{"0":"post-9314","1":"product","2":"type-product","3":"status-publish","4":"has-post-thumbnail","6":"product_cat-produit-edulcorant","7":"desktop-align-center","8":"tablet-align-left","9":"mobile-align-left","11":"first","12":"instock","13":"shipping-taxable","14":"product-type-simple"},"yoast_head":"<!-- This site is optimized with the Yoast SEO plugin v26.5 - https:\/\/yoast.com\/wordpress\/plugins\/seo\/ -->\n<title>Fabricant d&#039;allulose en Gros, Poudre d&#039;allulose Biologique | Niranbio Chemical<\/title>\n<meta name=\"description\" content=\"Notre allose a le go\u00fbt du sucre mais contient 90 % de calories en moins, une excellente solubilit\u00e9, un faible indice glyc\u00e9mique et favorise la gestion du poids.\" \/>\n<meta name=\"robots\" content=\"noindex, follow, max-snippet:-1, max-image-preview:large, max-video-preview:-1\" \/>\n<meta name=\"twitter:label1\" content=\"Dur\u00e9e de lecture estim\u00e9e\" \/>\n\t<meta name=\"twitter:data1\" content=\"4 minutes\" \/>\n<script type=\"application\/ld+json\" class=\"yoast-schema-graph\">{\"@context\":\"https:\/\/schema.org\",\"@graph\":[{\"@type\":\"WebPage\",\"@id\":\"https:\/\/theo.niranbio.com\/fr\/allulose.html\",\"url\":\"https:\/\/theo.niranbio.com\/fr\/allulose.html\",\"name\":\"Fabricant d'allulose en Gros, Poudre d'allulose Biologique | Niranbio Chemical\",\"isPartOf\":{\"@id\":\"https:\/\/theo.niranbio.com\/fr\/#website\"},\"primaryImageOfPage\":{\"@id\":\"https:\/\/theo.niranbio.com\/fr\/allulose.html#primaryimage\"},\"image\":{\"@id\":\"https:\/\/theo.niranbio.com\/fr\/allulose.html#primaryimage\"},\"thumbnailUrl\":\"https:\/\/theo.niranbio.com\/wp-content\/uploads\/2024\/06\/allulose.webp\",\"datePublished\":\"2024-06-20T01:30:17+00:00\",\"dateModified\":\"2024-08-19T06:11:12+00:00\",\"description\":\"Notre allose a le go\u00fbt du sucre mais contient 90 % de calories en moins, une excellente solubilit\u00e9, un faible indice glyc\u00e9mique et favorise la gestion du poids.\",\"breadcrumb\":{\"@id\":\"https:\/\/theo.niranbio.com\/fr\/allulose.html#breadcrumb\"},\"inLanguage\":\"fr-FR\",\"potentialAction\":[{\"@type\":\"ReadAction\",\"target\":[\"https:\/\/theo.niranbio.com\/fr\/allulose.html\"]}]},{\"@type\":\"ImageObject\",\"inLanguage\":\"fr-FR\",\"@id\":\"https:\/\/theo.niranbio.com\/fr\/allulose.html#primaryimage\",\"url\":\"https:\/\/theo.niranbio.com\/wp-content\/uploads\/2024\/06\/allulose.webp\",\"contentUrl\":\"https:\/\/theo.niranbio.com\/wp-content\/uploads\/2024\/06\/allulose.webp\",\"width\":600,\"height\":600,\"caption\":\"Allulose\"},{\"@type\":\"BreadcrumbList\",\"@id\":\"https:\/\/theo.niranbio.com\/fr\/allulose.html#breadcrumb\",\"itemListElement\":[{\"@type\":\"ListItem\",\"position\":1,\"name\":\"Home\",\"item\":\"https:\/\/theo.niranbio.com\/fr\/\"},{\"@type\":\"ListItem\",\"position\":2,\"name\":\"Produits\",\"item\":\"https:\/\/theo.niranbio.com\/fr\/produits.html\"},{\"@type\":\"ListItem\",\"position\":3,\"name\":\"\u00c9dulcorant\",\"item\":\"https:\/\/theo.niranbio.com\/fr\/produit-edulcorant\/\"},{\"@type\":\"ListItem\",\"position\":4,\"name\":\"Allulose\"}]},{\"@type\":\"WebSite\",\"@id\":\"https:\/\/theo.niranbio.com\/fr\/#website\",\"url\":\"https:\/\/theo.niranbio.com\/fr\/\",\"name\":\"Niranbio Chemical\",\"description\":\"\",\"publisher\":{\"@id\":\"https:\/\/theo.niranbio.com\/fr\/#organization\"},\"potentialAction\":[{\"@type\":\"SearchAction\",\"target\":{\"@type\":\"EntryPoint\",\"urlTemplate\":\"https:\/\/theo.niranbio.com\/fr\/?s={search_term_string}\"},\"query-input\":{\"@type\":\"PropertyValueSpecification\",\"valueRequired\":true,\"valueName\":\"search_term_string\"}}],\"inLanguage\":\"fr-FR\"},{\"@type\":\"Organization\",\"@id\":\"https:\/\/theo.niranbio.com\/fr\/#organization\",\"name\":\"Niranbio Chemical\",\"url\":\"https:\/\/theo.niranbio.com\/fr\/\",\"logo\":{\"@type\":\"ImageObject\",\"inLanguage\":\"fr-FR\",\"@id\":\"https:\/\/theo.niranbio.com\/fr\/#\/schema\/logo\/image\/\",\"url\":\"https:\/\/theo.niranbio.com\/wp-content\/uploads\/2024\/06\/Niranbio.png\",\"contentUrl\":\"https:\/\/theo.niranbio.com\/wp-content\/uploads\/2024\/06\/Niranbio.png\",\"width\":270,\"height\":100,\"caption\":\"Niranbio Chemical\"},\"image\":{\"@id\":\"https:\/\/theo.niranbio.com\/fr\/#\/schema\/logo\/image\/\"}}]}<\/script>\n<!-- \/ Yoast SEO plugin. -->","yoast_head_json":{"title":"Fabricant d'allulose en Gros, Poudre d'allulose Biologique | Niranbio Chemical","description":"Notre allose a le go\u00fbt du sucre mais contient 90 % de calories en moins, une excellente solubilit\u00e9, un faible indice glyc\u00e9mique et favorise la gestion du poids.","robots":{"index":"noindex","follow":"follow","max-snippet":"max-snippet:-1","max-image-preview":"max-image-preview:large","max-video-preview":"max-video-preview:-1"},"twitter_misc":{"Dur\u00e9e de lecture estim\u00e9e":"4 minutes"},"schema":{"@context":"https:\/\/schema.org","@graph":[{"@type":"WebPage","@id":"https:\/\/theo.niranbio.com\/fr\/allulose.html","url":"https:\/\/theo.niranbio.com\/fr\/allulose.html","name":"Fabricant d'allulose en Gros, Poudre d'allulose Biologique | Niranbio Chemical","isPartOf":{"@id":"https:\/\/theo.niranbio.com\/fr\/#website"},"primaryImageOfPage":{"@id":"https:\/\/theo.niranbio.com\/fr\/allulose.html#primaryimage"},"image":{"@id":"https:\/\/theo.niranbio.com\/fr\/allulose.html#primaryimage"},"thumbnailUrl":"https:\/\/theo.niranbio.com\/wp-content\/uploads\/2024\/06\/allulose.webp","datePublished":"2024-06-20T01:30:17+00:00","dateModified":"2024-08-19T06:11:12+00:00","description":"Notre allose a le go\u00fbt du sucre mais contient 90 % de calories en moins, une excellente solubilit\u00e9, un faible indice glyc\u00e9mique et favorise la gestion du poids.","breadcrumb":{"@id":"https:\/\/theo.niranbio.com\/fr\/allulose.html#breadcrumb"},"inLanguage":"fr-FR","potentialAction":[{"@type":"ReadAction","target":["https:\/\/theo.niranbio.com\/fr\/allulose.html"]}]},{"@type":"ImageObject","inLanguage":"fr-FR","@id":"https:\/\/theo.niranbio.com\/fr\/allulose.html#primaryimage","url":"https:\/\/theo.niranbio.com\/wp-content\/uploads\/2024\/06\/allulose.webp","contentUrl":"https:\/\/theo.niranbio.com\/wp-content\/uploads\/2024\/06\/allulose.webp","width":600,"height":600,"caption":"Allulose"},{"@type":"BreadcrumbList","@id":"https:\/\/theo.niranbio.com\/fr\/allulose.html#breadcrumb","itemListElement":[{"@type":"ListItem","position":1,"name":"Home","item":"https:\/\/theo.niranbio.com\/fr\/"},{"@type":"ListItem","position":2,"name":"Produits","item":"https:\/\/theo.niranbio.com\/fr\/produits.html"},{"@type":"ListItem","position":3,"name":"\u00c9dulcorant","item":"https:\/\/theo.niranbio.com\/fr\/produit-edulcorant\/"},{"@type":"ListItem","position":4,"name":"Allulose"}]},{"@type":"WebSite","@id":"https:\/\/theo.niranbio.com\/fr\/#website","url":"https:\/\/theo.niranbio.com\/fr\/","name":"Niranbio Chemical","description":"","publisher":{"@id":"https:\/\/theo.niranbio.com\/fr\/#organization"},"potentialAction":[{"@type":"SearchAction","target":{"@type":"EntryPoint","urlTemplate":"https:\/\/theo.niranbio.com\/fr\/?s={search_term_string}"},"query-input":{"@type":"PropertyValueSpecification","valueRequired":true,"valueName":"search_term_string"}}],"inLanguage":"fr-FR"},{"@type":"Organization","@id":"https:\/\/theo.niranbio.com\/fr\/#organization","name":"Niranbio Chemical","url":"https:\/\/theo.niranbio.com\/fr\/","logo":{"@type":"ImageObject","inLanguage":"fr-FR","@id":"https:\/\/theo.niranbio.com\/fr\/#\/schema\/logo\/image\/","url":"https:\/\/theo.niranbio.com\/wp-content\/uploads\/2024\/06\/Niranbio.png","contentUrl":"https:\/\/theo.niranbio.com\/wp-content\/uploads\/2024\/06\/Niranbio.png","width":270,"height":100,"caption":"Niranbio Chemical"},"image":{"@id":"https:\/\/theo.niranbio.com\/fr\/#\/schema\/logo\/image\/"}}]}},"_links":{"self":[{"href":"https:\/\/theo.niranbio.com\/fr\/wp-json\/wp\/v2\/product\/9314","targetHints":{"allow":["GET"]}}],"collection":[{"href":"https:\/\/theo.niranbio.com\/fr\/wp-json\/wp\/v2\/product"}],"about":[{"href":"https:\/\/theo.niranbio.com\/fr\/wp-json\/wp\/v2\/types\/product"}],"version-history":[{"count":0,"href":"https:\/\/theo.niranbio.com\/fr\/wp-json\/wp\/v2\/product\/9314\/revisions"}],"wp:featuredmedia":[{"embeddable":true,"href":"https:\/\/theo.niranbio.com\/fr\/wp-json\/wp\/v2\/media\/9315"}],"wp:attachment":[{"href":"https:\/\/theo.niranbio.com\/fr\/wp-json\/wp\/v2\/media?parent=9314"}],"wp:term":[{"taxonomy":"product_brand","embeddable":true,"href":"https:\/\/theo.niranbio.com\/fr\/wp-json\/wp\/v2\/product_brand?post=9314"},{"taxonomy":"product_cat","embeddable":true,"href":"https:\/\/theo.niranbio.com\/fr\/wp-json\/wp\/v2\/product_cat?post=9314"},{"taxonomy":"product_tag","embeddable":true,"href":"https:\/\/theo.niranbio.com\/fr\/wp-json\/wp\/v2\/product_tag?post=9314"}],"curies":[{"name":"wp","href":"https:\/\/api.w.org\/{rel}","templated":true}]}}