{"id":9304,"date":"2024-06-20T09:30:55","date_gmt":"2024-06-20T01:30:55","guid":{"rendered":"https:\/\/theo.niranbio.com\/saccharine-de-sodium\/"},"modified":"2024-08-19T14:12:02","modified_gmt":"2024-08-19T06:12:02","slug":"saccharine-de-sodium","status":"publish","type":"product","link":"https:\/\/theo.niranbio.com\/fr\/saccharine-de-sodium.html","title":{"rendered":"Saccharine de sodium"},"content":{"rendered":"<h2><span class=\"ez-toc-section\" id=\"Quest-ce_que_la_saccharine_sodique\"><\/span>Qu&rsquo;est-ce que la saccharine sodique ?<span class=\"ez-toc-section-end\"><\/span><\/h2>\n<p>Les cristaux blancs ou poudre cristalline sont une mati\u00e8re organique appel\u00e9e saccharine sodique. Bien qu&rsquo;elle se dissolve dans l&rsquo;eau, le corps n&rsquo;en tire pas grand-chose sur le plan nutritionnel. Sa douceur en solution dilu\u00e9e est 200 \u00e0 500 fois sup\u00e9rieure \u00e0 celle du saccharose. Son go\u00fbt est \u00e2pre lorsque la concentration est trop \u00e9lev\u00e9e. Elle est sans danger pour les diab\u00e9tiques et ceux qui essaient de maintenir leur poids car elle n&rsquo;augmente pas le taux de sucre dans le sang.<\/p>\n<p>La m\u00e9thode de pr\u00e9paration de la saccharine sodique consiste principalement \u00e0 faire r\u00e9agir la p-nitroaniline avec le monothiothiocarbamide, puis \u00e0 la condenser avec du formald\u00e9hyde et enfin \u00e0 la faire r\u00e9agir avec de la soude caustique.<\/p>\n<h2><span class=\"ez-toc-section\" id=\"Parametres_associes\"><\/span>Param\u00e8tres associ\u00e9s :<span class=\"ez-toc-section-end\"><\/span><\/h2>\n<table>\n<tbody>\n<tr>\n<td><strong>Articles<\/strong><\/td>\n<td><strong>Normes<\/strong><\/td>\n<\/tr>\n<tr>\n<td>Essai<\/td>\n<td>98.0%-101.0%<\/td>\n<\/tr>\n<tr>\n<td>Point Meiting<\/td>\n<td>226\u2103~230\u2103<\/td>\n<\/tr>\n<tr>\n<td>Humidit\u00e9<\/td>\n<td>\u226415%<\/td>\n<\/tr>\n<tr>\n<td>Sels d&rsquo;ammonium<\/td>\n<td>\u226425 ppm<\/td>\n<\/tr>\n<tr>\n<td>Arsenic<\/td>\n<td>\u22642 ppm<\/td>\n<\/tr>\n<tr>\n<td>Plomb<\/td>\n<td>\u22641 ppm<\/td>\n<\/tr>\n<tr>\n<td>Fe<\/td>\n<td>\u226450 ppm<\/td>\n<\/tr>\n<tr>\n<td>Cu<\/td>\n<td>\u226450 ppm<\/td>\n<\/tr>\n<tr>\n<td>Zn<\/td>\n<td>\u226450 ppm<\/td>\n<\/tr>\n<tr>\n<td>Cr<\/td>\n<td>\u22642 ppm<\/td>\n<\/tr>\n<tr>\n<td>M\u00e9taux lourds<\/td>\n<td>\u226410 ppm<\/td>\n<\/tr>\n<tr>\n<td>P-tolu\u00e8ne sulfonamide<\/td>\n<td>\u226410 ppm<\/td>\n<\/tr>\n<tr>\n<td>O-tolu\u00e8ne sulfonamide<\/td>\n<td>\u226410 ppm<\/td>\n<\/tr>\n<tr>\n<td>S\u00e9l\u00e9nium<\/td>\n<td>\u226430 ppm<\/td>\n<\/tr>\n<tr>\n<td>Acide benzo\u00efque-sulfonamide<\/td>\n<td>\u226425 ppm<\/td>\n<\/tr>\n<\/tbody>\n<\/table>\n<h2><span class=\"ez-toc-section\" id=\"Dosage_recommande\"><\/span>Dosage recommand\u00e9<span class=\"ez-toc-section-end\"><\/span><\/h2>\n<table>\n<tbody>\n<tr>\n<td><strong>Nom de l&rsquo;aliment<\/strong><\/td>\n<td><strong>Utilisation maximale (g\/kg)<\/strong><\/td>\n<\/tr>\n<tr>\n<td>Boissons non alcoolis\u00e9es<\/td>\n<td>0,5 g\/kg<\/td>\n<\/tr>\n<tr>\n<td>Boissons aux fruits<\/td>\n<td>0,3 g\/kg<\/td>\n<\/tr>\n<tr>\n<td>Yogourt<\/td>\n<td>0,3 g\/kg<\/td>\n<\/tr>\n<tr>\n<td>Boissons lact\u00e9es<\/td>\n<td>0,5 g\/kg<\/td>\n<\/tr>\n<tr>\n<td>Cr\u00e8me glac\u00e9e<\/td>\n<td>0,3 g\/kg<\/td>\n<\/tr>\n<tr>\n<td>Bonbons mous<\/td>\n<td>0,5 g\/kg<\/td>\n<\/tr>\n<tr>\n<td>Chewing-gum<\/td>\n<td>0,5 g\/kg<\/td>\n<\/tr>\n<tr>\n<td>Chocolat et produits \u00e0 base de chocolat<\/td>\n<td>0,5 g\/kg<\/td>\n<\/tr>\n<tr>\n<td>Biscuits<\/td>\n<td>0,3 g\/kg<\/td>\n<\/tr>\n<tr>\n<td>Pain<\/td>\n<td>0,3 g\/kg<\/td>\n<\/tr>\n<tr>\n<td>G\u00e2teaux<\/td>\n<td>0,3 g\/kg<\/td>\n<\/tr>\n<tr>\n<td>Sauce soja<\/td>\n<td>0,3 g\/kg<\/td>\n<\/tr>\n<tr>\n<td>Sauces<\/td>\n<td>0,3 g\/kg<\/td>\n<\/tr>\n<tr>\n<td>Fruits en conserve<\/td>\n<td>0,5 g\/kg<\/td>\n<\/tr>\n<\/tbody>\n<\/table>\n<h2><span class=\"ez-toc-section\" id=\"La_saccharine_sodique_a_une_large_gamme_dutilisations\"><\/span>La saccharine sodique a une large gamme d&rsquo;utilisations<span class=\"ez-toc-section-end\"><\/span><\/h2>\n<ol>\n<li>Dans l&rsquo;industrie alimentaire, la saccharine sodique est utilis\u00e9e comme \u00e9dulcorant et est largement utilis\u00e9e dans les boissons froides, les boissons gazeuses, les gel\u00e9es, les glaces, les cornichons, les fruits confits, les g\u00e2teaux, les fruits en conserve, les bonbons prot\u00e9in\u00e9s et d&rsquo;autres produits. C&rsquo;est l&rsquo;un des \u00e9dulcorants alimentaires les plus fr\u00e9quemment utilis\u00e9s. Bien que la saccharine sodique soit moins utilis\u00e9e comme \u00e9dulcorant dans l&rsquo;industrie alimentaire aujourd&rsquo;hui, elle est moins ch\u00e8re que d&rsquo;autres \u00e9dulcorants plus s\u00fbrs, il existe donc toujours une certaine demande sur le march\u00e9.<\/li>\n<li>En termes d&rsquo;additifs alimentaires, la saccharine sodique est utilis\u00e9e dans les aliments pour porcs, les aliments pour poissons, etc. comme \u00e9dulcorant pour augmenter l&rsquo;app\u00e9tence des aliments et favoriser la croissance des animaux.<\/li>\n<li>Dans l&rsquo;industrie chimique quotidienne, la saccharine sodique est utilis\u00e9e dans les dentifrices, les bains de bouche, les gouttes pour les yeux et d&rsquo;autres produits pour am\u00e9liorer le go\u00fbt et la saveur du produit et le rendre plus acceptable.<\/li>\n<li>L&rsquo;industrie de la galvanoplastie est l&rsquo;une des industries qui consomme le plus de saccharine sodique. La saccharine sodique de qualit\u00e9 galvanoplastie est principalement utilis\u00e9e comme agent de blanchiment. Elle est appliqu\u00e9e dans des proc\u00e9dures telles que la galvanoplastie du nickel pour am\u00e9liorer le lustre et la souplesse du mat\u00e9riau. La saccharine sodique de qualit\u00e9 galvanoplastie est largement utilis\u00e9e ; le secteur de la galvanoplastie repr\u00e9sente plus de 40 % de son utilisation.<\/li>\n<\/ol>\n<p>En outre, la saccharine sodique est \u00e9galement utilis\u00e9e dans l&rsquo;industrie pharmaceutique comme m\u00e9dicament de diagnostic, agent aromatisant pharmaceutique, excipient pour comprim\u00e9s enrob\u00e9s de sucre, etc. Bien que la s\u00e9curit\u00e9 de la saccharine sodique ait toujours \u00e9t\u00e9 controvers\u00e9e, elle est encore largement utilis\u00e9e dans de nombreux domaines d&rsquo;application.<\/p>\n<h2><span class=\"ez-toc-section\" id=\"Question_posee_par_lutilisateur\"><\/span>Question pos\u00e9e par l&rsquo;utilisateur :<span class=\"ez-toc-section-end\"><\/span><\/h2>\n<p>Question : Quelle est la diff\u00e9rence entre la saccharine sodique et la saccharine ?<\/p>\n<p>R\u00e9ponse :<\/p>\n<p>1. Diff\u00e9rents ingr\u00e9dients : La saccharine est un additif alimentaire, l&rsquo;ingr\u00e9dient principal est la saccharine sodique, et c&rsquo;est une poudre cristalline blanche ou blanc cass\u00e9. La saccharine sodique est un compos\u00e9 organique, l&rsquo;ingr\u00e9dient principal est la saccharine sodique.<\/p>\n<p>2. Diff\u00e9rentes fonctions : La saccharine est un additif alimentaire qui peut augmenter la douceur des aliments et les rendre plus d\u00e9licieux. La saccharine sodique peut \u00eatre utilis\u00e9e dans les aliments, les boissons, les bonbons, etc., ce qui peut augmenter la douceur des aliments, rendre la couleur des aliments plus vive et am\u00e9liorer le go\u00fbt des aliments.<\/p>\n<p>3. Diff\u00e9rentes m\u00e9thodes d&rsquo;utilisation : La saccharine est un additif alimentaire non nutritionnel et ne peut pas \u00eatre utilis\u00e9e comme compl\u00e9ment nutritionnel. Elle est g\u00e9n\u00e9ralement utilis\u00e9e pour am\u00e9liorer la dur\u00e9e de conservation des aliments et peut \u00e9galement \u00eatre utilis\u00e9e pour la conservation des aliments. La saccharine sodique peut \u00eatre utilis\u00e9e dans les bonbons, les g\u00e2teaux, les bonbons, les boissons, etc. Elle peut \u00eatre utilis\u00e9e comme additif alimentaire pendant la dur\u00e9e de conservation et peut \u00e9galement \u00eatre utilis\u00e9e pour la conservation des aliments.<\/p>\n","protected":false},"excerpt":{"rendered":"<ul>\n<li>CAS: C<sub>7<\/sub>H<sub>4<\/sub>NNaO<sub>3<\/sub>S<\/li>\n<li>Formule chimique : 128-44-9<\/li>\n<li>Certifications : KOSHER, ISO, HALAL, FSSC 22000, BRC, etc.<\/li>\n<li>Norme : USP39\/FCC9\/NF34<\/li>\n<li>Quantit\u00e9 minimum de commande : 1000 kg<\/li>\n<li>Dur\u00e9e de conservation : 2 ans<\/li>\n<\/ul>\n","protected":false},"featured_media":9305,"template":"","meta":{"site-sidebar-layout":"default","site-content-layout":"","ast-site-content-layout":"default","site-content-style":"default","site-sidebar-style":"default","ast-global-header-display":"","ast-banner-title-visibility":"","ast-main-header-display":"","ast-hfb-above-header-display":"","ast-hfb-below-header-display":"","ast-hfb-mobile-header-display":"","site-post-title":"","ast-breadcrumbs-content":"","ast-featured-img":"","footer-sml-layout":"","theme-transparent-header-meta":"default","adv-header-id-meta":"","stick-header-meta":"","header-above-stick-meta":"","header-main-stick-meta":"","header-below-stick-meta":"","astra-migrate-meta-layouts":"set","ast-page-background-enabled":"default","ast-page-background-meta":{"desktop":{"background-color":"var(--ast-global-color-4)","background-image":"","background-repeat":"repeat","background-position":"center center","background-size":"auto","background-attachment":"scroll","background-type":"","background-media":"","overlay-type":"","overlay-color":"","overlay-opacity":"","overlay-gradient":""},"tablet":{"background-color":"","background-image":"","background-repeat":"repeat","background-position":"center center","background-size":"auto","background-attachment":"scroll","background-type":"","background-media":"","overlay-type":"","overlay-color":"","overlay-opacity":"","overlay-gradient":""},"mobile":{"background-color":"","background-image":"","background-repeat":"repeat","background-position":"center center","background-size":"auto","background-attachment":"scroll","background-type":"","background-media":"","overlay-type":"","overlay-color":"","overlay-opacity":"","overlay-gradient":""}},"ast-content-background-meta":{"desktop":{"background-color":"var(--ast-global-color-5)","background-image":"","background-repeat":"repeat","background-position":"center center","background-size":"auto","background-attachment":"scroll","background-type":"","background-media":"","overlay-type":"","overlay-color":"","overlay-opacity":"","overlay-gradient":""},"tablet":{"background-color":"var(--ast-global-color-5)","background-image":"","background-repeat":"repeat","background-position":"center center","background-size":"auto","background-attachment":"scroll","background-type":"","background-media":"","overlay-type":"","overlay-color":"","overlay-opacity":"","overlay-gradient":""},"mobile":{"background-color":"var(--ast-global-color-5)","background-image":"","background-repeat":"repeat","background-position":"center center","background-size":"auto","background-attachment":"scroll","background-type":"","background-media":"","overlay-type":"","overlay-color":"","overlay-opacity":"","overlay-gradient":""}}},"product_brand":[],"product_cat":[111],"product_tag":[],"class_list":{"0":"post-9304","1":"product","2":"type-product","3":"status-publish","4":"has-post-thumbnail","6":"product_cat-produit-edulcorant","7":"desktop-align-center","8":"tablet-align-left","9":"mobile-align-left","11":"first","12":"instock","13":"shipping-taxable","14":"product-type-simple"},"yoast_head":"<!-- This site is optimized with the Yoast SEO plugin v26.5 - https:\/\/yoast.com\/wordpress\/plugins\/seo\/ -->\n<title>Fournisseur de Saccharine Sodique, Poudre Pure E954 Chine | Niranbio Chemical<\/title>\n<meta name=\"description\" content=\"Nous proposons de la saccharine sodique, un \u00e9dulcorant 300 \u00e0 700 fois plus sucr\u00e9 que le sucre, stable \u00e0 la chaleur, avec une longue dur\u00e9e de conservation, utilis\u00e9 dans les aliments, les boissons et les produits pharmaceutiques.\" \/>\n<meta name=\"robots\" content=\"noindex, follow, max-snippet:-1, max-image-preview:large, max-video-preview:-1\" \/>\n<meta name=\"twitter:label1\" content=\"Dur\u00e9e de lecture estim\u00e9e\" \/>\n\t<meta name=\"twitter:data1\" content=\"4 minutes\" \/>\n<script type=\"application\/ld+json\" class=\"yoast-schema-graph\">{\"@context\":\"https:\/\/schema.org\",\"@graph\":[{\"@type\":\"WebPage\",\"@id\":\"https:\/\/theo.niranbio.com\/fr\/saccharine-de-sodium.html\",\"url\":\"https:\/\/theo.niranbio.com\/fr\/saccharine-de-sodium.html\",\"name\":\"Fournisseur de Saccharine Sodique, Poudre Pure E954 Chine | Niranbio Chemical\",\"isPartOf\":{\"@id\":\"https:\/\/theo.niranbio.com\/fr\/#website\"},\"primaryImageOfPage\":{\"@id\":\"https:\/\/theo.niranbio.com\/fr\/saccharine-de-sodium.html#primaryimage\"},\"image\":{\"@id\":\"https:\/\/theo.niranbio.com\/fr\/saccharine-de-sodium.html#primaryimage\"},\"thumbnailUrl\":\"https:\/\/theo.niranbio.com\/wp-content\/uploads\/2024\/06\/Sodium-Saccharin.webp\",\"datePublished\":\"2024-06-20T01:30:55+00:00\",\"dateModified\":\"2024-08-19T06:12:02+00:00\",\"description\":\"Nous proposons de la saccharine sodique, un \u00e9dulcorant 300 \u00e0 700 fois plus sucr\u00e9 que le sucre, stable \u00e0 la chaleur, avec une longue dur\u00e9e de conservation, utilis\u00e9 dans les aliments, les boissons et les produits pharmaceutiques.\",\"breadcrumb\":{\"@id\":\"https:\/\/theo.niranbio.com\/fr\/saccharine-de-sodium.html#breadcrumb\"},\"inLanguage\":\"fr-FR\",\"potentialAction\":[{\"@type\":\"ReadAction\",\"target\":[\"https:\/\/theo.niranbio.com\/fr\/saccharine-de-sodium.html\"]}]},{\"@type\":\"ImageObject\",\"inLanguage\":\"fr-FR\",\"@id\":\"https:\/\/theo.niranbio.com\/fr\/saccharine-de-sodium.html#primaryimage\",\"url\":\"https:\/\/theo.niranbio.com\/wp-content\/uploads\/2024\/06\/Sodium-Saccharin.webp\",\"contentUrl\":\"https:\/\/theo.niranbio.com\/wp-content\/uploads\/2024\/06\/Sodium-Saccharin.webp\",\"width\":600,\"height\":600,\"caption\":\"Saccharine sodique\"},{\"@type\":\"BreadcrumbList\",\"@id\":\"https:\/\/theo.niranbio.com\/fr\/saccharine-de-sodium.html#breadcrumb\",\"itemListElement\":[{\"@type\":\"ListItem\",\"position\":1,\"name\":\"Home\",\"item\":\"https:\/\/theo.niranbio.com\/fr\/\"},{\"@type\":\"ListItem\",\"position\":2,\"name\":\"Produits\",\"item\":\"https:\/\/theo.niranbio.com\/fr\/produits.html\"},{\"@type\":\"ListItem\",\"position\":3,\"name\":\"\u00c9dulcorant\",\"item\":\"https:\/\/theo.niranbio.com\/fr\/produit-edulcorant\/\"},{\"@type\":\"ListItem\",\"position\":4,\"name\":\"Saccharine de sodium\"}]},{\"@type\":\"WebSite\",\"@id\":\"https:\/\/theo.niranbio.com\/fr\/#website\",\"url\":\"https:\/\/theo.niranbio.com\/fr\/\",\"name\":\"Niranbio Chemical\",\"description\":\"\",\"publisher\":{\"@id\":\"https:\/\/theo.niranbio.com\/fr\/#organization\"},\"potentialAction\":[{\"@type\":\"SearchAction\",\"target\":{\"@type\":\"EntryPoint\",\"urlTemplate\":\"https:\/\/theo.niranbio.com\/fr\/?s={search_term_string}\"},\"query-input\":{\"@type\":\"PropertyValueSpecification\",\"valueRequired\":true,\"valueName\":\"search_term_string\"}}],\"inLanguage\":\"fr-FR\"},{\"@type\":\"Organization\",\"@id\":\"https:\/\/theo.niranbio.com\/fr\/#organization\",\"name\":\"Niranbio Chemical\",\"url\":\"https:\/\/theo.niranbio.com\/fr\/\",\"logo\":{\"@type\":\"ImageObject\",\"inLanguage\":\"fr-FR\",\"@id\":\"https:\/\/theo.niranbio.com\/fr\/#\/schema\/logo\/image\/\",\"url\":\"https:\/\/theo.niranbio.com\/wp-content\/uploads\/2024\/06\/Niranbio.png\",\"contentUrl\":\"https:\/\/theo.niranbio.com\/wp-content\/uploads\/2024\/06\/Niranbio.png\",\"width\":270,\"height\":100,\"caption\":\"Niranbio Chemical\"},\"image\":{\"@id\":\"https:\/\/theo.niranbio.com\/fr\/#\/schema\/logo\/image\/\"}}]}<\/script>\n<!-- \/ Yoast SEO plugin. -->","yoast_head_json":{"title":"Fournisseur de Saccharine Sodique, Poudre Pure E954 Chine | Niranbio Chemical","description":"Nous proposons de la saccharine sodique, un \u00e9dulcorant 300 \u00e0 700 fois plus sucr\u00e9 que le sucre, stable \u00e0 la chaleur, avec une longue dur\u00e9e de conservation, utilis\u00e9 dans les aliments, les boissons et les produits pharmaceutiques.","robots":{"index":"noindex","follow":"follow","max-snippet":"max-snippet:-1","max-image-preview":"max-image-preview:large","max-video-preview":"max-video-preview:-1"},"twitter_misc":{"Dur\u00e9e de lecture estim\u00e9e":"4 minutes"},"schema":{"@context":"https:\/\/schema.org","@graph":[{"@type":"WebPage","@id":"https:\/\/theo.niranbio.com\/fr\/saccharine-de-sodium.html","url":"https:\/\/theo.niranbio.com\/fr\/saccharine-de-sodium.html","name":"Fournisseur de Saccharine Sodique, Poudre Pure E954 Chine | Niranbio Chemical","isPartOf":{"@id":"https:\/\/theo.niranbio.com\/fr\/#website"},"primaryImageOfPage":{"@id":"https:\/\/theo.niranbio.com\/fr\/saccharine-de-sodium.html#primaryimage"},"image":{"@id":"https:\/\/theo.niranbio.com\/fr\/saccharine-de-sodium.html#primaryimage"},"thumbnailUrl":"https:\/\/theo.niranbio.com\/wp-content\/uploads\/2024\/06\/Sodium-Saccharin.webp","datePublished":"2024-06-20T01:30:55+00:00","dateModified":"2024-08-19T06:12:02+00:00","description":"Nous proposons de la saccharine sodique, un \u00e9dulcorant 300 \u00e0 700 fois plus sucr\u00e9 que le sucre, stable \u00e0 la chaleur, avec une longue dur\u00e9e de conservation, utilis\u00e9 dans les aliments, les boissons et les produits pharmaceutiques.","breadcrumb":{"@id":"https:\/\/theo.niranbio.com\/fr\/saccharine-de-sodium.html#breadcrumb"},"inLanguage":"fr-FR","potentialAction":[{"@type":"ReadAction","target":["https:\/\/theo.niranbio.com\/fr\/saccharine-de-sodium.html"]}]},{"@type":"ImageObject","inLanguage":"fr-FR","@id":"https:\/\/theo.niranbio.com\/fr\/saccharine-de-sodium.html#primaryimage","url":"https:\/\/theo.niranbio.com\/wp-content\/uploads\/2024\/06\/Sodium-Saccharin.webp","contentUrl":"https:\/\/theo.niranbio.com\/wp-content\/uploads\/2024\/06\/Sodium-Saccharin.webp","width":600,"height":600,"caption":"Saccharine sodique"},{"@type":"BreadcrumbList","@id":"https:\/\/theo.niranbio.com\/fr\/saccharine-de-sodium.html#breadcrumb","itemListElement":[{"@type":"ListItem","position":1,"name":"Home","item":"https:\/\/theo.niranbio.com\/fr\/"},{"@type":"ListItem","position":2,"name":"Produits","item":"https:\/\/theo.niranbio.com\/fr\/produits.html"},{"@type":"ListItem","position":3,"name":"\u00c9dulcorant","item":"https:\/\/theo.niranbio.com\/fr\/produit-edulcorant\/"},{"@type":"ListItem","position":4,"name":"Saccharine de sodium"}]},{"@type":"WebSite","@id":"https:\/\/theo.niranbio.com\/fr\/#website","url":"https:\/\/theo.niranbio.com\/fr\/","name":"Niranbio Chemical","description":"","publisher":{"@id":"https:\/\/theo.niranbio.com\/fr\/#organization"},"potentialAction":[{"@type":"SearchAction","target":{"@type":"EntryPoint","urlTemplate":"https:\/\/theo.niranbio.com\/fr\/?s={search_term_string}"},"query-input":{"@type":"PropertyValueSpecification","valueRequired":true,"valueName":"search_term_string"}}],"inLanguage":"fr-FR"},{"@type":"Organization","@id":"https:\/\/theo.niranbio.com\/fr\/#organization","name":"Niranbio Chemical","url":"https:\/\/theo.niranbio.com\/fr\/","logo":{"@type":"ImageObject","inLanguage":"fr-FR","@id":"https:\/\/theo.niranbio.com\/fr\/#\/schema\/logo\/image\/","url":"https:\/\/theo.niranbio.com\/wp-content\/uploads\/2024\/06\/Niranbio.png","contentUrl":"https:\/\/theo.niranbio.com\/wp-content\/uploads\/2024\/06\/Niranbio.png","width":270,"height":100,"caption":"Niranbio Chemical"},"image":{"@id":"https:\/\/theo.niranbio.com\/fr\/#\/schema\/logo\/image\/"}}]}},"_links":{"self":[{"href":"https:\/\/theo.niranbio.com\/fr\/wp-json\/wp\/v2\/product\/9304","targetHints":{"allow":["GET"]}}],"collection":[{"href":"https:\/\/theo.niranbio.com\/fr\/wp-json\/wp\/v2\/product"}],"about":[{"href":"https:\/\/theo.niranbio.com\/fr\/wp-json\/wp\/v2\/types\/product"}],"version-history":[{"count":0,"href":"https:\/\/theo.niranbio.com\/fr\/wp-json\/wp\/v2\/product\/9304\/revisions"}],"wp:featuredmedia":[{"embeddable":true,"href":"https:\/\/theo.niranbio.com\/fr\/wp-json\/wp\/v2\/media\/9305"}],"wp:attachment":[{"href":"https:\/\/theo.niranbio.com\/fr\/wp-json\/wp\/v2\/media?parent=9304"}],"wp:term":[{"taxonomy":"product_brand","embeddable":true,"href":"https:\/\/theo.niranbio.com\/fr\/wp-json\/wp\/v2\/product_brand?post=9304"},{"taxonomy":"product_cat","embeddable":true,"href":"https:\/\/theo.niranbio.com\/fr\/wp-json\/wp\/v2\/product_cat?post=9304"},{"taxonomy":"product_tag","embeddable":true,"href":"https:\/\/theo.niranbio.com\/fr\/wp-json\/wp\/v2\/product_tag?post=9304"}],"curies":[{"name":"wp","href":"https:\/\/api.w.org\/{rel}","templated":true}]}}