{"id":9269,"date":"2024-06-20T09:34:49","date_gmt":"2024-06-20T01:34:49","guid":{"rendered":"https:\/\/theo.niranbio.com\/erythritol-de-qualite-alimentaire\/"},"modified":"2024-08-19T14:34:21","modified_gmt":"2024-08-19T06:34:21","slug":"erythritol-de-qualite-alimentaire","status":"publish","type":"product","link":"https:\/\/theo.niranbio.com\/fr\/erythritol-de-qualite-alimentaire.html","title":{"rendered":"\u00c9rythritol de qualit\u00e9 alimentaire"},"content":{"rendered":"<h2><span class=\"ez-toc-section\" id=\"Quest-ce_que_lerythritol\"><\/span>Qu&rsquo;est-ce que l&rsquo;\u00e9rythritol ?<span class=\"ez-toc-section-end\"><\/span><\/h2>\n<p>L&rsquo;\u00e9rythritol est un \u00e9dulcorant de remplissage largement pr\u00e9sent dans la nature. Il peut \u00eatre fabriqu\u00e9 par fermentation du glucose pour produire une poudre cristalline blanche ou des granul\u00e9s qui sont utilis\u00e9s comme \u00e9dulcorant dans une vari\u00e9t\u00e9 d&rsquo;aliments. La fermentation microbienne et la synth\u00e8se chimique sont les deux principales m\u00e9thodes de production de l&rsquo;\u00e9rythritol, mais la fermentation est la m\u00e9thode la plus courante. Il a une sensation rafra\u00eechissante, une faible valeur calorifique (environ un dixi\u00e8me de celle du saccharose) et est l\u00e9g\u00e8rement sucr\u00e9 (une douceur relative de 0,65).<\/p>\n<p>Habituellement, les mati\u00e8res premi\u00e8res amylac\u00e9es telles que le bl\u00e9 ou le ma\u00efs sont d\u00e9grad\u00e9es par des enzymes pour produire du glucose, puis ferment\u00e9es par des souches de production, filtr\u00e9es, s\u00e9par\u00e9es par chromatographie, purifi\u00e9es, concentr\u00e9es, cristallis\u00e9es, s\u00e9par\u00e9es et s\u00e9ch\u00e9es pour finalement produire de l&rsquo;\u00e9rythritol.<\/p>\n<h2><span class=\"ez-toc-section\" id=\"Parametres_associes\"><\/span>Param\u00e8tres associ\u00e9s :<span class=\"ez-toc-section-end\"><\/span><\/h2>\n<table>\n<tbody>\n<tr>\n<td><strong>Articles<\/strong><\/td>\n<td><strong>Normes<\/strong><\/td>\n<\/tr>\n<tr>\n<td>Dosage (sur une base s\u00e8che)<\/td>\n<td>99.5%-100.5%<\/td>\n<\/tr>\n<tr>\n<td>PH<\/td>\n<td>5.0~7.0<\/td>\n<\/tr>\n<tr>\n<td>Cendre<\/td>\n<td>0,1% Max<\/td>\n<\/tr>\n<tr>\n<td>Perte au s\u00e9chage<\/td>\n<td>0,2% Max<\/td>\n<\/tr>\n<tr>\n<td>Sucre r\u00e9ducteur<\/td>\n<td>0,3 % au maximum<\/td>\n<\/tr>\n<tr>\n<td>Ribitol et glyc\u00e9rol<\/td>\n<td>0,1 % au maximum<\/td>\n<\/tr>\n<tr>\n<td>Plage de fusion<\/td>\n<td>119\u2103 \u00e0 123\u2103<\/td>\n<\/tr>\n<tr>\n<td>Plomb(Pb)<\/td>\n<td>0,5 ppm Max<\/td>\n<\/tr>\n<tr>\n<td>M\u00e9taux lourds (Pb)<\/td>\n<td>1 ppm Max<\/td>\n<\/tr>\n<tr>\n<td>As<\/td>\n<td>0,3 ppm Max<\/td>\n<\/tr>\n<tr>\n<td>Cont de bact\u00e9ries<\/td>\n<td>300 cfu\/g Max<\/td>\n<\/tr>\n<tr>\n<td>Moisissures et levures Coliformes maximaux<\/td>\n<td>100 ufc\/g<\/td>\n<\/tr>\n<tr>\n<td>Dosage maximal recommand\u00e9<\/td>\n<td>0,3MPN\/g<\/td>\n<\/tr>\n<\/tbody>\n<\/table>\n<h2><span class=\"ez-toc-section\" id=\"Dosage_recommande\"><\/span>Dosage recommand\u00e9<span class=\"ez-toc-section-end\"><\/span><\/h2>\n<table>\n<tbody>\n<tr>\n<td><strong>Nom de l&rsquo;aliment<\/strong><\/td>\n<td><strong>Utilisation maximale (g\/kg)<\/strong><\/td>\n<\/tr>\n<tr>\n<td>Industrie des boissons<\/td>\n<td>2-5 g\/kg<\/td>\n<\/tr>\n<tr>\n<td>Industrie du jus<\/td>\n<td>3-7 g\/kg<\/td>\n<\/tr>\n<tr>\n<td>Industrie de l&rsquo;huile alimentaire<\/td>\n<td>4-8 g\/kg<\/td>\n<\/tr>\n<tr>\n<td>Industrie des cornichons<\/td>\n<td>5-10 g\/kg<\/td>\n<\/tr>\n<tr>\n<td>Industrie de transformation du poisson<\/td>\n<td>4-8 g\/kg<\/td>\n<\/tr>\n<tr>\n<td>Industrie de transformation de la viande<\/td>\n<td>5-10 g\/kg<\/td>\n<\/tr>\n<tr>\n<td>Industrie de la confiserie<\/td>\n<td>3-7 g\/kg<\/td>\n<\/tr>\n<tr>\n<td>Industrie de la boulangerie<\/td>\n<td>4-8 g\/kg<\/td>\n<\/tr>\n<tr>\n<td>Industrie des assaisonnements<\/td>\n<td>4-8 g\/kg<\/td>\n<\/tr>\n<tr>\n<td>Industrie de l&rsquo;amidon et de ses produits<\/td>\n<td>4-8 g\/kg<\/td>\n<\/tr>\n<tr>\n<td>Industrie des aliments en poudre<\/td>\n<td>4-8 g\/kg<\/td>\n<\/tr>\n<\/tbody>\n<\/table>\n<h2><span class=\"ez-toc-section\" id=\"Lerythritol_a_une_large_gamme_dutilisations\"><\/span>L&rsquo;\u00e9rythritol a une large gamme d&rsquo;utilisations<span class=\"ez-toc-section-end\"><\/span><\/h2>\n<ol>\n<li>L&rsquo;\u00e9rythritol a une teneur en calories extr\u00eamement faible et convient aux produits qui n\u00e9cessitent une douceur hypocalorique, tels que les collations saines et les aliments di\u00e9t\u00e9tiques.<\/li>\n<li>Il peut rehausser le go\u00fbt des produits et donner aux aliments un go\u00fbt et une solubilit\u00e9 similaires au saccharose, en particulier dans les bonbons, les glaces et les desserts.<\/li>\n<li>L&rsquo;\u00e9rythritol est relativement stable dans des conditions de temp\u00e9rature \u00e9lev\u00e9e et convient aux aliments qui n\u00e9cessitent un traitement ou une cuisson \u00e0 haute temp\u00e9rature, tels que les produits de boulangerie et les produits en conserve.<\/li>\n<li>L&rsquo;\u00e9rythritol n&rsquo;est pas facilement m\u00e9tabolis\u00e9 par les bact\u00e9ries buccales et ne provoque pas d&rsquo;\u00e9rosion acide sur les dents. C&rsquo;est un \u00e9dulcorant respectueux des dents.<\/li>\n<li>L&rsquo;\u00e9rythritol a un faible indice glyc\u00e9mique et est adapt\u00e9 aux diab\u00e9tiques et peut \u00eatre utilis\u00e9 comme substitut du sucre.<\/li>\n<\/ol>\n<h2><span class=\"ez-toc-section\" id=\"Question_posee_par_lutilisateur\"><\/span>Question pos\u00e9e par l&rsquo;utilisateur :<span class=\"ez-toc-section-end\"><\/span><\/h2>\n<p>Question : Lequel est le plus acceptable pour le corps humain, la st\u00e9via ou l&rsquo;\u00e9rythritol ?<\/p>\n<p>R\u00e9ponse : La st\u00e9via est consid\u00e9r\u00e9e comme plus proche de la douceur naturelle en raison de son origine naturelle et de son absence de calories, et elle convient aux consommateurs soucieux de leur sant\u00e9. Cependant, certaines personnes peuvent ne pas \u00eatre habitu\u00e9es \u00e0 son go\u00fbt l\u00e9g\u00e8rement amer. L&rsquo;\u00e9rythritol a un go\u00fbt plus proche du saccharose et n&rsquo;a pas d&rsquo;arri\u00e8re-go\u00fbt \u00e9vident, ce qui est plus proche du go\u00fbt du sucre traditionnel et est plus acceptable pour la plupart des gens. Il n&rsquo;a pas non plus d&rsquo;effets ind\u00e9sirables sur la sant\u00e9 bucco-dentaire ou la glyc\u00e9mie.<\/p>\n<p>Question : Y a-t-il une diff\u00e9rence entre l&rsquo;aspartame et l&rsquo;\u00e9rythritol ?<\/p>\n<p>R\u00e9ponse : Bien que l&rsquo;\u00e9rythritol et l&rsquo;aspartame soient tous deux des \u00e9dulcorants, leurs propri\u00e9t\u00e9s chimiques et leurs caract\u00e9ristiques d&rsquo;utilisation sont diff\u00e9rentes. L&rsquo;\u00e9rythritol est plus proche de la structure du sucre, tandis que l&rsquo;aspartame est similaire aux acides amin\u00e9s. L&rsquo;\u00e9rythritol est un \u00e9dulcorant de charge et un alcool de sucre \u00e0 quatre carbones qui peut \u00eatre largement utilis\u00e9 dans les aliments et les boissons. L&rsquo;\u00e9rythritol a un go\u00fbt sucr\u00e9 et n&rsquo;est pas dig\u00e9r\u00e9 ni absorb\u00e9. Compar\u00e9 \u00e0 d&rsquo;autres alcools de sucre, l&rsquo;\u00e9rythritol a peu d&rsquo;effet sur la glyc\u00e9mie et les niveaux d&rsquo;insuline et n&rsquo;est pas sujet \u00e0 des troubles gastro-intestinaux. Ajout\u00e9 aux boissons, aux m\u00e9dicaments ou aux chewing-gums sans sucre en remplacement du sucre, l&rsquo;aspartame est un oligosaccharide fonctionnel naturel, riche en sucre et faible en calories.<\/p>\n","protected":false},"excerpt":{"rendered":"<ul>\n<li>CAS: 149-32-6<\/li>\n<li>Formule chimique:C<sub>4<\/sub>H<sub>10<\/sub>O<sub>4<\/sub><\/li>\n<li>Certifications : KOSHER, ISO, HALAL, FSSC 22000, BRC, etc.<\/li>\n<li>Norme : USP<\/li>\n<li>Quantit\u00e9 minimum de commande : 1000 kg<\/li>\n<li>Dur\u00e9e de conservation : 3 ans<\/li>\n<\/ul>\n","protected":false},"featured_media":9270,"template":"","meta":{"site-sidebar-layout":"default","site-content-layout":"","ast-site-content-layout":"default","site-content-style":"default","site-sidebar-style":"default","ast-global-header-display":"","ast-banner-title-visibility":"","ast-main-header-display":"","ast-hfb-above-header-display":"","ast-hfb-below-header-display":"","ast-hfb-mobile-header-display":"","site-post-title":"","ast-breadcrumbs-content":"","ast-featured-img":"","footer-sml-layout":"","theme-transparent-header-meta":"default","adv-header-id-meta":"","stick-header-meta":"","header-above-stick-meta":"","header-main-stick-meta":"","header-below-stick-meta":"","astra-migrate-meta-layouts":"set","ast-page-background-enabled":"default","ast-page-background-meta":{"desktop":{"background-color":"var(--ast-global-color-4)","background-image":"","background-repeat":"repeat","background-position":"center center","background-size":"auto","background-attachment":"scroll","background-type":"","background-media":"","overlay-type":"","overlay-color":"","overlay-opacity":"","overlay-gradient":""},"tablet":{"background-color":"","background-image":"","background-repeat":"repeat","background-position":"center center","background-size":"auto","background-attachment":"scroll","background-type":"","background-media":"","overlay-type":"","overlay-color":"","overlay-opacity":"","overlay-gradient":""},"mobile":{"background-color":"","background-image":"","background-repeat":"repeat","background-position":"center center","background-size":"auto","background-attachment":"scroll","background-type":"","background-media":"","overlay-type":"","overlay-color":"","overlay-opacity":"","overlay-gradient":""}},"ast-content-background-meta":{"desktop":{"background-color":"var(--ast-global-color-5)","background-image":"","background-repeat":"repeat","background-position":"center center","background-size":"auto","background-attachment":"scroll","background-type":"","background-media":"","overlay-type":"","overlay-color":"","overlay-opacity":"","overlay-gradient":""},"tablet":{"background-color":"var(--ast-global-color-5)","background-image":"","background-repeat":"repeat","background-position":"center center","background-size":"auto","background-attachment":"scroll","background-type":"","background-media":"","overlay-type":"","overlay-color":"","overlay-opacity":"","overlay-gradient":""},"mobile":{"background-color":"var(--ast-global-color-5)","background-image":"","background-repeat":"repeat","background-position":"center center","background-size":"auto","background-attachment":"scroll","background-type":"","background-media":"","overlay-type":"","overlay-color":"","overlay-opacity":"","overlay-gradient":""}}},"product_brand":[],"product_cat":[111],"product_tag":[],"class_list":{"0":"post-9269","1":"product","2":"type-product","3":"status-publish","4":"has-post-thumbnail","6":"product_cat-produit-edulcorant","7":"desktop-align-center","8":"tablet-align-left","9":"mobile-align-left","11":"first","12":"instock","13":"shipping-taxable","14":"product-type-simple"},"yoast_head":"<!-- This site is optimized with the Yoast SEO plugin v26.5 - https:\/\/yoast.com\/wordpress\/plugins\/seo\/ -->\n<title>Fournisseur de \u00c9rythritol en Poudre, Fabricant d&#039;E968 | Niranbio Chemical<\/title>\n<meta name=\"description\" content=\"Nous proposons de l&#039;\u00e9rythritol de qualit\u00e9 alimentaire, un \u00e9dulcorant naturel sans calories avec une tol\u00e9rance digestive, une solubilit\u00e9 et une stabilit\u00e9 \u00e0 la chaleur \u00e9lev\u00e9es, id\u00e9al pour les produits sans sucre.\" \/>\n<meta name=\"robots\" content=\"noindex, follow, max-snippet:-1, max-image-preview:large, max-video-preview:-1\" \/>\n<meta name=\"twitter:label1\" content=\"Dur\u00e9e de lecture estim\u00e9e\" \/>\n\t<meta name=\"twitter:data1\" content=\"4 minutes\" \/>\n<script type=\"application\/ld+json\" class=\"yoast-schema-graph\">{\"@context\":\"https:\/\/schema.org\",\"@graph\":[{\"@type\":\"WebPage\",\"@id\":\"https:\/\/theo.niranbio.com\/fr\/erythritol-de-qualite-alimentaire.html\",\"url\":\"https:\/\/theo.niranbio.com\/fr\/erythritol-de-qualite-alimentaire.html\",\"name\":\"Fournisseur de \u00c9rythritol en Poudre, Fabricant d'E968 | Niranbio Chemical\",\"isPartOf\":{\"@id\":\"https:\/\/theo.niranbio.com\/fr\/#website\"},\"primaryImageOfPage\":{\"@id\":\"https:\/\/theo.niranbio.com\/fr\/erythritol-de-qualite-alimentaire.html#primaryimage\"},\"image\":{\"@id\":\"https:\/\/theo.niranbio.com\/fr\/erythritol-de-qualite-alimentaire.html#primaryimage\"},\"thumbnailUrl\":\"https:\/\/theo.niranbio.com\/wp-content\/uploads\/2024\/06\/Erythritol.webp\",\"datePublished\":\"2024-06-20T01:34:49+00:00\",\"dateModified\":\"2024-08-19T06:34:21+00:00\",\"description\":\"Nous proposons de l'\u00e9rythritol de qualit\u00e9 alimentaire, un \u00e9dulcorant naturel sans calories avec une tol\u00e9rance digestive, une solubilit\u00e9 et une stabilit\u00e9 \u00e0 la chaleur \u00e9lev\u00e9es, id\u00e9al pour les produits sans sucre.\",\"breadcrumb\":{\"@id\":\"https:\/\/theo.niranbio.com\/fr\/erythritol-de-qualite-alimentaire.html#breadcrumb\"},\"inLanguage\":\"fr-FR\",\"potentialAction\":[{\"@type\":\"ReadAction\",\"target\":[\"https:\/\/theo.niranbio.com\/fr\/erythritol-de-qualite-alimentaire.html\"]}]},{\"@type\":\"ImageObject\",\"inLanguage\":\"fr-FR\",\"@id\":\"https:\/\/theo.niranbio.com\/fr\/erythritol-de-qualite-alimentaire.html#primaryimage\",\"url\":\"https:\/\/theo.niranbio.com\/wp-content\/uploads\/2024\/06\/Erythritol.webp\",\"contentUrl\":\"https:\/\/theo.niranbio.com\/wp-content\/uploads\/2024\/06\/Erythritol.webp\",\"width\":600,\"height\":600,\"caption\":\"\u00c9rythritol\"},{\"@type\":\"BreadcrumbList\",\"@id\":\"https:\/\/theo.niranbio.com\/fr\/erythritol-de-qualite-alimentaire.html#breadcrumb\",\"itemListElement\":[{\"@type\":\"ListItem\",\"position\":1,\"name\":\"Home\",\"item\":\"https:\/\/theo.niranbio.com\/fr\/\"},{\"@type\":\"ListItem\",\"position\":2,\"name\":\"Produits\",\"item\":\"https:\/\/theo.niranbio.com\/fr\/produits.html\"},{\"@type\":\"ListItem\",\"position\":3,\"name\":\"\u00c9dulcorant\",\"item\":\"https:\/\/theo.niranbio.com\/fr\/produit-edulcorant\/\"},{\"@type\":\"ListItem\",\"position\":4,\"name\":\"\u00c9rythritol de qualit\u00e9 alimentaire\"}]},{\"@type\":\"WebSite\",\"@id\":\"https:\/\/theo.niranbio.com\/fr\/#website\",\"url\":\"https:\/\/theo.niranbio.com\/fr\/\",\"name\":\"Niranbio Chemical\",\"description\":\"\",\"publisher\":{\"@id\":\"https:\/\/theo.niranbio.com\/fr\/#organization\"},\"potentialAction\":[{\"@type\":\"SearchAction\",\"target\":{\"@type\":\"EntryPoint\",\"urlTemplate\":\"https:\/\/theo.niranbio.com\/fr\/?s={search_term_string}\"},\"query-input\":{\"@type\":\"PropertyValueSpecification\",\"valueRequired\":true,\"valueName\":\"search_term_string\"}}],\"inLanguage\":\"fr-FR\"},{\"@type\":\"Organization\",\"@id\":\"https:\/\/theo.niranbio.com\/fr\/#organization\",\"name\":\"Niranbio Chemical\",\"url\":\"https:\/\/theo.niranbio.com\/fr\/\",\"logo\":{\"@type\":\"ImageObject\",\"inLanguage\":\"fr-FR\",\"@id\":\"https:\/\/theo.niranbio.com\/fr\/#\/schema\/logo\/image\/\",\"url\":\"https:\/\/theo.niranbio.com\/wp-content\/uploads\/2024\/06\/Niranbio.png\",\"contentUrl\":\"https:\/\/theo.niranbio.com\/wp-content\/uploads\/2024\/06\/Niranbio.png\",\"width\":270,\"height\":100,\"caption\":\"Niranbio Chemical\"},\"image\":{\"@id\":\"https:\/\/theo.niranbio.com\/fr\/#\/schema\/logo\/image\/\"}}]}<\/script>\n<!-- \/ Yoast SEO plugin. -->","yoast_head_json":{"title":"Fournisseur de \u00c9rythritol en Poudre, Fabricant d'E968 | Niranbio Chemical","description":"Nous proposons de l'\u00e9rythritol de qualit\u00e9 alimentaire, un \u00e9dulcorant naturel sans calories avec une tol\u00e9rance digestive, une solubilit\u00e9 et une stabilit\u00e9 \u00e0 la chaleur \u00e9lev\u00e9es, id\u00e9al pour les produits sans sucre.","robots":{"index":"noindex","follow":"follow","max-snippet":"max-snippet:-1","max-image-preview":"max-image-preview:large","max-video-preview":"max-video-preview:-1"},"twitter_misc":{"Dur\u00e9e de lecture estim\u00e9e":"4 minutes"},"schema":{"@context":"https:\/\/schema.org","@graph":[{"@type":"WebPage","@id":"https:\/\/theo.niranbio.com\/fr\/erythritol-de-qualite-alimentaire.html","url":"https:\/\/theo.niranbio.com\/fr\/erythritol-de-qualite-alimentaire.html","name":"Fournisseur de \u00c9rythritol en Poudre, Fabricant d'E968 | Niranbio Chemical","isPartOf":{"@id":"https:\/\/theo.niranbio.com\/fr\/#website"},"primaryImageOfPage":{"@id":"https:\/\/theo.niranbio.com\/fr\/erythritol-de-qualite-alimentaire.html#primaryimage"},"image":{"@id":"https:\/\/theo.niranbio.com\/fr\/erythritol-de-qualite-alimentaire.html#primaryimage"},"thumbnailUrl":"https:\/\/theo.niranbio.com\/wp-content\/uploads\/2024\/06\/Erythritol.webp","datePublished":"2024-06-20T01:34:49+00:00","dateModified":"2024-08-19T06:34:21+00:00","description":"Nous proposons de l'\u00e9rythritol de qualit\u00e9 alimentaire, un \u00e9dulcorant naturel sans calories avec une tol\u00e9rance digestive, une solubilit\u00e9 et une stabilit\u00e9 \u00e0 la chaleur \u00e9lev\u00e9es, id\u00e9al pour les produits sans sucre.","breadcrumb":{"@id":"https:\/\/theo.niranbio.com\/fr\/erythritol-de-qualite-alimentaire.html#breadcrumb"},"inLanguage":"fr-FR","potentialAction":[{"@type":"ReadAction","target":["https:\/\/theo.niranbio.com\/fr\/erythritol-de-qualite-alimentaire.html"]}]},{"@type":"ImageObject","inLanguage":"fr-FR","@id":"https:\/\/theo.niranbio.com\/fr\/erythritol-de-qualite-alimentaire.html#primaryimage","url":"https:\/\/theo.niranbio.com\/wp-content\/uploads\/2024\/06\/Erythritol.webp","contentUrl":"https:\/\/theo.niranbio.com\/wp-content\/uploads\/2024\/06\/Erythritol.webp","width":600,"height":600,"caption":"\u00c9rythritol"},{"@type":"BreadcrumbList","@id":"https:\/\/theo.niranbio.com\/fr\/erythritol-de-qualite-alimentaire.html#breadcrumb","itemListElement":[{"@type":"ListItem","position":1,"name":"Home","item":"https:\/\/theo.niranbio.com\/fr\/"},{"@type":"ListItem","position":2,"name":"Produits","item":"https:\/\/theo.niranbio.com\/fr\/produits.html"},{"@type":"ListItem","position":3,"name":"\u00c9dulcorant","item":"https:\/\/theo.niranbio.com\/fr\/produit-edulcorant\/"},{"@type":"ListItem","position":4,"name":"\u00c9rythritol de qualit\u00e9 alimentaire"}]},{"@type":"WebSite","@id":"https:\/\/theo.niranbio.com\/fr\/#website","url":"https:\/\/theo.niranbio.com\/fr\/","name":"Niranbio Chemical","description":"","publisher":{"@id":"https:\/\/theo.niranbio.com\/fr\/#organization"},"potentialAction":[{"@type":"SearchAction","target":{"@type":"EntryPoint","urlTemplate":"https:\/\/theo.niranbio.com\/fr\/?s={search_term_string}"},"query-input":{"@type":"PropertyValueSpecification","valueRequired":true,"valueName":"search_term_string"}}],"inLanguage":"fr-FR"},{"@type":"Organization","@id":"https:\/\/theo.niranbio.com\/fr\/#organization","name":"Niranbio Chemical","url":"https:\/\/theo.niranbio.com\/fr\/","logo":{"@type":"ImageObject","inLanguage":"fr-FR","@id":"https:\/\/theo.niranbio.com\/fr\/#\/schema\/logo\/image\/","url":"https:\/\/theo.niranbio.com\/wp-content\/uploads\/2024\/06\/Niranbio.png","contentUrl":"https:\/\/theo.niranbio.com\/wp-content\/uploads\/2024\/06\/Niranbio.png","width":270,"height":100,"caption":"Niranbio Chemical"},"image":{"@id":"https:\/\/theo.niranbio.com\/fr\/#\/schema\/logo\/image\/"}}]}},"_links":{"self":[{"href":"https:\/\/theo.niranbio.com\/fr\/wp-json\/wp\/v2\/product\/9269","targetHints":{"allow":["GET"]}}],"collection":[{"href":"https:\/\/theo.niranbio.com\/fr\/wp-json\/wp\/v2\/product"}],"about":[{"href":"https:\/\/theo.niranbio.com\/fr\/wp-json\/wp\/v2\/types\/product"}],"version-history":[{"count":0,"href":"https:\/\/theo.niranbio.com\/fr\/wp-json\/wp\/v2\/product\/9269\/revisions"}],"wp:featuredmedia":[{"embeddable":true,"href":"https:\/\/theo.niranbio.com\/fr\/wp-json\/wp\/v2\/media\/9270"}],"wp:attachment":[{"href":"https:\/\/theo.niranbio.com\/fr\/wp-json\/wp\/v2\/media?parent=9269"}],"wp:term":[{"taxonomy":"product_brand","embeddable":true,"href":"https:\/\/theo.niranbio.com\/fr\/wp-json\/wp\/v2\/product_brand?post=9269"},{"taxonomy":"product_cat","embeddable":true,"href":"https:\/\/theo.niranbio.com\/fr\/wp-json\/wp\/v2\/product_cat?post=9269"},{"taxonomy":"product_tag","embeddable":true,"href":"https:\/\/theo.niranbio.com\/fr\/wp-json\/wp\/v2\/product_tag?post=9269"}],"curies":[{"name":"wp","href":"https:\/\/api.w.org\/{rel}","templated":true}]}}