{"id":9265,"date":"2024-06-20T09:35:25","date_gmt":"2024-06-20T01:35:25","guid":{"rendered":"https:\/\/theo.niranbio.com\/dextrose-monohydrate\/"},"modified":"2024-08-19T14:38:54","modified_gmt":"2024-08-19T06:38:54","slug":"dextrose-monohydrate","status":"publish","type":"product","link":"https:\/\/theo.niranbio.com\/fr\/dextrose-monohydrate.html","title":{"rendered":"Dextrose monohydrat\u00e9"},"content":{"rendered":"<h2><span class=\"ez-toc-section\" id=\"Quest-ce_que_le_dextrose_monohydrate\"><\/span>Qu&rsquo;est-ce que le dextrose monohydrat\u00e9 ?<span class=\"ez-toc-section-end\"><\/span><\/h2>\n<p>Le monohydrate de dextrose est une mati\u00e8re organique \u00e0 la surface blanche poudreuse. Il est stable \u00e0 temp\u00e9rature et pression ambiantes, a un go\u00fbt sucr\u00e9, est soluble dans l&rsquo;eau et les solvants alcooliques et est insoluble dans les solvants \u00e9ther. Il apporte nutrition, douceur et remplissage dans les secteurs de l&rsquo;alimentation et des boissons. Les secteurs du cuir et pharmaceutique l&rsquo;utilisent \u00e9galement.<\/p>\n<p>Le monohydrate de dextrose est pr\u00e9par\u00e9 en m\u00e9langeant du glucose avec une quantit\u00e9 appropri\u00e9e d&rsquo;eau, puis en obtenant des cristaux de glucose monohydrat\u00e9 par cristallisation en solution.<\/p>\n<h2><span class=\"ez-toc-section\" id=\"Parametres_associes\"><\/span>Param\u00e8tres associ\u00e9s :<span class=\"ez-toc-section-end\"><\/span><\/h2>\n<table>\n<tbody>\n<tr>\n<td><strong>Articles<\/strong><\/td>\n<td><strong>Normes<\/strong><\/td>\n<\/tr>\n<tr>\n<td>puret\u00e9 %<\/td>\n<td>\u226599.0<\/td>\n<\/tr>\n<tr>\n<td>% d&rsquo;humidit\u00e9<\/td>\n<td>\u226410.0<\/td>\n<\/tr>\n<tr>\n<td>[ \u03b1 ]D 20 rotation sp\u00e9cifique<\/td>\n<td>52.00\u223d53.50<\/td>\n<\/tr>\n<tr>\n<td>cendres sulfat\u00e9es %<\/td>\n<td>\u22640.25<\/td>\n<\/tr>\n<tr>\n<td>valeur du ph<\/td>\n<td>4.0-6.5<\/td>\n<\/tr>\n<tr>\n<td>chlorure(cl-) %<\/td>\n<td>\u22640.01<\/td>\n<\/tr>\n<tr>\n<td>plomb(mg\/kg)<\/td>\n<td>\u22640.5<\/td>\n<\/tr>\n<tr>\n<td>arsenic(mg\/kg)<\/td>\n<td>\u22641<\/td>\n<\/tr>\n<tr>\n<td>cuivre(mg\/kg)<\/td>\n<td>\u22645<\/td>\n<\/tr>\n<tr>\n<td>num\u00e9ration plaquettaire totale(cfu\/g)<\/td>\n<td>\u22643000<\/td>\n<\/tr>\n<tr>\n<td>Nombre de groupes de coliformes (MPN\/100g)<\/td>\n<td>\u226430<\/td>\n<\/tr>\n<tr>\n<td>Nombre de levures et de moisissures (cfu\/g)<\/td>\n<td>\u226460<\/td>\n<\/tr>\n<tr>\n<td>salmonelle<\/td>\n<td>AUCUN<\/td>\n<\/tr>\n<tr>\n<td>shigelle<\/td>\n<td>AUCUN<\/td>\n<\/tr>\n<tr>\n<td>staphylocoque dor\u00e9<\/td>\n<td>AUCUN<\/td>\n<\/tr>\n<\/tbody>\n<\/table>\n<h2><span class=\"ez-toc-section\" id=\"Dosage_recommande\"><\/span>Dosage recommand\u00e9 :<span class=\"ez-toc-section-end\"><\/span><\/h2>\n<table>\n<tbody>\n<tr>\n<td><strong>Nom de l&rsquo;aliment<\/strong><\/td>\n<td><strong>Utilisation maximale (g\/kg)<\/strong><\/td>\n<\/tr>\n<tr>\n<td>Boisson<\/td>\n<td>5 g\/kg<\/td>\n<\/tr>\n<tr>\n<td>Jus<\/td>\n<td>7 g\/kg<\/td>\n<\/tr>\n<tr>\n<td>Huile alimentaire<\/td>\n<td>8 g\/kg<\/td>\n<\/tr>\n<tr>\n<td>Cornichons<\/td>\n<td>10 g\/kg<\/td>\n<\/tr>\n<tr>\n<td>Transformation du poisson<\/td>\n<td>8 g\/kg<\/td>\n<\/tr>\n<tr>\n<td>Transformation de la viande<\/td>\n<td>10 g\/kg<\/td>\n<\/tr>\n<tr>\n<td>Aliments en conserve<\/td>\n<td>8 g\/kg<\/td>\n<\/tr>\n<tr>\n<td>Bonbons<\/td>\n<td>7 g\/kg<\/td>\n<\/tr>\n<tr>\n<td>Boulangerie<\/td>\n<td>8 g\/kg<\/td>\n<\/tr>\n<tr>\n<td>Produits laitiers<\/td>\n<td>7 g\/kg<\/td>\n<\/tr>\n<tr>\n<td>Aliments surgel\u00e9s<\/td>\n<td>8 g\/kg<\/td>\n<\/tr>\n<tr>\n<td>Assaisonnement<\/td>\n<td>8 g\/kg<\/td>\n<\/tr>\n<tr>\n<td>Amidon et ses produits<\/td>\n<td>8 g\/kg<\/td>\n<\/tr>\n<\/tbody>\n<\/table>\n<h2><span class=\"ez-toc-section\" id=\"Le_dextrose_monohydrate_a_une_large_gamme_dutilisations\"><\/span>Le dextrose monohydrat\u00e9 a une large gamme d&rsquo;utilisations<span class=\"ez-toc-section-end\"><\/span><\/h2>\n<ol>\n<li>Le monohydrate de dextrose est une forme de glucose qui fournit un regain d&rsquo;\u00e9nergie rapide. Il est rapidement absorb\u00e9 et m\u00e9tabolis\u00e9 dans le corps, fournissant aux cellules l&rsquo;\u00e9nergie dont elles ont besoin.<\/li>\n<li>Le monohydrate de dextrose a une intensit\u00e9 sucr\u00e9e \u00e9lev\u00e9e, mais est g\u00e9n\u00e9ralement inf\u00e9rieure \u00e0 celle du saccharose. Il peut \u00eatre utilis\u00e9 comme substitut du sucre pour augmenter la douceur des aliments et des boissons.<\/li>\n<li>Il a de bonnes propri\u00e9t\u00e9s hygroscopiques et peut absorber et retenir l&rsquo;humidit\u00e9, ce qui contribue \u00e0 am\u00e9liorer la texture des aliments et \u00e0 prolonger la dur\u00e9e de conservation.<\/li>\n<li>Le monohydrate de dextrose peut \u00eatre utilis\u00e9 comme source de fermentation de levure pour favoriser le processus de fermentation.<\/li>\n<li>Dans certains aliments, le monohydrate de dextrose peut \u00eatre utilis\u00e9 en conjonction avec d&rsquo;autres \u00e9paississants pour am\u00e9liorer la consistance et la texture des aliments.<\/li>\n<li>Il aide \u00e0 maintenir la stabilit\u00e9 des aliments et des boissons et emp\u00eache la stratification ou la s\u00e9paration des ingr\u00e9dients.<\/li>\n<\/ol>\n<h2><span class=\"ez-toc-section\" id=\"Question_posee_par_lutilisateur\"><\/span>Question pos\u00e9e par l&rsquo;utilisateur :<span class=\"ez-toc-section-end\"><\/span><\/h2>\n<p>Question : Quelle est la diff\u00e9rence entre le dextrose monohydrat\u00e9 et le glucose anhydre ?<\/p>\n<p>R\u00e9ponse : Le dextrose monohydrat\u00e9 et le glucose anhydre, en tant que deux formes diff\u00e9rentes de glucose, pr\u00e9sentent des diff\u00e9rences \u00e9videntes en termes de structure chimique, de propri\u00e9t\u00e9s physiques, de domaines d&rsquo;application et de processus de production.<\/p>\n<p>1. Structure chimique et formule mol\u00e9culaire Le dextrose monohydrat\u00e9 contient une mol\u00e9cule de glucose et une mol\u00e9cule d&rsquo;eau cristalline, tandis que le glucose anhydre ne contient qu&rsquo;une seule mol\u00e9cule de glucose.<\/p>\n<p>2. Propri\u00e9t\u00e9s physiques Le dextrose monohydrat\u00e9 se pr\u00e9sente sous la forme d&rsquo;une poudre granulaire blanche avec une surface brillante, tandis que le glucose anhydre est un cristal incolore ou une poudre cristalline blanche avec une brillance plus faible. Deuxi\u00e8mement, le dextrose monohydrat\u00e9 est l\u00e9g\u00e8rement soluble dans l&rsquo;\u00e9thanol, tandis que le glucose anhydre est moins soluble dans l&rsquo;\u00e9thanol. Enfin, le dextrose monohydrat\u00e9 a une douceur plus \u00e9lev\u00e9e et un go\u00fbt plus frais, tandis que le glucose anhydre a une douceur relativement faible et un go\u00fbt plus doux.<\/p>\n<p>3. Domaines d&rsquo;application Le dextrose monohydrat\u00e9 peut \u00eatre utilis\u00e9 comme \u00e9dulcorant et nutriment dans l&rsquo;industrie alimentaire en raison de sa grande douceur et de sa bonne solubilit\u00e9. Il peut \u00e9galement \u00eatre utilis\u00e9 comme mati\u00e8re premi\u00e8re suppl\u00e9mentaire pour les m\u00e9dicaments oraux dans le domaine m\u00e9dical. Le glucose anhydre est principalement utilis\u00e9 pour produire des injections et des perfusions m\u00e9dicales en tant que compl\u00e9ment nutritionnel et m\u00e9thode de traitement.<\/p>\n","protected":false},"excerpt":{"rendered":"<ul>\n<li>CAS: 5996-10-1<\/li>\n<li>Formule chimique: C<sub>6<\/sub>H<sub>14<\/sub>O<sub>7<\/sub><\/li>\n<li>Certifications : KOSHER, ISO, HALAL, FSSC 22000, BRC, etc.<\/li>\n<li>Norme : USP\/EB<\/li>\n<li>Quantit\u00e9 minimum de commande : 1000 kg<\/li>\n<li>Dur\u00e9e de conservation : 2 ans<\/li>\n<\/ul>\n","protected":false},"featured_media":9268,"template":"","meta":{"site-sidebar-layout":"default","site-content-layout":"","ast-site-content-layout":"default","site-content-style":"default","site-sidebar-style":"default","ast-global-header-display":"","ast-banner-title-visibility":"","ast-main-header-display":"","ast-hfb-above-header-display":"","ast-hfb-below-header-display":"","ast-hfb-mobile-header-display":"","site-post-title":"","ast-breadcrumbs-content":"","ast-featured-img":"","footer-sml-layout":"","theme-transparent-header-meta":"default","adv-header-id-meta":"","stick-header-meta":"","header-above-stick-meta":"","header-main-stick-meta":"","header-below-stick-meta":"","astra-migrate-meta-layouts":"set","ast-page-background-enabled":"default","ast-page-background-meta":{"desktop":{"background-color":"var(--ast-global-color-4)","background-image":"","background-repeat":"repeat","background-position":"center center","background-size":"auto","background-attachment":"scroll","background-type":"","background-media":"","overlay-type":"","overlay-color":"","overlay-opacity":"","overlay-gradient":""},"tablet":{"background-color":"","background-image":"","background-repeat":"repeat","background-position":"center center","background-size":"auto","background-attachment":"scroll","background-type":"","background-media":"","overlay-type":"","overlay-color":"","overlay-opacity":"","overlay-gradient":""},"mobile":{"background-color":"","background-image":"","background-repeat":"repeat","background-position":"center center","background-size":"auto","background-attachment":"scroll","background-type":"","background-media":"","overlay-type":"","overlay-color":"","overlay-opacity":"","overlay-gradient":""}},"ast-content-background-meta":{"desktop":{"background-color":"var(--ast-global-color-5)","background-image":"","background-repeat":"repeat","background-position":"center center","background-size":"auto","background-attachment":"scroll","background-type":"","background-media":"","overlay-type":"","overlay-color":"","overlay-opacity":"","overlay-gradient":""},"tablet":{"background-color":"var(--ast-global-color-5)","background-image":"","background-repeat":"repeat","background-position":"center center","background-size":"auto","background-attachment":"scroll","background-type":"","background-media":"","overlay-type":"","overlay-color":"","overlay-opacity":"","overlay-gradient":""},"mobile":{"background-color":"var(--ast-global-color-5)","background-image":"","background-repeat":"repeat","background-position":"center center","background-size":"auto","background-attachment":"scroll","background-type":"","background-media":"","overlay-type":"","overlay-color":"","overlay-opacity":"","overlay-gradient":""}}},"product_brand":[],"product_cat":[111],"product_tag":[],"class_list":{"0":"post-9265","1":"product","2":"type-product","3":"status-publish","4":"has-post-thumbnail","6":"product_cat-produit-edulcorant","7":"desktop-align-center","8":"tablet-align-left","9":"mobile-align-left","11":"first","12":"instock","13":"shipping-taxable","14":"product-type-simple"},"yoast_head":"<!-- This site is optimized with the Yoast SEO plugin v26.5 - https:\/\/yoast.com\/wordpress\/plugins\/seo\/ -->\n<title>Fournisseur de Dextrose Monohydrat\u00e9e, Poudre de Dextrose Monohydrat\u00e9e Biologique | Niranbio Chemical<\/title>\n<meta name=\"description\" content=\"Notre monohydrate de glucose a une surface poudreuse blanche, une grande puret\u00e9, une excellente solubilit\u00e9 et un go\u00fbt sucr\u00e9, ce qui le rend id\u00e9al pour les applications alimentaires et pharmaceutiques.\" \/>\n<meta name=\"robots\" content=\"noindex, follow, max-snippet:-1, max-image-preview:large, max-video-preview:-1\" \/>\n<meta name=\"twitter:label1\" content=\"Dur\u00e9e de lecture estim\u00e9e\" \/>\n\t<meta name=\"twitter:data1\" content=\"3 minutes\" \/>\n<script type=\"application\/ld+json\" class=\"yoast-schema-graph\">{\"@context\":\"https:\/\/schema.org\",\"@graph\":[{\"@type\":\"WebPage\",\"@id\":\"https:\/\/theo.niranbio.com\/fr\/dextrose-monohydrate.html\",\"url\":\"https:\/\/theo.niranbio.com\/fr\/dextrose-monohydrate.html\",\"name\":\"Fournisseur de Dextrose Monohydrat\u00e9e, Poudre de Dextrose Monohydrat\u00e9e Biologique | Niranbio Chemical\",\"isPartOf\":{\"@id\":\"https:\/\/theo.niranbio.com\/fr\/#website\"},\"primaryImageOfPage\":{\"@id\":\"https:\/\/theo.niranbio.com\/fr\/dextrose-monohydrate.html#primaryimage\"},\"image\":{\"@id\":\"https:\/\/theo.niranbio.com\/fr\/dextrose-monohydrate.html#primaryimage\"},\"thumbnailUrl\":\"https:\/\/theo.niranbio.com\/wp-content\/uploads\/2024\/06\/Dextrose-Mononydrate-powder.webp\",\"datePublished\":\"2024-06-20T01:35:25+00:00\",\"dateModified\":\"2024-08-19T06:38:54+00:00\",\"description\":\"Notre monohydrate de glucose a une surface poudreuse blanche, une grande puret\u00e9, une excellente solubilit\u00e9 et un go\u00fbt sucr\u00e9, ce qui le rend id\u00e9al pour les applications alimentaires et pharmaceutiques.\",\"breadcrumb\":{\"@id\":\"https:\/\/theo.niranbio.com\/fr\/dextrose-monohydrate.html#breadcrumb\"},\"inLanguage\":\"fr-FR\",\"potentialAction\":[{\"@type\":\"ReadAction\",\"target\":[\"https:\/\/theo.niranbio.com\/fr\/dextrose-monohydrate.html\"]}]},{\"@type\":\"ImageObject\",\"inLanguage\":\"fr-FR\",\"@id\":\"https:\/\/theo.niranbio.com\/fr\/dextrose-monohydrate.html#primaryimage\",\"url\":\"https:\/\/theo.niranbio.com\/wp-content\/uploads\/2024\/06\/Dextrose-Mononydrate-powder.webp\",\"contentUrl\":\"https:\/\/theo.niranbio.com\/wp-content\/uploads\/2024\/06\/Dextrose-Mononydrate-powder.webp\",\"width\":600,\"height\":600,\"caption\":\"Poudre de dextrose monohydrat\u00e9e\"},{\"@type\":\"BreadcrumbList\",\"@id\":\"https:\/\/theo.niranbio.com\/fr\/dextrose-monohydrate.html#breadcrumb\",\"itemListElement\":[{\"@type\":\"ListItem\",\"position\":1,\"name\":\"Home\",\"item\":\"https:\/\/theo.niranbio.com\/fr\/\"},{\"@type\":\"ListItem\",\"position\":2,\"name\":\"Produits\",\"item\":\"https:\/\/theo.niranbio.com\/fr\/produits.html\"},{\"@type\":\"ListItem\",\"position\":3,\"name\":\"\u00c9dulcorant\",\"item\":\"https:\/\/theo.niranbio.com\/fr\/produit-edulcorant\/\"},{\"@type\":\"ListItem\",\"position\":4,\"name\":\"Dextrose monohydrat\u00e9\"}]},{\"@type\":\"WebSite\",\"@id\":\"https:\/\/theo.niranbio.com\/fr\/#website\",\"url\":\"https:\/\/theo.niranbio.com\/fr\/\",\"name\":\"Niranbio Chemical\",\"description\":\"\",\"publisher\":{\"@id\":\"https:\/\/theo.niranbio.com\/fr\/#organization\"},\"potentialAction\":[{\"@type\":\"SearchAction\",\"target\":{\"@type\":\"EntryPoint\",\"urlTemplate\":\"https:\/\/theo.niranbio.com\/fr\/?s={search_term_string}\"},\"query-input\":{\"@type\":\"PropertyValueSpecification\",\"valueRequired\":true,\"valueName\":\"search_term_string\"}}],\"inLanguage\":\"fr-FR\"},{\"@type\":\"Organization\",\"@id\":\"https:\/\/theo.niranbio.com\/fr\/#organization\",\"name\":\"Niranbio Chemical\",\"url\":\"https:\/\/theo.niranbio.com\/fr\/\",\"logo\":{\"@type\":\"ImageObject\",\"inLanguage\":\"fr-FR\",\"@id\":\"https:\/\/theo.niranbio.com\/fr\/#\/schema\/logo\/image\/\",\"url\":\"https:\/\/theo.niranbio.com\/wp-content\/uploads\/2024\/06\/Niranbio.png\",\"contentUrl\":\"https:\/\/theo.niranbio.com\/wp-content\/uploads\/2024\/06\/Niranbio.png\",\"width\":270,\"height\":100,\"caption\":\"Niranbio Chemical\"},\"image\":{\"@id\":\"https:\/\/theo.niranbio.com\/fr\/#\/schema\/logo\/image\/\"}}]}<\/script>\n<!-- \/ Yoast SEO plugin. -->","yoast_head_json":{"title":"Fournisseur de Dextrose Monohydrat\u00e9e, Poudre de Dextrose Monohydrat\u00e9e Biologique | Niranbio Chemical","description":"Notre monohydrate de glucose a une surface poudreuse blanche, une grande puret\u00e9, une excellente solubilit\u00e9 et un go\u00fbt sucr\u00e9, ce qui le rend id\u00e9al pour les applications alimentaires et pharmaceutiques.","robots":{"index":"noindex","follow":"follow","max-snippet":"max-snippet:-1","max-image-preview":"max-image-preview:large","max-video-preview":"max-video-preview:-1"},"twitter_misc":{"Dur\u00e9e de lecture estim\u00e9e":"3 minutes"},"schema":{"@context":"https:\/\/schema.org","@graph":[{"@type":"WebPage","@id":"https:\/\/theo.niranbio.com\/fr\/dextrose-monohydrate.html","url":"https:\/\/theo.niranbio.com\/fr\/dextrose-monohydrate.html","name":"Fournisseur de Dextrose Monohydrat\u00e9e, Poudre de Dextrose Monohydrat\u00e9e Biologique | Niranbio Chemical","isPartOf":{"@id":"https:\/\/theo.niranbio.com\/fr\/#website"},"primaryImageOfPage":{"@id":"https:\/\/theo.niranbio.com\/fr\/dextrose-monohydrate.html#primaryimage"},"image":{"@id":"https:\/\/theo.niranbio.com\/fr\/dextrose-monohydrate.html#primaryimage"},"thumbnailUrl":"https:\/\/theo.niranbio.com\/wp-content\/uploads\/2024\/06\/Dextrose-Mononydrate-powder.webp","datePublished":"2024-06-20T01:35:25+00:00","dateModified":"2024-08-19T06:38:54+00:00","description":"Notre monohydrate de glucose a une surface poudreuse blanche, une grande puret\u00e9, une excellente solubilit\u00e9 et un go\u00fbt sucr\u00e9, ce qui le rend id\u00e9al pour les applications alimentaires et pharmaceutiques.","breadcrumb":{"@id":"https:\/\/theo.niranbio.com\/fr\/dextrose-monohydrate.html#breadcrumb"},"inLanguage":"fr-FR","potentialAction":[{"@type":"ReadAction","target":["https:\/\/theo.niranbio.com\/fr\/dextrose-monohydrate.html"]}]},{"@type":"ImageObject","inLanguage":"fr-FR","@id":"https:\/\/theo.niranbio.com\/fr\/dextrose-monohydrate.html#primaryimage","url":"https:\/\/theo.niranbio.com\/wp-content\/uploads\/2024\/06\/Dextrose-Mononydrate-powder.webp","contentUrl":"https:\/\/theo.niranbio.com\/wp-content\/uploads\/2024\/06\/Dextrose-Mononydrate-powder.webp","width":600,"height":600,"caption":"Poudre de dextrose monohydrat\u00e9e"},{"@type":"BreadcrumbList","@id":"https:\/\/theo.niranbio.com\/fr\/dextrose-monohydrate.html#breadcrumb","itemListElement":[{"@type":"ListItem","position":1,"name":"Home","item":"https:\/\/theo.niranbio.com\/fr\/"},{"@type":"ListItem","position":2,"name":"Produits","item":"https:\/\/theo.niranbio.com\/fr\/produits.html"},{"@type":"ListItem","position":3,"name":"\u00c9dulcorant","item":"https:\/\/theo.niranbio.com\/fr\/produit-edulcorant\/"},{"@type":"ListItem","position":4,"name":"Dextrose monohydrat\u00e9"}]},{"@type":"WebSite","@id":"https:\/\/theo.niranbio.com\/fr\/#website","url":"https:\/\/theo.niranbio.com\/fr\/","name":"Niranbio Chemical","description":"","publisher":{"@id":"https:\/\/theo.niranbio.com\/fr\/#organization"},"potentialAction":[{"@type":"SearchAction","target":{"@type":"EntryPoint","urlTemplate":"https:\/\/theo.niranbio.com\/fr\/?s={search_term_string}"},"query-input":{"@type":"PropertyValueSpecification","valueRequired":true,"valueName":"search_term_string"}}],"inLanguage":"fr-FR"},{"@type":"Organization","@id":"https:\/\/theo.niranbio.com\/fr\/#organization","name":"Niranbio Chemical","url":"https:\/\/theo.niranbio.com\/fr\/","logo":{"@type":"ImageObject","inLanguage":"fr-FR","@id":"https:\/\/theo.niranbio.com\/fr\/#\/schema\/logo\/image\/","url":"https:\/\/theo.niranbio.com\/wp-content\/uploads\/2024\/06\/Niranbio.png","contentUrl":"https:\/\/theo.niranbio.com\/wp-content\/uploads\/2024\/06\/Niranbio.png","width":270,"height":100,"caption":"Niranbio Chemical"},"image":{"@id":"https:\/\/theo.niranbio.com\/fr\/#\/schema\/logo\/image\/"}}]}},"_links":{"self":[{"href":"https:\/\/theo.niranbio.com\/fr\/wp-json\/wp\/v2\/product\/9265","targetHints":{"allow":["GET"]}}],"collection":[{"href":"https:\/\/theo.niranbio.com\/fr\/wp-json\/wp\/v2\/product"}],"about":[{"href":"https:\/\/theo.niranbio.com\/fr\/wp-json\/wp\/v2\/types\/product"}],"version-history":[{"count":0,"href":"https:\/\/theo.niranbio.com\/fr\/wp-json\/wp\/v2\/product\/9265\/revisions"}],"wp:featuredmedia":[{"embeddable":true,"href":"https:\/\/theo.niranbio.com\/fr\/wp-json\/wp\/v2\/media\/9268"}],"wp:attachment":[{"href":"https:\/\/theo.niranbio.com\/fr\/wp-json\/wp\/v2\/media?parent=9265"}],"wp:term":[{"taxonomy":"product_brand","embeddable":true,"href":"https:\/\/theo.niranbio.com\/fr\/wp-json\/wp\/v2\/product_brand?post=9265"},{"taxonomy":"product_cat","embeddable":true,"href":"https:\/\/theo.niranbio.com\/fr\/wp-json\/wp\/v2\/product_cat?post=9265"},{"taxonomy":"product_tag","embeddable":true,"href":"https:\/\/theo.niranbio.com\/fr\/wp-json\/wp\/v2\/product_tag?post=9265"}],"curies":[{"name":"wp","href":"https:\/\/api.w.org\/{rel}","templated":true}]}}