{"id":9254,"date":"2024-06-19T17:28:10","date_gmt":"2024-06-19T09:28:10","guid":{"rendered":"https:\/\/theo.niranbio.com\/pyrophosphate-acide-de-sodium\/"},"modified":"2024-08-19T13:54:36","modified_gmt":"2024-08-19T05:54:36","slug":"pyrophosphate-acide-de-sodium","status":"publish","type":"product","link":"https:\/\/theo.niranbio.com\/fr\/pyrophosphate-acide-de-sodium.html","title":{"rendered":"Pyrophosphate acide de sodium"},"content":{"rendered":"<h2><span class=\"ez-toc-section\" id=\"Methodes_de_production_du_pyrophosphate_acide_de_sodium\"><\/span>M\u00e9thodes de production du pyrophosphate acide de sodium<span class=\"ez-toc-section-end\"><\/span><\/h2>\n<p>Il existe plusieurs m\u00e9thodes principales de production de pyrophosphate acide de sodium :<\/p>\n<p>1. M\u00e9thode thermique : en raison de sa grande efficacit\u00e9 et de son \u00e9conomie, la m\u00e9thode thermique est actuellement la m\u00e9thode courante de production de pyrophosphate acide de sodium en Chine.<\/p>\n<p>2. M\u00e9thode de neutralisation : elle convient aux occasions o\u00f9 les exigences en mati\u00e8re de puret\u00e9 du produit sont \u00e9lev\u00e9es, mais la complexit\u00e9 et le co\u00fbt du processus sont l\u00e9g\u00e8rement sup\u00e9rieurs \u00e0 ceux de la m\u00e9thode thermique.<\/p>\n<h2><span class=\"ez-toc-section\" id=\"Parametres_associes\"><\/span>Param\u00e8tres associ\u00e9s :<span class=\"ez-toc-section-end\"><\/span><\/h2>\n<table>\n<tbody>\n<tr>\n<td><strong>Articles<\/strong><\/td>\n<td><strong>Unit\u00e9s de mesure<\/strong><\/td>\n<td><strong>Sp\u00e9cifications<\/strong><\/td>\n<\/tr>\n<tr>\n<td>Dosage, \u03c9<\/td>\n<td>%<\/td>\n<td>Min. 95<\/td>\n<\/tr>\n<tr>\n<td>P2O5<\/td>\n<td>%<\/td>\n<td>63.0~64.5<\/td>\n<\/tr>\n<tr>\n<td>Insoluble dans l&rsquo;eau, \u03c9<\/td>\n<td>%<\/td>\n<td>Max.<br \/>\n0.5<\/td>\n<\/tr>\n<tr>\n<td>pH (solution \u00e0 1 %)<\/td>\n<td><\/td>\n<td>4.0~4.6<\/td>\n<\/tr>\n<tr>\n<td>As<\/td>\n<td>mg\/kg<\/td>\n<td>Max. 3<\/td>\n<\/tr>\n<tr>\n<td>M\u00e9tal lourd<\/td>\n<td>mg\/kg<\/td>\n<td>Max.<br \/>\n10<\/td>\n<\/tr>\n<tr>\n<td>Pb<\/td>\n<td>mg\/kg<\/td>\n<td>Max. 2<\/td>\n<\/tr>\n<tr>\n<td>F<\/td>\n<td>mg\/kg<\/td>\n<td>Max.<br \/>\n20<\/td>\n<\/tr>\n<tr>\n<td>Blancheur<\/td>\n<td>%<\/td>\n<td>Min. 90<\/td>\n<\/tr>\n<tr>\n<td>ROR, v<\/td>\n<td>%<\/td>\n<td>26~30<\/td>\n<\/tr>\n<tr>\n<td>Orthophosphate<\/td>\n<td><\/td>\n<td>Test r\u00e9ussi<\/td>\n<\/tr>\n<tr>\n<td>Densit\u00e9 apparente<\/td>\n<td>g\/cm 3<\/td>\n<td>Min. 0.7<\/td>\n<\/tr>\n<tr>\n<td>Taille des particules (- 100 mesh), \u03c9<\/td>\n<td>%<\/td>\n<td>Min.90<\/td>\n<\/tr>\n<\/tbody>\n<\/table>\n<h2><span class=\"ez-toc-section\" id=\"Dosage_recommande\"><\/span>Dosage recommand\u00e9<span class=\"ez-toc-section-end\"><\/span><\/h2>\n<table>\n<tbody>\n<tr>\n<td><strong>Nom de l&rsquo;aliment<\/strong><\/td>\n<td><strong>Utilisation maximale (g\/kg)<\/strong><\/td>\n<\/tr>\n<tr>\n<td>Pain<\/td>\n<td>5 g\/kg<\/td>\n<\/tr>\n<tr>\n<td>G\u00e2teau<\/td>\n<td>4 g\/kg<\/td>\n<\/tr>\n<tr>\n<td>Biscuits<\/td>\n<td>3 g\/kg<\/td>\n<\/tr>\n<tr>\n<td>Poudre \u00e0 lever instantan\u00e9e<\/td>\n<td>20 g\/kg<\/td>\n<\/tr>\n<tr>\n<td>Am\u00e9liorant de farine<\/td>\n<td>2 g\/kg<\/td>\n<\/tr>\n<tr>\n<td>Agent d&rsquo;appui<\/td>\n<td>10 g\/kg<\/td>\n<\/tr>\n<tr>\n<td>Aliments surgel\u00e9s<\/td>\n<td>5 g\/kg<\/td>\n<\/tr>\n<tr>\n<td>Frites de pommes de terre<\/td>\n<td>3 g\/kg<\/td>\n<\/tr>\n<tr>\n<td>Chocolat<\/td>\n<td>2 g\/kg<\/td>\n<\/tr>\n<tr>\n<td>Fromage<\/td>\n<td>5 g\/kg<\/td>\n<\/tr>\n<tr>\n<td>Yaourt<\/td>\n<td>3 g\/kg<\/td>\n<\/tr>\n<tr>\n<td>Viande s\u00e9ch\u00e9e<\/td>\n<td>3 g\/kg<\/td>\n<\/tr>\n<tr>\n<td>Produits surimi<\/td>\n<td>4 g\/kg<\/td>\n<\/tr>\n<tr>\n<td>Sauce<\/td>\n<td>4 g\/kg<\/td>\n<\/tr>\n<tr>\n<td>Produits amylac\u00e9s<\/td>\n<td>4 g\/kg<\/td>\n<\/tr>\n<tr>\n<td>Produits \u00e0 base de viande<\/td>\n<td>5 g\/kg<\/td>\n<\/tr>\n<\/tbody>\n<\/table>\n<h2><span class=\"ez-toc-section\" id=\"Le_pyrophosphate_acide_de_sodium_a_un_large_eventail_dutilisations\"><\/span>Le pyrophosphate acide de sodium a un large \u00e9ventail d&rsquo;utilisations<span class=\"ez-toc-section-end\"><\/span><\/h2>\n<ol>\n<li>Agent levant : Le SAPP est souvent utilis\u00e9 comme agent levant dans les produits de boulangerie.<\/li>\n<li>Agent ch\u00e9lateur : Il peut se lier aux ions m\u00e9talliques pour emp\u00eacher les changements ind\u00e9sirables caus\u00e9s par les ions m\u00e9talliques dans les aliments, comme emp\u00eacher le brunissement des fruits et des l\u00e9gumes.<\/li>\n<li>Tampon : Le SAPP peut stabiliser la valeur du pH des aliments et emp\u00eacher la d\u00e9t\u00e9rioration de leur qualit\u00e9 en raison des changements de pH pendant le stockage.<\/li>\n<li>\u00c9mulsifiant : Dans certains produits laitiers et condiments, il peut stabiliser l\u2019\u00e9tat \u00e9mulsionn\u00e9 et emp\u00eacher la stratification.<\/li>\n<li>Humectant : Dans les produits \u00e0 base de viande, il peut retenir l\u2019humidit\u00e9 et augmenter la tendret\u00e9 et les propri\u00e9t\u00e9s hydratantes du produit.<\/li>\n<\/ol>\n<h2><span class=\"ez-toc-section\" id=\"Question_posee_par_lutilisateur\"><\/span>Question pos\u00e9e par l&rsquo;utilisateur :<span class=\"ez-toc-section-end\"><\/span><\/h2>\n<p><strong>Question : Quelle est la diff\u00e9rence entre le pyrophosphate de sodium acide et le pyrophosphate de sodium ?<\/strong><\/p>\n<p>R\u00e9ponse : Le pyrophosphate de sodium acide a une forte acidit\u00e9 et son apparence est des cristaux blancs ou de la poudre. Il est facilement soluble dans l&rsquo;eau et produit une solution acide lorsqu&rsquo;il est dissous. Il peut produire de l&rsquo;hydroxyde de sodium dans la solution aqueuse et d\u00e9composer les phosphates et le dioxyde de carbone. Le pyrophosphate de sodium n&rsquo;est pas acide et son apparence est \u00e9galement des cristaux blancs ou de la poudre. Cependant, il n&rsquo;est pas aussi soluble dans l&rsquo;eau que le pyrophosphate de sodium acide. Sa solution est neutre ou faiblement alcaline, relativement stable et difficile \u00e0 d\u00e9composer. Il est principalement utilis\u00e9 dans le traitement des m\u00e9taux, la c\u00e9ramique et l&rsquo;\u00e9lectronique. Il peut am\u00e9liorer la brillance de la surface des objets et am\u00e9liorer la flexibilit\u00e9 et la soudabilit\u00e9 des surfaces m\u00e9talliques.<\/p>\n<p><strong>Question : Jusqu&rsquo;\u00e0 pr\u00e9sent, comment se porte le march\u00e9 int\u00e9rieur du pyrophosphate acide de sodium ? Sur quel march\u00e9 \u00e9tranger est-il le plus impact\u00e9 ?<\/strong><\/p>\n<p>R\u00e9ponse : En 2024, le march\u00e9 int\u00e9rieur du pyrophosphate acide de sodium (SAPP) en Chine conna\u00eet une croissance constante. La demande est principalement motiv\u00e9e par son utilisation g\u00e9n\u00e9ralis\u00e9e dans l&rsquo;industrie alimentaire, notamment comme agent levant. \u00c0 l&rsquo;\u00e9chelle internationale, la r\u00e9gion Asie-Pacifique (APAC) devrait dominer le march\u00e9 du SAPP au cours des prochaines ann\u00e9es en raison de l&rsquo;industrialisation rapide. La croissance du march\u00e9 de cette r\u00e9gion a un impact significatif sur les autres march\u00e9s mondiaux, en particulier l&rsquo;Am\u00e9rique du Nord et l&rsquo;Europe, en influen\u00e7ant les cha\u00eenes d&rsquo;approvisionnement et les strat\u00e9gies de prix. Les principaux d\u00e9fis mondiaux comprennent les tensions g\u00e9opolitiques affectant les prix des mati\u00e8res premi\u00e8res et les taux de reprise \u00e9conomique variables selon les r\u00e9gions. Malgr\u00e9 ces d\u00e9fis, les acteurs du march\u00e9 ont d&rsquo;importantes opportunit\u00e9s d&rsquo;investir dans de nouvelles technologies et des pratiques durables pour maintenir leur croissance et leur r\u00e9silience.<\/p>\n","protected":false},"excerpt":{"rendered":"<ul>\n<li>CAS: 7758-16-9<\/li>\n<li>Formule chimique: Na<sub>2<\/sub>H<sub>2<\/sub>P<sub>2<\/sub>O<sub>7<\/sub><\/li>\n<li>Certifications : KOSHER, ISO, HALAL, FSSC 22000, BRC, etc.<\/li>\n<li>Norme : GB25567-2010\/FCC VII<\/li>\n<li>Quantit\u00e9 minimum de commande : 1000 kg<\/li>\n<li>Dur\u00e9e de conservation : 2 ans<\/li>\n<\/ul>\n","protected":false},"featured_media":9256,"template":"","meta":{"site-sidebar-layout":"default","site-content-layout":"","ast-site-content-layout":"default","site-content-style":"default","site-sidebar-style":"default","ast-global-header-display":"","ast-banner-title-visibility":"","ast-main-header-display":"","ast-hfb-above-header-display":"","ast-hfb-below-header-display":"","ast-hfb-mobile-header-display":"","site-post-title":"","ast-breadcrumbs-content":"","ast-featured-img":"","footer-sml-layout":"","theme-transparent-header-meta":"default","adv-header-id-meta":"","stick-header-meta":"","header-above-stick-meta":"","header-main-stick-meta":"","header-below-stick-meta":"","astra-migrate-meta-layouts":"set","ast-page-background-enabled":"default","ast-page-background-meta":{"desktop":{"background-color":"var(--ast-global-color-4)","background-image":"","background-repeat":"repeat","background-position":"center center","background-size":"auto","background-attachment":"scroll","background-type":"","background-media":"","overlay-type":"","overlay-color":"","overlay-opacity":"","overlay-gradient":""},"tablet":{"background-color":"","background-image":"","background-repeat":"repeat","background-position":"center center","background-size":"auto","background-attachment":"scroll","background-type":"","background-media":"","overlay-type":"","overlay-color":"","overlay-opacity":"","overlay-gradient":""},"mobile":{"background-color":"","background-image":"","background-repeat":"repeat","background-position":"center center","background-size":"auto","background-attachment":"scroll","background-type":"","background-media":"","overlay-type":"","overlay-color":"","overlay-opacity":"","overlay-gradient":""}},"ast-content-background-meta":{"desktop":{"background-color":"var(--ast-global-color-5)","background-image":"","background-repeat":"repeat","background-position":"center center","background-size":"auto","background-attachment":"scroll","background-type":"","background-media":"","overlay-type":"","overlay-color":"","overlay-opacity":"","overlay-gradient":""},"tablet":{"background-color":"var(--ast-global-color-5)","background-image":"","background-repeat":"repeat","background-position":"center center","background-size":"auto","background-attachment":"scroll","background-type":"","background-media":"","overlay-type":"","overlay-color":"","overlay-opacity":"","overlay-gradient":""},"mobile":{"background-color":"var(--ast-global-color-5)","background-image":"","background-repeat":"repeat","background-position":"center center","background-size":"auto","background-attachment":"scroll","background-type":"","background-media":"","overlay-type":"","overlay-color":"","overlay-opacity":"","overlay-gradient":""}}},"product_brand":[],"product_cat":[108],"product_tag":[],"class_list":{"0":"post-9254","1":"product","2":"type-product","3":"status-publish","4":"has-post-thumbnail","6":"product_cat-produit-phosphate","7":"desktop-align-center","8":"tablet-align-left","9":"mobile-align-left","11":"first","12":"instock","13":"shipping-taxable","14":"product-type-simple"},"yoast_head":"<!-- This site is optimized with the Yoast SEO plugin v26.5 - https:\/\/yoast.com\/wordpress\/plugins\/seo\/ -->\n<title>Pyrophosphate Acide de Sodium Fabricant | Niranbio Chemical<\/title>\n<meta name=\"description\" content=\"Notre pyrophosphate acide de sodium (SAPP) est un ingr\u00e9dient polyvalent de qualit\u00e9 alimentaire disponible en grades 28 et 40. Il se pr\u00e9sente sous forme de poudre fine blanche ou de grains, conditionn\u00e9s dans des sacs en papier de 25 kg.\" \/>\n<meta name=\"robots\" content=\"noindex, follow, max-snippet:-1, max-image-preview:large, max-video-preview:-1\" \/>\n<meta name=\"twitter:label1\" content=\"Dur\u00e9e de lecture estim\u00e9e\" \/>\n\t<meta name=\"twitter:data1\" content=\"4 minutes\" \/>\n<script type=\"application\/ld+json\" class=\"yoast-schema-graph\">{\"@context\":\"https:\/\/schema.org\",\"@graph\":[{\"@type\":\"WebPage\",\"@id\":\"https:\/\/theo.niranbio.com\/fr\/pyrophosphate-acide-de-sodium.html\",\"url\":\"https:\/\/theo.niranbio.com\/fr\/pyrophosphate-acide-de-sodium.html\",\"name\":\"Pyrophosphate Acide de Sodium Fabricant | Niranbio Chemical\",\"isPartOf\":{\"@id\":\"https:\/\/theo.niranbio.com\/fr\/#website\"},\"primaryImageOfPage\":{\"@id\":\"https:\/\/theo.niranbio.com\/fr\/pyrophosphate-acide-de-sodium.html#primaryimage\"},\"image\":{\"@id\":\"https:\/\/theo.niranbio.com\/fr\/pyrophosphate-acide-de-sodium.html#primaryimage\"},\"thumbnailUrl\":\"https:\/\/theo.niranbio.com\/wp-content\/uploads\/2024\/06\/SAPP2.webp\",\"datePublished\":\"2024-06-19T09:28:10+00:00\",\"dateModified\":\"2024-08-19T05:54:36+00:00\",\"description\":\"Notre pyrophosphate acide de sodium (SAPP) est un ingr\u00e9dient polyvalent de qualit\u00e9 alimentaire disponible en grades 28 et 40. Il se pr\u00e9sente sous forme de poudre fine blanche ou de grains, conditionn\u00e9s dans des sacs en papier de 25 kg.\",\"breadcrumb\":{\"@id\":\"https:\/\/theo.niranbio.com\/fr\/pyrophosphate-acide-de-sodium.html#breadcrumb\"},\"inLanguage\":\"fr-FR\",\"potentialAction\":[{\"@type\":\"ReadAction\",\"target\":[\"https:\/\/theo.niranbio.com\/fr\/pyrophosphate-acide-de-sodium.html\"]}]},{\"@type\":\"ImageObject\",\"inLanguage\":\"fr-FR\",\"@id\":\"https:\/\/theo.niranbio.com\/fr\/pyrophosphate-acide-de-sodium.html#primaryimage\",\"url\":\"https:\/\/theo.niranbio.com\/wp-content\/uploads\/2024\/06\/SAPP2.webp\",\"contentUrl\":\"https:\/\/theo.niranbio.com\/wp-content\/uploads\/2024\/06\/SAPP2.webp\",\"width\":600,\"height\":600,\"caption\":\"Pyrophosphate acide de sodium (SAAP)\"},{\"@type\":\"BreadcrumbList\",\"@id\":\"https:\/\/theo.niranbio.com\/fr\/pyrophosphate-acide-de-sodium.html#breadcrumb\",\"itemListElement\":[{\"@type\":\"ListItem\",\"position\":1,\"name\":\"Home\",\"item\":\"https:\/\/theo.niranbio.com\/fr\/\"},{\"@type\":\"ListItem\",\"position\":2,\"name\":\"Produits\",\"item\":\"https:\/\/theo.niranbio.com\/fr\/produits.html\"},{\"@type\":\"ListItem\",\"position\":3,\"name\":\"Phosphat\u00e9\",\"item\":\"https:\/\/theo.niranbio.com\/fr\/produit-phosphate\/\"},{\"@type\":\"ListItem\",\"position\":4,\"name\":\"Pyrophosphate acide de sodium\"}]},{\"@type\":\"WebSite\",\"@id\":\"https:\/\/theo.niranbio.com\/fr\/#website\",\"url\":\"https:\/\/theo.niranbio.com\/fr\/\",\"name\":\"Niranbio Chemical\",\"description\":\"\",\"publisher\":{\"@id\":\"https:\/\/theo.niranbio.com\/fr\/#organization\"},\"potentialAction\":[{\"@type\":\"SearchAction\",\"target\":{\"@type\":\"EntryPoint\",\"urlTemplate\":\"https:\/\/theo.niranbio.com\/fr\/?s={search_term_string}\"},\"query-input\":{\"@type\":\"PropertyValueSpecification\",\"valueRequired\":true,\"valueName\":\"search_term_string\"}}],\"inLanguage\":\"fr-FR\"},{\"@type\":\"Organization\",\"@id\":\"https:\/\/theo.niranbio.com\/fr\/#organization\",\"name\":\"Niranbio Chemical\",\"url\":\"https:\/\/theo.niranbio.com\/fr\/\",\"logo\":{\"@type\":\"ImageObject\",\"inLanguage\":\"fr-FR\",\"@id\":\"https:\/\/theo.niranbio.com\/fr\/#\/schema\/logo\/image\/\",\"url\":\"https:\/\/theo.niranbio.com\/wp-content\/uploads\/2024\/06\/Niranbio.png\",\"contentUrl\":\"https:\/\/theo.niranbio.com\/wp-content\/uploads\/2024\/06\/Niranbio.png\",\"width\":270,\"height\":100,\"caption\":\"Niranbio Chemical\"},\"image\":{\"@id\":\"https:\/\/theo.niranbio.com\/fr\/#\/schema\/logo\/image\/\"}}]}<\/script>\n<!-- \/ Yoast SEO plugin. -->","yoast_head_json":{"title":"Pyrophosphate Acide de Sodium Fabricant | Niranbio Chemical","description":"Notre pyrophosphate acide de sodium (SAPP) est un ingr\u00e9dient polyvalent de qualit\u00e9 alimentaire disponible en grades 28 et 40. Il se pr\u00e9sente sous forme de poudre fine blanche ou de grains, conditionn\u00e9s dans des sacs en papier de 25 kg.","robots":{"index":"noindex","follow":"follow","max-snippet":"max-snippet:-1","max-image-preview":"max-image-preview:large","max-video-preview":"max-video-preview:-1"},"twitter_misc":{"Dur\u00e9e de lecture estim\u00e9e":"4 minutes"},"schema":{"@context":"https:\/\/schema.org","@graph":[{"@type":"WebPage","@id":"https:\/\/theo.niranbio.com\/fr\/pyrophosphate-acide-de-sodium.html","url":"https:\/\/theo.niranbio.com\/fr\/pyrophosphate-acide-de-sodium.html","name":"Pyrophosphate Acide de Sodium Fabricant | Niranbio Chemical","isPartOf":{"@id":"https:\/\/theo.niranbio.com\/fr\/#website"},"primaryImageOfPage":{"@id":"https:\/\/theo.niranbio.com\/fr\/pyrophosphate-acide-de-sodium.html#primaryimage"},"image":{"@id":"https:\/\/theo.niranbio.com\/fr\/pyrophosphate-acide-de-sodium.html#primaryimage"},"thumbnailUrl":"https:\/\/theo.niranbio.com\/wp-content\/uploads\/2024\/06\/SAPP2.webp","datePublished":"2024-06-19T09:28:10+00:00","dateModified":"2024-08-19T05:54:36+00:00","description":"Notre pyrophosphate acide de sodium (SAPP) est un ingr\u00e9dient polyvalent de qualit\u00e9 alimentaire disponible en grades 28 et 40. Il se pr\u00e9sente sous forme de poudre fine blanche ou de grains, conditionn\u00e9s dans des sacs en papier de 25 kg.","breadcrumb":{"@id":"https:\/\/theo.niranbio.com\/fr\/pyrophosphate-acide-de-sodium.html#breadcrumb"},"inLanguage":"fr-FR","potentialAction":[{"@type":"ReadAction","target":["https:\/\/theo.niranbio.com\/fr\/pyrophosphate-acide-de-sodium.html"]}]},{"@type":"ImageObject","inLanguage":"fr-FR","@id":"https:\/\/theo.niranbio.com\/fr\/pyrophosphate-acide-de-sodium.html#primaryimage","url":"https:\/\/theo.niranbio.com\/wp-content\/uploads\/2024\/06\/SAPP2.webp","contentUrl":"https:\/\/theo.niranbio.com\/wp-content\/uploads\/2024\/06\/SAPP2.webp","width":600,"height":600,"caption":"Pyrophosphate acide de sodium (SAAP)"},{"@type":"BreadcrumbList","@id":"https:\/\/theo.niranbio.com\/fr\/pyrophosphate-acide-de-sodium.html#breadcrumb","itemListElement":[{"@type":"ListItem","position":1,"name":"Home","item":"https:\/\/theo.niranbio.com\/fr\/"},{"@type":"ListItem","position":2,"name":"Produits","item":"https:\/\/theo.niranbio.com\/fr\/produits.html"},{"@type":"ListItem","position":3,"name":"Phosphat\u00e9","item":"https:\/\/theo.niranbio.com\/fr\/produit-phosphate\/"},{"@type":"ListItem","position":4,"name":"Pyrophosphate acide de sodium"}]},{"@type":"WebSite","@id":"https:\/\/theo.niranbio.com\/fr\/#website","url":"https:\/\/theo.niranbio.com\/fr\/","name":"Niranbio Chemical","description":"","publisher":{"@id":"https:\/\/theo.niranbio.com\/fr\/#organization"},"potentialAction":[{"@type":"SearchAction","target":{"@type":"EntryPoint","urlTemplate":"https:\/\/theo.niranbio.com\/fr\/?s={search_term_string}"},"query-input":{"@type":"PropertyValueSpecification","valueRequired":true,"valueName":"search_term_string"}}],"inLanguage":"fr-FR"},{"@type":"Organization","@id":"https:\/\/theo.niranbio.com\/fr\/#organization","name":"Niranbio Chemical","url":"https:\/\/theo.niranbio.com\/fr\/","logo":{"@type":"ImageObject","inLanguage":"fr-FR","@id":"https:\/\/theo.niranbio.com\/fr\/#\/schema\/logo\/image\/","url":"https:\/\/theo.niranbio.com\/wp-content\/uploads\/2024\/06\/Niranbio.png","contentUrl":"https:\/\/theo.niranbio.com\/wp-content\/uploads\/2024\/06\/Niranbio.png","width":270,"height":100,"caption":"Niranbio Chemical"},"image":{"@id":"https:\/\/theo.niranbio.com\/fr\/#\/schema\/logo\/image\/"}}]}},"_links":{"self":[{"href":"https:\/\/theo.niranbio.com\/fr\/wp-json\/wp\/v2\/product\/9254","targetHints":{"allow":["GET"]}}],"collection":[{"href":"https:\/\/theo.niranbio.com\/fr\/wp-json\/wp\/v2\/product"}],"about":[{"href":"https:\/\/theo.niranbio.com\/fr\/wp-json\/wp\/v2\/types\/product"}],"version-history":[{"count":0,"href":"https:\/\/theo.niranbio.com\/fr\/wp-json\/wp\/v2\/product\/9254\/revisions"}],"wp:featuredmedia":[{"embeddable":true,"href":"https:\/\/theo.niranbio.com\/fr\/wp-json\/wp\/v2\/media\/9256"}],"wp:attachment":[{"href":"https:\/\/theo.niranbio.com\/fr\/wp-json\/wp\/v2\/media?parent=9254"}],"wp:term":[{"taxonomy":"product_brand","embeddable":true,"href":"https:\/\/theo.niranbio.com\/fr\/wp-json\/wp\/v2\/product_brand?post=9254"},{"taxonomy":"product_cat","embeddable":true,"href":"https:\/\/theo.niranbio.com\/fr\/wp-json\/wp\/v2\/product_cat?post=9254"},{"taxonomy":"product_tag","embeddable":true,"href":"https:\/\/theo.niranbio.com\/fr\/wp-json\/wp\/v2\/product_tag?post=9254"}],"curies":[{"name":"wp","href":"https:\/\/api.w.org\/{rel}","templated":true}]}}