{"id":9252,"date":"2024-06-27T16:32:24","date_gmt":"2024-06-27T08:32:24","guid":{"rendered":"https:\/\/theo.niranbio.com\/acide-dl-malique\/"},"modified":"2024-08-19T09:31:30","modified_gmt":"2024-08-19T01:31:30","slug":"acide-dl-malique","status":"publish","type":"product","link":"https:\/\/theo.niranbio.com\/fr\/acide-dl-malique.html","title":{"rendered":"Acide DL-Malique"},"content":{"rendered":"<h2><span class=\"ez-toc-section\" id=\"Quest-ce_que_lacide_DL-malique\"><\/span>Qu&rsquo;est-ce que l&rsquo;acide DL-malique ?<span class=\"ez-toc-section-end\"><\/span><\/h2>\n<p>L&rsquo;acide DL-malique se pr\u00e9sente sous la forme d&rsquo;une poudre cristalline blanche, g\u00e9n\u00e9ralement inodore ou avec une l\u00e9g\u00e8re odeur caract\u00e9ristique. Il peut \u00eatre utilis\u00e9 comme acidifiant, agent de r\u00e9tention de couleur, conservateur, etc. dans l&rsquo;industrie alimentaire, et peut \u00e9galement \u00eatre utilis\u00e9 dans les produits pharmaceutiques ; il peut \u00eatre utilis\u00e9 comme agent de d\u00e9tartrage, agent de blanchiment fluorescent, etc. dans l&rsquo;industrie.<\/p>\n<p>Lors de la production d&rsquo;acide DL-malique, le benz\u00e8ne subit une oxydation catalytique pour produire de l&rsquo;acide mal\u00e9ique et de l&rsquo;acide fumarique, qui sont ensuite hydrat\u00e9s \u00e0 haute temp\u00e9rature et sous haute pression. Les principaux produits de r\u00e9action sont l&rsquo;acide malique ainsi qu&rsquo;une petite quantit\u00e9 d&rsquo;acide fumarique. Les cristaux d&rsquo;acide fumarique sont isol\u00e9s par filtration, tandis que la solution restante est concentr\u00e9e et les solides sont s\u00e9par\u00e9s par centrifugation pour obtenir de l&rsquo;acide malique brut.<\/p>\n<p>Ce produit brut est ensuite purifi\u00e9 et cristallis\u00e9 pour obtenir le produit final. Il est \u00e9galement possible de catalyser l&rsquo;acide fumarique ou l&rsquo;acide mal\u00e9ique avec de l&rsquo;eau sous haute temp\u00e9rature et haute pression pour obtenir de l&rsquo;acide DL-malique, ou d&rsquo;utiliser la fermentation pour produire de l&rsquo;acide L-malique en fermentant l&rsquo;acide fumarique avec des enzymes biologiques.<\/p>\n<h2><span class=\"ez-toc-section\" id=\"Parametres_associes\"><\/span>Param\u00e8tres associ\u00e9s :<span class=\"ez-toc-section-end\"><\/span><\/h2>\n<table>\n<tbody>\n<tr>\n<td colspan=\"2\">\u00c9l\u00e9ment d&rsquo;essai<\/td>\n<td>Norme<\/td>\n<\/tr>\n<tr>\n<td rowspan=\"3\">Exigences sensorielles<\/td>\n<td>Couleur et \u00e9clat<\/td>\n<td>Blanc ou presque blanc<\/td>\n<\/tr>\n<tr>\n<td>Odeur<\/td>\n<td>Go\u00fbt sp\u00e9cial et aigre<\/td>\n<\/tr>\n<tr>\n<td>Aspect<\/td>\n<td>Poudre cristalline ou granul\u00e9s cristallins<\/td>\n<\/tr>\n<tr>\n<td rowspan=\"8\">Indice physique et chimique<\/td>\n<td>Acide DL-Malique w\/%<\/td>\n<td>99.0~100.5<\/td>\n<\/tr>\n<tr>\n<td>Rotation sp\u00e9cifique am(25\u2103\uff0cD)\/[(\u00b0)-dm2 -Kg-1]<\/td>\n<td>-0.10~+0.10<\/td>\n<\/tr>\n<tr>\n<td>Acide fumarique w\/%<\/td>\n<td>\u22641.0<\/td>\n<\/tr>\n<tr>\n<td>Acide mal\u00e9ique w\/%<\/td>\n<td>\u22640.05<\/td>\n<\/tr>\n<tr>\n<td>R\u00e9sidus de combustion w\/%<\/td>\n<td>\u22640.1<\/td>\n<\/tr>\n<tr>\n<td>(As)\/(mg\/kg)<\/td>\n<td>\u22642<\/td>\n<\/tr>\n<tr>\n<td>(Pb)\/(mg\/kg)<\/td>\n<td>\u22642<\/td>\n<\/tr>\n<tr>\n<td>Mati\u00e8res insolubles dans l&rsquo;eau w\/%<\/td>\n<td>\u22640.1<\/td>\n<\/tr>\n<\/tbody>\n<\/table>\n<h2><span class=\"ez-toc-section\" id=\"Dosage_recommande\"><\/span>Dosage recommand\u00e9<span class=\"ez-toc-section-end\"><\/span><\/h2>\n<table>\n<tbody>\n<tr>\n<td>Nom de l&rsquo;aliment<\/td>\n<td>Utilisation maximale (g\/kg)<\/td>\n<\/tr>\n<tr>\n<td>Boissons<\/td>\n<td>0,1 &#8211; 5 g\/kg<\/td>\n<\/tr>\n<tr>\n<td>Bonbons<\/td>\n<td>1 &#8211; 10 g\/kg<\/td>\n<\/tr>\n<tr>\n<td>Pr\u00e9parations \u00e0 base de fruits<\/td>\n<td>1 &#8211; 10 g\/kg<\/td>\n<\/tr>\n<tr>\n<td>Confitures et gel\u00e9es<\/td>\n<td>1 &#8211; 5 g\/kg<\/td>\n<\/tr>\n<tr>\n<td>Yaourts et laits aromatis\u00e9s<\/td>\n<td>0,5 &#8211; 2 g\/kg<\/td>\n<\/tr>\n<tr>\n<td>Fromage et fromage \u00e0 tartiner<\/td>\n<td>0,1 &#8211; 1 g\/kg<\/td>\n<\/tr>\n<tr>\n<td>Pain et petits pains<\/td>\n<td>0,1 &#8211; 1 g\/kg<\/td>\n<\/tr>\n<tr>\n<td>G\u00e2teaux et p\u00e2tisseries<\/td>\n<td>1 &#8211; 5 g\/kg<\/td>\n<\/tr>\n<tr>\n<td>Produits de soins de la peau<\/td>\n<td>0,1 &#8211; 1 g\/kg<\/td>\n<\/tr>\n<tr>\n<td>Produits de soins capillaires<\/td>\n<td>0,1 &#8211; 1 g\/kg<\/td>\n<\/tr>\n<tr>\n<td>Produit d&rsquo;hygi\u00e8ne bucco-dentaire<\/td>\n<td>0,1 &#8211; 1 g\/kg<\/td>\n<\/tr>\n<\/tbody>\n<\/table>\n<h2><span class=\"ez-toc-section\" id=\"Lacide_DL-malique_a_une_large_gamme_dutilisations\"><\/span>L&rsquo;acide DL-malique a une large gamme d&rsquo;utilisations<span class=\"ez-toc-section-end\"><\/span><\/h2>\n<ol>\n<li>Acidulants et agents aromatisants : il est largement utilis\u00e9 comme acidulant dans les aliments et les boissons pour ajuster l&rsquo;acidit\u00e9 et rehausser la saveur des jus de fruits, des bonbons, des confitures, etc.<\/li>\n<li>Conservateurs : il prolonge efficacement la dur\u00e9e de conservation des produits en r\u00e9duisant leur valeur de pH, inhibant ainsi la croissance des micro-organismes.<\/li>\n<li>Ajustement du pH : en tant que tampon, il aide \u00e0 maintenir un pH stable du produit, ce qui est essentiel pour maintenir la qualit\u00e9 et la stabilit\u00e9 des aliments et des produits de soins de la peau.<\/li>\n<li>Am\u00e9lioration de la saveur : lorsqu&rsquo;il est utilis\u00e9 dans les produits de boulangerie (comme le pain et les g\u00e2teaux), il am\u00e9liore non seulement son go\u00fbt aigre, mais am\u00e9liore \u00e9galement le go\u00fbt et la saveur.<\/li>\n<li>Fonctions techniques : Dans les domaines pharmaceutique et industriel, l&rsquo;acide malique est souvent utilis\u00e9 comme excipient pour ajuster les propri\u00e9t\u00e9s physiques et chimiques du produit.<\/li>\n<li>Soins de la peau et des cheveux : Dans les cosm\u00e9tiques, l&rsquo;acide malique est largement utilis\u00e9 dans les produits de soins de la peau et des cheveux en raison de ses propri\u00e9t\u00e9s exfoliantes et d&rsquo;ajustement du pH.<\/li>\n<\/ol>\n<h2><span class=\"ez-toc-section\" id=\"Question_posee_par_lutilisateur\"><\/span>Question pos\u00e9e par l&rsquo;utilisateur :<span class=\"ez-toc-section-end\"><\/span><\/h2>\n<p>Question : Quelle est la diff\u00e9rence entre l&rsquo;acide DL-malique et l&rsquo;acide lactique ?<\/p>\n<p>R\u00e9ponse : L&rsquo;acide DL-malique est un acide dicarboxylique caract\u00e9ris\u00e9 par deux groupes carboxyles (-COOH). Sa structure mol\u00e9culaire le rend largement utilis\u00e9 dans les industries alimentaires et pharmaceutiques pour l&rsquo;ajustement de l&rsquo;acidit\u00e9 et l&rsquo;acidification. L&rsquo;acide lactique est un acide monocarboxylique avec un groupe carboxyle (-COOH). On le trouve couramment dans la fermentation laiti\u00e8re et est \u00e9galement utilis\u00e9 comme acidifiant alimentaire et r\u00e9gulateur de pH.<\/p>\n<p>La diff\u00e9rence :<\/p>\n<p>1. Acide DL-malique : Principalement utilis\u00e9 pour l&rsquo;ajustement de l&rsquo;acidit\u00e9 dans les aliments et les boissons, ainsi que pour l&rsquo;ajustement et l&rsquo;acidification dans les produits pharmaceutiques. Sa contribution \u00e0 l&rsquo;acidit\u00e9 peut aider \u00e0 am\u00e9liorer le go\u00fbt et \u00e0 maintenir la stabilit\u00e9 du produit. L&rsquo;acide lactique, g\u00e9n\u00e9ralement pr\u00e9sent dans les produits laitiers ferment\u00e9s comme le yaourt et le fromage, joue un r\u00f4le dans les processus d&rsquo;acidification du yaourt et de conservation des aliments.<\/p>\n<p>2. L&rsquo;acide DL-malique est largement utilis\u00e9 dans l&rsquo;industrie alimentaire, en particulier pour les produits qui n\u00e9cessitent acidit\u00e9 et stabilit\u00e9, tels que les jus de fruits, les aliments en conserve et les produits pharmaceutiques ; l&rsquo;acide lactique est principalement utilis\u00e9 dans les produits laitiers et les processus de fabrication de yaourts alimentaires, et est essentiel pour l&rsquo;industrie laiti\u00e8re. En r\u00e9sum\u00e9, l&rsquo;acide DL-malique pr\u00e9sente des avantages \u00e9vidents par rapport \u00e0 l&rsquo;acide lactique dans sa structure chimique, ses larges domaines d&rsquo;application et la demande du march\u00e9, ce qui lui permet de jouer un r\u00f4le plus \u00e9tendu et plus important dans l&rsquo;alimentation, la m\u00e9decine et d&rsquo;autres industries.<\/p>\n","protected":false},"excerpt":{"rendered":"<ul>\n<li>CAS: 617-48-1;6915-15-7<\/li>\n<li>Formule chimique: C4H6O5<\/li>\n<li>Certifications : KOSHER, ISO, HALAL, FSSC 22000, BRC, etc.<\/li>\n<li>Norme : USP\/FCC9\/E296<\/li>\n<li>Quantit\u00e9 minimum de commande : 1000 kg<\/li>\n<li>Dur\u00e9e de conservation : 2 ans<\/li>\n<\/ul>\n","protected":false},"featured_media":9253,"template":"","meta":{"site-sidebar-layout":"default","site-content-layout":"","ast-site-content-layout":"default","site-content-style":"default","site-sidebar-style":"default","ast-global-header-display":"","ast-banner-title-visibility":"","ast-main-header-display":"","ast-hfb-above-header-display":"","ast-hfb-below-header-display":"","ast-hfb-mobile-header-display":"","site-post-title":"","ast-breadcrumbs-content":"","ast-featured-img":"","footer-sml-layout":"","theme-transparent-header-meta":"default","adv-header-id-meta":"","stick-header-meta":"","header-above-stick-meta":"","header-main-stick-meta":"","header-below-stick-meta":"","astra-migrate-meta-layouts":"set","ast-page-background-enabled":"default","ast-page-background-meta":{"desktop":{"background-color":"var(--ast-global-color-4)","background-image":"","background-repeat":"repeat","background-position":"center center","background-size":"auto","background-attachment":"scroll","background-type":"","background-media":"","overlay-type":"","overlay-color":"","overlay-opacity":"","overlay-gradient":""},"tablet":{"background-color":"","background-image":"","background-repeat":"repeat","background-position":"center center","background-size":"auto","background-attachment":"scroll","background-type":"","background-media":"","overlay-type":"","overlay-color":"","overlay-opacity":"","overlay-gradient":""},"mobile":{"background-color":"","background-image":"","background-repeat":"repeat","background-position":"center center","background-size":"auto","background-attachment":"scroll","background-type":"","background-media":"","overlay-type":"","overlay-color":"","overlay-opacity":"","overlay-gradient":""}},"ast-content-background-meta":{"desktop":{"background-color":"var(--ast-global-color-5)","background-image":"","background-repeat":"repeat","background-position":"center center","background-size":"auto","background-attachment":"scroll","background-type":"","background-media":"","overlay-type":"","overlay-color":"","overlay-opacity":"","overlay-gradient":""},"tablet":{"background-color":"var(--ast-global-color-5)","background-image":"","background-repeat":"repeat","background-position":"center center","background-size":"auto","background-attachment":"scroll","background-type":"","background-media":"","overlay-type":"","overlay-color":"","overlay-opacity":"","overlay-gradient":""},"mobile":{"background-color":"var(--ast-global-color-5)","background-image":"","background-repeat":"repeat","background-position":"center center","background-size":"auto","background-attachment":"scroll","background-type":"","background-media":"","overlay-type":"","overlay-color":"","overlay-opacity":"","overlay-gradient":""}}},"product_brand":[],"product_cat":[101],"product_tag":[],"class_list":{"0":"post-9252","1":"product","2":"type-product","3":"status-publish","4":"has-post-thumbnail","6":"product_cat-produit-acidulant","7":"desktop-align-center","8":"tablet-align-left","9":"mobile-align-left","11":"first","12":"instock","13":"shipping-taxable","14":"product-type-simple"},"yoast_head":"<!-- This site is optimized with the Yoast SEO plugin v26.5 - https:\/\/yoast.com\/wordpress\/plugins\/seo\/ -->\n<title>Prix \u200b\u200bde la poudre d&#039;acide DL-malique, fournisseur de r\u00e9gulateur d&#039;acidit\u00e9 E296 | Niranbio Chemical<\/title>\n<meta name=\"description\" content=\"Nous fournissons un additif alimentaire acide DL-malique d&#039;une puret\u00e9 de 99,0 \u00e0 100,5 % en poids, une poudre cristalline blanche ou presque blanche ou des granul\u00e9s au go\u00fbt aigre particulier.\" \/>\n<meta name=\"robots\" content=\"noindex, follow, max-snippet:-1, max-image-preview:large, max-video-preview:-1\" \/>\n<meta name=\"twitter:label1\" content=\"Dur\u00e9e de lecture estim\u00e9e\" \/>\n\t<meta name=\"twitter:data1\" content=\"4 minutes\" \/>\n<script type=\"application\/ld+json\" class=\"yoast-schema-graph\">{\"@context\":\"https:\/\/schema.org\",\"@graph\":[{\"@type\":\"WebPage\",\"@id\":\"https:\/\/theo.niranbio.com\/fr\/acide-dl-malique.html\",\"url\":\"https:\/\/theo.niranbio.com\/fr\/acide-dl-malique.html\",\"name\":\"Prix \u200b\u200bde la poudre d'acide DL-malique, fournisseur de r\u00e9gulateur d'acidit\u00e9 E296 | Niranbio Chemical\",\"isPartOf\":{\"@id\":\"https:\/\/theo.niranbio.com\/fr\/#website\"},\"primaryImageOfPage\":{\"@id\":\"https:\/\/theo.niranbio.com\/fr\/acide-dl-malique.html#primaryimage\"},\"image\":{\"@id\":\"https:\/\/theo.niranbio.com\/fr\/acide-dl-malique.html#primaryimage\"},\"thumbnailUrl\":\"https:\/\/theo.niranbio.com\/wp-content\/uploads\/2024\/06\/DL-Malic-Acid-1.jpg\",\"datePublished\":\"2024-06-27T08:32:24+00:00\",\"dateModified\":\"2024-08-19T01:31:30+00:00\",\"description\":\"Nous fournissons un additif alimentaire acide DL-malique d'une puret\u00e9 de 99,0 \u00e0 100,5 % en poids, une poudre cristalline blanche ou presque blanche ou des granul\u00e9s au go\u00fbt aigre particulier.\",\"breadcrumb\":{\"@id\":\"https:\/\/theo.niranbio.com\/fr\/acide-dl-malique.html#breadcrumb\"},\"inLanguage\":\"fr-FR\",\"potentialAction\":[{\"@type\":\"ReadAction\",\"target\":[\"https:\/\/theo.niranbio.com\/fr\/acide-dl-malique.html\"]}]},{\"@type\":\"ImageObject\",\"inLanguage\":\"fr-FR\",\"@id\":\"https:\/\/theo.niranbio.com\/fr\/acide-dl-malique.html#primaryimage\",\"url\":\"https:\/\/theo.niranbio.com\/wp-content\/uploads\/2024\/06\/DL-Malic-Acid-1.jpg\",\"contentUrl\":\"https:\/\/theo.niranbio.com\/wp-content\/uploads\/2024\/06\/DL-Malic-Acid-1.jpg\",\"width\":600,\"height\":600,\"caption\":\"Acide DL-malique\"},{\"@type\":\"BreadcrumbList\",\"@id\":\"https:\/\/theo.niranbio.com\/fr\/acide-dl-malique.html#breadcrumb\",\"itemListElement\":[{\"@type\":\"ListItem\",\"position\":1,\"name\":\"Home\",\"item\":\"https:\/\/theo.niranbio.com\/fr\/\"},{\"@type\":\"ListItem\",\"position\":2,\"name\":\"Produits\",\"item\":\"https:\/\/theo.niranbio.com\/fr\/produits.html\"},{\"@type\":\"ListItem\",\"position\":3,\"name\":\"Acidulant\",\"item\":\"https:\/\/theo.niranbio.com\/fr\/produit-acidulant\/\"},{\"@type\":\"ListItem\",\"position\":4,\"name\":\"Acide DL-Malique\"}]},{\"@type\":\"WebSite\",\"@id\":\"https:\/\/theo.niranbio.com\/fr\/#website\",\"url\":\"https:\/\/theo.niranbio.com\/fr\/\",\"name\":\"Niranbio Chemical\",\"description\":\"\",\"publisher\":{\"@id\":\"https:\/\/theo.niranbio.com\/fr\/#organization\"},\"potentialAction\":[{\"@type\":\"SearchAction\",\"target\":{\"@type\":\"EntryPoint\",\"urlTemplate\":\"https:\/\/theo.niranbio.com\/fr\/?s={search_term_string}\"},\"query-input\":{\"@type\":\"PropertyValueSpecification\",\"valueRequired\":true,\"valueName\":\"search_term_string\"}}],\"inLanguage\":\"fr-FR\"},{\"@type\":\"Organization\",\"@id\":\"https:\/\/theo.niranbio.com\/fr\/#organization\",\"name\":\"Niranbio Chemical\",\"url\":\"https:\/\/theo.niranbio.com\/fr\/\",\"logo\":{\"@type\":\"ImageObject\",\"inLanguage\":\"fr-FR\",\"@id\":\"https:\/\/theo.niranbio.com\/fr\/#\/schema\/logo\/image\/\",\"url\":\"https:\/\/theo.niranbio.com\/wp-content\/uploads\/2024\/06\/Niranbio.png\",\"contentUrl\":\"https:\/\/theo.niranbio.com\/wp-content\/uploads\/2024\/06\/Niranbio.png\",\"width\":270,\"height\":100,\"caption\":\"Niranbio Chemical\"},\"image\":{\"@id\":\"https:\/\/theo.niranbio.com\/fr\/#\/schema\/logo\/image\/\"}}]}<\/script>\n<!-- \/ Yoast SEO plugin. -->","yoast_head_json":{"title":"Prix \u200b\u200bde la poudre d'acide DL-malique, fournisseur de r\u00e9gulateur d'acidit\u00e9 E296 | Niranbio Chemical","description":"Nous fournissons un additif alimentaire acide DL-malique d'une puret\u00e9 de 99,0 \u00e0 100,5 % en poids, une poudre cristalline blanche ou presque blanche ou des granul\u00e9s au go\u00fbt aigre particulier.","robots":{"index":"noindex","follow":"follow","max-snippet":"max-snippet:-1","max-image-preview":"max-image-preview:large","max-video-preview":"max-video-preview:-1"},"twitter_misc":{"Dur\u00e9e de lecture estim\u00e9e":"4 minutes"},"schema":{"@context":"https:\/\/schema.org","@graph":[{"@type":"WebPage","@id":"https:\/\/theo.niranbio.com\/fr\/acide-dl-malique.html","url":"https:\/\/theo.niranbio.com\/fr\/acide-dl-malique.html","name":"Prix \u200b\u200bde la poudre d'acide DL-malique, fournisseur de r\u00e9gulateur d'acidit\u00e9 E296 | Niranbio Chemical","isPartOf":{"@id":"https:\/\/theo.niranbio.com\/fr\/#website"},"primaryImageOfPage":{"@id":"https:\/\/theo.niranbio.com\/fr\/acide-dl-malique.html#primaryimage"},"image":{"@id":"https:\/\/theo.niranbio.com\/fr\/acide-dl-malique.html#primaryimage"},"thumbnailUrl":"https:\/\/theo.niranbio.com\/wp-content\/uploads\/2024\/06\/DL-Malic-Acid-1.jpg","datePublished":"2024-06-27T08:32:24+00:00","dateModified":"2024-08-19T01:31:30+00:00","description":"Nous fournissons un additif alimentaire acide DL-malique d'une puret\u00e9 de 99,0 \u00e0 100,5 % en poids, une poudre cristalline blanche ou presque blanche ou des granul\u00e9s au go\u00fbt aigre particulier.","breadcrumb":{"@id":"https:\/\/theo.niranbio.com\/fr\/acide-dl-malique.html#breadcrumb"},"inLanguage":"fr-FR","potentialAction":[{"@type":"ReadAction","target":["https:\/\/theo.niranbio.com\/fr\/acide-dl-malique.html"]}]},{"@type":"ImageObject","inLanguage":"fr-FR","@id":"https:\/\/theo.niranbio.com\/fr\/acide-dl-malique.html#primaryimage","url":"https:\/\/theo.niranbio.com\/wp-content\/uploads\/2024\/06\/DL-Malic-Acid-1.jpg","contentUrl":"https:\/\/theo.niranbio.com\/wp-content\/uploads\/2024\/06\/DL-Malic-Acid-1.jpg","width":600,"height":600,"caption":"Acide DL-malique"},{"@type":"BreadcrumbList","@id":"https:\/\/theo.niranbio.com\/fr\/acide-dl-malique.html#breadcrumb","itemListElement":[{"@type":"ListItem","position":1,"name":"Home","item":"https:\/\/theo.niranbio.com\/fr\/"},{"@type":"ListItem","position":2,"name":"Produits","item":"https:\/\/theo.niranbio.com\/fr\/produits.html"},{"@type":"ListItem","position":3,"name":"Acidulant","item":"https:\/\/theo.niranbio.com\/fr\/produit-acidulant\/"},{"@type":"ListItem","position":4,"name":"Acide DL-Malique"}]},{"@type":"WebSite","@id":"https:\/\/theo.niranbio.com\/fr\/#website","url":"https:\/\/theo.niranbio.com\/fr\/","name":"Niranbio Chemical","description":"","publisher":{"@id":"https:\/\/theo.niranbio.com\/fr\/#organization"},"potentialAction":[{"@type":"SearchAction","target":{"@type":"EntryPoint","urlTemplate":"https:\/\/theo.niranbio.com\/fr\/?s={search_term_string}"},"query-input":{"@type":"PropertyValueSpecification","valueRequired":true,"valueName":"search_term_string"}}],"inLanguage":"fr-FR"},{"@type":"Organization","@id":"https:\/\/theo.niranbio.com\/fr\/#organization","name":"Niranbio Chemical","url":"https:\/\/theo.niranbio.com\/fr\/","logo":{"@type":"ImageObject","inLanguage":"fr-FR","@id":"https:\/\/theo.niranbio.com\/fr\/#\/schema\/logo\/image\/","url":"https:\/\/theo.niranbio.com\/wp-content\/uploads\/2024\/06\/Niranbio.png","contentUrl":"https:\/\/theo.niranbio.com\/wp-content\/uploads\/2024\/06\/Niranbio.png","width":270,"height":100,"caption":"Niranbio Chemical"},"image":{"@id":"https:\/\/theo.niranbio.com\/fr\/#\/schema\/logo\/image\/"}}]}},"_links":{"self":[{"href":"https:\/\/theo.niranbio.com\/fr\/wp-json\/wp\/v2\/product\/9252","targetHints":{"allow":["GET"]}}],"collection":[{"href":"https:\/\/theo.niranbio.com\/fr\/wp-json\/wp\/v2\/product"}],"about":[{"href":"https:\/\/theo.niranbio.com\/fr\/wp-json\/wp\/v2\/types\/product"}],"version-history":[{"count":0,"href":"https:\/\/theo.niranbio.com\/fr\/wp-json\/wp\/v2\/product\/9252\/revisions"}],"wp:featuredmedia":[{"embeddable":true,"href":"https:\/\/theo.niranbio.com\/fr\/wp-json\/wp\/v2\/media\/9253"}],"wp:attachment":[{"href":"https:\/\/theo.niranbio.com\/fr\/wp-json\/wp\/v2\/media?parent=9252"}],"wp:term":[{"taxonomy":"product_brand","embeddable":true,"href":"https:\/\/theo.niranbio.com\/fr\/wp-json\/wp\/v2\/product_brand?post=9252"},{"taxonomy":"product_cat","embeddable":true,"href":"https:\/\/theo.niranbio.com\/fr\/wp-json\/wp\/v2\/product_cat?post=9252"},{"taxonomy":"product_tag","embeddable":true,"href":"https:\/\/theo.niranbio.com\/fr\/wp-json\/wp\/v2\/product_tag?post=9252"}],"curies":[{"name":"wp","href":"https:\/\/api.w.org\/{rel}","templated":true}]}}