{"id":13155,"date":"2024-08-29T09:20:20","date_gmt":"2024-08-29T01:20:20","guid":{"rendered":"https:\/\/theo.niranbio.com\/monohydrate-de-creatine\/"},"modified":"2024-11-04T17:05:49","modified_gmt":"2024-11-04T09:05:49","slug":"monohydrate-de-creatine","status":"publish","type":"product","link":"https:\/\/theo.niranbio.com\/fr\/monohydrate-de-creatine.html","title":{"rendered":"Monohydrate de cr\u00e9atine"},"content":{"rendered":"<h2><span class=\"ez-toc-section\" id=\"Quest-ce_que_le_monohydrate_de_creatine\"><\/span>Qu&rsquo;est-ce que le monohydrate de cr\u00e9atine ?<span class=\"ez-toc-section-end\"><\/span><\/h2>\n<p>Le monohydrate de cr\u00e9atine est compos\u00e9 d&rsquo;une mol\u00e9cule de cr\u00e9atine et d&rsquo;une mol\u00e9cule d&rsquo;eau et est la forme la plus courante de cr\u00e9atine. C&rsquo;est un compos\u00e9 endog\u00e8ne et un d\u00e9riv\u00e9 d&rsquo;acide amin\u00e9. Il existe en petites quantit\u00e9s dans la viande et le poisson et est souvent utilis\u00e9 comme mati\u00e8re premi\u00e8re pour les m\u00e9dicaments et comme additif pour les produits de sant\u00e9. Le principal objectif de la prise de suppl\u00e9ments de monohydrate de cr\u00e9atine est de maximiser les r\u00e9serves intramusculaires de cr\u00e9atine phosphate et de cr\u00e9atine libre du corps. La cr\u00e9atine est principalement stock\u00e9e dans les muscles du corps humain et peut soutenir les exercices de haute intensit\u00e9 et de courte dur\u00e9e en tant que source d&rsquo;\u00e9nergie, mais cette saturation ne peut \u00eatre obtenue par le seul r\u00e9gime alimentaire et n\u00e9cessite une suppl\u00e9mentation suppl\u00e9mentaire pour augmenter la production d&rsquo;ATP et am\u00e9liorer les performances sportives. De plus, les suppl\u00e9ments de cr\u00e9atine pr\u00e9sentent \u00e9galement des avantages potentiels pour la sant\u00e9 du cerveau.<\/p>\n<h2><span class=\"ez-toc-section\" id=\"Parametres_associes\"><\/span>Param\u00e8tres associ\u00e9s :<span class=\"ez-toc-section-end\"><\/span><\/h2>\n<table>\n<tbody>\n<tr>\n<td>Items<\/td>\n<td>Specification<\/td>\n<\/tr>\n<tr>\n<td>Aspect<\/td>\n<td>Poudre cristalline blanche<\/td>\n<\/tr>\n<tr>\n<td>Solubilit\u00e9<\/td>\n<td>L\u00e9g\u00e8rement soluble dans l&rsquo;eau<\/td>\n<\/tr>\n<tr>\n<td>Clart\u00e9 et couleur de la solution<\/td>\n<td>Claire et incolore<\/td>\n<\/tr>\n<tr>\n<td>Odeur &amp; amp<\/td>\n<td>Inodore &amp; p\u00e2le<\/td>\n<\/tr>\n<tr>\n<td>Point de fusion<\/td>\n<td>292\u2103<\/td>\n<\/tr>\n<tr>\n<td>Test de l&rsquo;acide sulfurique<\/td>\n<td>Pas de carbonatation<\/td>\n<\/tr>\n<tr>\n<td>Assay<\/td>\n<td>99.6%<\/td>\n<\/tr>\n<tr>\n<td>Creatinine<\/td>\n<td>52.01ppm<\/td>\n<\/tr>\n<tr>\n<td>Perte au s\u00e9chage<\/td>\n<td>11.79%<\/td>\n<\/tr>\n<tr>\n<td>R\u00e9sidus \u00e0 l&rsquo;allumage<\/td>\n<td>0.050%<\/td>\n<\/tr>\n<tr>\n<td>Iron<\/td>\n<td>0.50ppm<\/td>\n<\/tr>\n<tr>\n<td>Sulfate<\/td>\n<td>&lt;0.02<\/td>\n<\/tr>\n<tr>\n<td>Dicyanamide<\/td>\n<td>28.01ppm<\/td>\n<\/tr>\n<tr>\n<td>Dihydrotriazine<\/td>\n<td>Non d\u00e9tect\u00e9<\/td>\n<\/tr>\n<tr>\n<td>Toute impuret\u00e9 non sp\u00e9cifi\u00e9eTotal<\/td>\n<td>Non d\u00e9tect\u00e9<\/td>\n<\/tr>\n<tr>\n<td>Impuret\u00e9s totales non sp\u00e9cifi\u00e9es<\/td>\n<td>Non d\u00e9tect\u00e9es<\/td>\n<\/tr>\n<tr>\n<td>Impuret\u00e9s totales<\/td>\n<td>Non d\u00e9tect\u00e9es<\/td>\n<\/tr>\n<tr>\n<td>M\u00e9tal lourd<\/td>\n<td>&lt;0,30 ppm<\/td>\n<\/tr>\n<tr>\n<td>Arsenic (As)<\/td>\n<td>&lt;0,01 ppm<\/td>\n<\/tr>\n<tr>\n<td>Plomb (Pb)<\/td>\n<td>&lt;0,01 ppm<\/td>\n<\/tr>\n<tr>\n<td>Mercure (Hg)<\/td>\n<td>&lt;0,01ppm<\/td>\n<\/tr>\n<tr>\n<td>Cadmium (Cd)<\/td>\n<td>&lt;0,01 ppm<\/td>\n<\/tr>\n<tr>\n<td>Densit\u00e9 en vrac<\/td>\n<td>455g\/L<\/td>\n<\/tr>\n<tr>\n<td>Densit\u00e9 de pr\u00e9l\u00e8vement<\/td>\n<td>663g\/L<\/td>\n<\/tr>\n<tr>\n<td>Nombre total de bact\u00e9ries<\/td>\n<td>&lt;30cfu\/g<\/td>\n<\/tr>\n<tr>\n<td>Moisissures et levures<\/td>\n<td>&lt;30cfu\/g<\/td>\n<\/tr>\n<tr>\n<td>E.Coli<\/td>\n<td>Negative<\/td>\n<\/tr>\n<tr>\n<td>Salmonella<\/td>\n<td>Negative<\/td>\n<\/tr>\n<tr>\n<td>S.aureus<\/td>\n<td>Negative<\/td>\n<\/tr>\n<\/tbody>\n<\/table>\n<h2><span class=\"ez-toc-section\" id=\"Dosage_recommande\"><\/span>Dosage recommand\u00e9 :<span class=\"ez-toc-section-end\"><\/span><\/h2>\n<table>\n<tbody>\n<tr>\n<td>Utilisation<\/td>\n<td>Phase<\/td>\n<td>Dosage recommand\u00e9<\/td>\n<td>Dur\u00e9e du traitement<\/td>\n<\/tr>\n<tr>\n<td>Phase de chargement<\/td>\n<td>Initiale<\/td>\n<td>20 grammes par jour (4 doses de 5 g)<\/td>\n<td>5-7 jours<\/td>\n<\/tr>\n<tr>\n<td>Jours d&rsquo;entra\u00eenement<\/td>\n<td>En cours<\/td>\n<td>3-5 grammes par jour<\/td>\n<td>Dur\u00e9e ind\u00e9termin\u00e9e<\/td>\n<\/tr>\n<tr>\n<td>Jours d&rsquo;entra\u00eenement<\/td>\n<td>Avant l&rsquo;entra\u00eenement<\/td>\n<td>3-5 grammes<\/td>\n<td>Au moins 30-60 minutes avant l&rsquo;entra\u00eenement<\/td>\n<\/tr>\n<tr>\n<td>Jours d&rsquo;entra\u00eenement<\/td>\n<td>Apr\u00e8s l&rsquo;entra\u00eenement<\/td>\n<td>3-5 grammes<\/td>\n<td>Imm\u00e9diatement apr\u00e8s l&rsquo;entra\u00eenement<\/td>\n<\/tr>\n<tr>\n<td>Jours sans entra\u00eenement<\/td>\n<td>Quotidiennement<\/td>\n<td>3-5 grammes<\/td>\n<td>Le matin ou r\u00e9parti uniform\u00e9ment tout au long de la journ\u00e9e<\/td>\n<\/tr>\n<\/tbody>\n<\/table>\n<p>Veuillez noter qu&rsquo;il s&rsquo;agit de recommandations g\u00e9n\u00e9rales et qu&rsquo;elles peuvent varier en fonction des besoins, des objectifs et des r\u00e9actions de chacun. Consultez toujours un professionnel de la sant\u00e9 ou de la condition physique avant de commencer un nouveau r\u00e9gime de suppl\u00e9mentation.<\/p>\n<h2><span class=\"ez-toc-section\" id=\"La_creatine_monohydrate_a_un_large_eventail_dutilisations\"><\/span>La cr\u00e9atine monohydrate a un large \u00e9ventail d&rsquo;utilisations<span class=\"ez-toc-section-end\"><\/span><\/h2>\n<ul>\n<li>Croissance musculaire : Le monohydrate de cr\u00e9atine est l&rsquo;un des suppl\u00e9ments les plus \u00e9tudi\u00e9s et les plus populaires pour am\u00e9liorer la masse et la force musculaires. Elle agit en augmentant la teneur en ATP dans les cellules, am\u00e9liorant ainsi les performances dans certaines activit\u00e9s de haute intensit\u00e9 et de courte dur\u00e9e qui n\u00e9cessitent des bouff\u00e9es d&rsquo;\u00e9nergie.<\/li>\n<li>Endurance et am\u00e9lioration des performances : En augmentant les r\u00e9serves de phosphocr\u00e9atine dans les muscles, la cr\u00e9atine permet aux athl\u00e8tes de s&rsquo;entra\u00eener \u00e0 des intensit\u00e9s plus \u00e9lev\u00e9es avant que la fatigue ne s&rsquo;installe. Cela permet de meilleures performances lors de p\u00e9riodes d&rsquo;activit\u00e9 rapides.<\/li>\n<li>Am\u00e9liorer la puissance explosive : Des \u00e9tudes ont montr\u00e9 que la suppl\u00e9mentation en cr\u00e9atine peut augmenter consid\u00e9rablement la puissance explosive et am\u00e9liorer les performances de sprint<\/li>\n<li>Aide \u00e0 la r\u00e9cup\u00e9ration : La cr\u00e9atine peut aider \u00e0 r\u00e9parer les dommages musculaires ou l&rsquo;inflammation apr\u00e8s l&rsquo;exercice. Des temps de r\u00e9cup\u00e9ration plus rapides peuvent se traduire par des s\u00e9ances d&rsquo;entra\u00eenement plus efficaces.<br \/>\nR\u00e9duction des douleurs musculaires : Les athl\u00e8tes ont rapport\u00e9 une r\u00e9duction des douleurs musculaires retard\u00e9es (DOMS) lorsqu&rsquo;ils utilisent la cr\u00e9atine, ce qui facilite un retour plus rapide \u00e0 l&rsquo;entra\u00eenement apr\u00e8s des s\u00e9ances d&rsquo;entra\u00eenement intenses.<\/li>\n<\/ul>\n<h2><span class=\"ez-toc-section\" id=\"Question_posee_par_lutilisateur\"><\/span>Question pos\u00e9e par l&rsquo;utilisateur :<span class=\"ez-toc-section-end\"><\/span><\/h2>\n<p>Question : \u00c0 quoi sert le monohydrate de cr\u00e9atine ?<\/p>\n<p>R\u00e9ponse : Le monohydrate de cr\u00e9atine est souvent utilis\u00e9 dans les compl\u00e9ments alimentaires pour aider \u00e0 am\u00e9liorer la force, am\u00e9liorer l&rsquo;endurance, favoriser la r\u00e9cup\u00e9ration et la croissance musculaire, etc.<\/p>\n<p>Question : Le monohydrate de cr\u00e9atine a-t-il des effets secondaires ?<\/p>\n<p>R\u00e9ponse : Selon les r\u00e9sultats des tests de certaines personnes en bonne sant\u00e9, le monohydrate de cr\u00e9atine n&rsquo;a aucun effet ind\u00e9sirable sur les fonctions du corps humain.<\/p>\n<p>Question : Comment prendre du monohydrate de cr\u00e9atine ?<\/p>\n<p>R\u00e9ponse : La prise de monohydrate de cr\u00e9atine n\u00e9cessite une p\u00e9riode d&rsquo;adaptation et doit se faire progressivement. Veuillez vous r\u00e9f\u00e9rer au tableau ci-dessus pour plus d&rsquo;informations.<\/p>\n<p>&nbsp;<\/p>\n<p>&nbsp;<\/p>\n","protected":false},"excerpt":{"rendered":"<ul>\n<li>CAS: 6020-87-7<\/li>\n<li>Formule chimique : C4H11N303<\/li>\n<li>Certifications : KOSHER, ISO, HALAL, FSSC 22000, BRC, etc.<\/li>\n<li>Quantit\u00e9 minimum de commande : 1000 kg<\/li>\n<li>Dur\u00e9e de conservation : 2 ans<\/li>\n<\/ul>\n","protected":false},"featured_media":11322,"template":"","meta":{"site-sidebar-layout":"default","site-content-layout":"","ast-site-content-layout":"default","site-content-style":"default","site-sidebar-style":"default","ast-global-header-display":"","ast-banner-title-visibility":"","ast-main-header-display":"","ast-hfb-above-header-display":"","ast-hfb-below-header-display":"","ast-hfb-mobile-header-display":"","site-post-title":"","ast-breadcrumbs-content":"","ast-featured-img":"","footer-sml-layout":"","theme-transparent-header-meta":"default","adv-header-id-meta":"","stick-header-meta":"","header-above-stick-meta":"","header-main-stick-meta":"","header-below-stick-meta":"","astra-migrate-meta-layouts":"set","ast-page-background-enabled":"default","ast-page-background-meta":{"desktop":{"background-color":"var(--ast-global-color-4)","background-image":"","background-repeat":"repeat","background-position":"center center","background-size":"auto","background-attachment":"scroll","background-type":"","background-media":"","overlay-type":"","overlay-color":"","overlay-opacity":"","overlay-gradient":""},"tablet":{"background-color":"","background-image":"","background-repeat":"repeat","background-position":"center center","background-size":"auto","background-attachment":"scroll","background-type":"","background-media":"","overlay-type":"","overlay-color":"","overlay-opacity":"","overlay-gradient":""},"mobile":{"background-color":"","background-image":"","background-repeat":"repeat","background-position":"center center","background-size":"auto","background-attachment":"scroll","background-type":"","background-media":"","overlay-type":"","overlay-color":"","overlay-opacity":"","overlay-gradient":""}},"ast-content-background-meta":{"desktop":{"background-color":"var(--ast-global-color-5)","background-image":"","background-repeat":"repeat","background-position":"center center","background-size":"auto","background-attachment":"scroll","background-type":"","background-media":"","overlay-type":"","overlay-color":"","overlay-opacity":"","overlay-gradient":""},"tablet":{"background-color":"var(--ast-global-color-5)","background-image":"","background-repeat":"repeat","background-position":"center center","background-size":"auto","background-attachment":"scroll","background-type":"","background-media":"","overlay-type":"","overlay-color":"","overlay-opacity":"","overlay-gradient":""},"mobile":{"background-color":"var(--ast-global-color-5)","background-image":"","background-repeat":"repeat","background-position":"center center","background-size":"auto","background-attachment":"scroll","background-type":"","background-media":"","overlay-type":"","overlay-color":"","overlay-opacity":"","overlay-gradient":""}}},"product_brand":[],"product_cat":[106],"product_tag":[],"class_list":{"0":"post-13155","1":"product","2":"type-product","3":"status-publish","4":"has-post-thumbnail","6":"product_cat-produit-ameliorant-la-nutrition","7":"desktop-align-center","8":"tablet-align-left","9":"mobile-align-left","11":"first","12":"instock","13":"shipping-taxable","14":"product-type-simple"},"yoast_head":"<!-- This site is optimized with the Yoast SEO plugin v26.5 - https:\/\/yoast.com\/wordpress\/plugins\/seo\/ -->\n<title>Cr\u00e9atine monohydrate poudre | Niranbio Chemical<\/title>\n<meta name=\"description\" content=\"Notre monohydrate de cr\u00e9atine est une poudre cristalline blanche et inodore \u00e0 haute solubilit\u00e9 dans l&#039;eau, stable dans des conditions normales et am\u00e9liore la production d&#039;\u00e9nergie dans les muscles.\" \/>\n<meta name=\"robots\" content=\"noindex, follow, max-snippet:-1, max-image-preview:large, max-video-preview:-1\" \/>\n<meta name=\"twitter:label1\" content=\"Dur\u00e9e de lecture estim\u00e9e\" \/>\n\t<meta name=\"twitter:data1\" content=\"4 minutes\" \/>\n<script type=\"application\/ld+json\" class=\"yoast-schema-graph\">{\"@context\":\"https:\/\/schema.org\",\"@graph\":[{\"@type\":\"WebPage\",\"@id\":\"https:\/\/theo.niranbio.com\/fr\/monohydrate-de-creatine.html\",\"url\":\"https:\/\/theo.niranbio.com\/fr\/monohydrate-de-creatine.html\",\"name\":\"Cr\u00e9atine monohydrate poudre | Niranbio Chemical\",\"isPartOf\":{\"@id\":\"https:\/\/theo.niranbio.com\/fr\/#website\"},\"primaryImageOfPage\":{\"@id\":\"https:\/\/theo.niranbio.com\/fr\/monohydrate-de-creatine.html#primaryimage\"},\"image\":{\"@id\":\"https:\/\/theo.niranbio.com\/fr\/monohydrate-de-creatine.html#primaryimage\"},\"thumbnailUrl\":\"https:\/\/theo.niranbio.com\/wp-content\/uploads\/2024\/08\/Creatine-Monohydrate-2.jpg\",\"datePublished\":\"2024-08-29T01:20:20+00:00\",\"dateModified\":\"2024-11-04T09:05:49+00:00\",\"description\":\"Notre monohydrate de cr\u00e9atine est une poudre cristalline blanche et inodore \u00e0 haute solubilit\u00e9 dans l'eau, stable dans des conditions normales et am\u00e9liore la production d'\u00e9nergie dans les muscles.\",\"breadcrumb\":{\"@id\":\"https:\/\/theo.niranbio.com\/fr\/monohydrate-de-creatine.html#breadcrumb\"},\"inLanguage\":\"fr-FR\",\"potentialAction\":[{\"@type\":\"ReadAction\",\"target\":[\"https:\/\/theo.niranbio.com\/fr\/monohydrate-de-creatine.html\"]}]},{\"@type\":\"ImageObject\",\"inLanguage\":\"fr-FR\",\"@id\":\"https:\/\/theo.niranbio.com\/fr\/monohydrate-de-creatine.html#primaryimage\",\"url\":\"https:\/\/theo.niranbio.com\/wp-content\/uploads\/2024\/08\/Creatine-Monohydrate-2.jpg\",\"contentUrl\":\"https:\/\/theo.niranbio.com\/wp-content\/uploads\/2024\/08\/Creatine-Monohydrate-2.jpg\",\"width\":600,\"height\":600},{\"@type\":\"BreadcrumbList\",\"@id\":\"https:\/\/theo.niranbio.com\/fr\/monohydrate-de-creatine.html#breadcrumb\",\"itemListElement\":[{\"@type\":\"ListItem\",\"position\":1,\"name\":\"Home\",\"item\":\"https:\/\/theo.niranbio.com\/fr\/\"},{\"@type\":\"ListItem\",\"position\":2,\"name\":\"Produits\",\"item\":\"https:\/\/theo.niranbio.com\/fr\/produits.html\"},{\"@type\":\"ListItem\",\"position\":3,\"name\":\"Am\u00e9liorant la Nutrition\",\"item\":\"https:\/\/theo.niranbio.com\/fr\/produit-ameliorant-la-nutrition\/\"},{\"@type\":\"ListItem\",\"position\":4,\"name\":\"Monohydrate de cr\u00e9atine\"}]},{\"@type\":\"WebSite\",\"@id\":\"https:\/\/theo.niranbio.com\/fr\/#website\",\"url\":\"https:\/\/theo.niranbio.com\/fr\/\",\"name\":\"Niranbio Chemical\",\"description\":\"\",\"publisher\":{\"@id\":\"https:\/\/theo.niranbio.com\/fr\/#organization\"},\"potentialAction\":[{\"@type\":\"SearchAction\",\"target\":{\"@type\":\"EntryPoint\",\"urlTemplate\":\"https:\/\/theo.niranbio.com\/fr\/?s={search_term_string}\"},\"query-input\":{\"@type\":\"PropertyValueSpecification\",\"valueRequired\":true,\"valueName\":\"search_term_string\"}}],\"inLanguage\":\"fr-FR\"},{\"@type\":\"Organization\",\"@id\":\"https:\/\/theo.niranbio.com\/fr\/#organization\",\"name\":\"Niranbio Chemical\",\"url\":\"https:\/\/theo.niranbio.com\/fr\/\",\"logo\":{\"@type\":\"ImageObject\",\"inLanguage\":\"fr-FR\",\"@id\":\"https:\/\/theo.niranbio.com\/fr\/#\/schema\/logo\/image\/\",\"url\":\"https:\/\/theo.niranbio.com\/wp-content\/uploads\/2024\/06\/Niranbio.png\",\"contentUrl\":\"https:\/\/theo.niranbio.com\/wp-content\/uploads\/2024\/06\/Niranbio.png\",\"width\":270,\"height\":100,\"caption\":\"Niranbio Chemical\"},\"image\":{\"@id\":\"https:\/\/theo.niranbio.com\/fr\/#\/schema\/logo\/image\/\"}}]}<\/script>\n<!-- \/ Yoast SEO plugin. -->","yoast_head_json":{"title":"Cr\u00e9atine monohydrate poudre | Niranbio Chemical","description":"Notre monohydrate de cr\u00e9atine est une poudre cristalline blanche et inodore \u00e0 haute solubilit\u00e9 dans l'eau, stable dans des conditions normales et am\u00e9liore la production d'\u00e9nergie dans les muscles.","robots":{"index":"noindex","follow":"follow","max-snippet":"max-snippet:-1","max-image-preview":"max-image-preview:large","max-video-preview":"max-video-preview:-1"},"twitter_misc":{"Dur\u00e9e de lecture estim\u00e9e":"4 minutes"},"schema":{"@context":"https:\/\/schema.org","@graph":[{"@type":"WebPage","@id":"https:\/\/theo.niranbio.com\/fr\/monohydrate-de-creatine.html","url":"https:\/\/theo.niranbio.com\/fr\/monohydrate-de-creatine.html","name":"Cr\u00e9atine monohydrate poudre | Niranbio Chemical","isPartOf":{"@id":"https:\/\/theo.niranbio.com\/fr\/#website"},"primaryImageOfPage":{"@id":"https:\/\/theo.niranbio.com\/fr\/monohydrate-de-creatine.html#primaryimage"},"image":{"@id":"https:\/\/theo.niranbio.com\/fr\/monohydrate-de-creatine.html#primaryimage"},"thumbnailUrl":"https:\/\/theo.niranbio.com\/wp-content\/uploads\/2024\/08\/Creatine-Monohydrate-2.jpg","datePublished":"2024-08-29T01:20:20+00:00","dateModified":"2024-11-04T09:05:49+00:00","description":"Notre monohydrate de cr\u00e9atine est une poudre cristalline blanche et inodore \u00e0 haute solubilit\u00e9 dans l'eau, stable dans des conditions normales et am\u00e9liore la production d'\u00e9nergie dans les muscles.","breadcrumb":{"@id":"https:\/\/theo.niranbio.com\/fr\/monohydrate-de-creatine.html#breadcrumb"},"inLanguage":"fr-FR","potentialAction":[{"@type":"ReadAction","target":["https:\/\/theo.niranbio.com\/fr\/monohydrate-de-creatine.html"]}]},{"@type":"ImageObject","inLanguage":"fr-FR","@id":"https:\/\/theo.niranbio.com\/fr\/monohydrate-de-creatine.html#primaryimage","url":"https:\/\/theo.niranbio.com\/wp-content\/uploads\/2024\/08\/Creatine-Monohydrate-2.jpg","contentUrl":"https:\/\/theo.niranbio.com\/wp-content\/uploads\/2024\/08\/Creatine-Monohydrate-2.jpg","width":600,"height":600},{"@type":"BreadcrumbList","@id":"https:\/\/theo.niranbio.com\/fr\/monohydrate-de-creatine.html#breadcrumb","itemListElement":[{"@type":"ListItem","position":1,"name":"Home","item":"https:\/\/theo.niranbio.com\/fr\/"},{"@type":"ListItem","position":2,"name":"Produits","item":"https:\/\/theo.niranbio.com\/fr\/produits.html"},{"@type":"ListItem","position":3,"name":"Am\u00e9liorant la Nutrition","item":"https:\/\/theo.niranbio.com\/fr\/produit-ameliorant-la-nutrition\/"},{"@type":"ListItem","position":4,"name":"Monohydrate de cr\u00e9atine"}]},{"@type":"WebSite","@id":"https:\/\/theo.niranbio.com\/fr\/#website","url":"https:\/\/theo.niranbio.com\/fr\/","name":"Niranbio Chemical","description":"","publisher":{"@id":"https:\/\/theo.niranbio.com\/fr\/#organization"},"potentialAction":[{"@type":"SearchAction","target":{"@type":"EntryPoint","urlTemplate":"https:\/\/theo.niranbio.com\/fr\/?s={search_term_string}"},"query-input":{"@type":"PropertyValueSpecification","valueRequired":true,"valueName":"search_term_string"}}],"inLanguage":"fr-FR"},{"@type":"Organization","@id":"https:\/\/theo.niranbio.com\/fr\/#organization","name":"Niranbio Chemical","url":"https:\/\/theo.niranbio.com\/fr\/","logo":{"@type":"ImageObject","inLanguage":"fr-FR","@id":"https:\/\/theo.niranbio.com\/fr\/#\/schema\/logo\/image\/","url":"https:\/\/theo.niranbio.com\/wp-content\/uploads\/2024\/06\/Niranbio.png","contentUrl":"https:\/\/theo.niranbio.com\/wp-content\/uploads\/2024\/06\/Niranbio.png","width":270,"height":100,"caption":"Niranbio Chemical"},"image":{"@id":"https:\/\/theo.niranbio.com\/fr\/#\/schema\/logo\/image\/"}}]}},"_links":{"self":[{"href":"https:\/\/theo.niranbio.com\/fr\/wp-json\/wp\/v2\/product\/13155","targetHints":{"allow":["GET"]}}],"collection":[{"href":"https:\/\/theo.niranbio.com\/fr\/wp-json\/wp\/v2\/product"}],"about":[{"href":"https:\/\/theo.niranbio.com\/fr\/wp-json\/wp\/v2\/types\/product"}],"version-history":[{"count":1,"href":"https:\/\/theo.niranbio.com\/fr\/wp-json\/wp\/v2\/product\/13155\/revisions"}],"predecessor-version":[{"id":13156,"href":"https:\/\/theo.niranbio.com\/fr\/wp-json\/wp\/v2\/product\/13155\/revisions\/13156"}],"wp:featuredmedia":[{"embeddable":true,"href":"https:\/\/theo.niranbio.com\/fr\/wp-json\/wp\/v2\/media\/11322"}],"wp:attachment":[{"href":"https:\/\/theo.niranbio.com\/fr\/wp-json\/wp\/v2\/media?parent=13155"}],"wp:term":[{"taxonomy":"product_brand","embeddable":true,"href":"https:\/\/theo.niranbio.com\/fr\/wp-json\/wp\/v2\/product_brand?post=13155"},{"taxonomy":"product_cat","embeddable":true,"href":"https:\/\/theo.niranbio.com\/fr\/wp-json\/wp\/v2\/product_cat?post=13155"},{"taxonomy":"product_tag","embeddable":true,"href":"https:\/\/theo.niranbio.com\/fr\/wp-json\/wp\/v2\/product_tag?post=13155"}],"curies":[{"name":"wp","href":"https:\/\/api.w.org\/{rel}","templated":true}]}}