{"id":11351,"date":"2024-08-30T09:14:12","date_gmt":"2024-08-30T01:14:12","guid":{"rendered":"https:\/\/theo.niranbio.com\/assaisonnement-en-poudre-de-poulet\/"},"modified":"2024-11-04T15:53:33","modified_gmt":"2024-11-04T07:53:33","slug":"assaisonnement-en-poudre-de-poulet","status":"publish","type":"product","link":"https:\/\/theo.niranbio.com\/fr\/assaisonnement-en-poudre-de-poulet.html","title":{"rendered":"Assaisonnement en poudre de poulet"},"content":{"rendered":"<h2><span class=\"ez-toc-section\" id=\"Quest-ce_que_lassaisonnement_en_poudre_de_poulet\"><\/span>Qu&rsquo;est-ce que l&rsquo;assaisonnement en poudre de poulet ?<span class=\"ez-toc-section-end\"><\/span><\/h2>\n<p>L&rsquo;assaisonnement en poudre de poulet est fabriqu\u00e9 \u00e0 partir de poulet, d&rsquo;\u0153ufs, d&rsquo;os de poulet, etc. comme mati\u00e8res de base. Il est fabriqu\u00e9 gr\u00e2ce \u00e0 un proc\u00e9d\u00e9 sp\u00e9cial en ajoutant du sel, du sucre, du glutamate monosodique (MSG), de la poudre de poulet, des \u00e9pices, de l&rsquo;acide inosinique, de l&rsquo;acide guanylique, de l&rsquo;ar\u00f4me de poulet et d&rsquo;autres substances pour cr\u00e9er un assaisonnement compos\u00e9 qui rehausse le go\u00fbt et le parfum avec une saveur umami et de poulet.<\/p>\n<h2><span class=\"ez-toc-section\" id=\"Parametres_des_ingredients\"><\/span>Param\u00e8tres des ingr\u00e9dients<span class=\"ez-toc-section-end\"><\/span><\/h2>\n<table>\n<tbody>\n<tr>\n<td>Ingredient<\/td>\n<td>Detail<\/td>\n<\/tr>\n<tr>\n<td>Glutamate monosodique<\/td>\n<td>20%<\/td>\n<\/tr>\n<tr>\n<td>Extrait de poulet<\/td>\n<td>5%<\/td>\n<\/tr>\n<tr>\n<td>Starch<\/td>\n<td>14%<\/td>\n<\/tr>\n<tr>\n<td>Graisse v\u00e9g\u00e9tale<\/td>\n<td>2%<\/td>\n<\/tr>\n<tr>\n<td>Prot\u00e9ine v\u00e9g\u00e9tale hydrolys\u00e9e<\/td>\n<td>3%<\/td>\n<\/tr>\n<tr>\n<td>Humidit\u00e9 chimique<\/td>\n<td>5%<\/td>\n<\/tr>\n<tr>\n<td>Sugar<\/td>\n<td>6%<\/td>\n<\/tr>\n<tr>\n<td>Sel chimique<\/td>\n<td>45%<\/td>\n<\/tr>\n<tr>\n<td>M\u00e9taux lourds<\/td>\n<td>0,8 mg\/kg<\/td>\n<\/tr>\n<tr>\n<td>Arsenic<\/td>\n<td>0,4 mg\/kg<\/td>\n<\/tr>\n<tr>\n<td>Coliformes micro totaux<\/td>\n<td>70 ufc\/g<\/td>\n<\/tr>\n<tr>\n<td>Micro escherichia coli<\/td>\n<td>8500 ufc\/g<\/td>\n<\/tr>\n<tr>\n<td>Micro salmonelle<\/td>\n<td>Non<\/td>\n<\/tr>\n<tr>\n<td>Micro staphylocoque dor\u00e9<\/td>\n<td>Non<\/td>\n<\/tr>\n<tr>\n<td>Streptocoques micro-h\u00e9molytiques<\/td>\n<td>Non<\/td>\n<\/tr>\n<tr>\n<td>Micro Shigella<\/td>\n<td>Non<\/td>\n<\/tr>\n<tr>\n<td>R\u00e9sultat<\/td>\n<td>Les produits sont propres \u00e0 la consommation humaine<\/td>\n<\/tr>\n<\/tbody>\n<\/table>\n<h2><span class=\"ez-toc-section\" id=\"Directives_dutilisation_de_lassaisonnement_en_poudre_de_poulet\"><\/span>Directives d&rsquo;utilisation de l&rsquo;assaisonnement en poudre de poulet<span class=\"ez-toc-section-end\"><\/span><\/h2>\n<h3><span class=\"ez-toc-section\" id=\"Sequence_dajout\"><\/span>S\u00e9quence d&rsquo;ajout<span class=\"ez-toc-section-end\"><\/span><\/h3>\n<p>Meilleur moment pour l&rsquo;ajouter : Ajoutez la poudre de poulet environ une minute avant la fin de la cuisson du plat pour pr\u00e9server ses qualit\u00e9s gustatives. \u00c9vitez la cuisson prolong\u00e9e.<\/p>\n<h3><span class=\"ez-toc-section\" id=\"Quantite_dassaisonnement\"><\/span>Quantit\u00e9 d&rsquo;assaisonnement :<span class=\"ez-toc-section-end\"><\/span><\/h3>\n<p>Utilisation du sel : \u00c9tant donn\u00e9 que la poudre de poulet contient une certaine quantit\u00e9 de sel, r\u00e9duisez ou omettez le sel suppl\u00e9mentaire pendant la cuisson. L&rsquo;OMS recommande aux adultes de maintenir leur consommation quotidienne de sel en dessous de 5 grammes.<\/p>\n<h3><span class=\"ez-toc-section\" id=\"Technique_de_cuisson\"><\/span>Technique de cuisson<span class=\"ez-toc-section-end\"><\/span><\/h3>\n<p>Plats froids : Lorsque vous pr\u00e9parez des plats froids, veillez \u00e0 bien m\u00e9langer et dissoudre la poudre de poulet, car ces plats ont g\u00e9n\u00e9ralement des temp\u00e9ratures basses et moins de liquide. Il est plus efficace de dissoudre la poudre de poulet dans une petite quantit\u00e9 d&rsquo;eau chaude ou de sauce d&rsquo;assaisonnement avant de l&rsquo;ajouter au plat.<\/p>\n<p>Question : Quelle est la diff\u00e9rence entre l&rsquo;assaisonnement en poudre de poulet et l&rsquo;essence de poulet ?<\/p>\n<p>R : L&rsquo;essence de poulet est un exhausteur de go\u00fbt compos\u00e9, qui est compos\u00e9 de deux ou plusieurs exhausteurs de go\u00fbt. Son ingr\u00e9dient principal est le glutamate monosodique. La poudre de poulet est fabriqu\u00e9e en utilisant du poulet, des \u0153ufs, des os de poulet, etc. comme mat\u00e9riau de base et en ajoutant d&rsquo;autres exhausteurs de go\u00fbt. L&rsquo;essence de poulet est granuleuse et difficile \u00e0 fondre, tandis que la poudre de poulet est en poudre, ce qui s&rsquo;adapte mieux aux aliments et se dissout tr\u00e8s rapidement dans l&rsquo;eau.<\/p>\n<p>Q : Comment utiliser la poudre d&rsquo;assaisonnement pour poulet en cuisine ?<\/p>\n<p>R : La poudre de poulet convient pour faire mariner la viande, cuisiner, faire bouillir de la viande, de la soupe, des p\u00e2tes, du porridge, etc. Cela peut \u00eatre fait avec une seule cuill\u00e8re. Le produit lui-m\u00eame contient une certaine proportion de sel. Apr\u00e8s avoir ajout\u00e9 de la poudre de poulet, la quantit\u00e9 de sel peut \u00eatre r\u00e9duite en fonction des conditions de cuisson.<\/p>\n<p>Q : Quel est l&rsquo;avantage de la poudre de poulet ?Question pos\u00e9e par l&rsquo;utilisateur :<\/p>\n<p>Question : Quelle est la diff\u00e9rence entre l&rsquo;assaisonnement en poudre de poulet et l&rsquo;essence de poulet ?<\/p>\n<p>R : L&rsquo;essence de poulet est un exhausteur de go\u00fbt compos\u00e9, qui est compos\u00e9 de deux ou plusieurs exhausteurs de go\u00fbt. Son ingr\u00e9dient principal est le glutamate monosodique. La poudre de poulet est fabriqu\u00e9e en utilisant du poulet, des \u0153ufs, des os de poulet, etc. comme mat\u00e9riau de base et en ajoutant d&rsquo;autres exhausteurs de go\u00fbt. L&rsquo;essence de poulet est granuleuse et difficile \u00e0 fondre, tandis que la poudre de poulet est en poudre, ce qui s&rsquo;adapte mieux aux aliments et se dissout tr\u00e8s rapidement dans l&rsquo;eau.<\/p>\n<p>Q : Comment utiliser la poudre d&rsquo;assaisonnement pour poulet en cuisine ?<\/p>\n<p>R : La poudre de poulet convient pour faire mariner la viande, cuisiner, faire bouillir de la viande, de la soupe, des p\u00e2tes, du porridge, etc. Cela peut \u00eatre fait avec une seule cuill\u00e8re. Le produit lui-m\u00eame contient une certaine proportion de sel. Apr\u00e8s avoir ajout\u00e9 de la poudre de poulet, la quantit\u00e9 de sel peut \u00eatre r\u00e9duite en fonction des conditions de cuisson.<\/p>\n<p>Q : Quel est l&rsquo;avantage de la poudre de poulet ?<\/p>\n<ol>\n<li>R\u00e9ponse : Les avantages de la consommation de poudre de poulet comprennent : Am\u00e9lioration de la saveur : Riche en essence de poulet et en acides amin\u00e9s, elle am\u00e9liore consid\u00e9rablement le go\u00fbt et l&rsquo;umami des plats.<\/li>\n<li>Riche en nutriments : Riche en oligo-\u00e9l\u00e9ments et en prot\u00e9ines, elle offre des nutriments essentiels lorsqu&rsquo;elle est consomm\u00e9e avec mod\u00e9ration.<\/li>\n<li>Am\u00e9lioration de la m\u00e9moire : Riche en acides gras insatur\u00e9s, il aide \u00e0 prot\u00e9ger les vaisseaux c\u00e9r\u00e9braux, \u00e0 ralentir la d\u00e9g\u00e9n\u00e9rescence des cellules c\u00e9r\u00e9brales et \u00e0 am\u00e9liorer la fonction cognitive.<\/li>\n<li>Am\u00e9lioration de l&rsquo;immunit\u00e9 : Fournit des \u00e9l\u00e9ments vitaux qui renforcent la fonction immunitaire, aidant \u00e0 renforcer les d\u00e9fenses naturelles de l&rsquo;organisme.<\/li>\n<\/ol>\n","protected":false},"excerpt":{"rendered":"<ul>\n<li>Certification : ISO KOSHER HALAL<\/li>\n<li>Norme : GB<\/li>\n<li>Quantit\u00e9 minimum de commande : 1000 kg<\/li>\n<li>Dur\u00e9e de conservation : 18 mois \u00e0 compter de la date de production<\/li>\n<\/ul>\n","protected":false},"featured_media":11340,"template":"","meta":{"site-sidebar-layout":"default","site-content-layout":"","ast-site-content-layout":"default","site-content-style":"default","site-sidebar-style":"default","ast-global-header-display":"","ast-banner-title-visibility":"","ast-main-header-display":"","ast-hfb-above-header-display":"","ast-hfb-below-header-display":"","ast-hfb-mobile-header-display":"","site-post-title":"","ast-breadcrumbs-content":"","ast-featured-img":"","footer-sml-layout":"","theme-transparent-header-meta":"default","adv-header-id-meta":"","stick-header-meta":"","header-above-stick-meta":"","header-main-stick-meta":"","header-below-stick-meta":"","astra-migrate-meta-layouts":"set","ast-page-background-enabled":"default","ast-page-background-meta":{"desktop":{"background-color":"var(--ast-global-color-4)","background-image":"","background-repeat":"repeat","background-position":"center center","background-size":"auto","background-attachment":"scroll","background-type":"","background-media":"","overlay-type":"","overlay-color":"","overlay-opacity":"","overlay-gradient":""},"tablet":{"background-color":"","background-image":"","background-repeat":"repeat","background-position":"center center","background-size":"auto","background-attachment":"scroll","background-type":"","background-media":"","overlay-type":"","overlay-color":"","overlay-opacity":"","overlay-gradient":""},"mobile":{"background-color":"","background-image":"","background-repeat":"repeat","background-position":"center center","background-size":"auto","background-attachment":"scroll","background-type":"","background-media":"","overlay-type":"","overlay-color":"","overlay-opacity":"","overlay-gradient":""}},"ast-content-background-meta":{"desktop":{"background-color":"var(--ast-global-color-5)","background-image":"","background-repeat":"repeat","background-position":"center center","background-size":"auto","background-attachment":"scroll","background-type":"","background-media":"","overlay-type":"","overlay-color":"","overlay-opacity":"","overlay-gradient":""},"tablet":{"background-color":"var(--ast-global-color-5)","background-image":"","background-repeat":"repeat","background-position":"center center","background-size":"auto","background-attachment":"scroll","background-type":"","background-media":"","overlay-type":"","overlay-color":"","overlay-opacity":"","overlay-gradient":""},"mobile":{"background-color":"var(--ast-global-color-5)","background-image":"","background-repeat":"repeat","background-position":"center center","background-size":"auto","background-attachment":"scroll","background-type":"","background-media":"","overlay-type":"","overlay-color":"","overlay-opacity":"","overlay-gradient":""}}},"product_brand":[],"product_cat":[105],"product_tag":[],"class_list":{"0":"post-11351","1":"product","2":"type-product","3":"status-publish","4":"has-post-thumbnail","6":"product_cat-produit-exhausteur-de-gout","7":"desktop-align-center","8":"tablet-align-left","9":"mobile-align-left","11":"first","12":"instock","13":"shipping-taxable","14":"product-type-simple"},"yoast_head":"<!-- This site is optimized with the Yoast SEO plugin v26.5 - https:\/\/yoast.com\/wordpress\/plugins\/seo\/ -->\n<title>Fabricant de poudre de poulet, prix de la poudre de poulet | Niranbio Chemical<\/title>\n<meta name=\"description\" content=\"La poudre de poulet est une poudre fine, brun jaun\u00e2tre, fabriqu\u00e9e \u00e0 partir de poulet d\u00e9shydrat\u00e9, riche en saveur umami et contenant des acides amin\u00e9s essentiels, des prot\u00e9ines et des graisses.\" \/>\n<meta name=\"robots\" content=\"noindex, follow, max-snippet:-1, max-image-preview:large, max-video-preview:-1\" \/>\n<meta name=\"twitter:label1\" content=\"Dur\u00e9e de lecture estim\u00e9e\" \/>\n\t<meta name=\"twitter:data1\" content=\"4 minutes\" \/>\n<script type=\"application\/ld+json\" class=\"yoast-schema-graph\">{\"@context\":\"https:\/\/schema.org\",\"@graph\":[{\"@type\":\"WebPage\",\"@id\":\"https:\/\/theo.niranbio.com\/fr\/assaisonnement-en-poudre-de-poulet.html\",\"url\":\"https:\/\/theo.niranbio.com\/fr\/assaisonnement-en-poudre-de-poulet.html\",\"name\":\"Fabricant de poudre de poulet, prix de la poudre de poulet | Niranbio Chemical\",\"isPartOf\":{\"@id\":\"https:\/\/theo.niranbio.com\/fr\/#website\"},\"primaryImageOfPage\":{\"@id\":\"https:\/\/theo.niranbio.com\/fr\/assaisonnement-en-poudre-de-poulet.html#primaryimage\"},\"image\":{\"@id\":\"https:\/\/theo.niranbio.com\/fr\/assaisonnement-en-poudre-de-poulet.html#primaryimage\"},\"thumbnailUrl\":\"https:\/\/theo.niranbio.com\/wp-content\/uploads\/2024\/08\/Chicken-Powder.jpg\",\"datePublished\":\"2024-08-30T01:14:12+00:00\",\"dateModified\":\"2024-11-04T07:53:33+00:00\",\"description\":\"La poudre de poulet est une poudre fine, brun jaun\u00e2tre, fabriqu\u00e9e \u00e0 partir de poulet d\u00e9shydrat\u00e9, riche en saveur umami et contenant des acides amin\u00e9s essentiels, des prot\u00e9ines et des graisses.\",\"breadcrumb\":{\"@id\":\"https:\/\/theo.niranbio.com\/fr\/assaisonnement-en-poudre-de-poulet.html#breadcrumb\"},\"inLanguage\":\"fr-FR\",\"potentialAction\":[{\"@type\":\"ReadAction\",\"target\":[\"https:\/\/theo.niranbio.com\/fr\/assaisonnement-en-poudre-de-poulet.html\"]}]},{\"@type\":\"ImageObject\",\"inLanguage\":\"fr-FR\",\"@id\":\"https:\/\/theo.niranbio.com\/fr\/assaisonnement-en-poudre-de-poulet.html#primaryimage\",\"url\":\"https:\/\/theo.niranbio.com\/wp-content\/uploads\/2024\/08\/Chicken-Powder.jpg\",\"contentUrl\":\"https:\/\/theo.niranbio.com\/wp-content\/uploads\/2024\/08\/Chicken-Powder.jpg\",\"width\":600,\"height\":600,\"caption\":\"Chicken Powder\"},{\"@type\":\"BreadcrumbList\",\"@id\":\"https:\/\/theo.niranbio.com\/fr\/assaisonnement-en-poudre-de-poulet.html#breadcrumb\",\"itemListElement\":[{\"@type\":\"ListItem\",\"position\":1,\"name\":\"Home\",\"item\":\"https:\/\/theo.niranbio.com\/fr\/\"},{\"@type\":\"ListItem\",\"position\":2,\"name\":\"Produits\",\"item\":\"https:\/\/theo.niranbio.com\/fr\/produits.html\"},{\"@type\":\"ListItem\",\"position\":3,\"name\":\"Exhausteur de Go\u00fbt\",\"item\":\"https:\/\/theo.niranbio.com\/fr\/produit-exhausteur-de-gout\/\"},{\"@type\":\"ListItem\",\"position\":4,\"name\":\"Assaisonnement en poudre de poulet\"}]},{\"@type\":\"WebSite\",\"@id\":\"https:\/\/theo.niranbio.com\/fr\/#website\",\"url\":\"https:\/\/theo.niranbio.com\/fr\/\",\"name\":\"Niranbio Chemical\",\"description\":\"\",\"publisher\":{\"@id\":\"https:\/\/theo.niranbio.com\/fr\/#organization\"},\"potentialAction\":[{\"@type\":\"SearchAction\",\"target\":{\"@type\":\"EntryPoint\",\"urlTemplate\":\"https:\/\/theo.niranbio.com\/fr\/?s={search_term_string}\"},\"query-input\":{\"@type\":\"PropertyValueSpecification\",\"valueRequired\":true,\"valueName\":\"search_term_string\"}}],\"inLanguage\":\"fr-FR\"},{\"@type\":\"Organization\",\"@id\":\"https:\/\/theo.niranbio.com\/fr\/#organization\",\"name\":\"Niranbio Chemical\",\"url\":\"https:\/\/theo.niranbio.com\/fr\/\",\"logo\":{\"@type\":\"ImageObject\",\"inLanguage\":\"fr-FR\",\"@id\":\"https:\/\/theo.niranbio.com\/fr\/#\/schema\/logo\/image\/\",\"url\":\"https:\/\/theo.niranbio.com\/wp-content\/uploads\/2024\/06\/Niranbio.png\",\"contentUrl\":\"https:\/\/theo.niranbio.com\/wp-content\/uploads\/2024\/06\/Niranbio.png\",\"width\":270,\"height\":100,\"caption\":\"Niranbio Chemical\"},\"image\":{\"@id\":\"https:\/\/theo.niranbio.com\/fr\/#\/schema\/logo\/image\/\"}}]}<\/script>\n<!-- \/ Yoast SEO plugin. -->","yoast_head_json":{"title":"Fabricant de poudre de poulet, prix de la poudre de poulet | Niranbio Chemical","description":"La poudre de poulet est une poudre fine, brun jaun\u00e2tre, fabriqu\u00e9e \u00e0 partir de poulet d\u00e9shydrat\u00e9, riche en saveur umami et contenant des acides amin\u00e9s essentiels, des prot\u00e9ines et des graisses.","robots":{"index":"noindex","follow":"follow","max-snippet":"max-snippet:-1","max-image-preview":"max-image-preview:large","max-video-preview":"max-video-preview:-1"},"twitter_misc":{"Dur\u00e9e de lecture estim\u00e9e":"4 minutes"},"schema":{"@context":"https:\/\/schema.org","@graph":[{"@type":"WebPage","@id":"https:\/\/theo.niranbio.com\/fr\/assaisonnement-en-poudre-de-poulet.html","url":"https:\/\/theo.niranbio.com\/fr\/assaisonnement-en-poudre-de-poulet.html","name":"Fabricant de poudre de poulet, prix de la poudre de poulet | Niranbio Chemical","isPartOf":{"@id":"https:\/\/theo.niranbio.com\/fr\/#website"},"primaryImageOfPage":{"@id":"https:\/\/theo.niranbio.com\/fr\/assaisonnement-en-poudre-de-poulet.html#primaryimage"},"image":{"@id":"https:\/\/theo.niranbio.com\/fr\/assaisonnement-en-poudre-de-poulet.html#primaryimage"},"thumbnailUrl":"https:\/\/theo.niranbio.com\/wp-content\/uploads\/2024\/08\/Chicken-Powder.jpg","datePublished":"2024-08-30T01:14:12+00:00","dateModified":"2024-11-04T07:53:33+00:00","description":"La poudre de poulet est une poudre fine, brun jaun\u00e2tre, fabriqu\u00e9e \u00e0 partir de poulet d\u00e9shydrat\u00e9, riche en saveur umami et contenant des acides amin\u00e9s essentiels, des prot\u00e9ines et des graisses.","breadcrumb":{"@id":"https:\/\/theo.niranbio.com\/fr\/assaisonnement-en-poudre-de-poulet.html#breadcrumb"},"inLanguage":"fr-FR","potentialAction":[{"@type":"ReadAction","target":["https:\/\/theo.niranbio.com\/fr\/assaisonnement-en-poudre-de-poulet.html"]}]},{"@type":"ImageObject","inLanguage":"fr-FR","@id":"https:\/\/theo.niranbio.com\/fr\/assaisonnement-en-poudre-de-poulet.html#primaryimage","url":"https:\/\/theo.niranbio.com\/wp-content\/uploads\/2024\/08\/Chicken-Powder.jpg","contentUrl":"https:\/\/theo.niranbio.com\/wp-content\/uploads\/2024\/08\/Chicken-Powder.jpg","width":600,"height":600,"caption":"Chicken Powder"},{"@type":"BreadcrumbList","@id":"https:\/\/theo.niranbio.com\/fr\/assaisonnement-en-poudre-de-poulet.html#breadcrumb","itemListElement":[{"@type":"ListItem","position":1,"name":"Home","item":"https:\/\/theo.niranbio.com\/fr\/"},{"@type":"ListItem","position":2,"name":"Produits","item":"https:\/\/theo.niranbio.com\/fr\/produits.html"},{"@type":"ListItem","position":3,"name":"Exhausteur de Go\u00fbt","item":"https:\/\/theo.niranbio.com\/fr\/produit-exhausteur-de-gout\/"},{"@type":"ListItem","position":4,"name":"Assaisonnement en poudre de poulet"}]},{"@type":"WebSite","@id":"https:\/\/theo.niranbio.com\/fr\/#website","url":"https:\/\/theo.niranbio.com\/fr\/","name":"Niranbio Chemical","description":"","publisher":{"@id":"https:\/\/theo.niranbio.com\/fr\/#organization"},"potentialAction":[{"@type":"SearchAction","target":{"@type":"EntryPoint","urlTemplate":"https:\/\/theo.niranbio.com\/fr\/?s={search_term_string}"},"query-input":{"@type":"PropertyValueSpecification","valueRequired":true,"valueName":"search_term_string"}}],"inLanguage":"fr-FR"},{"@type":"Organization","@id":"https:\/\/theo.niranbio.com\/fr\/#organization","name":"Niranbio Chemical","url":"https:\/\/theo.niranbio.com\/fr\/","logo":{"@type":"ImageObject","inLanguage":"fr-FR","@id":"https:\/\/theo.niranbio.com\/fr\/#\/schema\/logo\/image\/","url":"https:\/\/theo.niranbio.com\/wp-content\/uploads\/2024\/06\/Niranbio.png","contentUrl":"https:\/\/theo.niranbio.com\/wp-content\/uploads\/2024\/06\/Niranbio.png","width":270,"height":100,"caption":"Niranbio Chemical"},"image":{"@id":"https:\/\/theo.niranbio.com\/fr\/#\/schema\/logo\/image\/"}}]}},"_links":{"self":[{"href":"https:\/\/theo.niranbio.com\/fr\/wp-json\/wp\/v2\/product\/11351","targetHints":{"allow":["GET"]}}],"collection":[{"href":"https:\/\/theo.niranbio.com\/fr\/wp-json\/wp\/v2\/product"}],"about":[{"href":"https:\/\/theo.niranbio.com\/fr\/wp-json\/wp\/v2\/types\/product"}],"version-history":[{"count":1,"href":"https:\/\/theo.niranbio.com\/fr\/wp-json\/wp\/v2\/product\/11351\/revisions"}],"predecessor-version":[{"id":13080,"href":"https:\/\/theo.niranbio.com\/fr\/wp-json\/wp\/v2\/product\/11351\/revisions\/13080"}],"wp:featuredmedia":[{"embeddable":true,"href":"https:\/\/theo.niranbio.com\/fr\/wp-json\/wp\/v2\/media\/11340"}],"wp:attachment":[{"href":"https:\/\/theo.niranbio.com\/fr\/wp-json\/wp\/v2\/media?parent=11351"}],"wp:term":[{"taxonomy":"product_brand","embeddable":true,"href":"https:\/\/theo.niranbio.com\/fr\/wp-json\/wp\/v2\/product_brand?post=11351"},{"taxonomy":"product_cat","embeddable":true,"href":"https:\/\/theo.niranbio.com\/fr\/wp-json\/wp\/v2\/product_cat?post=11351"},{"taxonomy":"product_tag","embeddable":true,"href":"https:\/\/theo.niranbio.com\/fr\/wp-json\/wp\/v2\/product_tag?post=11351"}],"curies":[{"name":"wp","href":"https:\/\/api.w.org\/{rel}","templated":true}]}}