{"id":9964,"date":"2024-06-20T10:41:38","date_gmt":"2024-06-20T02:41:38","guid":{"rendered":"https:\/\/theo.niranbio.com\/etil-vainillina\/"},"modified":"2024-08-16T11:00:10","modified_gmt":"2024-08-16T03:00:10","slug":"etil-vainillina","status":"publish","type":"product","link":"https:\/\/theo.niranbio.com\/es\/etil-vainillina.html","title":{"rendered":"Etil vainillina"},"content":{"rendered":"<h2><span class=\"ez-toc-section\" id=\"%C2%BFQue_es_la_etil_vainillina\"><\/span>\u00bfQu\u00e9 es la etil vainillina?<span class=\"ez-toc-section-end\"><\/span><\/h2>\n<p>El agente aromatizante sint\u00e9tico, la etil vainillina, tiene el perfume distintivo de la vainillina y es un polvo cristalino que var\u00eda en color desde el blanco hasta el ligeramente amarillo. Huele a chocolate delicioso. Se usa ampliamente en aromatizantes, cosm\u00e9ticos, aditivos alimentarios, medicamentos y otras industrias porque es esencialmente no t\u00f3xico. Hay tres m\u00e9todos principales para la preparaci\u00f3n de etil vainillina:<\/p>\n<p>1. S\u00edntesis qu\u00edmica: el grupo hidroxilo de la vainillina se convierte en etil vainillina mediante la reacci\u00f3n con etanol o agentes etilantes. En este proceso se utilizan normalmente catalizadores y la regulaci\u00f3n de par\u00e1metros de reacci\u00f3n como la presi\u00f3n y la temperatura. Este m\u00e9todo puede fabricar etil vainillina de forma eficaz y es ideal para la producci\u00f3n a gran escala.<\/p>\n<p>2. M\u00e9todo de extracci\u00f3n natural: primero, la vainillina se extrae de las vainas de vainilla y luego se etiliza. Este m\u00e9todo depende de la calidad y el suministro de materias primas naturales. Este proceso es relativamente complejo y costoso, y se utiliza principalmente en el mercado de alta gama.<\/p>\n<p>3. Bios\u00edntesis: La vainillina o su precursor se convierte en etil vainillina mediante fermentaci\u00f3n microbiana o reacci\u00f3n catalizada por enzimas. Este m\u00e9todo es m\u00e1s respetuoso con el medio ambiente, pero actualmente se utiliza poco en la producci\u00f3n industrial y se utiliza principalmente en la etapa de investigaci\u00f3n y desarrollo.<\/p>\n<h2><span class=\"ez-toc-section\" id=\"Parametros_relacionados\"><\/span>Par\u00e1metros relacionados:<span class=\"ez-toc-section-end\"><\/span><\/h2>\n<table>\n<tbody>\n<tr>\n<td>ART\u00cdCULOS<\/td>\n<td>UNIDAD<\/td>\n<td>EST\u00c1NDAR<\/td>\n<\/tr>\n<tr>\n<td>Ensayo (en base seca)<\/td>\n<td>%<\/td>\n<td>\u226599.90 %<\/td>\n<\/tr>\n<tr>\n<td>Rango de fusi\u00f3n<\/td>\n<td>\u2103<\/td>\n<td>76-78<\/td>\n<\/tr>\n<tr>\n<td>P\u00e9rdida por desecaci\u00f3n<\/td>\n<td>%<\/td>\n<td>\u22640.5<\/td>\n<\/tr>\n<tr>\n<td>Residuo en ignici\u00f3n<\/td>\n<td>%<\/td>\n<td>\u22640.05<\/td>\n<\/tr>\n<tr>\n<td>Metales pesados(Pb)<\/td>\n<td>%<\/td>\n<td>\u22640.001<\/td>\n<\/tr>\n<tr>\n<td>Ars\u00e9nico<\/td>\n<td>%<\/td>\n<td>\u22640.0003<\/td>\n<\/tr>\n<tr>\n<td>Solubilidad<\/td>\n<td>%<\/td>\n<td>1g en 100 ML de agua (50\u2103) o 5 ML de etanol al 95<\/td>\n<\/tr>\n<\/tbody>\n<\/table>\n<h2><span class=\"ez-toc-section\" id=\"Dosis_recomendada\"><\/span>Dosis recomendada:<span class=\"ez-toc-section-end\"><\/span><\/h2>\n<table>\n<tbody>\n<tr>\n<td>Nombre del alimento<\/td>\n<td>Uso m\u00e1ximo(g\/kg)<\/td>\n<\/tr>\n<tr>\n<td>Helado<\/td>\n<td>0,1-0,3 g\/kg<\/td>\n<\/tr>\n<tr>\n<td>Torta<\/td>\n<td>0,05-0,2 g\/kg<\/td>\n<\/tr>\n<tr>\n<td>Chocolate<\/td>\n<td>0,1-0,2 g\/kg<\/td>\n<\/tr>\n<tr>\n<td>Crema<\/td>\n<td>0,1-0,3 g\/kg<\/td>\n<\/tr>\n<tr>\n<td>Caramelo<\/td>\n<td>0,1-0,3 g\/kg<\/td>\n<\/tr>\n<tr>\n<td>Leche aromatizada<\/td>\n<td>0,1-0,2 g\/kg<\/td>\n<\/tr>\n<tr>\n<td>Queso<\/td>\n<td>0,05-0,1 g\/kg<\/td>\n<\/tr>\n<tr>\n<td>Torta<\/td>\n<td>0,05-0,2 g\/kg<\/td>\n<\/tr>\n<tr>\n<td>Gelatina<\/td>\n<td>0,05-0,1 g\/kg<\/td>\n<\/tr>\n<tr>\n<td>Aderezo para ensaladas<\/td>\n<td>0,05-0,1 g\/kg<\/td>\n<\/tr>\n<tr>\n<td>Bebidas de frutas<\/td>\n<td>0,02-0,05 g\/kg<\/td>\n<\/tr>\n<tr>\n<td>Mezcla para hornear<\/td>\n<td>0,05-0,2 g\/kg<\/td>\n<\/tr>\n<tr>\n<td>Salsa<\/td>\n<td>0,05-0,1 g\/kg<\/td>\n<\/tr>\n<tr>\n<td>Alimentos enlatados<\/td>\n<td>0,02-0,05 g\/kg<\/td>\n<\/tr>\n<\/tbody>\n<\/table>\n<h2><span class=\"ez-toc-section\" id=\"La_etil_vainillina_tiene_una_amplia_gama_de_usos\"><\/span>La etil vainillina tiene una amplia gama de usos.<span class=\"ez-toc-section-end\"><\/span><\/h2>\n<p>1. Realza el sabor: la etil vainillina es un potente potenciador del sabor que puede realzar significativamente el sabor a vainilla de los alimentos. Puede producir un fuerte sabor a vainilla en bajas concentraciones y se utiliza ampliamente en postres como helados, galletas y pasteles.<\/p>\n<p>2. Mejora el sabor: puede ajustar y mejorar el sabor de los alimentos, haci\u00e9ndolos m\u00e1s ricos y coordinados. El rico sabor de la etil vainillina puede equilibrar y enmascarar el sabor de otros ingredientes y realzar el sabor general de alimentos como el chocolate, los dulces y la crema.<\/p>\n<p>3. Enmascara los malos olores: la etil vainillina tiene la funci\u00f3n de enmascarar y neutralizar los malos olores en los alimentos. Puede enmascarar eficazmente el olor de las materias primas alimentarias o los malos olores generados durante el procesamiento, y a menudo se utiliza en condimentos y alimentos listos para comer.<\/p>\n<p>4. Proporcionar una experiencia de sabor natural: como un poderoso sustituto de la vainilla, la etil vainillina puede simular el sabor de la vainilla natural y proporcionar una experiencia de sabor cercana a la vainilla natural, que es adecuada para alimentos y bebidas de alta gama.<\/p>\n<p>5. Fuerte estabilidad: tiene una buena estabilidad qu\u00edmica en varios alimentos y bebidas, y puede mantener la estabilidad del sabor durante el almacenamiento a largo plazo, lo que lo hace adecuado para productos con una larga vida \u00fatil, como caf\u00e9 instant\u00e1neo y postres helados.<\/p>\n<h2><span class=\"ez-toc-section\" id=\"Pregunta_formulada_por_un_usuario\"><\/span>Pregunta formulada por un usuario:<span class=\"ez-toc-section-end\"><\/span><\/h2>\n<p>Pregunta: \u00bfQu\u00e9 distingue a la etil vainillina de la vainillina?<\/p>\n<p>Respuesta: La vainillina y la etil vainillina son compuestos con sabor a vainilla, pero difieren en la intensidad del sabor y la aplicaci\u00f3n. La vainillina combina bien con una amplia gama de platos y bebidas y tiene un sutil sabor a vainilla. La etil vainillina tiene un sabor a vainilla m\u00e1s fuerte y es adecuada para productos de alta gama que requieren un fuerte sabor a vainilla, y a menudo se usa para enmascarar el mal sabor de otros ingredientes. La etil vainillina tiene una mayor concentraci\u00f3n de sabor, pero el costo es relativamente alto.<\/p>\n","protected":false},"excerpt":{"rendered":"<ul>\n<li>N\u00famero de serie: 121-32-4<\/li>\n<li>F\u00f3rmula qu\u00edmica: C9H10O3<\/li>\n<li>Certificaci\u00f3n: KOSHER, ISO, HALAL, FSSC22000, BRC, etc.<\/li>\n<li>Cantidad m\u00ednima de pedido: 1000KG<\/li>\n<li>Caducidad: 2 a\u00f1os<\/li>\n<\/ul>\n","protected":false},"featured_media":5916,"template":"","meta":{"site-sidebar-layout":"default","site-content-layout":"","ast-site-content-layout":"default","site-content-style":"default","site-sidebar-style":"default","ast-global-header-display":"","ast-banner-title-visibility":"","ast-main-header-display":"","ast-hfb-above-header-display":"","ast-hfb-below-header-display":"","ast-hfb-mobile-header-display":"","site-post-title":"","ast-breadcrumbs-content":"","ast-featured-img":"","footer-sml-layout":"","theme-transparent-header-meta":"default","adv-header-id-meta":"","stick-header-meta":"","header-above-stick-meta":"","header-main-stick-meta":"","header-below-stick-meta":"","astra-migrate-meta-layouts":"set","ast-page-background-enabled":"default","ast-page-background-meta":{"desktop":{"background-color":"var(--ast-global-color-4)","background-image":"","background-repeat":"repeat","background-position":"center center","background-size":"auto","background-attachment":"scroll","background-type":"","background-media":"","overlay-type":"","overlay-color":"","overlay-opacity":"","overlay-gradient":""},"tablet":{"background-color":"","background-image":"","background-repeat":"repeat","background-position":"center center","background-size":"auto","background-attachment":"scroll","background-type":"","background-media":"","overlay-type":"","overlay-color":"","overlay-opacity":"","overlay-gradient":""},"mobile":{"background-color":"","background-image":"","background-repeat":"repeat","background-position":"center center","background-size":"auto","background-attachment":"scroll","background-type":"","background-media":"","overlay-type":"","overlay-color":"","overlay-opacity":"","overlay-gradient":""}},"ast-content-background-meta":{"desktop":{"background-color":"var(--ast-global-color-5)","background-image":"","background-repeat":"repeat","background-position":"center center","background-size":"auto","background-attachment":"scroll","background-type":"","background-media":"","overlay-type":"","overlay-color":"","overlay-opacity":"","overlay-gradient":""},"tablet":{"background-color":"var(--ast-global-color-5)","background-image":"","background-repeat":"repeat","background-position":"center center","background-size":"auto","background-attachment":"scroll","background-type":"","background-media":"","overlay-type":"","overlay-color":"","overlay-opacity":"","overlay-gradient":""},"mobile":{"background-color":"var(--ast-global-color-5)","background-image":"","background-repeat":"repeat","background-position":"center center","background-size":"auto","background-attachment":"scroll","background-type":"","background-media":"","overlay-type":"","overlay-color":"","overlay-opacity":"","overlay-gradient":""}}},"product_brand":[],"product_cat":[88],"product_tag":[],"class_list":{"0":"post-9964","1":"product","2":"type-product","3":"status-publish","4":"has-post-thumbnail","6":"product_cat-producto-potenciador-del-sabor","7":"desktop-align-center","8":"tablet-align-left","9":"mobile-align-left","11":"first","12":"instock","13":"shipping-taxable","14":"product-type-simple"},"yoast_head":"<!-- This site is optimized with the Yoast SEO plugin v26.5 - https:\/\/yoast.com\/wordpress\/plugins\/seo\/ -->\n<title>Proveedor de Etil Vainillina, Polvo de Etil Vainillina de Calidad Alimentaria| Niranbio Chemical<\/title>\n<meta name=\"description\" content=\"Nuestra etil vainillina (E2216) tiene el perfume distintivo de la vainillina y es un polvo cristalino que var\u00eda en color desde el blanco al ligeramente amarillo, todo a precios competitivos.\" \/>\n<meta name=\"robots\" content=\"noindex, follow, max-snippet:-1, max-image-preview:large, max-video-preview:-1\" \/>\n<meta name=\"twitter:label1\" content=\"Tiempo de lectura\" \/>\n\t<meta name=\"twitter:data1\" content=\"4 minutos\" \/>\n<script type=\"application\/ld+json\" class=\"yoast-schema-graph\">{\"@context\":\"https:\/\/schema.org\",\"@graph\":[{\"@type\":\"WebPage\",\"@id\":\"https:\/\/theo.niranbio.com\/es\/etil-vainillina.html\",\"url\":\"https:\/\/theo.niranbio.com\/es\/etil-vainillina.html\",\"name\":\"Proveedor de Etil Vainillina, Polvo de Etil Vainillina de Calidad Alimentaria| Niranbio Chemical\",\"isPartOf\":{\"@id\":\"https:\/\/theo.niranbio.com\/es\/#website\"},\"primaryImageOfPage\":{\"@id\":\"https:\/\/theo.niranbio.com\/es\/etil-vainillina.html#primaryimage\"},\"image\":{\"@id\":\"https:\/\/theo.niranbio.com\/es\/etil-vainillina.html#primaryimage\"},\"thumbnailUrl\":\"https:\/\/theo.niranbio.com\/wp-content\/uploads\/2024\/06\/Ethyl-Vanillin.webp\",\"datePublished\":\"2024-06-20T02:41:38+00:00\",\"dateModified\":\"2024-08-16T03:00:10+00:00\",\"description\":\"Nuestra etil vainillina (E2216) tiene el perfume distintivo de la vainillina y es un polvo cristalino que var\u00eda en color desde el blanco al ligeramente amarillo, todo a precios competitivos.\",\"breadcrumb\":{\"@id\":\"https:\/\/theo.niranbio.com\/es\/etil-vainillina.html#breadcrumb\"},\"inLanguage\":\"es\",\"potentialAction\":[{\"@type\":\"ReadAction\",\"target\":[\"https:\/\/theo.niranbio.com\/es\/etil-vainillina.html\"]}]},{\"@type\":\"ImageObject\",\"inLanguage\":\"es\",\"@id\":\"https:\/\/theo.niranbio.com\/es\/etil-vainillina.html#primaryimage\",\"url\":\"https:\/\/theo.niranbio.com\/wp-content\/uploads\/2024\/06\/Ethyl-Vanillin.webp\",\"contentUrl\":\"https:\/\/theo.niranbio.com\/wp-content\/uploads\/2024\/06\/Ethyl-Vanillin.webp\",\"width\":600,\"height\":600,\"caption\":\"Etil vainillina\"},{\"@type\":\"BreadcrumbList\",\"@id\":\"https:\/\/theo.niranbio.com\/es\/etil-vainillina.html#breadcrumb\",\"itemListElement\":[{\"@type\":\"ListItem\",\"position\":1,\"name\":\"Home\",\"item\":\"https:\/\/theo.niranbio.com\/es\/\"},{\"@type\":\"ListItem\",\"position\":2,\"name\":\"Productos\",\"item\":\"https:\/\/theo.niranbio.com\/es\/productos.html\"},{\"@type\":\"ListItem\",\"position\":3,\"name\":\"Potenciador del Sabor\",\"item\":\"https:\/\/theo.niranbio.com\/es\/producto-potenciador-del-sabor\/\"},{\"@type\":\"ListItem\",\"position\":4,\"name\":\"Etil vainillina\"}]},{\"@type\":\"WebSite\",\"@id\":\"https:\/\/theo.niranbio.com\/es\/#website\",\"url\":\"https:\/\/theo.niranbio.com\/es\/\",\"name\":\"Niranbio Chemical\",\"description\":\"\",\"publisher\":{\"@id\":\"https:\/\/theo.niranbio.com\/es\/#organization\"},\"potentialAction\":[{\"@type\":\"SearchAction\",\"target\":{\"@type\":\"EntryPoint\",\"urlTemplate\":\"https:\/\/theo.niranbio.com\/es\/?s={search_term_string}\"},\"query-input\":{\"@type\":\"PropertyValueSpecification\",\"valueRequired\":true,\"valueName\":\"search_term_string\"}}],\"inLanguage\":\"es\"},{\"@type\":\"Organization\",\"@id\":\"https:\/\/theo.niranbio.com\/es\/#organization\",\"name\":\"Niranbio Chemical\",\"url\":\"https:\/\/theo.niranbio.com\/es\/\",\"logo\":{\"@type\":\"ImageObject\",\"inLanguage\":\"es\",\"@id\":\"https:\/\/theo.niranbio.com\/es\/#\/schema\/logo\/image\/\",\"url\":\"https:\/\/theo.niranbio.com\/wp-content\/uploads\/2024\/06\/Niranbio.png\",\"contentUrl\":\"https:\/\/theo.niranbio.com\/wp-content\/uploads\/2024\/06\/Niranbio.png\",\"width\":270,\"height\":100,\"caption\":\"Niranbio Chemical\"},\"image\":{\"@id\":\"https:\/\/theo.niranbio.com\/es\/#\/schema\/logo\/image\/\"}}]}<\/script>\n<!-- \/ Yoast SEO plugin. -->","yoast_head_json":{"title":"Proveedor de Etil Vainillina, Polvo de Etil Vainillina de Calidad Alimentaria| Niranbio Chemical","description":"Nuestra etil vainillina (E2216) tiene el perfume distintivo de la vainillina y es un polvo cristalino que var\u00eda en color desde el blanco al ligeramente amarillo, todo a precios competitivos.","robots":{"index":"noindex","follow":"follow","max-snippet":"max-snippet:-1","max-image-preview":"max-image-preview:large","max-video-preview":"max-video-preview:-1"},"twitter_misc":{"Tiempo de lectura":"4 minutos"},"schema":{"@context":"https:\/\/schema.org","@graph":[{"@type":"WebPage","@id":"https:\/\/theo.niranbio.com\/es\/etil-vainillina.html","url":"https:\/\/theo.niranbio.com\/es\/etil-vainillina.html","name":"Proveedor de Etil Vainillina, Polvo de Etil Vainillina de Calidad Alimentaria| Niranbio Chemical","isPartOf":{"@id":"https:\/\/theo.niranbio.com\/es\/#website"},"primaryImageOfPage":{"@id":"https:\/\/theo.niranbio.com\/es\/etil-vainillina.html#primaryimage"},"image":{"@id":"https:\/\/theo.niranbio.com\/es\/etil-vainillina.html#primaryimage"},"thumbnailUrl":"https:\/\/theo.niranbio.com\/wp-content\/uploads\/2024\/06\/Ethyl-Vanillin.webp","datePublished":"2024-06-20T02:41:38+00:00","dateModified":"2024-08-16T03:00:10+00:00","description":"Nuestra etil vainillina (E2216) tiene el perfume distintivo de la vainillina y es un polvo cristalino que var\u00eda en color desde el blanco al ligeramente amarillo, todo a precios competitivos.","breadcrumb":{"@id":"https:\/\/theo.niranbio.com\/es\/etil-vainillina.html#breadcrumb"},"inLanguage":"es","potentialAction":[{"@type":"ReadAction","target":["https:\/\/theo.niranbio.com\/es\/etil-vainillina.html"]}]},{"@type":"ImageObject","inLanguage":"es","@id":"https:\/\/theo.niranbio.com\/es\/etil-vainillina.html#primaryimage","url":"https:\/\/theo.niranbio.com\/wp-content\/uploads\/2024\/06\/Ethyl-Vanillin.webp","contentUrl":"https:\/\/theo.niranbio.com\/wp-content\/uploads\/2024\/06\/Ethyl-Vanillin.webp","width":600,"height":600,"caption":"Etil vainillina"},{"@type":"BreadcrumbList","@id":"https:\/\/theo.niranbio.com\/es\/etil-vainillina.html#breadcrumb","itemListElement":[{"@type":"ListItem","position":1,"name":"Home","item":"https:\/\/theo.niranbio.com\/es\/"},{"@type":"ListItem","position":2,"name":"Productos","item":"https:\/\/theo.niranbio.com\/es\/productos.html"},{"@type":"ListItem","position":3,"name":"Potenciador del Sabor","item":"https:\/\/theo.niranbio.com\/es\/producto-potenciador-del-sabor\/"},{"@type":"ListItem","position":4,"name":"Etil vainillina"}]},{"@type":"WebSite","@id":"https:\/\/theo.niranbio.com\/es\/#website","url":"https:\/\/theo.niranbio.com\/es\/","name":"Niranbio Chemical","description":"","publisher":{"@id":"https:\/\/theo.niranbio.com\/es\/#organization"},"potentialAction":[{"@type":"SearchAction","target":{"@type":"EntryPoint","urlTemplate":"https:\/\/theo.niranbio.com\/es\/?s={search_term_string}"},"query-input":{"@type":"PropertyValueSpecification","valueRequired":true,"valueName":"search_term_string"}}],"inLanguage":"es"},{"@type":"Organization","@id":"https:\/\/theo.niranbio.com\/es\/#organization","name":"Niranbio Chemical","url":"https:\/\/theo.niranbio.com\/es\/","logo":{"@type":"ImageObject","inLanguage":"es","@id":"https:\/\/theo.niranbio.com\/es\/#\/schema\/logo\/image\/","url":"https:\/\/theo.niranbio.com\/wp-content\/uploads\/2024\/06\/Niranbio.png","contentUrl":"https:\/\/theo.niranbio.com\/wp-content\/uploads\/2024\/06\/Niranbio.png","width":270,"height":100,"caption":"Niranbio Chemical"},"image":{"@id":"https:\/\/theo.niranbio.com\/es\/#\/schema\/logo\/image\/"}}]}},"_links":{"self":[{"href":"https:\/\/theo.niranbio.com\/es\/wp-json\/wp\/v2\/product\/9964","targetHints":{"allow":["GET"]}}],"collection":[{"href":"https:\/\/theo.niranbio.com\/es\/wp-json\/wp\/v2\/product"}],"about":[{"href":"https:\/\/theo.niranbio.com\/es\/wp-json\/wp\/v2\/types\/product"}],"version-history":[{"count":0,"href":"https:\/\/theo.niranbio.com\/es\/wp-json\/wp\/v2\/product\/9964\/revisions"}],"wp:featuredmedia":[{"embeddable":true,"href":"https:\/\/theo.niranbio.com\/es\/wp-json\/wp\/v2\/media\/5916"}],"wp:attachment":[{"href":"https:\/\/theo.niranbio.com\/es\/wp-json\/wp\/v2\/media?parent=9964"}],"wp:term":[{"taxonomy":"product_brand","embeddable":true,"href":"https:\/\/theo.niranbio.com\/es\/wp-json\/wp\/v2\/product_brand?post=9964"},{"taxonomy":"product_cat","embeddable":true,"href":"https:\/\/theo.niranbio.com\/es\/wp-json\/wp\/v2\/product_cat?post=9964"},{"taxonomy":"product_tag","embeddable":true,"href":"https:\/\/theo.niranbio.com\/es\/wp-json\/wp\/v2\/product_tag?post=9964"}],"curies":[{"name":"wp","href":"https:\/\/api.w.org\/{rel}","templated":true}]}}