{"id":9963,"date":"2024-06-20T10:42:11","date_gmt":"2024-06-20T02:42:11","guid":{"rendered":"https:\/\/theo.niranbio.com\/vainillina\/"},"modified":"2024-08-16T10:59:11","modified_gmt":"2024-08-16T02:59:11","slug":"vainillina","status":"publish","type":"product","link":"https:\/\/theo.niranbio.com\/es\/vainillina.html","title":{"rendered":"Vainillina"},"content":{"rendered":"<h2><span class=\"ez-toc-section\" id=\"%C2%BFQue_es_la_vainillina\"><\/span>\u00bfQu\u00e9 es la vainillina?<span class=\"ez-toc-section-end\"><\/span><\/h2>\n<p>Una sustancia qu\u00edmica llamada vainillina se extrae de las vainas de vainilla, que pertenecen a la familia de las orqu\u00eddeas. Se presenta como un polvo cristalino o cristales de color blanco a ligeramente amarillo. Su olor es persistente y es dif\u00edcil de volatilizar a altas temperaturas. Tiene el aroma de las vainas de vainilla y un fuerte aroma a leche. Tiene el efecto de realzar y fijar el aroma. Se utiliza ampliamente en tabaco, productos horneados, dulces, cosm\u00e9ticos y pasteles. Hay tres procesos principales de preparaci\u00f3n de la vainillina:<\/p>\n<p>1. M\u00e9todo de s\u00edntesis qu\u00edmica: el fenol y el \u00e1cido p-clorof\u00f3rmico reaccionan bajo la acci\u00f3n de un catalizador para producir vainillina. Este m\u00e9todo generalmente requiere una serie de pasos de reacci\u00f3n qu\u00edmica, como cloraci\u00f3n y reducci\u00f3n. El beneficio principal es la producci\u00f3n comparativamente econ\u00f3mica y a gran escala de vainillina. Es el procedimiento de producci\u00f3n est\u00e1ndar y apropiado para la producci\u00f3n industrial.<\/p>\n<p>2. M\u00e9todo de bios\u00edntesis: las materias primas como la lignina se convierten en vainillina a trav\u00e9s de la fermentaci\u00f3n microbiana o reacciones catalizadas por enzimas. Sin embargo, el costo de producci\u00f3n de este proceso de preparaci\u00f3n es relativamente alto y es adecuado para necesidades respetuosas con el medio ambiente.<\/p>\n<p>3. M\u00e9todo de extracci\u00f3n natural: la vainillina se extrae remojando, extrayendo y concentrando las vainas de vainilla. Este m\u00e9todo depende de la calidad y el suministro de materias primas naturales. Este proceso es adecuado para productos de alta gama, pero es caro y tiene una producci\u00f3n limitada.<\/p>\n<h2><span class=\"ez-toc-section\" id=\"Parametros_relacionados\"><\/span>Par\u00e1metros relacionados:<span class=\"ez-toc-section-end\"><\/span><\/h2>\n<table>\n<tbody>\n<tr>\n<td>Art\u00edculos<\/td>\n<td>Especificaci\u00f3n<\/td>\n<\/tr>\n<tr>\n<td>Olor<\/td>\n<td>Tiene un aroma dulce, a leche y vainilla<\/td>\n<\/tr>\n<tr>\n<td>Ensayo de vainillina, % (en base drida)<\/td>\n<td>\u2265 99.5<\/td>\n<\/tr>\n<tr>\n<td>Intervalo de fusi\u00f3n, \u2103<\/td>\n<td>81.0~83.0<\/td>\n<\/tr>\n<tr>\n<td>Solubilidad (25\u2103)<\/td>\n<td>1g de muestra se disuelve entera, o 3 mL de etanol al 70% 2mL al 95%<\/td>\n<\/tr>\n<tr>\n<td>P\u00e9rdida por desecaci\u00f3n, %.<\/td>\n<td>\u2264 0.5<\/td>\n<\/tr>\n<tr>\n<td>Metal pesado(Pb)<\/td>\n<td>\u226410 mg\/kg<\/td>\n<\/tr>\n<tr>\n<td>Contenido en As<\/td>\n<td>&lt;3 mg\/kg<\/td>\n<\/tr>\n<\/tbody>\n<\/table>\n<h2><span class=\"ez-toc-section\" id=\"Dosis_recomendada\"><\/span>Dosis recomendada:<span class=\"ez-toc-section-end\"><\/span><\/h2>\n<table>\n<tbody>\n<tr>\n<td>Nombre del alimento<\/td>\n<td>Uso m\u00e1ximo(g\/kg)<\/td>\n<\/tr>\n<tr>\n<td>Helado<\/td>\n<td>0,2-0,5 g\/kg<\/td>\n<\/tr>\n<tr>\n<td>Torta<\/td>\n<td>0,1-0,3 g\/kg<\/td>\n<\/tr>\n<tr>\n<td>Chocolate<\/td>\n<td>0,1-0,2 g\/kg<\/td>\n<\/tr>\n<tr>\n<td>Crema<\/td>\n<td>0,1-0,5 g\/kg<\/td>\n<\/tr>\n<tr>\n<td>Caramelo<\/td>\n<td>0,1-0,4 g\/kg<\/td>\n<\/tr>\n<tr>\n<td>Queso<\/td>\n<td>0,05-0,1 g\/kg<\/td>\n<\/tr>\n<tr>\n<td>Gelatina<\/td>\n<td>0,1-0,2 g\/kg<\/td>\n<\/tr>\n<tr>\n<td>Aderezo para ensaladas<\/td>\n<td>0,1-0,2 g\/kg<\/td>\n<\/tr>\n<tr>\n<td>Bebidas de zumo de frutas<\/td>\n<td>0,05-0,1 g\/kg<\/td>\n<\/tr>\n<tr>\n<td>Mezcla para hornear<\/td>\n<td>0,1-0,3 g\/kg<\/td>\n<\/tr>\n<tr>\n<td>Salsa<\/td>\n<td>0,1-0,2 g\/kg<\/td>\n<\/tr>\n<tr>\n<td>Alimentos enlatados<\/td>\n<td>0,05-0,1 g\/kg<\/td>\n<\/tr>\n<tr>\n<td>Bebida de vainilla<\/td>\n<td>0,2-0,4 g\/kg<\/td>\n<\/tr>\n<tr>\n<td>Crema de vainilla<\/td>\n<td>0,2-0,5 g\/kg<\/td>\n<\/tr>\n<\/tbody>\n<\/table>\n<h2><span class=\"ez-toc-section\" id=\"La_vainillina_tiene_una_amplia_gama_de_usos\"><\/span>La vainillina tiene una amplia gama de usos<span class=\"ez-toc-section-end\"><\/span><\/h2>\n<p>1. Realzar el sabor: la vainillina es un potente potenciador del sabor que puede realzar significativamente el sabor a vainilla de los alimentos, d\u00e1ndoles un aroma rico y dulce. Se utiliza com\u00fanmente para potenciar el sabor a vainilla de helados, pasteles y galletas.<\/p>\n<p>2. Ajustar el sabor: la vainillina puede optimizar el sabor de los alimentos, haciendo que su sabor sea m\u00e1s rico y coordinado, especialmente en postres y productos horneados, mejorando la experiencia general del gusto.<\/p>\n<p>3. Enmascarar los malos olores: la vainillina puede enmascarar eficazmente los malos olores o los olores en los alimentos, mejorar las propiedades sensoriales de los alimentos y, a menudo, se utiliza en condimentos y alimentos listos para comer.<\/p>\n<p>4. Proporcionar sabor natural: Como ingrediente principal de la vainilla, la vainillina proporciona un sabor cercano a la vainilla natural, aportando una experiencia de vainilla real a los alimentos y bebidas de alta gama.<\/p>\n<p>5. Mejorar la estabilidad del producto: La vainillina ayuda a mejorar la estabilidad del producto en ciertas f\u00f3rmulas alimenticias, distribuye uniformemente el sabor y extiende la vida \u00fatil de los alimentos.<\/p>\n<p>6. Mejorar la percepci\u00f3n de la dulzura: La vainillina puede mejorar la percepci\u00f3n de la dulzura de los alimentos, haciendo que la dulzura sea m\u00e1s prominente y encantadora, y se usa ampliamente en dulces, postres y bebidas.<\/p>\n<h2><span class=\"ez-toc-section\" id=\"Pregunta_formulada_por_un_usuario\"><\/span>Pregunta formulada por un usuario:<span class=\"ez-toc-section-end\"><\/span><\/h2>\n<p>Pregunta: \u00bfQu\u00e9 diferencia a la vainilla de la vainillina?<\/p>\n<p>Respuesta: La vainillina es el principal componente del sabor de la vainilla y, a menudo, se utiliza para imitar o mejorar el sabor de la vainilla. En comparaci\u00f3n con las vainas de vainilla naturales, la vainillina tiene un costo menor, un proceso de producci\u00f3n m\u00e1s simple y se puede utilizar de manera estable en una variedad de alimentos y bebidas. La ventaja de la vainillina radica en su gran capacidad para realzar el sabor y su bajo costo, lo que la convierte en una opci\u00f3n ideal para la producci\u00f3n y aplicaci\u00f3n a gran escala. Aunque la vainilla natural proporciona un sabor m\u00e1s complejo, la estabilidad y la econom\u00eda de la vainillina hacen que se utilice ampliamente en la industria alimentaria.<\/p>\n","protected":false},"excerpt":{"rendered":"<ul>\n<li>CAS: 121-33-5<\/li>\n<li>F\u00f3rmula qu\u00edmica: C8H8O3<\/li>\n<li>Certificaci\u00f3n: KOSHER, ISO, HALAL, FSSC22000, BRC, etc.<\/li>\n<li>Cantidad m\u00ednima de pedido: 1000KG<\/li>\n<li>Caducidad: 2 a\u00f1os<\/li>\n<\/ul>\n","protected":false},"featured_media":5907,"template":"","meta":{"site-sidebar-layout":"default","site-content-layout":"","ast-site-content-layout":"default","site-content-style":"default","site-sidebar-style":"default","ast-global-header-display":"","ast-banner-title-visibility":"","ast-main-header-display":"","ast-hfb-above-header-display":"","ast-hfb-below-header-display":"","ast-hfb-mobile-header-display":"","site-post-title":"","ast-breadcrumbs-content":"","ast-featured-img":"","footer-sml-layout":"","theme-transparent-header-meta":"default","adv-header-id-meta":"","stick-header-meta":"","header-above-stick-meta":"","header-main-stick-meta":"","header-below-stick-meta":"","astra-migrate-meta-layouts":"set","ast-page-background-enabled":"default","ast-page-background-meta":{"desktop":{"background-color":"var(--ast-global-color-4)","background-image":"","background-repeat":"repeat","background-position":"center center","background-size":"auto","background-attachment":"scroll","background-type":"","background-media":"","overlay-type":"","overlay-color":"","overlay-opacity":"","overlay-gradient":""},"tablet":{"background-color":"","background-image":"","background-repeat":"repeat","background-position":"center center","background-size":"auto","background-attachment":"scroll","background-type":"","background-media":"","overlay-type":"","overlay-color":"","overlay-opacity":"","overlay-gradient":""},"mobile":{"background-color":"","background-image":"","background-repeat":"repeat","background-position":"center center","background-size":"auto","background-attachment":"scroll","background-type":"","background-media":"","overlay-type":"","overlay-color":"","overlay-opacity":"","overlay-gradient":""}},"ast-content-background-meta":{"desktop":{"background-color":"var(--ast-global-color-5)","background-image":"","background-repeat":"repeat","background-position":"center center","background-size":"auto","background-attachment":"scroll","background-type":"","background-media":"","overlay-type":"","overlay-color":"","overlay-opacity":"","overlay-gradient":""},"tablet":{"background-color":"var(--ast-global-color-5)","background-image":"","background-repeat":"repeat","background-position":"center center","background-size":"auto","background-attachment":"scroll","background-type":"","background-media":"","overlay-type":"","overlay-color":"","overlay-opacity":"","overlay-gradient":""},"mobile":{"background-color":"var(--ast-global-color-5)","background-image":"","background-repeat":"repeat","background-position":"center center","background-size":"auto","background-attachment":"scroll","background-type":"","background-media":"","overlay-type":"","overlay-color":"","overlay-opacity":"","overlay-gradient":""}}},"product_brand":[],"product_cat":[88],"product_tag":[],"class_list":{"0":"post-9963","1":"product","2":"type-product","3":"status-publish","4":"has-post-thumbnail","6":"product_cat-producto-potenciador-del-sabor","7":"desktop-align-center","8":"tablet-align-left","9":"mobile-align-left","11":"first","12":"instock","13":"shipping-taxable","14":"product-type-simple"},"yoast_head":"<!-- This site is optimized with the Yoast SEO plugin v26.5 - https:\/\/yoast.com\/wordpress\/plugins\/seo\/ -->\n<title>Proveedor de Vainillina, Vainillina en Polvo de Calidad Alimentaria | Niranbio Chemical<\/title>\n<meta name=\"description\" content=\"Nuestra vainillina se presenta como un polvo cristalino o cristales de color blanco a ligeramente amarillo y se utiliza ampliamente en tabaco, productos horneados, dulces, cosm\u00e9ticos y pasteles.\" \/>\n<meta name=\"robots\" content=\"noindex, follow, max-snippet:-1, max-image-preview:large, max-video-preview:-1\" \/>\n<meta name=\"twitter:label1\" content=\"Tiempo de lectura\" \/>\n\t<meta name=\"twitter:data1\" content=\"4 minutos\" \/>\n<script type=\"application\/ld+json\" class=\"yoast-schema-graph\">{\"@context\":\"https:\/\/schema.org\",\"@graph\":[{\"@type\":\"WebPage\",\"@id\":\"https:\/\/theo.niranbio.com\/es\/vainillina.html\",\"url\":\"https:\/\/theo.niranbio.com\/es\/vainillina.html\",\"name\":\"Proveedor de Vainillina, Vainillina en Polvo de Calidad Alimentaria | Niranbio Chemical\",\"isPartOf\":{\"@id\":\"https:\/\/theo.niranbio.com\/es\/#website\"},\"primaryImageOfPage\":{\"@id\":\"https:\/\/theo.niranbio.com\/es\/vainillina.html#primaryimage\"},\"image\":{\"@id\":\"https:\/\/theo.niranbio.com\/es\/vainillina.html#primaryimage\"},\"thumbnailUrl\":\"https:\/\/theo.niranbio.com\/wp-content\/uploads\/2024\/06\/Vanillin.webp\",\"datePublished\":\"2024-06-20T02:42:11+00:00\",\"dateModified\":\"2024-08-16T02:59:11+00:00\",\"description\":\"Nuestra vainillina se presenta como un polvo cristalino o cristales de color blanco a ligeramente amarillo y se utiliza ampliamente en tabaco, productos horneados, dulces, cosm\u00e9ticos y pasteles.\",\"breadcrumb\":{\"@id\":\"https:\/\/theo.niranbio.com\/es\/vainillina.html#breadcrumb\"},\"inLanguage\":\"es\",\"potentialAction\":[{\"@type\":\"ReadAction\",\"target\":[\"https:\/\/theo.niranbio.com\/es\/vainillina.html\"]}]},{\"@type\":\"ImageObject\",\"inLanguage\":\"es\",\"@id\":\"https:\/\/theo.niranbio.com\/es\/vainillina.html#primaryimage\",\"url\":\"https:\/\/theo.niranbio.com\/wp-content\/uploads\/2024\/06\/Vanillin.webp\",\"contentUrl\":\"https:\/\/theo.niranbio.com\/wp-content\/uploads\/2024\/06\/Vanillin.webp\",\"width\":600,\"height\":600,\"caption\":\"Vanilina\"},{\"@type\":\"BreadcrumbList\",\"@id\":\"https:\/\/theo.niranbio.com\/es\/vainillina.html#breadcrumb\",\"itemListElement\":[{\"@type\":\"ListItem\",\"position\":1,\"name\":\"Home\",\"item\":\"https:\/\/theo.niranbio.com\/es\/\"},{\"@type\":\"ListItem\",\"position\":2,\"name\":\"Productos\",\"item\":\"https:\/\/theo.niranbio.com\/es\/productos.html\"},{\"@type\":\"ListItem\",\"position\":3,\"name\":\"Potenciador del Sabor\",\"item\":\"https:\/\/theo.niranbio.com\/es\/producto-potenciador-del-sabor\/\"},{\"@type\":\"ListItem\",\"position\":4,\"name\":\"Vainillina\"}]},{\"@type\":\"WebSite\",\"@id\":\"https:\/\/theo.niranbio.com\/es\/#website\",\"url\":\"https:\/\/theo.niranbio.com\/es\/\",\"name\":\"Niranbio Chemical\",\"description\":\"\",\"publisher\":{\"@id\":\"https:\/\/theo.niranbio.com\/es\/#organization\"},\"potentialAction\":[{\"@type\":\"SearchAction\",\"target\":{\"@type\":\"EntryPoint\",\"urlTemplate\":\"https:\/\/theo.niranbio.com\/es\/?s={search_term_string}\"},\"query-input\":{\"@type\":\"PropertyValueSpecification\",\"valueRequired\":true,\"valueName\":\"search_term_string\"}}],\"inLanguage\":\"es\"},{\"@type\":\"Organization\",\"@id\":\"https:\/\/theo.niranbio.com\/es\/#organization\",\"name\":\"Niranbio Chemical\",\"url\":\"https:\/\/theo.niranbio.com\/es\/\",\"logo\":{\"@type\":\"ImageObject\",\"inLanguage\":\"es\",\"@id\":\"https:\/\/theo.niranbio.com\/es\/#\/schema\/logo\/image\/\",\"url\":\"https:\/\/theo.niranbio.com\/wp-content\/uploads\/2024\/06\/Niranbio.png\",\"contentUrl\":\"https:\/\/theo.niranbio.com\/wp-content\/uploads\/2024\/06\/Niranbio.png\",\"width\":270,\"height\":100,\"caption\":\"Niranbio Chemical\"},\"image\":{\"@id\":\"https:\/\/theo.niranbio.com\/es\/#\/schema\/logo\/image\/\"}}]}<\/script>\n<!-- \/ Yoast SEO plugin. -->","yoast_head_json":{"title":"Proveedor de Vainillina, Vainillina en Polvo de Calidad Alimentaria | Niranbio Chemical","description":"Nuestra vainillina se presenta como un polvo cristalino o cristales de color blanco a ligeramente amarillo y se utiliza ampliamente en tabaco, productos horneados, dulces, cosm\u00e9ticos y pasteles.","robots":{"index":"noindex","follow":"follow","max-snippet":"max-snippet:-1","max-image-preview":"max-image-preview:large","max-video-preview":"max-video-preview:-1"},"twitter_misc":{"Tiempo de lectura":"4 minutos"},"schema":{"@context":"https:\/\/schema.org","@graph":[{"@type":"WebPage","@id":"https:\/\/theo.niranbio.com\/es\/vainillina.html","url":"https:\/\/theo.niranbio.com\/es\/vainillina.html","name":"Proveedor de Vainillina, Vainillina en Polvo de Calidad Alimentaria | Niranbio Chemical","isPartOf":{"@id":"https:\/\/theo.niranbio.com\/es\/#website"},"primaryImageOfPage":{"@id":"https:\/\/theo.niranbio.com\/es\/vainillina.html#primaryimage"},"image":{"@id":"https:\/\/theo.niranbio.com\/es\/vainillina.html#primaryimage"},"thumbnailUrl":"https:\/\/theo.niranbio.com\/wp-content\/uploads\/2024\/06\/Vanillin.webp","datePublished":"2024-06-20T02:42:11+00:00","dateModified":"2024-08-16T02:59:11+00:00","description":"Nuestra vainillina se presenta como un polvo cristalino o cristales de color blanco a ligeramente amarillo y se utiliza ampliamente en tabaco, productos horneados, dulces, cosm\u00e9ticos y pasteles.","breadcrumb":{"@id":"https:\/\/theo.niranbio.com\/es\/vainillina.html#breadcrumb"},"inLanguage":"es","potentialAction":[{"@type":"ReadAction","target":["https:\/\/theo.niranbio.com\/es\/vainillina.html"]}]},{"@type":"ImageObject","inLanguage":"es","@id":"https:\/\/theo.niranbio.com\/es\/vainillina.html#primaryimage","url":"https:\/\/theo.niranbio.com\/wp-content\/uploads\/2024\/06\/Vanillin.webp","contentUrl":"https:\/\/theo.niranbio.com\/wp-content\/uploads\/2024\/06\/Vanillin.webp","width":600,"height":600,"caption":"Vanilina"},{"@type":"BreadcrumbList","@id":"https:\/\/theo.niranbio.com\/es\/vainillina.html#breadcrumb","itemListElement":[{"@type":"ListItem","position":1,"name":"Home","item":"https:\/\/theo.niranbio.com\/es\/"},{"@type":"ListItem","position":2,"name":"Productos","item":"https:\/\/theo.niranbio.com\/es\/productos.html"},{"@type":"ListItem","position":3,"name":"Potenciador del Sabor","item":"https:\/\/theo.niranbio.com\/es\/producto-potenciador-del-sabor\/"},{"@type":"ListItem","position":4,"name":"Vainillina"}]},{"@type":"WebSite","@id":"https:\/\/theo.niranbio.com\/es\/#website","url":"https:\/\/theo.niranbio.com\/es\/","name":"Niranbio Chemical","description":"","publisher":{"@id":"https:\/\/theo.niranbio.com\/es\/#organization"},"potentialAction":[{"@type":"SearchAction","target":{"@type":"EntryPoint","urlTemplate":"https:\/\/theo.niranbio.com\/es\/?s={search_term_string}"},"query-input":{"@type":"PropertyValueSpecification","valueRequired":true,"valueName":"search_term_string"}}],"inLanguage":"es"},{"@type":"Organization","@id":"https:\/\/theo.niranbio.com\/es\/#organization","name":"Niranbio Chemical","url":"https:\/\/theo.niranbio.com\/es\/","logo":{"@type":"ImageObject","inLanguage":"es","@id":"https:\/\/theo.niranbio.com\/es\/#\/schema\/logo\/image\/","url":"https:\/\/theo.niranbio.com\/wp-content\/uploads\/2024\/06\/Niranbio.png","contentUrl":"https:\/\/theo.niranbio.com\/wp-content\/uploads\/2024\/06\/Niranbio.png","width":270,"height":100,"caption":"Niranbio Chemical"},"image":{"@id":"https:\/\/theo.niranbio.com\/es\/#\/schema\/logo\/image\/"}}]}},"_links":{"self":[{"href":"https:\/\/theo.niranbio.com\/es\/wp-json\/wp\/v2\/product\/9963","targetHints":{"allow":["GET"]}}],"collection":[{"href":"https:\/\/theo.niranbio.com\/es\/wp-json\/wp\/v2\/product"}],"about":[{"href":"https:\/\/theo.niranbio.com\/es\/wp-json\/wp\/v2\/types\/product"}],"version-history":[{"count":0,"href":"https:\/\/theo.niranbio.com\/es\/wp-json\/wp\/v2\/product\/9963\/revisions"}],"wp:featuredmedia":[{"embeddable":true,"href":"https:\/\/theo.niranbio.com\/es\/wp-json\/wp\/v2\/media\/5907"}],"wp:attachment":[{"href":"https:\/\/theo.niranbio.com\/es\/wp-json\/wp\/v2\/media?parent=9963"}],"wp:term":[{"taxonomy":"product_brand","embeddable":true,"href":"https:\/\/theo.niranbio.com\/es\/wp-json\/wp\/v2\/product_brand?post=9963"},{"taxonomy":"product_cat","embeddable":true,"href":"https:\/\/theo.niranbio.com\/es\/wp-json\/wp\/v2\/product_cat?post=9963"},{"taxonomy":"product_tag","embeddable":true,"href":"https:\/\/theo.niranbio.com\/es\/wp-json\/wp\/v2\/product_tag?post=9963"}],"curies":[{"name":"wp","href":"https:\/\/api.w.org\/{rel}","templated":true}]}}