{"id":9948,"date":"2024-06-20T10:37:43","date_gmt":"2024-06-20T02:37:43","guid":{"rendered":"https:\/\/theo.niranbio.com\/cristales-de-mentol\/"},"modified":"2024-08-16T11:02:26","modified_gmt":"2024-08-16T03:02:26","slug":"cristales-de-mentol","status":"publish","type":"product","link":"https:\/\/theo.niranbio.com\/es\/cristales-de-mentol.html","title":{"rendered":"Cristales de mentol"},"content":{"rendered":"<h2><span class=\"ez-toc-section\" id=\"%C2%BFQue_son_los_cristales_de_mentol\"><\/span>\u00bfQu\u00e9 son los cristales de mentol?<span class=\"ez-toc-section-end\"><\/span><\/h2>\n<p>Los cristales de mentol son una sustancia org\u00e1nica con un aroma refrescante a menta. Aparecen como cristales en bloque blancos o incoloros. Son qu\u00edmicamente estables y pueden evaporarse con vapor. Son adecuados para su uso como aromatizantes en productos culinarios como bebidas y caramelos. Hay cuatro procesos de preparaci\u00f3n para los cristales de mentol:<\/p>\n<p>1. Extraer el aceite de menta mediante destilaci\u00f3n al vapor. El aceite de menta extra\u00eddo contiene mentol. Luego, el aceite de menta se refina para eliminar otros componentes y obtener mentol de alta pureza. Sin embargo, este m\u00e9todo tiene una alta tasa de extracci\u00f3n y se usa m\u00e1s com\u00fanmente en China.<\/p>\n<p>2. Enfriar el aceite de menta o agregar un solvente y cristalizar el mentol controlando la temperatura y la elecci\u00f3n del solvente. Los cristales de mentol generalmente se obtienen por filtraci\u00f3n o centrifugaci\u00f3n. Esta t\u00e9cnica produce una sustancia relativamente pura, que encuentra una aplicaci\u00f3n generalizada en China.<\/p>\n<p>3. El mentol se sintetiza mediante una reacci\u00f3n de s\u00edntesis qu\u00edmica utilizando materias primas como el acetato de isoamilo. Este proceso puede controlar la pureza y la calidad del producto, pero el proceso es complicado y el costo de las materias primas y el equipo es alto.<\/p>\n<p>4. Fermentaci\u00f3n utilizando microorganismos espec\u00edficos para producir mentol. Los microorganismos sintetizan mentol en condiciones espec\u00edficas y luego obtienen cristales de mentol mediante pasos de extracci\u00f3n y purificaci\u00f3n. Este proceso es relativamente respetuoso con el medio ambiente, pero requiere un ciclo de fermentaci\u00f3n largo y el control de las condiciones de cultivo microbiano.<\/p>\n<h2><span class=\"ez-toc-section\" id=\"Parametros_relacionados\"><\/span>Par\u00e1metros relacionados:<span class=\"ez-toc-section-end\"><\/span><\/h2>\n<table>\n<tbody>\n<tr>\n<td>ART\u00cdCULO<\/td>\n<td>EST\u00c1NDAR<\/td>\n<\/tr>\n<tr>\n<td width=\"195\">Olor<\/td>\n<td>Menta<\/td>\n<\/tr>\n<tr>\n<td width=\"195\">Punto de fusi\u00f3n (\u2103)<\/td>\n<td>41\u2103\uff5e44\u2103<\/td>\n<\/tr>\n<tr>\n<td width=\"195\">Solubilidad (25\u2103)<\/td>\n<td>Muy soluble en alcohol, aceites vol\u00e1tiles; ligeramente soluble en agua.<br \/>\nUn ml se disuelve en 1 ml de etanol al 95%.<\/td>\n<\/tr>\n<tr>\n<td width=\"195\">Residuo al evaporar<\/td>\n<td>NMT 0,05<\/td>\n<\/tr>\n<tr>\n<td width=\"195\">Rotaci\u00f3n espec\u00edfica (25\u2103)<\/td>\n<td>&#8211; 45\u00b0\uff5e &#8211; 51\u00b0<\/td>\n<\/tr>\n<tr>\n<td width=\"195\">Contenido en As<\/td>\n<td>\u2264 3 ppm<\/td>\n<\/tr>\n<tr>\n<td width=\"195\">Metales pesados<\/td>\n<td>\u2264 10 ppm<\/td>\n<\/tr>\n<tr>\n<td width=\"195\">Pureza cromatogr\u00e1fica<\/td>\n<td>La respuesta del pico debida al mentol no es inferior al 97%.<\/td>\n<\/tr>\n<tr>\n<td width=\"195\">Metales pesados (como PB)<\/td>\n<td>\u2264 10 mg\/ kg<\/td>\n<\/tr>\n<\/tbody>\n<\/table>\n<h2><span class=\"ez-toc-section\" id=\"Dosis_recomendada\"><\/span>Dosis recomendada:<span class=\"ez-toc-section-end\"><\/span><\/h2>\n<table>\n<tbody>\n<tr>\n<td>Nombre del alimento<\/td>\n<td>Uso m\u00e1ximo(g\/kg)<\/td>\n<\/tr>\n<tr>\n<td>Chicle de menta<\/td>\n<td>0,1-0,3 g\/kg<\/td>\n<\/tr>\n<tr>\n<td>Caramelo de menta<\/td>\n<td>0,2-0,5 g\/kg<\/td>\n<\/tr>\n<tr>\n<td>Chocolate con menta<\/td>\n<td>0,1-0,3 g\/kg<\/td>\n<\/tr>\n<tr>\n<td>Batido de menta<\/td>\n<td>0,1-0,2 g\/kg<\/td>\n<\/tr>\n<tr>\n<td>Aroma de menta<\/td>\n<td>0,05-0,1 g\/kg<\/td>\n<\/tr>\n<tr>\n<td>Mezcla aromatizante de menta<\/td>\n<td>0,2-0,5 g\/kg<\/td>\n<\/tr>\n<tr>\n<td>Aroma de menta<\/td>\n<td>0,1-0,2 g\/kg<\/td>\n<\/tr>\n<tr>\n<td>Bebida de zumo de menta<\/td>\n<td>0,05-0,1 g\/kg<\/td>\n<\/tr>\n<tr>\n<td>Postre helado de menta<\/td>\n<td>0,1-0,2 g\/kg<\/td>\n<\/tr>\n<\/tbody>\n<\/table>\n<h2><span class=\"ez-toc-section\" id=\"Los_cristales_de_mentol_tienen_una_amplia_gama_de_usos\"><\/span>Los cristales de mentol tienen una amplia gama de usos<span class=\"ez-toc-section-end\"><\/span><\/h2>\n<p>1. Proporcionar un refrescante sabor a menta: los cristales de mentol tienen un fuerte sabor refrescante a menta, que puede mejorar significativamente el sabor a menta en alimentos y bebidas, haci\u00e9ndolos tener un sabor m\u00e1s refrescante y refrescante.<\/p>\n<p>2. Mejorar el sabor de los alimentos: el efecto refrescante del mentol puede mejorar el sabor de los alimentos, haciendo que el producto se sienta m\u00e1s refrescante y c\u00f3modo en la boca.<\/p>\n<p>3. Enmascarar los malos olores: la fragancia del mentol puede enmascarar eficazmente los malos olores u otros sabores indeseables en los alimentos, mejorando as\u00ed el sabor del producto. Esto lo convierte en una opci\u00f3n ideal para enmascarar olores en condimentos, alimentos listos para comer y ciertos alimentos procesados.<\/p>\n<p>4. Mejora la sensaci\u00f3n refrescante: el mentol tiene un efecto refrescante significativo y puede proporcionar una sensaci\u00f3n refrescante natural similar a las hojas de menta en los alimentos. Esta propiedad hace que se use ampliamente en chicles, helados y postres helados para mejorar la sensaci\u00f3n refrescante.<\/p>\n<p>5. Como agente saborizante y aromatizante: el mentol se usa como agente saborizante y aromatizante, y su fuerte sabor a menta puede mejorar y ajustar eficazmente el sabor de los alimentos.<\/p>\n<p>6. Mejora la vida \u00fatil: el mentol posee algunas cualidades antibacterianas que pueden ayudar a prolongar el almacenamiento de alimentos y prevenir el crecimiento de microbios espec\u00edficos.<\/p>\n<h2><span class=\"ez-toc-section\" id=\"Pregunta_formulada_por_un_usuario\"><\/span>Pregunta formulada por un usuario:<span class=\"ez-toc-section-end\"><\/span><\/h2>\n<p>Pregunta: \u00bfQu\u00e9 efectos tienen los cristales de mentol en el cuerpo?<\/p>\n<p>Respuesta: 1. Sensaci\u00f3n refrescante: el mentol tiene una sensaci\u00f3n refrescante significativa que puede estimular los receptores de temperatura en la boca, proporcionando una experiencia fresca y c\u00f3moda. La ingesta moderada puede mejorar el sabor y el gusto de los alimentos.<\/p>\n<p>2. Favorecer la digesti\u00f3n: el mentol puede ayudar a promover la digesti\u00f3n en cantidades moderadas y ayudar a aliviar el malestar estomacal. Su sensaci\u00f3n refrescante tambi\u00e9n puede proporcionar alivio para algunos problemas digestivos.<\/p>\n<p>3. Efecto antibacteriano: debido a sus cualidades antibacterianas espec\u00edficas, el mentol puede ayudar a promover una buena higiene bucal al prevenir el crecimiento de bacterias en la boca.<\/p>\n","protected":false},"excerpt":{"rendered":"<ul>\n<li>CAS: 2216-51-5<\/li>\n<li>F\u00f3rmula qu\u00edmica: \uff2310\uff2820\uff2f<\/li>\n<li>Certificaci\u00f3n: KOSHER, ISO, HALAL, FSSC22000, BRC, etc.<\/li>\n<li>Normativa: FCC VI<\/li>\n<li>Cantidad m\u00ednima de pedido: 1000KG<\/li>\n<li>Caducidad: 2 a\u00f1os<\/li>\n<\/ul>\n","protected":false},"featured_media":5920,"template":"","meta":{"site-sidebar-layout":"default","site-content-layout":"","ast-site-content-layout":"default","site-content-style":"default","site-sidebar-style":"default","ast-global-header-display":"","ast-banner-title-visibility":"","ast-main-header-display":"","ast-hfb-above-header-display":"","ast-hfb-below-header-display":"","ast-hfb-mobile-header-display":"","site-post-title":"","ast-breadcrumbs-content":"","ast-featured-img":"","footer-sml-layout":"","theme-transparent-header-meta":"default","adv-header-id-meta":"","stick-header-meta":"","header-above-stick-meta":"","header-main-stick-meta":"","header-below-stick-meta":"","astra-migrate-meta-layouts":"set","ast-page-background-enabled":"default","ast-page-background-meta":{"desktop":{"background-color":"var(--ast-global-color-4)","background-image":"","background-repeat":"repeat","background-position":"center center","background-size":"auto","background-attachment":"scroll","background-type":"","background-media":"","overlay-type":"","overlay-color":"","overlay-opacity":"","overlay-gradient":""},"tablet":{"background-color":"","background-image":"","background-repeat":"repeat","background-position":"center center","background-size":"auto","background-attachment":"scroll","background-type":"","background-media":"","overlay-type":"","overlay-color":"","overlay-opacity":"","overlay-gradient":""},"mobile":{"background-color":"","background-image":"","background-repeat":"repeat","background-position":"center center","background-size":"auto","background-attachment":"scroll","background-type":"","background-media":"","overlay-type":"","overlay-color":"","overlay-opacity":"","overlay-gradient":""}},"ast-content-background-meta":{"desktop":{"background-color":"var(--ast-global-color-5)","background-image":"","background-repeat":"repeat","background-position":"center center","background-size":"auto","background-attachment":"scroll","background-type":"","background-media":"","overlay-type":"","overlay-color":"","overlay-opacity":"","overlay-gradient":""},"tablet":{"background-color":"var(--ast-global-color-5)","background-image":"","background-repeat":"repeat","background-position":"center center","background-size":"auto","background-attachment":"scroll","background-type":"","background-media":"","overlay-type":"","overlay-color":"","overlay-opacity":"","overlay-gradient":""},"mobile":{"background-color":"var(--ast-global-color-5)","background-image":"","background-repeat":"repeat","background-position":"center center","background-size":"auto","background-attachment":"scroll","background-type":"","background-media":"","overlay-type":"","overlay-color":"","overlay-opacity":"","overlay-gradient":""}}},"product_brand":[],"product_cat":[88],"product_tag":[],"class_list":{"0":"post-9948","1":"product","2":"type-product","3":"status-publish","4":"has-post-thumbnail","6":"product_cat-producto-potenciador-del-sabor","7":"desktop-align-center","8":"tablet-align-left","9":"mobile-align-left","11":"first","12":"instock","13":"shipping-taxable","14":"product-type-simple"},"yoast_head":"<!-- This site is optimized with the Yoast SEO plugin v26.5 - https:\/\/yoast.com\/wordpress\/plugins\/seo\/ -->\n<title>Proveedor de Mentol Cristalizado, Venta al por Mayor de Cristales de Mentol | Niranbio Chemical<\/title>\n<meta name=\"description\" content=\"Nuestros cristales de mentol se presentan como cristales en bloque blancos o incoloros y son adecuados para su uso como saborizantes en productos culinarios como bebidas y dulces.\" \/>\n<meta name=\"robots\" content=\"noindex, follow, max-snippet:-1, max-image-preview:large, max-video-preview:-1\" \/>\n<meta name=\"twitter:label1\" content=\"Tiempo de lectura\" \/>\n\t<meta name=\"twitter:data1\" content=\"4 minutos\" \/>\n<script type=\"application\/ld+json\" class=\"yoast-schema-graph\">{\"@context\":\"https:\/\/schema.org\",\"@graph\":[{\"@type\":\"WebPage\",\"@id\":\"https:\/\/theo.niranbio.com\/es\/cristales-de-mentol.html\",\"url\":\"https:\/\/theo.niranbio.com\/es\/cristales-de-mentol.html\",\"name\":\"Proveedor de Mentol Cristalizado, Venta al por Mayor de Cristales de Mentol | Niranbio Chemical\",\"isPartOf\":{\"@id\":\"https:\/\/theo.niranbio.com\/es\/#website\"},\"primaryImageOfPage\":{\"@id\":\"https:\/\/theo.niranbio.com\/es\/cristales-de-mentol.html#primaryimage\"},\"image\":{\"@id\":\"https:\/\/theo.niranbio.com\/es\/cristales-de-mentol.html#primaryimage\"},\"thumbnailUrl\":\"https:\/\/theo.niranbio.com\/wp-content\/uploads\/2024\/06\/Menthol-Crystals.webp\",\"datePublished\":\"2024-06-20T02:37:43+00:00\",\"dateModified\":\"2024-08-16T03:02:26+00:00\",\"description\":\"Nuestros cristales de mentol se presentan como cristales en bloque blancos o incoloros y son adecuados para su uso como saborizantes en productos culinarios como bebidas y dulces.\",\"breadcrumb\":{\"@id\":\"https:\/\/theo.niranbio.com\/es\/cristales-de-mentol.html#breadcrumb\"},\"inLanguage\":\"es\",\"potentialAction\":[{\"@type\":\"ReadAction\",\"target\":[\"https:\/\/theo.niranbio.com\/es\/cristales-de-mentol.html\"]}]},{\"@type\":\"ImageObject\",\"inLanguage\":\"es\",\"@id\":\"https:\/\/theo.niranbio.com\/es\/cristales-de-mentol.html#primaryimage\",\"url\":\"https:\/\/theo.niranbio.com\/wp-content\/uploads\/2024\/06\/Menthol-Crystals.webp\",\"contentUrl\":\"https:\/\/theo.niranbio.com\/wp-content\/uploads\/2024\/06\/Menthol-Crystals.webp\",\"width\":800,\"height\":800,\"caption\":\"Cristales de mentol\"},{\"@type\":\"BreadcrumbList\",\"@id\":\"https:\/\/theo.niranbio.com\/es\/cristales-de-mentol.html#breadcrumb\",\"itemListElement\":[{\"@type\":\"ListItem\",\"position\":1,\"name\":\"Home\",\"item\":\"https:\/\/theo.niranbio.com\/es\/\"},{\"@type\":\"ListItem\",\"position\":2,\"name\":\"Productos\",\"item\":\"https:\/\/theo.niranbio.com\/es\/productos.html\"},{\"@type\":\"ListItem\",\"position\":3,\"name\":\"Potenciador del Sabor\",\"item\":\"https:\/\/theo.niranbio.com\/es\/producto-potenciador-del-sabor\/\"},{\"@type\":\"ListItem\",\"position\":4,\"name\":\"Cristales de mentol\"}]},{\"@type\":\"WebSite\",\"@id\":\"https:\/\/theo.niranbio.com\/es\/#website\",\"url\":\"https:\/\/theo.niranbio.com\/es\/\",\"name\":\"Niranbio Chemical\",\"description\":\"\",\"publisher\":{\"@id\":\"https:\/\/theo.niranbio.com\/es\/#organization\"},\"potentialAction\":[{\"@type\":\"SearchAction\",\"target\":{\"@type\":\"EntryPoint\",\"urlTemplate\":\"https:\/\/theo.niranbio.com\/es\/?s={search_term_string}\"},\"query-input\":{\"@type\":\"PropertyValueSpecification\",\"valueRequired\":true,\"valueName\":\"search_term_string\"}}],\"inLanguage\":\"es\"},{\"@type\":\"Organization\",\"@id\":\"https:\/\/theo.niranbio.com\/es\/#organization\",\"name\":\"Niranbio Chemical\",\"url\":\"https:\/\/theo.niranbio.com\/es\/\",\"logo\":{\"@type\":\"ImageObject\",\"inLanguage\":\"es\",\"@id\":\"https:\/\/theo.niranbio.com\/es\/#\/schema\/logo\/image\/\",\"url\":\"https:\/\/theo.niranbio.com\/wp-content\/uploads\/2024\/06\/Niranbio.png\",\"contentUrl\":\"https:\/\/theo.niranbio.com\/wp-content\/uploads\/2024\/06\/Niranbio.png\",\"width\":270,\"height\":100,\"caption\":\"Niranbio Chemical\"},\"image\":{\"@id\":\"https:\/\/theo.niranbio.com\/es\/#\/schema\/logo\/image\/\"}}]}<\/script>\n<!-- \/ Yoast SEO plugin. -->","yoast_head_json":{"title":"Proveedor de Mentol Cristalizado, Venta al por Mayor de Cristales de Mentol | Niranbio Chemical","description":"Nuestros cristales de mentol se presentan como cristales en bloque blancos o incoloros y son adecuados para su uso como saborizantes en productos culinarios como bebidas y dulces.","robots":{"index":"noindex","follow":"follow","max-snippet":"max-snippet:-1","max-image-preview":"max-image-preview:large","max-video-preview":"max-video-preview:-1"},"twitter_misc":{"Tiempo de lectura":"4 minutos"},"schema":{"@context":"https:\/\/schema.org","@graph":[{"@type":"WebPage","@id":"https:\/\/theo.niranbio.com\/es\/cristales-de-mentol.html","url":"https:\/\/theo.niranbio.com\/es\/cristales-de-mentol.html","name":"Proveedor de Mentol Cristalizado, Venta al por Mayor de Cristales de Mentol | Niranbio Chemical","isPartOf":{"@id":"https:\/\/theo.niranbio.com\/es\/#website"},"primaryImageOfPage":{"@id":"https:\/\/theo.niranbio.com\/es\/cristales-de-mentol.html#primaryimage"},"image":{"@id":"https:\/\/theo.niranbio.com\/es\/cristales-de-mentol.html#primaryimage"},"thumbnailUrl":"https:\/\/theo.niranbio.com\/wp-content\/uploads\/2024\/06\/Menthol-Crystals.webp","datePublished":"2024-06-20T02:37:43+00:00","dateModified":"2024-08-16T03:02:26+00:00","description":"Nuestros cristales de mentol se presentan como cristales en bloque blancos o incoloros y son adecuados para su uso como saborizantes en productos culinarios como bebidas y dulces.","breadcrumb":{"@id":"https:\/\/theo.niranbio.com\/es\/cristales-de-mentol.html#breadcrumb"},"inLanguage":"es","potentialAction":[{"@type":"ReadAction","target":["https:\/\/theo.niranbio.com\/es\/cristales-de-mentol.html"]}]},{"@type":"ImageObject","inLanguage":"es","@id":"https:\/\/theo.niranbio.com\/es\/cristales-de-mentol.html#primaryimage","url":"https:\/\/theo.niranbio.com\/wp-content\/uploads\/2024\/06\/Menthol-Crystals.webp","contentUrl":"https:\/\/theo.niranbio.com\/wp-content\/uploads\/2024\/06\/Menthol-Crystals.webp","width":800,"height":800,"caption":"Cristales de mentol"},{"@type":"BreadcrumbList","@id":"https:\/\/theo.niranbio.com\/es\/cristales-de-mentol.html#breadcrumb","itemListElement":[{"@type":"ListItem","position":1,"name":"Home","item":"https:\/\/theo.niranbio.com\/es\/"},{"@type":"ListItem","position":2,"name":"Productos","item":"https:\/\/theo.niranbio.com\/es\/productos.html"},{"@type":"ListItem","position":3,"name":"Potenciador del Sabor","item":"https:\/\/theo.niranbio.com\/es\/producto-potenciador-del-sabor\/"},{"@type":"ListItem","position":4,"name":"Cristales de mentol"}]},{"@type":"WebSite","@id":"https:\/\/theo.niranbio.com\/es\/#website","url":"https:\/\/theo.niranbio.com\/es\/","name":"Niranbio Chemical","description":"","publisher":{"@id":"https:\/\/theo.niranbio.com\/es\/#organization"},"potentialAction":[{"@type":"SearchAction","target":{"@type":"EntryPoint","urlTemplate":"https:\/\/theo.niranbio.com\/es\/?s={search_term_string}"},"query-input":{"@type":"PropertyValueSpecification","valueRequired":true,"valueName":"search_term_string"}}],"inLanguage":"es"},{"@type":"Organization","@id":"https:\/\/theo.niranbio.com\/es\/#organization","name":"Niranbio Chemical","url":"https:\/\/theo.niranbio.com\/es\/","logo":{"@type":"ImageObject","inLanguage":"es","@id":"https:\/\/theo.niranbio.com\/es\/#\/schema\/logo\/image\/","url":"https:\/\/theo.niranbio.com\/wp-content\/uploads\/2024\/06\/Niranbio.png","contentUrl":"https:\/\/theo.niranbio.com\/wp-content\/uploads\/2024\/06\/Niranbio.png","width":270,"height":100,"caption":"Niranbio Chemical"},"image":{"@id":"https:\/\/theo.niranbio.com\/es\/#\/schema\/logo\/image\/"}}]}},"_links":{"self":[{"href":"https:\/\/theo.niranbio.com\/es\/wp-json\/wp\/v2\/product\/9948","targetHints":{"allow":["GET"]}}],"collection":[{"href":"https:\/\/theo.niranbio.com\/es\/wp-json\/wp\/v2\/product"}],"about":[{"href":"https:\/\/theo.niranbio.com\/es\/wp-json\/wp\/v2\/types\/product"}],"version-history":[{"count":0,"href":"https:\/\/theo.niranbio.com\/es\/wp-json\/wp\/v2\/product\/9948\/revisions"}],"wp:featuredmedia":[{"embeddable":true,"href":"https:\/\/theo.niranbio.com\/es\/wp-json\/wp\/v2\/media\/5920"}],"wp:attachment":[{"href":"https:\/\/theo.niranbio.com\/es\/wp-json\/wp\/v2\/media?parent=9948"}],"wp:term":[{"taxonomy":"product_brand","embeddable":true,"href":"https:\/\/theo.niranbio.com\/es\/wp-json\/wp\/v2\/product_brand?post=9948"},{"taxonomy":"product_cat","embeddable":true,"href":"https:\/\/theo.niranbio.com\/es\/wp-json\/wp\/v2\/product_cat?post=9948"},{"taxonomy":"product_tag","embeddable":true,"href":"https:\/\/theo.niranbio.com\/es\/wp-json\/wp\/v2\/product_tag?post=9948"}],"curies":[{"name":"wp","href":"https:\/\/api.w.org\/{rel}","templated":true}]}}