{"id":9947,"date":"2024-06-20T10:43:11","date_gmt":"2024-06-20T02:43:11","guid":{"rendered":"https:\/\/theo.niranbio.com\/glutamato-monosodico\/"},"modified":"2024-08-16T10:57:21","modified_gmt":"2024-08-16T02:57:21","slug":"glutamato-monosodico","status":"publish","type":"product","link":"https:\/\/theo.niranbio.com\/es\/glutamato-monosodico.html","title":{"rendered":"Glutamato monos\u00f3dico"},"content":{"rendered":"<h2><span class=\"ez-toc-section\" id=\"%C2%BFQue_es_el_glutamato_monosodico\"><\/span>\u00bfQu\u00e9 es el glutamato monos\u00f3dico?<span class=\"ez-toc-section-end\"><\/span><\/h2>\n<p>El glutamato monos\u00f3dico es un aromatizante con umami que se disuelve f\u00e1cilmente en agua. Sus principales materias primas son prote\u00ednas como el gluten de trigo. Tiene un aspecto cristalino blanco o incoloro y se utiliza ampliamente en hogares, catering, procesamiento de alimentos, etc. La preparaci\u00f3n del glutamato monos\u00f3dico se basa principalmente en la fermentaci\u00f3n microbiana. Este proceso utiliza Corynebacterium glutamicum para convertir la fuente de carbono en almid\u00f3n o melaza en \u00e1cido L-glut\u00e1mico, que es eficiente, econ\u00f3mico y ecol\u00f3gico.<\/p>\n<p>El proceso de fermentaci\u00f3n se lleva a cabo a una temperatura y un valor de pH controlados, y luego el \u00e1cido L-glut\u00e1mico se convierte en glutamato de sodio a trav\u00e9s de una reacci\u00f3n de precipitaci\u00f3n y neutralizaci\u00f3n \u00e1cida, y finalmente se obtiene el glutamato monos\u00f3dico terminado despu\u00e9s de la cristalizaci\u00f3n y el secado. Aunque la s\u00edntesis qu\u00edmica y los m\u00e9todos enzim\u00e1ticos tambi\u00e9n se pueden utilizar para preparar glutamato monos\u00f3dico, su aplicaci\u00f3n en China es mucho menos popular que la de la fermentaci\u00f3n microbiana. La s\u00edntesis qu\u00edmica genera glutamato de sodio a trav\u00e9s de reacciones qu\u00edmicas y es adecuada para algunos escenarios espec\u00edficos, mientras que los m\u00e9todos enzim\u00e1ticos se utilizan principalmente para la investigaci\u00f3n de laboratorio o la producci\u00f3n a peque\u00f1a escala. En general, la fermentaci\u00f3n microbiana se ha convertido en el proceso principal para la producci\u00f3n dom\u00e9stica de glutamato monos\u00f3dico debido a su alta eficiencia, bajo costo y entorno de producci\u00f3n amigable.<\/p>\n<h2><span class=\"ez-toc-section\" id=\"Parametros_relacionados\"><\/span>Par\u00e1metros relacionados:<span class=\"ez-toc-section-end\"><\/span><\/h2>\n<table>\n<tbody>\n<tr>\n<td>ART\u00cdCULOS<\/td>\n<td>EST\u00c1NDAR<\/td>\n<\/tr>\n<tr>\n<td>Ensayo<\/td>\n<td>99,0% min<\/td>\n<\/tr>\n<tr>\n<td>PH (soluci\u00f3n al 5%)<\/td>\n<td>6.7-7.2<\/td>\n<\/tr>\n<tr>\n<td>Contenido de sodio<\/td>\n<td>12,30% m\u00e1x.<\/td>\n<\/tr>\n<tr>\n<td>Transmitancia<\/td>\n<td>98,0% min<\/td>\n<\/tr>\n<tr>\n<td>Rotaci\u00f3n espec\u00edfica [\u03b1]D20\u2103<\/td>\n<td>+24.90- +25.30<\/td>\n<\/tr>\n<tr>\n<td>P\u00e9rdida en seco<\/td>\n<td>0,5% m\u00e1x.<\/td>\n<\/tr>\n<tr>\n<td>Metales pesados<\/td>\n<td>10 ppm m\u00e1x.<\/td>\n<\/tr>\n<tr>\n<td>Ars\u00e9nico (As2SO3)<\/td>\n<td>0,5 ppm m\u00e1x.<\/td>\n<\/tr>\n<tr>\n<td>Hierro<\/td>\n<td>5 ppm m\u00e1x.<\/td>\n<\/tr>\n<tr>\n<td>Cloruro<\/td>\n<td>0,1% m\u00e1x.<\/td>\n<\/tr>\n<tr>\n<td>\u00c1cido pirrolidoncarbox\u00edlico<\/td>\n<td>0,2 % m\u00e1x.<\/td>\n<\/tr>\n<tr>\n<td>Plomo (Pb)<\/td>\n<td>1 ppm m\u00e1x.<\/td>\n<\/tr>\n<tr>\n<td>Sulfato<\/td>\n<td>0,05% m\u00e1x.<\/td>\n<\/tr>\n<tr>\n<td colspan=\"2\">Norma microbiol\u00f3gica<\/td>\n<\/tr>\n<tr>\n<td>Recuento total de placas<\/td>\n<td>M\u00e1x.1000 ufc\/g<\/td>\n<\/tr>\n<tr>\n<td>Recuento de mohos<\/td>\n<td>M\u00e1x.100 ufc\/g<\/td>\n<\/tr>\n<tr>\n<td>Recuento de levaduras<\/td>\n<td>M\u00e1x.100 ufc\/g<\/td>\n<\/tr>\n<tr>\n<td>Coliformes<\/td>\n<td>M\u00e1x.<br \/>\n3\/g<\/td>\n<\/tr>\n<tr>\n<td>Salmonella<\/td>\n<td>Negativo en 25g<\/td>\n<\/tr>\n<tr>\n<td>Enterobacteriaceae<\/td>\n<td>M\u00e1x.<br \/>\n10 ufc\/g<\/td>\n<\/tr>\n<tr>\n<td>Bacterias pat\u00f3genas<\/td>\n<td>Ausente<\/td>\n<\/tr>\n<tr>\n<td>E. Coli<\/td>\n<td>Negativo en 25 g<\/td>\n<\/tr>\n<\/tbody>\n<\/table>\n<h2><span class=\"ez-toc-section\" id=\"Dosis_recomendada\"><\/span>Dosis recomendada:<span class=\"ez-toc-section-end\"><\/span><\/h2>\n<table>\n<tbody>\n<tr>\n<td>Nombre del alimento<\/td>\n<td>Uso m\u00e1ximo(g\/kg)<\/td>\n<\/tr>\n<tr>\n<td>Alimentos enlatados<\/td>\n<td>1,0-2,0 g\/kg<\/td>\n<\/tr>\n<tr>\n<td>Salsa sazonadora<\/td>\n<td>5,0-10,0 g\/kg<\/td>\n<\/tr>\n<tr>\n<td>Productos c\u00e1rnicos (como salchichas, jam\u00f3n)<\/td>\n<td>2,0-5,0 g\/kg<\/td>\n<\/tr>\n<tr>\n<td>Aderezo para ensaladas<\/td>\n<td>3,0-5,0 g\/kg<\/td>\n<\/tr>\n<tr>\n<td>Condimento<\/td>\n<td>5,0-10,0 g\/kg<\/td>\n<\/tr>\n<tr>\n<td>Comida inflada<\/td>\n<td>2,0-4,0 g\/kg<\/td>\n<\/tr>\n<tr>\n<td>Adobo para carne<\/td>\n<td>4,0-6,0 g\/kg<\/td>\n<\/tr>\n<tr>\n<td>Caramelo<\/td>\n<td>0,5-1,0 g\/kg<\/td>\n<\/tr>\n<tr>\n<td>Panader\u00eda<\/td>\n<td>1,0-3,0 g\/kg<\/td>\n<\/tr>\n<tr>\n<td>Salsa de soja<\/td>\n<td>1,0-3,0 g\/kg<\/td>\n<\/tr>\n<tr>\n<td>Bebidas de zumo de frutas<\/td>\n<td>0,5-1,0 g\/kg<\/td>\n<\/tr>\n<tr>\n<td>Cerveza<\/td>\n<td>0,5-1,0 g\/kg<\/td>\n<\/tr>\n<tr>\n<td>Chocolate<\/td>\n<td>0,5-1,0 g\/kg<\/td>\n<\/tr>\n<tr>\n<td>Productos de queso<\/td>\n<td>1,0-2,0 g\/kg<\/td>\n<\/tr>\n<\/tbody>\n<\/table>\n<h2><span class=\"ez-toc-section\" id=\"El_glutamato_monosodico_tiene_una_amplia_gama_de_usos\"><\/span>El glutamato monos\u00f3dico tiene una amplia gama de usos<span class=\"ez-toc-section-end\"><\/span><\/h2>\n<p>1. Mejorar el sabor: El glutamato monos\u00f3dico es un potenciador del sabor eficaz que puede mejorar significativamente el sabor umami de los alimentos, especialmente al realzar los sabores salados y carnosos. Se usa ampliamente en sopas, salsas, alimentos enlatados y fideos instant\u00e1neos para ayudar a mejorar el sabor general de los alimentos.<\/p>\n<p>2. Mejorar el sabor: el glutamato monos\u00f3dico no solo mejora el sabor de los alimentos, sino que tambi\u00e9n mejora el sabor, haciendo que los alimentos tengan un sabor m\u00e1s rico y armonioso. Equilibra el sabor de otros condimentos para mejorar la experiencia sensorial general y se usa ampliamente en alimentos procesados, congelados y en restaurantes.<\/p>\n<p>3. Reducir el uso de sal de sodio: al mejorar el sabor umami de los alimentos, el glutamato monos\u00f3dico puede reducir la demanda de sal, reduciendo as\u00ed el uso de sal de sodio. Esta caracter\u00edstica lo hace particularmente importante en alimentos bajos en sodio o sal para ayudar a controlar la ingesta de sodio mientras se mantiene el sabor de los alimentos.<\/p>\n<p>4. Ajustar el equilibrio del sabor: el glutamato monos\u00f3dico puede funcionar sin\u00e9rgicamente con otros condimentos (como la sal y el az\u00facar) para ajustar el equilibrio del sabor de los alimentos y hacer que el sabor de los alimentos sea m\u00e1s completo. Se utiliza en salsas, productos c\u00e1rnicos y comida r\u00e1pida para asegurar la consistencia y coordinaci\u00f3n del sabor de los alimentos.<\/p>\n<p>5. Mejorar el umami: El glutamato monos\u00f3dico mejora significativamente el sabor umami de los alimentos al aumentar el contenido de glutamato en los alimentos, haci\u00e9ndolos saber m\u00e1s deliciosos. Se encuentra com\u00fanmente en sopas, comidas preparadas, condimentos y alimentos inflados para realzar el sabor umami de los alimentos.<\/p>\n<p>6. Mejorar el aroma: El glutamato monos\u00f3dico puede mejorar el aroma de los alimentos, haci\u00e9ndolos emitir un olor m\u00e1s atractivo, mejorando as\u00ed el apetito general. Se agrega a productos horneados, alimentos enlatados y condimentos para mejorar las caracter\u00edsticas arom\u00e1ticas y el atractivo de los alimentos.<\/p>\n<h2><span class=\"ez-toc-section\" id=\"Pregunta_formulada_por_un_usuario\"><\/span>Pregunta formulada por un usuario:<span class=\"ez-toc-section-end\"><\/span><\/h2>\n<p>Pregunta: \u00bfQu\u00e9 sucede si consumo demasiado glutamato monos\u00f3dico?<\/p>\n<p>Respuesta: La ingesta excesiva de glutamato monos\u00f3dico puede provocar algunas molestias, como el \u00abs\u00edndrome del restaurante chino\u00bb, que incluyen s\u00edntomas como dolor de cabeza, enrojecimiento facial, sudoraci\u00f3n, etc. Adem\u00e1s, las dosis altas de glutamato monos\u00f3dico pueden provocar molestias gastrointestinales como hinchaz\u00f3n y dolor de est\u00f3mago. Aunque la mayor\u00eda de las personas pueden consumir glutamato monos\u00f3dico con moderaci\u00f3n, las personas sensibles o aquellas con ciertas enfermedades cr\u00f3nicas deben controlar cuidadosamente su consumo para evitar posibles riesgos para la salud.<\/p>\n","protected":false},"excerpt":{"rendered":"<ul>\n<li>CAS: 142-47-2<\/li>\n<li>F\u00f3rmula qu\u00edmica: C5H8NNaO4<\/li>\n<li>Certificaci\u00f3n: KOSHER, ISO, HALAL, FSSC22000, BRC, etc.<\/li>\n<li>Cantidad m\u00ednima de pedido: 1000KG<\/li>\n<li>Caducidad: 2 a\u00f1os<\/li>\n<\/ul>\n","protected":false},"featured_media":5901,"template":"","meta":{"site-sidebar-layout":"default","site-content-layout":"","ast-site-content-layout":"default","site-content-style":"default","site-sidebar-style":"default","ast-global-header-display":"","ast-banner-title-visibility":"","ast-main-header-display":"","ast-hfb-above-header-display":"","ast-hfb-below-header-display":"","ast-hfb-mobile-header-display":"","site-post-title":"","ast-breadcrumbs-content":"","ast-featured-img":"","footer-sml-layout":"","theme-transparent-header-meta":"default","adv-header-id-meta":"","stick-header-meta":"","header-above-stick-meta":"","header-main-stick-meta":"","header-below-stick-meta":"","astra-migrate-meta-layouts":"set","ast-page-background-enabled":"default","ast-page-background-meta":{"desktop":{"background-color":"var(--ast-global-color-4)","background-image":"","background-repeat":"repeat","background-position":"center center","background-size":"auto","background-attachment":"scroll","background-type":"","background-media":"","overlay-type":"","overlay-color":"","overlay-opacity":"","overlay-gradient":""},"tablet":{"background-color":"","background-image":"","background-repeat":"repeat","background-position":"center center","background-size":"auto","background-attachment":"scroll","background-type":"","background-media":"","overlay-type":"","overlay-color":"","overlay-opacity":"","overlay-gradient":""},"mobile":{"background-color":"","background-image":"","background-repeat":"repeat","background-position":"center center","background-size":"auto","background-attachment":"scroll","background-type":"","background-media":"","overlay-type":"","overlay-color":"","overlay-opacity":"","overlay-gradient":""}},"ast-content-background-meta":{"desktop":{"background-color":"var(--ast-global-color-5)","background-image":"","background-repeat":"repeat","background-position":"center center","background-size":"auto","background-attachment":"scroll","background-type":"","background-media":"","overlay-type":"","overlay-color":"","overlay-opacity":"","overlay-gradient":""},"tablet":{"background-color":"var(--ast-global-color-5)","background-image":"","background-repeat":"repeat","background-position":"center center","background-size":"auto","background-attachment":"scroll","background-type":"","background-media":"","overlay-type":"","overlay-color":"","overlay-opacity":"","overlay-gradient":""},"mobile":{"background-color":"var(--ast-global-color-5)","background-image":"","background-repeat":"repeat","background-position":"center center","background-size":"auto","background-attachment":"scroll","background-type":"","background-media":"","overlay-type":"","overlay-color":"","overlay-opacity":"","overlay-gradient":""}}},"product_brand":[],"product_cat":[88],"product_tag":[],"class_list":{"0":"post-9947","1":"product","2":"type-product","3":"status-publish","4":"has-post-thumbnail","6":"product_cat-producto-potenciador-del-sabor","7":"desktop-align-center","8":"tablet-align-left","9":"mobile-align-left","11":"first","12":"instock","13":"shipping-taxable","14":"product-type-simple"},"yoast_head":"<!-- This site is optimized with the Yoast SEO plugin v26.5 - https:\/\/yoast.com\/wordpress\/plugins\/seo\/ -->\n<title>Proveedor de Glutamato Monos\u00f3dico, Comprar Aditivo E621 A Precio Econ\u00f3mico | Niranbio Chemical<\/title>\n<meta name=\"description\" content=\"Nuestro glutamato monos\u00f3dico en polvo E621 tiene un aspecto cristalino blanco o incoloro y se utiliza ampliamente en hogares, catering, procesamiento de alimentos, etc.\" \/>\n<meta name=\"robots\" content=\"noindex, follow, max-snippet:-1, max-image-preview:large, max-video-preview:-1\" \/>\n<meta name=\"twitter:label1\" content=\"Tiempo de lectura\" \/>\n\t<meta name=\"twitter:data1\" content=\"4 minutos\" \/>\n<script type=\"application\/ld+json\" class=\"yoast-schema-graph\">{\"@context\":\"https:\/\/schema.org\",\"@graph\":[{\"@type\":\"WebPage\",\"@id\":\"https:\/\/theo.niranbio.com\/es\/glutamato-monosodico.html\",\"url\":\"https:\/\/theo.niranbio.com\/es\/glutamato-monosodico.html\",\"name\":\"Proveedor de Glutamato Monos\u00f3dico, Comprar Aditivo E621 A Precio Econ\u00f3mico | Niranbio Chemical\",\"isPartOf\":{\"@id\":\"https:\/\/theo.niranbio.com\/es\/#website\"},\"primaryImageOfPage\":{\"@id\":\"https:\/\/theo.niranbio.com\/es\/glutamato-monosodico.html#primaryimage\"},\"image\":{\"@id\":\"https:\/\/theo.niranbio.com\/es\/glutamato-monosodico.html#primaryimage\"},\"thumbnailUrl\":\"https:\/\/theo.niranbio.com\/wp-content\/uploads\/2024\/06\/Monosodium-Glutamate.webp\",\"datePublished\":\"2024-06-20T02:43:11+00:00\",\"dateModified\":\"2024-08-16T02:57:21+00:00\",\"description\":\"Nuestro glutamato monos\u00f3dico en polvo E621 tiene un aspecto cristalino blanco o incoloro y se utiliza ampliamente en hogares, catering, procesamiento de alimentos, etc.\",\"breadcrumb\":{\"@id\":\"https:\/\/theo.niranbio.com\/es\/glutamato-monosodico.html#breadcrumb\"},\"inLanguage\":\"es\",\"potentialAction\":[{\"@type\":\"ReadAction\",\"target\":[\"https:\/\/theo.niranbio.com\/es\/glutamato-monosodico.html\"]}]},{\"@type\":\"ImageObject\",\"inLanguage\":\"es\",\"@id\":\"https:\/\/theo.niranbio.com\/es\/glutamato-monosodico.html#primaryimage\",\"url\":\"https:\/\/theo.niranbio.com\/wp-content\/uploads\/2024\/06\/Monosodium-Glutamate.webp\",\"contentUrl\":\"https:\/\/theo.niranbio.com\/wp-content\/uploads\/2024\/06\/Monosodium-Glutamate.webp\",\"width\":600,\"height\":600,\"caption\":\"Glutamato monos\u00f3dico\"},{\"@type\":\"BreadcrumbList\",\"@id\":\"https:\/\/theo.niranbio.com\/es\/glutamato-monosodico.html#breadcrumb\",\"itemListElement\":[{\"@type\":\"ListItem\",\"position\":1,\"name\":\"Home\",\"item\":\"https:\/\/theo.niranbio.com\/es\/\"},{\"@type\":\"ListItem\",\"position\":2,\"name\":\"Productos\",\"item\":\"https:\/\/theo.niranbio.com\/es\/productos.html\"},{\"@type\":\"ListItem\",\"position\":3,\"name\":\"Potenciador del Sabor\",\"item\":\"https:\/\/theo.niranbio.com\/es\/producto-potenciador-del-sabor\/\"},{\"@type\":\"ListItem\",\"position\":4,\"name\":\"Glutamato monos\u00f3dico\"}]},{\"@type\":\"WebSite\",\"@id\":\"https:\/\/theo.niranbio.com\/es\/#website\",\"url\":\"https:\/\/theo.niranbio.com\/es\/\",\"name\":\"Niranbio Chemical\",\"description\":\"\",\"publisher\":{\"@id\":\"https:\/\/theo.niranbio.com\/es\/#organization\"},\"potentialAction\":[{\"@type\":\"SearchAction\",\"target\":{\"@type\":\"EntryPoint\",\"urlTemplate\":\"https:\/\/theo.niranbio.com\/es\/?s={search_term_string}\"},\"query-input\":{\"@type\":\"PropertyValueSpecification\",\"valueRequired\":true,\"valueName\":\"search_term_string\"}}],\"inLanguage\":\"es\"},{\"@type\":\"Organization\",\"@id\":\"https:\/\/theo.niranbio.com\/es\/#organization\",\"name\":\"Niranbio Chemical\",\"url\":\"https:\/\/theo.niranbio.com\/es\/\",\"logo\":{\"@type\":\"ImageObject\",\"inLanguage\":\"es\",\"@id\":\"https:\/\/theo.niranbio.com\/es\/#\/schema\/logo\/image\/\",\"url\":\"https:\/\/theo.niranbio.com\/wp-content\/uploads\/2024\/06\/Niranbio.png\",\"contentUrl\":\"https:\/\/theo.niranbio.com\/wp-content\/uploads\/2024\/06\/Niranbio.png\",\"width\":270,\"height\":100,\"caption\":\"Niranbio Chemical\"},\"image\":{\"@id\":\"https:\/\/theo.niranbio.com\/es\/#\/schema\/logo\/image\/\"}}]}<\/script>\n<!-- \/ Yoast SEO plugin. -->","yoast_head_json":{"title":"Proveedor de Glutamato Monos\u00f3dico, Comprar Aditivo E621 A Precio Econ\u00f3mico | Niranbio Chemical","description":"Nuestro glutamato monos\u00f3dico en polvo E621 tiene un aspecto cristalino blanco o incoloro y se utiliza ampliamente en hogares, catering, procesamiento de alimentos, etc.","robots":{"index":"noindex","follow":"follow","max-snippet":"max-snippet:-1","max-image-preview":"max-image-preview:large","max-video-preview":"max-video-preview:-1"},"twitter_misc":{"Tiempo de lectura":"4 minutos"},"schema":{"@context":"https:\/\/schema.org","@graph":[{"@type":"WebPage","@id":"https:\/\/theo.niranbio.com\/es\/glutamato-monosodico.html","url":"https:\/\/theo.niranbio.com\/es\/glutamato-monosodico.html","name":"Proveedor de Glutamato Monos\u00f3dico, Comprar Aditivo E621 A Precio Econ\u00f3mico | Niranbio Chemical","isPartOf":{"@id":"https:\/\/theo.niranbio.com\/es\/#website"},"primaryImageOfPage":{"@id":"https:\/\/theo.niranbio.com\/es\/glutamato-monosodico.html#primaryimage"},"image":{"@id":"https:\/\/theo.niranbio.com\/es\/glutamato-monosodico.html#primaryimage"},"thumbnailUrl":"https:\/\/theo.niranbio.com\/wp-content\/uploads\/2024\/06\/Monosodium-Glutamate.webp","datePublished":"2024-06-20T02:43:11+00:00","dateModified":"2024-08-16T02:57:21+00:00","description":"Nuestro glutamato monos\u00f3dico en polvo E621 tiene un aspecto cristalino blanco o incoloro y se utiliza ampliamente en hogares, catering, procesamiento de alimentos, etc.","breadcrumb":{"@id":"https:\/\/theo.niranbio.com\/es\/glutamato-monosodico.html#breadcrumb"},"inLanguage":"es","potentialAction":[{"@type":"ReadAction","target":["https:\/\/theo.niranbio.com\/es\/glutamato-monosodico.html"]}]},{"@type":"ImageObject","inLanguage":"es","@id":"https:\/\/theo.niranbio.com\/es\/glutamato-monosodico.html#primaryimage","url":"https:\/\/theo.niranbio.com\/wp-content\/uploads\/2024\/06\/Monosodium-Glutamate.webp","contentUrl":"https:\/\/theo.niranbio.com\/wp-content\/uploads\/2024\/06\/Monosodium-Glutamate.webp","width":600,"height":600,"caption":"Glutamato monos\u00f3dico"},{"@type":"BreadcrumbList","@id":"https:\/\/theo.niranbio.com\/es\/glutamato-monosodico.html#breadcrumb","itemListElement":[{"@type":"ListItem","position":1,"name":"Home","item":"https:\/\/theo.niranbio.com\/es\/"},{"@type":"ListItem","position":2,"name":"Productos","item":"https:\/\/theo.niranbio.com\/es\/productos.html"},{"@type":"ListItem","position":3,"name":"Potenciador del Sabor","item":"https:\/\/theo.niranbio.com\/es\/producto-potenciador-del-sabor\/"},{"@type":"ListItem","position":4,"name":"Glutamato monos\u00f3dico"}]},{"@type":"WebSite","@id":"https:\/\/theo.niranbio.com\/es\/#website","url":"https:\/\/theo.niranbio.com\/es\/","name":"Niranbio Chemical","description":"","publisher":{"@id":"https:\/\/theo.niranbio.com\/es\/#organization"},"potentialAction":[{"@type":"SearchAction","target":{"@type":"EntryPoint","urlTemplate":"https:\/\/theo.niranbio.com\/es\/?s={search_term_string}"},"query-input":{"@type":"PropertyValueSpecification","valueRequired":true,"valueName":"search_term_string"}}],"inLanguage":"es"},{"@type":"Organization","@id":"https:\/\/theo.niranbio.com\/es\/#organization","name":"Niranbio Chemical","url":"https:\/\/theo.niranbio.com\/es\/","logo":{"@type":"ImageObject","inLanguage":"es","@id":"https:\/\/theo.niranbio.com\/es\/#\/schema\/logo\/image\/","url":"https:\/\/theo.niranbio.com\/wp-content\/uploads\/2024\/06\/Niranbio.png","contentUrl":"https:\/\/theo.niranbio.com\/wp-content\/uploads\/2024\/06\/Niranbio.png","width":270,"height":100,"caption":"Niranbio Chemical"},"image":{"@id":"https:\/\/theo.niranbio.com\/es\/#\/schema\/logo\/image\/"}}]}},"_links":{"self":[{"href":"https:\/\/theo.niranbio.com\/es\/wp-json\/wp\/v2\/product\/9947","targetHints":{"allow":["GET"]}}],"collection":[{"href":"https:\/\/theo.niranbio.com\/es\/wp-json\/wp\/v2\/product"}],"about":[{"href":"https:\/\/theo.niranbio.com\/es\/wp-json\/wp\/v2\/types\/product"}],"version-history":[{"count":0,"href":"https:\/\/theo.niranbio.com\/es\/wp-json\/wp\/v2\/product\/9947\/revisions"}],"wp:featuredmedia":[{"embeddable":true,"href":"https:\/\/theo.niranbio.com\/es\/wp-json\/wp\/v2\/media\/5901"}],"wp:attachment":[{"href":"https:\/\/theo.niranbio.com\/es\/wp-json\/wp\/v2\/media?parent=9947"}],"wp:term":[{"taxonomy":"product_brand","embeddable":true,"href":"https:\/\/theo.niranbio.com\/es\/wp-json\/wp\/v2\/product_brand?post=9947"},{"taxonomy":"product_cat","embeddable":true,"href":"https:\/\/theo.niranbio.com\/es\/wp-json\/wp\/v2\/product_cat?post=9947"},{"taxonomy":"product_tag","embeddable":true,"href":"https:\/\/theo.niranbio.com\/es\/wp-json\/wp\/v2\/product_tag?post=9947"}],"curies":[{"name":"wp","href":"https:\/\/api.w.org\/{rel}","templated":true}]}}