{"id":9929,"date":"2024-06-20T10:43:46","date_gmt":"2024-06-20T02:43:46","guid":{"rendered":"https:\/\/theo.niranbio.com\/jengibre-en-polvo\/"},"modified":"2024-08-16T10:46:24","modified_gmt":"2024-08-16T02:46:24","slug":"jengibre-en-polvo","status":"publish","type":"product","link":"https:\/\/theo.niranbio.com\/es\/jengibre-en-polvo.html","title":{"rendered":"Jengibre en polvo"},"content":{"rendered":"<h2><span class=\"ez-toc-section\" id=\"%C2%BFQue_es_el_jengibre_en_polvo\"><\/span>\u00bfQu\u00e9 es el jengibre en polvo?<span class=\"ez-toc-section-end\"><\/span><\/h2>\n<p>El material principal del jengibre en polvo es el jengibre, que tiene la apariencia de un polvo amarillo. Sus principales funciones son calentar, excitar, hacer sudar, detener los v\u00f3mitos, desintoxicar, calentar los pulmones y detener la tos, etc. Es especialmente adecuado para el resfriado ex\u00f3geno, el dolor de cabeza, la flema, la tos, el resfriado de est\u00f3mago y los v\u00f3mitos, etc., y se usa ampliamente en la industria alimentaria.<\/p>\n<p>La fabricaci\u00f3n de jengibre en polvo generalmente selecciona jengibre de alta calidad como materia prima y pasa por pasos como lavado, pelado, rebanado, secado, triturado y tamizado. La producci\u00f3n moderna generalmente utiliza una secadora para secar para garantizar que el contenido de humedad de las rodajas de jengibre caiga por debajo del 10%, y luego lo muele hasta convertirlo en polvo fino a trav\u00e9s de un molinillo y controla la finura a trav\u00e9s de tamices de diferentes mallas. Finalmente, el jengibre en polvo se envasa y se almacena en un lugar seco y fresco para mantener su calidad y aroma.<\/p>\n<h2><span class=\"ez-toc-section\" id=\"Parametros_relacionados\"><\/span>Par\u00e1metros relacionados:<span class=\"ez-toc-section-end\"><\/span><\/h2>\n<table>\n<tbody>\n<tr>\n<td>ART\u00cdCULOS<\/td>\n<td>EST\u00c1NDAR<\/td>\n<\/tr>\n<tr>\n<td>Especificaciones disponibles<\/td>\n<td>5-10%<\/td>\n<\/tr>\n<tr>\n<td>Tama\u00f1o de las part\u00edculas<\/td>\n<td>100% hasta malla 80<\/td>\n<\/tr>\n<tr>\n<td>P\u00e9rdida por secado<\/td>\n<td>&lt; 5.0%<\/td>\n<\/tr>\n<tr>\n<td>Metales pesados<\/td>\n<td>&lt; 20 ppm<\/td>\n<\/tr>\n<tr>\n<td>Ars\u00e9nico(As)<\/td>\n<td>&lt; 2 ppm<\/td>\n<\/tr>\n<tr>\n<td>Plomo(Pb)<\/td>\n<td>&lt; 2 ppm<\/td>\n<\/tr>\n<tr>\n<td>Gingeroles por HPLC<\/td>\n<td>&gt; 5.0%<\/td>\n<\/tr>\n<tr>\n<td>Recuento total de placas<\/td>\n<td>&lt; 1.000 ufc\/g<\/td>\n<\/tr>\n<tr>\n<td>Levaduras y mohos<\/td>\n<td>&lt; 100 ufc\/g<\/td>\n<\/tr>\n<tr>\n<td>E.Coli.<\/td>\n<td>Negativo<\/td>\n<\/tr>\n<tr>\n<td>Salmonella<\/td>\n<td>Negativo<\/td>\n<\/tr>\n<\/tbody>\n<\/table>\n<h2><span class=\"ez-toc-section\" id=\"Dosis_recomendada\"><\/span>Dosis recomendada:<span class=\"ez-toc-section-end\"><\/span><\/h2>\n<table>\n<tbody>\n<tr>\n<td>Nombre del alimento<\/td>\n<td>Uso m\u00e1ximo(g\/kg)<\/td>\n<\/tr>\n<tr>\n<td>Condimentos (como jengibre y ajo en polvo, sal sazonadora)<\/td>\n<td>0,5-2,0 g\/kg<\/td>\n<\/tr>\n<tr>\n<td>Sopas instant\u00e1neas (como sopa de pollo, sopa de ternera)<\/td>\n<td>0,2-1,0 g\/kg<\/td>\n<\/tr>\n<tr>\n<td>Bebidas (como bebida de jengibre, bebidas funcionales)<\/td>\n<td>0,1-0,5 g\/kg<\/td>\n<\/tr>\n<tr>\n<td>Productos de panader\u00eda (como pan de especias, pasteles)<\/td>\n<td>0,5-1,0 g\/kg<\/td>\n<\/tr>\n<tr>\n<td>Caramelos (como caramelos de jengibre, caramelos blandos con sabor a jengibre)<\/td>\n<td>1,0-2,0 g\/kg<\/td>\n<\/tr>\n<tr>\n<td>Curry en polvo (como condimento de curry en polvo)<\/td>\n<td>1,0-3,0 g\/kg<\/td>\n<\/tr>\n<tr>\n<td>Alimentos encurtidos (como jengibre encurtido, verduras encurtidas)<\/td>\n<td>1,0-2,0 g\/kg<\/td>\n<\/tr>\n<tr>\n<td>Productos c\u00e1rnicos (como salchichas, jam\u00f3n)<\/td>\n<td>0,5-1,5 g\/kg<\/td>\n<\/tr>\n<tr>\n<td>Salsas (como salsa de soja y jengibre, salsa de jengibre y ajo)<\/td>\n<td>0,5-1,0 g\/kg<\/td>\n<\/tr>\n<tr>\n<td>Salsa sazonadora (como la salsa sazonadora de jengibre y ajo)<\/td>\n<td>0,5-1,0 g\/kg<\/td>\n<\/tr>\n<tr>\n<td>Marinado de carne (como la carne marinada con jengibre)<\/td>\n<td>0,5-1,0 g\/kg<\/td>\n<\/tr>\n<tr>\n<td>Aderezo para ensaladas (como el aderezo de jengibre para ensaladas)<\/td>\n<td>0,5-1,0 g\/kg<\/td>\n<\/tr>\n<\/tbody>\n<\/table>\n<h2><span class=\"ez-toc-section\" id=\"El_polvo_de_jengibre_tiene_una_amplia_gama_de_usos\"><\/span>El polvo de jengibre tiene una amplia gama de usos<span class=\"ez-toc-section-end\"><\/span><\/h2>\n<p>1. Efecto antioxidante: Los antioxidantes que se encuentran en el jengibre en polvo pueden contrarrestar los radicales libres y disminuir el da\u00f1o que el estr\u00e9s oxidativo causa al cuerpo. La ingesta regular de alimentos que contienen jengibre en polvo puede fortalecer el sistema inmunol\u00f3gico y ayudar a combatir el envejecimiento y algunas enfermedades cr\u00f3nicas.<\/p>\n<p>2. Efecto antiinflamatorio: Los ingredientes activos del jengibre en polvo, como el gingerol, tienen importantes efectos antiinflamatorios. Estos ingredientes pueden ayudar a reducir la inflamaci\u00f3n y el dolor, especialmente en casos de artritis y lesiones deportivas, y desempe\u00f1an un papel protector en la salud humana.<\/p>\n<p>3. Promueve la digesti\u00f3n: el jengibre en polvo puede promover la secreci\u00f3n de jugo g\u00e1strico y enzimas digestivas, ayudar a acelerar la digesti\u00f3n de los alimentos y la absorci\u00f3n de nutrientes. Tambi\u00e9n puede aliviar las molestias gastrointestinales, reducir s\u00edntomas como hinchaz\u00f3n, n\u00e1useas e indigesti\u00f3n, y suele utilizarse para preparar t\u00e9s digestivos y bebidas funcionales.<\/p>\n<p>4. Antibacteriano y antis\u00e9ptico: el jengibre en polvo tiene propiedades antibacterianas naturales y puede inhibir el crecimiento de muchos pat\u00f3genos, extendiendo as\u00ed la vida \u00fatil de los alimentos. Para mantener la seguridad y frescura de los alimentos, se utiliza ampliamente en el procesamiento y conservaci\u00f3n de alimentos.<\/p>\n<p>5. Regular el az\u00facar en la sangre: los estudios demuestran que el jengibre en polvo puede ayudar a los diab\u00e9ticos a controlar sus niveles de az\u00facar en la sangre y es muy beneficioso. El jengibre en polvo puede ayudar a los diab\u00e9ticos a controlar sus niveles de az\u00facar en sangre y su salud general al mejorar la sensibilidad a la insulina y minimizar las fluctuaciones de az\u00facar en sangre.<\/p>\n<p>6. Aliviar las n\u00e1useas: El jengibre en polvo es particularmente \u00fatil para reducir las n\u00e1useas y los v\u00f3mitos durante el embarazo y despu\u00e9s de la quimioterapia. Sus efectos suaves lo convierten en una soluci\u00f3n natural que a menudo se agrega a alimentos y bebidas saludables para mujeres embarazadas y pacientes con c\u00e1ncer.<\/p>\n<h2><span class=\"ez-toc-section\" id=\"Pregunta_formulada_por_un_usuario\"><\/span>Pregunta formulada por un usuario:<span class=\"ez-toc-section-end\"><\/span><\/h2>\n<p>Pregunta: \u00bfEl jengibre en polvo es la misma sustancia que el jengibre?<\/p>\n<p>Respuesta: Tanto el jengibre en polvo como el jengibre se elaboran a partir de la misma planta, el jengibre, pero difieren en forma y ciertas propiedades. El jengibre en polvo se elabora secando y triturando el jengibre, que es f\u00e1cil de almacenar y usar, y tiene un sabor y aroma m\u00e1s concentrados. El jengibre es fresco, contiene m\u00e1s agua, conserva m\u00e1s sabor natural e ingredientes activos, y a menudo se usa en la cocina para proporcionar un aroma \u00fanico y un sabor picante. Use jengibre o jengibre en polvo, seg\u00fan sus necesidades particulares.<\/p>\n","protected":false},"excerpt":{"rendered":"<ul>\n<li>CAS: 23513-14-6<\/li>\n<li>F\u00f3rmula qu\u00edmica: C17H26O4<\/li>\n<li>Certificaci\u00f3n: KOSHER, ISO, HALAL, FSSC22000, BRC, etc.<\/li>\n<li>Cantidad m\u00ednima de pedido: 1000KG<\/li>\n<li>Caducidad: 2 a\u00f1os<\/li>\n<\/ul>\n","protected":false},"featured_media":5893,"template":"","meta":{"site-sidebar-layout":"default","site-content-layout":"","ast-site-content-layout":"default","site-content-style":"default","site-sidebar-style":"default","ast-global-header-display":"","ast-banner-title-visibility":"","ast-main-header-display":"","ast-hfb-above-header-display":"","ast-hfb-below-header-display":"","ast-hfb-mobile-header-display":"","site-post-title":"","ast-breadcrumbs-content":"","ast-featured-img":"","footer-sml-layout":"","theme-transparent-header-meta":"default","adv-header-id-meta":"","stick-header-meta":"","header-above-stick-meta":"","header-main-stick-meta":"","header-below-stick-meta":"","astra-migrate-meta-layouts":"set","ast-page-background-enabled":"default","ast-page-background-meta":{"desktop":{"background-color":"var(--ast-global-color-4)","background-image":"","background-repeat":"repeat","background-position":"center center","background-size":"auto","background-attachment":"scroll","background-type":"","background-media":"","overlay-type":"","overlay-color":"","overlay-opacity":"","overlay-gradient":""},"tablet":{"background-color":"","background-image":"","background-repeat":"repeat","background-position":"center center","background-size":"auto","background-attachment":"scroll","background-type":"","background-media":"","overlay-type":"","overlay-color":"","overlay-opacity":"","overlay-gradient":""},"mobile":{"background-color":"","background-image":"","background-repeat":"repeat","background-position":"center center","background-size":"auto","background-attachment":"scroll","background-type":"","background-media":"","overlay-type":"","overlay-color":"","overlay-opacity":"","overlay-gradient":""}},"ast-content-background-meta":{"desktop":{"background-color":"var(--ast-global-color-5)","background-image":"","background-repeat":"repeat","background-position":"center center","background-size":"auto","background-attachment":"scroll","background-type":"","background-media":"","overlay-type":"","overlay-color":"","overlay-opacity":"","overlay-gradient":""},"tablet":{"background-color":"var(--ast-global-color-5)","background-image":"","background-repeat":"repeat","background-position":"center center","background-size":"auto","background-attachment":"scroll","background-type":"","background-media":"","overlay-type":"","overlay-color":"","overlay-opacity":"","overlay-gradient":""},"mobile":{"background-color":"var(--ast-global-color-5)","background-image":"","background-repeat":"repeat","background-position":"center center","background-size":"auto","background-attachment":"scroll","background-type":"","background-media":"","overlay-type":"","overlay-color":"","overlay-opacity":"","overlay-gradient":""}}},"product_brand":[],"product_cat":[88],"product_tag":[],"class_list":{"0":"post-9929","1":"product","2":"type-product","3":"status-publish","4":"has-post-thumbnail","6":"product_cat-producto-potenciador-del-sabor","7":"desktop-align-center","8":"tablet-align-left","9":"mobile-align-left","11":"first","12":"instock","13":"shipping-taxable","14":"product-type-simple"},"yoast_head":"<!-- This site is optimized with the Yoast SEO plugin v26.5 - https:\/\/yoast.com\/wordpress\/plugins\/seo\/ -->\n<title>Jengibre en Polvo, Comprar Jengibre en Polvo A Precio Econ\u00f3mico | Niranbio Chemical<\/title>\n<meta name=\"description\" content=\"Nuestro jengibre en polvo tiene un aspecto amarillento, especialmente indicado para el resfriado com\u00fan, el dolor de cabeza, la flema, la tos, el resfriado estomacal y los v\u00f3mitos, etc.\" \/>\n<meta name=\"robots\" content=\"noindex, follow, max-snippet:-1, max-image-preview:large, max-video-preview:-1\" \/>\n<meta name=\"twitter:label1\" content=\"Tiempo de lectura\" \/>\n\t<meta name=\"twitter:data1\" content=\"4 minutos\" \/>\n<script type=\"application\/ld+json\" class=\"yoast-schema-graph\">{\"@context\":\"https:\/\/schema.org\",\"@graph\":[{\"@type\":\"WebPage\",\"@id\":\"https:\/\/theo.niranbio.com\/es\/jengibre-en-polvo.html\",\"url\":\"https:\/\/theo.niranbio.com\/es\/jengibre-en-polvo.html\",\"name\":\"Jengibre en Polvo, Comprar Jengibre en Polvo A Precio Econ\u00f3mico | Niranbio Chemical\",\"isPartOf\":{\"@id\":\"https:\/\/theo.niranbio.com\/es\/#website\"},\"primaryImageOfPage\":{\"@id\":\"https:\/\/theo.niranbio.com\/es\/jengibre-en-polvo.html#primaryimage\"},\"image\":{\"@id\":\"https:\/\/theo.niranbio.com\/es\/jengibre-en-polvo.html#primaryimage\"},\"thumbnailUrl\":\"https:\/\/theo.niranbio.com\/wp-content\/uploads\/2024\/06\/Ginger-Powder.webp\",\"datePublished\":\"2024-06-20T02:43:46+00:00\",\"dateModified\":\"2024-08-16T02:46:24+00:00\",\"description\":\"Nuestro jengibre en polvo tiene un aspecto amarillento, especialmente indicado para el resfriado com\u00fan, el dolor de cabeza, la flema, la tos, el resfriado estomacal y los v\u00f3mitos, etc.\",\"breadcrumb\":{\"@id\":\"https:\/\/theo.niranbio.com\/es\/jengibre-en-polvo.html#breadcrumb\"},\"inLanguage\":\"es\",\"potentialAction\":[{\"@type\":\"ReadAction\",\"target\":[\"https:\/\/theo.niranbio.com\/es\/jengibre-en-polvo.html\"]}]},{\"@type\":\"ImageObject\",\"inLanguage\":\"es\",\"@id\":\"https:\/\/theo.niranbio.com\/es\/jengibre-en-polvo.html#primaryimage\",\"url\":\"https:\/\/theo.niranbio.com\/wp-content\/uploads\/2024\/06\/Ginger-Powder.webp\",\"contentUrl\":\"https:\/\/theo.niranbio.com\/wp-content\/uploads\/2024\/06\/Ginger-Powder.webp\",\"width\":600,\"height\":600,\"caption\":\"Polvo de jengibre\"},{\"@type\":\"BreadcrumbList\",\"@id\":\"https:\/\/theo.niranbio.com\/es\/jengibre-en-polvo.html#breadcrumb\",\"itemListElement\":[{\"@type\":\"ListItem\",\"position\":1,\"name\":\"Home\",\"item\":\"https:\/\/theo.niranbio.com\/es\/\"},{\"@type\":\"ListItem\",\"position\":2,\"name\":\"Productos\",\"item\":\"https:\/\/theo.niranbio.com\/es\/productos.html\"},{\"@type\":\"ListItem\",\"position\":3,\"name\":\"Potenciador del Sabor\",\"item\":\"https:\/\/theo.niranbio.com\/es\/producto-potenciador-del-sabor\/\"},{\"@type\":\"ListItem\",\"position\":4,\"name\":\"Jengibre en polvo\"}]},{\"@type\":\"WebSite\",\"@id\":\"https:\/\/theo.niranbio.com\/es\/#website\",\"url\":\"https:\/\/theo.niranbio.com\/es\/\",\"name\":\"Niranbio Chemical\",\"description\":\"\",\"publisher\":{\"@id\":\"https:\/\/theo.niranbio.com\/es\/#organization\"},\"potentialAction\":[{\"@type\":\"SearchAction\",\"target\":{\"@type\":\"EntryPoint\",\"urlTemplate\":\"https:\/\/theo.niranbio.com\/es\/?s={search_term_string}\"},\"query-input\":{\"@type\":\"PropertyValueSpecification\",\"valueRequired\":true,\"valueName\":\"search_term_string\"}}],\"inLanguage\":\"es\"},{\"@type\":\"Organization\",\"@id\":\"https:\/\/theo.niranbio.com\/es\/#organization\",\"name\":\"Niranbio Chemical\",\"url\":\"https:\/\/theo.niranbio.com\/es\/\",\"logo\":{\"@type\":\"ImageObject\",\"inLanguage\":\"es\",\"@id\":\"https:\/\/theo.niranbio.com\/es\/#\/schema\/logo\/image\/\",\"url\":\"https:\/\/theo.niranbio.com\/wp-content\/uploads\/2024\/06\/Niranbio.png\",\"contentUrl\":\"https:\/\/theo.niranbio.com\/wp-content\/uploads\/2024\/06\/Niranbio.png\",\"width\":270,\"height\":100,\"caption\":\"Niranbio Chemical\"},\"image\":{\"@id\":\"https:\/\/theo.niranbio.com\/es\/#\/schema\/logo\/image\/\"}}]}<\/script>\n<!-- \/ Yoast SEO plugin. -->","yoast_head_json":{"title":"Jengibre en Polvo, Comprar Jengibre en Polvo A Precio Econ\u00f3mico | Niranbio Chemical","description":"Nuestro jengibre en polvo tiene un aspecto amarillento, especialmente indicado para el resfriado com\u00fan, el dolor de cabeza, la flema, la tos, el resfriado estomacal y los v\u00f3mitos, etc.","robots":{"index":"noindex","follow":"follow","max-snippet":"max-snippet:-1","max-image-preview":"max-image-preview:large","max-video-preview":"max-video-preview:-1"},"twitter_misc":{"Tiempo de lectura":"4 minutos"},"schema":{"@context":"https:\/\/schema.org","@graph":[{"@type":"WebPage","@id":"https:\/\/theo.niranbio.com\/es\/jengibre-en-polvo.html","url":"https:\/\/theo.niranbio.com\/es\/jengibre-en-polvo.html","name":"Jengibre en Polvo, Comprar Jengibre en Polvo A Precio Econ\u00f3mico | Niranbio Chemical","isPartOf":{"@id":"https:\/\/theo.niranbio.com\/es\/#website"},"primaryImageOfPage":{"@id":"https:\/\/theo.niranbio.com\/es\/jengibre-en-polvo.html#primaryimage"},"image":{"@id":"https:\/\/theo.niranbio.com\/es\/jengibre-en-polvo.html#primaryimage"},"thumbnailUrl":"https:\/\/theo.niranbio.com\/wp-content\/uploads\/2024\/06\/Ginger-Powder.webp","datePublished":"2024-06-20T02:43:46+00:00","dateModified":"2024-08-16T02:46:24+00:00","description":"Nuestro jengibre en polvo tiene un aspecto amarillento, especialmente indicado para el resfriado com\u00fan, el dolor de cabeza, la flema, la tos, el resfriado estomacal y los v\u00f3mitos, etc.","breadcrumb":{"@id":"https:\/\/theo.niranbio.com\/es\/jengibre-en-polvo.html#breadcrumb"},"inLanguage":"es","potentialAction":[{"@type":"ReadAction","target":["https:\/\/theo.niranbio.com\/es\/jengibre-en-polvo.html"]}]},{"@type":"ImageObject","inLanguage":"es","@id":"https:\/\/theo.niranbio.com\/es\/jengibre-en-polvo.html#primaryimage","url":"https:\/\/theo.niranbio.com\/wp-content\/uploads\/2024\/06\/Ginger-Powder.webp","contentUrl":"https:\/\/theo.niranbio.com\/wp-content\/uploads\/2024\/06\/Ginger-Powder.webp","width":600,"height":600,"caption":"Polvo de jengibre"},{"@type":"BreadcrumbList","@id":"https:\/\/theo.niranbio.com\/es\/jengibre-en-polvo.html#breadcrumb","itemListElement":[{"@type":"ListItem","position":1,"name":"Home","item":"https:\/\/theo.niranbio.com\/es\/"},{"@type":"ListItem","position":2,"name":"Productos","item":"https:\/\/theo.niranbio.com\/es\/productos.html"},{"@type":"ListItem","position":3,"name":"Potenciador del Sabor","item":"https:\/\/theo.niranbio.com\/es\/producto-potenciador-del-sabor\/"},{"@type":"ListItem","position":4,"name":"Jengibre en polvo"}]},{"@type":"WebSite","@id":"https:\/\/theo.niranbio.com\/es\/#website","url":"https:\/\/theo.niranbio.com\/es\/","name":"Niranbio Chemical","description":"","publisher":{"@id":"https:\/\/theo.niranbio.com\/es\/#organization"},"potentialAction":[{"@type":"SearchAction","target":{"@type":"EntryPoint","urlTemplate":"https:\/\/theo.niranbio.com\/es\/?s={search_term_string}"},"query-input":{"@type":"PropertyValueSpecification","valueRequired":true,"valueName":"search_term_string"}}],"inLanguage":"es"},{"@type":"Organization","@id":"https:\/\/theo.niranbio.com\/es\/#organization","name":"Niranbio Chemical","url":"https:\/\/theo.niranbio.com\/es\/","logo":{"@type":"ImageObject","inLanguage":"es","@id":"https:\/\/theo.niranbio.com\/es\/#\/schema\/logo\/image\/","url":"https:\/\/theo.niranbio.com\/wp-content\/uploads\/2024\/06\/Niranbio.png","contentUrl":"https:\/\/theo.niranbio.com\/wp-content\/uploads\/2024\/06\/Niranbio.png","width":270,"height":100,"caption":"Niranbio Chemical"},"image":{"@id":"https:\/\/theo.niranbio.com\/es\/#\/schema\/logo\/image\/"}}]}},"_links":{"self":[{"href":"https:\/\/theo.niranbio.com\/es\/wp-json\/wp\/v2\/product\/9929","targetHints":{"allow":["GET"]}}],"collection":[{"href":"https:\/\/theo.niranbio.com\/es\/wp-json\/wp\/v2\/product"}],"about":[{"href":"https:\/\/theo.niranbio.com\/es\/wp-json\/wp\/v2\/types\/product"}],"version-history":[{"count":0,"href":"https:\/\/theo.niranbio.com\/es\/wp-json\/wp\/v2\/product\/9929\/revisions"}],"wp:featuredmedia":[{"embeddable":true,"href":"https:\/\/theo.niranbio.com\/es\/wp-json\/wp\/v2\/media\/5893"}],"wp:attachment":[{"href":"https:\/\/theo.niranbio.com\/es\/wp-json\/wp\/v2\/media?parent=9929"}],"wp:term":[{"taxonomy":"product_brand","embeddable":true,"href":"https:\/\/theo.niranbio.com\/es\/wp-json\/wp\/v2\/product_brand?post=9929"},{"taxonomy":"product_cat","embeddable":true,"href":"https:\/\/theo.niranbio.com\/es\/wp-json\/wp\/v2\/product_cat?post=9929"},{"taxonomy":"product_tag","embeddable":true,"href":"https:\/\/theo.niranbio.com\/es\/wp-json\/wp\/v2\/product_tag?post=9929"}],"curies":[{"name":"wp","href":"https:\/\/api.w.org\/{rel}","templated":true}]}}