{"id":9914,"date":"2024-06-20T10:34:55","date_gmt":"2024-06-20T02:34:55","guid":{"rendered":"https:\/\/theo.niranbio.com\/crema-no-lactea\/"},"modified":"2024-08-16T11:04:12","modified_gmt":"2024-08-16T03:04:12","slug":"crema-no-lactea","status":"publish","type":"product","link":"https:\/\/theo.niranbio.com\/es\/crema-no-lactea.html","title":{"rendered":"Crema no l\u00e1ctea"},"content":{"rendered":"<h2><span class=\"ez-toc-section\" id=\"%C2%BFQue_es_la_crema_no_lactea\"><\/span>\u00bfQu\u00e9 es la crema no l\u00e1ctea?<span class=\"ez-toc-section-end\"><\/span><\/h2>\n<p>Un ingrediente alimentario llamado crema no l\u00e1ctea se utiliza en lugar de productos l\u00e1cteos. Sus principales materias primas son la glucosa y el aceite vegetal. Tiene una apariencia de polvo blanco y generalmente se usa en caf\u00e9, t\u00e9, postres, sopas y otros alimentos para aumentar el sabor de la leche y la textura de la crema.<\/p>\n<p>La crema no l\u00e1ctea se produce principalmente en China rociando y secando r\u00e1pidamente la emulsi\u00f3n en polvo a alta temperatura. El m\u00e9todo implica mezclar y homogeneizar aceite vegetal, az\u00facar, emulsionante y otros aditivos, rociarlos en una torre de secado y el aire caliente evapora r\u00e1pidamente el agua para formar un producto en polvo fino y uniforme. El producto es muy estable y soluble, y se utiliza ampliamente en China. Este m\u00e9todo es apropiado para la producci\u00f3n a gran escala.<\/p>\n<h2><span class=\"ez-toc-section\" id=\"Parametros_relacionados\"><\/span>Par\u00e1metros relacionados:<span class=\"ez-toc-section-end\"><\/span><\/h2>\n<table>\n<tbody>\n<tr>\n<td>Art\u00edculos<\/td>\n<td>Normas<\/td>\n<\/tr>\n<tr>\n<td>pH<\/td>\n<td>\/<\/td>\n<\/tr>\n<tr>\n<td>Part\u00edculas<\/td>\n<td>\u2264 5 uds\/100 g<\/td>\n<\/tr>\n<tr>\n<td>Agua<\/td>\n<td>\u2264 5,0 g\/100g<\/td>\n<\/tr>\n<tr>\n<td>Grasa<\/td>\n<td>\u2265 48,0 g\/100g<\/td>\n<\/tr>\n<tr>\n<td>Prote\u00edna<\/td>\n<td>\u2265 2,0 g\/100kg<\/td>\n<\/tr>\n<tr>\n<td>Recuento total de colonias<\/td>\n<td>n=5, c=2, m=1000, M=50000 (UFC\/g)<\/td>\n<\/tr>\n<tr>\n<td>Bacterias coliformes<\/td>\n<td>N=5, c=2, m=10, M=100 (UFC\/g<\/td>\n<\/tr>\n<\/tbody>\n<\/table>\n<h2><span class=\"ez-toc-section\" id=\"Dosis_recomendada\"><\/span>Dosis recomendada:<span class=\"ez-toc-section-end\"><\/span><\/h2>\n<table>\n<tbody>\n<tr>\n<td>Nombre del alimento<\/td>\n<td>Uso m\u00e1ximo(g\/kg)<\/td>\n<\/tr>\n<tr>\n<td>Caf\u00e9 mate<\/td>\n<td>15-50 g\/kg<\/td>\n<\/tr>\n<tr>\n<td>T\u00e9 de leche<\/td>\n<td>10-40 g\/kg<\/td>\n<\/tr>\n<tr>\n<td>Caf\u00e9 instant\u00e1neo<\/td>\n<td>15-60 g\/kg<\/td>\n<\/tr>\n<tr>\n<td>Bebida de chocolate<\/td>\n<td>10-30 g\/kg<\/td>\n<\/tr>\n<tr>\n<td>Batido<\/td>\n<td>5-30 g\/kg<\/td>\n<\/tr>\n<tr>\n<td>Batido<\/td>\n<td>10-35 g\/kg<\/td>\n<\/tr>\n<tr>\n<td>Helado<\/td>\n<td>10-50 g\/kg<\/td>\n<\/tr>\n<tr>\n<td>Caramelo de mantequilla<\/td>\n<td>20-60 g\/kg<\/td>\n<\/tr>\n<tr>\n<td>Galletas sandwich<\/td>\n<td>10-30 g\/kg<\/td>\n<\/tr>\n<tr>\n<td>Pan<\/td>\n<td>5-20 g\/kg<\/td>\n<\/tr>\n<tr>\n<td>Harina de avena<\/td>\n<td>10-30 g\/kg<\/td>\n<\/tr>\n<tr>\n<td>Yogur<\/td>\n<td>10-40 g\/kg<\/td>\n<\/tr>\n<tr>\n<td>Bebida de \u00e1cido l\u00e1ctico<\/td>\n<td>10-40 g\/kg<\/td>\n<\/tr>\n<tr>\n<td>Flan<\/td>\n<td>15-35 g\/kg<\/td>\n<\/tr>\n<tr>\n<td>Salsa<\/td>\n<td>5-20 g\/kg<\/td>\n<\/tr>\n<tr>\n<td>Crema de hojaldre<\/td>\n<td>20-50 g\/kg<\/td>\n<\/tr>\n<\/tbody>\n<\/table>\n<h2><span class=\"ez-toc-section\" id=\"La_crema_no_lactea_tiene_una_amplia_gama_de_usos\"><\/span>La crema no l\u00e1ctea tiene una amplia gama de usos<span class=\"ez-toc-section-end\"><\/span><\/h2>\n<p>1. Las cremas no l\u00e1cteas pueden dar a los alimentos un aroma y un sabor cremosos, mejorando el sabor del producto.<\/p>\n<p>2. A trav\u00e9s de las propiedades emulsionantes y estabilizadoras de las cremas no l\u00e1cteas, se puede aumentar la textura cremosa de los alimentos, haci\u00e9ndolos m\u00e1s suaves y ricos.<\/p>\n<p>3. Como emulsionante, las cremas no l\u00e1cteas pueden mezclar eficazmente el aceite y el agua de manera uniforme, evitar la separaci\u00f3n y aumentar la estabilidad del producto.<\/p>\n<p>4. Agregar cremas no l\u00e1cteas a los alimentos puede mejorar la apariencia del producto, haci\u00e9ndolo m\u00e1s tentador y atractivo.<\/p>\n<p>5. Las cremas no l\u00e1cteas pueden agregar diferentes nutrientes, como vitaminas y minerales, seg\u00fan la demanda para satisfacer las necesidades nutricionales de grupos espec\u00edficos de personas.<\/p>\n<p>6. Para las personas intolerantes a la lactosa o al\u00e9rgicas a los productos l\u00e1cteos, las cremas no l\u00e1cteas son una buena alternativa que puede proporcionar un sabor y una funci\u00f3n similares a los productos l\u00e1cteos.<\/p>\n<h2><span class=\"ez-toc-section\" id=\"Pregunta_formulada_por_un_usuario\"><\/span>Pregunta formulada por un usuario:<span class=\"ez-toc-section-end\"><\/span><\/h2>\n<p>Pregunta: \u00bfLa intolerancia a la lactosa se beneficia del uso de cremas no l\u00e1cteas?<\/p>\n<p>Respuesta: La crema no l\u00e1ctea tiene importantes beneficios para las personas con intolerancia a la lactosa porque no contiene lactosa y puede proporcionar un sabor y una textura similares a los productos l\u00e1cteos. Es adecuada como sustituto de los productos l\u00e1cteos y se utiliza ampliamente en alimentos como el caf\u00e9, el t\u00e9 con leche, el helado, etc., lo que ayuda a las personas con intolerancia a la lactosa a disfrutar del sabor l\u00e1cteo y el rico gusto sin causar molestias gastrointestinales.<\/p>\n<div id=\"gtx-trans\" style=\"position: absolute; left: 3px; top: 2152.38px;\">\n<div class=\"gtx-trans-icon\"><\/div>\n<\/div>\n","protected":false},"excerpt":{"rendered":"<ul>\n<li>Certificaci\u00f3n: KOSHER, ISO, HALAL, FSSC22000, BRC, etc.<\/li>\n<li>Cantidad m\u00ednima de pedido: 1000KG<\/li>\n<li>Caducidad: 2 a\u00f1os<\/li>\n<\/ul>\n","protected":false},"featured_media":5922,"template":"","meta":{"site-sidebar-layout":"default","site-content-layout":"","ast-site-content-layout":"default","site-content-style":"default","site-sidebar-style":"default","ast-global-header-display":"","ast-banner-title-visibility":"","ast-main-header-display":"","ast-hfb-above-header-display":"","ast-hfb-below-header-display":"","ast-hfb-mobile-header-display":"","site-post-title":"","ast-breadcrumbs-content":"","ast-featured-img":"","footer-sml-layout":"","theme-transparent-header-meta":"default","adv-header-id-meta":"","stick-header-meta":"","header-above-stick-meta":"","header-main-stick-meta":"","header-below-stick-meta":"","astra-migrate-meta-layouts":"set","ast-page-background-enabled":"default","ast-page-background-meta":{"desktop":{"background-color":"var(--ast-global-color-4)","background-image":"","background-repeat":"repeat","background-position":"center center","background-size":"auto","background-attachment":"scroll","background-type":"","background-media":"","overlay-type":"","overlay-color":"","overlay-opacity":"","overlay-gradient":""},"tablet":{"background-color":"","background-image":"","background-repeat":"repeat","background-position":"center center","background-size":"auto","background-attachment":"scroll","background-type":"","background-media":"","overlay-type":"","overlay-color":"","overlay-opacity":"","overlay-gradient":""},"mobile":{"background-color":"","background-image":"","background-repeat":"repeat","background-position":"center center","background-size":"auto","background-attachment":"scroll","background-type":"","background-media":"","overlay-type":"","overlay-color":"","overlay-opacity":"","overlay-gradient":""}},"ast-content-background-meta":{"desktop":{"background-color":"var(--ast-global-color-5)","background-image":"","background-repeat":"repeat","background-position":"center center","background-size":"auto","background-attachment":"scroll","background-type":"","background-media":"","overlay-type":"","overlay-color":"","overlay-opacity":"","overlay-gradient":""},"tablet":{"background-color":"var(--ast-global-color-5)","background-image":"","background-repeat":"repeat","background-position":"center center","background-size":"auto","background-attachment":"scroll","background-type":"","background-media":"","overlay-type":"","overlay-color":"","overlay-opacity":"","overlay-gradient":""},"mobile":{"background-color":"var(--ast-global-color-5)","background-image":"","background-repeat":"repeat","background-position":"center center","background-size":"auto","background-attachment":"scroll","background-type":"","background-media":"","overlay-type":"","overlay-color":"","overlay-opacity":"","overlay-gradient":""}}},"product_brand":[],"product_cat":[88],"product_tag":[],"class_list":{"0":"post-9914","1":"product","2":"type-product","3":"status-publish","4":"has-post-thumbnail","6":"product_cat-producto-potenciador-del-sabor","7":"desktop-align-center","8":"tablet-align-left","9":"mobile-align-left","11":"first","12":"instock","13":"shipping-taxable","14":"product-type-simple"},"yoast_head":"<!-- This site is optimized with the Yoast SEO plugin v26.5 - https:\/\/yoast.com\/wordpress\/plugins\/seo\/ -->\n<title>Proveedor de Cremas no L\u00e1cteas, Venta al por Mayor de Cremas no L\u00e1cteas | Niranbio Chemical<\/title>\n<meta name=\"description\" content=\"Nuestra crema no l\u00e1ctea tiene un aspecto de polvo blanco y se suele utilizar en caf\u00e9, t\u00e9, postres, sopas y otros alimentos para aumentar el sabor de la leche y la textura de la crema.\" \/>\n<meta name=\"robots\" content=\"noindex, follow, max-snippet:-1, max-image-preview:large, max-video-preview:-1\" \/>\n<meta name=\"twitter:label1\" content=\"Tiempo de lectura\" \/>\n\t<meta name=\"twitter:data1\" content=\"3 minutos\" \/>\n<script type=\"application\/ld+json\" class=\"yoast-schema-graph\">{\"@context\":\"https:\/\/schema.org\",\"@graph\":[{\"@type\":\"WebPage\",\"@id\":\"https:\/\/theo.niranbio.com\/es\/crema-no-lactea.html\",\"url\":\"https:\/\/theo.niranbio.com\/es\/crema-no-lactea.html\",\"name\":\"Proveedor de Cremas no L\u00e1cteas, Venta al por Mayor de Cremas no L\u00e1cteas | Niranbio Chemical\",\"isPartOf\":{\"@id\":\"https:\/\/theo.niranbio.com\/es\/#website\"},\"primaryImageOfPage\":{\"@id\":\"https:\/\/theo.niranbio.com\/es\/crema-no-lactea.html#primaryimage\"},\"image\":{\"@id\":\"https:\/\/theo.niranbio.com\/es\/crema-no-lactea.html#primaryimage\"},\"thumbnailUrl\":\"https:\/\/theo.niranbio.com\/wp-content\/uploads\/2024\/06\/Non-Dairy-Creamer.webp\",\"datePublished\":\"2024-06-20T02:34:55+00:00\",\"dateModified\":\"2024-08-16T03:04:12+00:00\",\"description\":\"Nuestra crema no l\u00e1ctea tiene un aspecto de polvo blanco y se suele utilizar en caf\u00e9, t\u00e9, postres, sopas y otros alimentos para aumentar el sabor de la leche y la textura de la crema.\",\"breadcrumb\":{\"@id\":\"https:\/\/theo.niranbio.com\/es\/crema-no-lactea.html#breadcrumb\"},\"inLanguage\":\"es\",\"potentialAction\":[{\"@type\":\"ReadAction\",\"target\":[\"https:\/\/theo.niranbio.com\/es\/crema-no-lactea.html\"]}]},{\"@type\":\"ImageObject\",\"inLanguage\":\"es\",\"@id\":\"https:\/\/theo.niranbio.com\/es\/crema-no-lactea.html#primaryimage\",\"url\":\"https:\/\/theo.niranbio.com\/wp-content\/uploads\/2024\/06\/Non-Dairy-Creamer.webp\",\"contentUrl\":\"https:\/\/theo.niranbio.com\/wp-content\/uploads\/2024\/06\/Non-Dairy-Creamer.webp\",\"width\":600,\"height\":600,\"caption\":\"Crema no l\u00e1ctea\"},{\"@type\":\"BreadcrumbList\",\"@id\":\"https:\/\/theo.niranbio.com\/es\/crema-no-lactea.html#breadcrumb\",\"itemListElement\":[{\"@type\":\"ListItem\",\"position\":1,\"name\":\"Home\",\"item\":\"https:\/\/theo.niranbio.com\/es\/\"},{\"@type\":\"ListItem\",\"position\":2,\"name\":\"Productos\",\"item\":\"https:\/\/theo.niranbio.com\/es\/productos.html\"},{\"@type\":\"ListItem\",\"position\":3,\"name\":\"Potenciador del Sabor\",\"item\":\"https:\/\/theo.niranbio.com\/es\/producto-potenciador-del-sabor\/\"},{\"@type\":\"ListItem\",\"position\":4,\"name\":\"Crema no l\u00e1ctea\"}]},{\"@type\":\"WebSite\",\"@id\":\"https:\/\/theo.niranbio.com\/es\/#website\",\"url\":\"https:\/\/theo.niranbio.com\/es\/\",\"name\":\"Niranbio Chemical\",\"description\":\"\",\"publisher\":{\"@id\":\"https:\/\/theo.niranbio.com\/es\/#organization\"},\"potentialAction\":[{\"@type\":\"SearchAction\",\"target\":{\"@type\":\"EntryPoint\",\"urlTemplate\":\"https:\/\/theo.niranbio.com\/es\/?s={search_term_string}\"},\"query-input\":{\"@type\":\"PropertyValueSpecification\",\"valueRequired\":true,\"valueName\":\"search_term_string\"}}],\"inLanguage\":\"es\"},{\"@type\":\"Organization\",\"@id\":\"https:\/\/theo.niranbio.com\/es\/#organization\",\"name\":\"Niranbio Chemical\",\"url\":\"https:\/\/theo.niranbio.com\/es\/\",\"logo\":{\"@type\":\"ImageObject\",\"inLanguage\":\"es\",\"@id\":\"https:\/\/theo.niranbio.com\/es\/#\/schema\/logo\/image\/\",\"url\":\"https:\/\/theo.niranbio.com\/wp-content\/uploads\/2024\/06\/Niranbio.png\",\"contentUrl\":\"https:\/\/theo.niranbio.com\/wp-content\/uploads\/2024\/06\/Niranbio.png\",\"width\":270,\"height\":100,\"caption\":\"Niranbio Chemical\"},\"image\":{\"@id\":\"https:\/\/theo.niranbio.com\/es\/#\/schema\/logo\/image\/\"}}]}<\/script>\n<!-- \/ Yoast SEO plugin. -->","yoast_head_json":{"title":"Proveedor de Cremas no L\u00e1cteas, Venta al por Mayor de Cremas no L\u00e1cteas | Niranbio Chemical","description":"Nuestra crema no l\u00e1ctea tiene un aspecto de polvo blanco y se suele utilizar en caf\u00e9, t\u00e9, postres, sopas y otros alimentos para aumentar el sabor de la leche y la textura de la crema.","robots":{"index":"noindex","follow":"follow","max-snippet":"max-snippet:-1","max-image-preview":"max-image-preview:large","max-video-preview":"max-video-preview:-1"},"twitter_misc":{"Tiempo de lectura":"3 minutos"},"schema":{"@context":"https:\/\/schema.org","@graph":[{"@type":"WebPage","@id":"https:\/\/theo.niranbio.com\/es\/crema-no-lactea.html","url":"https:\/\/theo.niranbio.com\/es\/crema-no-lactea.html","name":"Proveedor de Cremas no L\u00e1cteas, Venta al por Mayor de Cremas no L\u00e1cteas | Niranbio Chemical","isPartOf":{"@id":"https:\/\/theo.niranbio.com\/es\/#website"},"primaryImageOfPage":{"@id":"https:\/\/theo.niranbio.com\/es\/crema-no-lactea.html#primaryimage"},"image":{"@id":"https:\/\/theo.niranbio.com\/es\/crema-no-lactea.html#primaryimage"},"thumbnailUrl":"https:\/\/theo.niranbio.com\/wp-content\/uploads\/2024\/06\/Non-Dairy-Creamer.webp","datePublished":"2024-06-20T02:34:55+00:00","dateModified":"2024-08-16T03:04:12+00:00","description":"Nuestra crema no l\u00e1ctea tiene un aspecto de polvo blanco y se suele utilizar en caf\u00e9, t\u00e9, postres, sopas y otros alimentos para aumentar el sabor de la leche y la textura de la crema.","breadcrumb":{"@id":"https:\/\/theo.niranbio.com\/es\/crema-no-lactea.html#breadcrumb"},"inLanguage":"es","potentialAction":[{"@type":"ReadAction","target":["https:\/\/theo.niranbio.com\/es\/crema-no-lactea.html"]}]},{"@type":"ImageObject","inLanguage":"es","@id":"https:\/\/theo.niranbio.com\/es\/crema-no-lactea.html#primaryimage","url":"https:\/\/theo.niranbio.com\/wp-content\/uploads\/2024\/06\/Non-Dairy-Creamer.webp","contentUrl":"https:\/\/theo.niranbio.com\/wp-content\/uploads\/2024\/06\/Non-Dairy-Creamer.webp","width":600,"height":600,"caption":"Crema no l\u00e1ctea"},{"@type":"BreadcrumbList","@id":"https:\/\/theo.niranbio.com\/es\/crema-no-lactea.html#breadcrumb","itemListElement":[{"@type":"ListItem","position":1,"name":"Home","item":"https:\/\/theo.niranbio.com\/es\/"},{"@type":"ListItem","position":2,"name":"Productos","item":"https:\/\/theo.niranbio.com\/es\/productos.html"},{"@type":"ListItem","position":3,"name":"Potenciador del Sabor","item":"https:\/\/theo.niranbio.com\/es\/producto-potenciador-del-sabor\/"},{"@type":"ListItem","position":4,"name":"Crema no l\u00e1ctea"}]},{"@type":"WebSite","@id":"https:\/\/theo.niranbio.com\/es\/#website","url":"https:\/\/theo.niranbio.com\/es\/","name":"Niranbio Chemical","description":"","publisher":{"@id":"https:\/\/theo.niranbio.com\/es\/#organization"},"potentialAction":[{"@type":"SearchAction","target":{"@type":"EntryPoint","urlTemplate":"https:\/\/theo.niranbio.com\/es\/?s={search_term_string}"},"query-input":{"@type":"PropertyValueSpecification","valueRequired":true,"valueName":"search_term_string"}}],"inLanguage":"es"},{"@type":"Organization","@id":"https:\/\/theo.niranbio.com\/es\/#organization","name":"Niranbio Chemical","url":"https:\/\/theo.niranbio.com\/es\/","logo":{"@type":"ImageObject","inLanguage":"es","@id":"https:\/\/theo.niranbio.com\/es\/#\/schema\/logo\/image\/","url":"https:\/\/theo.niranbio.com\/wp-content\/uploads\/2024\/06\/Niranbio.png","contentUrl":"https:\/\/theo.niranbio.com\/wp-content\/uploads\/2024\/06\/Niranbio.png","width":270,"height":100,"caption":"Niranbio Chemical"},"image":{"@id":"https:\/\/theo.niranbio.com\/es\/#\/schema\/logo\/image\/"}}]}},"_links":{"self":[{"href":"https:\/\/theo.niranbio.com\/es\/wp-json\/wp\/v2\/product\/9914","targetHints":{"allow":["GET"]}}],"collection":[{"href":"https:\/\/theo.niranbio.com\/es\/wp-json\/wp\/v2\/product"}],"about":[{"href":"https:\/\/theo.niranbio.com\/es\/wp-json\/wp\/v2\/types\/product"}],"version-history":[{"count":0,"href":"https:\/\/theo.niranbio.com\/es\/wp-json\/wp\/v2\/product\/9914\/revisions"}],"wp:featuredmedia":[{"embeddable":true,"href":"https:\/\/theo.niranbio.com\/es\/wp-json\/wp\/v2\/media\/5922"}],"wp:attachment":[{"href":"https:\/\/theo.niranbio.com\/es\/wp-json\/wp\/v2\/media?parent=9914"}],"wp:term":[{"taxonomy":"product_brand","embeddable":true,"href":"https:\/\/theo.niranbio.com\/es\/wp-json\/wp\/v2\/product_brand?post=9914"},{"taxonomy":"product_cat","embeddable":true,"href":"https:\/\/theo.niranbio.com\/es\/wp-json\/wp\/v2\/product_cat?post=9914"},{"taxonomy":"product_tag","embeddable":true,"href":"https:\/\/theo.niranbio.com\/es\/wp-json\/wp\/v2\/product_tag?post=9914"}],"curies":[{"name":"wp","href":"https:\/\/api.w.org\/{rel}","templated":true}]}}