{"id":9906,"date":"2024-06-20T10:49:29","date_gmt":"2024-06-20T02:49:29","guid":{"rendered":"https:\/\/theo.niranbio.com\/glucono-delta-lactona-gdl\/"},"modified":"2024-08-16T10:43:25","modified_gmt":"2024-08-16T02:43:25","slug":"glucono-delta-lactona-gdl","status":"publish","type":"product","link":"https:\/\/theo.niranbio.com\/es\/glucono-delta-lactona-gdl.html","title":{"rendered":"Glucono delta lactona"},"content":{"rendered":"<h2><span class=\"ez-toc-section\" id=\"%C2%BFQue_es_la_gluconolactona\"><\/span>\u00bfQu\u00e9 es la gluconolactona?<span class=\"ez-toc-section-end\"><\/span><\/h2>\n<p>La gluconolactona es un compuesto org\u00e1nico que se presenta como cristales blancos o polvo cristalino, es inodoro y tiene un sabor primero dulce y luego amargo. Como ingrediente de los alimentos, cumple muchas funciones. Hay tres m\u00e9todos principales para preparar gluconolactona en China:<\/p>\n<p>1. Convertir el \u00e1cido gluc\u00f3nico en gluconolactona mediante reacciones qu\u00edmicas. Los m\u00e9todos comunes de s\u00edntesis qu\u00edmica incluyen reacciones de ciclaci\u00f3n. El proceso es maduro y tiene una alta eficiencia de producci\u00f3n. Ha sido ampliamente utilizado en procedimientos de producci\u00f3n.<\/p>\n<p>2. Utilice enzimas espec\u00edficas (como la gluconolactonasa) para catalizar la reacci\u00f3n de ciclaci\u00f3n del \u00e1cido gluc\u00f3nico para producir gluconolactona. Las condiciones de reacci\u00f3n son suaves, la pureza del producto es alta y hay pocos subproductos, pero el costo de producci\u00f3n es alto porque la actividad y estabilidad de la enzima pueden ser limitadas. 3. Utilice microorganismos (como cepas espec\u00edficas) para la fermentaci\u00f3n para fermentar el \u00e1cido gluc\u00f3nico en gluconolactona. Este m\u00e9todo de producci\u00f3n es apropiado para la producci\u00f3n a gran escala y es ecol\u00f3gico y beneficioso para el medio ambiente. Sin embargo, es necesario ajustar el proceso de fermentaci\u00f3n y las cepas, y el ciclo de producci\u00f3n es largo.<\/p>\n<h2><span class=\"ez-toc-section\" id=\"Datos_tecnicos\"><\/span>Datos t\u00e9cnicos:<span class=\"ez-toc-section-end\"><\/span><\/h2>\n<table>\n<tbody>\n<tr>\n<td>Producto<\/td>\n<td>GLUCONO DELTA LACTONA<\/td>\n<td>Norma de ensayo<\/td>\n<td>GB7657<\/td>\n<\/tr>\n<tr>\n<td>S\/N<\/td>\n<td>Elementos de prueba<\/td>\n<td colspan=\"2\">Requisitos est\u00e1ndar<\/td>\n<\/tr>\n<tr>\n<td>1<\/td>\n<td>Prueba sensorial<\/td>\n<td colspan=\"2\">Grano suelto seco incoloro o blanco o polvo cristalino<\/td>\n<\/tr>\n<tr>\n<td>2<\/td>\n<td>Ensayo\/%.<\/td>\n<td colspan=\"2\">\u226599.0<\/td>\n<\/tr>\n<tr>\n<td>3<\/td>\n<td>P\u00e9rdida por desecaci\u00f3n\/%<\/td>\n<td colspan=\"2\">\u22641.0<\/td>\n<\/tr>\n<tr>\n<td>4<\/td>\n<td>Sustancia reductora\/%.<\/td>\n<td colspan=\"2\">\u22640.5<\/td>\n<\/tr>\n<tr>\n<td>5<\/td>\n<td>Sulfato<\/td>\n<td colspan=\"2\">\u22640.03<\/td>\n<\/tr>\n<tr>\n<td>6<\/td>\n<td>Cloruro\/%<\/td>\n<td colspan=\"2\">\u22640.02<\/td>\n<\/tr>\n<tr>\n<td>7<\/td>\n<td>Ars\u00e9nico total(As)\/(mg\/kg)<\/td>\n<td colspan=\"2\">\u22643.0<\/td>\n<\/tr>\n<tr>\n<td>8<\/td>\n<td>Plomo(Pb\/(mg\/kg)<\/td>\n<td colspan=\"2\">\u22642.0<\/td>\n<\/tr>\n<tr>\n<td>9<\/td>\n<td>Recuento total en placa\/(UFC\/g)<\/td>\n<td colspan=\"2\">\u2264300<\/td>\n<\/tr>\n<tr>\n<td>10<\/td>\n<td>Colifomas\/(NMP\/g)<\/td>\n<td colspan=\"2\">&lt;0.3<\/td>\n<\/tr>\n<tr>\n<td>11<\/td>\n<td>Moho y levadura(UFC\/g)<\/td>\n<td colspan=\"2\">\u2264100<\/td>\n<\/tr>\n<\/tbody>\n<\/table>\n<h2><\/h2>\n<h2><span class=\"ez-toc-section\" id=\"Parametros_relacionados\"><\/span>Par\u00e1metros relacionados:<span class=\"ez-toc-section-end\"><\/span><\/h2>\n<table>\n<tbody>\n<tr>\n<td>ART\u00cdCULOS<\/td>\n<td>EST\u00c1NDAR<\/td>\n<\/tr>\n<tr>\n<td>IDENTIFICACI\u00d3N<\/td>\n<td>POSITIVO<\/td>\n<\/tr>\n<tr>\n<td>GDL<\/td>\n<td>99-100.5%<\/td>\n<\/tr>\n<tr>\n<td>SOLUBILIDAD<\/td>\n<td>F\u00c1CILMENTE SOLUBLE EN AGUA, DIF\u00cdCILMENTE SOLUBLE EN ETANOL<\/td>\n<\/tr>\n<tr>\n<td>PUNTO DE FUSI\u00d3N<\/td>\n<td>152\u2103\u00b12<\/td>\n<\/tr>\n<tr>\n<td>HUMEDAD<\/td>\n<td>\u22640.5%<\/td>\n<\/tr>\n<tr>\n<td>SUSTANCIAS REDUCTORAS (COMO D-GLUCOSA)<\/td>\n<td>\u22640.5%<\/td>\n<\/tr>\n<tr>\n<td>AS<\/td>\n<td>\u22641PPM<\/td>\n<\/tr>\n<tr>\n<td>METAL PESADO<\/td>\n<td>\u226410PPM<\/td>\n<\/tr>\n<tr>\n<td>PLOMO<\/td>\n<td>\u22642PPM<\/td>\n<\/tr>\n<tr>\n<td>MERCURIO<\/td>\n<td>\u22640,1PPM<\/td>\n<\/tr>\n<tr>\n<td>CADMIO<\/td>\n<td>\u22642PPM<\/td>\n<\/tr>\n<tr>\n<td>CALCIO<\/td>\n<td>\u22640.05%<\/td>\n<\/tr>\n<tr>\n<td>CLORURO<\/td>\n<td>\u22640.05%<\/td>\n<\/tr>\n<tr>\n<td>SULFATOS<\/td>\n<td>\u22640.02%<\/td>\n<\/tr>\n<tr>\n<td>P\u00c9RDIDA AL SECAR<\/td>\n<td>\u22641%<\/td>\n<\/tr>\n<tr>\n<td>PH<\/td>\n<td>1.5~1.8<\/td>\n<\/tr>\n<tr>\n<td>AEROBE<\/td>\n<td>50\/G MAX<\/td>\n<\/tr>\n<tr>\n<td>LEVADURA<\/td>\n<td>10\/G M\u00c1X<\/td>\n<\/tr>\n<tr>\n<td>MOHO<\/td>\n<td>10\/G M\u00c1X<\/td>\n<\/tr>\n<tr>\n<td>E.COLI<\/td>\n<td>NO DISPONIBLE EN 30 G<\/td>\n<\/tr>\n<tr>\n<td>SALMONELLA<\/td>\n<td>NO DISPONIBLE EN 25G<\/td>\n<\/tr>\n<\/tbody>\n<\/table>\n<h2><span class=\"ez-toc-section\" id=\"Dosis_recomendada\"><\/span>Dosis recomendada:<span class=\"ez-toc-section-end\"><\/span><\/h2>\n<table>\n<tbody>\n<tr>\n<td>Nombre del alimento<\/td>\n<td>Uso m\u00e1ximo(g\/kg)<\/td>\n<\/tr>\n<tr>\n<td>Condimentos<\/td>\n<td>1,0-2,0 g\/kg<\/td>\n<\/tr>\n<tr>\n<td>Productos c\u00e1rnicos<\/td>\n<td>0,5-1,5 g\/kg<\/td>\n<\/tr>\n<tr>\n<td>Bebidas<\/td>\n<td>0,1-0,5 g\/kg<\/td>\n<\/tr>\n<tr>\n<td>Yogur<\/td>\n<td>0,1-0,3 g\/kg<\/td>\n<\/tr>\n<tr>\n<td>Productos de panader\u00eda<\/td>\n<td>0,2-0,5 g\/kg<\/td>\n<\/tr>\n<tr>\n<td>Pudding<\/td>\n<td>0,5-1,0 g\/kg<\/td>\n<\/tr>\n<tr>\n<td>Mermelada<\/td>\n<td>0,5-1,0 g\/kg<\/td>\n<\/tr>\n<tr>\n<td>Productos de queso<\/td>\n<td>0,5-1,0 g\/kg<\/td>\n<\/tr>\n<tr>\n<td>Alimentos enlatados<\/td>\n<td>0,5-1,0 g\/kg<\/td>\n<\/tr>\n<tr>\n<td>Productos de soja<\/td>\n<td>0,3-0,6 g\/kg<\/td>\n<\/tr>\n<tr>\n<td>Caramelo<\/td>\n<td>0,2-0,5 g\/kg<\/td>\n<\/tr>\n<tr>\n<td>Condimento en polvo<\/td>\n<td>1,0-2,0 g\/kg<\/td>\n<\/tr>\n<tr>\n<td>Aceite sazonador<\/td>\n<td>0,5-1,0 g\/kg<\/td>\n<\/tr>\n<\/tbody>\n<\/table>\n<h2><span class=\"ez-toc-section\" id=\"La_gluconolactona_tiene_una_amplia_gama_de_usos\"><\/span>La gluconolactona tiene una amplia gama de usos<span class=\"ez-toc-section-end\"><\/span><\/h2>\n<p>1.pH regulator: Food pH can be adjusted by using gluconolactone as a pH regulator. This helps maintain the stability of food and extend the shelf life.<\/p>\n<p>2. Stabilizer: It can stabilize the emulsion system and gel system in food, prevent separation and precipitation, and maintain the texture and consistency of the product.<br \/>\n3. Preservative: Because of its antibacterial and preservative properties, gluconolactone helps keep food fresher longer by preventing the growth of microbes.<br \/>\n4. Humectant: It has hygroscopic ability, which can help food stay moist and prevent drying and hardening.<br \/>\n5. Improve taste: By adjusting the pH of food, Gluconolactone can improve the taste of food, making it softer and more palatable.<br \/>\n6. Functional additive: As a functional additive, Gluconolactone can be used to improve the texture and stability of food, and has multiple effects at the same time.<\/p>\n<h2><span class=\"ez-toc-section\" id=\"Pregunta_formulada_por_un_usuario\"><\/span>Pregunta formulada por un usuario:<span class=\"ez-toc-section-end\"><\/span><\/h2>\n<p>Pregunta: \u00bfQu\u00e9 ventajas aporta la gluconolactona a la piel?<\/p>\n<p>Respuesta: La gluconolactona tiene m\u00faltiples beneficios para la piel, entre ellos la hidrataci\u00f3n, la exfoliaci\u00f3n y la mejora de la textura de la piel. Elimina suavemente las c\u00e9lulas muertas de la piel y estimula la renovaci\u00f3n de las c\u00e9lulas de la piel, reteniendo la humedad para mantener la piel suave y flexible. Adem\u00e1s, la gluconolactona tiene efectos antioxidantes y calmantes, protegiendo la piel de los da\u00f1os ambientales, reduciendo la irritaci\u00f3n y mejorando la luminosidad y la salud general de la piel.<\/p>\n<p>Pregunta: \u00bfLa gluconolactona es mejor que el \u00e1cido glic\u00f3lico?<\/p>\n<p>Respuesta: La ventaja de la gluconolactona sobre el \u00e1cido glic\u00f3lico es su suavidad y su efecto hidratante. No solo elimina eficazmente las c\u00e9lulas muertas de la piel, sino que tambi\u00e9n tiene excelentes efectos hidratantes y calmantes, lo que la hace adecuada para pieles sensibles y secas. Las propiedades antioxidantes de la gluconolactona ayudan a mejorar la salud de la piel al tiempo que reducen la irritaci\u00f3n, lo que la convierte en un ingrediente para el cuidado de la piel m\u00e1s respetuoso con la piel.<\/p>\n","protected":false},"excerpt":{"rendered":"<ul>\n<li>CAS: 90-80-2<\/li>\n<li>F\u00f3rmula qu\u00edmica: C6H10O6<\/li>\n<li>Certificaci\u00f3n: KOSHER, ISO, HALAL, FSSC22000, BRC, etc.<\/li>\n<li>Cantidad m\u00ednima de pedido: 1000KG<\/li>\n<li>Caducidad: 2 a\u00f1os<\/li>\n<\/ul>\n","protected":false},"featured_media":5890,"template":"","meta":{"site-sidebar-layout":"default","site-content-layout":"","ast-site-content-layout":"default","site-content-style":"default","site-sidebar-style":"default","ast-global-header-display":"","ast-banner-title-visibility":"","ast-main-header-display":"","ast-hfb-above-header-display":"","ast-hfb-below-header-display":"","ast-hfb-mobile-header-display":"","site-post-title":"","ast-breadcrumbs-content":"","ast-featured-img":"","footer-sml-layout":"","theme-transparent-header-meta":"default","adv-header-id-meta":"","stick-header-meta":"","header-above-stick-meta":"","header-main-stick-meta":"","header-below-stick-meta":"","astra-migrate-meta-layouts":"set","ast-page-background-enabled":"default","ast-page-background-meta":{"desktop":{"background-color":"var(--ast-global-color-4)","background-image":"","background-repeat":"repeat","background-position":"center center","background-size":"auto","background-attachment":"scroll","background-type":"","background-media":"","overlay-type":"","overlay-color":"","overlay-opacity":"","overlay-gradient":""},"tablet":{"background-color":"","background-image":"","background-repeat":"repeat","background-position":"center center","background-size":"auto","background-attachment":"scroll","background-type":"","background-media":"","overlay-type":"","overlay-color":"","overlay-opacity":"","overlay-gradient":""},"mobile":{"background-color":"","background-image":"","background-repeat":"repeat","background-position":"center center","background-size":"auto","background-attachment":"scroll","background-type":"","background-media":"","overlay-type":"","overlay-color":"","overlay-opacity":"","overlay-gradient":""}},"ast-content-background-meta":{"desktop":{"background-color":"var(--ast-global-color-5)","background-image":"","background-repeat":"repeat","background-position":"center center","background-size":"auto","background-attachment":"scroll","background-type":"","background-media":"","overlay-type":"","overlay-color":"","overlay-opacity":"","overlay-gradient":""},"tablet":{"background-color":"var(--ast-global-color-5)","background-image":"","background-repeat":"repeat","background-position":"center center","background-size":"auto","background-attachment":"scroll","background-type":"","background-media":"","overlay-type":"","overlay-color":"","overlay-opacity":"","overlay-gradient":""},"mobile":{"background-color":"var(--ast-global-color-5)","background-image":"","background-repeat":"repeat","background-position":"center center","background-size":"auto","background-attachment":"scroll","background-type":"","background-media":"","overlay-type":"","overlay-color":"","overlay-opacity":"","overlay-gradient":""}}},"product_brand":[],"product_cat":[88],"product_tag":[],"class_list":{"0":"post-9906","1":"product","2":"type-product","3":"status-publish","4":"has-post-thumbnail","6":"product_cat-producto-potenciador-del-sabor","7":"desktop-align-center","8":"tablet-align-left","9":"mobile-align-left","11":"first","12":"instock","13":"shipping-taxable","14":"product-type-simple"},"yoast_head":"<!-- This site is optimized with the Yoast SEO plugin v26.5 - https:\/\/yoast.com\/wordpress\/plugins\/seo\/ -->\n<title>Glucono Delta Lactona Proveedores, Venta al por Mayor de E575 Polvos | Niranbio Chemical<\/title>\n<meta name=\"description\" content=\"Nuestra glucono delta lactona (E575) se presenta como cristales blancos o polvo cristalino, no tiene olor y tiene un sabor dulce primero y luego amargo.\" \/>\n<meta name=\"robots\" content=\"noindex, follow, max-snippet:-1, max-image-preview:large, max-video-preview:-1\" \/>\n<meta name=\"twitter:label1\" content=\"Tiempo de lectura\" \/>\n\t<meta name=\"twitter:data1\" content=\"4 minutos\" \/>\n<script type=\"application\/ld+json\" class=\"yoast-schema-graph\">{\"@context\":\"https:\/\/schema.org\",\"@graph\":[{\"@type\":\"WebPage\",\"@id\":\"https:\/\/theo.niranbio.com\/es\/glucono-delta-lactona-gdl.html\",\"url\":\"https:\/\/theo.niranbio.com\/es\/glucono-delta-lactona-gdl.html\",\"name\":\"Glucono Delta Lactona Proveedores, Venta al por Mayor de E575 Polvos | Niranbio Chemical\",\"isPartOf\":{\"@id\":\"https:\/\/theo.niranbio.com\/es\/#website\"},\"primaryImageOfPage\":{\"@id\":\"https:\/\/theo.niranbio.com\/es\/glucono-delta-lactona-gdl.html#primaryimage\"},\"image\":{\"@id\":\"https:\/\/theo.niranbio.com\/es\/glucono-delta-lactona-gdl.html#primaryimage\"},\"thumbnailUrl\":\"https:\/\/theo.niranbio.com\/wp-content\/uploads\/2024\/06\/GDL-Glucono-Delta-Lactone.webp\",\"datePublished\":\"2024-06-20T02:49:29+00:00\",\"dateModified\":\"2024-08-16T02:43:25+00:00\",\"description\":\"Nuestra glucono delta lactona (E575) se presenta como cristales blancos o polvo cristalino, no tiene olor y tiene un sabor dulce primero y luego amargo.\",\"breadcrumb\":{\"@id\":\"https:\/\/theo.niranbio.com\/es\/glucono-delta-lactona-gdl.html#breadcrumb\"},\"inLanguage\":\"es\",\"potentialAction\":[{\"@type\":\"ReadAction\",\"target\":[\"https:\/\/theo.niranbio.com\/es\/glucono-delta-lactona-gdl.html\"]}]},{\"@type\":\"ImageObject\",\"inLanguage\":\"es\",\"@id\":\"https:\/\/theo.niranbio.com\/es\/glucono-delta-lactona-gdl.html#primaryimage\",\"url\":\"https:\/\/theo.niranbio.com\/wp-content\/uploads\/2024\/06\/GDL-Glucono-Delta-Lactone.webp\",\"contentUrl\":\"https:\/\/theo.niranbio.com\/wp-content\/uploads\/2024\/06\/GDL-Glucono-Delta-Lactone.webp\",\"width\":600,\"height\":600,\"caption\":\"Glucono delta lactona\"},{\"@type\":\"BreadcrumbList\",\"@id\":\"https:\/\/theo.niranbio.com\/es\/glucono-delta-lactona-gdl.html#breadcrumb\",\"itemListElement\":[{\"@type\":\"ListItem\",\"position\":1,\"name\":\"Home\",\"item\":\"https:\/\/theo.niranbio.com\/es\/\"},{\"@type\":\"ListItem\",\"position\":2,\"name\":\"Productos\",\"item\":\"https:\/\/theo.niranbio.com\/es\/productos.html\"},{\"@type\":\"ListItem\",\"position\":3,\"name\":\"Potenciador del Sabor\",\"item\":\"https:\/\/theo.niranbio.com\/es\/producto-potenciador-del-sabor\/\"},{\"@type\":\"ListItem\",\"position\":4,\"name\":\"Glucono delta lactona\"}]},{\"@type\":\"WebSite\",\"@id\":\"https:\/\/theo.niranbio.com\/es\/#website\",\"url\":\"https:\/\/theo.niranbio.com\/es\/\",\"name\":\"Niranbio Chemical\",\"description\":\"\",\"publisher\":{\"@id\":\"https:\/\/theo.niranbio.com\/es\/#organization\"},\"potentialAction\":[{\"@type\":\"SearchAction\",\"target\":{\"@type\":\"EntryPoint\",\"urlTemplate\":\"https:\/\/theo.niranbio.com\/es\/?s={search_term_string}\"},\"query-input\":{\"@type\":\"PropertyValueSpecification\",\"valueRequired\":true,\"valueName\":\"search_term_string\"}}],\"inLanguage\":\"es\"},{\"@type\":\"Organization\",\"@id\":\"https:\/\/theo.niranbio.com\/es\/#organization\",\"name\":\"Niranbio Chemical\",\"url\":\"https:\/\/theo.niranbio.com\/es\/\",\"logo\":{\"@type\":\"ImageObject\",\"inLanguage\":\"es\",\"@id\":\"https:\/\/theo.niranbio.com\/es\/#\/schema\/logo\/image\/\",\"url\":\"https:\/\/theo.niranbio.com\/wp-content\/uploads\/2024\/06\/Niranbio.png\",\"contentUrl\":\"https:\/\/theo.niranbio.com\/wp-content\/uploads\/2024\/06\/Niranbio.png\",\"width\":270,\"height\":100,\"caption\":\"Niranbio Chemical\"},\"image\":{\"@id\":\"https:\/\/theo.niranbio.com\/es\/#\/schema\/logo\/image\/\"}}]}<\/script>\n<!-- \/ Yoast SEO plugin. -->","yoast_head_json":{"title":"Glucono Delta Lactona Proveedores, Venta al por Mayor de E575 Polvos | Niranbio Chemical","description":"Nuestra glucono delta lactona (E575) se presenta como cristales blancos o polvo cristalino, no tiene olor y tiene un sabor dulce primero y luego amargo.","robots":{"index":"noindex","follow":"follow","max-snippet":"max-snippet:-1","max-image-preview":"max-image-preview:large","max-video-preview":"max-video-preview:-1"},"twitter_misc":{"Tiempo de lectura":"4 minutos"},"schema":{"@context":"https:\/\/schema.org","@graph":[{"@type":"WebPage","@id":"https:\/\/theo.niranbio.com\/es\/glucono-delta-lactona-gdl.html","url":"https:\/\/theo.niranbio.com\/es\/glucono-delta-lactona-gdl.html","name":"Glucono Delta Lactona Proveedores, Venta al por Mayor de E575 Polvos | Niranbio Chemical","isPartOf":{"@id":"https:\/\/theo.niranbio.com\/es\/#website"},"primaryImageOfPage":{"@id":"https:\/\/theo.niranbio.com\/es\/glucono-delta-lactona-gdl.html#primaryimage"},"image":{"@id":"https:\/\/theo.niranbio.com\/es\/glucono-delta-lactona-gdl.html#primaryimage"},"thumbnailUrl":"https:\/\/theo.niranbio.com\/wp-content\/uploads\/2024\/06\/GDL-Glucono-Delta-Lactone.webp","datePublished":"2024-06-20T02:49:29+00:00","dateModified":"2024-08-16T02:43:25+00:00","description":"Nuestra glucono delta lactona (E575) se presenta como cristales blancos o polvo cristalino, no tiene olor y tiene un sabor dulce primero y luego amargo.","breadcrumb":{"@id":"https:\/\/theo.niranbio.com\/es\/glucono-delta-lactona-gdl.html#breadcrumb"},"inLanguage":"es","potentialAction":[{"@type":"ReadAction","target":["https:\/\/theo.niranbio.com\/es\/glucono-delta-lactona-gdl.html"]}]},{"@type":"ImageObject","inLanguage":"es","@id":"https:\/\/theo.niranbio.com\/es\/glucono-delta-lactona-gdl.html#primaryimage","url":"https:\/\/theo.niranbio.com\/wp-content\/uploads\/2024\/06\/GDL-Glucono-Delta-Lactone.webp","contentUrl":"https:\/\/theo.niranbio.com\/wp-content\/uploads\/2024\/06\/GDL-Glucono-Delta-Lactone.webp","width":600,"height":600,"caption":"Glucono delta lactona"},{"@type":"BreadcrumbList","@id":"https:\/\/theo.niranbio.com\/es\/glucono-delta-lactona-gdl.html#breadcrumb","itemListElement":[{"@type":"ListItem","position":1,"name":"Home","item":"https:\/\/theo.niranbio.com\/es\/"},{"@type":"ListItem","position":2,"name":"Productos","item":"https:\/\/theo.niranbio.com\/es\/productos.html"},{"@type":"ListItem","position":3,"name":"Potenciador del Sabor","item":"https:\/\/theo.niranbio.com\/es\/producto-potenciador-del-sabor\/"},{"@type":"ListItem","position":4,"name":"Glucono delta lactona"}]},{"@type":"WebSite","@id":"https:\/\/theo.niranbio.com\/es\/#website","url":"https:\/\/theo.niranbio.com\/es\/","name":"Niranbio Chemical","description":"","publisher":{"@id":"https:\/\/theo.niranbio.com\/es\/#organization"},"potentialAction":[{"@type":"SearchAction","target":{"@type":"EntryPoint","urlTemplate":"https:\/\/theo.niranbio.com\/es\/?s={search_term_string}"},"query-input":{"@type":"PropertyValueSpecification","valueRequired":true,"valueName":"search_term_string"}}],"inLanguage":"es"},{"@type":"Organization","@id":"https:\/\/theo.niranbio.com\/es\/#organization","name":"Niranbio Chemical","url":"https:\/\/theo.niranbio.com\/es\/","logo":{"@type":"ImageObject","inLanguage":"es","@id":"https:\/\/theo.niranbio.com\/es\/#\/schema\/logo\/image\/","url":"https:\/\/theo.niranbio.com\/wp-content\/uploads\/2024\/06\/Niranbio.png","contentUrl":"https:\/\/theo.niranbio.com\/wp-content\/uploads\/2024\/06\/Niranbio.png","width":270,"height":100,"caption":"Niranbio Chemical"},"image":{"@id":"https:\/\/theo.niranbio.com\/es\/#\/schema\/logo\/image\/"}}]}},"_links":{"self":[{"href":"https:\/\/theo.niranbio.com\/es\/wp-json\/wp\/v2\/product\/9906","targetHints":{"allow":["GET"]}}],"collection":[{"href":"https:\/\/theo.niranbio.com\/es\/wp-json\/wp\/v2\/product"}],"about":[{"href":"https:\/\/theo.niranbio.com\/es\/wp-json\/wp\/v2\/types\/product"}],"version-history":[{"count":0,"href":"https:\/\/theo.niranbio.com\/es\/wp-json\/wp\/v2\/product\/9906\/revisions"}],"wp:featuredmedia":[{"embeddable":true,"href":"https:\/\/theo.niranbio.com\/es\/wp-json\/wp\/v2\/media\/5890"}],"wp:attachment":[{"href":"https:\/\/theo.niranbio.com\/es\/wp-json\/wp\/v2\/media?parent=9906"}],"wp:term":[{"taxonomy":"product_brand","embeddable":true,"href":"https:\/\/theo.niranbio.com\/es\/wp-json\/wp\/v2\/product_brand?post=9906"},{"taxonomy":"product_cat","embeddable":true,"href":"https:\/\/theo.niranbio.com\/es\/wp-json\/wp\/v2\/product_cat?post=9906"},{"taxonomy":"product_tag","embeddable":true,"href":"https:\/\/theo.niranbio.com\/es\/wp-json\/wp\/v2\/product_tag?post=9906"}],"curies":[{"name":"wp","href":"https:\/\/api.w.org\/{rel}","templated":true}]}}