{"id":9855,"date":"2024-06-20T11:38:20","date_gmt":"2024-06-20T03:38:20","guid":{"rendered":"https:\/\/theo.niranbio.com\/concentrado-de-proteina-de-arroz\/"},"modified":"2024-08-16T12:15:19","modified_gmt":"2024-08-16T04:15:19","slug":"concentrado-de-proteina-de-arroz","status":"publish","type":"product","link":"https:\/\/theo.niranbio.com\/es\/concentrado-de-proteina-de-arroz.html","title":{"rendered":"Concentrado de prote\u00edna de arroz"},"content":{"rendered":"<h2><span class=\"ez-toc-section\" id=\"%C2%BFQue_es_el_concentrado_de_proteina_de_arroz\"><\/span>\u00bfQu\u00e9 es el concentrado de prote\u00edna de arroz?<span class=\"ez-toc-section-end\"><\/span><\/h2>\n<p>El concentrado de prote\u00edna de arroz es un polvo vegetal de alto contenido proteico extra\u00eddo del arroz. Suele ser de color blanco o beige claro y contiene alrededor de un 70-80% de prote\u00edna. Tiene buena solubilidad y baja alergenicidad y se usa ampliamente en nutrici\u00f3n deportiva, alimentos infantiles, alimentos de origen vegetal y productos horneados. Con el crecimiento de la tendencia de la alimentaci\u00f3n saludable, la demanda de concentrado de prote\u00edna de arroz en el mercado global sigue aumentando, especialmente entre los vegetarianos y las personas con alergias.<\/p>\n<p>El proceso de preparaci\u00f3n del concentrado de prote\u00edna de arroz incluye principalmente extracci\u00f3n h\u00fameda y extracci\u00f3n seca. La extracci\u00f3n h\u00fameda es el proceso principal actual, que implica remojar, moler, separar el almid\u00f3n y la fibra, concentrar la prote\u00edna y secar el arroz. Puede retener eficazmente la prote\u00edna de alta pureza y es adecuado para la producci\u00f3n a gran escala. El secado por aspersi\u00f3n o el secado por congelaci\u00f3n, junto con tecnolog\u00edas de separaci\u00f3n por membrana como la ultrafiltraci\u00f3n, se emplean con frecuencia en la industria de alimentos y bebidas. La extracci\u00f3n en seco incluye horneado, molienda, tamizado y concentraci\u00f3n, pero rara vez se utiliza en la producci\u00f3n de concentrado de prote\u00edna de arroz de grado alimenticio porque puede causar desnaturalizaci\u00f3n de prote\u00ednas y p\u00e9rdida funcional. La extracci\u00f3n h\u00fameda se ha convertido en el proceso de preparaci\u00f3n principal para el concentrado de prote\u00edna de arroz de grado alimenticio debido a su alta eficiencia y retenci\u00f3n de prote\u00ednas de alta calidad.<\/p>\n<h2><span class=\"ez-toc-section\" id=\"Dosis_recomendada\"><\/span><strong><b>Dosis recomendada:<\/b><\/strong><span class=\"ez-toc-section-end\"><\/span><\/h2>\n<table>\n<tbody>\n<tr>\n<td><strong>Nombre del alimento<\/strong><\/td>\n<td><strong>Uso m\u00e1ximo (g\/kg)<\/strong><\/td>\n<\/tr>\n<tr>\n<td>Bebidas funcionales<\/td>\n<td>2-8 g\/kg<\/td>\n<\/tr>\n<tr>\n<td>Suplementos prote\u00ednicos<\/td>\n<td>15-25 g\/kg<\/td>\n<\/tr>\n<tr>\n<td>Alimentos enriquecidos<\/td>\n<td>5-15 g\/kg<\/td>\n<\/tr>\n<tr>\n<td>Alimentos sin lactosa<\/td>\n<td>5-15 g\/kg<\/td>\n<\/tr>\n<tr>\n<td>Alimentos ricos en fibra<\/td>\n<td>5-10 g\/kg<\/td>\n<\/tr>\n<tr>\n<td>Aperitivos saludables<\/td>\n<td>5-15 g\/kg<\/td>\n<\/tr>\n<tr>\n<td>Alimentos para adelgazar<\/td>\n<td>10-20 g\/kg<\/td>\n<\/tr>\n<tr>\n<td>Productos de panader\u00eda<\/td>\n<td>5-10 g\/kg<\/td>\n<\/tr>\n<tr>\n<td>Galletas funcionales<\/td>\n<td>5-15 g\/kg<\/td>\n<\/tr>\n<tr>\n<td>Alimentos bajos en az\u00facar<\/td>\n<td>5-10 g\/kg<\/td>\n<\/tr>\n<tr>\n<td>Hamburguesas vegetarianas<\/td>\n<td>10-20 g\/kg<\/td>\n<\/tr>\n<tr>\n<td>Polvos enriquecidos<\/td>\n<td>10-20 g\/kg<\/td>\n<\/tr>\n<tr>\n<td>Cereales de desayuno ricos en prote\u00ednas<\/td>\n<td>5-15 g\/kg<\/td>\n<\/tr>\n<tr>\n<td>Bebidas energ\u00e9ticas<\/td>\n<td>5-10 g\/kg<\/td>\n<\/tr>\n<\/tbody>\n<\/table>\n<h2><span class=\"ez-toc-section\" id=\"El_concentrado_de_proteina_de_arroz_tiene_una_amplia_gama_de_usos\"><\/span>El concentrado de prote\u00edna de arroz tiene una amplia gama de usos<span class=\"ez-toc-section-end\"><\/span><\/h2>\n<ol>\n<li>Alto contenido de prote\u00ednas: el concentrado de prote\u00edna de arroz contiene entre un 70 y un 80 % de prote\u00ednas, lo que es una buena fuente de prote\u00ednas de origen vegetal y ayuda a satisfacer dietas ricas en prote\u00ednas.<\/li>\n<li>F\u00e1cil de digerir: en comparaci\u00f3n con otras fuentes de prote\u00ednas, el concentrado de prote\u00edna de arroz es m\u00e1s f\u00e1cil de digerir y absorber, adecuado para personas con constituciones sensibles y sistemas digestivos d\u00e9biles.<\/li>\n<li>Baja alergenicidad: la prote\u00edna de arroz no contiene al\u00e9rgenos comunes en productos l\u00e1cteos, legumbres o cereales, adecuado para personas al\u00e9rgicas a estos ingredientes.<\/li>\n<li>Mejora la textura de los alimentos: En los alimentos horneados y procesados, el concentrado de prote\u00edna de arroz puede mejorar la textura y la estructura del producto y realzar el sabor.<\/li>\n<li>Fortificaci\u00f3n nutricional: Puede mejorar el contenido nutricional de los alimentos como complemento nutricional, en particular en dietas en las que se requiere un aumento del consumo de prote\u00ednas.<\/li>\n<\/ol>\n<h2><span class=\"ez-toc-section\" id=\"Pregunta_del_usuario\"><\/span>Pregunta del usuario:<span class=\"ez-toc-section-end\"><\/span><\/h2>\n<p>Pregunta: \u00bfCu\u00e1les son las ventajas del concentrado de prote\u00edna de arroz sobre la prote\u00edna de suero?<\/p>\n<p>Respuesta: 1. El concentrado de prote\u00edna de arroz no contiene l\u00e1cteos ni gluten, por lo que es adecuado para personas al\u00e9rgicas a los productos l\u00e1cteos o sensibles al gluten, as\u00ed como para quienes siguen una dieta sin l\u00e1cteos o sin gluten.<\/p>\n<p>2. La prote\u00edna de arroz es generalmente m\u00e1s digerible que la prote\u00edna de suero y puede ser m\u00e1s suave para algunas personas y no causar\u00e1 molestias ni malestar gastrointestinal.<\/p>\n<p>3. La prote\u00edna de arroz es una prote\u00edna vegetal extra\u00edda del arroz. Es una fuente importante de prote\u00ednas para los vegetarianos y tambi\u00e9n es beneficiosa para la sostenibilidad ambiental porque el arroz es un cultivo ampliamente cultivado.<\/p>\n<p>4. El concentrado de prote\u00edna de arroz es generalmente menos alerg\u00e9nico que la prote\u00edna de suero y la prote\u00edna de soja, y es m\u00e1s seguro para las personas que necesitan evitar los al\u00e9rgenos comunes.<\/p>\n<p>5. La prote\u00edna de arroz tiene una buena capacidad de personalizaci\u00f3n en el procesamiento de alimentos y puede adaptarse a una variedad de diferentes necesidades de productos alimenticios, como barras energ\u00e9ticas, barras de cereales, etc., que generalmente necesitan aumentar el contenido de prote\u00edna sin introducir ingredientes l\u00e1cteos o de soja.<\/p>\n","protected":false},"excerpt":{"rendered":"<ul>\n<li>Certificaci\u00f3n: KOSHER, ISO, HALAL, FSSC22000, BRC, etc.<\/li>\n<li>Cantidad m\u00ednima de pedido: 1000KG<\/li>\n<li>Caducidad: 2 a\u00f1os<\/li>\n<\/ul>\n","protected":false},"featured_media":5725,"template":"","meta":{"site-sidebar-layout":"default","site-content-layout":"","ast-site-content-layout":"default","site-content-style":"default","site-sidebar-style":"default","ast-global-header-display":"","ast-banner-title-visibility":"","ast-main-header-display":"","ast-hfb-above-header-display":"","ast-hfb-below-header-display":"","ast-hfb-mobile-header-display":"","site-post-title":"","ast-breadcrumbs-content":"","ast-featured-img":"","footer-sml-layout":"","theme-transparent-header-meta":"default","adv-header-id-meta":"","stick-header-meta":"","header-above-stick-meta":"","header-main-stick-meta":"","header-below-stick-meta":"","astra-migrate-meta-layouts":"set","ast-page-background-enabled":"default","ast-page-background-meta":{"desktop":{"background-color":"var(--ast-global-color-4)","background-image":"","background-repeat":"repeat","background-position":"center center","background-size":"auto","background-attachment":"scroll","background-type":"","background-media":"","overlay-type":"","overlay-color":"","overlay-opacity":"","overlay-gradient":""},"tablet":{"background-color":"","background-image":"","background-repeat":"repeat","background-position":"center center","background-size":"auto","background-attachment":"scroll","background-type":"","background-media":"","overlay-type":"","overlay-color":"","overlay-opacity":"","overlay-gradient":""},"mobile":{"background-color":"","background-image":"","background-repeat":"repeat","background-position":"center center","background-size":"auto","background-attachment":"scroll","background-type":"","background-media":"","overlay-type":"","overlay-color":"","overlay-opacity":"","overlay-gradient":""}},"ast-content-background-meta":{"desktop":{"background-color":"var(--ast-global-color-5)","background-image":"","background-repeat":"repeat","background-position":"center center","background-size":"auto","background-attachment":"scroll","background-type":"","background-media":"","overlay-type":"","overlay-color":"","overlay-opacity":"","overlay-gradient":""},"tablet":{"background-color":"var(--ast-global-color-5)","background-image":"","background-repeat":"repeat","background-position":"center center","background-size":"auto","background-attachment":"scroll","background-type":"","background-media":"","overlay-type":"","overlay-color":"","overlay-opacity":"","overlay-gradient":""},"mobile":{"background-color":"var(--ast-global-color-5)","background-image":"","background-repeat":"repeat","background-position":"center center","background-size":"auto","background-attachment":"scroll","background-type":"","background-media":"","overlay-type":"","overlay-color":"","overlay-opacity":"","overlay-gradient":""}}},"product_brand":[],"product_cat":[96],"product_tag":[],"class_list":{"0":"post-9855","1":"product","2":"type-product","3":"status-publish","4":"has-post-thumbnail","6":"product_cat-producto-proteico","7":"desktop-align-center","8":"tablet-align-left","9":"mobile-align-left","11":"first","12":"instock","13":"shipping-taxable","14":"product-type-simple"},"yoast_head":"<!-- This site is optimized with the Yoast SEO plugin v26.5 - https:\/\/yoast.com\/wordpress\/plugins\/seo\/ -->\n<title>Proveedor de Concentrado de Prote\u00edna de Arroz en Polvo | Niranbio Chemical<\/title>\n<meta name=\"description\" content=\"\u00bfBusca un proveedor de concentrado de prote\u00edna de arroz en polvo de alta calidad en China? NIRAN es su opci\u00f3n ideal. \u00a1Cont\u00e1ctenos para obtener una cotizaci\u00f3n gratis ahora!\" \/>\n<meta name=\"robots\" content=\"noindex, follow, max-snippet:-1, max-image-preview:large, max-video-preview:-1\" \/>\n<meta name=\"twitter:label1\" content=\"Tiempo de lectura\" \/>\n\t<meta name=\"twitter:data1\" content=\"4 minutos\" \/>\n<script type=\"application\/ld+json\" class=\"yoast-schema-graph\">{\"@context\":\"https:\/\/schema.org\",\"@graph\":[{\"@type\":\"WebPage\",\"@id\":\"https:\/\/theo.niranbio.com\/es\/concentrado-de-proteina-de-arroz.html\",\"url\":\"https:\/\/theo.niranbio.com\/es\/concentrado-de-proteina-de-arroz.html\",\"name\":\"Proveedor de Concentrado de Prote\u00edna de Arroz en Polvo | Niranbio Chemical\",\"isPartOf\":{\"@id\":\"https:\/\/theo.niranbio.com\/es\/#website\"},\"primaryImageOfPage\":{\"@id\":\"https:\/\/theo.niranbio.com\/es\/concentrado-de-proteina-de-arroz.html#primaryimage\"},\"image\":{\"@id\":\"https:\/\/theo.niranbio.com\/es\/concentrado-de-proteina-de-arroz.html#primaryimage\"},\"thumbnailUrl\":\"https:\/\/theo.niranbio.com\/wp-content\/uploads\/2024\/06\/Rice-Protein-Concentrate.webp\",\"datePublished\":\"2024-06-20T03:38:20+00:00\",\"dateModified\":\"2024-08-16T04:15:19+00:00\",\"description\":\"\u00bfBusca un proveedor de concentrado de prote\u00edna de arroz en polvo de alta calidad en China? NIRAN es su opci\u00f3n ideal. \u00a1Cont\u00e1ctenos para obtener una cotizaci\u00f3n gratis ahora!\",\"breadcrumb\":{\"@id\":\"https:\/\/theo.niranbio.com\/es\/concentrado-de-proteina-de-arroz.html#breadcrumb\"},\"inLanguage\":\"es\",\"potentialAction\":[{\"@type\":\"ReadAction\",\"target\":[\"https:\/\/theo.niranbio.com\/es\/concentrado-de-proteina-de-arroz.html\"]}]},{\"@type\":\"ImageObject\",\"inLanguage\":\"es\",\"@id\":\"https:\/\/theo.niranbio.com\/es\/concentrado-de-proteina-de-arroz.html#primaryimage\",\"url\":\"https:\/\/theo.niranbio.com\/wp-content\/uploads\/2024\/06\/Rice-Protein-Concentrate.webp\",\"contentUrl\":\"https:\/\/theo.niranbio.com\/wp-content\/uploads\/2024\/06\/Rice-Protein-Concentrate.webp\",\"width\":600,\"height\":600,\"caption\":\"Concentrado de prote\u00edna de arroz\"},{\"@type\":\"BreadcrumbList\",\"@id\":\"https:\/\/theo.niranbio.com\/es\/concentrado-de-proteina-de-arroz.html#breadcrumb\",\"itemListElement\":[{\"@type\":\"ListItem\",\"position\":1,\"name\":\"Home\",\"item\":\"https:\/\/theo.niranbio.com\/es\/\"},{\"@type\":\"ListItem\",\"position\":2,\"name\":\"Productos\",\"item\":\"https:\/\/theo.niranbio.com\/es\/productos.html\"},{\"@type\":\"ListItem\",\"position\":3,\"name\":\"Proteico\",\"item\":\"https:\/\/theo.niranbio.com\/es\/producto-proteico\/\"},{\"@type\":\"ListItem\",\"position\":4,\"name\":\"Concentrado de prote\u00edna de arroz\"}]},{\"@type\":\"WebSite\",\"@id\":\"https:\/\/theo.niranbio.com\/es\/#website\",\"url\":\"https:\/\/theo.niranbio.com\/es\/\",\"name\":\"Niranbio Chemical\",\"description\":\"\",\"publisher\":{\"@id\":\"https:\/\/theo.niranbio.com\/es\/#organization\"},\"potentialAction\":[{\"@type\":\"SearchAction\",\"target\":{\"@type\":\"EntryPoint\",\"urlTemplate\":\"https:\/\/theo.niranbio.com\/es\/?s={search_term_string}\"},\"query-input\":{\"@type\":\"PropertyValueSpecification\",\"valueRequired\":true,\"valueName\":\"search_term_string\"}}],\"inLanguage\":\"es\"},{\"@type\":\"Organization\",\"@id\":\"https:\/\/theo.niranbio.com\/es\/#organization\",\"name\":\"Niranbio Chemical\",\"url\":\"https:\/\/theo.niranbio.com\/es\/\",\"logo\":{\"@type\":\"ImageObject\",\"inLanguage\":\"es\",\"@id\":\"https:\/\/theo.niranbio.com\/es\/#\/schema\/logo\/image\/\",\"url\":\"https:\/\/theo.niranbio.com\/wp-content\/uploads\/2024\/06\/Niranbio.png\",\"contentUrl\":\"https:\/\/theo.niranbio.com\/wp-content\/uploads\/2024\/06\/Niranbio.png\",\"width\":270,\"height\":100,\"caption\":\"Niranbio Chemical\"},\"image\":{\"@id\":\"https:\/\/theo.niranbio.com\/es\/#\/schema\/logo\/image\/\"}}]}<\/script>\n<!-- \/ Yoast SEO plugin. -->","yoast_head_json":{"title":"Proveedor de Concentrado de Prote\u00edna de Arroz en Polvo | Niranbio Chemical","description":"\u00bfBusca un proveedor de concentrado de prote\u00edna de arroz en polvo de alta calidad en China? NIRAN es su opci\u00f3n ideal. \u00a1Cont\u00e1ctenos para obtener una cotizaci\u00f3n gratis ahora!","robots":{"index":"noindex","follow":"follow","max-snippet":"max-snippet:-1","max-image-preview":"max-image-preview:large","max-video-preview":"max-video-preview:-1"},"twitter_misc":{"Tiempo de lectura":"4 minutos"},"schema":{"@context":"https:\/\/schema.org","@graph":[{"@type":"WebPage","@id":"https:\/\/theo.niranbio.com\/es\/concentrado-de-proteina-de-arroz.html","url":"https:\/\/theo.niranbio.com\/es\/concentrado-de-proteina-de-arroz.html","name":"Proveedor de Concentrado de Prote\u00edna de Arroz en Polvo | Niranbio Chemical","isPartOf":{"@id":"https:\/\/theo.niranbio.com\/es\/#website"},"primaryImageOfPage":{"@id":"https:\/\/theo.niranbio.com\/es\/concentrado-de-proteina-de-arroz.html#primaryimage"},"image":{"@id":"https:\/\/theo.niranbio.com\/es\/concentrado-de-proteina-de-arroz.html#primaryimage"},"thumbnailUrl":"https:\/\/theo.niranbio.com\/wp-content\/uploads\/2024\/06\/Rice-Protein-Concentrate.webp","datePublished":"2024-06-20T03:38:20+00:00","dateModified":"2024-08-16T04:15:19+00:00","description":"\u00bfBusca un proveedor de concentrado de prote\u00edna de arroz en polvo de alta calidad en China? NIRAN es su opci\u00f3n ideal. \u00a1Cont\u00e1ctenos para obtener una cotizaci\u00f3n gratis ahora!","breadcrumb":{"@id":"https:\/\/theo.niranbio.com\/es\/concentrado-de-proteina-de-arroz.html#breadcrumb"},"inLanguage":"es","potentialAction":[{"@type":"ReadAction","target":["https:\/\/theo.niranbio.com\/es\/concentrado-de-proteina-de-arroz.html"]}]},{"@type":"ImageObject","inLanguage":"es","@id":"https:\/\/theo.niranbio.com\/es\/concentrado-de-proteina-de-arroz.html#primaryimage","url":"https:\/\/theo.niranbio.com\/wp-content\/uploads\/2024\/06\/Rice-Protein-Concentrate.webp","contentUrl":"https:\/\/theo.niranbio.com\/wp-content\/uploads\/2024\/06\/Rice-Protein-Concentrate.webp","width":600,"height":600,"caption":"Concentrado de prote\u00edna de arroz"},{"@type":"BreadcrumbList","@id":"https:\/\/theo.niranbio.com\/es\/concentrado-de-proteina-de-arroz.html#breadcrumb","itemListElement":[{"@type":"ListItem","position":1,"name":"Home","item":"https:\/\/theo.niranbio.com\/es\/"},{"@type":"ListItem","position":2,"name":"Productos","item":"https:\/\/theo.niranbio.com\/es\/productos.html"},{"@type":"ListItem","position":3,"name":"Proteico","item":"https:\/\/theo.niranbio.com\/es\/producto-proteico\/"},{"@type":"ListItem","position":4,"name":"Concentrado de prote\u00edna de arroz"}]},{"@type":"WebSite","@id":"https:\/\/theo.niranbio.com\/es\/#website","url":"https:\/\/theo.niranbio.com\/es\/","name":"Niranbio Chemical","description":"","publisher":{"@id":"https:\/\/theo.niranbio.com\/es\/#organization"},"potentialAction":[{"@type":"SearchAction","target":{"@type":"EntryPoint","urlTemplate":"https:\/\/theo.niranbio.com\/es\/?s={search_term_string}"},"query-input":{"@type":"PropertyValueSpecification","valueRequired":true,"valueName":"search_term_string"}}],"inLanguage":"es"},{"@type":"Organization","@id":"https:\/\/theo.niranbio.com\/es\/#organization","name":"Niranbio Chemical","url":"https:\/\/theo.niranbio.com\/es\/","logo":{"@type":"ImageObject","inLanguage":"es","@id":"https:\/\/theo.niranbio.com\/es\/#\/schema\/logo\/image\/","url":"https:\/\/theo.niranbio.com\/wp-content\/uploads\/2024\/06\/Niranbio.png","contentUrl":"https:\/\/theo.niranbio.com\/wp-content\/uploads\/2024\/06\/Niranbio.png","width":270,"height":100,"caption":"Niranbio Chemical"},"image":{"@id":"https:\/\/theo.niranbio.com\/es\/#\/schema\/logo\/image\/"}}]}},"_links":{"self":[{"href":"https:\/\/theo.niranbio.com\/es\/wp-json\/wp\/v2\/product\/9855","targetHints":{"allow":["GET"]}}],"collection":[{"href":"https:\/\/theo.niranbio.com\/es\/wp-json\/wp\/v2\/product"}],"about":[{"href":"https:\/\/theo.niranbio.com\/es\/wp-json\/wp\/v2\/types\/product"}],"version-history":[{"count":0,"href":"https:\/\/theo.niranbio.com\/es\/wp-json\/wp\/v2\/product\/9855\/revisions"}],"wp:featuredmedia":[{"embeddable":true,"href":"https:\/\/theo.niranbio.com\/es\/wp-json\/wp\/v2\/media\/5725"}],"wp:attachment":[{"href":"https:\/\/theo.niranbio.com\/es\/wp-json\/wp\/v2\/media?parent=9855"}],"wp:term":[{"taxonomy":"product_brand","embeddable":true,"href":"https:\/\/theo.niranbio.com\/es\/wp-json\/wp\/v2\/product_brand?post=9855"},{"taxonomy":"product_cat","embeddable":true,"href":"https:\/\/theo.niranbio.com\/es\/wp-json\/wp\/v2\/product_cat?post=9855"},{"taxonomy":"product_tag","embeddable":true,"href":"https:\/\/theo.niranbio.com\/es\/wp-json\/wp\/v2\/product_tag?post=9855"}],"curies":[{"name":"wp","href":"https:\/\/api.w.org\/{rel}","templated":true}]}}