{"id":9845,"date":"2024-06-20T11:39:07","date_gmt":"2024-06-20T03:39:07","guid":{"rendered":"https:\/\/theo.niranbio.com\/peptido-de-arroz\/"},"modified":"2024-08-16T12:06:34","modified_gmt":"2024-08-16T04:06:34","slug":"peptido-de-arroz","status":"publish","type":"product","link":"https:\/\/theo.niranbio.com\/es\/peptido-de-arroz.html","title":{"rendered":"P\u00e9ptido de arroz"},"content":{"rendered":"<h2><span class=\"ez-toc-section\" id=\"%C2%BFQue_es_el_peptido_de_arroz\"><\/span>\u00bfQu\u00e9 es el p\u00e9ptido de arroz?<span class=\"ez-toc-section-end\"><\/span><\/h2>\n<p>El p\u00e9ptido de arroz es una mezcla de p\u00e9ptidos de cadena corta y amino\u00e1cidos elaborados a partir de prote\u00edna de arroz mediante hidr\u00f3lisis enzim\u00e1tica. Es un polvo de f\u00e1cil absorci\u00f3n y altamente soluble que es de color blanco o amarillo p\u00e1lido. Se usa ampliamente en alimentos y bebidas funcionales, productos para la salud, alimentos para beb\u00e9s, alimentos para personas mayores y alimentos para usos m\u00e9dicos especiales debido a sus m\u00faltiples actividades biol\u00f3gicas como antioxidante, inmunomodulador y antifatiga.<\/p>\n<p>Las perspectivas de mercado de los p\u00e9ptidos de arroz son amplias, gracias a la creciente demanda de alimentos saludables y funcionales por parte de los consumidores. Con la mejora de los procesos de producci\u00f3n y la reducci\u00f3n de costos, los p\u00e9ptidos de arroz han recibido cada vez m\u00e1s atenci\u00f3n y aplicaciones en todo el mundo, y se espera que su tama\u00f1o de mercado contin\u00fae expandi\u00e9ndose.<\/p>\n<h2><span class=\"ez-toc-section\" id=\"Dosis_recomendada\"><\/span><strong><b>Dosis recomendada:<\/b><\/strong><span class=\"ez-toc-section-end\"><\/span><\/h2>\n<table>\n<tbody>\n<tr>\n<td><strong>Nombre del alimento<\/strong><\/td>\n<td><strong>Uso m\u00e1ximo (g\/kg)<\/strong><\/td>\n<\/tr>\n<tr>\n<td>Bebidas funcionales<\/td>\n<td>2-5 g\/kg<\/td>\n<\/tr>\n<tr>\n<td>Bebidas deportivas<\/td>\n<td>3-8 g\/kg<\/td>\n<\/tr>\n<tr>\n<td>Prote\u00edna en polvo<\/td>\n<td>50-100 g\/kg<\/td>\n<\/tr>\n<tr>\n<td>Harina de avena lista para el consumo<\/td>\n<td>5-15 g\/kg<\/td>\n<\/tr>\n<tr>\n<td>Cereales de desayuno<\/td>\n<td>5-15 g\/kg<\/td>\n<\/tr>\n<tr>\n<td>Bebidas de prote\u00edna de suero<\/td>\n<td>5-15 g\/kg<\/td>\n<\/tr>\n<tr>\n<td>Yogur y productos l\u00e1cteos fermentados<\/td>\n<td>5-10 g\/kg<\/td>\n<\/tr>\n<tr>\n<td>Panader\u00eda<\/td>\n<td>5-10 g\/kg<\/td>\n<\/tr>\n<tr>\n<td>Pan y boller\u00eda<\/td>\n<td>10-20 g\/kg<\/td>\n<\/tr>\n<tr>\n<td>Galletas y postres<\/td>\n<td>5-15 g\/kg<\/td>\n<\/tr>\n<tr>\n<td>Chocolate y caramelos<\/td>\n<td>5-10 g\/kg<\/td>\n<\/tr>\n<tr>\n<td>Leches vegetales<\/td>\n<td>5-10 g\/kg<\/td>\n<\/tr>\n<tr>\n<td>Alimentos congelados listos para el consumo<\/td>\n<td>5-15 g\/kg<\/td>\n<\/tr>\n<tr>\n<td>Ali\u00f1os para ensaladas y salsas<\/td>\n<td>5-10 g\/kg<\/td>\n<\/tr>\n<tr>\n<td>Harina y pasta de arroz<\/td>\n<td>10-20 g\/kg<\/td>\n<\/tr>\n<\/tbody>\n<\/table>\n<h2><span class=\"ez-toc-section\" id=\"Los_peptidos_de_arroz_tienen_una_amplia_gama_de_usos\"><\/span>Los p\u00e9ptidos de arroz tienen una amplia gama de usos<span class=\"ez-toc-section-end\"><\/span><\/h2>\n<ol>\n<li>F\u00e1cil de absorber: los p\u00e9ptidos de arroz est\u00e1n compuestos de p\u00e9ptidos y amino\u00e1cidos de cadena corta, con un peso molecular peque\u00f1o, f\u00e1ciles de digerir y absorber por el cuerpo humano, y se pueden utilizar m\u00e1s r\u00e1pido que las prote\u00ednas completas.<\/li>\n<li>Antioxidante: los p\u00e9ptidos de arroz exhiben fuertes propiedades antioxidantes que pueden ayudar a eliminar los radicales libres, prevenir el da\u00f1o oxidativo a las c\u00e9lulas y retrasar el envejecimiento celular.<\/li>\n<li>Inmunomodulador: puede mejorar la funci\u00f3n del sistema inmunol\u00f3gico y mejorar la capacidad del cuerpo para luchar contra bacterias y virus.<\/li>\n<li>Antifatiga: los p\u00e9ptidos de arroz pueden promover el metabolismo energ\u00e9tico, reducir la fatiga y mejorar el rendimiento y la resistencia atl\u00e9ticos.<\/li>\n<li>Mejora la salud intestinal: sus propiedades de f\u00e1cil digesti\u00f3n y absorci\u00f3n ayudan a mejorar la funci\u00f3n intestinal, promueven el crecimiento de bacterias beneficiosas y ayudan a mantener la salud intestinal.<\/li>\n<li>Cuidado hidratante de la piel: algunos ingredientes de los p\u00e9ptidos de arroz pueden hidratar y reparar la barrera cut\u00e1nea, y son adecuados para cosm\u00e9ticos y productos para el cuidado de la piel.<\/li>\n<\/ol>\n<h2><span class=\"ez-toc-section\" id=\"Pregunta_del_usuario\"><\/span>Pregunta del usuario:<span class=\"ez-toc-section-end\"><\/span><\/h2>\n<p>Pregunta: \u00bfC\u00f3mo se comparan los p\u00e9ptidos de arroz con la prote\u00edna de suero?<\/p>\n<p>Respuesta: Los p\u00e9ptidos de arroz y la prote\u00edna de suero tienen cada uno sus propias caracter\u00edsticas. Los p\u00e9ptidos de arroz son p\u00e9ptidos de cadena corta obtenidos por prote\u00f3lisis de la prote\u00edna de arroz. Son f\u00e1ciles de digerir y absorber, adecuados para personas con alergias, vegetarianos y quienes necesitan apoyo inmunol\u00f3gico, y se utilizan ampliamente en alimentos funcionales y productos para la salud. La prote\u00edna de suero proviene de la leche y es rica en amino\u00e1cidos de cadena ramificada. Es especialmente adecuada para atletas y entusiastas del fitness que necesitan complementar r\u00e1pidamente las prote\u00ednas y promover la reparaci\u00f3n muscular. Los p\u00e9ptidos de arroz tienen una buena compatibilidad con una variedad de personas, mientras que la prote\u00edna de suero funciona bien en la nutrici\u00f3n deportiva y el crecimiento muscular.<\/p>\n","protected":false},"excerpt":{"rendered":"<ul>\n<li>Certificaci\u00f3n: KOSHER, ISO, HALAL, FSSC22000, BRC, etc.<\/li>\n<li>Cantidad m\u00ednima de pedido: 1000KG<\/li>\n<li>Caducidad: 2 a\u00f1os<\/li>\n<\/ul>\n","protected":false},"featured_media":5723,"template":"","meta":{"site-sidebar-layout":"default","site-content-layout":"","ast-site-content-layout":"default","site-content-style":"default","site-sidebar-style":"default","ast-global-header-display":"","ast-banner-title-visibility":"","ast-main-header-display":"","ast-hfb-above-header-display":"","ast-hfb-below-header-display":"","ast-hfb-mobile-header-display":"","site-post-title":"","ast-breadcrumbs-content":"","ast-featured-img":"","footer-sml-layout":"","theme-transparent-header-meta":"default","adv-header-id-meta":"","stick-header-meta":"","header-above-stick-meta":"","header-main-stick-meta":"","header-below-stick-meta":"","astra-migrate-meta-layouts":"set","ast-page-background-enabled":"default","ast-page-background-meta":{"desktop":{"background-color":"var(--ast-global-color-4)","background-image":"","background-repeat":"repeat","background-position":"center center","background-size":"auto","background-attachment":"scroll","background-type":"","background-media":"","overlay-type":"","overlay-color":"","overlay-opacity":"","overlay-gradient":""},"tablet":{"background-color":"","background-image":"","background-repeat":"repeat","background-position":"center center","background-size":"auto","background-attachment":"scroll","background-type":"","background-media":"","overlay-type":"","overlay-color":"","overlay-opacity":"","overlay-gradient":""},"mobile":{"background-color":"","background-image":"","background-repeat":"repeat","background-position":"center center","background-size":"auto","background-attachment":"scroll","background-type":"","background-media":"","overlay-type":"","overlay-color":"","overlay-opacity":"","overlay-gradient":""}},"ast-content-background-meta":{"desktop":{"background-color":"var(--ast-global-color-5)","background-image":"","background-repeat":"repeat","background-position":"center center","background-size":"auto","background-attachment":"scroll","background-type":"","background-media":"","overlay-type":"","overlay-color":"","overlay-opacity":"","overlay-gradient":""},"tablet":{"background-color":"var(--ast-global-color-5)","background-image":"","background-repeat":"repeat","background-position":"center center","background-size":"auto","background-attachment":"scroll","background-type":"","background-media":"","overlay-type":"","overlay-color":"","overlay-opacity":"","overlay-gradient":""},"mobile":{"background-color":"var(--ast-global-color-5)","background-image":"","background-repeat":"repeat","background-position":"center center","background-size":"auto","background-attachment":"scroll","background-type":"","background-media":"","overlay-type":"","overlay-color":"","overlay-opacity":"","overlay-gradient":""}}},"product_brand":[],"product_cat":[96],"product_tag":[],"class_list":{"0":"post-9845","1":"product","2":"type-product","3":"status-publish","4":"has-post-thumbnail","6":"product_cat-producto-proteico","7":"desktop-align-center","8":"tablet-align-left","9":"mobile-align-left","11":"first","12":"instock","13":"shipping-taxable","14":"product-type-simple"},"yoast_head":"<!-- This site is optimized with the Yoast SEO plugin v26.5 - https:\/\/yoast.com\/wordpress\/plugins\/seo\/ -->\n<title>Compre P\u00e9ptidos de Arroz en Polvo a Granel, Proveedor de P\u00e9ptidos de Arroz | Niranbio Chemical<\/title>\n<meta name=\"description\" content=\"Nuestro p\u00e9ptido de arroz es un polvo de f\u00e1cil absorci\u00f3n y alta solubilidad, de color blanco o amarillo p\u00e1lido, ampliamente utilizado en alimentos y bebidas funcionales.\" \/>\n<meta name=\"robots\" content=\"noindex, follow, max-snippet:-1, max-image-preview:large, max-video-preview:-1\" \/>\n<meta name=\"twitter:label1\" content=\"Tiempo de lectura\" \/>\n\t<meta name=\"twitter:data1\" content=\"3 minutos\" \/>\n<script type=\"application\/ld+json\" class=\"yoast-schema-graph\">{\"@context\":\"https:\/\/schema.org\",\"@graph\":[{\"@type\":\"WebPage\",\"@id\":\"https:\/\/theo.niranbio.com\/es\/peptido-de-arroz.html\",\"url\":\"https:\/\/theo.niranbio.com\/es\/peptido-de-arroz.html\",\"name\":\"Compre P\u00e9ptidos de Arroz en Polvo a Granel, Proveedor de P\u00e9ptidos de Arroz | Niranbio Chemical\",\"isPartOf\":{\"@id\":\"https:\/\/theo.niranbio.com\/es\/#website\"},\"primaryImageOfPage\":{\"@id\":\"https:\/\/theo.niranbio.com\/es\/peptido-de-arroz.html#primaryimage\"},\"image\":{\"@id\":\"https:\/\/theo.niranbio.com\/es\/peptido-de-arroz.html#primaryimage\"},\"thumbnailUrl\":\"https:\/\/theo.niranbio.com\/wp-content\/uploads\/2024\/06\/Rice-Peptide.webp\",\"datePublished\":\"2024-06-20T03:39:07+00:00\",\"dateModified\":\"2024-08-16T04:06:34+00:00\",\"description\":\"Nuestro p\u00e9ptido de arroz es un polvo de f\u00e1cil absorci\u00f3n y alta solubilidad, de color blanco o amarillo p\u00e1lido, ampliamente utilizado en alimentos y bebidas funcionales.\",\"breadcrumb\":{\"@id\":\"https:\/\/theo.niranbio.com\/es\/peptido-de-arroz.html#breadcrumb\"},\"inLanguage\":\"es\",\"potentialAction\":[{\"@type\":\"ReadAction\",\"target\":[\"https:\/\/theo.niranbio.com\/es\/peptido-de-arroz.html\"]}]},{\"@type\":\"ImageObject\",\"inLanguage\":\"es\",\"@id\":\"https:\/\/theo.niranbio.com\/es\/peptido-de-arroz.html#primaryimage\",\"url\":\"https:\/\/theo.niranbio.com\/wp-content\/uploads\/2024\/06\/Rice-Peptide.webp\",\"contentUrl\":\"https:\/\/theo.niranbio.com\/wp-content\/uploads\/2024\/06\/Rice-Peptide.webp\",\"width\":600,\"height\":600,\"caption\":\"P\u00e9ptido de arroz\"},{\"@type\":\"BreadcrumbList\",\"@id\":\"https:\/\/theo.niranbio.com\/es\/peptido-de-arroz.html#breadcrumb\",\"itemListElement\":[{\"@type\":\"ListItem\",\"position\":1,\"name\":\"Home\",\"item\":\"https:\/\/theo.niranbio.com\/es\/\"},{\"@type\":\"ListItem\",\"position\":2,\"name\":\"Productos\",\"item\":\"https:\/\/theo.niranbio.com\/es\/productos.html\"},{\"@type\":\"ListItem\",\"position\":3,\"name\":\"Proteico\",\"item\":\"https:\/\/theo.niranbio.com\/es\/producto-proteico\/\"},{\"@type\":\"ListItem\",\"position\":4,\"name\":\"P\u00e9ptido de arroz\"}]},{\"@type\":\"WebSite\",\"@id\":\"https:\/\/theo.niranbio.com\/es\/#website\",\"url\":\"https:\/\/theo.niranbio.com\/es\/\",\"name\":\"Niranbio Chemical\",\"description\":\"\",\"publisher\":{\"@id\":\"https:\/\/theo.niranbio.com\/es\/#organization\"},\"potentialAction\":[{\"@type\":\"SearchAction\",\"target\":{\"@type\":\"EntryPoint\",\"urlTemplate\":\"https:\/\/theo.niranbio.com\/es\/?s={search_term_string}\"},\"query-input\":{\"@type\":\"PropertyValueSpecification\",\"valueRequired\":true,\"valueName\":\"search_term_string\"}}],\"inLanguage\":\"es\"},{\"@type\":\"Organization\",\"@id\":\"https:\/\/theo.niranbio.com\/es\/#organization\",\"name\":\"Niranbio Chemical\",\"url\":\"https:\/\/theo.niranbio.com\/es\/\",\"logo\":{\"@type\":\"ImageObject\",\"inLanguage\":\"es\",\"@id\":\"https:\/\/theo.niranbio.com\/es\/#\/schema\/logo\/image\/\",\"url\":\"https:\/\/theo.niranbio.com\/wp-content\/uploads\/2024\/06\/Niranbio.png\",\"contentUrl\":\"https:\/\/theo.niranbio.com\/wp-content\/uploads\/2024\/06\/Niranbio.png\",\"width\":270,\"height\":100,\"caption\":\"Niranbio Chemical\"},\"image\":{\"@id\":\"https:\/\/theo.niranbio.com\/es\/#\/schema\/logo\/image\/\"}}]}<\/script>\n<!-- \/ Yoast SEO plugin. -->","yoast_head_json":{"title":"Compre P\u00e9ptidos de Arroz en Polvo a Granel, Proveedor de P\u00e9ptidos de Arroz | Niranbio Chemical","description":"Nuestro p\u00e9ptido de arroz es un polvo de f\u00e1cil absorci\u00f3n y alta solubilidad, de color blanco o amarillo p\u00e1lido, ampliamente utilizado en alimentos y bebidas funcionales.","robots":{"index":"noindex","follow":"follow","max-snippet":"max-snippet:-1","max-image-preview":"max-image-preview:large","max-video-preview":"max-video-preview:-1"},"twitter_misc":{"Tiempo de lectura":"3 minutos"},"schema":{"@context":"https:\/\/schema.org","@graph":[{"@type":"WebPage","@id":"https:\/\/theo.niranbio.com\/es\/peptido-de-arroz.html","url":"https:\/\/theo.niranbio.com\/es\/peptido-de-arroz.html","name":"Compre P\u00e9ptidos de Arroz en Polvo a Granel, Proveedor de P\u00e9ptidos de Arroz | Niranbio Chemical","isPartOf":{"@id":"https:\/\/theo.niranbio.com\/es\/#website"},"primaryImageOfPage":{"@id":"https:\/\/theo.niranbio.com\/es\/peptido-de-arroz.html#primaryimage"},"image":{"@id":"https:\/\/theo.niranbio.com\/es\/peptido-de-arroz.html#primaryimage"},"thumbnailUrl":"https:\/\/theo.niranbio.com\/wp-content\/uploads\/2024\/06\/Rice-Peptide.webp","datePublished":"2024-06-20T03:39:07+00:00","dateModified":"2024-08-16T04:06:34+00:00","description":"Nuestro p\u00e9ptido de arroz es un polvo de f\u00e1cil absorci\u00f3n y alta solubilidad, de color blanco o amarillo p\u00e1lido, ampliamente utilizado en alimentos y bebidas funcionales.","breadcrumb":{"@id":"https:\/\/theo.niranbio.com\/es\/peptido-de-arroz.html#breadcrumb"},"inLanguage":"es","potentialAction":[{"@type":"ReadAction","target":["https:\/\/theo.niranbio.com\/es\/peptido-de-arroz.html"]}]},{"@type":"ImageObject","inLanguage":"es","@id":"https:\/\/theo.niranbio.com\/es\/peptido-de-arroz.html#primaryimage","url":"https:\/\/theo.niranbio.com\/wp-content\/uploads\/2024\/06\/Rice-Peptide.webp","contentUrl":"https:\/\/theo.niranbio.com\/wp-content\/uploads\/2024\/06\/Rice-Peptide.webp","width":600,"height":600,"caption":"P\u00e9ptido de arroz"},{"@type":"BreadcrumbList","@id":"https:\/\/theo.niranbio.com\/es\/peptido-de-arroz.html#breadcrumb","itemListElement":[{"@type":"ListItem","position":1,"name":"Home","item":"https:\/\/theo.niranbio.com\/es\/"},{"@type":"ListItem","position":2,"name":"Productos","item":"https:\/\/theo.niranbio.com\/es\/productos.html"},{"@type":"ListItem","position":3,"name":"Proteico","item":"https:\/\/theo.niranbio.com\/es\/producto-proteico\/"},{"@type":"ListItem","position":4,"name":"P\u00e9ptido de arroz"}]},{"@type":"WebSite","@id":"https:\/\/theo.niranbio.com\/es\/#website","url":"https:\/\/theo.niranbio.com\/es\/","name":"Niranbio Chemical","description":"","publisher":{"@id":"https:\/\/theo.niranbio.com\/es\/#organization"},"potentialAction":[{"@type":"SearchAction","target":{"@type":"EntryPoint","urlTemplate":"https:\/\/theo.niranbio.com\/es\/?s={search_term_string}"},"query-input":{"@type":"PropertyValueSpecification","valueRequired":true,"valueName":"search_term_string"}}],"inLanguage":"es"},{"@type":"Organization","@id":"https:\/\/theo.niranbio.com\/es\/#organization","name":"Niranbio Chemical","url":"https:\/\/theo.niranbio.com\/es\/","logo":{"@type":"ImageObject","inLanguage":"es","@id":"https:\/\/theo.niranbio.com\/es\/#\/schema\/logo\/image\/","url":"https:\/\/theo.niranbio.com\/wp-content\/uploads\/2024\/06\/Niranbio.png","contentUrl":"https:\/\/theo.niranbio.com\/wp-content\/uploads\/2024\/06\/Niranbio.png","width":270,"height":100,"caption":"Niranbio Chemical"},"image":{"@id":"https:\/\/theo.niranbio.com\/es\/#\/schema\/logo\/image\/"}}]}},"_links":{"self":[{"href":"https:\/\/theo.niranbio.com\/es\/wp-json\/wp\/v2\/product\/9845","targetHints":{"allow":["GET"]}}],"collection":[{"href":"https:\/\/theo.niranbio.com\/es\/wp-json\/wp\/v2\/product"}],"about":[{"href":"https:\/\/theo.niranbio.com\/es\/wp-json\/wp\/v2\/types\/product"}],"version-history":[{"count":0,"href":"https:\/\/theo.niranbio.com\/es\/wp-json\/wp\/v2\/product\/9845\/revisions"}],"wp:featuredmedia":[{"embeddable":true,"href":"https:\/\/theo.niranbio.com\/es\/wp-json\/wp\/v2\/media\/5723"}],"wp:attachment":[{"href":"https:\/\/theo.niranbio.com\/es\/wp-json\/wp\/v2\/media?parent=9845"}],"wp:term":[{"taxonomy":"product_brand","embeddable":true,"href":"https:\/\/theo.niranbio.com\/es\/wp-json\/wp\/v2\/product_brand?post=9845"},{"taxonomy":"product_cat","embeddable":true,"href":"https:\/\/theo.niranbio.com\/es\/wp-json\/wp\/v2\/product_cat?post=9845"},{"taxonomy":"product_tag","embeddable":true,"href":"https:\/\/theo.niranbio.com\/es\/wp-json\/wp\/v2\/product_tag?post=9845"}],"curies":[{"name":"wp","href":"https:\/\/api.w.org\/{rel}","templated":true}]}}