{"id":9844,"date":"2024-06-20T11:47:48","date_gmt":"2024-06-20T03:47:48","guid":{"rendered":"https:\/\/theo.niranbio.com\/tween-20-60-80-de-grado-alimenticio\/"},"modified":"2024-08-15T15:11:59","modified_gmt":"2024-08-15T07:11:59","slug":"tween-20-60-80-de-grado-alimenticio","status":"publish","type":"product","link":"https:\/\/theo.niranbio.com\/es\/tween-20-60-80-de-grado-alimenticio.html","title":{"rendered":"Tween 20\/60\/80 de grado alimenticio"},"content":{"rendered":"<h2><span class=\"ez-toc-section\" id=\"%C2%BFQue_es_el_Tween_206080_de_grado_alimenticio\"><\/span>\u00bfQu\u00e9 es el Tween 20\/60\/80 de grado alimenticio?<span class=\"ez-toc-section-end\"><\/span><\/h2>\n<p>El Tween 20, el Tween 60 y el Tween 80 de grado alimenticio son surfactantes no i\u00f3nicos ampliamente utilizados en el procesamiento de alimentos para mejorar la emulsificaci\u00f3n, el espesamiento y la estabilidad.<\/p>\n<p>El Tween 20 es un l\u00edquido transparente, casi inodoro, completamente soluble en agua, utilizado principalmente para bebidas y alimentos bajos en grasa, adecuado para la emulsificaci\u00f3n y estabilizaci\u00f3n en entornos de baja temperatura. El Tween 60 es un l\u00edquido de color amarillo claro a marr\u00f3n con un ligero olor a grasa, muy soluble en agua y se utiliza a menudo en productos l\u00e1cteos y alimentos ricos en grasa para mejorar la emulsificaci\u00f3n y la textura. El Tween 80 es un l\u00edquido de color marr\u00f3n oscuro, tambi\u00e9n con un ligero olor a grasa, muy soluble en agua, adecuado para alimentos congelados como helados y chocolate, que proporciona excelentes propiedades emulsionantes y espesantes a baja temperatura.<\/p>\n<h2><span class=\"ez-toc-section\" id=\"Parametros_relacionados\"><\/span>Par\u00e1metros relacionados:<span class=\"ez-toc-section-end\"><\/span><\/h2>\n<table>\n<tbody>\n<tr>\n<td><strong>ART\u00cdCULOS<\/strong><\/td>\n<td><strong>EST\u00c1NDAR<\/strong><\/td>\n<\/tr>\n<tr>\n<td>\u00cdndice de acidez, KOH mg\/g<\/td>\n<td>2,0 m\u00e1x<\/td>\n<\/tr>\n<tr>\n<td>\u00cdndice de saponificaci\u00f3n, KOH mg\/g<\/td>\n<td>43-55<\/td>\n<\/tr>\n<tr>\n<td>Valor hidroxilo, KOH mg\/g<\/td>\n<td>65-80<\/td>\n<\/tr>\n<tr>\n<td>Agua, en %<\/td>\n<td>2,0 m\u00e1x<\/td>\n<\/tr>\n<tr>\n<td>Metales pesados, %.<\/td>\n<td>0,001 m\u00e1x<\/td>\n<\/tr>\n<tr>\n<td>Cenizas<\/td>\n<td>0,25 m\u00e1x.<\/td>\n<\/tr>\n<\/tbody>\n<\/table>\n<h2><span class=\"ez-toc-section\" id=\"Dosis_recomendada\"><\/span>Dosis recomendada:<span class=\"ez-toc-section-end\"><\/span><\/h2>\n<table>\n<tbody>\n<tr>\n<td><strong>Nombre del alimento<\/strong><\/td>\n<td><strong>Uso m\u00e1ximo (g\/kg)<\/strong><\/td>\n<\/tr>\n<tr>\n<td>Bebidas<\/td>\n<td>0,5-1,0 g\/kg<\/td>\n<\/tr>\n<tr>\n<td>Productos l\u00e1cteos<\/td>\n<td>0,5-1,0 g\/kg<\/td>\n<\/tr>\n<tr>\n<td>Condimentos<\/td>\n<td>1,0-2,0 g\/kg<\/td>\n<\/tr>\n<tr>\n<td>Gelatina<\/td>\n<td>1,0-1,5 g\/kg<\/td>\n<\/tr>\n<tr>\n<td>Helado<\/td>\n<td>0,5-1,0 g\/kg<\/td>\n<\/tr>\n<tr>\n<td>Caramelo<\/td>\n<td>0,5-1,0 g\/kg<\/td>\n<\/tr>\n<tr>\n<td>Salsas<\/td>\n<td>0,5-1,5 g\/kg<\/td>\n<\/tr>\n<tr>\n<td>Alimentos enlatados<\/td>\n<td>0,5-1,0 g\/kg<\/td>\n<\/tr>\n<tr>\n<td>Bebidas prote\u00ednicas<\/td>\n<td>0,5-1,0 g\/kg<\/td>\n<\/tr>\n<tr>\n<td>Crema<\/td>\n<td>0,5-1,0 g\/kg<\/td>\n<\/tr>\n<tr>\n<td>Mermelada<\/td>\n<td>0,5-1,0 g\/kg<\/td>\n<\/tr>\n<tr>\n<td>Conserva<\/td>\n<td>0,5-1,0 g\/kg<\/td>\n<\/tr>\n<tr>\n<td>Crema<\/td>\n<td>0,5-1,0 g\/kg<\/td>\n<\/tr>\n<tr>\n<td>Pan<\/td>\n<td>0,5-1,0 g\/kg<\/td>\n<\/tr>\n<tr>\n<td>Galletas<\/td>\n<td>0,5-1,0 g\/kg<\/td>\n<\/tr>\n<\/tbody>\n<\/table>\n<h2><span class=\"ez-toc-section\" id=\"El_Tween_206080_de_grado_alimenticio_tiene_una_amplia_gama_de_usos\"><\/span>El Tween 20\/60\/80 de grado alimenticio tiene una amplia gama de usos<span class=\"ez-toc-section-end\"><\/span><\/h2>\n<h2><span class=\"ez-toc-section\" id=\"Tween_20_de_grado_alimenticio\"><\/span>Tween 20 de grado alimenticio:<span class=\"ez-toc-section-end\"><\/span><\/h2>\n<ol>\n<li>Emulsionante: el Tween 20 puede mezclar eficazmente aceite y agua para formar una emulsi\u00f3n estable, que se usa ampliamente en jugos, bebidas y alimentos bajos en grasa. Tiene un buen desempe\u00f1o en la formaci\u00f3n y estabilizaci\u00f3n de emulsiones.<\/li>\n<li>Estabilidad: proporciona una buena estabilidad en entornos de baja temperatura, evita la estratificaci\u00f3n o precipitaci\u00f3n de ingredientes en los alimentos y mantiene la consistencia del producto.<\/li>\n<li>Espesante: aunque el efecto espesante no es tan bueno como el de otros espesantes, puede mejorar el sabor y la textura en algunos alimentos de baja viscosidad.<\/li>\n<li>Dispersi\u00f3n: ayuda a dispersar part\u00edculas s\u00f3lidas y evitar la aglomeraci\u00f3n. Es adecuado para productos como condimentos y mezclas de polvos secos.<\/li>\n<\/ol>\n<h2><span class=\"ez-toc-section\" id=\"Tween_60_de_grado_alimenticio\"><\/span>Tween 60 de grado alimenticio:<span class=\"ez-toc-section-end\"><\/span><\/h2>\n<ol>\n<li>Emulsionante: el Tween 60 tiene un buen rendimiento en la emulsi\u00f3n de alimentos con alto contenido de grasa, como productos l\u00e1cteos y helados. Puede producir una emulsi\u00f3n constante de aceite y agua, que puede evitar la estratificaci\u00f3n del aceite.<\/li>\n<li>Mejora de la textura: al mejorar la textura y el sabor del producto, es particularmente adecuado para alimentos con alto contenido de grasa, como crema, pasteles y pan.<\/li>\n<li>Estabilidad: proporciona una mejor estabilidad en entornos de alta temperatura, evita la estratificaci\u00f3n y precipitaci\u00f3n del producto y extiende la vida \u00fatil de los alimentos.<\/li>\n<li>Espesante: puede desempe\u00f1ar un ligero papel espesante en algunos alimentos para mejorar la consistencia y la textura del producto.<\/li>\n<\/ol>\n<h2><span class=\"ez-toc-section\" id=\"Tween_80_de_grado_alimenticio\"><\/span>Tween 80 de grado alimenticio:<span class=\"ez-toc-section-end\"><\/span><\/h2>\n<ol>\n<li>Emulsionante: el Tween 80 tiene excelentes propiedades emulsionantes y es particularmente adecuado para la emulsi\u00f3n en condiciones de baja temperatura, como helados y alimentos congelados. Puede formar una emulsi\u00f3n estable para evitar la precipitaci\u00f3n del aceite.<\/li>\n<li>Espesante: Tiene un buen efecto espesante en algunos alimentos, mejorando la consistencia y textura del producto, como en el chocolate y el aderezo para ensaladas.<\/li>\n<li>Estabilidad: Proporciona estabilidad en ambientes congelados y refrigerados, manteniendo la uniformidad y consistencia del producto.<\/li>\n<li>Dispersi\u00f3n: Dispersa eficazmente las part\u00edculas s\u00f3lidas y evita la aglomeraci\u00f3n, adecuado para necesidades de dispersi\u00f3n como en condimentos y postres.<\/li>\n<\/ol>\n<h2><span class=\"ez-toc-section\" id=\"Pregunta_formulada_por_un_usuario\"><\/span>Pregunta formulada por un usuario:<span class=\"ez-toc-section-end\"><\/span><\/h2>\n<p>Pregunta: \u00bfCu\u00e1l es la diferencia entre el Tween de grado alimenticio y el span de grado alimenticio?<\/p>\n<p>Respuesta: Tanto el Tween de grado alimenticio como el span son surfactantes no i\u00f3nicos, pero son significativamente diferentes en estructura qu\u00edmica, rendimiento y aplicaci\u00f3n. El Tween (como el Tween 20, Tween 60, Tween 80) contiene grupos polisorbato, tiene una fuerte hidrofilicidad y una alta capacidad emulsionante, es adecuado para alimentos bajos en grasa y emulsiones acuosas, y puede permanecer estable en una amplia gama de condiciones de pH y temperatura. El Span (como Span 20, Span 60, Span 80) contiene grupos de sorbitol, tiene una hidrofilicidad m\u00e1s d\u00e9bil y un valor HLB m\u00e1s bajo. Es m\u00e1s adecuado para alimentos con alto contenido de grasa y emulsiones en fase oleosa, especialmente en condiciones de alto contenido de grasa y alta temperatura.<\/p>\n","protected":false},"excerpt":{"rendered":"<ul>\n<li>CAS: 9006-65-6<\/li>\n<li>F\u00f3rmula qu\u00edmica: C<sub>58<\/sub>H<sub>114<\/sub>O<sub>26<\/sub><\/li>\n<li>Certificaciones: KOSHER, ISO, HALAL, FSSC 22000, BRC, etc.<\/li>\n<li>Cantidad m\u00ednima de pedido: 1000KG<\/li>\n<li>Caducidad: 2 a\u00f1os<\/li>\n<\/ul>\n","protected":false},"featured_media":5682,"template":"","meta":{"site-sidebar-layout":"default","site-content-layout":"","ast-site-content-layout":"default","site-content-style":"default","site-sidebar-style":"default","ast-global-header-display":"","ast-banner-title-visibility":"","ast-main-header-display":"","ast-hfb-above-header-display":"","ast-hfb-below-header-display":"","ast-hfb-mobile-header-display":"","site-post-title":"","ast-breadcrumbs-content":"","ast-featured-img":"","footer-sml-layout":"","theme-transparent-header-meta":"default","adv-header-id-meta":"","stick-header-meta":"","header-above-stick-meta":"","header-main-stick-meta":"","header-below-stick-meta":"","astra-migrate-meta-layouts":"set","ast-page-background-enabled":"default","ast-page-background-meta":{"desktop":{"background-color":"var(--ast-global-color-4)","background-image":"","background-repeat":"repeat","background-position":"center center","background-size":"auto","background-attachment":"scroll","background-type":"","background-media":"","overlay-type":"","overlay-color":"","overlay-opacity":"","overlay-gradient":""},"tablet":{"background-color":"","background-image":"","background-repeat":"repeat","background-position":"center center","background-size":"auto","background-attachment":"scroll","background-type":"","background-media":"","overlay-type":"","overlay-color":"","overlay-opacity":"","overlay-gradient":""},"mobile":{"background-color":"","background-image":"","background-repeat":"repeat","background-position":"center center","background-size":"auto","background-attachment":"scroll","background-type":"","background-media":"","overlay-type":"","overlay-color":"","overlay-opacity":"","overlay-gradient":""}},"ast-content-background-meta":{"desktop":{"background-color":"var(--ast-global-color-5)","background-image":"","background-repeat":"repeat","background-position":"center center","background-size":"auto","background-attachment":"scroll","background-type":"","background-media":"","overlay-type":"","overlay-color":"","overlay-opacity":"","overlay-gradient":""},"tablet":{"background-color":"var(--ast-global-color-5)","background-image":"","background-repeat":"repeat","background-position":"center center","background-size":"auto","background-attachment":"scroll","background-type":"","background-media":"","overlay-type":"","overlay-color":"","overlay-opacity":"","overlay-gradient":""},"mobile":{"background-color":"var(--ast-global-color-5)","background-image":"","background-repeat":"repeat","background-position":"center center","background-size":"auto","background-attachment":"scroll","background-type":"","background-media":"","overlay-type":"","overlay-color":"","overlay-opacity":"","overlay-gradient":""}}},"product_brand":[],"product_cat":[86],"product_tag":[],"class_list":{"0":"post-9844","1":"product","2":"type-product","3":"status-publish","4":"has-post-thumbnail","6":"product_cat-producto-emulsionante","7":"desktop-align-center","8":"tablet-align-left","9":"mobile-align-left","11":"first","12":"instock","13":"shipping-taxable","14":"product-type-simple"},"yoast_head":"<!-- This site is optimized with the Yoast SEO plugin v26.5 - https:\/\/yoast.com\/wordpress\/plugins\/seo\/ -->\n<title>Tween L\u00edquido 20\/60\/80 de Grado Alimenticio | Niranbio Chemical<\/title>\n<meta name=\"description\" content=\"El Tween 20, Tween 60 y Tween 80 de grado alimenticio son surfactantes no i\u00f3nicos ampliamente utilizados en el procesamiento de alimentos para mejorar la emulsificaci\u00f3n, el espesamiento y la estabilidad.\" \/>\n<meta name=\"robots\" content=\"noindex, follow, max-snippet:-1, max-image-preview:large, max-video-preview:-1\" \/>\n<meta name=\"twitter:label1\" content=\"Tiempo de lectura\" \/>\n\t<meta name=\"twitter:data1\" content=\"4 minutos\" \/>\n<script type=\"application\/ld+json\" class=\"yoast-schema-graph\">{\"@context\":\"https:\/\/schema.org\",\"@graph\":[{\"@type\":\"WebPage\",\"@id\":\"https:\/\/theo.niranbio.com\/es\/tween-20-60-80-de-grado-alimenticio.html\",\"url\":\"https:\/\/theo.niranbio.com\/es\/tween-20-60-80-de-grado-alimenticio.html\",\"name\":\"Tween L\u00edquido 20\/60\/80 de Grado Alimenticio | Niranbio Chemical\",\"isPartOf\":{\"@id\":\"https:\/\/theo.niranbio.com\/es\/#website\"},\"primaryImageOfPage\":{\"@id\":\"https:\/\/theo.niranbio.com\/es\/tween-20-60-80-de-grado-alimenticio.html#primaryimage\"},\"image\":{\"@id\":\"https:\/\/theo.niranbio.com\/es\/tween-20-60-80-de-grado-alimenticio.html#primaryimage\"},\"thumbnailUrl\":\"https:\/\/theo.niranbio.com\/wp-content\/uploads\/2024\/06\/Tween-food-grade-20-60-80.webp\",\"datePublished\":\"2024-06-20T03:47:48+00:00\",\"dateModified\":\"2024-08-15T07:11:59+00:00\",\"description\":\"El Tween 20, Tween 60 y Tween 80 de grado alimenticio son surfactantes no i\u00f3nicos ampliamente utilizados en el procesamiento de alimentos para mejorar la emulsificaci\u00f3n, el espesamiento y la estabilidad.\",\"breadcrumb\":{\"@id\":\"https:\/\/theo.niranbio.com\/es\/tween-20-60-80-de-grado-alimenticio.html#breadcrumb\"},\"inLanguage\":\"es\",\"potentialAction\":[{\"@type\":\"ReadAction\",\"target\":[\"https:\/\/theo.niranbio.com\/es\/tween-20-60-80-de-grado-alimenticio.html\"]}]},{\"@type\":\"ImageObject\",\"inLanguage\":\"es\",\"@id\":\"https:\/\/theo.niranbio.com\/es\/tween-20-60-80-de-grado-alimenticio.html#primaryimage\",\"url\":\"https:\/\/theo.niranbio.com\/wp-content\/uploads\/2024\/06\/Tween-food-grade-20-60-80.webp\",\"contentUrl\":\"https:\/\/theo.niranbio.com\/wp-content\/uploads\/2024\/06\/Tween-food-grade-20-60-80.webp\",\"width\":600,\"height\":600,\"caption\":\"Grado alimenticio Tween 20 60 80\"},{\"@type\":\"BreadcrumbList\",\"@id\":\"https:\/\/theo.niranbio.com\/es\/tween-20-60-80-de-grado-alimenticio.html#breadcrumb\",\"itemListElement\":[{\"@type\":\"ListItem\",\"position\":1,\"name\":\"Home\",\"item\":\"https:\/\/theo.niranbio.com\/es\/\"},{\"@type\":\"ListItem\",\"position\":2,\"name\":\"Productos\",\"item\":\"https:\/\/theo.niranbio.com\/es\/productos.html\"},{\"@type\":\"ListItem\",\"position\":3,\"name\":\"Emulsionante\",\"item\":\"https:\/\/theo.niranbio.com\/es\/producto-emulsionante\/\"},{\"@type\":\"ListItem\",\"position\":4,\"name\":\"Tween 20\/60\/80 de grado alimenticio\"}]},{\"@type\":\"WebSite\",\"@id\":\"https:\/\/theo.niranbio.com\/es\/#website\",\"url\":\"https:\/\/theo.niranbio.com\/es\/\",\"name\":\"Niranbio Chemical\",\"description\":\"\",\"publisher\":{\"@id\":\"https:\/\/theo.niranbio.com\/es\/#organization\"},\"potentialAction\":[{\"@type\":\"SearchAction\",\"target\":{\"@type\":\"EntryPoint\",\"urlTemplate\":\"https:\/\/theo.niranbio.com\/es\/?s={search_term_string}\"},\"query-input\":{\"@type\":\"PropertyValueSpecification\",\"valueRequired\":true,\"valueName\":\"search_term_string\"}}],\"inLanguage\":\"es\"},{\"@type\":\"Organization\",\"@id\":\"https:\/\/theo.niranbio.com\/es\/#organization\",\"name\":\"Niranbio Chemical\",\"url\":\"https:\/\/theo.niranbio.com\/es\/\",\"logo\":{\"@type\":\"ImageObject\",\"inLanguage\":\"es\",\"@id\":\"https:\/\/theo.niranbio.com\/es\/#\/schema\/logo\/image\/\",\"url\":\"https:\/\/theo.niranbio.com\/wp-content\/uploads\/2024\/06\/Niranbio.png\",\"contentUrl\":\"https:\/\/theo.niranbio.com\/wp-content\/uploads\/2024\/06\/Niranbio.png\",\"width\":270,\"height\":100,\"caption\":\"Niranbio Chemical\"},\"image\":{\"@id\":\"https:\/\/theo.niranbio.com\/es\/#\/schema\/logo\/image\/\"}}]}<\/script>\n<!-- \/ Yoast SEO plugin. -->","yoast_head_json":{"title":"Tween L\u00edquido 20\/60\/80 de Grado Alimenticio | Niranbio Chemical","description":"El Tween 20, Tween 60 y Tween 80 de grado alimenticio son surfactantes no i\u00f3nicos ampliamente utilizados en el procesamiento de alimentos para mejorar la emulsificaci\u00f3n, el espesamiento y la estabilidad.","robots":{"index":"noindex","follow":"follow","max-snippet":"max-snippet:-1","max-image-preview":"max-image-preview:large","max-video-preview":"max-video-preview:-1"},"twitter_misc":{"Tiempo de lectura":"4 minutos"},"schema":{"@context":"https:\/\/schema.org","@graph":[{"@type":"WebPage","@id":"https:\/\/theo.niranbio.com\/es\/tween-20-60-80-de-grado-alimenticio.html","url":"https:\/\/theo.niranbio.com\/es\/tween-20-60-80-de-grado-alimenticio.html","name":"Tween L\u00edquido 20\/60\/80 de Grado Alimenticio | Niranbio Chemical","isPartOf":{"@id":"https:\/\/theo.niranbio.com\/es\/#website"},"primaryImageOfPage":{"@id":"https:\/\/theo.niranbio.com\/es\/tween-20-60-80-de-grado-alimenticio.html#primaryimage"},"image":{"@id":"https:\/\/theo.niranbio.com\/es\/tween-20-60-80-de-grado-alimenticio.html#primaryimage"},"thumbnailUrl":"https:\/\/theo.niranbio.com\/wp-content\/uploads\/2024\/06\/Tween-food-grade-20-60-80.webp","datePublished":"2024-06-20T03:47:48+00:00","dateModified":"2024-08-15T07:11:59+00:00","description":"El Tween 20, Tween 60 y Tween 80 de grado alimenticio son surfactantes no i\u00f3nicos ampliamente utilizados en el procesamiento de alimentos para mejorar la emulsificaci\u00f3n, el espesamiento y la estabilidad.","breadcrumb":{"@id":"https:\/\/theo.niranbio.com\/es\/tween-20-60-80-de-grado-alimenticio.html#breadcrumb"},"inLanguage":"es","potentialAction":[{"@type":"ReadAction","target":["https:\/\/theo.niranbio.com\/es\/tween-20-60-80-de-grado-alimenticio.html"]}]},{"@type":"ImageObject","inLanguage":"es","@id":"https:\/\/theo.niranbio.com\/es\/tween-20-60-80-de-grado-alimenticio.html#primaryimage","url":"https:\/\/theo.niranbio.com\/wp-content\/uploads\/2024\/06\/Tween-food-grade-20-60-80.webp","contentUrl":"https:\/\/theo.niranbio.com\/wp-content\/uploads\/2024\/06\/Tween-food-grade-20-60-80.webp","width":600,"height":600,"caption":"Grado alimenticio Tween 20 60 80"},{"@type":"BreadcrumbList","@id":"https:\/\/theo.niranbio.com\/es\/tween-20-60-80-de-grado-alimenticio.html#breadcrumb","itemListElement":[{"@type":"ListItem","position":1,"name":"Home","item":"https:\/\/theo.niranbio.com\/es\/"},{"@type":"ListItem","position":2,"name":"Productos","item":"https:\/\/theo.niranbio.com\/es\/productos.html"},{"@type":"ListItem","position":3,"name":"Emulsionante","item":"https:\/\/theo.niranbio.com\/es\/producto-emulsionante\/"},{"@type":"ListItem","position":4,"name":"Tween 20\/60\/80 de grado alimenticio"}]},{"@type":"WebSite","@id":"https:\/\/theo.niranbio.com\/es\/#website","url":"https:\/\/theo.niranbio.com\/es\/","name":"Niranbio Chemical","description":"","publisher":{"@id":"https:\/\/theo.niranbio.com\/es\/#organization"},"potentialAction":[{"@type":"SearchAction","target":{"@type":"EntryPoint","urlTemplate":"https:\/\/theo.niranbio.com\/es\/?s={search_term_string}"},"query-input":{"@type":"PropertyValueSpecification","valueRequired":true,"valueName":"search_term_string"}}],"inLanguage":"es"},{"@type":"Organization","@id":"https:\/\/theo.niranbio.com\/es\/#organization","name":"Niranbio Chemical","url":"https:\/\/theo.niranbio.com\/es\/","logo":{"@type":"ImageObject","inLanguage":"es","@id":"https:\/\/theo.niranbio.com\/es\/#\/schema\/logo\/image\/","url":"https:\/\/theo.niranbio.com\/wp-content\/uploads\/2024\/06\/Niranbio.png","contentUrl":"https:\/\/theo.niranbio.com\/wp-content\/uploads\/2024\/06\/Niranbio.png","width":270,"height":100,"caption":"Niranbio Chemical"},"image":{"@id":"https:\/\/theo.niranbio.com\/es\/#\/schema\/logo\/image\/"}}]}},"_links":{"self":[{"href":"https:\/\/theo.niranbio.com\/es\/wp-json\/wp\/v2\/product\/9844","targetHints":{"allow":["GET"]}}],"collection":[{"href":"https:\/\/theo.niranbio.com\/es\/wp-json\/wp\/v2\/product"}],"about":[{"href":"https:\/\/theo.niranbio.com\/es\/wp-json\/wp\/v2\/types\/product"}],"version-history":[{"count":0,"href":"https:\/\/theo.niranbio.com\/es\/wp-json\/wp\/v2\/product\/9844\/revisions"}],"wp:featuredmedia":[{"embeddable":true,"href":"https:\/\/theo.niranbio.com\/es\/wp-json\/wp\/v2\/media\/5682"}],"wp:attachment":[{"href":"https:\/\/theo.niranbio.com\/es\/wp-json\/wp\/v2\/media?parent=9844"}],"wp:term":[{"taxonomy":"product_brand","embeddable":true,"href":"https:\/\/theo.niranbio.com\/es\/wp-json\/wp\/v2\/product_brand?post=9844"},{"taxonomy":"product_cat","embeddable":true,"href":"https:\/\/theo.niranbio.com\/es\/wp-json\/wp\/v2\/product_cat?post=9844"},{"taxonomy":"product_tag","embeddable":true,"href":"https:\/\/theo.niranbio.com\/es\/wp-json\/wp\/v2\/product_tag?post=9844"}],"curies":[{"name":"wp","href":"https:\/\/api.w.org\/{rel}","templated":true}]}}