{"id":9828,"date":"2024-06-20T11:48:33","date_gmt":"2024-06-20T03:48:33","guid":{"rendered":"https:\/\/theo.niranbio.com\/span-60-65-80-de-grado-alimenticio\/"},"modified":"2024-08-15T15:11:44","modified_gmt":"2024-08-15T07:11:44","slug":"span-60-65-80-de-grado-alimenticio","status":"publish","type":"product","link":"https:\/\/theo.niranbio.com\/es\/span-60-65-80-de-grado-alimenticio.html","title":{"rendered":"Span 60\/65\/80 de grado alimenticio"},"content":{"rendered":"<h2><span class=\"ez-toc-section\" id=\"%C2%BFQue_es_Span\"><\/span>\u00bfQu\u00e9 es Span?<span class=\"ez-toc-section-end\"><\/span><\/h2>\n<p>Span es un polvo cristalino blanco, que se utiliza principalmente para la emulsi\u00f3n, el espesamiento y la estabilizaci\u00f3n de alimentos. Tiene excelentes propiedades de emulsi\u00f3n y estabilidad qu\u00edmica, y puede prevenir eficazmente la estratificaci\u00f3n, mejorar la textura y extender la vida \u00fatil en una variedad de f\u00f3rmulas alimenticias. Como surfactante de grado alimenticio, Span cumple con los est\u00e1ndares de seguridad, es inofensivo para el cuerpo humano y se usa ampliamente en diversos procesos de procesamiento de alimentos. En China, se utilizan principalmente los siguientes m\u00e9todos para preparar span de calidad alimentaria:<\/p>\n<ol>\n<li>El sorbitol y los \u00e1cidos grasos correspondientes (como el \u00e1cido oleico, el \u00e1cido palm\u00edtico, etc.) se utilizan habitualmente como materias primas y se llevan a cabo reacciones de esterificaci\u00f3n bajo catalizadores y entornos de alta temperatura para formar polisorbatos. Las materias primas y los subproductos que no han reaccionado se eliminan a continuaci\u00f3n mediante destilaci\u00f3n, filtraci\u00f3n u otras t\u00e9cnicas de separaci\u00f3n para obtener productos span de calidad alimentaria con mayor pureza. Es el principal proceso de preparaci\u00f3n en China.<\/li>\n<li>Se utilizan \u00e1cidos grasos y sorbitol para realizar reacciones de esterificaci\u00f3n bajo la acci\u00f3n de catalizadores para generar span, y luego se eliminan las materias primas y los subproductos que no han reaccionado y se refina a\u00fan m\u00e1s el producto para cumplir con los est\u00e1ndares de calidad alimentaria.<\/li>\n<\/ol>\n<h2><span class=\"ez-toc-section\" id=\"Parametros_relacionados\"><\/span>Par\u00e1metros relacionados:<span class=\"ez-toc-section-end\"><\/span><\/h2>\n<table>\n<tbody>\n<tr>\n<td><strong>ART\u00cdCULOS<\/strong><\/td>\n<td><strong>EST\u00c1NDAR<\/strong><\/td>\n<\/tr>\n<tr>\n<td>\u00cdndice de acidez (mgKOH\/g)<\/td>\n<td>\u22648<\/td>\n<\/tr>\n<tr>\n<td>Valor de saponificaci\u00f3n (mgKOH\/g)<\/td>\n<td>140~160<\/td>\n<\/tr>\n<tr>\n<td>Valor hidroxilo (mgKOH\/g)<\/td>\n<td>190~220<\/td>\n<\/tr>\n<tr>\n<td>Agua<\/td>\n<td>\u22641.5<\/td>\n<\/tr>\n<\/tbody>\n<\/table>\n<h2><span class=\"ez-toc-section\" id=\"Dosis_recomendada\"><\/span>Dosis recomendada:<span class=\"ez-toc-section-end\"><\/span><\/h2>\n<table>\n<tbody>\n<tr>\n<td><strong>Nombre del alimento<\/strong><\/td>\n<td><strong>Uso m\u00e1ximo (g\/kg)<\/strong><\/td>\n<\/tr>\n<tr>\n<td>Bebidas de zumo de frutas<\/td>\n<td>0,5 &#8211; 1,5 g\/kg<\/td>\n<\/tr>\n<tr>\n<td>Productos l\u00e1cteos<\/td>\n<td>0,5 &#8211; 1,0 g\/kg<\/td>\n<\/tr>\n<tr>\n<td>Productos de chocolate<\/td>\n<td>1,0 &#8211; 2,0 g\/kg<\/td>\n<\/tr>\n<tr>\n<td>Queso<\/td>\n<td>0,5 &#8211; 1,0 g\/kg<\/td>\n<\/tr>\n<tr>\n<td>Alimentos enlatados<\/td>\n<td>0,5 &#8211; 1,0 g\/kg<\/td>\n<\/tr>\n<tr>\n<td>Mermeladas y jaleas<\/td>\n<td>1,0 &#8211; 2,0 g\/kg<\/td>\n<\/tr>\n<tr>\n<td>Salsas<\/td>\n<td>1,0 &#8211; 2,0 g\/kg<\/td>\n<\/tr>\n<tr>\n<td>Ali\u00f1os para ensaladas<\/td>\n<td>1,0 &#8211; 2,0 g\/kg<\/td>\n<\/tr>\n<tr>\n<td>Pan y productos de panader\u00eda<\/td>\n<td>0,5 &#8211; 1,0 g\/kg<\/td>\n<\/tr>\n<tr>\n<td>Alimentos liofilizados<\/td>\n<td>0,5 &#8211; 1,0 g\/kg<\/td>\n<\/tr>\n<tr>\n<td>Productos c\u00e1rnicos<\/td>\n<td>0,5 &#8211; 1,0 g\/kg<\/td>\n<\/tr>\n<tr>\n<td>Bebidas ricas en prote\u00ednas<\/td>\n<td>1,0 &#8211; 2,0 g\/kg<\/td>\n<\/tr>\n<\/tbody>\n<\/table>\n<h2><span class=\"ez-toc-section\" id=\"El_span_tiene_una_amplia_gama_de_usos\"><\/span>El span tiene una amplia gama de usos<span class=\"ez-toc-section-end\"><\/span><\/h2>\n<ol>\n<li>Emulsificaci\u00f3n: Se forma una emulsi\u00f3n estable mediante su ayuda en la combinaci\u00f3n de las fases de aceite y agua. Reducen la tensi\u00f3n interfacial entre l\u00edquidos, lo que permite que dos l\u00edquidos incompatibles (como el aceite y el agua) se mezclen de manera uniforme.<\/li>\n<li>Espesamiento y estabilizaci\u00f3n: el span de grado alimenticio se puede utilizar como espesante para mejorar la textura y la consistencia de los alimentos, al mismo tiempo que estabiliza la materia suspendida o la espuma en los alimentos.<\/li>\n<li>Dispersi\u00f3n: el span de grado alimenticio ayuda a dispersar las part\u00edculas s\u00f3lidas en los l\u00edquidos para evitar que las part\u00edculas se asienten o se aglomeren.<\/li>\n<li>Mejora el sabor: al cambiar la textura y la consistencia de los alimentos, el span de grado alimenticio puede mejorar el sabor y la suavidad de los alimentos.<\/li>\n<\/ol>\n<h2><span class=\"ez-toc-section\" id=\"Pregunta_formulada_por_un_usuario\"><\/span>Pregunta formulada por un usuario:<span class=\"ez-toc-section-end\"><\/span><\/h2>\n<p>Pregunta: \u00bfCu\u00e1l es la diferencia entre el span-60 de grado alimenticio y el span-80 de grado alimenticio?<\/p>\n<p>Respuesta: La estructura qu\u00edmica y el rendimiento del span-60 y el span-80 son significativamente diferentes para las aplicaciones de grado alimenticio. El span-60 est\u00e1 compuesto principalmente de monopalmitato de polisorbato, tiene un punto de fusi\u00f3n m\u00e1s alto y es adecuado para la emulsificaci\u00f3n y estabilizaci\u00f3n en entornos de alta temperatura, como productos l\u00e1cteos y productos horneados. Presenta una excelente estabilidad de emulsificaci\u00f3n a altas temperaturas. En t\u00e9rminos relativos, el span-80 est\u00e1 compuesto de monooleato de polisorbato, tiene un punto de fusi\u00f3n m\u00e1s bajo y es adecuado para la emulsificaci\u00f3n y estabilizaci\u00f3n en entornos de baja temperatura, como helados y aderezos para ensaladas. Sus propiedades de fluidez y emulsificaci\u00f3n a bajas temperaturas son superiores y es adecuado para su uso en condiciones de congelaci\u00f3n y refrigeraci\u00f3n.<\/p>\n","protected":false},"excerpt":{"rendered":"<ul>\n<li>CAS: 1338-41-6<\/li>\n<li>F\u00f3rmula qu\u00edmica: C<sub>24<\/sub>H<sub>46<\/sub>O<sub>6<\/sub><\/li>\n<li>Certificaciones: KOSHER, ISO, HALAL, FSSC 22000, BRC, etc.<\/li>\n<li>Cantidad m\u00ednima de pedido: 1000KG<\/li>\n<li>Caducidad: 2 a\u00f1os<\/li>\n<\/ul>\n","protected":false},"featured_media":5653,"template":"","meta":{"site-sidebar-layout":"default","site-content-layout":"","ast-site-content-layout":"default","site-content-style":"default","site-sidebar-style":"default","ast-global-header-display":"","ast-banner-title-visibility":"","ast-main-header-display":"","ast-hfb-above-header-display":"","ast-hfb-below-header-display":"","ast-hfb-mobile-header-display":"","site-post-title":"","ast-breadcrumbs-content":"","ast-featured-img":"","footer-sml-layout":"","theme-transparent-header-meta":"default","adv-header-id-meta":"","stick-header-meta":"","header-above-stick-meta":"","header-main-stick-meta":"","header-below-stick-meta":"","astra-migrate-meta-layouts":"set","ast-page-background-enabled":"default","ast-page-background-meta":{"desktop":{"background-color":"var(--ast-global-color-4)","background-image":"","background-repeat":"repeat","background-position":"center center","background-size":"auto","background-attachment":"scroll","background-type":"","background-media":"","overlay-type":"","overlay-color":"","overlay-opacity":"","overlay-gradient":""},"tablet":{"background-color":"","background-image":"","background-repeat":"repeat","background-position":"center center","background-size":"auto","background-attachment":"scroll","background-type":"","background-media":"","overlay-type":"","overlay-color":"","overlay-opacity":"","overlay-gradient":""},"mobile":{"background-color":"","background-image":"","background-repeat":"repeat","background-position":"center center","background-size":"auto","background-attachment":"scroll","background-type":"","background-media":"","overlay-type":"","overlay-color":"","overlay-opacity":"","overlay-gradient":""}},"ast-content-background-meta":{"desktop":{"background-color":"var(--ast-global-color-5)","background-image":"","background-repeat":"repeat","background-position":"center center","background-size":"auto","background-attachment":"scroll","background-type":"","background-media":"","overlay-type":"","overlay-color":"","overlay-opacity":"","overlay-gradient":""},"tablet":{"background-color":"var(--ast-global-color-5)","background-image":"","background-repeat":"repeat","background-position":"center center","background-size":"auto","background-attachment":"scroll","background-type":"","background-media":"","overlay-type":"","overlay-color":"","overlay-opacity":"","overlay-gradient":""},"mobile":{"background-color":"var(--ast-global-color-5)","background-image":"","background-repeat":"repeat","background-position":"center center","background-size":"auto","background-attachment":"scroll","background-type":"","background-media":"","overlay-type":"","overlay-color":"","overlay-opacity":"","overlay-gradient":""}}},"product_brand":[],"product_cat":[86],"product_tag":[],"class_list":{"0":"post-9828","1":"product","2":"type-product","3":"status-publish","4":"has-post-thumbnail","6":"product_cat-producto-emulsionante","7":"desktop-align-center","8":"tablet-align-left","9":"mobile-align-left","11":"first","12":"instock","13":"shipping-taxable","14":"product-type-simple"},"yoast_head":"<!-- This site is optimized with the Yoast SEO plugin v26.5 - https:\/\/yoast.com\/wordpress\/plugins\/seo\/ -->\n<title>Span 60\/65\/80 en Polvo de Grado Alimenticio | Niranbio Chemical<\/title>\n<meta name=\"description\" content=\"Nuestro span 60\/65\/80 es un polvo cristalino blanco, utilizado principalmente para emulsificaci\u00f3n, espesamiento y estabilizaci\u00f3n en alimentos.\" \/>\n<meta name=\"robots\" content=\"noindex, follow, max-snippet:-1, max-image-preview:large, max-video-preview:-1\" \/>\n<meta name=\"twitter:label1\" content=\"Tiempo de lectura\" \/>\n\t<meta name=\"twitter:data1\" content=\"3 minutos\" \/>\n<script type=\"application\/ld+json\" class=\"yoast-schema-graph\">{\"@context\":\"https:\/\/schema.org\",\"@graph\":[{\"@type\":\"WebPage\",\"@id\":\"https:\/\/theo.niranbio.com\/es\/span-60-65-80-de-grado-alimenticio.html\",\"url\":\"https:\/\/theo.niranbio.com\/es\/span-60-65-80-de-grado-alimenticio.html\",\"name\":\"Span 60\/65\/80 en Polvo de Grado Alimenticio | Niranbio Chemical\",\"isPartOf\":{\"@id\":\"https:\/\/theo.niranbio.com\/es\/#website\"},\"primaryImageOfPage\":{\"@id\":\"https:\/\/theo.niranbio.com\/es\/span-60-65-80-de-grado-alimenticio.html#primaryimage\"},\"image\":{\"@id\":\"https:\/\/theo.niranbio.com\/es\/span-60-65-80-de-grado-alimenticio.html#primaryimage\"},\"thumbnailUrl\":\"https:\/\/theo.niranbio.com\/wp-content\/uploads\/2024\/06\/Span-food-grade-60-65-80.webp\",\"datePublished\":\"2024-06-20T03:48:33+00:00\",\"dateModified\":\"2024-08-15T07:11:44+00:00\",\"description\":\"Nuestro span 60\/65\/80 es un polvo cristalino blanco, utilizado principalmente para emulsificaci\u00f3n, espesamiento y estabilizaci\u00f3n en alimentos.\",\"breadcrumb\":{\"@id\":\"https:\/\/theo.niranbio.com\/es\/span-60-65-80-de-grado-alimenticio.html#breadcrumb\"},\"inLanguage\":\"es\",\"potentialAction\":[{\"@type\":\"ReadAction\",\"target\":[\"https:\/\/theo.niranbio.com\/es\/span-60-65-80-de-grado-alimenticio.html\"]}]},{\"@type\":\"ImageObject\",\"inLanguage\":\"es\",\"@id\":\"https:\/\/theo.niranbio.com\/es\/span-60-65-80-de-grado-alimenticio.html#primaryimage\",\"url\":\"https:\/\/theo.niranbio.com\/wp-content\/uploads\/2024\/06\/Span-food-grade-60-65-80.webp\",\"contentUrl\":\"https:\/\/theo.niranbio.com\/wp-content\/uploads\/2024\/06\/Span-food-grade-60-65-80.webp\",\"width\":600,\"height\":600,\"caption\":\"Grado alimenticio Span 60 65 80\"},{\"@type\":\"BreadcrumbList\",\"@id\":\"https:\/\/theo.niranbio.com\/es\/span-60-65-80-de-grado-alimenticio.html#breadcrumb\",\"itemListElement\":[{\"@type\":\"ListItem\",\"position\":1,\"name\":\"Home\",\"item\":\"https:\/\/theo.niranbio.com\/es\/\"},{\"@type\":\"ListItem\",\"position\":2,\"name\":\"Productos\",\"item\":\"https:\/\/theo.niranbio.com\/es\/productos.html\"},{\"@type\":\"ListItem\",\"position\":3,\"name\":\"Emulsionante\",\"item\":\"https:\/\/theo.niranbio.com\/es\/producto-emulsionante\/\"},{\"@type\":\"ListItem\",\"position\":4,\"name\":\"Span 60\/65\/80 de grado alimenticio\"}]},{\"@type\":\"WebSite\",\"@id\":\"https:\/\/theo.niranbio.com\/es\/#website\",\"url\":\"https:\/\/theo.niranbio.com\/es\/\",\"name\":\"Niranbio Chemical\",\"description\":\"\",\"publisher\":{\"@id\":\"https:\/\/theo.niranbio.com\/es\/#organization\"},\"potentialAction\":[{\"@type\":\"SearchAction\",\"target\":{\"@type\":\"EntryPoint\",\"urlTemplate\":\"https:\/\/theo.niranbio.com\/es\/?s={search_term_string}\"},\"query-input\":{\"@type\":\"PropertyValueSpecification\",\"valueRequired\":true,\"valueName\":\"search_term_string\"}}],\"inLanguage\":\"es\"},{\"@type\":\"Organization\",\"@id\":\"https:\/\/theo.niranbio.com\/es\/#organization\",\"name\":\"Niranbio Chemical\",\"url\":\"https:\/\/theo.niranbio.com\/es\/\",\"logo\":{\"@type\":\"ImageObject\",\"inLanguage\":\"es\",\"@id\":\"https:\/\/theo.niranbio.com\/es\/#\/schema\/logo\/image\/\",\"url\":\"https:\/\/theo.niranbio.com\/wp-content\/uploads\/2024\/06\/Niranbio.png\",\"contentUrl\":\"https:\/\/theo.niranbio.com\/wp-content\/uploads\/2024\/06\/Niranbio.png\",\"width\":270,\"height\":100,\"caption\":\"Niranbio Chemical\"},\"image\":{\"@id\":\"https:\/\/theo.niranbio.com\/es\/#\/schema\/logo\/image\/\"}}]}<\/script>\n<!-- \/ Yoast SEO plugin. -->","yoast_head_json":{"title":"Span 60\/65\/80 en Polvo de Grado Alimenticio | Niranbio Chemical","description":"Nuestro span 60\/65\/80 es un polvo cristalino blanco, utilizado principalmente para emulsificaci\u00f3n, espesamiento y estabilizaci\u00f3n en alimentos.","robots":{"index":"noindex","follow":"follow","max-snippet":"max-snippet:-1","max-image-preview":"max-image-preview:large","max-video-preview":"max-video-preview:-1"},"twitter_misc":{"Tiempo de lectura":"3 minutos"},"schema":{"@context":"https:\/\/schema.org","@graph":[{"@type":"WebPage","@id":"https:\/\/theo.niranbio.com\/es\/span-60-65-80-de-grado-alimenticio.html","url":"https:\/\/theo.niranbio.com\/es\/span-60-65-80-de-grado-alimenticio.html","name":"Span 60\/65\/80 en Polvo de Grado Alimenticio | Niranbio Chemical","isPartOf":{"@id":"https:\/\/theo.niranbio.com\/es\/#website"},"primaryImageOfPage":{"@id":"https:\/\/theo.niranbio.com\/es\/span-60-65-80-de-grado-alimenticio.html#primaryimage"},"image":{"@id":"https:\/\/theo.niranbio.com\/es\/span-60-65-80-de-grado-alimenticio.html#primaryimage"},"thumbnailUrl":"https:\/\/theo.niranbio.com\/wp-content\/uploads\/2024\/06\/Span-food-grade-60-65-80.webp","datePublished":"2024-06-20T03:48:33+00:00","dateModified":"2024-08-15T07:11:44+00:00","description":"Nuestro span 60\/65\/80 es un polvo cristalino blanco, utilizado principalmente para emulsificaci\u00f3n, espesamiento y estabilizaci\u00f3n en alimentos.","breadcrumb":{"@id":"https:\/\/theo.niranbio.com\/es\/span-60-65-80-de-grado-alimenticio.html#breadcrumb"},"inLanguage":"es","potentialAction":[{"@type":"ReadAction","target":["https:\/\/theo.niranbio.com\/es\/span-60-65-80-de-grado-alimenticio.html"]}]},{"@type":"ImageObject","inLanguage":"es","@id":"https:\/\/theo.niranbio.com\/es\/span-60-65-80-de-grado-alimenticio.html#primaryimage","url":"https:\/\/theo.niranbio.com\/wp-content\/uploads\/2024\/06\/Span-food-grade-60-65-80.webp","contentUrl":"https:\/\/theo.niranbio.com\/wp-content\/uploads\/2024\/06\/Span-food-grade-60-65-80.webp","width":600,"height":600,"caption":"Grado alimenticio Span 60 65 80"},{"@type":"BreadcrumbList","@id":"https:\/\/theo.niranbio.com\/es\/span-60-65-80-de-grado-alimenticio.html#breadcrumb","itemListElement":[{"@type":"ListItem","position":1,"name":"Home","item":"https:\/\/theo.niranbio.com\/es\/"},{"@type":"ListItem","position":2,"name":"Productos","item":"https:\/\/theo.niranbio.com\/es\/productos.html"},{"@type":"ListItem","position":3,"name":"Emulsionante","item":"https:\/\/theo.niranbio.com\/es\/producto-emulsionante\/"},{"@type":"ListItem","position":4,"name":"Span 60\/65\/80 de grado alimenticio"}]},{"@type":"WebSite","@id":"https:\/\/theo.niranbio.com\/es\/#website","url":"https:\/\/theo.niranbio.com\/es\/","name":"Niranbio Chemical","description":"","publisher":{"@id":"https:\/\/theo.niranbio.com\/es\/#organization"},"potentialAction":[{"@type":"SearchAction","target":{"@type":"EntryPoint","urlTemplate":"https:\/\/theo.niranbio.com\/es\/?s={search_term_string}"},"query-input":{"@type":"PropertyValueSpecification","valueRequired":true,"valueName":"search_term_string"}}],"inLanguage":"es"},{"@type":"Organization","@id":"https:\/\/theo.niranbio.com\/es\/#organization","name":"Niranbio Chemical","url":"https:\/\/theo.niranbio.com\/es\/","logo":{"@type":"ImageObject","inLanguage":"es","@id":"https:\/\/theo.niranbio.com\/es\/#\/schema\/logo\/image\/","url":"https:\/\/theo.niranbio.com\/wp-content\/uploads\/2024\/06\/Niranbio.png","contentUrl":"https:\/\/theo.niranbio.com\/wp-content\/uploads\/2024\/06\/Niranbio.png","width":270,"height":100,"caption":"Niranbio Chemical"},"image":{"@id":"https:\/\/theo.niranbio.com\/es\/#\/schema\/logo\/image\/"}}]}},"_links":{"self":[{"href":"https:\/\/theo.niranbio.com\/es\/wp-json\/wp\/v2\/product\/9828","targetHints":{"allow":["GET"]}}],"collection":[{"href":"https:\/\/theo.niranbio.com\/es\/wp-json\/wp\/v2\/product"}],"about":[{"href":"https:\/\/theo.niranbio.com\/es\/wp-json\/wp\/v2\/types\/product"}],"version-history":[{"count":0,"href":"https:\/\/theo.niranbio.com\/es\/wp-json\/wp\/v2\/product\/9828\/revisions"}],"wp:featuredmedia":[{"embeddable":true,"href":"https:\/\/theo.niranbio.com\/es\/wp-json\/wp\/v2\/media\/5653"}],"wp:attachment":[{"href":"https:\/\/theo.niranbio.com\/es\/wp-json\/wp\/v2\/media?parent=9828"}],"wp:term":[{"taxonomy":"product_brand","embeddable":true,"href":"https:\/\/theo.niranbio.com\/es\/wp-json\/wp\/v2\/product_brand?post=9828"},{"taxonomy":"product_cat","embeddable":true,"href":"https:\/\/theo.niranbio.com\/es\/wp-json\/wp\/v2\/product_cat?post=9828"},{"taxonomy":"product_tag","embeddable":true,"href":"https:\/\/theo.niranbio.com\/es\/wp-json\/wp\/v2\/product_tag?post=9828"}],"curies":[{"name":"wp","href":"https:\/\/api.w.org\/{rel}","templated":true}]}}